





{"id":25597,"date":"2016-09-21T15:44:36","date_gmt":"2016-09-21T13:44:36","guid":{"rendered":"https:\/\/repliquemangacine.fr\/?post_type=product&#038;p=25597"},"modified":"2026-04-06T21:10:30","modified_gmt":"2026-04-06T19:10:30","slug":"dolch-aragorn-elbischer-dolch-elven-knife-daragorn","status":"publish","type":"product","link":"https:\/\/repliquemangacine.fr\/de\/epees-seigneur-des-anneaux\/dague-aragorn-poignard-elfique-elven-knife-d-aragorn\/","title":{"rendered":"Aragorn-Dolch Elbischer Dolch"},"content":{"rendered":"<h2>Aragorn Dolch Elbischer Dolch in \"Der Herr der Ringe\".<\/h2>\n<p>Zu Beginn wird die <strong>Aragorn-Dolch Elbischer Dolch<\/strong> ist absolut erhaben und die identische Nachbildung der Trilogie.<\/p>\n<p>Als Mitglied der Ringbruderschaft ist Aragorn ein langj\u00e4hriger Freund von Gandalf sowie der Elben von Mittelerde, die ihm diesen wundersch\u00f6nen Dolch namens Elbenmesser geschenkt haben.<\/p>\n<p>Aragorn, der als Strider zum Waldl\u00e4ufer geworden ist, trifft die vier Hobbits (Frodo, Merry, Pippin und Sam) im Gasthaus zum Klingenden Pony, wo er sie vor einem Angriff der Nazg\u00fbl besch\u00fctzt.<\/p>\n<p>Aragorn, ein gro\u00dfer Krieger des Dritten Zeitalters, erringt mehrere gro\u00dfe Siege. Er k\u00e4mpft am Windigen Berg gegen f\u00fcnf Nazg\u00fbl. Dann begibt er sich auf den Pfad der Toten, um die Armee der Toten f\u00fcr den Kampf gegen die Korsaren von Umbar aufzustellen.<\/p>\n<h2>Ihr Aragorn Dolch Elbischer Dolch zum besten Preis.<\/h2>\n<p>Wir bieten Ihnen alle Herr der Ringe-Repliken des Schriftstellers an <a href=\"https:\/\/www.tolkiendil.com\/tolkien\/biographie\" target=\"_blank\" rel=\"noopener noreferrer\">J.R.R. Tolkien<\/a>.<\/p>\n<p>Zun\u00e4chst einmal,<\/p>\n<ul>\n<li>Die beiden <a href=\"https:\/\/repliquemangacine.fr\/de\/herr-der-ringe-schwerter\/sabre-legolas-le-seigneur-des-anneaux\/\">Elbische Schwerter von Legolas<\/a>Der Ring, der bei der Suche nach dem Ring so n\u00fctzlich ist.<\/li>\n<li>Aber auch die<a href=\"https:\/\/repliquemangacine.fr\/de\/herr-der-ringe-schwerter\/anduril-schwert-aragorn-der-herr-der-ringe\/\">Schwert Anduril auf seiner Platte<\/a> in der Dekorations- und in der Scheidenversion.<\/li>\n<li>Und noch viel mehr gibt es in unserem Online-Shop zu entdecken!<\/li>\n<\/ul>\n<p>Deshalb ist dies eine tolle Geschenkidee f\u00fcr Fans der Trilogie \"Der Herr der Ringe\".<\/p>\n<p>Abschlie\u00dfend k\u00f6nnen Sie es auch am <strong>Aragorn-Dolch Elbischer Dolch<\/strong> in Ihren Themenpartys oder Cosplay-Paraden. Vor allem aber ist Elven knife, ein Sammler- und Dekorationsst\u00fcck.<\/p>\n<h2>Wie pflegt man die Klinge seines \"Herr der Ringe\"-Dolches?<\/h2>\n<p>Sammlungs- und Dekorationsdolche werden auf vereinfachte Weise hergestellt und zusammengebaut. Da sie zu Dekorationszwecken verwendet werden, fehlen ihnen die Sicherheitsmerkmale, die ein japanisches Schwert f\u00fcr Trainingszwecke aufweisen muss.<\/p>\n<p>Allerdings ist Ihr <strong>Aragorn-Dolch Elbischer Dolch<\/strong> zu einer Stahlklinge, die gepflegt werden muss, damit sie nicht mit der Zeit abgenutzt wird. Denn wenn du dein Katana ausstellst, werden deine Freunde neugierig sein, die Klinge zu sehen und sie zu ber\u00fchren. Hier ist Vorsicht geboten, denn Sie sollten wissen, dass die S\u00e4ure der Finger dem Stahl unabh\u00e4ngig von seiner Qualit\u00e4t sehr schadet.<\/p>\n<p>Wenn dies jedoch passiert, keine Panik, Sie brauchen nur ein Tuch, das mit etwas \u00d6l befeuchtet ist, und wischen die Fingerabdr\u00fccke ab. Wenn Sie dies tun, werden Sie Ihr Schwert sehr lange behalten.<\/p>","protected":false},"excerpt":{"rendered":"<p>Elfen-Dolch Elven Knife, der ihm von den Elfen geschenkt wurde.<\/p>\n<ul>\n<li>Stahlklinge mit elfischer \u00c4tzung.<\/li>\n<li>ABS-Griff in Holzoptik.<\/li>\n<li>Mit Kunstleder \u00fcberzogene Holzscheide.<\/li>\n<li>Wanddisplay aus Holz.<\/li>\n<li>L\u00e4nge der Klinge: 35 cm - Gesamtl\u00e4nge: 56 cm<\/li>\n<\/ul>\n<p>&nbsp;<\/p>","protected":false},"featured_media":25598,"template":"","meta":[],"product_brand":[896],"product_cat":[68,24,29],"product_tag":[],"class_list":{"0":"post-25597","1":"product","2":"type-product","3":"status-publish","4":"has-post-thumbnail","6":"product_brand-replique-manga-cine","7":"product_cat-epees-seigneur-des-anneaux","8":"product_cat-films-series-tv-vente-de-katana-epee-et-produits-derives","9":"product_cat-le-seigneur-des-anneaux","11":"first","12":"instock","13":"taxable","14":"shipping-taxable","15":"purchasable","16":"product-type-simple"},"yoast_head":"<!-- This site is optimized with the Yoast SEO plugin v27.5 - https:\/\/yoast.com\/product\/yoast-seo-wordpress\/ -->\n<title>Dague Aragorn Poignard Elfique - Seigneur des Anneaux | RMC<\/title>\n<meta name=\"description\" content=\"Offrez-vous cette Dague Aragorn Poignard Elfique au meilleur prix - Lame grav\u00e9e - Fourreau - Support - Longueur totale : 56 cm - Envoi 24\/48h\" \/>\n<meta name=\"robots\" content=\"index, follow, max-snippet:-1, max-image-preview:large, max-video-preview:-1\" \/>\n<link rel=\"canonical\" href=\"https:\/\/repliquemangacine.fr\/de\/herr-der-ringe-schwerter\/dolch-aragorn-elbischer-dolch-elven-knife-daragorn\/\" \/>\n<meta property=\"og:locale\" content=\"de_DE\" \/>\n<meta property=\"og:type\" content=\"article\" \/>\n<meta property=\"og:title\" content=\"Dague Aragorn Poignard Elfique - Seigneur des Anneaux | RMC\" \/>\n<meta property=\"og:description\" content=\"Offrez-vous cette Dague Aragorn Poignard Elfique au meilleur prix - Lame grav\u00e9e - Fourreau - Support - Longueur totale : 56 cm - Envoi 24\/48h\" \/>\n<meta property=\"og:url\" content=\"https:\/\/repliquemangacine.fr\/de\/herr-der-ringe-schwerter\/dolch-aragorn-elbischer-dolch-elven-knife-daragorn\/\" \/>\n<meta property=\"og:site_name\" content=\"R\u00e9plique Manga Cin\u00e9\" \/>\n<meta property=\"article:publisher\" content=\"https:\/\/www.facebook.com\/RepliqueMangaCine\" \/>\n<meta property=\"article:modified_time\" content=\"2026-04-06T19:10:30+00:00\" \/>\n<meta property=\"og:image\" content=\"https:\/\/repliquemangacine.fr\/wp-content\/uploads\/2023\/10\/dague-aragorn.jpg\" \/>\n\t<meta property=\"og:image:width\" content=\"500\" \/>\n\t<meta property=\"og:image:height\" content=\"500\" \/>\n\t<meta property=\"og:image:type\" content=\"image\/jpeg\" \/>\n<meta name=\"twitter:card\" content=\"summary_large_image\" \/>\n<meta name=\"twitter:label1\" content=\"Gesch\u00e4tzte Lesezeit\" \/>\n\t<meta name=\"twitter:data1\" content=\"2\u00a0Minuten\" \/>\n<script type=\"application\/ld+json\" class=\"yoast-schema-graph\">{\"@context\":\"https:\\\/\\\/schema.org\",\"@graph\":[{\"@type\":\"WebPage\",\"@id\":\"https:\\\/\\\/repliquemangacine.fr\\\/epees-seigneur-des-anneaux\\\/dague-aragorn-poignard-elfique-elven-knife-d-aragorn\\\/\",\"url\":\"https:\\\/\\\/repliquemangacine.fr\\\/epees-seigneur-des-anneaux\\\/dague-aragorn-poignard-elfique-elven-knife-d-aragorn\\\/\",\"name\":\"Dague Aragorn Poignard Elfique - Seigneur des Anneaux | RMC\",\"isPartOf\":{\"@id\":\"https:\\\/\\\/repliquemangacine.fr\\\/#website\"},\"primaryImageOfPage\":{\"@id\":\"https:\\\/\\\/repliquemangacine.fr\\\/epees-seigneur-des-anneaux\\\/dague-aragorn-poignard-elfique-elven-knife-d-aragorn\\\/#primaryimage\"},\"image\":{\"@id\":\"https:\\\/\\\/repliquemangacine.fr\\\/epees-seigneur-des-anneaux\\\/dague-aragorn-poignard-elfique-elven-knife-d-aragorn\\\/#primaryimage\"},\"thumbnailUrl\":\"https:\\\/\\\/repliquemangacine.fr\\\/wp-content\\\/uploads\\\/2023\\\/10\\\/dague-aragorn.jpg\",\"datePublished\":\"2016-09-21T13:44:36+00:00\",\"dateModified\":\"2026-04-06T19:10:30+00:00\",\"description\":\"Offrez-vous cette Dague Aragorn Poignard Elfique au meilleur prix - Lame grav\u00e9e - Fourreau - Support - Longueur totale : 56 cm - Envoi 24\\\/48h\",\"breadcrumb\":{\"@id\":\"https:\\\/\\\/repliquemangacine.fr\\\/epees-seigneur-des-anneaux\\\/dague-aragorn-poignard-elfique-elven-knife-d-aragorn\\\/#breadcrumb\"},\"inLanguage\":\"de\",\"potentialAction\":[{\"@type\":\"ReadAction\",\"target\":[\"https:\\\/\\\/repliquemangacine.fr\\\/epees-seigneur-des-anneaux\\\/dague-aragorn-poignard-elfique-elven-knife-d-aragorn\\\/\"]}]},{\"@type\":\"ImageObject\",\"inLanguage\":\"de\",\"@id\":\"https:\\\/\\\/repliquemangacine.fr\\\/epees-seigneur-des-anneaux\\\/dague-aragorn-poignard-elfique-elven-knife-d-aragorn\\\/#primaryimage\",\"url\":\"https:\\\/\\\/repliquemangacine.fr\\\/wp-content\\\/uploads\\\/2023\\\/10\\\/dague-aragorn.jpg\",\"contentUrl\":\"https:\\\/\\\/repliquemangacine.fr\\\/wp-content\\\/uploads\\\/2023\\\/10\\\/dague-aragorn.jpg\",\"width\":500,\"height\":500,\"caption\":\"Dague Aragorn Poignard Elfique Seigneur des Anneaux\"},{\"@type\":\"BreadcrumbList\",\"@id\":\"https:\\\/\\\/repliquemangacine.fr\\\/epees-seigneur-des-anneaux\\\/dague-aragorn-poignard-elfique-elven-knife-d-aragorn\\\/#breadcrumb\",\"itemListElement\":[{\"@type\":\"ListItem\",\"position\":1,\"name\":\"Accueil\",\"item\":\"https:\\\/\\\/repliquemangacine.fr\\\/\"},{\"@type\":\"ListItem\",\"position\":2,\"name\":\"Produits\",\"item\":\"https:\\\/\\\/repliquemangacine.fr\\\/boutique\\\/\"},{\"@type\":\"ListItem\",\"position\":3,\"name\":\"Dague Aragorn Poignard Elfique\"}]},{\"@type\":\"WebSite\",\"@id\":\"https:\\\/\\\/repliquemangacine.fr\\\/#website\",\"url\":\"https:\\\/\\\/repliquemangacine.fr\\\/\",\"name\":\"R\u00e9plique Manga Cin\u00e9\",\"description\":\"\",\"publisher\":{\"@id\":\"https:\\\/\\\/repliquemangacine.fr\\\/#organization\"},\"potentialAction\":[{\"@type\":\"SearchAction\",\"target\":{\"@type\":\"EntryPoint\",\"urlTemplate\":\"https:\\\/\\\/repliquemangacine.fr\\\/?s={search_term_string}\"},\"query-input\":{\"@type\":\"PropertyValueSpecification\",\"valueRequired\":true,\"valueName\":\"search_term_string\"}}],\"inLanguage\":\"de\"},{\"@type\":\"Organization\",\"@id\":\"https:\\\/\\\/repliquemangacine.fr\\\/#organization\",\"name\":\"R\u00e9plique Manga Cin\u00e9\",\"url\":\"https:\\\/\\\/repliquemangacine.fr\\\/\",\"logo\":{\"@type\":\"ImageObject\",\"inLanguage\":\"de\",\"@id\":\"https:\\\/\\\/repliquemangacine.fr\\\/#\\\/schema\\\/logo\\\/image\\\/\",\"url\":\"https:\\\/\\\/repliquemangacine.fr\\\/wp-content\\\/uploads\\\/2023\\\/10\\\/RMC-500250.png\",\"contentUrl\":\"https:\\\/\\\/repliquemangacine.fr\\\/wp-content\\\/uploads\\\/2023\\\/10\\\/RMC-500250.png\",\"width\":500,\"height\":250,\"caption\":\"R\u00e9plique Manga Cin\u00e9\"},\"image\":{\"@id\":\"https:\\\/\\\/repliquemangacine.fr\\\/#\\\/schema\\\/logo\\\/image\\\/\"},\"sameAs\":[\"https:\\\/\\\/www.facebook.com\\\/RepliqueMangaCine\",\"https:\\\/\\\/www.instagram.com\\\/repliquemangacine.fr\\\/\"]}]}<\/script>\n<!-- \/ Yoast SEO plugin. -->","yoast_head_json":{"title":"Aragorn Dolch Elbischer Dolch - Herr der Ringe | RMC","description":"G\u00f6nnen Sie sich diesen Aragorn Dolch Elbischer Dolch zum besten Preis - Klinge mit Gravur - Scheide - Halterung - Gesamtl\u00e4nge: 56 cm - Versand 24\/48h","robots":{"index":"index","follow":"follow","max-snippet":"max-snippet:-1","max-image-preview":"max-image-preview:large","max-video-preview":"max-video-preview:-1"},"canonical":"https:\/\/repliquemangacine.fr\/de\/herr-der-ringe-schwerter\/dolch-aragorn-elbischer-dolch-elven-knife-daragorn\/","og_locale":"de_DE","og_type":"article","og_title":"Dague Aragorn Poignard Elfique - Seigneur des Anneaux | RMC","og_description":"Offrez-vous cette Dague Aragorn Poignard Elfique au meilleur prix - Lame grav\u00e9e - Fourreau - Support - Longueur totale : 56 cm - Envoi 24\/48h","og_url":"https:\/\/repliquemangacine.fr\/de\/herr-der-ringe-schwerter\/dolch-aragorn-elbischer-dolch-elven-knife-daragorn\/","og_site_name":"R\u00e9plique Manga Cin\u00e9","article_publisher":"https:\/\/www.facebook.com\/RepliqueMangaCine","article_modified_time":"2026-04-06T19:10:30+00:00","og_image":[{"width":500,"height":500,"url":"https:\/\/repliquemangacine.fr\/wp-content\/uploads\/2023\/10\/dague-aragorn.jpg","type":"image\/jpeg"}],"twitter_card":"summary_large_image","twitter_misc":{"Gesch\u00e4tzte Lesezeit":"2\u00a0Minuten"},"schema":{"@context":"https:\/\/schema.org","@graph":[{"@type":"WebPage","@id":"https:\/\/repliquemangacine.fr\/epees-seigneur-des-anneaux\/dague-aragorn-poignard-elfique-elven-knife-d-aragorn\/","url":"https:\/\/repliquemangacine.fr\/epees-seigneur-des-anneaux\/dague-aragorn-poignard-elfique-elven-knife-d-aragorn\/","name":"Aragorn Dolch Elbischer Dolch - Herr der Ringe | RMC","isPartOf":{"@id":"https:\/\/repliquemangacine.fr\/#website"},"primaryImageOfPage":{"@id":"https:\/\/repliquemangacine.fr\/epees-seigneur-des-anneaux\/dague-aragorn-poignard-elfique-elven-knife-d-aragorn\/#primaryimage"},"image":{"@id":"https:\/\/repliquemangacine.fr\/epees-seigneur-des-anneaux\/dague-aragorn-poignard-elfique-elven-knife-d-aragorn\/#primaryimage"},"thumbnailUrl":"https:\/\/repliquemangacine.fr\/wp-content\/uploads\/2023\/10\/dague-aragorn.jpg","datePublished":"2016-09-21T13:44:36+00:00","dateModified":"2026-04-06T19:10:30+00:00","description":"G\u00f6nnen Sie sich diesen Aragorn Dolch Elbischer Dolch zum besten Preis - Klinge mit Gravur - Scheide - Halterung - Gesamtl\u00e4nge: 56 cm - Versand 24\/48h","breadcrumb":{"@id":"https:\/\/repliquemangacine.fr\/epees-seigneur-des-anneaux\/dague-aragorn-poignard-elfique-elven-knife-d-aragorn\/#breadcrumb"},"inLanguage":"de","potentialAction":[{"@type":"ReadAction","target":["https:\/\/repliquemangacine.fr\/epees-seigneur-des-anneaux\/dague-aragorn-poignard-elfique-elven-knife-d-aragorn\/"]}]},{"@type":"ImageObject","inLanguage":"de","@id":"https:\/\/repliquemangacine.fr\/epees-seigneur-des-anneaux\/dague-aragorn-poignard-elfique-elven-knife-d-aragorn\/#primaryimage","url":"https:\/\/repliquemangacine.fr\/wp-content\/uploads\/2023\/10\/dague-aragorn.jpg","contentUrl":"https:\/\/repliquemangacine.fr\/wp-content\/uploads\/2023\/10\/dague-aragorn.jpg","width":500,"height":500,"caption":"Dague Aragorn Poignard Elfique Seigneur des Anneaux"},{"@type":"BreadcrumbList","@id":"https:\/\/repliquemangacine.fr\/epees-seigneur-des-anneaux\/dague-aragorn-poignard-elfique-elven-knife-d-aragorn\/#breadcrumb","itemListElement":[{"@type":"ListItem","position":1,"name":"Accueil","item":"https:\/\/repliquemangacine.fr\/"},{"@type":"ListItem","position":2,"name":"Produits","item":"https:\/\/repliquemangacine.fr\/boutique\/"},{"@type":"ListItem","position":3,"name":"Dague Aragorn Poignard Elfique"}]},{"@type":"WebSite","@id":"https:\/\/repliquemangacine.fr\/#website","url":"https:\/\/repliquemangacine.fr\/","name":"R\u00e9plique Manga Cin\u00e9","description":"","publisher":{"@id":"https:\/\/repliquemangacine.fr\/#organization"},"potentialAction":[{"@type":"SearchAction","target":{"@type":"EntryPoint","urlTemplate":"https:\/\/repliquemangacine.fr\/?s={search_term_string}"},"query-input":{"@type":"PropertyValueSpecification","valueRequired":true,"valueName":"search_term_string"}}],"inLanguage":"de"},{"@type":"Organization","@id":"https:\/\/repliquemangacine.fr\/#organization","name":"R\u00e9plique Manga Cin\u00e9","url":"https:\/\/repliquemangacine.fr\/","logo":{"@type":"ImageObject","inLanguage":"de","@id":"https:\/\/repliquemangacine.fr\/#\/schema\/logo\/image\/","url":"https:\/\/repliquemangacine.fr\/wp-content\/uploads\/2023\/10\/RMC-500250.png","contentUrl":"https:\/\/repliquemangacine.fr\/wp-content\/uploads\/2023\/10\/RMC-500250.png","width":500,"height":250,"caption":"R\u00e9plique Manga Cin\u00e9"},"image":{"@id":"https:\/\/repliquemangacine.fr\/#\/schema\/logo\/image\/"},"sameAs":["https:\/\/www.facebook.com\/RepliqueMangaCine","https:\/\/www.instagram.com\/repliquemangacine.fr\/"]}]}},"_links":{"self":[{"href":"https:\/\/repliquemangacine.fr\/de\/wp-json\/wp\/v2\/product\/25597","targetHints":{"allow":["GET"]}}],"collection":[{"href":"https:\/\/repliquemangacine.fr\/de\/wp-json\/wp\/v2\/product"}],"about":[{"href":"https:\/\/repliquemangacine.fr\/de\/wp-json\/wp\/v2\/types\/product"}],"wp:featuredmedia":[{"embeddable":true,"href":"https:\/\/repliquemangacine.fr\/de\/wp-json\/wp\/v2\/media\/25598"}],"wp:attachment":[{"href":"https:\/\/repliquemangacine.fr\/de\/wp-json\/wp\/v2\/media?parent=25597"}],"wp:term":[{"taxonomy":"product_brand","embeddable":true,"href":"https:\/\/repliquemangacine.fr\/de\/wp-json\/wp\/v2\/product_brand?post=25597"},{"taxonomy":"product_cat","embeddable":true,"href":"https:\/\/repliquemangacine.fr\/de\/wp-json\/wp\/v2\/product_cat?post=25597"},{"taxonomy":"product_tag","embeddable":true,"href":"https:\/\/repliquemangacine.fr\/de\/wp-json\/wp\/v2\/product_tag?post=25597"}],"curies":[{"name":"wp","href":"https:\/\/api.w.org\/{rel}","templated":true}]}}