





{"id":25587,"date":"2016-09-21T14:59:33","date_gmt":"2016-09-21T12:59:33","guid":{"rendered":"https:\/\/repliquemangacine.fr\/?post_type=product&#038;p=25587"},"modified":"2026-03-27T16:48:52","modified_gmt":"2026-03-27T15:48:52","slug":"strider-epee-aragorn-scabbard","status":"publish","type":"product","link":"https:\/\/repliquemangacine.fr\/de\/epees-seigneur-des-anneaux\/epee-strider-epee-aragorn-scabbard\/","title":{"rendered":"Strider Scabbard Aragorn"},"content":{"rendered":"<h2>Aragorns Schwert Strider Scheide in Der Herr der Ringe<\/h2>\n<p>Zu Beginn wird die<strong>Aragorns Schwert Strider Scheide<\/strong> ist sein erstes Schwert. Mit diesem Schwert enthauptet er unter anderem den Anf\u00fchrer der Uruk-hai-Truppe, die von Saruman beauftragt wurde, die Hobbits zu entf\u00fchren. Als Isildurs Schwert Narsil neu geschmiedet und in Anduril umbenannt wird, gibt Aragorn Strider f\u00fcr dieses Schwert auf.<\/p>\n<p>Aragorn kennt seine Herkunft nicht, bis er 20 Jahre alt ist, als Elrond von Fendeval ihm seine wahre Abstammung offenbart: Er ist ein direkter Nachkomme Valandils und der Enkel Elendils. Er trifft die vier Hobbits (Frodo, Merry, Pippin und Sam) im Gasthaus zum Klingenden Pony, wo er sie vor einem Angriff der Nazg\u00fbl besch\u00fctzt.<\/p>\n<p>Aragorn, ein gro\u00dfer Krieger des Dritten Zeitalters, erringt mehrere gro\u00dfe Siege. Er k\u00e4mpft am Windigen Berg gegen f\u00fcnf Nazg\u00fbl. Dann begibt er sich auf den Pfad der Toten, um die Armee der Toten f\u00fcr den Kampf gegen die Korsaren von Umbar aufzustellen.<\/p>\n<h2>Ihr Aragorn Strider Schwert Scheide zum besten Preis.<\/h2>\n<p>Wir bieten Ihnen alle Herr der Ringe-Repliken des Schriftstellers an <a href=\"https:\/\/www.tolkiendil.com\/tolkien\/biographie\" target=\"_blank\" rel=\"noopener noreferrer\">J.R.R. Tolkien<\/a>.<\/p>\n<p>Zun\u00e4chst einmal,<\/p>\n<ul>\n<li>Die ber\u00fchmte <a href=\"https:\/\/repliquemangacine.fr\/de\/herr-der-ringe-schwerter\/anduril-epee-aragorn-herr-der-ringe\/\">Schwert Anduril<\/a>Sie wurde nach ihrer Zerst\u00f6rung wieder geschmiedet.<\/li>\n<li>Dann geht es in der Magie weiter mit dem Schwert von Gandalf dem Grauen.<\/li>\n<li>Zum Abschluss mit dem<a href=\"https:\/\/repliquemangacine.fr\/de\/herr-der-ringe-schwerter\/arwen-schwert-hadhafang-schwert\/\">Arwens Schwert<\/a> die Aragorn so sehr am Herzen liegt.<\/li>\n<li>In unserem Online-Shop gibt es jedoch noch viel mehr Auswahl zu entdecken.<\/li>\n<\/ul>\n<p>Deshalb ist dies eine tolle Geschenkidee f\u00fcr Fans der Trilogie \"Der Herr der Ringe\".<\/p>\n<p>Abschlie\u00dfend k\u00f6nnen Sie es auch verwenden <strong>Aragorns Schwert Strider Scheide<\/strong> in Ihren Themenabenden oder Cosplay-Paraden . Vor allem aber ist es ein Sammler- und Dekorationsst\u00fcck.<\/p>\n<h2>Wie pflegt man die Klinge seines \"Herr der Ringe\"-Schwerts?<\/h2>\n<p>Sammlungs- und Dekorationsschwerter werden in vereinfachter Form hergestellt und zusammengebaut. Da sie zu Dekorationszwecken verwendet werden, fehlen ihnen die Sicherheitselemente, die ein japanisches Schwert f\u00fcr Trainingszwecke aufweisen muss.<\/p>\n<p>Allerdings ist Ihr <strong>Aragorns Schwert Strider Scheide<\/strong> zu einer Stahlklinge, die gepflegt werden muss, damit sie nicht mit der Zeit abgenutzt wird. Denn wenn du dein Katana ausstellst, werden deine Freunde neugierig sein, die Klinge zu sehen und sie zu ber\u00fchren. Hier ist Vorsicht geboten, denn Sie sollten wissen, dass die S\u00e4ure der Finger dem Stahl unabh\u00e4ngig von seiner Qualit\u00e4t sehr schadet.<\/p>\n<p>Wenn dies jedoch passiert, keine Panik, Sie brauchen nur ein Tuch, das mit etwas \u00d6l befeuchtet ist, und wischen die Fingerabdr\u00fccke ab. Wenn Sie dies tun, werden Sie Ihr Schwert sehr lange behalten.<\/p>","protected":false},"excerpt":{"rendered":"<p>Replica Schwert Strider Herr der Ringe<\/p>\n<ul>\n<li>Stahlklinge mit zentraler Hohlkehle.<\/li>\n<li>Garde und Knauf aus Stahl.<\/li>\n<li>Metallgriff mit Kunstleder \u00fcberzogen.<\/li>\n<li>Scheide aus Kunstleder mit Messer.<\/li>\n<li>L\u00e4nge der Klinge: 92 cm - Gesamtl\u00e4nge: 129 cm<\/li>\n<\/ul>","protected":false},"featured_media":25588,"template":"","meta":[],"product_brand":[896],"product_cat":[68,24,29],"product_tag":[],"class_list":{"0":"post-25587","1":"product","2":"type-product","3":"status-publish","4":"has-post-thumbnail","6":"product_brand-replique-manga-cine","7":"product_cat-epees-seigneur-des-anneaux","8":"product_cat-films-series-tv-vente-de-katana-epee-et-produits-derives","9":"product_cat-le-seigneur-des-anneaux","11":"first","12":"outofstock","13":"taxable","14":"shipping-taxable","15":"purchasable","16":"product-type-simple"},"yoast_head":"<!-- This site is optimized with the Yoast SEO plugin v27.5 - https:\/\/yoast.com\/product\/yoast-seo-wordpress\/ -->\n<title>Ep\u00e9e Strider fourreau Aragorn - Le Seigneur des Anneaux | RMC<\/title>\n<meta name=\"description\" content=\"Commandez vite\u202f! cette Ep\u00e9e Strider fourreau d&#039;Aragorn dans le seigneur des Anneaux au meilleur prix. Lame acier - Fourreau avec couteau - Longueur : 129 cm\" \/>\n<meta name=\"robots\" content=\"index, follow, max-snippet:-1, max-image-preview:large, max-video-preview:-1\" \/>\n<link rel=\"canonical\" href=\"https:\/\/repliquemangacine.fr\/de\/herr-der-ringe-schwerter\/strider-epee-aragorn-scabbard\/\" \/>\n<meta property=\"og:locale\" content=\"de_DE\" \/>\n<meta property=\"og:type\" content=\"article\" \/>\n<meta property=\"og:title\" content=\"Ep\u00e9e Strider fourreau Aragorn - Le Seigneur des Anneaux | RMC\" \/>\n<meta property=\"og:description\" content=\"Commandez vite\u202f! cette Ep\u00e9e Strider fourreau d&#039;Aragorn dans le seigneur des Anneaux au meilleur prix. Lame acier - Fourreau avec couteau - Longueur : 129 cm\" \/>\n<meta property=\"og:url\" content=\"https:\/\/repliquemangacine.fr\/de\/herr-der-ringe-schwerter\/strider-epee-aragorn-scabbard\/\" \/>\n<meta property=\"og:site_name\" content=\"R\u00e9plique Manga Cin\u00e9\" \/>\n<meta property=\"article:publisher\" content=\"https:\/\/www.facebook.com\/RepliqueMangaCine\" \/>\n<meta property=\"article:modified_time\" content=\"2026-03-27T15:48:52+00:00\" \/>\n<meta property=\"og:image\" content=\"https:\/\/repliquemangacine.fr\/wp-content\/uploads\/2023\/10\/strider.jpg\" \/>\n\t<meta property=\"og:image:width\" content=\"500\" \/>\n\t<meta property=\"og:image:height\" content=\"500\" \/>\n\t<meta property=\"og:image:type\" content=\"image\/jpeg\" \/>\n<meta name=\"twitter:card\" content=\"summary_large_image\" \/>\n<meta name=\"twitter:label1\" content=\"Gesch\u00e4tzte Lesezeit\" \/>\n\t<meta name=\"twitter:data1\" content=\"3\u00a0Minuten\" \/>\n<script type=\"application\/ld+json\" class=\"yoast-schema-graph\">{\"@context\":\"https:\\\/\\\/schema.org\",\"@graph\":[{\"@type\":\"WebPage\",\"@id\":\"https:\\\/\\\/repliquemangacine.fr\\\/epees-seigneur-des-anneaux\\\/epee-strider-epee-aragorn-scabbard\\\/\",\"url\":\"https:\\\/\\\/repliquemangacine.fr\\\/epees-seigneur-des-anneaux\\\/epee-strider-epee-aragorn-scabbard\\\/\",\"name\":\"Ep\u00e9e Strider fourreau Aragorn - Le Seigneur des Anneaux | RMC\",\"isPartOf\":{\"@id\":\"https:\\\/\\\/repliquemangacine.fr\\\/#website\"},\"primaryImageOfPage\":{\"@id\":\"https:\\\/\\\/repliquemangacine.fr\\\/epees-seigneur-des-anneaux\\\/epee-strider-epee-aragorn-scabbard\\\/#primaryimage\"},\"image\":{\"@id\":\"https:\\\/\\\/repliquemangacine.fr\\\/epees-seigneur-des-anneaux\\\/epee-strider-epee-aragorn-scabbard\\\/#primaryimage\"},\"thumbnailUrl\":\"https:\\\/\\\/repliquemangacine.fr\\\/wp-content\\\/uploads\\\/2023\\\/10\\\/strider.jpg\",\"datePublished\":\"2016-09-21T12:59:33+00:00\",\"dateModified\":\"2026-03-27T15:48:52+00:00\",\"description\":\"Commandez vite\u202f! cette Ep\u00e9e Strider fourreau d'Aragorn dans le seigneur des Anneaux au meilleur prix. Lame acier - Fourreau avec couteau - Longueur : 129 cm\",\"breadcrumb\":{\"@id\":\"https:\\\/\\\/repliquemangacine.fr\\\/epees-seigneur-des-anneaux\\\/epee-strider-epee-aragorn-scabbard\\\/#breadcrumb\"},\"inLanguage\":\"de\",\"potentialAction\":[{\"@type\":\"ReadAction\",\"target\":[\"https:\\\/\\\/repliquemangacine.fr\\\/epees-seigneur-des-anneaux\\\/epee-strider-epee-aragorn-scabbard\\\/\"]}]},{\"@type\":\"ImageObject\",\"inLanguage\":\"de\",\"@id\":\"https:\\\/\\\/repliquemangacine.fr\\\/epees-seigneur-des-anneaux\\\/epee-strider-epee-aragorn-scabbard\\\/#primaryimage\",\"url\":\"https:\\\/\\\/repliquemangacine.fr\\\/wp-content\\\/uploads\\\/2023\\\/10\\\/strider.jpg\",\"contentUrl\":\"https:\\\/\\\/repliquemangacine.fr\\\/wp-content\\\/uploads\\\/2023\\\/10\\\/strider.jpg\",\"width\":500,\"height\":500,\"caption\":\"Ep\u00e9e Strider Scabbard Aragorn\"},{\"@type\":\"BreadcrumbList\",\"@id\":\"https:\\\/\\\/repliquemangacine.fr\\\/epees-seigneur-des-anneaux\\\/epee-strider-epee-aragorn-scabbard\\\/#breadcrumb\",\"itemListElement\":[{\"@type\":\"ListItem\",\"position\":1,\"name\":\"Accueil\",\"item\":\"https:\\\/\\\/repliquemangacine.fr\\\/\"},{\"@type\":\"ListItem\",\"position\":2,\"name\":\"Produits\",\"item\":\"https:\\\/\\\/repliquemangacine.fr\\\/boutique\\\/\"},{\"@type\":\"ListItem\",\"position\":3,\"name\":\"Strider Scabbard Aragorn\"}]},{\"@type\":\"WebSite\",\"@id\":\"https:\\\/\\\/repliquemangacine.fr\\\/#website\",\"url\":\"https:\\\/\\\/repliquemangacine.fr\\\/\",\"name\":\"R\u00e9plique Manga Cin\u00e9\",\"description\":\"\",\"publisher\":{\"@id\":\"https:\\\/\\\/repliquemangacine.fr\\\/#organization\"},\"potentialAction\":[{\"@type\":\"SearchAction\",\"target\":{\"@type\":\"EntryPoint\",\"urlTemplate\":\"https:\\\/\\\/repliquemangacine.fr\\\/?s={search_term_string}\"},\"query-input\":{\"@type\":\"PropertyValueSpecification\",\"valueRequired\":true,\"valueName\":\"search_term_string\"}}],\"inLanguage\":\"de\"},{\"@type\":\"Organization\",\"@id\":\"https:\\\/\\\/repliquemangacine.fr\\\/#organization\",\"name\":\"R\u00e9plique Manga Cin\u00e9\",\"url\":\"https:\\\/\\\/repliquemangacine.fr\\\/\",\"logo\":{\"@type\":\"ImageObject\",\"inLanguage\":\"de\",\"@id\":\"https:\\\/\\\/repliquemangacine.fr\\\/#\\\/schema\\\/logo\\\/image\\\/\",\"url\":\"https:\\\/\\\/repliquemangacine.fr\\\/wp-content\\\/uploads\\\/2023\\\/10\\\/RMC-500250.png\",\"contentUrl\":\"https:\\\/\\\/repliquemangacine.fr\\\/wp-content\\\/uploads\\\/2023\\\/10\\\/RMC-500250.png\",\"width\":500,\"height\":250,\"caption\":\"R\u00e9plique Manga Cin\u00e9\"},\"image\":{\"@id\":\"https:\\\/\\\/repliquemangacine.fr\\\/#\\\/schema\\\/logo\\\/image\\\/\"},\"sameAs\":[\"https:\\\/\\\/www.facebook.com\\\/RepliqueMangaCine\",\"https:\\\/\\\/www.instagram.com\\\/repliquemangacine.fr\\\/\"]}]}<\/script>\n<!-- \/ Yoast SEO plugin. -->","yoast_head_json":{"title":"Schwert Strider Scheide Aragorn - Der Herr der Ringe | RMC","description":"Bestellen Sie schnell! Dieses Strider Schwert Scheide von Aragorn aus dem Herrn der Ringe zum besten Preis. Stahlklinge - Scheide mit Messer - L\u00e4nge: 129 cm","robots":{"index":"index","follow":"follow","max-snippet":"max-snippet:-1","max-image-preview":"max-image-preview:large","max-video-preview":"max-video-preview:-1"},"canonical":"https:\/\/repliquemangacine.fr\/de\/herr-der-ringe-schwerter\/strider-epee-aragorn-scabbard\/","og_locale":"de_DE","og_type":"article","og_title":"Ep\u00e9e Strider fourreau Aragorn - Le Seigneur des Anneaux | RMC","og_description":"Commandez vite\u202f! cette Ep\u00e9e Strider fourreau d'Aragorn dans le seigneur des Anneaux au meilleur prix. Lame acier - Fourreau avec couteau - Longueur : 129 cm","og_url":"https:\/\/repliquemangacine.fr\/de\/herr-der-ringe-schwerter\/strider-epee-aragorn-scabbard\/","og_site_name":"R\u00e9plique Manga Cin\u00e9","article_publisher":"https:\/\/www.facebook.com\/RepliqueMangaCine","article_modified_time":"2026-03-27T15:48:52+00:00","og_image":[{"width":500,"height":500,"url":"https:\/\/repliquemangacine.fr\/wp-content\/uploads\/2023\/10\/strider.jpg","type":"image\/jpeg"}],"twitter_card":"summary_large_image","twitter_misc":{"Gesch\u00e4tzte Lesezeit":"3\u00a0Minuten"},"schema":{"@context":"https:\/\/schema.org","@graph":[{"@type":"WebPage","@id":"https:\/\/repliquemangacine.fr\/epees-seigneur-des-anneaux\/epee-strider-epee-aragorn-scabbard\/","url":"https:\/\/repliquemangacine.fr\/epees-seigneur-des-anneaux\/epee-strider-epee-aragorn-scabbard\/","name":"Schwert Strider Scheide Aragorn - Der Herr der Ringe | RMC","isPartOf":{"@id":"https:\/\/repliquemangacine.fr\/#website"},"primaryImageOfPage":{"@id":"https:\/\/repliquemangacine.fr\/epees-seigneur-des-anneaux\/epee-strider-epee-aragorn-scabbard\/#primaryimage"},"image":{"@id":"https:\/\/repliquemangacine.fr\/epees-seigneur-des-anneaux\/epee-strider-epee-aragorn-scabbard\/#primaryimage"},"thumbnailUrl":"https:\/\/repliquemangacine.fr\/wp-content\/uploads\/2023\/10\/strider.jpg","datePublished":"2016-09-21T12:59:33+00:00","dateModified":"2026-03-27T15:48:52+00:00","description":"Bestellen Sie schnell! Dieses Strider Schwert Scheide von Aragorn aus dem Herrn der Ringe zum besten Preis. Stahlklinge - Scheide mit Messer - L\u00e4nge: 129 cm","breadcrumb":{"@id":"https:\/\/repliquemangacine.fr\/epees-seigneur-des-anneaux\/epee-strider-epee-aragorn-scabbard\/#breadcrumb"},"inLanguage":"de","potentialAction":[{"@type":"ReadAction","target":["https:\/\/repliquemangacine.fr\/epees-seigneur-des-anneaux\/epee-strider-epee-aragorn-scabbard\/"]}]},{"@type":"ImageObject","inLanguage":"de","@id":"https:\/\/repliquemangacine.fr\/epees-seigneur-des-anneaux\/epee-strider-epee-aragorn-scabbard\/#primaryimage","url":"https:\/\/repliquemangacine.fr\/wp-content\/uploads\/2023\/10\/strider.jpg","contentUrl":"https:\/\/repliquemangacine.fr\/wp-content\/uploads\/2023\/10\/strider.jpg","width":500,"height":500,"caption":"Ep\u00e9e Strider Scabbard Aragorn"},{"@type":"BreadcrumbList","@id":"https:\/\/repliquemangacine.fr\/epees-seigneur-des-anneaux\/epee-strider-epee-aragorn-scabbard\/#breadcrumb","itemListElement":[{"@type":"ListItem","position":1,"name":"Accueil","item":"https:\/\/repliquemangacine.fr\/"},{"@type":"ListItem","position":2,"name":"Produits","item":"https:\/\/repliquemangacine.fr\/boutique\/"},{"@type":"ListItem","position":3,"name":"Strider Scabbard Aragorn"}]},{"@type":"WebSite","@id":"https:\/\/repliquemangacine.fr\/#website","url":"https:\/\/repliquemangacine.fr\/","name":"R\u00e9plique Manga Cin\u00e9","description":"","publisher":{"@id":"https:\/\/repliquemangacine.fr\/#organization"},"potentialAction":[{"@type":"SearchAction","target":{"@type":"EntryPoint","urlTemplate":"https:\/\/repliquemangacine.fr\/?s={search_term_string}"},"query-input":{"@type":"PropertyValueSpecification","valueRequired":true,"valueName":"search_term_string"}}],"inLanguage":"de"},{"@type":"Organization","@id":"https:\/\/repliquemangacine.fr\/#organization","name":"R\u00e9plique Manga Cin\u00e9","url":"https:\/\/repliquemangacine.fr\/","logo":{"@type":"ImageObject","inLanguage":"de","@id":"https:\/\/repliquemangacine.fr\/#\/schema\/logo\/image\/","url":"https:\/\/repliquemangacine.fr\/wp-content\/uploads\/2023\/10\/RMC-500250.png","contentUrl":"https:\/\/repliquemangacine.fr\/wp-content\/uploads\/2023\/10\/RMC-500250.png","width":500,"height":250,"caption":"R\u00e9plique Manga Cin\u00e9"},"image":{"@id":"https:\/\/repliquemangacine.fr\/#\/schema\/logo\/image\/"},"sameAs":["https:\/\/www.facebook.com\/RepliqueMangaCine","https:\/\/www.instagram.com\/repliquemangacine.fr\/"]}]}},"_links":{"self":[{"href":"https:\/\/repliquemangacine.fr\/de\/wp-json\/wp\/v2\/product\/25587","targetHints":{"allow":["GET"]}}],"collection":[{"href":"https:\/\/repliquemangacine.fr\/de\/wp-json\/wp\/v2\/product"}],"about":[{"href":"https:\/\/repliquemangacine.fr\/de\/wp-json\/wp\/v2\/types\/product"}],"wp:featuredmedia":[{"embeddable":true,"href":"https:\/\/repliquemangacine.fr\/de\/wp-json\/wp\/v2\/media\/25588"}],"wp:attachment":[{"href":"https:\/\/repliquemangacine.fr\/de\/wp-json\/wp\/v2\/media?parent=25587"}],"wp:term":[{"taxonomy":"product_brand","embeddable":true,"href":"https:\/\/repliquemangacine.fr\/de\/wp-json\/wp\/v2\/product_brand?post=25587"},{"taxonomy":"product_cat","embeddable":true,"href":"https:\/\/repliquemangacine.fr\/de\/wp-json\/wp\/v2\/product_cat?post=25587"},{"taxonomy":"product_tag","embeddable":true,"href":"https:\/\/repliquemangacine.fr\/de\/wp-json\/wp\/v2\/product_tag?post=25587"}],"curies":[{"name":"wp","href":"https:\/\/api.w.org\/{rel}","templated":true}]}}