





{"id":25573,"date":"2016-09-21T11:31:31","date_gmt":"2016-09-21T09:31:31","guid":{"rendered":"https:\/\/repliquemangacine.fr\/?post_type=product&#038;p=25573"},"modified":"2026-04-02T22:51:37","modified_gmt":"2026-04-02T20:51:37","slug":"theoden-schwert-herugrim-schwert","status":"publish","type":"product","link":"https:\/\/repliquemangacine.fr\/de\/epees-seigneur-des-anneaux\/epee-de-theoden-epee-herugrim\/","title":{"rendered":"Schwert von Th\u00e9oden Herugrim"},"content":{"rendered":"<h2>Schwert von Th\u00e9oden Herugrim Der Herr der Ringe.<\/h2>\n<p>Zu Beginn wird die<strong>Schwert von Th\u00e9oden Herugrim<\/strong> ist eine exakte Nachbildung der Trilogie \"Der Herr der Ringe\".<\/p>\n<p>Th\u00e9oden K\u00f6nig von Rohan, geschw\u00e4cht durch den Tod seines einzigen Sohnes Th\u00e9odred und durch Sarumans Hexerei, unterst\u00fctzt von seinem Berater Gr\u00edma Schlangenzunge. Gandalf befreit ihn von diesen Einfl\u00fcssen. Daraufhin k\u00e4mpft er gegen Sarumans Streitkr\u00e4fte, um sein K\u00f6nigreich zu retten.<\/p>\n<p>In der Schlacht auf den Feldern von Pelennor t\u00f6tet er den Anf\u00fchrer der Haradrim und stirbt dann von seinem Pferd Snawmana \u00fcberrannt, niedergestreckt vom Hexenk\u00f6nig von Angmar. Um den Leichnam ihres Onkels zu sch\u00fctzen, gelingt \u00c9owyn das legend\u00e4re Kunstst\u00fcck, mit Hilfe von Meriadoc Brandebouc den Nazg\u00fbl zu vernichten.<\/p>\n<h2>Ihr Schwert von Th\u00e9oden Herugrim zum besten Preis.<\/h2>\n<p>Wir bieten Ihnen alle Repliken aus \"Der Herr der Ringe\".<\/p>\n<p>Treten Sie ein in die Welt von <a href=\"https:\/\/www.tolkiendil.com\/tolkien\/biographie\" target=\"_blank\" rel=\"noopener noreferrer\">Tolkien<\/a> mit seinen Nachbeben, zuallererst,<\/p>\n<ul>\n<li>L'<a href=\"https:\/\/repliquemangacine.fr\/de\/der-herr-der-ringe\/narsil-schwert-von-elendil\/\">Schwert von Elendil Narsil<\/a>Er wurde nach dem Zerbrechen neu geschmiedet und Anduril genannt.<\/li>\n<li>Sowie die<a href=\"https:\/\/repliquemangacine.fr\/de\/herr-der-ringe-schwerter\/boromirs-schwert\/\">Boromirs Schwert<\/a> schlicht und elegant.<\/li>\n<li>Es gibt auch den wunderbaren <a href=\"https:\/\/repliquemangacine.fr\/de\/herr-der-ringe-schwerter\/dolch-aragorn-elbischer-dolch-elven-knife-daragorn\/\">Aragorns elbischer Dolch<\/a> mit seinem tollen Pr\u00e4sentationsst\u00e4nder.<\/li>\n<li>Und noch viel mehr gibt es in unserem Online-Shop zu entdecken!<\/li>\n<\/ul>\n<p>Deshalb ist dies eine tolle Geschenkidee f\u00fcr Fans der Trilogie \"Der Herr der Ringe\".<\/p>\n<p>Zum Abschluss k\u00f6nnen Sie auch das<strong>Schwert von Th\u00e9oden Herugrim<\/strong> in Ihren Cosplay-Challenges auf Conventions. Aber in erster Linie ist es ein Sammler- und Dekorationsst\u00fcck.<\/p>\n<h2>Wie pflegt man die Klinge seines \"Herr der Ringe\"-Schwerts?<\/h2>\n<p>Sammlungs- und Dekorationsschwerter werden in vereinfachter Form hergestellt und zusammengebaut. Da sie zu Dekorationszwecken verwendet werden, fehlen ihnen die Sicherheitselemente, die ein japanisches Schwert f\u00fcr Trainingszwecke aufweisen muss.<\/p>\n<p>Allerdings ist Ihr <strong>Schwert von Th\u00e9oden Herugrim<\/strong> zu einer Stahlklinge, die gepflegt werden muss, damit sie nicht mit der Zeit abgenutzt wird. Denn wenn du dein Katana ausstellst, werden deine Freunde neugierig sein, die Klinge zu sehen und sie zu ber\u00fchren. Hier ist Vorsicht geboten, denn Sie sollten wissen, dass die S\u00e4ure der Finger dem Stahl unabh\u00e4ngig von seiner Qualit\u00e4t sehr schadet.<\/p>\n<p>Wenn dies jedoch passiert, keine Panik, Sie brauchen nur ein Tuch, das mit etwas \u00d6l befeuchtet ist, und wischen die Fingerabdr\u00fccke ab. Wenn Sie dies tun, werden Sie Ihr Schwert sehr lange behalten.<\/p>","protected":false},"excerpt":{"rendered":"<p>Herugrim ist der Name des Schwertes von Th\u00e9oden, K\u00f6nig von Rohan, in der Trilogie \"Der Herr der Ringe\".<\/p>\n<ul>\n<li>Stahlklinge mit Hohlkehle.<\/li>\n<li>Wache in der symbolischen Form des Rohan.<\/li>\n<li>Griff aus Holzimitat.<\/li>\n<li>Wandhalterung mit dem Symbol von Rohan.<\/li>\n<li>L\u00e4nge der Klinge: 75 cm - Gesamtl\u00e4nge: 98 cm<\/li>\n<\/ul>","protected":false},"featured_media":25574,"template":"","meta":[],"product_brand":[896],"product_cat":[68,24,29],"product_tag":[],"class_list":{"0":"post-25573","1":"product","2":"type-product","3":"status-publish","4":"has-post-thumbnail","6":"product_brand-replique-manga-cine","7":"product_cat-epees-seigneur-des-anneaux","8":"product_cat-films-series-tv-vente-de-katana-epee-et-produits-derives","9":"product_cat-le-seigneur-des-anneaux","11":"first","12":"instock","13":"taxable","14":"shipping-taxable","15":"purchasable","16":"product-type-simple"},"yoast_head":"<!-- This site is optimized with the Yoast SEO plugin v27.5 - https:\/\/yoast.com\/product\/yoast-seo-wordpress\/ -->\n<title>Ep\u00e9e de Th\u00e9oden Herugrim - Ep\u00e9es Seigneur des Anneaux | RMC<\/title>\n<meta name=\"description\" content=\"Superbe r\u00e9plique de l&#039;Ep\u00e9e de Th\u00e9oden Herugrim dans le Seigneur des Anneaux pas cher. Lame acier 440 - Garde m\u00e9tal - Longueur : 98 cm - Envoi 24\/48h\" \/>\n<meta name=\"robots\" content=\"index, follow, max-snippet:-1, max-image-preview:large, max-video-preview:-1\" \/>\n<link rel=\"canonical\" href=\"https:\/\/repliquemangacine.fr\/de\/herr-der-ringe-schwerter\/theoden-schwert-herugrim-schwert\/\" \/>\n<meta property=\"og:locale\" content=\"de_DE\" \/>\n<meta property=\"og:type\" content=\"article\" \/>\n<meta property=\"og:title\" content=\"Ep\u00e9e de Th\u00e9oden Herugrim - Ep\u00e9es Seigneur des Anneaux | RMC\" \/>\n<meta property=\"og:description\" content=\"Superbe r\u00e9plique de l&#039;Ep\u00e9e de Th\u00e9oden Herugrim dans le Seigneur des Anneaux pas cher. Lame acier 440 - Garde m\u00e9tal - Longueur : 98 cm - Envoi 24\/48h\" \/>\n<meta property=\"og:url\" content=\"https:\/\/repliquemangacine.fr\/de\/herr-der-ringe-schwerter\/theoden-schwert-herugrim-schwert\/\" \/>\n<meta property=\"og:site_name\" content=\"R\u00e9plique Manga Cin\u00e9\" \/>\n<meta property=\"article:publisher\" content=\"https:\/\/www.facebook.com\/RepliqueMangaCine\" \/>\n<meta property=\"article:modified_time\" content=\"2026-04-02T20:51:37+00:00\" \/>\n<meta property=\"og:image\" content=\"https:\/\/repliquemangacine.fr\/wp-content\/uploads\/2023\/10\/epee-theoden.jpg\" \/>\n\t<meta property=\"og:image:width\" content=\"500\" \/>\n\t<meta property=\"og:image:height\" content=\"500\" \/>\n\t<meta property=\"og:image:type\" content=\"image\/jpeg\" \/>\n<meta name=\"twitter:card\" content=\"summary_large_image\" \/>\n<meta name=\"twitter:label1\" content=\"Gesch\u00e4tzte Lesezeit\" \/>\n\t<meta name=\"twitter:data1\" content=\"3\u00a0Minuten\" \/>\n<script type=\"application\/ld+json\" class=\"yoast-schema-graph\">{\"@context\":\"https:\\\/\\\/schema.org\",\"@graph\":[{\"@type\":\"WebPage\",\"@id\":\"https:\\\/\\\/repliquemangacine.fr\\\/epees-seigneur-des-anneaux\\\/epee-de-theoden-epee-herugrim\\\/\",\"url\":\"https:\\\/\\\/repliquemangacine.fr\\\/epees-seigneur-des-anneaux\\\/epee-de-theoden-epee-herugrim\\\/\",\"name\":\"Ep\u00e9e de Th\u00e9oden Herugrim - Ep\u00e9es Seigneur des Anneaux | RMC\",\"isPartOf\":{\"@id\":\"https:\\\/\\\/repliquemangacine.fr\\\/#website\"},\"primaryImageOfPage\":{\"@id\":\"https:\\\/\\\/repliquemangacine.fr\\\/epees-seigneur-des-anneaux\\\/epee-de-theoden-epee-herugrim\\\/#primaryimage\"},\"image\":{\"@id\":\"https:\\\/\\\/repliquemangacine.fr\\\/epees-seigneur-des-anneaux\\\/epee-de-theoden-epee-herugrim\\\/#primaryimage\"},\"thumbnailUrl\":\"https:\\\/\\\/repliquemangacine.fr\\\/wp-content\\\/uploads\\\/2023\\\/10\\\/epee-theoden.jpg\",\"datePublished\":\"2016-09-21T09:31:31+00:00\",\"dateModified\":\"2026-04-02T20:51:37+00:00\",\"description\":\"Superbe r\u00e9plique de l'Ep\u00e9e de Th\u00e9oden Herugrim dans le Seigneur des Anneaux pas cher. Lame acier 440 - Garde m\u00e9tal - Longueur : 98 cm - Envoi 24\\\/48h\",\"breadcrumb\":{\"@id\":\"https:\\\/\\\/repliquemangacine.fr\\\/epees-seigneur-des-anneaux\\\/epee-de-theoden-epee-herugrim\\\/#breadcrumb\"},\"inLanguage\":\"de\",\"potentialAction\":[{\"@type\":\"ReadAction\",\"target\":[\"https:\\\/\\\/repliquemangacine.fr\\\/epees-seigneur-des-anneaux\\\/epee-de-theoden-epee-herugrim\\\/\"]}]},{\"@type\":\"ImageObject\",\"inLanguage\":\"de\",\"@id\":\"https:\\\/\\\/repliquemangacine.fr\\\/epees-seigneur-des-anneaux\\\/epee-de-theoden-epee-herugrim\\\/#primaryimage\",\"url\":\"https:\\\/\\\/repliquemangacine.fr\\\/wp-content\\\/uploads\\\/2023\\\/10\\\/epee-theoden.jpg\",\"contentUrl\":\"https:\\\/\\\/repliquemangacine.fr\\\/wp-content\\\/uploads\\\/2023\\\/10\\\/epee-theoden.jpg\",\"width\":500,\"height\":500,\"caption\":\"Ep\u00e9e de Th\u00e9oden Herugrim\"},{\"@type\":\"BreadcrumbList\",\"@id\":\"https:\\\/\\\/repliquemangacine.fr\\\/epees-seigneur-des-anneaux\\\/epee-de-theoden-epee-herugrim\\\/#breadcrumb\",\"itemListElement\":[{\"@type\":\"ListItem\",\"position\":1,\"name\":\"Accueil\",\"item\":\"https:\\\/\\\/repliquemangacine.fr\\\/\"},{\"@type\":\"ListItem\",\"position\":2,\"name\":\"Produits\",\"item\":\"https:\\\/\\\/repliquemangacine.fr\\\/boutique\\\/\"},{\"@type\":\"ListItem\",\"position\":3,\"name\":\"Ep\u00e9e de Th\u00e9oden Herugrim\"}]},{\"@type\":\"WebSite\",\"@id\":\"https:\\\/\\\/repliquemangacine.fr\\\/#website\",\"url\":\"https:\\\/\\\/repliquemangacine.fr\\\/\",\"name\":\"R\u00e9plique Manga Cin\u00e9\",\"description\":\"\",\"publisher\":{\"@id\":\"https:\\\/\\\/repliquemangacine.fr\\\/#organization\"},\"potentialAction\":[{\"@type\":\"SearchAction\",\"target\":{\"@type\":\"EntryPoint\",\"urlTemplate\":\"https:\\\/\\\/repliquemangacine.fr\\\/?s={search_term_string}\"},\"query-input\":{\"@type\":\"PropertyValueSpecification\",\"valueRequired\":true,\"valueName\":\"search_term_string\"}}],\"inLanguage\":\"de\"},{\"@type\":\"Organization\",\"@id\":\"https:\\\/\\\/repliquemangacine.fr\\\/#organization\",\"name\":\"R\u00e9plique Manga Cin\u00e9\",\"url\":\"https:\\\/\\\/repliquemangacine.fr\\\/\",\"logo\":{\"@type\":\"ImageObject\",\"inLanguage\":\"de\",\"@id\":\"https:\\\/\\\/repliquemangacine.fr\\\/#\\\/schema\\\/logo\\\/image\\\/\",\"url\":\"https:\\\/\\\/repliquemangacine.fr\\\/wp-content\\\/uploads\\\/2023\\\/10\\\/RMC-500250.png\",\"contentUrl\":\"https:\\\/\\\/repliquemangacine.fr\\\/wp-content\\\/uploads\\\/2023\\\/10\\\/RMC-500250.png\",\"width\":500,\"height\":250,\"caption\":\"R\u00e9plique Manga Cin\u00e9\"},\"image\":{\"@id\":\"https:\\\/\\\/repliquemangacine.fr\\\/#\\\/schema\\\/logo\\\/image\\\/\"},\"sameAs\":[\"https:\\\/\\\/www.facebook.com\\\/RepliqueMangaCine\",\"https:\\\/\\\/www.instagram.com\\\/repliquemangacine.fr\\\/\"]}]}<\/script>\n<!-- \/ Yoast SEO plugin. -->","yoast_head_json":{"title":"Th\u00e9oden Herugrims Schwert - Herr der Ringe Schwerter | RMC","description":"Superg\u00fcnstige Replik des Schwerts von Th\u00e9oden Herugrim aus \"Der Herr der Ringe\". Klinge aus 440er Stahl - Metallschutz - L\u00e4nge: 98 cm - Versand 24\/48h","robots":{"index":"index","follow":"follow","max-snippet":"max-snippet:-1","max-image-preview":"max-image-preview:large","max-video-preview":"max-video-preview:-1"},"canonical":"https:\/\/repliquemangacine.fr\/de\/herr-der-ringe-schwerter\/theoden-schwert-herugrim-schwert\/","og_locale":"de_DE","og_type":"article","og_title":"Ep\u00e9e de Th\u00e9oden Herugrim - Ep\u00e9es Seigneur des Anneaux | RMC","og_description":"Superbe r\u00e9plique de l'Ep\u00e9e de Th\u00e9oden Herugrim dans le Seigneur des Anneaux pas cher. Lame acier 440 - Garde m\u00e9tal - Longueur : 98 cm - Envoi 24\/48h","og_url":"https:\/\/repliquemangacine.fr\/de\/herr-der-ringe-schwerter\/theoden-schwert-herugrim-schwert\/","og_site_name":"R\u00e9plique Manga Cin\u00e9","article_publisher":"https:\/\/www.facebook.com\/RepliqueMangaCine","article_modified_time":"2026-04-02T20:51:37+00:00","og_image":[{"width":500,"height":500,"url":"https:\/\/repliquemangacine.fr\/wp-content\/uploads\/2023\/10\/epee-theoden.jpg","type":"image\/jpeg"}],"twitter_card":"summary_large_image","twitter_misc":{"Gesch\u00e4tzte Lesezeit":"3\u00a0Minuten"},"schema":{"@context":"https:\/\/schema.org","@graph":[{"@type":"WebPage","@id":"https:\/\/repliquemangacine.fr\/epees-seigneur-des-anneaux\/epee-de-theoden-epee-herugrim\/","url":"https:\/\/repliquemangacine.fr\/epees-seigneur-des-anneaux\/epee-de-theoden-epee-herugrim\/","name":"Th\u00e9oden Herugrims Schwert - Herr der Ringe Schwerter | RMC","isPartOf":{"@id":"https:\/\/repliquemangacine.fr\/#website"},"primaryImageOfPage":{"@id":"https:\/\/repliquemangacine.fr\/epees-seigneur-des-anneaux\/epee-de-theoden-epee-herugrim\/#primaryimage"},"image":{"@id":"https:\/\/repliquemangacine.fr\/epees-seigneur-des-anneaux\/epee-de-theoden-epee-herugrim\/#primaryimage"},"thumbnailUrl":"https:\/\/repliquemangacine.fr\/wp-content\/uploads\/2023\/10\/epee-theoden.jpg","datePublished":"2016-09-21T09:31:31+00:00","dateModified":"2026-04-02T20:51:37+00:00","description":"Superg\u00fcnstige Replik des Schwerts von Th\u00e9oden Herugrim aus \"Der Herr der Ringe\". Klinge aus 440er Stahl - Metallschutz - L\u00e4nge: 98 cm - Versand 24\/48h","breadcrumb":{"@id":"https:\/\/repliquemangacine.fr\/epees-seigneur-des-anneaux\/epee-de-theoden-epee-herugrim\/#breadcrumb"},"inLanguage":"de","potentialAction":[{"@type":"ReadAction","target":["https:\/\/repliquemangacine.fr\/epees-seigneur-des-anneaux\/epee-de-theoden-epee-herugrim\/"]}]},{"@type":"ImageObject","inLanguage":"de","@id":"https:\/\/repliquemangacine.fr\/epees-seigneur-des-anneaux\/epee-de-theoden-epee-herugrim\/#primaryimage","url":"https:\/\/repliquemangacine.fr\/wp-content\/uploads\/2023\/10\/epee-theoden.jpg","contentUrl":"https:\/\/repliquemangacine.fr\/wp-content\/uploads\/2023\/10\/epee-theoden.jpg","width":500,"height":500,"caption":"Ep\u00e9e de Th\u00e9oden Herugrim"},{"@type":"BreadcrumbList","@id":"https:\/\/repliquemangacine.fr\/epees-seigneur-des-anneaux\/epee-de-theoden-epee-herugrim\/#breadcrumb","itemListElement":[{"@type":"ListItem","position":1,"name":"Accueil","item":"https:\/\/repliquemangacine.fr\/"},{"@type":"ListItem","position":2,"name":"Produits","item":"https:\/\/repliquemangacine.fr\/boutique\/"},{"@type":"ListItem","position":3,"name":"Ep\u00e9e de Th\u00e9oden Herugrim"}]},{"@type":"WebSite","@id":"https:\/\/repliquemangacine.fr\/#website","url":"https:\/\/repliquemangacine.fr\/","name":"R\u00e9plique Manga Cin\u00e9","description":"","publisher":{"@id":"https:\/\/repliquemangacine.fr\/#organization"},"potentialAction":[{"@type":"SearchAction","target":{"@type":"EntryPoint","urlTemplate":"https:\/\/repliquemangacine.fr\/?s={search_term_string}"},"query-input":{"@type":"PropertyValueSpecification","valueRequired":true,"valueName":"search_term_string"}}],"inLanguage":"de"},{"@type":"Organization","@id":"https:\/\/repliquemangacine.fr\/#organization","name":"R\u00e9plique Manga Cin\u00e9","url":"https:\/\/repliquemangacine.fr\/","logo":{"@type":"ImageObject","inLanguage":"de","@id":"https:\/\/repliquemangacine.fr\/#\/schema\/logo\/image\/","url":"https:\/\/repliquemangacine.fr\/wp-content\/uploads\/2023\/10\/RMC-500250.png","contentUrl":"https:\/\/repliquemangacine.fr\/wp-content\/uploads\/2023\/10\/RMC-500250.png","width":500,"height":250,"caption":"R\u00e9plique Manga Cin\u00e9"},"image":{"@id":"https:\/\/repliquemangacine.fr\/#\/schema\/logo\/image\/"},"sameAs":["https:\/\/www.facebook.com\/RepliqueMangaCine","https:\/\/www.instagram.com\/repliquemangacine.fr\/"]}]}},"_links":{"self":[{"href":"https:\/\/repliquemangacine.fr\/de\/wp-json\/wp\/v2\/product\/25573","targetHints":{"allow":["GET"]}}],"collection":[{"href":"https:\/\/repliquemangacine.fr\/de\/wp-json\/wp\/v2\/product"}],"about":[{"href":"https:\/\/repliquemangacine.fr\/de\/wp-json\/wp\/v2\/types\/product"}],"wp:featuredmedia":[{"embeddable":true,"href":"https:\/\/repliquemangacine.fr\/de\/wp-json\/wp\/v2\/media\/25574"}],"wp:attachment":[{"href":"https:\/\/repliquemangacine.fr\/de\/wp-json\/wp\/v2\/media?parent=25573"}],"wp:term":[{"taxonomy":"product_brand","embeddable":true,"href":"https:\/\/repliquemangacine.fr\/de\/wp-json\/wp\/v2\/product_brand?post=25573"},{"taxonomy":"product_cat","embeddable":true,"href":"https:\/\/repliquemangacine.fr\/de\/wp-json\/wp\/v2\/product_cat?post=25573"},{"taxonomy":"product_tag","embeddable":true,"href":"https:\/\/repliquemangacine.fr\/de\/wp-json\/wp\/v2\/product_tag?post=25573"}],"curies":[{"name":"wp","href":"https:\/\/api.w.org\/{rel}","templated":true}]}}