





{"id":25567,"date":"2016-09-13T19:21:50","date_gmt":"2016-09-13T17:21:50","guid":{"rendered":"https:\/\/repliquemangacine.fr\/?post_type=product&#038;p=25567"},"modified":"2025-12-12T16:11:38","modified_gmt":"2025-12-12T15:11:38","slug":"dolche-tauriel-the-hobbit","status":"publish","type":"product","link":"https:\/\/repliquemangacine.fr\/de\/epees-the-hobbit\/dagues-tauriel-the-hobbit\/","title":{"rendered":"Dolch Tauriel Hobbit"},"content":{"rendered":"<h2>Tauriel-Dolche in der Hobbit-Trilogie<\/h2>\n<p>Zu Beginn <strong>Dolche von Tauriel<\/strong>, sind die Waffen, die sie zusammen mit einem Bogen einsetzt. Tauriel erweist sich als geschickte Bogensch\u00fctzin und Scharfsch\u00fctzin mit elfischen Reflexen und Pr\u00e4zision. Im Kampf kann sie gleichzeitig ihren Bogen und ihren Dolch einsetzen.<\/p>\n<p>Tauriel ist Hauptmann der Elfenwache von Thranduil, eine professionelle Soldatin und befehligt die Streitkr\u00e4fte des Waldreichs. Ihre Eltern wurden von Orks get\u00f6tet, als sie noch j\u00fcnger war, und es wird angedeutet, dass Thranduil sich seitdem um sie gek\u00fcmmert hat.<\/p>\n<p>Zum Schluss verl\u00e4sst Tauriel in der Schlacht der f\u00fcnf Heere Thranduil und begleitet Legolas und Bilbo zum Rabenberg, um Thorin vor einem bevorstehenden Angriff durch Bolg zu warnen.<\/p>\n<h2>Ihre Dolche von Tauriel zum besten Preis.<\/h2>\n<p>Wir bieten Ihnen eine gro\u00dfe Auswahl an Schwertern, die von der Trilogie \u201eDer Hobbit\u201c inspiriert sind.<\/p>\n<p>Zun\u00e4chst einmal,<\/p>\n<ul>\n<li>L'<a href=\"https:\/\/repliquemangacine.fr\/de\/schwerter-the-hobbit\/orcrist-schwert-thorin-schwert\/\">Orcrist-Schwert<\/a>Der Goblinschl\u00e4chter und die Rotznase, die Thorin benutzt.<\/li>\n<li>Es gibt auch, die<a href=\"https:\/\/repliquemangacine.fr\/de\/herr-der-ringe-schwerter\/gandalf-schwert-glamdring-der-herr-der-ringe\/\">Gandalfs Schwert<\/a> die auch in \"Der Herr der Ringe\" vorkommt.<\/li>\n<li>In der Kategorie Schmuck, <a href=\"https:\/\/noblecollection.fr\/bijoux-officiels-des-films-bilbon-hobbit-c-129_41_42.html\" target=\"_blank\" rel=\"noopener noreferrer\">The noble collection<\/a> bietet uns eine Vielzahl von Sammlerst\u00fccken, die auf Anfrage erh\u00e4ltlich sind.<\/li>\n<\/ul>\n<p>Deshalb gibt es hier tolle Geschenkideen f\u00fcr Fans der Hobbit-Trilogie!<\/p>\n<p>Abschlie\u00dfend k\u00f6nnen Sie auch seine <strong>Dolche von Tauriel<\/strong> f\u00fcr Ihre Cosplay-Paraden oder Themenpartys. Aber vor allem sind diese Dolche auch Sammlerst\u00fccke und Dekorationen.<\/p>\n<h2>Wie pflegt man die Klinge seines Hobbit-Schwerts?<\/h2>\n<p>Sammlungs- und Dekorationsschwerter werden in vereinfachter Form hergestellt und zusammengebaut. Da sie zu Dekorationszwecken verwendet werden, fehlen ihnen die Sicherheitselemente, die ein japanisches Schwert f\u00fcr Trainingszwecke aufweisen muss.<\/p>\n<p>Allerdings sind Ihre <strong>Dolche von Tauriel<\/strong> haben eine Stahlklinge, die gepflegt werden muss, damit sie nicht mit der Zeit abgenutzt wird. Denn wenn du dein Katana ausstellst, werden deine Freunde neugierig sein, die Klinge zu sehen und sie zu ber\u00fchren. Hier ist Vorsicht geboten, denn Sie sollten wissen, dass die S\u00e4ure der Finger dem Stahl unabh\u00e4ngig von seiner Qualit\u00e4t sehr schadet.<\/p>\n<p>Wenn dies jedoch passiert, keine Panik, Sie brauchen nur ein Tuch, das mit etwas \u00d6l befeuchtet ist, und wischen die Fingerabdr\u00fccke ab. Wenn Sie dies tun, werden Sie Ihr Schwert sehr lange behalten.<\/p>","protected":false},"excerpt":{"rendered":"<p>Sei so k\u00e4mpferisch wie die Elfe Tauriel mit der Nachbildung dieses Sets aus zwei Dolchen.<\/p>\n<ul>\n<li>Klingen aus nicht scharfkantigem Stahl mit Harzfries an der Oberseite.<\/li>\n<li>Griff aus ABS.<\/li>\n<li>Wandhalterung.<\/li>\n<li>L\u00e4nge jeder Klinge: 39cm - Gesamtl\u00e4nge jedes Dolches: 49cm<\/li>\n<\/ul>\n<p>&nbsp;<\/p>","protected":false},"featured_media":25568,"template":"","meta":[],"product_brand":[896],"product_cat":[69,35],"product_tag":[],"class_list":{"0":"post-25567","1":"product","2":"type-product","3":"status-publish","4":"has-post-thumbnail","6":"product_brand-replique-manga-cine","7":"product_cat-epees-the-hobbit","8":"product_cat-epee-et-bijoux-the-hobbit","10":"first","11":"instock","12":"taxable","13":"shipping-taxable","14":"purchasable","15":"product-type-simple"},"yoast_head":"<!-- This site is optimized with the Yoast SEO plugin v27.5 - https:\/\/yoast.com\/product\/yoast-seo-wordpress\/ -->\n<title>Dagues de Tauriel - Ep\u00e9e The Hobbit - Boutique en ligne | RMC<\/title>\n<meta name=\"description\" content=\"Offrez-lui les deux Dagues de Tauriel dans The Hobbit au meilleur prix. Lames acier - Frise en r\u00e9sine sur le dessus - Longueur : 49 cm chacune - Support\" \/>\n<meta name=\"robots\" content=\"index, follow, max-snippet:-1, max-image-preview:large, max-video-preview:-1\" \/>\n<link rel=\"canonical\" href=\"https:\/\/repliquemangacine.fr\/de\/schwerter-the-hobbit\/dolche-tauriel-the-hobbit\/\" \/>\n<meta property=\"og:locale\" content=\"de_DE\" \/>\n<meta property=\"og:type\" content=\"article\" \/>\n<meta property=\"og:title\" content=\"Dagues de Tauriel - Ep\u00e9e The Hobbit - Boutique en ligne | RMC\" \/>\n<meta property=\"og:description\" content=\"Offrez-lui les deux Dagues de Tauriel dans The Hobbit au meilleur prix. Lames acier - Frise en r\u00e9sine sur le dessus - Longueur : 49 cm chacune - Support\" \/>\n<meta property=\"og:url\" content=\"https:\/\/repliquemangacine.fr\/de\/schwerter-the-hobbit\/dolche-tauriel-the-hobbit\/\" \/>\n<meta property=\"og:site_name\" content=\"R\u00e9plique Manga Cin\u00e9\" \/>\n<meta property=\"article:publisher\" content=\"https:\/\/www.facebook.com\/RepliqueMangaCine\" \/>\n<meta property=\"article:modified_time\" content=\"2025-12-12T15:11:38+00:00\" \/>\n<meta property=\"og:image\" content=\"https:\/\/repliquemangacine.fr\/wp-content\/uploads\/2023\/10\/341-Les-Dagues-de-Tauriel-The-Hobbit.jpg\" \/>\n\t<meta property=\"og:image:width\" content=\"800\" \/>\n\t<meta property=\"og:image:height\" content=\"800\" \/>\n\t<meta property=\"og:image:type\" content=\"image\/jpeg\" \/>\n<meta name=\"twitter:card\" content=\"summary_large_image\" \/>\n<meta name=\"twitter:label1\" content=\"Gesch\u00e4tzte Lesezeit\" \/>\n\t<meta name=\"twitter:data1\" content=\"2\u00a0Minuten\" \/>\n<script type=\"application\/ld+json\" class=\"yoast-schema-graph\">{\"@context\":\"https:\\\/\\\/schema.org\",\"@graph\":[{\"@type\":\"WebPage\",\"@id\":\"https:\\\/\\\/repliquemangacine.fr\\\/epees-the-hobbit\\\/dagues-tauriel-the-hobbit\\\/\",\"url\":\"https:\\\/\\\/repliquemangacine.fr\\\/epees-the-hobbit\\\/dagues-tauriel-the-hobbit\\\/\",\"name\":\"Dagues de Tauriel - Ep\u00e9e The Hobbit - Boutique en ligne | RMC\",\"isPartOf\":{\"@id\":\"https:\\\/\\\/repliquemangacine.fr\\\/#website\"},\"primaryImageOfPage\":{\"@id\":\"https:\\\/\\\/repliquemangacine.fr\\\/epees-the-hobbit\\\/dagues-tauriel-the-hobbit\\\/#primaryimage\"},\"image\":{\"@id\":\"https:\\\/\\\/repliquemangacine.fr\\\/epees-the-hobbit\\\/dagues-tauriel-the-hobbit\\\/#primaryimage\"},\"thumbnailUrl\":\"https:\\\/\\\/repliquemangacine.fr\\\/wp-content\\\/uploads\\\/2023\\\/10\\\/341-Les-Dagues-de-Tauriel-The-Hobbit.jpg\",\"datePublished\":\"2016-09-13T17:21:50+00:00\",\"dateModified\":\"2025-12-12T15:11:38+00:00\",\"description\":\"Offrez-lui les deux Dagues de Tauriel dans The Hobbit au meilleur prix. Lames acier - Frise en r\u00e9sine sur le dessus - Longueur : 49 cm chacune - Support\",\"breadcrumb\":{\"@id\":\"https:\\\/\\\/repliquemangacine.fr\\\/epees-the-hobbit\\\/dagues-tauriel-the-hobbit\\\/#breadcrumb\"},\"inLanguage\":\"de\",\"potentialAction\":[{\"@type\":\"ReadAction\",\"target\":[\"https:\\\/\\\/repliquemangacine.fr\\\/epees-the-hobbit\\\/dagues-tauriel-the-hobbit\\\/\"]}]},{\"@type\":\"ImageObject\",\"inLanguage\":\"de\",\"@id\":\"https:\\\/\\\/repliquemangacine.fr\\\/epees-the-hobbit\\\/dagues-tauriel-the-hobbit\\\/#primaryimage\",\"url\":\"https:\\\/\\\/repliquemangacine.fr\\\/wp-content\\\/uploads\\\/2023\\\/10\\\/341-Les-Dagues-de-Tauriel-The-Hobbit.jpg\",\"contentUrl\":\"https:\\\/\\\/repliquemangacine.fr\\\/wp-content\\\/uploads\\\/2023\\\/10\\\/341-Les-Dagues-de-Tauriel-The-Hobbit.jpg\",\"width\":800,\"height\":800,\"caption\":\"Les Dagues de Tauriel - The Hobbit\"},{\"@type\":\"BreadcrumbList\",\"@id\":\"https:\\\/\\\/repliquemangacine.fr\\\/epees-the-hobbit\\\/dagues-tauriel-the-hobbit\\\/#breadcrumb\",\"itemListElement\":[{\"@type\":\"ListItem\",\"position\":1,\"name\":\"Accueil\",\"item\":\"https:\\\/\\\/repliquemangacine.fr\\\/\"},{\"@type\":\"ListItem\",\"position\":2,\"name\":\"Produits\",\"item\":\"https:\\\/\\\/repliquemangacine.fr\\\/boutique\\\/\"},{\"@type\":\"ListItem\",\"position\":3,\"name\":\"Dague Tauriel Hobbit\"}]},{\"@type\":\"WebSite\",\"@id\":\"https:\\\/\\\/repliquemangacine.fr\\\/#website\",\"url\":\"https:\\\/\\\/repliquemangacine.fr\\\/\",\"name\":\"R\u00e9plique Manga Cin\u00e9\",\"description\":\"\",\"publisher\":{\"@id\":\"https:\\\/\\\/repliquemangacine.fr\\\/#organization\"},\"potentialAction\":[{\"@type\":\"SearchAction\",\"target\":{\"@type\":\"EntryPoint\",\"urlTemplate\":\"https:\\\/\\\/repliquemangacine.fr\\\/?s={search_term_string}\"},\"query-input\":{\"@type\":\"PropertyValueSpecification\",\"valueRequired\":true,\"valueName\":\"search_term_string\"}}],\"inLanguage\":\"de\"},{\"@type\":\"Organization\",\"@id\":\"https:\\\/\\\/repliquemangacine.fr\\\/#organization\",\"name\":\"R\u00e9plique Manga Cin\u00e9\",\"url\":\"https:\\\/\\\/repliquemangacine.fr\\\/\",\"logo\":{\"@type\":\"ImageObject\",\"inLanguage\":\"de\",\"@id\":\"https:\\\/\\\/repliquemangacine.fr\\\/#\\\/schema\\\/logo\\\/image\\\/\",\"url\":\"https:\\\/\\\/repliquemangacine.fr\\\/wp-content\\\/uploads\\\/2023\\\/10\\\/RMC-500250.png\",\"contentUrl\":\"https:\\\/\\\/repliquemangacine.fr\\\/wp-content\\\/uploads\\\/2023\\\/10\\\/RMC-500250.png\",\"width\":500,\"height\":250,\"caption\":\"R\u00e9plique Manga Cin\u00e9\"},\"image\":{\"@id\":\"https:\\\/\\\/repliquemangacine.fr\\\/#\\\/schema\\\/logo\\\/image\\\/\"},\"sameAs\":[\"https:\\\/\\\/www.facebook.com\\\/RepliqueMangaCine\",\"https:\\\/\\\/www.instagram.com\\\/repliquemangacine.fr\\\/\"]}]}<\/script>\n<!-- \/ Yoast SEO plugin. -->","yoast_head_json":{"title":"Dolche von Tauriel - Schwert Der Hobbit - Online Shop | RMC","description":"Bieten Sie ihr die beiden Dolche von Tauriel aus \"Der Hobbit\" zum besten Preis an. Stahlklingen - Harzfries auf der Oberseite - L\u00e4nge: je 49 cm - Halterung","robots":{"index":"index","follow":"follow","max-snippet":"max-snippet:-1","max-image-preview":"max-image-preview:large","max-video-preview":"max-video-preview:-1"},"canonical":"https:\/\/repliquemangacine.fr\/de\/schwerter-the-hobbit\/dolche-tauriel-the-hobbit\/","og_locale":"de_DE","og_type":"article","og_title":"Dagues de Tauriel - Ep\u00e9e The Hobbit - Boutique en ligne | RMC","og_description":"Offrez-lui les deux Dagues de Tauriel dans The Hobbit au meilleur prix. Lames acier - Frise en r\u00e9sine sur le dessus - Longueur : 49 cm chacune - Support","og_url":"https:\/\/repliquemangacine.fr\/de\/schwerter-the-hobbit\/dolche-tauriel-the-hobbit\/","og_site_name":"R\u00e9plique Manga Cin\u00e9","article_publisher":"https:\/\/www.facebook.com\/RepliqueMangaCine","article_modified_time":"2025-12-12T15:11:38+00:00","og_image":[{"width":800,"height":800,"url":"https:\/\/repliquemangacine.fr\/wp-content\/uploads\/2023\/10\/341-Les-Dagues-de-Tauriel-The-Hobbit.jpg","type":"image\/jpeg"}],"twitter_card":"summary_large_image","twitter_misc":{"Gesch\u00e4tzte Lesezeit":"2\u00a0Minuten"},"schema":{"@context":"https:\/\/schema.org","@graph":[{"@type":"WebPage","@id":"https:\/\/repliquemangacine.fr\/epees-the-hobbit\/dagues-tauriel-the-hobbit\/","url":"https:\/\/repliquemangacine.fr\/epees-the-hobbit\/dagues-tauriel-the-hobbit\/","name":"Dolche von Tauriel - Schwert Der Hobbit - Online Shop | RMC","isPartOf":{"@id":"https:\/\/repliquemangacine.fr\/#website"},"primaryImageOfPage":{"@id":"https:\/\/repliquemangacine.fr\/epees-the-hobbit\/dagues-tauriel-the-hobbit\/#primaryimage"},"image":{"@id":"https:\/\/repliquemangacine.fr\/epees-the-hobbit\/dagues-tauriel-the-hobbit\/#primaryimage"},"thumbnailUrl":"https:\/\/repliquemangacine.fr\/wp-content\/uploads\/2023\/10\/341-Les-Dagues-de-Tauriel-The-Hobbit.jpg","datePublished":"2016-09-13T17:21:50+00:00","dateModified":"2025-12-12T15:11:38+00:00","description":"Bieten Sie ihr die beiden Dolche von Tauriel aus \"Der Hobbit\" zum besten Preis an. Stahlklingen - Harzfries auf der Oberseite - L\u00e4nge: je 49 cm - Halterung","breadcrumb":{"@id":"https:\/\/repliquemangacine.fr\/epees-the-hobbit\/dagues-tauriel-the-hobbit\/#breadcrumb"},"inLanguage":"de","potentialAction":[{"@type":"ReadAction","target":["https:\/\/repliquemangacine.fr\/epees-the-hobbit\/dagues-tauriel-the-hobbit\/"]}]},{"@type":"ImageObject","inLanguage":"de","@id":"https:\/\/repliquemangacine.fr\/epees-the-hobbit\/dagues-tauriel-the-hobbit\/#primaryimage","url":"https:\/\/repliquemangacine.fr\/wp-content\/uploads\/2023\/10\/341-Les-Dagues-de-Tauriel-The-Hobbit.jpg","contentUrl":"https:\/\/repliquemangacine.fr\/wp-content\/uploads\/2023\/10\/341-Les-Dagues-de-Tauriel-The-Hobbit.jpg","width":800,"height":800,"caption":"Les Dagues de Tauriel - The Hobbit"},{"@type":"BreadcrumbList","@id":"https:\/\/repliquemangacine.fr\/epees-the-hobbit\/dagues-tauriel-the-hobbit\/#breadcrumb","itemListElement":[{"@type":"ListItem","position":1,"name":"Accueil","item":"https:\/\/repliquemangacine.fr\/"},{"@type":"ListItem","position":2,"name":"Produits","item":"https:\/\/repliquemangacine.fr\/boutique\/"},{"@type":"ListItem","position":3,"name":"Dague Tauriel Hobbit"}]},{"@type":"WebSite","@id":"https:\/\/repliquemangacine.fr\/#website","url":"https:\/\/repliquemangacine.fr\/","name":"R\u00e9plique Manga Cin\u00e9","description":"","publisher":{"@id":"https:\/\/repliquemangacine.fr\/#organization"},"potentialAction":[{"@type":"SearchAction","target":{"@type":"EntryPoint","urlTemplate":"https:\/\/repliquemangacine.fr\/?s={search_term_string}"},"query-input":{"@type":"PropertyValueSpecification","valueRequired":true,"valueName":"search_term_string"}}],"inLanguage":"de"},{"@type":"Organization","@id":"https:\/\/repliquemangacine.fr\/#organization","name":"R\u00e9plique Manga Cin\u00e9","url":"https:\/\/repliquemangacine.fr\/","logo":{"@type":"ImageObject","inLanguage":"de","@id":"https:\/\/repliquemangacine.fr\/#\/schema\/logo\/image\/","url":"https:\/\/repliquemangacine.fr\/wp-content\/uploads\/2023\/10\/RMC-500250.png","contentUrl":"https:\/\/repliquemangacine.fr\/wp-content\/uploads\/2023\/10\/RMC-500250.png","width":500,"height":250,"caption":"R\u00e9plique Manga Cin\u00e9"},"image":{"@id":"https:\/\/repliquemangacine.fr\/#\/schema\/logo\/image\/"},"sameAs":["https:\/\/www.facebook.com\/RepliqueMangaCine","https:\/\/www.instagram.com\/repliquemangacine.fr\/"]}]}},"_links":{"self":[{"href":"https:\/\/repliquemangacine.fr\/de\/wp-json\/wp\/v2\/product\/25567","targetHints":{"allow":["GET"]}}],"collection":[{"href":"https:\/\/repliquemangacine.fr\/de\/wp-json\/wp\/v2\/product"}],"about":[{"href":"https:\/\/repliquemangacine.fr\/de\/wp-json\/wp\/v2\/types\/product"}],"wp:featuredmedia":[{"embeddable":true,"href":"https:\/\/repliquemangacine.fr\/de\/wp-json\/wp\/v2\/media\/25568"}],"wp:attachment":[{"href":"https:\/\/repliquemangacine.fr\/de\/wp-json\/wp\/v2\/media?parent=25567"}],"wp:term":[{"taxonomy":"product_brand","embeddable":true,"href":"https:\/\/repliquemangacine.fr\/de\/wp-json\/wp\/v2\/product_brand?post=25567"},{"taxonomy":"product_cat","embeddable":true,"href":"https:\/\/repliquemangacine.fr\/de\/wp-json\/wp\/v2\/product_cat?post=25567"},{"taxonomy":"product_tag","embeddable":true,"href":"https:\/\/repliquemangacine.fr\/de\/wp-json\/wp\/v2\/product_tag?post=25567"}],"curies":[{"name":"wp","href":"https:\/\/api.w.org\/{rel}","templated":true}]}}