





{"id":25551,"date":"2016-09-10T18:36:57","date_gmt":"2016-09-10T16:36:57","guid":{"rendered":"https:\/\/repliquemangacine.fr\/?post_type=product&#038;p=25551"},"modified":"2026-04-06T22:08:28","modified_gmt":"2026-04-06T20:08:28","slug":"schwert-thranduil-the-hobbit-elfensabel","status":"publish","type":"product","link":"https:\/\/repliquemangacine.fr\/de\/epees-the-hobbit\/epee-thranduil-the-hobbit-sabre-elfique\/","title":{"rendered":"Thranduil-S\u00e4bel Elbisches Schwert"},"content":{"rendered":"<h2>Thranduil-S\u00e4bel, Elbisches Schwert in Der Hobbit<\/h2>\n<p>Zun\u00e4chst einmal ist das Thranduil-Schwert ein elbisches Schwert. Es war eines von zwei Zwillingsschwertern, die f\u00fcr Thranduil von den besten Schmieden des Waldk\u00f6nigreichs hergestellt wurden.<\/p>\n<p>Thranduil nahm an der Schlacht der F\u00fcnf Heere teil. Er marschierte mit seiner Armee nach Erebor, um sich seinen Anteil am Schatz des Einsamen Berges zu erzwingen. Als er sich anschickte, die Zwerge aus den Eisenbergen, die Thorins in Erebor eingeschlossener Kompanie zu Hilfe eilten, in den Kampf zu verwickeln, tauchten Orks auf und er verb\u00fcndete sich mit den Zwergen, um sie zu besiegen.<\/p>\n<p>Er k\u00e4mpft mit Wut und Tapferkeit und hat geschworen, jeden Ork zu t\u00f6ten, der sich ihm in den Weg stellt.<\/p>\n<h2>Ihr Thranduil-S\u00e4bel zum besten Preis<\/h2>\n<p>Wir bieten Ihnen alle Spr\u00fcche Ihrer Lieblingscharaktere in dieser Hobbit-Trilogie.<\/p>\n<p>Zun\u00e4chst einmal,<\/p>\n<ul>\n<li>Die ber\u00fchmte <a href=\"https:\/\/repliquemangacine.fr\/de\/schwerter-the-hobbit\/orcrist-schwert-thorin-schwert\/\">Orcrist-Schwert<\/a>Es ist das Schwert von Thorin Eichenschild. Sowie sein <a href=\"https:\/\/repliquemangacine.fr\/de\/schwerter-the-hobbit\/zwergschwert-von-thorin-the-hobbit\/\">Zwergenschwert<\/a>.<\/li>\n<li>Dann die Dolche von Tauriel, der Elbenk\u00e4mpferin.<\/li>\n<li>Sie finden auch einige Schmuckst\u00fccke <a href=\"https:\/\/noblecollection.fr\/bijoux-officiels-des-films-bilbon-hobbit-c-129_41_42.html\" target=\"_blank\" rel=\"noopener noreferrer\">The Noble Collection<\/a>.<\/li>\n<li>Und noch viel mehr!<\/li>\n<\/ul>\n<p>Das sind tolle Geschenkideen f\u00fcr Fans der Hobbit-Trilogie!<\/p>\n<p>Zusammenfassend l\u00e4sst sich sagen, dass Sie dieses Thranduil-Schwert auch f\u00fcr Ihre Cosplay-Paraden oder Themenpartys verwenden k\u00f6nnen. Vor allem aber ist dieses Elbenschwert auch ein Sammler- und Dekorationsst\u00fcck.<\/p>\n<h2>Wie pflegt man die Klinge seines Hobbit-Schwerts?<\/h2>\n<p>Sammlungs- und Dekorationsschwerter werden in vereinfachter Form hergestellt und zusammengebaut. Da sie zu Dekorationszwecken verwendet werden, fehlen ihnen die Sicherheitselemente, die ein japanisches Schwert f\u00fcr Trainingszwecke aufweisen muss.<\/p>\n<p>Allerdings ist Ihr <strong>Thranduil-S\u00e4bel<\/strong> zu einer Stahlklinge, die gepflegt werden muss, damit sie nicht mit der Zeit abgenutzt wird. Denn wenn du dein Katana ausstellst, werden deine Freunde neugierig sein, die Klinge zu sehen und sie zu ber\u00fchren. Hier ist Vorsicht geboten, denn Sie sollten wissen, dass die S\u00e4ure der Finger dem Stahl unabh\u00e4ngig von seiner Qualit\u00e4t sehr schadet.<\/p>\n<p>Wenn dies jedoch passiert, keine Panik, Sie brauchen nur ein Tuch, das mit etwas \u00d6l befeuchtet ist, und wischen die Fingerabdr\u00fccke ab. Wenn Sie dies tun, werden Sie Ihr Schwert sehr lange behalten.<\/p>","protected":false},"excerpt":{"rendered":"<p>Replik des elbischen Schwerts von Thranduil aus \"Der Hobbit\".<\/p>\n<ul>\n<li>Klinge aus Stahl mit Siebdruck.<\/li>\n<li>Metallgriff mit Verzierungen.<\/li>\n<li>Verzierte Wandhalterung.<\/li>\n<li>L\u00e4nge der Klinge: 69 cm - Gesamtl\u00e4nge: 95 cm - Gewicht: 1380grs<\/li>\n<\/ul>\n<p>&nbsp;<\/p>","protected":false},"featured_media":25552,"template":"","meta":[],"product_brand":[896],"product_cat":[69,35],"product_tag":[],"class_list":{"0":"post-25551","1":"product","2":"type-product","3":"status-publish","4":"has-post-thumbnail","6":"product_brand-replique-manga-cine","7":"product_cat-epees-the-hobbit","8":"product_cat-epee-et-bijoux-the-hobbit","10":"first","11":"outofstock","12":"taxable","13":"shipping-taxable","14":"purchasable","15":"product-type-simple"},"yoast_head":"<!-- This site is optimized with the Yoast SEO plugin v27.4 - https:\/\/yoast.com\/product\/yoast-seo-wordpress\/ -->\n<title>Sabre Thranduil - Ep\u00e9e Elfique The Hobbit - Vente en ligne | RMC<\/title>\n<meta name=\"description\" content=\"Offrez-lui le sabre Thranduil dans The Hobbit au meilleur prix. Cette \u00e9p\u00e9e Elfique est en acier - Support - Longueur totale : 95 cm - Envoi 24\/48h\" \/>\n<meta name=\"robots\" content=\"index, follow, max-snippet:-1, max-image-preview:large, max-video-preview:-1\" \/>\n<link rel=\"canonical\" href=\"https:\/\/repliquemangacine.fr\/de\/schwerter-the-hobbit\/schwert-thranduil-the-hobbit-elfensabel\/\" \/>\n<meta property=\"og:locale\" content=\"de_DE\" \/>\n<meta property=\"og:type\" content=\"article\" \/>\n<meta property=\"og:title\" content=\"Sabre Thranduil - Ep\u00e9e Elfique The Hobbit - Vente en ligne | RMC\" \/>\n<meta property=\"og:description\" content=\"Offrez-lui le sabre Thranduil dans The Hobbit au meilleur prix. Cette \u00e9p\u00e9e Elfique est en acier - Support - Longueur totale : 95 cm - Envoi 24\/48h\" \/>\n<meta property=\"og:url\" content=\"https:\/\/repliquemangacine.fr\/de\/schwerter-the-hobbit\/schwert-thranduil-the-hobbit-elfensabel\/\" \/>\n<meta property=\"og:site_name\" content=\"R\u00e9plique Manga Cin\u00e9\" \/>\n<meta property=\"article:publisher\" content=\"https:\/\/www.facebook.com\/RepliqueMangaCine\" \/>\n<meta property=\"article:modified_time\" content=\"2026-04-06T20:08:28+00:00\" \/>\n<meta property=\"og:image\" content=\"https:\/\/repliquemangacine.fr\/wp-content\/uploads\/2023\/10\/327-Epee-Thranduil-The-Hobbit.jpg\" \/>\n\t<meta property=\"og:image:width\" content=\"800\" \/>\n\t<meta property=\"og:image:height\" content=\"800\" \/>\n\t<meta property=\"og:image:type\" content=\"image\/jpeg\" \/>\n<meta name=\"twitter:card\" content=\"summary_large_image\" \/>\n<meta name=\"twitter:label1\" content=\"Gesch\u00e4tzte Lesezeit\" \/>\n\t<meta name=\"twitter:data1\" content=\"2\u00a0Minuten\" \/>\n<script type=\"application\/ld+json\" class=\"yoast-schema-graph\">{\"@context\":\"https:\\\/\\\/schema.org\",\"@graph\":[{\"@type\":\"WebPage\",\"@id\":\"https:\\\/\\\/repliquemangacine.fr\\\/epees-the-hobbit\\\/epee-thranduil-the-hobbit-sabre-elfique\\\/\",\"url\":\"https:\\\/\\\/repliquemangacine.fr\\\/epees-the-hobbit\\\/epee-thranduil-the-hobbit-sabre-elfique\\\/\",\"name\":\"Sabre Thranduil - Ep\u00e9e Elfique The Hobbit - Vente en ligne | RMC\",\"isPartOf\":{\"@id\":\"https:\\\/\\\/repliquemangacine.fr\\\/#website\"},\"primaryImageOfPage\":{\"@id\":\"https:\\\/\\\/repliquemangacine.fr\\\/epees-the-hobbit\\\/epee-thranduil-the-hobbit-sabre-elfique\\\/#primaryimage\"},\"image\":{\"@id\":\"https:\\\/\\\/repliquemangacine.fr\\\/epees-the-hobbit\\\/epee-thranduil-the-hobbit-sabre-elfique\\\/#primaryimage\"},\"thumbnailUrl\":\"https:\\\/\\\/repliquemangacine.fr\\\/wp-content\\\/uploads\\\/2023\\\/10\\\/327-Epee-Thranduil-The-Hobbit.jpg\",\"datePublished\":\"2016-09-10T16:36:57+00:00\",\"dateModified\":\"2026-04-06T20:08:28+00:00\",\"description\":\"Offrez-lui le sabre Thranduil dans The Hobbit au meilleur prix. Cette \u00e9p\u00e9e Elfique est en acier - Support - Longueur totale : 95 cm - Envoi 24\\\/48h\",\"breadcrumb\":{\"@id\":\"https:\\\/\\\/repliquemangacine.fr\\\/epees-the-hobbit\\\/epee-thranduil-the-hobbit-sabre-elfique\\\/#breadcrumb\"},\"inLanguage\":\"de\",\"potentialAction\":[{\"@type\":\"ReadAction\",\"target\":[\"https:\\\/\\\/repliquemangacine.fr\\\/epees-the-hobbit\\\/epee-thranduil-the-hobbit-sabre-elfique\\\/\"]}]},{\"@type\":\"ImageObject\",\"inLanguage\":\"de\",\"@id\":\"https:\\\/\\\/repliquemangacine.fr\\\/epees-the-hobbit\\\/epee-thranduil-the-hobbit-sabre-elfique\\\/#primaryimage\",\"url\":\"https:\\\/\\\/repliquemangacine.fr\\\/wp-content\\\/uploads\\\/2023\\\/10\\\/327-Epee-Thranduil-The-Hobbit.jpg\",\"contentUrl\":\"https:\\\/\\\/repliquemangacine.fr\\\/wp-content\\\/uploads\\\/2023\\\/10\\\/327-Epee-Thranduil-The-Hobbit.jpg\",\"width\":800,\"height\":800,\"caption\":\"Ep\u00e9e Thranduil - The Hobbit\"},{\"@type\":\"BreadcrumbList\",\"@id\":\"https:\\\/\\\/repliquemangacine.fr\\\/epees-the-hobbit\\\/epee-thranduil-the-hobbit-sabre-elfique\\\/#breadcrumb\",\"itemListElement\":[{\"@type\":\"ListItem\",\"position\":1,\"name\":\"Accueil\",\"item\":\"https:\\\/\\\/repliquemangacine.fr\\\/\"},{\"@type\":\"ListItem\",\"position\":2,\"name\":\"Produits\",\"item\":\"https:\\\/\\\/repliquemangacine.fr\\\/boutique\\\/\"},{\"@type\":\"ListItem\",\"position\":3,\"name\":\"Sabre Thranduil Ep\u00e9e Elfique\"}]},{\"@type\":\"WebSite\",\"@id\":\"https:\\\/\\\/repliquemangacine.fr\\\/#website\",\"url\":\"https:\\\/\\\/repliquemangacine.fr\\\/\",\"name\":\"R\u00e9plique Manga Cin\u00e9\",\"description\":\"\",\"publisher\":{\"@id\":\"https:\\\/\\\/repliquemangacine.fr\\\/#organization\"},\"potentialAction\":[{\"@type\":\"SearchAction\",\"target\":{\"@type\":\"EntryPoint\",\"urlTemplate\":\"https:\\\/\\\/repliquemangacine.fr\\\/?s={search_term_string}\"},\"query-input\":{\"@type\":\"PropertyValueSpecification\",\"valueRequired\":true,\"valueName\":\"search_term_string\"}}],\"inLanguage\":\"de\"},{\"@type\":\"Organization\",\"@id\":\"https:\\\/\\\/repliquemangacine.fr\\\/#organization\",\"name\":\"R\u00e9plique Manga Cin\u00e9\",\"url\":\"https:\\\/\\\/repliquemangacine.fr\\\/\",\"logo\":{\"@type\":\"ImageObject\",\"inLanguage\":\"de\",\"@id\":\"https:\\\/\\\/repliquemangacine.fr\\\/#\\\/schema\\\/logo\\\/image\\\/\",\"url\":\"https:\\\/\\\/repliquemangacine.fr\\\/wp-content\\\/uploads\\\/2023\\\/10\\\/RMC-500250.png\",\"contentUrl\":\"https:\\\/\\\/repliquemangacine.fr\\\/wp-content\\\/uploads\\\/2023\\\/10\\\/RMC-500250.png\",\"width\":500,\"height\":250,\"caption\":\"R\u00e9plique Manga Cin\u00e9\"},\"image\":{\"@id\":\"https:\\\/\\\/repliquemangacine.fr\\\/#\\\/schema\\\/logo\\\/image\\\/\"},\"sameAs\":[\"https:\\\/\\\/www.facebook.com\\\/RepliqueMangaCine\",\"https:\\\/\\\/www.instagram.com\\\/repliquemangacine.fr\\\/\"]}]}<\/script>\n<!-- \/ Yoast SEO plugin. -->","yoast_head_json":{"title":"Thranduil S\u00e4bel - Elbisches Schwert Der Hobbit - Online Verkauf | RMC","description":"Schenken Sie ihm das Thranduil-Schwert aus \"Der Hobbit\" zum besten Preis. Dieses Elbenschwert ist aus Stahl - Halterung - Gesamtl\u00e4nge: 95 cm - Versand 24\/48h","robots":{"index":"index","follow":"follow","max-snippet":"max-snippet:-1","max-image-preview":"max-image-preview:large","max-video-preview":"max-video-preview:-1"},"canonical":"https:\/\/repliquemangacine.fr\/de\/schwerter-the-hobbit\/schwert-thranduil-the-hobbit-elfensabel\/","og_locale":"de_DE","og_type":"article","og_title":"Sabre Thranduil - Ep\u00e9e Elfique The Hobbit - Vente en ligne | RMC","og_description":"Offrez-lui le sabre Thranduil dans The Hobbit au meilleur prix. Cette \u00e9p\u00e9e Elfique est en acier - Support - Longueur totale : 95 cm - Envoi 24\/48h","og_url":"https:\/\/repliquemangacine.fr\/de\/schwerter-the-hobbit\/schwert-thranduil-the-hobbit-elfensabel\/","og_site_name":"R\u00e9plique Manga Cin\u00e9","article_publisher":"https:\/\/www.facebook.com\/RepliqueMangaCine","article_modified_time":"2026-04-06T20:08:28+00:00","og_image":[{"width":800,"height":800,"url":"https:\/\/repliquemangacine.fr\/wp-content\/uploads\/2023\/10\/327-Epee-Thranduil-The-Hobbit.jpg","type":"image\/jpeg"}],"twitter_card":"summary_large_image","twitter_misc":{"Gesch\u00e4tzte Lesezeit":"2\u00a0Minuten"},"schema":{"@context":"https:\/\/schema.org","@graph":[{"@type":"WebPage","@id":"https:\/\/repliquemangacine.fr\/epees-the-hobbit\/epee-thranduil-the-hobbit-sabre-elfique\/","url":"https:\/\/repliquemangacine.fr\/epees-the-hobbit\/epee-thranduil-the-hobbit-sabre-elfique\/","name":"Thranduil S\u00e4bel - Elbisches Schwert Der Hobbit - Online Verkauf | RMC","isPartOf":{"@id":"https:\/\/repliquemangacine.fr\/#website"},"primaryImageOfPage":{"@id":"https:\/\/repliquemangacine.fr\/epees-the-hobbit\/epee-thranduil-the-hobbit-sabre-elfique\/#primaryimage"},"image":{"@id":"https:\/\/repliquemangacine.fr\/epees-the-hobbit\/epee-thranduil-the-hobbit-sabre-elfique\/#primaryimage"},"thumbnailUrl":"https:\/\/repliquemangacine.fr\/wp-content\/uploads\/2023\/10\/327-Epee-Thranduil-The-Hobbit.jpg","datePublished":"2016-09-10T16:36:57+00:00","dateModified":"2026-04-06T20:08:28+00:00","description":"Schenken Sie ihm das Thranduil-Schwert aus \"Der Hobbit\" zum besten Preis. Dieses Elbenschwert ist aus Stahl - Halterung - Gesamtl\u00e4nge: 95 cm - Versand 24\/48h","breadcrumb":{"@id":"https:\/\/repliquemangacine.fr\/epees-the-hobbit\/epee-thranduil-the-hobbit-sabre-elfique\/#breadcrumb"},"inLanguage":"de","potentialAction":[{"@type":"ReadAction","target":["https:\/\/repliquemangacine.fr\/epees-the-hobbit\/epee-thranduil-the-hobbit-sabre-elfique\/"]}]},{"@type":"ImageObject","inLanguage":"de","@id":"https:\/\/repliquemangacine.fr\/epees-the-hobbit\/epee-thranduil-the-hobbit-sabre-elfique\/#primaryimage","url":"https:\/\/repliquemangacine.fr\/wp-content\/uploads\/2023\/10\/327-Epee-Thranduil-The-Hobbit.jpg","contentUrl":"https:\/\/repliquemangacine.fr\/wp-content\/uploads\/2023\/10\/327-Epee-Thranduil-The-Hobbit.jpg","width":800,"height":800,"caption":"Ep\u00e9e Thranduil - The Hobbit"},{"@type":"BreadcrumbList","@id":"https:\/\/repliquemangacine.fr\/epees-the-hobbit\/epee-thranduil-the-hobbit-sabre-elfique\/#breadcrumb","itemListElement":[{"@type":"ListItem","position":1,"name":"Accueil","item":"https:\/\/repliquemangacine.fr\/"},{"@type":"ListItem","position":2,"name":"Produits","item":"https:\/\/repliquemangacine.fr\/boutique\/"},{"@type":"ListItem","position":3,"name":"Sabre Thranduil Ep\u00e9e Elfique"}]},{"@type":"WebSite","@id":"https:\/\/repliquemangacine.fr\/#website","url":"https:\/\/repliquemangacine.fr\/","name":"R\u00e9plique Manga Cin\u00e9","description":"","publisher":{"@id":"https:\/\/repliquemangacine.fr\/#organization"},"potentialAction":[{"@type":"SearchAction","target":{"@type":"EntryPoint","urlTemplate":"https:\/\/repliquemangacine.fr\/?s={search_term_string}"},"query-input":{"@type":"PropertyValueSpecification","valueRequired":true,"valueName":"search_term_string"}}],"inLanguage":"de"},{"@type":"Organization","@id":"https:\/\/repliquemangacine.fr\/#organization","name":"R\u00e9plique Manga Cin\u00e9","url":"https:\/\/repliquemangacine.fr\/","logo":{"@type":"ImageObject","inLanguage":"de","@id":"https:\/\/repliquemangacine.fr\/#\/schema\/logo\/image\/","url":"https:\/\/repliquemangacine.fr\/wp-content\/uploads\/2023\/10\/RMC-500250.png","contentUrl":"https:\/\/repliquemangacine.fr\/wp-content\/uploads\/2023\/10\/RMC-500250.png","width":500,"height":250,"caption":"R\u00e9plique Manga Cin\u00e9"},"image":{"@id":"https:\/\/repliquemangacine.fr\/#\/schema\/logo\/image\/"},"sameAs":["https:\/\/www.facebook.com\/RepliqueMangaCine","https:\/\/www.instagram.com\/repliquemangacine.fr\/"]}]}},"_links":{"self":[{"href":"https:\/\/repliquemangacine.fr\/de\/wp-json\/wp\/v2\/product\/25551","targetHints":{"allow":["GET"]}}],"collection":[{"href":"https:\/\/repliquemangacine.fr\/de\/wp-json\/wp\/v2\/product"}],"about":[{"href":"https:\/\/repliquemangacine.fr\/de\/wp-json\/wp\/v2\/types\/product"}],"wp:featuredmedia":[{"embeddable":true,"href":"https:\/\/repliquemangacine.fr\/de\/wp-json\/wp\/v2\/media\/25552"}],"wp:attachment":[{"href":"https:\/\/repliquemangacine.fr\/de\/wp-json\/wp\/v2\/media?parent=25551"}],"wp:term":[{"taxonomy":"product_brand","embeddable":true,"href":"https:\/\/repliquemangacine.fr\/de\/wp-json\/wp\/v2\/product_brand?post=25551"},{"taxonomy":"product_cat","embeddable":true,"href":"https:\/\/repliquemangacine.fr\/de\/wp-json\/wp\/v2\/product_cat?post=25551"},{"taxonomy":"product_tag","embeddable":true,"href":"https:\/\/repliquemangacine.fr\/de\/wp-json\/wp\/v2\/product_tag?post=25551"}],"curies":[{"name":"wp","href":"https:\/\/api.w.org\/{rel}","templated":true}]}}