





{"id":25535,"date":"2016-09-10T15:26:45","date_gmt":"2016-09-10T13:26:45","guid":{"rendered":"https:\/\/repliquemangacine.fr\/?post_type=product&#038;p=25535"},"modified":"2026-01-06T19:46:11","modified_gmt":"2026-01-06T18:46:11","slug":"katana-daywalker-blade-schwert","status":"publish","type":"product","link":"https:\/\/repliquemangacine.fr\/de\/super-heros-marvel\/katana-daywalker-epee-de-blade\/","title":{"rendered":"Daywalker Blade-Schwert"},"content":{"rendered":"<h2>Schwert von Blade Daywalker in den Blade-Filmen.<\/h2>\n<p>Zu Beginn wird die<strong>Daywalker Blade-Schwert<\/strong> hat eine speziell gefertigte Titanklinge mit S\u00e4ure\u00e4tzung. Es besteht aus einer geraden, zweischneidigen Klinge, die der eines Langschwerts \u00e4hnelt und in einem Metallgriff endet<\/p>\n<p><a href=\"https:\/\/blade.fandom.com\/wiki\/Blade\" target=\"_blank\" rel=\"noopener noreferrer\">Blade<\/a> ist eine US-amerikanische Filmtrilogie1 von David S. Goyer, die auf der gleichnamigen Figur basiert, die 1973 vom Drehbuchautor Marv Wolfman und dem Zeichner Gene Colan f\u00fcr Marvel Comics geschaffen wurde.<\/p>\n<p>Blade, zynisches Individuum, das sehr entschlossen ist, die Erde von Vampiren zu befreien. Er ist bekannt daf\u00fcr, stoisch, kalt und temperamentvoll zu sein. Wie viele in der Gemeinschaft der Vampirj\u00e4ger hegt Blade einen tiefen Groll gegen die Vampire, haupts\u00e4chlich wegen des Todes seiner Mutter.<\/p>\n<h2>Ihr Daywalker Blade-Schwert zum besten Preis.<\/h2>\n<p>Wir bieten Ihnen eine gro\u00dfe Auswahl an Schwertrepliken und Sammlerst\u00fccken Ihrer Lieblingshelden aus den Filmen.<\/p>\n<p>Zun\u00e4chst<\/p>\n<ul>\n<li>L'<a href=\"https:\/\/repliquemangacine.fr\/de\/superheld\/god-killer-epee-wonder-woman\/\">Schwert God Killer<\/a> Wonder Womans erstes Schwert, das von Ares zerst\u00f6rt wurde.<\/li>\n<li>Anschlie\u00dfend wird die<a href=\"https:\/\/repliquemangacine.fr\/de\/andere-filme\/tapferes-schwert-narnia\/\">Schwert Vaillante<\/a>Der L\u00f6wenkopfknauf wurde von Peter in \"Die Welt von Narnia\" verwendet.<\/li>\n<li>Es gibt auch die<a href=\"https:\/\/repliquemangacine.fr\/de\/filme-tv-serien-verkauf-von-katana-schwertern-und-derivaten\/epee-du-pere-de-conan-le-barbare-conan-father-sword-epee-de-conan\/\">Schwert von Conans Vater<\/a> unter offizieller Lizenz vertrieben von <a href=\"https:\/\/marto.es\/index.php\/es\/\">Marto<\/a>.<\/li>\n<li>Und viele andere, die es in unserem Online-Shop zu entdecken gibt!<\/li>\n<\/ul>\n<p>Deshalb gibt es hier tolle Geschenkideen f\u00fcr alle, die das Marvel-Universum lieben.<\/p>\n<p>Abschlie\u00dfend k\u00f6nnen Sie den<strong>Daywalker Blade-Schwert<\/strong> bei Ihren Cosplay-Paraden. Vor allem aber ist er ein Sammler- und Dekorationsobjekt.<\/p>\n<h2>Wie pflegt man die Klinge seines Marvel-Katanas?<\/h2>\n<p>Katanas f\u00fcr Sammlungen und Dekorationen werden auf vereinfachte Weise hergestellt und zusammengebaut. Da sie zu Dekorationszwecken verwendet werden, fehlen ihnen die Sicherheitsmerkmale, die ein japanisches Schwert f\u00fcr Trainingszwecke aufweisen muss.<\/p>\n<p>Allerdings ist Ihr <strong>Daywalker Blade-Schwert<\/strong> zu einer Stahlklinge, die gepflegt werden muss, damit sie nicht mit der Zeit abgenutzt wird. Denn wenn du dein Katana ausstellst, werden deine Freunde neugierig sein, die Klinge zu sehen und sie zu ber\u00fchren. Hier ist Vorsicht geboten, denn Sie sollten wissen, dass die S\u00e4ure der Finger dem Stahl unabh\u00e4ngig von seiner Qualit\u00e4t sehr schadet.<\/p>\n<p>Wenn dies jedoch passiert, keine Panik, Sie brauchen nur ein Tuch, das mit etwas \u00d6l befeuchtet ist, und wischen die Fingerabdr\u00fccke ab. Wenn Sie dies tun, werden Sie Ihr Schwert sehr lange behalten.<\/p>","protected":false},"excerpt":{"rendered":"<p>Stilisiertes zweischneidiges Schwert.<\/p>\n<ul>\n<li>Vorgeschliffene, nicht schneidende Klinge aus rostfreiem Stahl.<\/li>\n<li>Griff aus Metall.<\/li>\n<li>Mit Kunstleder \u00fcberzogene Holzscheide und Metallbeschl\u00e4ge<\/li>\n<li>ABS-Platte, die die Scheide h\u00e4lt, Riemen, um das Ganze am R\u00fccken zu befestigen.<\/li>\n<li>L\u00e4nge der Klinge: 69 cm - Gesamtl\u00e4nge: 89 cm<\/li>\n<\/ul>","protected":false},"featured_media":25536,"template":"","meta":[],"product_brand":[896],"product_cat":[24,59],"product_tag":[],"class_list":{"0":"post-25535","1":"product","2":"type-product","3":"status-publish","4":"has-post-thumbnail","6":"product_brand-replique-manga-cine","7":"product_cat-films-series-tv-vente-de-katana-epee-et-produits-derives","8":"product_cat-super-heros-marvel","10":"first","11":"instock","12":"taxable","13":"shipping-taxable","14":"purchasable","15":"product-type-simple"},"yoast_head":"<!-- This site is optimized with the Yoast SEO plugin v27.5 - https:\/\/yoast.com\/product\/yoast-seo-wordpress\/ -->\n<title>Ep\u00e9e de Blade Daywalker - Marvel - R\u00e9plique Manga Cin\u00e9<\/title>\n<meta name=\"description\" content=\"Achetez votre Ep\u00e9e de Blade Daywalker au meilleur prix. Lame droite en acier - Fourreau similicuir - Plaque ABS - Longueur totale : 92 cm - Envoi 24\/48h\" \/>\n<meta name=\"robots\" content=\"index, follow, max-snippet:-1, max-image-preview:large, max-video-preview:-1\" \/>\n<link rel=\"canonical\" href=\"https:\/\/repliquemangacine.fr\/de\/marvel-super-heros\/katana-daywalker-blade-schwert\/\" \/>\n<meta property=\"og:locale\" content=\"de_DE\" \/>\n<meta property=\"og:type\" content=\"article\" \/>\n<meta property=\"og:title\" content=\"Ep\u00e9e de Blade Daywalker - Marvel - R\u00e9plique Manga Cin\u00e9\" \/>\n<meta property=\"og:description\" content=\"Achetez votre Ep\u00e9e de Blade Daywalker au meilleur prix. Lame droite en acier - Fourreau similicuir - Plaque ABS - Longueur totale : 92 cm - Envoi 24\/48h\" \/>\n<meta property=\"og:url\" content=\"https:\/\/repliquemangacine.fr\/de\/marvel-super-heros\/katana-daywalker-blade-schwert\/\" \/>\n<meta property=\"og:site_name\" content=\"R\u00e9plique Manga Cin\u00e9\" \/>\n<meta property=\"article:publisher\" content=\"https:\/\/www.facebook.com\/RepliqueMangaCine\" \/>\n<meta property=\"article:modified_time\" content=\"2026-01-06T18:46:11+00:00\" \/>\n<meta property=\"og:image\" content=\"https:\/\/repliquemangacine.fr\/wp-content\/uploads\/2023\/10\/313-Katana-Daywalker-Blade.jpg\" \/>\n\t<meta property=\"og:image:width\" content=\"800\" \/>\n\t<meta property=\"og:image:height\" content=\"800\" \/>\n\t<meta property=\"og:image:type\" content=\"image\/jpeg\" \/>\n<meta name=\"twitter:card\" content=\"summary_large_image\" \/>\n<meta name=\"twitter:label1\" content=\"Gesch\u00e4tzte Lesezeit\" \/>\n\t<meta name=\"twitter:data1\" content=\"3\u00a0Minuten\" \/>\n<script type=\"application\/ld+json\" class=\"yoast-schema-graph\">{\"@context\":\"https:\\\/\\\/schema.org\",\"@graph\":[{\"@type\":\"WebPage\",\"@id\":\"https:\\\/\\\/repliquemangacine.fr\\\/super-heros-marvel\\\/katana-daywalker-epee-de-blade\\\/\",\"url\":\"https:\\\/\\\/repliquemangacine.fr\\\/super-heros-marvel\\\/katana-daywalker-epee-de-blade\\\/\",\"name\":\"Ep\u00e9e de Blade Daywalker - Marvel - R\u00e9plique Manga Cin\u00e9\",\"isPartOf\":{\"@id\":\"https:\\\/\\\/repliquemangacine.fr\\\/#website\"},\"primaryImageOfPage\":{\"@id\":\"https:\\\/\\\/repliquemangacine.fr\\\/super-heros-marvel\\\/katana-daywalker-epee-de-blade\\\/#primaryimage\"},\"image\":{\"@id\":\"https:\\\/\\\/repliquemangacine.fr\\\/super-heros-marvel\\\/katana-daywalker-epee-de-blade\\\/#primaryimage\"},\"thumbnailUrl\":\"https:\\\/\\\/repliquemangacine.fr\\\/wp-content\\\/uploads\\\/2023\\\/10\\\/313-Katana-Daywalker-Blade.jpg\",\"datePublished\":\"2016-09-10T13:26:45+00:00\",\"dateModified\":\"2026-01-06T18:46:11+00:00\",\"description\":\"Achetez votre Ep\u00e9e de Blade Daywalker au meilleur prix. Lame droite en acier - Fourreau similicuir - Plaque ABS - Longueur totale : 92 cm - Envoi 24\\\/48h\",\"breadcrumb\":{\"@id\":\"https:\\\/\\\/repliquemangacine.fr\\\/super-heros-marvel\\\/katana-daywalker-epee-de-blade\\\/#breadcrumb\"},\"inLanguage\":\"de\",\"potentialAction\":[{\"@type\":\"ReadAction\",\"target\":[\"https:\\\/\\\/repliquemangacine.fr\\\/super-heros-marvel\\\/katana-daywalker-epee-de-blade\\\/\"]}]},{\"@type\":\"ImageObject\",\"inLanguage\":\"de\",\"@id\":\"https:\\\/\\\/repliquemangacine.fr\\\/super-heros-marvel\\\/katana-daywalker-epee-de-blade\\\/#primaryimage\",\"url\":\"https:\\\/\\\/repliquemangacine.fr\\\/wp-content\\\/uploads\\\/2023\\\/10\\\/313-Katana-Daywalker-Blade.jpg\",\"contentUrl\":\"https:\\\/\\\/repliquemangacine.fr\\\/wp-content\\\/uploads\\\/2023\\\/10\\\/313-Katana-Daywalker-Blade.jpg\",\"width\":800,\"height\":800,\"caption\":\"Katana Daywalker - Blade\"},{\"@type\":\"BreadcrumbList\",\"@id\":\"https:\\\/\\\/repliquemangacine.fr\\\/super-heros-marvel\\\/katana-daywalker-epee-de-blade\\\/#breadcrumb\",\"itemListElement\":[{\"@type\":\"ListItem\",\"position\":1,\"name\":\"Accueil\",\"item\":\"https:\\\/\\\/repliquemangacine.fr\\\/\"},{\"@type\":\"ListItem\",\"position\":2,\"name\":\"Produits\",\"item\":\"https:\\\/\\\/repliquemangacine.fr\\\/boutique\\\/\"},{\"@type\":\"ListItem\",\"position\":3,\"name\":\"Ep\u00e9e de Blade Daywalker\"}]},{\"@type\":\"WebSite\",\"@id\":\"https:\\\/\\\/repliquemangacine.fr\\\/#website\",\"url\":\"https:\\\/\\\/repliquemangacine.fr\\\/\",\"name\":\"R\u00e9plique Manga Cin\u00e9\",\"description\":\"\",\"publisher\":{\"@id\":\"https:\\\/\\\/repliquemangacine.fr\\\/#organization\"},\"potentialAction\":[{\"@type\":\"SearchAction\",\"target\":{\"@type\":\"EntryPoint\",\"urlTemplate\":\"https:\\\/\\\/repliquemangacine.fr\\\/?s={search_term_string}\"},\"query-input\":{\"@type\":\"PropertyValueSpecification\",\"valueRequired\":true,\"valueName\":\"search_term_string\"}}],\"inLanguage\":\"de\"},{\"@type\":\"Organization\",\"@id\":\"https:\\\/\\\/repliquemangacine.fr\\\/#organization\",\"name\":\"R\u00e9plique Manga Cin\u00e9\",\"url\":\"https:\\\/\\\/repliquemangacine.fr\\\/\",\"logo\":{\"@type\":\"ImageObject\",\"inLanguage\":\"de\",\"@id\":\"https:\\\/\\\/repliquemangacine.fr\\\/#\\\/schema\\\/logo\\\/image\\\/\",\"url\":\"https:\\\/\\\/repliquemangacine.fr\\\/wp-content\\\/uploads\\\/2023\\\/10\\\/RMC-500250.png\",\"contentUrl\":\"https:\\\/\\\/repliquemangacine.fr\\\/wp-content\\\/uploads\\\/2023\\\/10\\\/RMC-500250.png\",\"width\":500,\"height\":250,\"caption\":\"R\u00e9plique Manga Cin\u00e9\"},\"image\":{\"@id\":\"https:\\\/\\\/repliquemangacine.fr\\\/#\\\/schema\\\/logo\\\/image\\\/\"},\"sameAs\":[\"https:\\\/\\\/www.facebook.com\\\/RepliqueMangaCine\",\"https:\\\/\\\/www.instagram.com\\\/repliquemangacine.fr\\\/\"]}]}<\/script>\n<!-- \/ Yoast SEO plugin. -->","yoast_head_json":{"title":"Daywalker Blade-Schwert - Marvel - R\u00e9plique Manga Cin\u00e9","description":"Kaufen Sie Ihr Blade de Daywalker Schwert zum besten Preis. Gerade Klinge aus Stahl - Kunstlederscheide - ABS-Platte - Gesamtl\u00e4nge: 92 cm - Versand 24\/48h","robots":{"index":"index","follow":"follow","max-snippet":"max-snippet:-1","max-image-preview":"max-image-preview:large","max-video-preview":"max-video-preview:-1"},"canonical":"https:\/\/repliquemangacine.fr\/de\/marvel-super-heros\/katana-daywalker-blade-schwert\/","og_locale":"de_DE","og_type":"article","og_title":"Ep\u00e9e de Blade Daywalker - Marvel - R\u00e9plique Manga Cin\u00e9","og_description":"Achetez votre Ep\u00e9e de Blade Daywalker au meilleur prix. Lame droite en acier - Fourreau similicuir - Plaque ABS - Longueur totale : 92 cm - Envoi 24\/48h","og_url":"https:\/\/repliquemangacine.fr\/de\/marvel-super-heros\/katana-daywalker-blade-schwert\/","og_site_name":"R\u00e9plique Manga Cin\u00e9","article_publisher":"https:\/\/www.facebook.com\/RepliqueMangaCine","article_modified_time":"2026-01-06T18:46:11+00:00","og_image":[{"width":800,"height":800,"url":"https:\/\/repliquemangacine.fr\/wp-content\/uploads\/2023\/10\/313-Katana-Daywalker-Blade.jpg","type":"image\/jpeg"}],"twitter_card":"summary_large_image","twitter_misc":{"Gesch\u00e4tzte Lesezeit":"3\u00a0Minuten"},"schema":{"@context":"https:\/\/schema.org","@graph":[{"@type":"WebPage","@id":"https:\/\/repliquemangacine.fr\/super-heros-marvel\/katana-daywalker-epee-de-blade\/","url":"https:\/\/repliquemangacine.fr\/super-heros-marvel\/katana-daywalker-epee-de-blade\/","name":"Daywalker Blade-Schwert - Marvel - R\u00e9plique Manga Cin\u00e9","isPartOf":{"@id":"https:\/\/repliquemangacine.fr\/#website"},"primaryImageOfPage":{"@id":"https:\/\/repliquemangacine.fr\/super-heros-marvel\/katana-daywalker-epee-de-blade\/#primaryimage"},"image":{"@id":"https:\/\/repliquemangacine.fr\/super-heros-marvel\/katana-daywalker-epee-de-blade\/#primaryimage"},"thumbnailUrl":"https:\/\/repliquemangacine.fr\/wp-content\/uploads\/2023\/10\/313-Katana-Daywalker-Blade.jpg","datePublished":"2016-09-10T13:26:45+00:00","dateModified":"2026-01-06T18:46:11+00:00","description":"Kaufen Sie Ihr Blade de Daywalker Schwert zum besten Preis. Gerade Klinge aus Stahl - Kunstlederscheide - ABS-Platte - Gesamtl\u00e4nge: 92 cm - Versand 24\/48h","breadcrumb":{"@id":"https:\/\/repliquemangacine.fr\/super-heros-marvel\/katana-daywalker-epee-de-blade\/#breadcrumb"},"inLanguage":"de","potentialAction":[{"@type":"ReadAction","target":["https:\/\/repliquemangacine.fr\/super-heros-marvel\/katana-daywalker-epee-de-blade\/"]}]},{"@type":"ImageObject","inLanguage":"de","@id":"https:\/\/repliquemangacine.fr\/super-heros-marvel\/katana-daywalker-epee-de-blade\/#primaryimage","url":"https:\/\/repliquemangacine.fr\/wp-content\/uploads\/2023\/10\/313-Katana-Daywalker-Blade.jpg","contentUrl":"https:\/\/repliquemangacine.fr\/wp-content\/uploads\/2023\/10\/313-Katana-Daywalker-Blade.jpg","width":800,"height":800,"caption":"Katana Daywalker - Blade"},{"@type":"BreadcrumbList","@id":"https:\/\/repliquemangacine.fr\/super-heros-marvel\/katana-daywalker-epee-de-blade\/#breadcrumb","itemListElement":[{"@type":"ListItem","position":1,"name":"Accueil","item":"https:\/\/repliquemangacine.fr\/"},{"@type":"ListItem","position":2,"name":"Produits","item":"https:\/\/repliquemangacine.fr\/boutique\/"},{"@type":"ListItem","position":3,"name":"Ep\u00e9e de Blade Daywalker"}]},{"@type":"WebSite","@id":"https:\/\/repliquemangacine.fr\/#website","url":"https:\/\/repliquemangacine.fr\/","name":"R\u00e9plique Manga Cin\u00e9","description":"","publisher":{"@id":"https:\/\/repliquemangacine.fr\/#organization"},"potentialAction":[{"@type":"SearchAction","target":{"@type":"EntryPoint","urlTemplate":"https:\/\/repliquemangacine.fr\/?s={search_term_string}"},"query-input":{"@type":"PropertyValueSpecification","valueRequired":true,"valueName":"search_term_string"}}],"inLanguage":"de"},{"@type":"Organization","@id":"https:\/\/repliquemangacine.fr\/#organization","name":"R\u00e9plique Manga Cin\u00e9","url":"https:\/\/repliquemangacine.fr\/","logo":{"@type":"ImageObject","inLanguage":"de","@id":"https:\/\/repliquemangacine.fr\/#\/schema\/logo\/image\/","url":"https:\/\/repliquemangacine.fr\/wp-content\/uploads\/2023\/10\/RMC-500250.png","contentUrl":"https:\/\/repliquemangacine.fr\/wp-content\/uploads\/2023\/10\/RMC-500250.png","width":500,"height":250,"caption":"R\u00e9plique Manga Cin\u00e9"},"image":{"@id":"https:\/\/repliquemangacine.fr\/#\/schema\/logo\/image\/"},"sameAs":["https:\/\/www.facebook.com\/RepliqueMangaCine","https:\/\/www.instagram.com\/repliquemangacine.fr\/"]}]}},"_links":{"self":[{"href":"https:\/\/repliquemangacine.fr\/de\/wp-json\/wp\/v2\/product\/25535","targetHints":{"allow":["GET"]}}],"collection":[{"href":"https:\/\/repliquemangacine.fr\/de\/wp-json\/wp\/v2\/product"}],"about":[{"href":"https:\/\/repliquemangacine.fr\/de\/wp-json\/wp\/v2\/types\/product"}],"wp:featuredmedia":[{"embeddable":true,"href":"https:\/\/repliquemangacine.fr\/de\/wp-json\/wp\/v2\/media\/25536"}],"wp:attachment":[{"href":"https:\/\/repliquemangacine.fr\/de\/wp-json\/wp\/v2\/media?parent=25535"}],"wp:term":[{"taxonomy":"product_brand","embeddable":true,"href":"https:\/\/repliquemangacine.fr\/de\/wp-json\/wp\/v2\/product_brand?post=25535"},{"taxonomy":"product_cat","embeddable":true,"href":"https:\/\/repliquemangacine.fr\/de\/wp-json\/wp\/v2\/product_cat?post=25535"},{"taxonomy":"product_tag","embeddable":true,"href":"https:\/\/repliquemangacine.fr\/de\/wp-json\/wp\/v2\/product_tag?post=25535"}],"curies":[{"name":"wp","href":"https:\/\/api.w.org\/{rel}","templated":true}]}}