





{"id":25526,"date":"2016-09-09T17:55:24","date_gmt":"2016-09-09T15:55:24","guid":{"rendered":"https:\/\/repliquemangacine.fr\/?post_type=product&#038;p=25526"},"modified":"2026-02-17T10:15:20","modified_gmt":"2026-02-17T09:15:20","slug":"katana-yamoto-vergil-dmc-devil-my-cry","status":"publish","type":"product","link":"https:\/\/repliquemangacine.fr\/de\/katana-et-epee-de-jeux-video-autre-jeux-video\/katana-yamoto-vergil-dmc-devil-my-cry\/","title":{"rendered":"Katana Yamoto Vergil DMC"},"content":{"rendered":"<h2>Katana Yamoto Vergil Dmc - Devil May Cry<\/h2>\n<p>Zu Beginn wird der <strong>Katana Yamoto Vergil Dmc<\/strong> ist ein legend\u00e4res Schwert, das in Devil My Cry auftaucht. Es wird Yamato genannt, wurde einst von seinem Vater Sparda benutzt und Vergil als Andenken hinterlassen. Vergil verwendet eine F\u00e4higkeit namens Judgment Cut, bei der er so schnell schwingt, dass Yamato nicht einmal seine Scheide zu verlassen scheint.<\/p>\n<p>Au\u00dferdem hei\u00dft es, dass das Schwert in der Lage ist, alles zu durchtrennen, sogar den Weltraum selbst. Es wurde gezeigt, dass nur die Rebellion in der Lage ist, die Yamato-Schl\u00e4ge zu stoppen.<\/p>\n<p><a href=\"https:\/\/devilmaycrydmc.fandom.com\/fr\/wiki\/Vergil_(DmC)#Personnalit\u00e9\" target=\"_blank\" rel=\"noopener noreferrer\">Vergil<\/a> ist der Anf\u00fchrer des \"Ordens\" und der Zwillingsbruder von Dante in DmC: Devil May Cry. Er ist halb D\u00e4mon und halb Mensch.<\/p>\n<p>Vergils Pers\u00f6nlichkeit ist fast das genaue Gegenteil von Dante: ruhig, intelligent, respektvoll und h\u00f6flich.<\/p>\n<h2>Katana Yamoto Vergil Dmc zum besten Preis.<\/h2>\n<p>Wir bieten Ihnen eine gro\u00dfe Auswahl an Repliken von Devil My Cry und anderen Videospielen.<\/p>\n<p>Zun\u00e4chst einmal,<\/p>\n<ul>\n<li>Die beeindruckende Nachbildung des<a href=\"https:\/\/repliquemangacine.fr\/de\/andere-videospiele\/butterfly-epee-dota-2\/\">Schwert Schmetterling Butterfly<\/a> in Dota 2.<\/li>\n<li>Sowie den Schl\u00fcssel von Sora, die <a href=\"https:\/\/repliquemangacine.fr\/de\/andere-videospiele\/kingdom-hearts-keyblade-de-sora\/\">Keyblade<\/a> in Kingdom Hearts<\/li>\n<li>Es gibt auch die<a href=\"https:\/\/repliquemangacine.fr\/de\/andere-videospiele\/schwert-honor-of-king-li-bais-lotus-sword\/\">Lotusschwert<\/a> von Li Bai's in \"Honor of King\".<\/li>\n<li>Und viele andere, die es in unserem Online-Shop zu entdecken gibt!<\/li>\n<\/ul>\n<p>Das sind tolle Geschenkideen f\u00fcr alle Fans von Manga und Videospielen.<\/p>\n<p>Abschlie\u00dfend k\u00f6nnen Sie den <strong>Katana Yamoto Vergil Dmc<\/strong> f\u00fcr Ihre Cosplay-Paraden oder Themenabende. Vor allem aber ist dieses Schwert ein Sammler- und Dekorationsst\u00fcck.<\/p>\n<p>R\u00e9plique Manga Cin\u00e9 ist ein franz\u00f6sisches Unternehmen<\/p>\n<h2>Wie pflegt man die Klinge des Katanas von Devil My Cry?<\/h2>\n<p>Katanas f\u00fcr Sammlungen und Dekorationen werden auf vereinfachte Weise hergestellt und zusammengebaut. Da sie zu Dekorationszwecken verwendet werden, fehlen ihnen die Sicherheitsmerkmale, die ein japanisches Schwert f\u00fcr Trainingszwecke aufweisen muss.<\/p>\n<p>Allerdings ist Ihr <strong>katana Yamoto Vergil Dmc<\/strong> zu einer Stahlklinge, die gepflegt werden muss, damit sie nicht mit der Zeit abgenutzt wird. Denn wenn du dein Katana ausstellst, werden deine Freunde neugierig sein, die Klinge zu sehen und sie zu ber\u00fchren. Hier ist Vorsicht geboten, denn Sie sollten wissen, dass die S\u00e4ure der Finger dem Stahl unabh\u00e4ngig von seiner Qualit\u00e4t sehr schadet.<\/p>\n<p>Wenn dies jedoch passiert, keine Panik, Sie brauchen nur ein Tuch, das mit etwas \u00d6l befeuchtet ist, und wischen die Fingerabdr\u00fccke ab. Wenn Sie dies tun, werden Sie Ihr Schwert sehr lange behalten.<\/p>","protected":false},"excerpt":{"rendered":"<p>Yamoto, legend\u00e4res Schwert von Vergil in DMC.<\/p>\n<ul>\n<li>Vorgeschliffene, nicht scharfe Stahlklinge.<\/li>\n<li>Garde und Knauf aus Metall.<\/li>\n<li>Scheide aus schwarz lackiertem Holz.<\/li>\n<li>Klingenl\u00e4nge:67 cm - Gesamtl\u00e4nge: 102 cm - Gesamtgewicht: 1150 grs<\/li>\n<\/ul>","protected":false},"featured_media":25527,"template":"","meta":[],"product_brand":[896],"product_cat":[880,23,67],"product_tag":[],"class_list":{"0":"post-25526","1":"product","2":"type-product","3":"status-publish","4":"has-post-thumbnail","6":"product_brand-replique-manga-cine","7":"product_cat-devil-may-cry","8":"product_cat-repliques-manga-jeux-video","9":"product_cat-katana-et-epee-de-jeux-video-autre-jeux-video","11":"first","12":"instock","13":"taxable","14":"shipping-taxable","15":"purchasable","16":"product-type-simple"},"yoast_head":"<!-- This site is optimized with the Yoast SEO plugin v27.5 - https:\/\/yoast.com\/product\/yoast-seo-wordpress\/ -->\n<title>Katana Yamoto Vergil Dmc - Devil My Cry - Vente en ligne | RMC<\/title>\n<meta name=\"description\" content=\"Commandez vite ! Le Katana Yamoto Vergil DMC pas cher. Lame acier - Fourreau bois - Garde en acier - \u00c9chelle 1\/1 - Longueur totale : 102 cm - Envoi 24\/48h\" \/>\n<meta name=\"robots\" content=\"index, follow, max-snippet:-1, max-image-preview:large, max-video-preview:-1\" \/>\n<link rel=\"canonical\" href=\"https:\/\/repliquemangacine.fr\/de\/katana-und-schwert-von-videospielen-andere-videospiele\/katana-yamoto-vergil-dmc-devil-my-cry\/\" \/>\n<meta property=\"og:locale\" content=\"de_DE\" \/>\n<meta property=\"og:type\" content=\"article\" \/>\n<meta property=\"og:title\" content=\"Katana Yamoto Vergil Dmc - Devil My Cry - Vente en ligne | RMC\" \/>\n<meta property=\"og:description\" content=\"Commandez vite ! Le Katana Yamoto Vergil DMC pas cher. Lame acier - Fourreau bois - Garde en acier - \u00c9chelle 1\/1 - Longueur totale : 102 cm - Envoi 24\/48h\" \/>\n<meta property=\"og:url\" content=\"https:\/\/repliquemangacine.fr\/de\/katana-und-schwert-von-videospielen-andere-videospiele\/katana-yamoto-vergil-dmc-devil-my-cry\/\" \/>\n<meta property=\"og:site_name\" content=\"R\u00e9plique Manga Cin\u00e9\" \/>\n<meta property=\"article:publisher\" content=\"https:\/\/www.facebook.com\/RepliqueMangaCine\" \/>\n<meta property=\"article:modified_time\" content=\"2026-02-17T09:15:20+00:00\" \/>\n<meta property=\"og:image\" content=\"https:\/\/repliquemangacine.fr\/wp-content\/uploads\/2023\/10\/305-Katana-de-Vergil-Devil-My-Cry.jpg\" \/>\n\t<meta property=\"og:image:width\" content=\"800\" \/>\n\t<meta property=\"og:image:height\" content=\"800\" \/>\n\t<meta property=\"og:image:type\" content=\"image\/jpeg\" \/>\n<meta name=\"twitter:card\" content=\"summary_large_image\" \/>\n<meta name=\"twitter:label1\" content=\"Gesch\u00e4tzte Lesezeit\" \/>\n\t<meta name=\"twitter:data1\" content=\"3\u00a0Minuten\" \/>\n<script type=\"application\/ld+json\" class=\"yoast-schema-graph\">{\"@context\":\"https:\\\/\\\/schema.org\",\"@graph\":[{\"@type\":\"WebPage\",\"@id\":\"https:\\\/\\\/repliquemangacine.fr\\\/katana-et-epee-de-jeux-video-autre-jeux-video\\\/katana-yamoto-vergil-dmc-devil-my-cry\\\/\",\"url\":\"https:\\\/\\\/repliquemangacine.fr\\\/katana-et-epee-de-jeux-video-autre-jeux-video\\\/katana-yamoto-vergil-dmc-devil-my-cry\\\/\",\"name\":\"Katana Yamoto Vergil Dmc - Devil My Cry - Vente en ligne | RMC\",\"isPartOf\":{\"@id\":\"https:\\\/\\\/repliquemangacine.fr\\\/#website\"},\"primaryImageOfPage\":{\"@id\":\"https:\\\/\\\/repliquemangacine.fr\\\/katana-et-epee-de-jeux-video-autre-jeux-video\\\/katana-yamoto-vergil-dmc-devil-my-cry\\\/#primaryimage\"},\"image\":{\"@id\":\"https:\\\/\\\/repliquemangacine.fr\\\/katana-et-epee-de-jeux-video-autre-jeux-video\\\/katana-yamoto-vergil-dmc-devil-my-cry\\\/#primaryimage\"},\"thumbnailUrl\":\"https:\\\/\\\/repliquemangacine.fr\\\/wp-content\\\/uploads\\\/2023\\\/10\\\/305-Katana-de-Vergil-Devil-My-Cry.jpg\",\"datePublished\":\"2016-09-09T15:55:24+00:00\",\"dateModified\":\"2026-02-17T09:15:20+00:00\",\"description\":\"Commandez vite ! Le Katana Yamoto Vergil DMC pas cher. Lame acier - Fourreau bois - Garde en acier - \u00c9chelle 1\\\/1 - Longueur totale : 102 cm - Envoi 24\\\/48h\",\"breadcrumb\":{\"@id\":\"https:\\\/\\\/repliquemangacine.fr\\\/katana-et-epee-de-jeux-video-autre-jeux-video\\\/katana-yamoto-vergil-dmc-devil-my-cry\\\/#breadcrumb\"},\"inLanguage\":\"de\",\"potentialAction\":[{\"@type\":\"ReadAction\",\"target\":[\"https:\\\/\\\/repliquemangacine.fr\\\/katana-et-epee-de-jeux-video-autre-jeux-video\\\/katana-yamoto-vergil-dmc-devil-my-cry\\\/\"]}]},{\"@type\":\"ImageObject\",\"inLanguage\":\"de\",\"@id\":\"https:\\\/\\\/repliquemangacine.fr\\\/katana-et-epee-de-jeux-video-autre-jeux-video\\\/katana-yamoto-vergil-dmc-devil-my-cry\\\/#primaryimage\",\"url\":\"https:\\\/\\\/repliquemangacine.fr\\\/wp-content\\\/uploads\\\/2023\\\/10\\\/305-Katana-de-Vergil-Devil-My-Cry.jpg\",\"contentUrl\":\"https:\\\/\\\/repliquemangacine.fr\\\/wp-content\\\/uploads\\\/2023\\\/10\\\/305-Katana-de-Vergil-Devil-My-Cry.jpg\",\"width\":800,\"height\":800,\"caption\":\"Katana Yamoto Vergil DMC- Devil My Cry\"},{\"@type\":\"BreadcrumbList\",\"@id\":\"https:\\\/\\\/repliquemangacine.fr\\\/katana-et-epee-de-jeux-video-autre-jeux-video\\\/katana-yamoto-vergil-dmc-devil-my-cry\\\/#breadcrumb\",\"itemListElement\":[{\"@type\":\"ListItem\",\"position\":1,\"name\":\"Accueil\",\"item\":\"https:\\\/\\\/repliquemangacine.fr\\\/\"},{\"@type\":\"ListItem\",\"position\":2,\"name\":\"Produits\",\"item\":\"https:\\\/\\\/repliquemangacine.fr\\\/boutique\\\/\"},{\"@type\":\"ListItem\",\"position\":3,\"name\":\"Katana Yamoto Vergil DMC\"}]},{\"@type\":\"WebSite\",\"@id\":\"https:\\\/\\\/repliquemangacine.fr\\\/#website\",\"url\":\"https:\\\/\\\/repliquemangacine.fr\\\/\",\"name\":\"R\u00e9plique Manga Cin\u00e9\",\"description\":\"\",\"publisher\":{\"@id\":\"https:\\\/\\\/repliquemangacine.fr\\\/#organization\"},\"potentialAction\":[{\"@type\":\"SearchAction\",\"target\":{\"@type\":\"EntryPoint\",\"urlTemplate\":\"https:\\\/\\\/repliquemangacine.fr\\\/?s={search_term_string}\"},\"query-input\":{\"@type\":\"PropertyValueSpecification\",\"valueRequired\":true,\"valueName\":\"search_term_string\"}}],\"inLanguage\":\"de\"},{\"@type\":\"Organization\",\"@id\":\"https:\\\/\\\/repliquemangacine.fr\\\/#organization\",\"name\":\"R\u00e9plique Manga Cin\u00e9\",\"url\":\"https:\\\/\\\/repliquemangacine.fr\\\/\",\"logo\":{\"@type\":\"ImageObject\",\"inLanguage\":\"de\",\"@id\":\"https:\\\/\\\/repliquemangacine.fr\\\/#\\\/schema\\\/logo\\\/image\\\/\",\"url\":\"https:\\\/\\\/repliquemangacine.fr\\\/wp-content\\\/uploads\\\/2023\\\/10\\\/RMC-500250.png\",\"contentUrl\":\"https:\\\/\\\/repliquemangacine.fr\\\/wp-content\\\/uploads\\\/2023\\\/10\\\/RMC-500250.png\",\"width\":500,\"height\":250,\"caption\":\"R\u00e9plique Manga Cin\u00e9\"},\"image\":{\"@id\":\"https:\\\/\\\/repliquemangacine.fr\\\/#\\\/schema\\\/logo\\\/image\\\/\"},\"sameAs\":[\"https:\\\/\\\/www.facebook.com\\\/RepliqueMangaCine\",\"https:\\\/\\\/www.instagram.com\\\/repliquemangacine.fr\\\/\"]}]}<\/script>\n<!-- \/ Yoast SEO plugin. -->","yoast_head_json":{"title":"Katana Yamoto Vergil Dmc - Devil My Cry - Online Verkauf | RMC","description":"Bestellen Sie schnell! Das Katana Yamoto Vergil DMC g\u00fcnstig kaufen. Stahlklinge - Holzscheide - Stahlschutzb\u00fcgel - Ma\u00dfstab 1\/1 - Gesamtl\u00e4nge: 102 cm - Versand 24\/48h","robots":{"index":"index","follow":"follow","max-snippet":"max-snippet:-1","max-image-preview":"max-image-preview:large","max-video-preview":"max-video-preview:-1"},"canonical":"https:\/\/repliquemangacine.fr\/de\/katana-und-schwert-von-videospielen-andere-videospiele\/katana-yamoto-vergil-dmc-devil-my-cry\/","og_locale":"de_DE","og_type":"article","og_title":"Katana Yamoto Vergil Dmc - Devil My Cry - Vente en ligne | RMC","og_description":"Commandez vite ! Le Katana Yamoto Vergil DMC pas cher. Lame acier - Fourreau bois - Garde en acier - \u00c9chelle 1\/1 - Longueur totale : 102 cm - Envoi 24\/48h","og_url":"https:\/\/repliquemangacine.fr\/de\/katana-und-schwert-von-videospielen-andere-videospiele\/katana-yamoto-vergil-dmc-devil-my-cry\/","og_site_name":"R\u00e9plique Manga Cin\u00e9","article_publisher":"https:\/\/www.facebook.com\/RepliqueMangaCine","article_modified_time":"2026-02-17T09:15:20+00:00","og_image":[{"width":800,"height":800,"url":"https:\/\/repliquemangacine.fr\/wp-content\/uploads\/2023\/10\/305-Katana-de-Vergil-Devil-My-Cry.jpg","type":"image\/jpeg"}],"twitter_card":"summary_large_image","twitter_misc":{"Gesch\u00e4tzte Lesezeit":"3\u00a0Minuten"},"schema":{"@context":"https:\/\/schema.org","@graph":[{"@type":"WebPage","@id":"https:\/\/repliquemangacine.fr\/katana-et-epee-de-jeux-video-autre-jeux-video\/katana-yamoto-vergil-dmc-devil-my-cry\/","url":"https:\/\/repliquemangacine.fr\/katana-et-epee-de-jeux-video-autre-jeux-video\/katana-yamoto-vergil-dmc-devil-my-cry\/","name":"Katana Yamoto Vergil Dmc - Devil My Cry - Online Verkauf | RMC","isPartOf":{"@id":"https:\/\/repliquemangacine.fr\/#website"},"primaryImageOfPage":{"@id":"https:\/\/repliquemangacine.fr\/katana-et-epee-de-jeux-video-autre-jeux-video\/katana-yamoto-vergil-dmc-devil-my-cry\/#primaryimage"},"image":{"@id":"https:\/\/repliquemangacine.fr\/katana-et-epee-de-jeux-video-autre-jeux-video\/katana-yamoto-vergil-dmc-devil-my-cry\/#primaryimage"},"thumbnailUrl":"https:\/\/repliquemangacine.fr\/wp-content\/uploads\/2023\/10\/305-Katana-de-Vergil-Devil-My-Cry.jpg","datePublished":"2016-09-09T15:55:24+00:00","dateModified":"2026-02-17T09:15:20+00:00","description":"Bestellen Sie schnell! Das Katana Yamoto Vergil DMC g\u00fcnstig kaufen. Stahlklinge - Holzscheide - Stahlschutzb\u00fcgel - Ma\u00dfstab 1\/1 - Gesamtl\u00e4nge: 102 cm - Versand 24\/48h","breadcrumb":{"@id":"https:\/\/repliquemangacine.fr\/katana-et-epee-de-jeux-video-autre-jeux-video\/katana-yamoto-vergil-dmc-devil-my-cry\/#breadcrumb"},"inLanguage":"de","potentialAction":[{"@type":"ReadAction","target":["https:\/\/repliquemangacine.fr\/katana-et-epee-de-jeux-video-autre-jeux-video\/katana-yamoto-vergil-dmc-devil-my-cry\/"]}]},{"@type":"ImageObject","inLanguage":"de","@id":"https:\/\/repliquemangacine.fr\/katana-et-epee-de-jeux-video-autre-jeux-video\/katana-yamoto-vergil-dmc-devil-my-cry\/#primaryimage","url":"https:\/\/repliquemangacine.fr\/wp-content\/uploads\/2023\/10\/305-Katana-de-Vergil-Devil-My-Cry.jpg","contentUrl":"https:\/\/repliquemangacine.fr\/wp-content\/uploads\/2023\/10\/305-Katana-de-Vergil-Devil-My-Cry.jpg","width":800,"height":800,"caption":"Katana Yamoto Vergil DMC- Devil My Cry"},{"@type":"BreadcrumbList","@id":"https:\/\/repliquemangacine.fr\/katana-et-epee-de-jeux-video-autre-jeux-video\/katana-yamoto-vergil-dmc-devil-my-cry\/#breadcrumb","itemListElement":[{"@type":"ListItem","position":1,"name":"Accueil","item":"https:\/\/repliquemangacine.fr\/"},{"@type":"ListItem","position":2,"name":"Produits","item":"https:\/\/repliquemangacine.fr\/boutique\/"},{"@type":"ListItem","position":3,"name":"Katana Yamoto Vergil DMC"}]},{"@type":"WebSite","@id":"https:\/\/repliquemangacine.fr\/#website","url":"https:\/\/repliquemangacine.fr\/","name":"R\u00e9plique Manga Cin\u00e9","description":"","publisher":{"@id":"https:\/\/repliquemangacine.fr\/#organization"},"potentialAction":[{"@type":"SearchAction","target":{"@type":"EntryPoint","urlTemplate":"https:\/\/repliquemangacine.fr\/?s={search_term_string}"},"query-input":{"@type":"PropertyValueSpecification","valueRequired":true,"valueName":"search_term_string"}}],"inLanguage":"de"},{"@type":"Organization","@id":"https:\/\/repliquemangacine.fr\/#organization","name":"R\u00e9plique Manga Cin\u00e9","url":"https:\/\/repliquemangacine.fr\/","logo":{"@type":"ImageObject","inLanguage":"de","@id":"https:\/\/repliquemangacine.fr\/#\/schema\/logo\/image\/","url":"https:\/\/repliquemangacine.fr\/wp-content\/uploads\/2023\/10\/RMC-500250.png","contentUrl":"https:\/\/repliquemangacine.fr\/wp-content\/uploads\/2023\/10\/RMC-500250.png","width":500,"height":250,"caption":"R\u00e9plique Manga Cin\u00e9"},"image":{"@id":"https:\/\/repliquemangacine.fr\/#\/schema\/logo\/image\/"},"sameAs":["https:\/\/www.facebook.com\/RepliqueMangaCine","https:\/\/www.instagram.com\/repliquemangacine.fr\/"]}]}},"_links":{"self":[{"href":"https:\/\/repliquemangacine.fr\/de\/wp-json\/wp\/v2\/product\/25526","targetHints":{"allow":["GET"]}}],"collection":[{"href":"https:\/\/repliquemangacine.fr\/de\/wp-json\/wp\/v2\/product"}],"about":[{"href":"https:\/\/repliquemangacine.fr\/de\/wp-json\/wp\/v2\/types\/product"}],"wp:featuredmedia":[{"embeddable":true,"href":"https:\/\/repliquemangacine.fr\/de\/wp-json\/wp\/v2\/media\/25527"}],"wp:attachment":[{"href":"https:\/\/repliquemangacine.fr\/de\/wp-json\/wp\/v2\/media?parent=25526"}],"wp:term":[{"taxonomy":"product_brand","embeddable":true,"href":"https:\/\/repliquemangacine.fr\/de\/wp-json\/wp\/v2\/product_brand?post=25526"},{"taxonomy":"product_cat","embeddable":true,"href":"https:\/\/repliquemangacine.fr\/de\/wp-json\/wp\/v2\/product_cat?post=25526"},{"taxonomy":"product_tag","embeddable":true,"href":"https:\/\/repliquemangacine.fr\/de\/wp-json\/wp\/v2\/product_tag?post=25526"}],"curies":[{"name":"wp","href":"https:\/\/api.w.org\/{rel}","templated":true}]}}