





{"id":25521,"date":"2021-08-09T19:36:50","date_gmt":"2021-08-09T17:36:50","guid":{"rendered":"https:\/\/repliquemangacine.fr\/?post_type=product&#038;p=25521"},"modified":"2025-12-05T20:24:24","modified_gmt":"2025-12-05T19:24:24","slug":"keyblade-verlorene-erinnerung-kingdom-hearts","status":"publish","type":"product","link":"https:\/\/repliquemangacine.fr\/de\/katana-et-epee-de-jeux-video-autre-jeux-video\/keyblade-souvenir-perdue-kingdom-hearts\/","title":{"rendered":"Keyblade Verlorenes Andenken - Kingdom Hearts"},"content":{"rendered":"<h2>Keyblade Verlorenes Souvenir Kingdom Hearts<\/h2>\n<p>Zu Beginn wird die <strong>Keyblade <a href=\"https:\/\/kingdomhearts.fandom.com\/fr\/wiki\/Souvenir_Perdu_(Sora)\" target=\"_blank\" rel=\"noopener noreferrer\">Verlorenes Andenken<\/a><\/strong> (Oblivion auf Englisch) tauchte zum ersten Mal in Kingdom Hearts auf. Dieses Schl\u00fcsselschwert repr\u00e4sentiert die Figuren Riku und sp\u00e4ter Xion.<\/p>\n<p>Dieses Schl\u00fcsselschwert ist eines der m\u00e4chtigsten in Bezug auf den Angriff. Es strahlt nur schwarze Sterne mit violettem Rand aus, wenn man damit zuschl\u00e4gt.<\/p>\n<p>Das Keyblade ist \u00fcbrigens eine geheimnisvolle Waffe, die einem Schl\u00fcssel \u00e4hnelt und in der gesamten Kingdom Hearts-Reihe vorkommt. Sie wird von den Helden der Serie, Sora, Riku und Xion, beherrscht und ist Teil des Kampfes zwischen Licht und Dunkelheit.<\/p>\n<p>In Form von Schl\u00fcsseln bet\u00e4tigen sie jedes vorhandene Schloss und sind mit Magie und anderen einzigartigen F\u00e4higkeiten durchdrungen. Keyblade-Tr\u00e4ger k\u00f6nnen ihre Kr\u00e4fte an die n\u00e4chste Generation \"vererben\", indem sie auf w\u00fcrdige Individuen treffen.<\/p>\n<h2>Ihr Keyblade Verlorenes Souvenir zum besten Preis.<\/h2>\n<p>Wir bieten Ihnen eine gro\u00dfe Auswahl an Repliken von Anime-Mangas und Videospielen.<\/p>\n<p>Zun\u00e4chst einmal,<\/p>\n<ul>\n<li>Die beeindruckende Nachbildung der <a href=\"https:\/\/repliquemangacine.fr\/de\/andere-videospiele\/keyblade-tete-de-citrouille-pumpkin-head\/\">Keyblade K\u00fcrbiskopf.<\/a><\/li>\n<li>Sowie die Replik der <a href=\"https:\/\/repliquemangacine.fr\/de\/andere-videospiele\/keyblade-moos-oathkeeper-zartlich-versprechen-kingdom-hearts\/\">Keyblade Schaum Oathkeeper<\/a> Zartes Versprechen, das vom Videospiel Kingdom Hearts inspiriert wurde.<\/li>\n<li>Und viele andere, die es in unserem Online-Shop zu entdecken gibt!<\/li>\n<\/ul>\n<p>Deshalb gibt es hier einige gro\u00dfartige Geschenkideen f\u00fcr alle Fans von Kingdom Hearts.<\/p>\n<p>Abschlie\u00dfend l\u00e4sst sich sagen, dass Sie das Keyblade Souvenir Perdu f\u00fcr Ihre Cosplay-Paraden oder Themenpartys verwenden k\u00f6nnen. In erster Linie ist dieses Schwert jedoch ein Sammler- und Dekorationsst\u00fcck.<\/p>\n<p>R\u00e9plique Manga Cin\u00e9 ist ein franz\u00f6sisches Unternehmen<\/p>\n<h2>Wie pflegt man seinen Schl\u00fcssel?<\/h2>\n<p>Die Schl\u00fcssel zu Sammlungen und Dekorationen werden auf vereinfachte Weise hergestellt und zusammengesetzt. Da sie zu Dekorationszwecken verwendet werden, verf\u00fcgen sie nicht \u00fcber die Sicherheitselemente, die f\u00fcr ein japanisches Schwert zum Training erforderlich sind.<\/p>\n<p>Allerdings ist Ihr <strong>Keyblade Verlorenes Andenken<\/strong> ist aus Stahl und muss gepflegt werden, damit es mit der Zeit nicht besch\u00e4digt wird. Denn Sie werden Ihr Katana ausstellen, Ihre Freunde werden neugierig sein, die Klinge zu sehen und anzufassen. Hier ist Vorsicht geboten, denn Sie m\u00fcssen wissen, dass die S\u00e4ure der Finger f\u00fcr Stahl, unabh\u00e4ngig von seiner Qualit\u00e4t, sehr sch\u00e4dlich ist.<\/p>\n<p>Wenn dies jedoch passiert, keine Panik, Sie brauchen nur ein Tuch, das mit etwas \u00d6l befeuchtet ist, und wischen die Fingerabdr\u00fccke ab. Wenn Sie dies tun, werden Sie Ihr Schwert sehr lange behalten.<\/p>\n<p><strong>\u00a0<\/strong><\/p>","protected":false},"excerpt":{"rendered":"<p>Verlorenes Andenken (engl. Oblivion) ist eine Keyblade, die in der gesamten Kingdom Hearts-Reihe auftaucht.<\/p>\n<ul>\n<li>Komplett aus Metall gefertigt.<\/li>\n<li>Dieser Schl\u00fcssel hat keine Klinge.<\/li>\n<li>Der Griff bewegt sich entsprechend Ihren Bewegungen.<\/li>\n<li>Chainette mit einer Krone.<\/li>\n<li>Gesamtl\u00e4nge: 91 cm - Gesamtgewicht: 990 grs<\/li>\n<\/ul>","protected":false},"featured_media":25522,"template":"","meta":[],"product_brand":[896],"product_cat":[23,67],"product_tag":[],"class_list":{"0":"post-25521","1":"product","2":"type-product","3":"status-publish","4":"has-post-thumbnail","6":"product_brand-replique-manga-cine","7":"product_cat-repliques-manga-jeux-video","8":"product_cat-katana-et-epee-de-jeux-video-autre-jeux-video","10":"first","11":"outofstock","12":"taxable","13":"shipping-taxable","14":"purchasable","15":"product-type-simple"},"yoast_head":"<!-- This site is optimized with the Yoast SEO plugin v27.4 - https:\/\/yoast.com\/product\/yoast-seo-wordpress\/ -->\n<title>Keyblade souvenir perdu - Kingdom Hearts - R\u00e9plique Manga Cin\u00e9<\/title>\n<meta name=\"description\" content=\"Offrez-vous cette Keyblade Souvenir Perdu au meilleur prix - Tout en m\u00e9tal - Chainette avec couronne - Longueur totale : 91 cm - Envoi 24\/48h\" \/>\n<meta name=\"robots\" content=\"index, follow, max-snippet:-1, max-image-preview:large, max-video-preview:-1\" \/>\n<link rel=\"canonical\" href=\"https:\/\/repliquemangacine.fr\/de\/katana-und-schwert-von-videospielen-andere-videospiele\/keyblade-verlorene-erinnerung-kingdom-hearts\/\" \/>\n<meta property=\"og:locale\" content=\"de_DE\" \/>\n<meta property=\"og:type\" content=\"article\" \/>\n<meta property=\"og:title\" content=\"Keyblade souvenir perdu - Kingdom Hearts - R\u00e9plique Manga Cin\u00e9\" \/>\n<meta property=\"og:description\" content=\"Offrez-vous cette Keyblade Souvenir Perdu au meilleur prix - Tout en m\u00e9tal - Chainette avec couronne - Longueur totale : 91 cm - Envoi 24\/48h\" \/>\n<meta property=\"og:url\" content=\"https:\/\/repliquemangacine.fr\/de\/katana-und-schwert-von-videospielen-andere-videospiele\/keyblade-verlorene-erinnerung-kingdom-hearts\/\" \/>\n<meta property=\"og:site_name\" content=\"R\u00e9plique Manga Cin\u00e9\" \/>\n<meta property=\"article:publisher\" content=\"https:\/\/www.facebook.com\/RepliqueMangaCine\" \/>\n<meta property=\"article:modified_time\" content=\"2025-12-05T19:24:24+00:00\" \/>\n<meta property=\"og:image\" content=\"https:\/\/repliquemangacine.fr\/wp-content\/uploads\/2023\/10\/299-Keyblade-Souvenir-perdue.jpg\" \/>\n\t<meta property=\"og:image:width\" content=\"800\" \/>\n\t<meta property=\"og:image:height\" content=\"800\" \/>\n\t<meta property=\"og:image:type\" content=\"image\/jpeg\" \/>\n<meta name=\"twitter:card\" content=\"summary_large_image\" \/>\n<meta name=\"twitter:label1\" content=\"Gesch\u00e4tzte Lesezeit\" \/>\n\t<meta name=\"twitter:data1\" content=\"1\u00a0Minute\" \/>\n<script type=\"application\/ld+json\" class=\"yoast-schema-graph\">{\"@context\":\"https:\\\/\\\/schema.org\",\"@graph\":[{\"@type\":\"WebPage\",\"@id\":\"https:\\\/\\\/repliquemangacine.fr\\\/katana-et-epee-de-jeux-video-autre-jeux-video\\\/keyblade-souvenir-perdue-kingdom-hearts\\\/\",\"url\":\"https:\\\/\\\/repliquemangacine.fr\\\/katana-et-epee-de-jeux-video-autre-jeux-video\\\/keyblade-souvenir-perdue-kingdom-hearts\\\/\",\"name\":\"Keyblade souvenir perdu - Kingdom Hearts - R\u00e9plique Manga Cin\u00e9\",\"isPartOf\":{\"@id\":\"https:\\\/\\\/repliquemangacine.fr\\\/#website\"},\"primaryImageOfPage\":{\"@id\":\"https:\\\/\\\/repliquemangacine.fr\\\/katana-et-epee-de-jeux-video-autre-jeux-video\\\/keyblade-souvenir-perdue-kingdom-hearts\\\/#primaryimage\"},\"image\":{\"@id\":\"https:\\\/\\\/repliquemangacine.fr\\\/katana-et-epee-de-jeux-video-autre-jeux-video\\\/keyblade-souvenir-perdue-kingdom-hearts\\\/#primaryimage\"},\"thumbnailUrl\":\"https:\\\/\\\/repliquemangacine.fr\\\/wp-content\\\/uploads\\\/2023\\\/10\\\/299-Keyblade-Souvenir-perdue.jpg\",\"datePublished\":\"2021-08-09T17:36:50+00:00\",\"dateModified\":\"2025-12-05T19:24:24+00:00\",\"description\":\"Offrez-vous cette Keyblade Souvenir Perdu au meilleur prix - Tout en m\u00e9tal - Chainette avec couronne - Longueur totale : 91 cm - Envoi 24\\\/48h\",\"breadcrumb\":{\"@id\":\"https:\\\/\\\/repliquemangacine.fr\\\/katana-et-epee-de-jeux-video-autre-jeux-video\\\/keyblade-souvenir-perdue-kingdom-hearts\\\/#breadcrumb\"},\"inLanguage\":\"de\",\"potentialAction\":[{\"@type\":\"ReadAction\",\"target\":[\"https:\\\/\\\/repliquemangacine.fr\\\/katana-et-epee-de-jeux-video-autre-jeux-video\\\/keyblade-souvenir-perdue-kingdom-hearts\\\/\"]}]},{\"@type\":\"ImageObject\",\"inLanguage\":\"de\",\"@id\":\"https:\\\/\\\/repliquemangacine.fr\\\/katana-et-epee-de-jeux-video-autre-jeux-video\\\/keyblade-souvenir-perdue-kingdom-hearts\\\/#primaryimage\",\"url\":\"https:\\\/\\\/repliquemangacine.fr\\\/wp-content\\\/uploads\\\/2023\\\/10\\\/299-Keyblade-Souvenir-perdue.jpg\",\"contentUrl\":\"https:\\\/\\\/repliquemangacine.fr\\\/wp-content\\\/uploads\\\/2023\\\/10\\\/299-Keyblade-Souvenir-perdue.jpg\",\"width\":800,\"height\":800,\"caption\":\"Keyblade Souvenir perdue\"},{\"@type\":\"BreadcrumbList\",\"@id\":\"https:\\\/\\\/repliquemangacine.fr\\\/katana-et-epee-de-jeux-video-autre-jeux-video\\\/keyblade-souvenir-perdue-kingdom-hearts\\\/#breadcrumb\",\"itemListElement\":[{\"@type\":\"ListItem\",\"position\":1,\"name\":\"Accueil\",\"item\":\"https:\\\/\\\/repliquemangacine.fr\\\/\"},{\"@type\":\"ListItem\",\"position\":2,\"name\":\"Produits\",\"item\":\"https:\\\/\\\/repliquemangacine.fr\\\/boutique\\\/\"},{\"@type\":\"ListItem\",\"position\":3,\"name\":\"Keyblade Souvenir perdu &#8211; Kingdom Hearts\"}]},{\"@type\":\"WebSite\",\"@id\":\"https:\\\/\\\/repliquemangacine.fr\\\/#website\",\"url\":\"https:\\\/\\\/repliquemangacine.fr\\\/\",\"name\":\"R\u00e9plique Manga Cin\u00e9\",\"description\":\"\",\"publisher\":{\"@id\":\"https:\\\/\\\/repliquemangacine.fr\\\/#organization\"},\"potentialAction\":[{\"@type\":\"SearchAction\",\"target\":{\"@type\":\"EntryPoint\",\"urlTemplate\":\"https:\\\/\\\/repliquemangacine.fr\\\/?s={search_term_string}\"},\"query-input\":{\"@type\":\"PropertyValueSpecification\",\"valueRequired\":true,\"valueName\":\"search_term_string\"}}],\"inLanguage\":\"de\"},{\"@type\":\"Organization\",\"@id\":\"https:\\\/\\\/repliquemangacine.fr\\\/#organization\",\"name\":\"R\u00e9plique Manga Cin\u00e9\",\"url\":\"https:\\\/\\\/repliquemangacine.fr\\\/\",\"logo\":{\"@type\":\"ImageObject\",\"inLanguage\":\"de\",\"@id\":\"https:\\\/\\\/repliquemangacine.fr\\\/#\\\/schema\\\/logo\\\/image\\\/\",\"url\":\"https:\\\/\\\/repliquemangacine.fr\\\/wp-content\\\/uploads\\\/2023\\\/10\\\/RMC-500250.png\",\"contentUrl\":\"https:\\\/\\\/repliquemangacine.fr\\\/wp-content\\\/uploads\\\/2023\\\/10\\\/RMC-500250.png\",\"width\":500,\"height\":250,\"caption\":\"R\u00e9plique Manga Cin\u00e9\"},\"image\":{\"@id\":\"https:\\\/\\\/repliquemangacine.fr\\\/#\\\/schema\\\/logo\\\/image\\\/\"},\"sameAs\":[\"https:\\\/\\\/www.facebook.com\\\/RepliqueMangaCine\",\"https:\\\/\\\/www.instagram.com\\\/repliquemangacine.fr\\\/\"]}]}<\/script>\n<!-- \/ Yoast SEO plugin. -->","yoast_head_json":{"title":"Keyblade Verlorenes Andenken - Kingdom Hearts - R\u00e9plique Manga Cin\u00e9","description":"Bieten Sie diese Keyblade Verlorenes Souvenir zum besten Preis an - Ganz aus Metall - Kette mit Krone - Gesamtl\u00e4nge: 91 cm - Versand 24\/48h","robots":{"index":"index","follow":"follow","max-snippet":"max-snippet:-1","max-image-preview":"max-image-preview:large","max-video-preview":"max-video-preview:-1"},"canonical":"https:\/\/repliquemangacine.fr\/de\/katana-und-schwert-von-videospielen-andere-videospiele\/keyblade-verlorene-erinnerung-kingdom-hearts\/","og_locale":"de_DE","og_type":"article","og_title":"Keyblade souvenir perdu - Kingdom Hearts - R\u00e9plique Manga Cin\u00e9","og_description":"Offrez-vous cette Keyblade Souvenir Perdu au meilleur prix - Tout en m\u00e9tal - Chainette avec couronne - Longueur totale : 91 cm - Envoi 24\/48h","og_url":"https:\/\/repliquemangacine.fr\/de\/katana-und-schwert-von-videospielen-andere-videospiele\/keyblade-verlorene-erinnerung-kingdom-hearts\/","og_site_name":"R\u00e9plique Manga Cin\u00e9","article_publisher":"https:\/\/www.facebook.com\/RepliqueMangaCine","article_modified_time":"2025-12-05T19:24:24+00:00","og_image":[{"width":800,"height":800,"url":"https:\/\/repliquemangacine.fr\/wp-content\/uploads\/2023\/10\/299-Keyblade-Souvenir-perdue.jpg","type":"image\/jpeg"}],"twitter_card":"summary_large_image","twitter_misc":{"Gesch\u00e4tzte Lesezeit":"1\u00a0Minute"},"schema":{"@context":"https:\/\/schema.org","@graph":[{"@type":"WebPage","@id":"https:\/\/repliquemangacine.fr\/katana-et-epee-de-jeux-video-autre-jeux-video\/keyblade-souvenir-perdue-kingdom-hearts\/","url":"https:\/\/repliquemangacine.fr\/katana-et-epee-de-jeux-video-autre-jeux-video\/keyblade-souvenir-perdue-kingdom-hearts\/","name":"Keyblade Verlorenes Andenken - Kingdom Hearts - R\u00e9plique Manga Cin\u00e9","isPartOf":{"@id":"https:\/\/repliquemangacine.fr\/#website"},"primaryImageOfPage":{"@id":"https:\/\/repliquemangacine.fr\/katana-et-epee-de-jeux-video-autre-jeux-video\/keyblade-souvenir-perdue-kingdom-hearts\/#primaryimage"},"image":{"@id":"https:\/\/repliquemangacine.fr\/katana-et-epee-de-jeux-video-autre-jeux-video\/keyblade-souvenir-perdue-kingdom-hearts\/#primaryimage"},"thumbnailUrl":"https:\/\/repliquemangacine.fr\/wp-content\/uploads\/2023\/10\/299-Keyblade-Souvenir-perdue.jpg","datePublished":"2021-08-09T17:36:50+00:00","dateModified":"2025-12-05T19:24:24+00:00","description":"Bieten Sie diese Keyblade Verlorenes Souvenir zum besten Preis an - Ganz aus Metall - Kette mit Krone - Gesamtl\u00e4nge: 91 cm - Versand 24\/48h","breadcrumb":{"@id":"https:\/\/repliquemangacine.fr\/katana-et-epee-de-jeux-video-autre-jeux-video\/keyblade-souvenir-perdue-kingdom-hearts\/#breadcrumb"},"inLanguage":"de","potentialAction":[{"@type":"ReadAction","target":["https:\/\/repliquemangacine.fr\/katana-et-epee-de-jeux-video-autre-jeux-video\/keyblade-souvenir-perdue-kingdom-hearts\/"]}]},{"@type":"ImageObject","inLanguage":"de","@id":"https:\/\/repliquemangacine.fr\/katana-et-epee-de-jeux-video-autre-jeux-video\/keyblade-souvenir-perdue-kingdom-hearts\/#primaryimage","url":"https:\/\/repliquemangacine.fr\/wp-content\/uploads\/2023\/10\/299-Keyblade-Souvenir-perdue.jpg","contentUrl":"https:\/\/repliquemangacine.fr\/wp-content\/uploads\/2023\/10\/299-Keyblade-Souvenir-perdue.jpg","width":800,"height":800,"caption":"Keyblade Souvenir perdue"},{"@type":"BreadcrumbList","@id":"https:\/\/repliquemangacine.fr\/katana-et-epee-de-jeux-video-autre-jeux-video\/keyblade-souvenir-perdue-kingdom-hearts\/#breadcrumb","itemListElement":[{"@type":"ListItem","position":1,"name":"Accueil","item":"https:\/\/repliquemangacine.fr\/"},{"@type":"ListItem","position":2,"name":"Produits","item":"https:\/\/repliquemangacine.fr\/boutique\/"},{"@type":"ListItem","position":3,"name":"Keyblade Souvenir perdu &#8211; Kingdom Hearts"}]},{"@type":"WebSite","@id":"https:\/\/repliquemangacine.fr\/#website","url":"https:\/\/repliquemangacine.fr\/","name":"R\u00e9plique Manga Cin\u00e9","description":"","publisher":{"@id":"https:\/\/repliquemangacine.fr\/#organization"},"potentialAction":[{"@type":"SearchAction","target":{"@type":"EntryPoint","urlTemplate":"https:\/\/repliquemangacine.fr\/?s={search_term_string}"},"query-input":{"@type":"PropertyValueSpecification","valueRequired":true,"valueName":"search_term_string"}}],"inLanguage":"de"},{"@type":"Organization","@id":"https:\/\/repliquemangacine.fr\/#organization","name":"R\u00e9plique Manga Cin\u00e9","url":"https:\/\/repliquemangacine.fr\/","logo":{"@type":"ImageObject","inLanguage":"de","@id":"https:\/\/repliquemangacine.fr\/#\/schema\/logo\/image\/","url":"https:\/\/repliquemangacine.fr\/wp-content\/uploads\/2023\/10\/RMC-500250.png","contentUrl":"https:\/\/repliquemangacine.fr\/wp-content\/uploads\/2023\/10\/RMC-500250.png","width":500,"height":250,"caption":"R\u00e9plique Manga Cin\u00e9"},"image":{"@id":"https:\/\/repliquemangacine.fr\/#\/schema\/logo\/image\/"},"sameAs":["https:\/\/www.facebook.com\/RepliqueMangaCine","https:\/\/www.instagram.com\/repliquemangacine.fr\/"]}]}},"_links":{"self":[{"href":"https:\/\/repliquemangacine.fr\/de\/wp-json\/wp\/v2\/product\/25521","targetHints":{"allow":["GET"]}}],"collection":[{"href":"https:\/\/repliquemangacine.fr\/de\/wp-json\/wp\/v2\/product"}],"about":[{"href":"https:\/\/repliquemangacine.fr\/de\/wp-json\/wp\/v2\/types\/product"}],"wp:featuredmedia":[{"embeddable":true,"href":"https:\/\/repliquemangacine.fr\/de\/wp-json\/wp\/v2\/media\/25522"}],"wp:attachment":[{"href":"https:\/\/repliquemangacine.fr\/de\/wp-json\/wp\/v2\/media?parent=25521"}],"wp:term":[{"taxonomy":"product_brand","embeddable":true,"href":"https:\/\/repliquemangacine.fr\/de\/wp-json\/wp\/v2\/product_brand?post=25521"},{"taxonomy":"product_cat","embeddable":true,"href":"https:\/\/repliquemangacine.fr\/de\/wp-json\/wp\/v2\/product_cat?post=25521"},{"taxonomy":"product_tag","embeddable":true,"href":"https:\/\/repliquemangacine.fr\/de\/wp-json\/wp\/v2\/product_tag?post=25521"}],"curies":[{"name":"wp","href":"https:\/\/api.w.org\/{rel}","templated":true}]}}