





{"id":25515,"date":"2016-09-07T17:25:16","date_gmt":"2016-09-07T15:25:16","guid":{"rendered":"https:\/\/repliquemangacine.fr\/?post_type=product&#038;p=25515"},"modified":"2026-02-05T02:19:22","modified_gmt":"2026-02-05T01:19:22","slug":"konigskette-sora-keyblade-kingdom-hearts","status":"publish","type":"product","link":"https:\/\/repliquemangacine.fr\/de\/katana-et-epee-de-jeux-video-autre-jeux-video\/chaine-royale-sora-keyblade-kingdom-hearts\/","title":{"rendered":"Sora Keyblade K\u00f6nigskette"},"content":{"rendered":"<h2>Sora Keyblade K\u00f6nigskette in Kingdom Hearts.<\/h2>\n<p>Zu Beginn wird die <strong>Sora Keyblade Kingdom Hearts<\/strong>hei\u00dft K\u00f6nigskette. Sie ist Soras Basisschl\u00fcssel in jeder Episode der Serie. Sora ist jedoch nicht der einzige Benutzer dieses Keyblades: Es wurde auch von Roxas und Xion benutzt.<\/p>\n<p><a href=\"https:\/\/kingdomhearts.fandom.com\/fr\/wiki\/Sora\">Sora<\/a> ist der Hauptprotagonist und die wichtigste spielbare Figur in den meisten Kingdom Hearts-Serien. Er erh\u00e4lt dieses Schl\u00fcsselschwert auf den Inseln des Schicksals.<\/p>\n<p>Die Keyblades werden vom Helden der Serie, Sora, dem K\u00f6nig und einigen anderen Figuren beherrscht und sind Teil des Kampfes zwischen Licht und Dunkelheit.<\/p>\n<p>In Form von Schl\u00fcsseln bet\u00e4tigen sie jedes vorhandene Schloss und sind mit Magie und anderen einzigartigen F\u00e4higkeiten durchdrungen. Keyblade-Tr\u00e4ger k\u00f6nnen ihre Kr\u00e4fte an die n\u00e4chste Generation \"vererben\", indem sie auf w\u00fcrdige Individuen treffen.<\/p>\n<h2>Ihr Sora Keyblade Kingdom Hearts zum besten Preis.<\/h2>\n<p>Wir bieten Ihnen eine gro\u00dfe Auswahl an Repliken von Anime-Mangas und Videospielen.<\/p>\n<p>Zun\u00e4chst einmal,<\/p>\n<ul>\n<li>Die <a href=\"https:\/\/repliquemangacine.fr\/de\/andere-videospiele\/keyblade-verlorene-erinnerung-kingdom-hearts\/\">Keyblade Verlorenes Andenken<\/a> (Oblivion) von Sora in Kingdom Hearts.<\/li>\n<li>Sowie die Halloween-Keyblade-Replik K\u00fcrbiskopf\u00a0 <a href=\"https:\/\/repliquemangacine.fr\/de\/andere-videospiele\/keyblade-pumpkin-head-ou-tete-de-citrouille\/\">K\u00fcrbiskopf<\/a>.<\/li>\n<li>Es gibt auch die <a href=\"https:\/\/repliquemangacine.fr\/de\/andere-videospiele\/keyblade-fatal-crest-dragon-kingdom-hearts\/\">Keyblade Fatalis<\/a> erscheint in Kingdom Hearts II.<\/li>\n<li>Und viele andere, die es in unserem Online-Shop zu entdecken gibt!<\/li>\n<\/ul>\n<p>Deshalb gibt es hier einige gro\u00dfartige Geschenkideen f\u00fcr alle Fans von Kingdom Hearts.<\/p>\n<p>Zusammenfassend l\u00e4sst sich sagen, dass Sie das Sora Keyblade Kingdom Hearts f\u00fcr Ihre Cosplay-Auftritte verwenden k\u00f6nnen. In erster Linie ist dieses Schwert jedoch ein Sammler- und Dekorationsst\u00fcck.<\/p>\n<p>R\u00e9plique Manga Cin\u00e9 ist ein franz\u00f6sisches Unternehmen<\/p>\n<h2>Wie pflegt man den Stahl seines Schl\u00fcssels?<\/h2>\n<p>Die Schl\u00fcssel zu Sammlungen und Dekorationen werden auf vereinfachte Weise hergestellt und zusammengesetzt. Da sie zu Dekorationszwecken verwendet werden, verf\u00fcgen sie nicht \u00fcber die Sicherheitselemente, die f\u00fcr ein japanisches Schwert zum Training erforderlich sind.<\/p>\n<p>Allerdings ist Ihr <strong>Sora Keyblade Kingdom Hearts<\/strong> ist aus Stahl und muss gepflegt werden, damit es mit der Zeit nicht besch\u00e4digt wird. Denn Sie werden Ihr Katana ausstellen, Ihre Freunde werden neugierig sein, die Klinge zu sehen und anzufassen. Hier ist Vorsicht geboten, denn Sie m\u00fcssen wissen, dass die S\u00e4ure der Finger f\u00fcr Stahl, unabh\u00e4ngig von seiner Qualit\u00e4t, sehr sch\u00e4dlich ist.<\/p>\n<p>Wenn dies jedoch passiert, keine Panik, Sie brauchen nur ein Tuch, das mit etwas \u00d6l befeuchtet ist, und wischen die Fingerabdr\u00fccke ab. Wenn Sie dies tun, werden Sie Ihr Schwert sehr lange behalten.<\/p>\n<p><strong>\u00a0<\/strong><\/p>","protected":false},"excerpt":{"rendered":"<p>Die Keyblade ist eine mysteri\u00f6se Waffe, die einem Schl\u00fcssel \u00e4hnelt.<\/p>\n<ul>\n<li>Komplett aus Metall gefertigt.<\/li>\n<li>Der Griff bewegt sich entsprechend Ihren Bewegungen.<\/li>\n<li>Unverzichtbare Kette mit Mickey-Mouse-Kopf.<\/li>\n<li>Gesamtl\u00e4nge: 89 cm - Gesamtgewicht: 1090 grs<\/li>\n<\/ul>","protected":false},"featured_media":25516,"template":"","meta":[],"product_brand":[896],"product_cat":[23,67],"product_tag":[],"class_list":{"0":"post-25515","1":"product","2":"type-product","3":"status-publish","4":"has-post-thumbnail","6":"product_brand-replique-manga-cine","7":"product_cat-repliques-manga-jeux-video","8":"product_cat-katana-et-epee-de-jeux-video-autre-jeux-video","10":"first","11":"instock","12":"taxable","13":"shipping-taxable","14":"purchasable","15":"product-type-simple"},"yoast_head":"<!-- This site is optimized with the Yoast SEO plugin v27.4 - https:\/\/yoast.com\/product\/yoast-seo-wordpress\/ -->\n<title>Sora Keyblade Kingdom Hearts - Chaine Royale | RMC<\/title>\n<meta name=\"description\" content=\"Offrez-vous la Sora Keyblade Kingdom Hearts pas ch\u00e8re. Tout en m\u00e9tal- Chainette avec t\u00eate de Mickey - Longueur totale : 89 cm - Envoi 24\/48h\" \/>\n<meta name=\"robots\" content=\"index, follow, max-snippet:-1, max-image-preview:large, max-video-preview:-1\" \/>\n<link rel=\"canonical\" href=\"https:\/\/repliquemangacine.fr\/de\/katana-und-schwert-von-videospielen-andere-videospiele\/konigskette-sora-keyblade-kingdom-hearts\/\" \/>\n<meta property=\"og:locale\" content=\"de_DE\" \/>\n<meta property=\"og:type\" content=\"article\" \/>\n<meta property=\"og:title\" content=\"Sora Keyblade Kingdom Hearts - Chaine Royale | RMC\" \/>\n<meta property=\"og:description\" content=\"Offrez-vous la Sora Keyblade Kingdom Hearts pas ch\u00e8re. Tout en m\u00e9tal- Chainette avec t\u00eate de Mickey - Longueur totale : 89 cm - Envoi 24\/48h\" \/>\n<meta property=\"og:url\" content=\"https:\/\/repliquemangacine.fr\/de\/katana-und-schwert-von-videospielen-andere-videospiele\/konigskette-sora-keyblade-kingdom-hearts\/\" \/>\n<meta property=\"og:site_name\" content=\"R\u00e9plique Manga Cin\u00e9\" \/>\n<meta property=\"article:publisher\" content=\"https:\/\/www.facebook.com\/RepliqueMangaCine\" \/>\n<meta property=\"article:modified_time\" content=\"2026-02-05T01:19:22+00:00\" \/>\n<meta property=\"og:image\" content=\"https:\/\/repliquemangacine.fr\/wp-content\/uploads\/2023\/10\/395-Kingdom-Hearts-Keyblade-de-Sora-metal.jpg\" \/>\n\t<meta property=\"og:image:width\" content=\"800\" \/>\n\t<meta property=\"og:image:height\" content=\"800\" \/>\n\t<meta property=\"og:image:type\" content=\"image\/jpeg\" \/>\n<meta name=\"twitter:card\" content=\"summary_large_image\" \/>\n<meta name=\"twitter:label1\" content=\"Gesch\u00e4tzte Lesezeit\" \/>\n\t<meta name=\"twitter:data1\" content=\"2\u00a0Minuten\" \/>\n<script type=\"application\/ld+json\" class=\"yoast-schema-graph\">{\"@context\":\"https:\\\/\\\/schema.org\",\"@graph\":[{\"@type\":\"WebPage\",\"@id\":\"https:\\\/\\\/repliquemangacine.fr\\\/katana-et-epee-de-jeux-video-autre-jeux-video\\\/chaine-royale-sora-keyblade-kingdom-hearts\\\/\",\"url\":\"https:\\\/\\\/repliquemangacine.fr\\\/katana-et-epee-de-jeux-video-autre-jeux-video\\\/chaine-royale-sora-keyblade-kingdom-hearts\\\/\",\"name\":\"Sora Keyblade Kingdom Hearts - Chaine Royale | RMC\",\"isPartOf\":{\"@id\":\"https:\\\/\\\/repliquemangacine.fr\\\/#website\"},\"primaryImageOfPage\":{\"@id\":\"https:\\\/\\\/repliquemangacine.fr\\\/katana-et-epee-de-jeux-video-autre-jeux-video\\\/chaine-royale-sora-keyblade-kingdom-hearts\\\/#primaryimage\"},\"image\":{\"@id\":\"https:\\\/\\\/repliquemangacine.fr\\\/katana-et-epee-de-jeux-video-autre-jeux-video\\\/chaine-royale-sora-keyblade-kingdom-hearts\\\/#primaryimage\"},\"thumbnailUrl\":\"https:\\\/\\\/repliquemangacine.fr\\\/wp-content\\\/uploads\\\/2023\\\/10\\\/395-Kingdom-Hearts-Keyblade-de-Sora-metal.jpg\",\"datePublished\":\"2016-09-07T15:25:16+00:00\",\"dateModified\":\"2026-02-05T01:19:22+00:00\",\"description\":\"Offrez-vous la Sora Keyblade Kingdom Hearts pas ch\u00e8re. Tout en m\u00e9tal- Chainette avec t\u00eate de Mickey - Longueur totale : 89 cm - Envoi 24\\\/48h\",\"breadcrumb\":{\"@id\":\"https:\\\/\\\/repliquemangacine.fr\\\/katana-et-epee-de-jeux-video-autre-jeux-video\\\/chaine-royale-sora-keyblade-kingdom-hearts\\\/#breadcrumb\"},\"inLanguage\":\"de\",\"potentialAction\":[{\"@type\":\"ReadAction\",\"target\":[\"https:\\\/\\\/repliquemangacine.fr\\\/katana-et-epee-de-jeux-video-autre-jeux-video\\\/chaine-royale-sora-keyblade-kingdom-hearts\\\/\"]}]},{\"@type\":\"ImageObject\",\"inLanguage\":\"de\",\"@id\":\"https:\\\/\\\/repliquemangacine.fr\\\/katana-et-epee-de-jeux-video-autre-jeux-video\\\/chaine-royale-sora-keyblade-kingdom-hearts\\\/#primaryimage\",\"url\":\"https:\\\/\\\/repliquemangacine.fr\\\/wp-content\\\/uploads\\\/2023\\\/10\\\/395-Kingdom-Hearts-Keyblade-de-Sora-metal.jpg\",\"contentUrl\":\"https:\\\/\\\/repliquemangacine.fr\\\/wp-content\\\/uploads\\\/2023\\\/10\\\/395-Kingdom-Hearts-Keyblade-de-Sora-metal.jpg\",\"width\":800,\"height\":800,\"caption\":\"Kingdom Hearts - Keyblade de Sora m\u00e9tal\"},{\"@type\":\"BreadcrumbList\",\"@id\":\"https:\\\/\\\/repliquemangacine.fr\\\/katana-et-epee-de-jeux-video-autre-jeux-video\\\/chaine-royale-sora-keyblade-kingdom-hearts\\\/#breadcrumb\",\"itemListElement\":[{\"@type\":\"ListItem\",\"position\":1,\"name\":\"Accueil\",\"item\":\"https:\\\/\\\/repliquemangacine.fr\\\/\"},{\"@type\":\"ListItem\",\"position\":2,\"name\":\"Produits\",\"item\":\"https:\\\/\\\/repliquemangacine.fr\\\/boutique\\\/\"},{\"@type\":\"ListItem\",\"position\":3,\"name\":\"Sora Keyblade Chaine Royale\"}]},{\"@type\":\"WebSite\",\"@id\":\"https:\\\/\\\/repliquemangacine.fr\\\/#website\",\"url\":\"https:\\\/\\\/repliquemangacine.fr\\\/\",\"name\":\"R\u00e9plique Manga Cin\u00e9\",\"description\":\"\",\"publisher\":{\"@id\":\"https:\\\/\\\/repliquemangacine.fr\\\/#organization\"},\"potentialAction\":[{\"@type\":\"SearchAction\",\"target\":{\"@type\":\"EntryPoint\",\"urlTemplate\":\"https:\\\/\\\/repliquemangacine.fr\\\/?s={search_term_string}\"},\"query-input\":{\"@type\":\"PropertyValueSpecification\",\"valueRequired\":true,\"valueName\":\"search_term_string\"}}],\"inLanguage\":\"de\"},{\"@type\":\"Organization\",\"@id\":\"https:\\\/\\\/repliquemangacine.fr\\\/#organization\",\"name\":\"R\u00e9plique Manga Cin\u00e9\",\"url\":\"https:\\\/\\\/repliquemangacine.fr\\\/\",\"logo\":{\"@type\":\"ImageObject\",\"inLanguage\":\"de\",\"@id\":\"https:\\\/\\\/repliquemangacine.fr\\\/#\\\/schema\\\/logo\\\/image\\\/\",\"url\":\"https:\\\/\\\/repliquemangacine.fr\\\/wp-content\\\/uploads\\\/2023\\\/10\\\/RMC-500250.png\",\"contentUrl\":\"https:\\\/\\\/repliquemangacine.fr\\\/wp-content\\\/uploads\\\/2023\\\/10\\\/RMC-500250.png\",\"width\":500,\"height\":250,\"caption\":\"R\u00e9plique Manga Cin\u00e9\"},\"image\":{\"@id\":\"https:\\\/\\\/repliquemangacine.fr\\\/#\\\/schema\\\/logo\\\/image\\\/\"},\"sameAs\":[\"https:\\\/\\\/www.facebook.com\\\/RepliqueMangaCine\",\"https:\\\/\\\/www.instagram.com\\\/repliquemangacine.fr\\\/\"]}]}<\/script>\n<!-- \/ Yoast SEO plugin. -->","yoast_head_json":{"title":"Sora Keyblade Kingdom Hearts - K\u00f6nigskette | RMC","description":"G\u00f6nnen Sie sich die g\u00fcnstige Sora Keyblade Kingdom Hearts. Vollst\u00e4ndig aus Metall- Kette mit Mickey-Mouse-Kopf - Gesamtl\u00e4nge: 89 cm - Versand 24\/48h","robots":{"index":"index","follow":"follow","max-snippet":"max-snippet:-1","max-image-preview":"max-image-preview:large","max-video-preview":"max-video-preview:-1"},"canonical":"https:\/\/repliquemangacine.fr\/de\/katana-und-schwert-von-videospielen-andere-videospiele\/konigskette-sora-keyblade-kingdom-hearts\/","og_locale":"de_DE","og_type":"article","og_title":"Sora Keyblade Kingdom Hearts - Chaine Royale | RMC","og_description":"Offrez-vous la Sora Keyblade Kingdom Hearts pas ch\u00e8re. Tout en m\u00e9tal- Chainette avec t\u00eate de Mickey - Longueur totale : 89 cm - Envoi 24\/48h","og_url":"https:\/\/repliquemangacine.fr\/de\/katana-und-schwert-von-videospielen-andere-videospiele\/konigskette-sora-keyblade-kingdom-hearts\/","og_site_name":"R\u00e9plique Manga Cin\u00e9","article_publisher":"https:\/\/www.facebook.com\/RepliqueMangaCine","article_modified_time":"2026-02-05T01:19:22+00:00","og_image":[{"width":800,"height":800,"url":"https:\/\/repliquemangacine.fr\/wp-content\/uploads\/2023\/10\/395-Kingdom-Hearts-Keyblade-de-Sora-metal.jpg","type":"image\/jpeg"}],"twitter_card":"summary_large_image","twitter_misc":{"Gesch\u00e4tzte Lesezeit":"2\u00a0Minuten"},"schema":{"@context":"https:\/\/schema.org","@graph":[{"@type":"WebPage","@id":"https:\/\/repliquemangacine.fr\/katana-et-epee-de-jeux-video-autre-jeux-video\/chaine-royale-sora-keyblade-kingdom-hearts\/","url":"https:\/\/repliquemangacine.fr\/katana-et-epee-de-jeux-video-autre-jeux-video\/chaine-royale-sora-keyblade-kingdom-hearts\/","name":"Sora Keyblade Kingdom Hearts - K\u00f6nigskette | RMC","isPartOf":{"@id":"https:\/\/repliquemangacine.fr\/#website"},"primaryImageOfPage":{"@id":"https:\/\/repliquemangacine.fr\/katana-et-epee-de-jeux-video-autre-jeux-video\/chaine-royale-sora-keyblade-kingdom-hearts\/#primaryimage"},"image":{"@id":"https:\/\/repliquemangacine.fr\/katana-et-epee-de-jeux-video-autre-jeux-video\/chaine-royale-sora-keyblade-kingdom-hearts\/#primaryimage"},"thumbnailUrl":"https:\/\/repliquemangacine.fr\/wp-content\/uploads\/2023\/10\/395-Kingdom-Hearts-Keyblade-de-Sora-metal.jpg","datePublished":"2016-09-07T15:25:16+00:00","dateModified":"2026-02-05T01:19:22+00:00","description":"G\u00f6nnen Sie sich die g\u00fcnstige Sora Keyblade Kingdom Hearts. Vollst\u00e4ndig aus Metall- Kette mit Mickey-Mouse-Kopf - Gesamtl\u00e4nge: 89 cm - Versand 24\/48h","breadcrumb":{"@id":"https:\/\/repliquemangacine.fr\/katana-et-epee-de-jeux-video-autre-jeux-video\/chaine-royale-sora-keyblade-kingdom-hearts\/#breadcrumb"},"inLanguage":"de","potentialAction":[{"@type":"ReadAction","target":["https:\/\/repliquemangacine.fr\/katana-et-epee-de-jeux-video-autre-jeux-video\/chaine-royale-sora-keyblade-kingdom-hearts\/"]}]},{"@type":"ImageObject","inLanguage":"de","@id":"https:\/\/repliquemangacine.fr\/katana-et-epee-de-jeux-video-autre-jeux-video\/chaine-royale-sora-keyblade-kingdom-hearts\/#primaryimage","url":"https:\/\/repliquemangacine.fr\/wp-content\/uploads\/2023\/10\/395-Kingdom-Hearts-Keyblade-de-Sora-metal.jpg","contentUrl":"https:\/\/repliquemangacine.fr\/wp-content\/uploads\/2023\/10\/395-Kingdom-Hearts-Keyblade-de-Sora-metal.jpg","width":800,"height":800,"caption":"Kingdom Hearts - Keyblade de Sora m\u00e9tal"},{"@type":"BreadcrumbList","@id":"https:\/\/repliquemangacine.fr\/katana-et-epee-de-jeux-video-autre-jeux-video\/chaine-royale-sora-keyblade-kingdom-hearts\/#breadcrumb","itemListElement":[{"@type":"ListItem","position":1,"name":"Accueil","item":"https:\/\/repliquemangacine.fr\/"},{"@type":"ListItem","position":2,"name":"Produits","item":"https:\/\/repliquemangacine.fr\/boutique\/"},{"@type":"ListItem","position":3,"name":"Sora Keyblade Chaine Royale"}]},{"@type":"WebSite","@id":"https:\/\/repliquemangacine.fr\/#website","url":"https:\/\/repliquemangacine.fr\/","name":"R\u00e9plique Manga Cin\u00e9","description":"","publisher":{"@id":"https:\/\/repliquemangacine.fr\/#organization"},"potentialAction":[{"@type":"SearchAction","target":{"@type":"EntryPoint","urlTemplate":"https:\/\/repliquemangacine.fr\/?s={search_term_string}"},"query-input":{"@type":"PropertyValueSpecification","valueRequired":true,"valueName":"search_term_string"}}],"inLanguage":"de"},{"@type":"Organization","@id":"https:\/\/repliquemangacine.fr\/#organization","name":"R\u00e9plique Manga Cin\u00e9","url":"https:\/\/repliquemangacine.fr\/","logo":{"@type":"ImageObject","inLanguage":"de","@id":"https:\/\/repliquemangacine.fr\/#\/schema\/logo\/image\/","url":"https:\/\/repliquemangacine.fr\/wp-content\/uploads\/2023\/10\/RMC-500250.png","contentUrl":"https:\/\/repliquemangacine.fr\/wp-content\/uploads\/2023\/10\/RMC-500250.png","width":500,"height":250,"caption":"R\u00e9plique Manga Cin\u00e9"},"image":{"@id":"https:\/\/repliquemangacine.fr\/#\/schema\/logo\/image\/"},"sameAs":["https:\/\/www.facebook.com\/RepliqueMangaCine","https:\/\/www.instagram.com\/repliquemangacine.fr\/"]}]}},"_links":{"self":[{"href":"https:\/\/repliquemangacine.fr\/de\/wp-json\/wp\/v2\/product\/25515","targetHints":{"allow":["GET"]}}],"collection":[{"href":"https:\/\/repliquemangacine.fr\/de\/wp-json\/wp\/v2\/product"}],"about":[{"href":"https:\/\/repliquemangacine.fr\/de\/wp-json\/wp\/v2\/types\/product"}],"wp:featuredmedia":[{"embeddable":true,"href":"https:\/\/repliquemangacine.fr\/de\/wp-json\/wp\/v2\/media\/25516"}],"wp:attachment":[{"href":"https:\/\/repliquemangacine.fr\/de\/wp-json\/wp\/v2\/media?parent=25515"}],"wp:term":[{"taxonomy":"product_brand","embeddable":true,"href":"https:\/\/repliquemangacine.fr\/de\/wp-json\/wp\/v2\/product_brand?post=25515"},{"taxonomy":"product_cat","embeddable":true,"href":"https:\/\/repliquemangacine.fr\/de\/wp-json\/wp\/v2\/product_cat?post=25515"},{"taxonomy":"product_tag","embeddable":true,"href":"https:\/\/repliquemangacine.fr\/de\/wp-json\/wp\/v2\/product_tag?post=25515"}],"curies":[{"name":"wp","href":"https:\/\/api.w.org\/{rel}","templated":true}]}}