





{"id":25506,"date":"2016-09-07T16:51:00","date_gmt":"2016-09-07T14:51:00","guid":{"rendered":"https:\/\/repliquemangacine.fr\/?post_type=product&#038;p=25506"},"modified":"2025-11-25T10:40:46","modified_gmt":"2025-11-25T09:40:46","slug":"schwert-rebellion-schwert-von-dante-devil-may-cry","status":"publish","type":"product","link":"https:\/\/repliquemangacine.fr\/de\/devil-may-cry\/epee-rebellion-epee-de-dante-devil-may-cry\/","title":{"rendered":"Schwert Rebellion Dante DMC - Devil May Cry"},"content":{"rendered":"<h2>Schwert Rebellion Dante DMC (Devil May Cry)<\/h2>\n<p>Zu Beginn wird die<strong>Schwert Rebellion Dante DMC<\/strong> ist Dantes grundlegende Waffe. Es wurde von Dantes Vater Sparda erschaffen und sieht normal aus, ist aber ein D\u00e4monenschwert, das als physische Manifestation von Dantes Macht dient.<\/p>\n<p>Sie ver\u00e4ndert ihre Form, nachdem sie mit Dantes Blut in Ber\u00fchrung gekommen ist. Sie verwandelt sich in eine gr\u00f6\u00dfere und m\u00e4chtigere Form. Rebellion ist die einzige, die die Schl\u00e4ge von Vergils legend\u00e4rem Schwert Yamato aufhalten kann.<\/p>\n<p><a href=\"https:\/\/devilmaycrydmc.fandom.com\/fr\/wiki\/Dante_(DmC)#Personnalit\u00e9\" target=\"_blank\" rel=\"noopener noreferrer\">Dante<\/a> ist das \u00e4lteste Kind eines Engels namens Eva und des D\u00e4mons Sparda und der Bruder von Vergil. Dank seiner \u00fcbernat\u00fcrlichen Abstammung verf\u00fcgt Dante \u00fcber unz\u00e4hlige \u00fcbermenschliche F\u00e4higkeiten, die ihn zu einer Macht machen, mit der man rechnen muss.<\/p>\n<h2>Ihr Rebellion Schwert Dante DMC zum besten Preis.<\/h2>\n<p>Wir bieten Ihnen eine gro\u00dfe Auswahl an Repliken von Anime-Mangas und Videospielen.<\/p>\n<p>Zun\u00e4chst einmal,<\/p>\n<ul>\n<li>Die Replik des <a href=\"https:\/\/repliquemangacine.fr\/de\/andere-videospiele\/katana-yamoto-vergil-dmc-devil-my-cry\/\">Katana Yamoto<\/a> legend\u00e4ren Schwert seines Bruders Vergil.<\/li>\n<li>Sowie die Replik des<a href=\"https:\/\/repliquemangacine.fr\/de\/andere-videospiele\/fushigiri-mortal-blade-sekiro-shadows-die-twice\/\"> Katana Fushigiri, Mortal Blade<\/a> in dem Videospiel sekiro: shadows die twice...<\/li>\n<li>Es gibt auch den <a href=\"https:\/\/repliquemangacine.fr\/de\/andere-videospiele\/katana-sephiroth-masamune-140cm\/\">Katana von Sephiroth<\/a>Der 140 cm gro\u00dfe Masamune in Final Fantasy VII.<\/li>\n<li>Und viele andere, die es in unserem Online-Shop zu entdecken gibt!<\/li>\n<\/ul>\n<p>Deshalb gibt es hier tolle Geschenkideen f\u00fcr alle Fans von Devil My Cry.<\/p>\n<p>Zum Abschluss k\u00f6nnen Sie den<strong>Schwert Rebellion Dante DMC<\/strong> f\u00fcr Ihre Cosplay-Paraden oder Themenabende. Vor allem aber ist dieses Schwert ein Sammler- und Dekorationsst\u00fcck.<\/p>\n<p>R\u00e9plique Manga Cin\u00e9 ist ein franz\u00f6sisches Unternehmen<\/p>\n<h2>Wie pflegt man die Klinge seines Devil My Cry-Schwerts?<\/h2>\n<p>Katanas f\u00fcr Sammlungen und Dekorationen werden auf vereinfachte Weise hergestellt und zusammengebaut. Da sie zu Dekorationszwecken verwendet werden, fehlen ihnen die Sicherheitsmerkmale, die ein japanisches Schwert f\u00fcr Trainingszwecke aufweisen muss.<\/p>\n<p>Allerdings ist Ihr <strong>Schwert Rebellion Dante DMC<\/strong> zu einer Stahlklinge, die gepflegt werden muss, damit sie nicht mit der Zeit abgenutzt wird. Denn wenn du dein Katana ausstellst, werden deine Freunde neugierig sein, die Klinge zu sehen und sie zu ber\u00fchren. Hier ist Vorsicht geboten, denn Sie sollten wissen, dass die S\u00e4ure der Finger dem Stahl unabh\u00e4ngig von seiner Qualit\u00e4t sehr schadet.<\/p>\n<p>Wenn dies jedoch passiert, keine Panik, Sie brauchen nur ein Tuch, das mit etwas \u00d6l befeuchtet ist, und wischen die Fingerabdr\u00fccke ab. Wenn Sie dies tun, werden Sie Ihr Schwert sehr lange behalten.<\/p>","protected":false},"excerpt":{"rendered":"<p>Rebellion, Dantes Basisschwert.<\/p>\n<ul>\n<li>Zweischneidige (nicht schneidende) Klinge aus Stahl.<\/li>\n<li>Griff aus Metall.<\/li>\n<li>Stahlschutz in Form eines D\u00e4mons.<\/li>\n<li>Speziell geformter Knauf aus Stahl.<\/li>\n<li>Wandhalterung Devil My Cry.<\/li>\n<li>Klingenl\u00e4nge:96 cm - Gesamtl\u00e4nge: 140 cm - Gesamtgewicht: 3180 grs<\/li>\n<\/ul>","protected":false},"featured_media":25507,"template":"","meta":[],"product_brand":[896],"product_cat":[880,23,67],"product_tag":[],"class_list":{"0":"post-25506","1":"product","2":"type-product","3":"status-publish","4":"has-post-thumbnail","6":"product_brand-replique-manga-cine","7":"product_cat-devil-may-cry","8":"product_cat-repliques-manga-jeux-video","9":"product_cat-katana-et-epee-de-jeux-video-autre-jeux-video","11":"first","12":"instock","13":"taxable","14":"shipping-taxable","15":"purchasable","16":"product-type-simple"},"yoast_head":"<!-- This site is optimized with the Yoast SEO plugin v27.5 - https:\/\/yoast.com\/product\/yoast-seo-wordpress\/ -->\n<title>Ep\u00e9e Rebellion Dante DMC - Devil My Cry - R\u00e9plique Manga Cin\u00e9<\/title>\n<meta name=\"description\" content=\"Offrez-vous cette Ep\u00e9e Rebellion Dante DMC au meilleur prix. Lame en acier - Garde t\u00eate de mort - \u00c9chelle 1\/1 - Longueur : 140 cm - Envoi 24\/48h\" \/>\n<meta name=\"robots\" content=\"index, follow, max-snippet:-1, max-image-preview:large, max-video-preview:-1\" \/>\n<link rel=\"canonical\" href=\"https:\/\/repliquemangacine.fr\/de\/devil-may-cry\/schwert-rebellion-schwert-von-dante-devil-may-cry\/\" \/>\n<meta property=\"og:locale\" content=\"de_DE\" \/>\n<meta property=\"og:type\" content=\"article\" \/>\n<meta property=\"og:title\" content=\"Ep\u00e9e Rebellion Dante DMC - Devil My Cry - R\u00e9plique Manga Cin\u00e9\" \/>\n<meta property=\"og:description\" content=\"Offrez-vous cette Ep\u00e9e Rebellion Dante DMC au meilleur prix. Lame en acier - Garde t\u00eate de mort - \u00c9chelle 1\/1 - Longueur : 140 cm - Envoi 24\/48h\" \/>\n<meta property=\"og:url\" content=\"https:\/\/repliquemangacine.fr\/de\/devil-may-cry\/schwert-rebellion-schwert-von-dante-devil-may-cry\/\" \/>\n<meta property=\"og:site_name\" content=\"R\u00e9plique Manga Cin\u00e9\" \/>\n<meta property=\"article:publisher\" content=\"https:\/\/www.facebook.com\/RepliqueMangaCine\" \/>\n<meta property=\"article:modified_time\" content=\"2025-11-25T09:40:46+00:00\" \/>\n<meta property=\"og:image\" content=\"https:\/\/repliquemangacine.fr\/wp-content\/uploads\/2023\/10\/287-Epee-Rebellion-Devil-My-Cry.jpg\" \/>\n\t<meta property=\"og:image:width\" content=\"800\" \/>\n\t<meta property=\"og:image:height\" content=\"800\" \/>\n\t<meta property=\"og:image:type\" content=\"image\/jpeg\" \/>\n<meta name=\"twitter:card\" content=\"summary_large_image\" \/>\n<meta name=\"twitter:label1\" content=\"Gesch\u00e4tzte Lesezeit\" \/>\n\t<meta name=\"twitter:data1\" content=\"3\u00a0Minuten\" \/>\n<script type=\"application\/ld+json\" class=\"yoast-schema-graph\">{\"@context\":\"https:\\\/\\\/schema.org\",\"@graph\":[{\"@type\":\"WebPage\",\"@id\":\"https:\\\/\\\/repliquemangacine.fr\\\/devil-may-cry\\\/epee-rebellion-epee-de-dante-devil-may-cry\\\/\",\"url\":\"https:\\\/\\\/repliquemangacine.fr\\\/devil-may-cry\\\/epee-rebellion-epee-de-dante-devil-may-cry\\\/\",\"name\":\"Ep\u00e9e Rebellion Dante DMC - Devil My Cry - R\u00e9plique Manga Cin\u00e9\",\"isPartOf\":{\"@id\":\"https:\\\/\\\/repliquemangacine.fr\\\/#website\"},\"primaryImageOfPage\":{\"@id\":\"https:\\\/\\\/repliquemangacine.fr\\\/devil-may-cry\\\/epee-rebellion-epee-de-dante-devil-may-cry\\\/#primaryimage\"},\"image\":{\"@id\":\"https:\\\/\\\/repliquemangacine.fr\\\/devil-may-cry\\\/epee-rebellion-epee-de-dante-devil-may-cry\\\/#primaryimage\"},\"thumbnailUrl\":\"https:\\\/\\\/repliquemangacine.fr\\\/wp-content\\\/uploads\\\/2023\\\/10\\\/287-Epee-Rebellion-Devil-My-Cry.jpg\",\"datePublished\":\"2016-09-07T14:51:00+00:00\",\"dateModified\":\"2025-11-25T09:40:46+00:00\",\"description\":\"Offrez-vous cette Ep\u00e9e Rebellion Dante DMC au meilleur prix. Lame en acier - Garde t\u00eate de mort - \u00c9chelle 1\\\/1 - Longueur : 140 cm - Envoi 24\\\/48h\",\"breadcrumb\":{\"@id\":\"https:\\\/\\\/repliquemangacine.fr\\\/devil-may-cry\\\/epee-rebellion-epee-de-dante-devil-may-cry\\\/#breadcrumb\"},\"inLanguage\":\"de\",\"potentialAction\":[{\"@type\":\"ReadAction\",\"target\":[\"https:\\\/\\\/repliquemangacine.fr\\\/devil-may-cry\\\/epee-rebellion-epee-de-dante-devil-may-cry\\\/\"]}]},{\"@type\":\"ImageObject\",\"inLanguage\":\"de\",\"@id\":\"https:\\\/\\\/repliquemangacine.fr\\\/devil-may-cry\\\/epee-rebellion-epee-de-dante-devil-may-cry\\\/#primaryimage\",\"url\":\"https:\\\/\\\/repliquemangacine.fr\\\/wp-content\\\/uploads\\\/2023\\\/10\\\/287-Epee-Rebellion-Devil-My-Cry.jpg\",\"contentUrl\":\"https:\\\/\\\/repliquemangacine.fr\\\/wp-content\\\/uploads\\\/2023\\\/10\\\/287-Epee-Rebellion-Devil-My-Cry.jpg\",\"width\":800,\"height\":800,\"caption\":\"Ep\u00e9e Rebellion Dante DMC - Devil My Cry\"},{\"@type\":\"BreadcrumbList\",\"@id\":\"https:\\\/\\\/repliquemangacine.fr\\\/devil-may-cry\\\/epee-rebellion-epee-de-dante-devil-may-cry\\\/#breadcrumb\",\"itemListElement\":[{\"@type\":\"ListItem\",\"position\":1,\"name\":\"Accueil\",\"item\":\"https:\\\/\\\/repliquemangacine.fr\\\/\"},{\"@type\":\"ListItem\",\"position\":2,\"name\":\"Produits\",\"item\":\"https:\\\/\\\/repliquemangacine.fr\\\/boutique\\\/\"},{\"@type\":\"ListItem\",\"position\":3,\"name\":\"Ep\u00e9e Rebellion Dante DMC &#8211; Devil May Cry\"}]},{\"@type\":\"WebSite\",\"@id\":\"https:\\\/\\\/repliquemangacine.fr\\\/#website\",\"url\":\"https:\\\/\\\/repliquemangacine.fr\\\/\",\"name\":\"R\u00e9plique Manga Cin\u00e9\",\"description\":\"\",\"publisher\":{\"@id\":\"https:\\\/\\\/repliquemangacine.fr\\\/#organization\"},\"potentialAction\":[{\"@type\":\"SearchAction\",\"target\":{\"@type\":\"EntryPoint\",\"urlTemplate\":\"https:\\\/\\\/repliquemangacine.fr\\\/?s={search_term_string}\"},\"query-input\":{\"@type\":\"PropertyValueSpecification\",\"valueRequired\":true,\"valueName\":\"search_term_string\"}}],\"inLanguage\":\"de\"},{\"@type\":\"Organization\",\"@id\":\"https:\\\/\\\/repliquemangacine.fr\\\/#organization\",\"name\":\"R\u00e9plique Manga Cin\u00e9\",\"url\":\"https:\\\/\\\/repliquemangacine.fr\\\/\",\"logo\":{\"@type\":\"ImageObject\",\"inLanguage\":\"de\",\"@id\":\"https:\\\/\\\/repliquemangacine.fr\\\/#\\\/schema\\\/logo\\\/image\\\/\",\"url\":\"https:\\\/\\\/repliquemangacine.fr\\\/wp-content\\\/uploads\\\/2023\\\/10\\\/RMC-500250.png\",\"contentUrl\":\"https:\\\/\\\/repliquemangacine.fr\\\/wp-content\\\/uploads\\\/2023\\\/10\\\/RMC-500250.png\",\"width\":500,\"height\":250,\"caption\":\"R\u00e9plique Manga Cin\u00e9\"},\"image\":{\"@id\":\"https:\\\/\\\/repliquemangacine.fr\\\/#\\\/schema\\\/logo\\\/image\\\/\"},\"sameAs\":[\"https:\\\/\\\/www.facebook.com\\\/RepliqueMangaCine\",\"https:\\\/\\\/www.instagram.com\\\/repliquemangacine.fr\\\/\"]}]}<\/script>\n<!-- \/ Yoast SEO plugin. -->","yoast_head_json":{"title":"Schwert Rebellion Dante DMC - Devil My Cry - R\u00e9plique Manga Cin\u00e9","description":"G\u00f6nnen Sie sich dieses Rebellion Schwert Dante DMC zum besten Preis. Klinge aus Stahl - Totenkopfschutz - Ma\u00dfstab 1:1 - L\u00e4nge: 140 cm - Versandkosten 24\/48h","robots":{"index":"index","follow":"follow","max-snippet":"max-snippet:-1","max-image-preview":"max-image-preview:large","max-video-preview":"max-video-preview:-1"},"canonical":"https:\/\/repliquemangacine.fr\/de\/devil-may-cry\/schwert-rebellion-schwert-von-dante-devil-may-cry\/","og_locale":"de_DE","og_type":"article","og_title":"Ep\u00e9e Rebellion Dante DMC - Devil My Cry - R\u00e9plique Manga Cin\u00e9","og_description":"Offrez-vous cette Ep\u00e9e Rebellion Dante DMC au meilleur prix. Lame en acier - Garde t\u00eate de mort - \u00c9chelle 1\/1 - Longueur : 140 cm - Envoi 24\/48h","og_url":"https:\/\/repliquemangacine.fr\/de\/devil-may-cry\/schwert-rebellion-schwert-von-dante-devil-may-cry\/","og_site_name":"R\u00e9plique Manga Cin\u00e9","article_publisher":"https:\/\/www.facebook.com\/RepliqueMangaCine","article_modified_time":"2025-11-25T09:40:46+00:00","og_image":[{"width":800,"height":800,"url":"https:\/\/repliquemangacine.fr\/wp-content\/uploads\/2023\/10\/287-Epee-Rebellion-Devil-My-Cry.jpg","type":"image\/jpeg"}],"twitter_card":"summary_large_image","twitter_misc":{"Gesch\u00e4tzte Lesezeit":"3\u00a0Minuten"},"schema":{"@context":"https:\/\/schema.org","@graph":[{"@type":"WebPage","@id":"https:\/\/repliquemangacine.fr\/devil-may-cry\/epee-rebellion-epee-de-dante-devil-may-cry\/","url":"https:\/\/repliquemangacine.fr\/devil-may-cry\/epee-rebellion-epee-de-dante-devil-may-cry\/","name":"Schwert Rebellion Dante DMC - Devil My Cry - R\u00e9plique Manga Cin\u00e9","isPartOf":{"@id":"https:\/\/repliquemangacine.fr\/#website"},"primaryImageOfPage":{"@id":"https:\/\/repliquemangacine.fr\/devil-may-cry\/epee-rebellion-epee-de-dante-devil-may-cry\/#primaryimage"},"image":{"@id":"https:\/\/repliquemangacine.fr\/devil-may-cry\/epee-rebellion-epee-de-dante-devil-may-cry\/#primaryimage"},"thumbnailUrl":"https:\/\/repliquemangacine.fr\/wp-content\/uploads\/2023\/10\/287-Epee-Rebellion-Devil-My-Cry.jpg","datePublished":"2016-09-07T14:51:00+00:00","dateModified":"2025-11-25T09:40:46+00:00","description":"G\u00f6nnen Sie sich dieses Rebellion Schwert Dante DMC zum besten Preis. Klinge aus Stahl - Totenkopfschutz - Ma\u00dfstab 1:1 - L\u00e4nge: 140 cm - Versandkosten 24\/48h","breadcrumb":{"@id":"https:\/\/repliquemangacine.fr\/devil-may-cry\/epee-rebellion-epee-de-dante-devil-may-cry\/#breadcrumb"},"inLanguage":"de","potentialAction":[{"@type":"ReadAction","target":["https:\/\/repliquemangacine.fr\/devil-may-cry\/epee-rebellion-epee-de-dante-devil-may-cry\/"]}]},{"@type":"ImageObject","inLanguage":"de","@id":"https:\/\/repliquemangacine.fr\/devil-may-cry\/epee-rebellion-epee-de-dante-devil-may-cry\/#primaryimage","url":"https:\/\/repliquemangacine.fr\/wp-content\/uploads\/2023\/10\/287-Epee-Rebellion-Devil-My-Cry.jpg","contentUrl":"https:\/\/repliquemangacine.fr\/wp-content\/uploads\/2023\/10\/287-Epee-Rebellion-Devil-My-Cry.jpg","width":800,"height":800,"caption":"Ep\u00e9e Rebellion Dante DMC - Devil My Cry"},{"@type":"BreadcrumbList","@id":"https:\/\/repliquemangacine.fr\/devil-may-cry\/epee-rebellion-epee-de-dante-devil-may-cry\/#breadcrumb","itemListElement":[{"@type":"ListItem","position":1,"name":"Accueil","item":"https:\/\/repliquemangacine.fr\/"},{"@type":"ListItem","position":2,"name":"Produits","item":"https:\/\/repliquemangacine.fr\/boutique\/"},{"@type":"ListItem","position":3,"name":"Ep\u00e9e Rebellion Dante DMC &#8211; Devil May Cry"}]},{"@type":"WebSite","@id":"https:\/\/repliquemangacine.fr\/#website","url":"https:\/\/repliquemangacine.fr\/","name":"R\u00e9plique Manga Cin\u00e9","description":"","publisher":{"@id":"https:\/\/repliquemangacine.fr\/#organization"},"potentialAction":[{"@type":"SearchAction","target":{"@type":"EntryPoint","urlTemplate":"https:\/\/repliquemangacine.fr\/?s={search_term_string}"},"query-input":{"@type":"PropertyValueSpecification","valueRequired":true,"valueName":"search_term_string"}}],"inLanguage":"de"},{"@type":"Organization","@id":"https:\/\/repliquemangacine.fr\/#organization","name":"R\u00e9plique Manga Cin\u00e9","url":"https:\/\/repliquemangacine.fr\/","logo":{"@type":"ImageObject","inLanguage":"de","@id":"https:\/\/repliquemangacine.fr\/#\/schema\/logo\/image\/","url":"https:\/\/repliquemangacine.fr\/wp-content\/uploads\/2023\/10\/RMC-500250.png","contentUrl":"https:\/\/repliquemangacine.fr\/wp-content\/uploads\/2023\/10\/RMC-500250.png","width":500,"height":250,"caption":"R\u00e9plique Manga Cin\u00e9"},"image":{"@id":"https:\/\/repliquemangacine.fr\/#\/schema\/logo\/image\/"},"sameAs":["https:\/\/www.facebook.com\/RepliqueMangaCine","https:\/\/www.instagram.com\/repliquemangacine.fr\/"]}]}},"_links":{"self":[{"href":"https:\/\/repliquemangacine.fr\/de\/wp-json\/wp\/v2\/product\/25506","targetHints":{"allow":["GET"]}}],"collection":[{"href":"https:\/\/repliquemangacine.fr\/de\/wp-json\/wp\/v2\/product"}],"about":[{"href":"https:\/\/repliquemangacine.fr\/de\/wp-json\/wp\/v2\/types\/product"}],"wp:featuredmedia":[{"embeddable":true,"href":"https:\/\/repliquemangacine.fr\/de\/wp-json\/wp\/v2\/media\/25507"}],"wp:attachment":[{"href":"https:\/\/repliquemangacine.fr\/de\/wp-json\/wp\/v2\/media?parent=25506"}],"wp:term":[{"taxonomy":"product_brand","embeddable":true,"href":"https:\/\/repliquemangacine.fr\/de\/wp-json\/wp\/v2\/product_brand?post=25506"},{"taxonomy":"product_cat","embeddable":true,"href":"https:\/\/repliquemangacine.fr\/de\/wp-json\/wp\/v2\/product_cat?post=25506"},{"taxonomy":"product_tag","embeddable":true,"href":"https:\/\/repliquemangacine.fr\/de\/wp-json\/wp\/v2\/product_tag?post=25506"}],"curies":[{"name":"wp","href":"https:\/\/api.w.org\/{rel}","templated":true}]}}