





{"id":25499,"date":"2016-09-07T15:44:17","date_gmt":"2016-09-07T13:44:17","guid":{"rendered":"https:\/\/repliquemangacine.fr\/?post_type=product&#038;p=25499"},"modified":"2026-04-02T22:31:04","modified_gmt":"2026-04-02T20:31:04","slug":"dolch-vorpal-blade-alice-madness-returns","status":"publish","type":"product","link":"https:\/\/repliquemangacine.fr\/de\/katana-et-epee-de-jeux-video-autre-jeux-video\/poignard-vorpal-blade-alice-madness-returns\/","title":{"rendered":"Vorpal Blade Alice Madness Returns"},"content":{"rendered":"<h2>Vorpal Blade Alice Madness Returns<\/h2>\n<p>Zu Beginn der Dolch <strong>Vorpal Blade Alice<\/strong> ist identisch mit dem Videospiel.<\/p>\n<p>Alice entdeckt die Vorpal-Klinge, die in das Skelett des Jabberwocks eingef\u00fchrt wurde. Sie hat noch ihre <a href=\"https:\/\/alice.fandom.com\/wiki\/Vorpal_Blade\" target=\"_blank\" rel=\"noopener noreferrer\">Vorpal<\/a> mit ihr. Zuerst durchtrennt sie mit ihrer Waffe die Seile des Grinseballs.<\/p>\n<p>Anl\u00e4sslich der Ver\u00f6ffentlichung des Videospiels zu Alice: Madness Returns haben Grey Haddock und Zane Rutledge beschlossen, eine Live-Aktion zu erstellen, die Sie auf youtube sehen k\u00f6nnen. Darin ist sehr deutlich der \"Vorpal Blade\" zu sehen.<\/p>\n<p>Im Gegensatz zu anderen Waffen \u00e4ndert sich ihr Aussehen nicht, wenn sie verbessert wird. Allerdings ver\u00e4ndert sich der Lichtschweif, der beim Schwingen zur\u00fcckbleibt, die Blumengravuren auf der Klinge leuchten ab Stufe 2 und h\u00f6her konstant blau und die Geschwindigkeit und die Anzahl der Treffer erh\u00f6hen sich.<\/p>\n<h2>Ihr Vorpal Blade Alice zum besten Preis.<\/h2>\n<p>Wir bieten Ihnen eine gro\u00dfe Auswahl an Nachbildungen von Waffen aus Videospielen.<\/p>\n<p>Zun\u00e4chst einmal,<\/p>\n<ul>\n<li>L'<a href=\"https:\/\/repliquemangacine.fr\/de\/katana-und-schwert-von-videospielen-andere-videospiele\/epee-de-diluc-genshin-impact-wolfs-graveston\/\">Dilucs Schwert<\/a> in dem Videospiel Genshin Impact ganz aus Glasfaser.<\/li>\n<li>Sowie das <a href=\"https:\/\/repliquemangacine.fr\/de\/katana-und-schwert-von-videospielen-andere-videospiele\/katana-sakai-ghost-of-tsushima\/\">Saka\u00ef-Katana<\/a> in Ghost of Tsushima<\/li>\n<li>Es gibt auch L'<a href=\"https:\/\/repliquemangacine.fr\/de\/ausverkauf\/butterfly-epee-dota-2\/\">Butterfly-Schwert<\/a> in Dota 2 mit seiner schmetterlingsf\u00f6rmigen Wache.<\/li>\n<li>Und noch viel mehr gibt es in unserem Online-Shop zu entdecken!<\/li>\n<\/ul>\n<p>Deshalb ist dies eine tolle Geschenkidee f\u00fcr Fans des Videospiels Alice Madness returns.<\/p>\n<p>Abschlie\u00dfend k\u00f6nnen Sie es auch verwenden <strong>Vorpal Blade Alice<\/strong> f\u00fcr Ihre Cosplay-Paraden. Vor allem aber ist dieser Dolch ein Sammler- und Dekorationsst\u00fcck.<\/p>\n<h2>Wie pflegt man die Klinge seines Dolches von Alice?<\/h2>\n<p>Sammlungs- und Dekorationsmesser werden auf vereinfachte Weise hergestellt und zusammengesetzt. Da sie zu Dekorationszwecken verwendet werden, fehlen ihnen die Sicherheitsmerkmale, die ein japanisches Schwert f\u00fcr Trainingszwecke aufweisen muss.<\/p>\n<p>Allerdings ist Ihr <strong>Vorpal Blade Alice<\/strong> zu einer Stahlklinge, die gepflegt werden muss, damit sie nicht mit der Zeit abgenutzt wird. Denn wenn du dein Katana ausstellst, werden deine Freunde neugierig sein, die Klinge zu sehen und sie zu ber\u00fchren. Hier ist Vorsicht geboten, denn Sie sollten wissen, dass die S\u00e4ure der Finger dem Stahl unabh\u00e4ngig von seiner Qualit\u00e4t sehr schadet.<\/p>\n<p>Wenn dies jedoch passiert, keine Panik, Sie brauchen nur ein Tuch, das mit etwas \u00d6l befeuchtet ist, und wischen die Fingerabdr\u00fccke ab. Wenn Sie dies tun, werden Sie Ihr Schwert sehr lange behalten.<\/p>","protected":false},"excerpt":{"rendered":"<p>Die Vorpal-Klinge ist schnell und scharf, dieser Dolch von Alice ist ein Wunder!<\/p>\n<ul>\n<li>Ge\u00e4tzte, nicht scharfe Klinge aus rostfreiem Stahl.<\/li>\n<li>Griff aus gealtertem Metall in Bronzeoptik mit Gravuren.<\/li>\n<li>Pr\u00e4sentationsst\u00e4nder aus Holz.<\/li>\n<li>Klingenl\u00e4nge:32 cm - Gesamtl\u00e4nge: 45 cm - Gesamtgewicht: 800 grs<\/li>\n<\/ul>\n<p><strong>\u00a0<\/strong><\/p>","protected":false},"featured_media":25500,"template":"","meta":[],"product_brand":[896],"product_cat":[23,67],"product_tag":[],"class_list":{"0":"post-25499","1":"product","2":"type-product","3":"status-publish","4":"has-post-thumbnail","6":"product_brand-replique-manga-cine","7":"product_cat-repliques-manga-jeux-video","8":"product_cat-katana-et-epee-de-jeux-video-autre-jeux-video","10":"first","11":"instock","12":"taxable","13":"shipping-taxable","14":"purchasable","15":"product-type-simple"},"yoast_head":"<!-- This site is optimized with the Yoast SEO plugin v27.5 - https:\/\/yoast.com\/product\/yoast-seo-wordpress\/ -->\n<title>Vorpal Blade Alice - Poignard Alice Madness Returns | RMC<\/title>\n<meta name=\"description\" content=\"Offrez-vous le poignard Vorpal Blade dans Alice Madness Returns. Lame et poign\u00e9e en acier grav\u00e9e. Longueur totale : 45 cm - Envoi 24\/48h\" \/>\n<meta name=\"robots\" content=\"index, follow, max-snippet:-1, max-image-preview:large, max-video-preview:-1\" \/>\n<link rel=\"canonical\" href=\"https:\/\/repliquemangacine.fr\/de\/katana-und-schwert-von-videospielen-andere-videospiele\/dolch-vorpal-blade-alice-madness-returns\/\" \/>\n<meta property=\"og:locale\" content=\"de_DE\" \/>\n<meta property=\"og:type\" content=\"article\" \/>\n<meta property=\"og:title\" content=\"Vorpal Blade Alice - Poignard Alice Madness Returns | RMC\" \/>\n<meta property=\"og:description\" content=\"Offrez-vous le poignard Vorpal Blade dans Alice Madness Returns. Lame et poign\u00e9e en acier grav\u00e9e. Longueur totale : 45 cm - Envoi 24\/48h\" \/>\n<meta property=\"og:url\" content=\"https:\/\/repliquemangacine.fr\/de\/katana-und-schwert-von-videospielen-andere-videospiele\/dolch-vorpal-blade-alice-madness-returns\/\" \/>\n<meta property=\"og:site_name\" content=\"R\u00e9plique Manga Cin\u00e9\" \/>\n<meta property=\"article:publisher\" content=\"https:\/\/www.facebook.com\/RepliqueMangaCine\" \/>\n<meta property=\"article:modified_time\" content=\"2026-04-02T20:31:04+00:00\" \/>\n<meta property=\"og:image\" content=\"https:\/\/repliquemangacine.fr\/wp-content\/uploads\/2023\/10\/282-Poignard-Vorpal-Blade-Alice-Madness-Returns.jpg\" \/>\n\t<meta property=\"og:image:width\" content=\"800\" \/>\n\t<meta property=\"og:image:height\" content=\"800\" \/>\n\t<meta property=\"og:image:type\" content=\"image\/jpeg\" \/>\n<meta name=\"twitter:card\" content=\"summary_large_image\" \/>\n<meta name=\"twitter:label1\" content=\"Gesch\u00e4tzte Lesezeit\" \/>\n\t<meta name=\"twitter:data1\" content=\"3\u00a0Minuten\" \/>\n<script type=\"application\/ld+json\" class=\"yoast-schema-graph\">{\"@context\":\"https:\\\/\\\/schema.org\",\"@graph\":[{\"@type\":\"WebPage\",\"@id\":\"https:\\\/\\\/repliquemangacine.fr\\\/katana-et-epee-de-jeux-video-autre-jeux-video\\\/poignard-vorpal-blade-alice-madness-returns\\\/\",\"url\":\"https:\\\/\\\/repliquemangacine.fr\\\/katana-et-epee-de-jeux-video-autre-jeux-video\\\/poignard-vorpal-blade-alice-madness-returns\\\/\",\"name\":\"Vorpal Blade Alice - Poignard Alice Madness Returns | RMC\",\"isPartOf\":{\"@id\":\"https:\\\/\\\/repliquemangacine.fr\\\/#website\"},\"primaryImageOfPage\":{\"@id\":\"https:\\\/\\\/repliquemangacine.fr\\\/katana-et-epee-de-jeux-video-autre-jeux-video\\\/poignard-vorpal-blade-alice-madness-returns\\\/#primaryimage\"},\"image\":{\"@id\":\"https:\\\/\\\/repliquemangacine.fr\\\/katana-et-epee-de-jeux-video-autre-jeux-video\\\/poignard-vorpal-blade-alice-madness-returns\\\/#primaryimage\"},\"thumbnailUrl\":\"https:\\\/\\\/repliquemangacine.fr\\\/wp-content\\\/uploads\\\/2023\\\/10\\\/282-Poignard-Vorpal-Blade-Alice-Madness-Returns.jpg\",\"datePublished\":\"2016-09-07T13:44:17+00:00\",\"dateModified\":\"2026-04-02T20:31:04+00:00\",\"description\":\"Offrez-vous le poignard Vorpal Blade dans Alice Madness Returns. Lame et poign\u00e9e en acier grav\u00e9e. Longueur totale : 45 cm - Envoi 24\\\/48h\",\"breadcrumb\":{\"@id\":\"https:\\\/\\\/repliquemangacine.fr\\\/katana-et-epee-de-jeux-video-autre-jeux-video\\\/poignard-vorpal-blade-alice-madness-returns\\\/#breadcrumb\"},\"inLanguage\":\"de\",\"potentialAction\":[{\"@type\":\"ReadAction\",\"target\":[\"https:\\\/\\\/repliquemangacine.fr\\\/katana-et-epee-de-jeux-video-autre-jeux-video\\\/poignard-vorpal-blade-alice-madness-returns\\\/\"]}]},{\"@type\":\"ImageObject\",\"inLanguage\":\"de\",\"@id\":\"https:\\\/\\\/repliquemangacine.fr\\\/katana-et-epee-de-jeux-video-autre-jeux-video\\\/poignard-vorpal-blade-alice-madness-returns\\\/#primaryimage\",\"url\":\"https:\\\/\\\/repliquemangacine.fr\\\/wp-content\\\/uploads\\\/2023\\\/10\\\/282-Poignard-Vorpal-Blade-Alice-Madness-Returns.jpg\",\"contentUrl\":\"https:\\\/\\\/repliquemangacine.fr\\\/wp-content\\\/uploads\\\/2023\\\/10\\\/282-Poignard-Vorpal-Blade-Alice-Madness-Returns.jpg\",\"width\":800,\"height\":800,\"caption\":\"Poignard Vorpal Blade - Alice Madness Returns\"},{\"@type\":\"BreadcrumbList\",\"@id\":\"https:\\\/\\\/repliquemangacine.fr\\\/katana-et-epee-de-jeux-video-autre-jeux-video\\\/poignard-vorpal-blade-alice-madness-returns\\\/#breadcrumb\",\"itemListElement\":[{\"@type\":\"ListItem\",\"position\":1,\"name\":\"Accueil\",\"item\":\"https:\\\/\\\/repliquemangacine.fr\\\/\"},{\"@type\":\"ListItem\",\"position\":2,\"name\":\"Produits\",\"item\":\"https:\\\/\\\/repliquemangacine.fr\\\/boutique\\\/\"},{\"@type\":\"ListItem\",\"position\":3,\"name\":\"Vorpal Blade Alice Madness Returns\"}]},{\"@type\":\"WebSite\",\"@id\":\"https:\\\/\\\/repliquemangacine.fr\\\/#website\",\"url\":\"https:\\\/\\\/repliquemangacine.fr\\\/\",\"name\":\"R\u00e9plique Manga Cin\u00e9\",\"description\":\"\",\"publisher\":{\"@id\":\"https:\\\/\\\/repliquemangacine.fr\\\/#organization\"},\"potentialAction\":[{\"@type\":\"SearchAction\",\"target\":{\"@type\":\"EntryPoint\",\"urlTemplate\":\"https:\\\/\\\/repliquemangacine.fr\\\/?s={search_term_string}\"},\"query-input\":{\"@type\":\"PropertyValueSpecification\",\"valueRequired\":true,\"valueName\":\"search_term_string\"}}],\"inLanguage\":\"de\"},{\"@type\":\"Organization\",\"@id\":\"https:\\\/\\\/repliquemangacine.fr\\\/#organization\",\"name\":\"R\u00e9plique Manga Cin\u00e9\",\"url\":\"https:\\\/\\\/repliquemangacine.fr\\\/\",\"logo\":{\"@type\":\"ImageObject\",\"inLanguage\":\"de\",\"@id\":\"https:\\\/\\\/repliquemangacine.fr\\\/#\\\/schema\\\/logo\\\/image\\\/\",\"url\":\"https:\\\/\\\/repliquemangacine.fr\\\/wp-content\\\/uploads\\\/2023\\\/10\\\/RMC-500250.png\",\"contentUrl\":\"https:\\\/\\\/repliquemangacine.fr\\\/wp-content\\\/uploads\\\/2023\\\/10\\\/RMC-500250.png\",\"width\":500,\"height\":250,\"caption\":\"R\u00e9plique Manga Cin\u00e9\"},\"image\":{\"@id\":\"https:\\\/\\\/repliquemangacine.fr\\\/#\\\/schema\\\/logo\\\/image\\\/\"},\"sameAs\":[\"https:\\\/\\\/www.facebook.com\\\/RepliqueMangaCine\",\"https:\\\/\\\/www.instagram.com\\\/repliquemangacine.fr\\\/\"]}]}<\/script>\n<!-- \/ Yoast SEO plugin. -->","yoast_head_json":{"title":"Vorpal Blade Alice - Dolch Alice Madness Returns | RMC","description":"G\u00f6nnen Sie sich den Vorpal Blade Dolch in Alice Madness Returns. Klinge und Griff aus Stahl mit Gravur. Gesamtl\u00e4nge: 45 cm - Versand 24\/48 Stunden","robots":{"index":"index","follow":"follow","max-snippet":"max-snippet:-1","max-image-preview":"max-image-preview:large","max-video-preview":"max-video-preview:-1"},"canonical":"https:\/\/repliquemangacine.fr\/de\/katana-und-schwert-von-videospielen-andere-videospiele\/dolch-vorpal-blade-alice-madness-returns\/","og_locale":"de_DE","og_type":"article","og_title":"Vorpal Blade Alice - Poignard Alice Madness Returns | RMC","og_description":"Offrez-vous le poignard Vorpal Blade dans Alice Madness Returns. Lame et poign\u00e9e en acier grav\u00e9e. Longueur totale : 45 cm - Envoi 24\/48h","og_url":"https:\/\/repliquemangacine.fr\/de\/katana-und-schwert-von-videospielen-andere-videospiele\/dolch-vorpal-blade-alice-madness-returns\/","og_site_name":"R\u00e9plique Manga Cin\u00e9","article_publisher":"https:\/\/www.facebook.com\/RepliqueMangaCine","article_modified_time":"2026-04-02T20:31:04+00:00","og_image":[{"width":800,"height":800,"url":"https:\/\/repliquemangacine.fr\/wp-content\/uploads\/2023\/10\/282-Poignard-Vorpal-Blade-Alice-Madness-Returns.jpg","type":"image\/jpeg"}],"twitter_card":"summary_large_image","twitter_misc":{"Gesch\u00e4tzte Lesezeit":"3\u00a0Minuten"},"schema":{"@context":"https:\/\/schema.org","@graph":[{"@type":"WebPage","@id":"https:\/\/repliquemangacine.fr\/katana-et-epee-de-jeux-video-autre-jeux-video\/poignard-vorpal-blade-alice-madness-returns\/","url":"https:\/\/repliquemangacine.fr\/katana-et-epee-de-jeux-video-autre-jeux-video\/poignard-vorpal-blade-alice-madness-returns\/","name":"Vorpal Blade Alice - Dolch Alice Madness Returns | RMC","isPartOf":{"@id":"https:\/\/repliquemangacine.fr\/#website"},"primaryImageOfPage":{"@id":"https:\/\/repliquemangacine.fr\/katana-et-epee-de-jeux-video-autre-jeux-video\/poignard-vorpal-blade-alice-madness-returns\/#primaryimage"},"image":{"@id":"https:\/\/repliquemangacine.fr\/katana-et-epee-de-jeux-video-autre-jeux-video\/poignard-vorpal-blade-alice-madness-returns\/#primaryimage"},"thumbnailUrl":"https:\/\/repliquemangacine.fr\/wp-content\/uploads\/2023\/10\/282-Poignard-Vorpal-Blade-Alice-Madness-Returns.jpg","datePublished":"2016-09-07T13:44:17+00:00","dateModified":"2026-04-02T20:31:04+00:00","description":"G\u00f6nnen Sie sich den Vorpal Blade Dolch in Alice Madness Returns. Klinge und Griff aus Stahl mit Gravur. Gesamtl\u00e4nge: 45 cm - Versand 24\/48 Stunden","breadcrumb":{"@id":"https:\/\/repliquemangacine.fr\/katana-et-epee-de-jeux-video-autre-jeux-video\/poignard-vorpal-blade-alice-madness-returns\/#breadcrumb"},"inLanguage":"de","potentialAction":[{"@type":"ReadAction","target":["https:\/\/repliquemangacine.fr\/katana-et-epee-de-jeux-video-autre-jeux-video\/poignard-vorpal-blade-alice-madness-returns\/"]}]},{"@type":"ImageObject","inLanguage":"de","@id":"https:\/\/repliquemangacine.fr\/katana-et-epee-de-jeux-video-autre-jeux-video\/poignard-vorpal-blade-alice-madness-returns\/#primaryimage","url":"https:\/\/repliquemangacine.fr\/wp-content\/uploads\/2023\/10\/282-Poignard-Vorpal-Blade-Alice-Madness-Returns.jpg","contentUrl":"https:\/\/repliquemangacine.fr\/wp-content\/uploads\/2023\/10\/282-Poignard-Vorpal-Blade-Alice-Madness-Returns.jpg","width":800,"height":800,"caption":"Poignard Vorpal Blade - Alice Madness Returns"},{"@type":"BreadcrumbList","@id":"https:\/\/repliquemangacine.fr\/katana-et-epee-de-jeux-video-autre-jeux-video\/poignard-vorpal-blade-alice-madness-returns\/#breadcrumb","itemListElement":[{"@type":"ListItem","position":1,"name":"Accueil","item":"https:\/\/repliquemangacine.fr\/"},{"@type":"ListItem","position":2,"name":"Produits","item":"https:\/\/repliquemangacine.fr\/boutique\/"},{"@type":"ListItem","position":3,"name":"Vorpal Blade Alice Madness Returns"}]},{"@type":"WebSite","@id":"https:\/\/repliquemangacine.fr\/#website","url":"https:\/\/repliquemangacine.fr\/","name":"R\u00e9plique Manga Cin\u00e9","description":"","publisher":{"@id":"https:\/\/repliquemangacine.fr\/#organization"},"potentialAction":[{"@type":"SearchAction","target":{"@type":"EntryPoint","urlTemplate":"https:\/\/repliquemangacine.fr\/?s={search_term_string}"},"query-input":{"@type":"PropertyValueSpecification","valueRequired":true,"valueName":"search_term_string"}}],"inLanguage":"de"},{"@type":"Organization","@id":"https:\/\/repliquemangacine.fr\/#organization","name":"R\u00e9plique Manga Cin\u00e9","url":"https:\/\/repliquemangacine.fr\/","logo":{"@type":"ImageObject","inLanguage":"de","@id":"https:\/\/repliquemangacine.fr\/#\/schema\/logo\/image\/","url":"https:\/\/repliquemangacine.fr\/wp-content\/uploads\/2023\/10\/RMC-500250.png","contentUrl":"https:\/\/repliquemangacine.fr\/wp-content\/uploads\/2023\/10\/RMC-500250.png","width":500,"height":250,"caption":"R\u00e9plique Manga Cin\u00e9"},"image":{"@id":"https:\/\/repliquemangacine.fr\/#\/schema\/logo\/image\/"},"sameAs":["https:\/\/www.facebook.com\/RepliqueMangaCine","https:\/\/www.instagram.com\/repliquemangacine.fr\/"]}]}},"_links":{"self":[{"href":"https:\/\/repliquemangacine.fr\/de\/wp-json\/wp\/v2\/product\/25499","targetHints":{"allow":["GET"]}}],"collection":[{"href":"https:\/\/repliquemangacine.fr\/de\/wp-json\/wp\/v2\/product"}],"about":[{"href":"https:\/\/repliquemangacine.fr\/de\/wp-json\/wp\/v2\/types\/product"}],"wp:featuredmedia":[{"embeddable":true,"href":"https:\/\/repliquemangacine.fr\/de\/wp-json\/wp\/v2\/media\/25500"}],"wp:attachment":[{"href":"https:\/\/repliquemangacine.fr\/de\/wp-json\/wp\/v2\/media?parent=25499"}],"wp:term":[{"taxonomy":"product_brand","embeddable":true,"href":"https:\/\/repliquemangacine.fr\/de\/wp-json\/wp\/v2\/product_brand?post=25499"},{"taxonomy":"product_cat","embeddable":true,"href":"https:\/\/repliquemangacine.fr\/de\/wp-json\/wp\/v2\/product_cat?post=25499"},{"taxonomy":"product_tag","embeddable":true,"href":"https:\/\/repliquemangacine.fr\/de\/wp-json\/wp\/v2\/product_tag?post=25499"}],"curies":[{"name":"wp","href":"https:\/\/api.w.org\/{rel}","templated":true}]}}