





{"id":25491,"date":"2016-09-05T19:59:32","date_gmt":"2016-09-05T17:59:32","guid":{"rendered":"https:\/\/repliquemangacine.fr\/?post_type=product&#038;p=25491"},"modified":"2026-03-09T14:34:11","modified_gmt":"2026-03-09T13:34:11","slug":"zelda-legendares-schwert-linkes-schwert","status":"publish","type":"product","link":"https:\/\/repliquemangacine.fr\/de\/epee-zelda\/zelda-epee-de-legende-epee-de-link\/","title":{"rendered":"Link Zeldas Schwert"},"content":{"rendered":"<h2>Link Zeldas legend\u00e4res Schwert.<\/h2>\n<p>Zu Beginn wird die<strong>Link Zeldas Schwert<\/strong> ist das bekannteste Symbol der Serie. Dieses heilige Schwert, das in den englischen \u00dcbersetzungen \u201eMaster Sword\u201c genannt wird, dient dazu, das B\u00f6se oder ganz allgemein Ganon zu bek\u00e4mpfen, aber auch dazu, neue Kr\u00e4fte zu erlangen.<\/p>\n<p>Seine Herkunft wird in Skyward Sword enth\u00fcllt: Es war einst das G\u00f6ttliche Schwert, das perfektioniert und in dieses Schwert der Legende verwandelt wurde, nachdem Link sein Schwert mit den drei Flammen der G\u00f6ttinnen getaucht hatte.<\/p>\n<p>Link verl\u00e4sst sein Zuhause, um gegen die M\u00e4chte des B\u00f6sen zu k\u00e4mpfen. Obwohl er zu Beginn des Spiels noch nicht sehr gut mit Waffen umgehen kann, eignet er sich schnell neue Techniken an und baut sich ein vielf\u00e4ltiges Arsenal auf, wobei das Schwert seine Lieblingswaffe bleibt. Link geh\u00f6rt zum Volk der <a href=\"https:\/\/zelda.fandom.com\/fr\/wiki\/Hylien\" target=\"_blank\" rel=\"noopener noreferrer\">Hylianer<\/a>.<\/p>\n<h2>Ihr Link-Schwert aus Zelda zum besten Preis.<\/h2>\n<p>Wir bieten Ihnen eine gro\u00dfe Auswahl an Repliken der Videospiele Zelda<\/p>\n<p>Zun\u00e4chst einmal,<\/p>\n<ul>\n<li>L'<a href=\"https:\/\/repliquemangacine.fr\/de\/zelda\/epee-de-link-master-sword-edition-limitee\/\">Master Sword<\/a> in der Luxusversion mit Lederscheide und absolut bemerkenswerter Verarbeitung.<\/li>\n<li>Anschlie\u00dfend <a href=\"https:\/\/repliquemangacine.fr\/de\/zelda\/bouclier-de-zelda-en-mousse-bouclier-hylian-de-link\/\">Der Hylian-Schild aus Schaumstoff<\/a> von Link mit seinem Triforce.<\/li>\n<li>Sowie die<a href=\"https:\/\/repliquemangacine.fr\/de\/zelda\/zelda-epee-dark-link-link-corrompu\/\">Dark link-Schwert<\/a> und seine dunkle Seite.<\/li>\n<li>Und viele andere, die es in unserem Online-Shop zu entdecken gibt!<\/li>\n<\/ul>\n<p>Deshalb ist dies eine tolle Geschenkidee f\u00fcr Zelda-Fans.<\/p>\n<p>Abschlie\u00dfend k\u00f6nnen Sie den<strong>Link Zeldas Schwert<\/strong> f\u00fcr Ihre Cosplay-Paraden auf Tagungen. Vor allem aber ist es ein Sammler- und Dekorationsst\u00fcck.<\/p>\n<h2>Wie pflegt man die Klinge seines legend\u00e4ren Schwertes?<\/h2>\n<p>Sammlungs- und Dekorationsschwerter werden in vereinfachter Form hergestellt und zusammengebaut. Da sie zu Dekorationszwecken verwendet werden, fehlen ihnen die Sicherheitselemente, die ein japanisches Schwert f\u00fcr Trainingszwecke aufweisen muss.<\/p>\n<p>Allerdings ist Ihr <strong>Link Zeldas Schwert<\/strong> zu einer Stahlklinge, die gepflegt werden muss, damit sie nicht mit der Zeit abgenutzt wird. Denn wenn du dein Katana ausstellst, werden deine Freunde neugierig sein, die Klinge zu sehen und sie zu ber\u00fchren. Hier ist Vorsicht geboten, denn Sie sollten wissen, dass die S\u00e4ure der Finger dem Stahl unabh\u00e4ngig von seiner Qualit\u00e4t sehr schadet.<\/p>\n<p>Wenn dies jedoch passiert, keine Panik, Sie brauchen nur ein Tuch, das mit etwas \u00d6l befeuchtet ist, und wischen die Fingerabdr\u00fccke ab. Wenn Sie dies tun, werden Sie Ihr Schwert sehr lange behalten.<\/p>","protected":false},"excerpt":{"rendered":"<p>Master Sword das ikonischste Schwert der Zelda-Reihe.<\/p>\n<ul>\n<li>Stahlklinge mit Triforce.<\/li>\n<li>Griff und Wache aus Metall.<\/li>\n<li>Blau lackierte Holzscheide.<\/li>\n<li>L\u00e4nge der Klinge: 74cm - Gesamtl\u00e4nge: 100cm<\/li>\n<\/ul>","protected":false},"featured_media":25492,"template":"","meta":[],"product_brand":[896],"product_cat":[23,56],"product_tag":[],"class_list":{"0":"post-25491","1":"product","2":"type-product","3":"status-publish","4":"has-post-thumbnail","6":"product_brand-replique-manga-cine","7":"product_cat-repliques-manga-jeux-video","8":"product_cat-epee-zelda","10":"first","11":"instock","12":"taxable","13":"shipping-taxable","14":"purchasable","15":"product-type-simple"},"yoast_head":"<!-- This site is optimized with the Yoast SEO plugin v27.4 - https:\/\/yoast.com\/product\/yoast-seo-wordpress\/ -->\n<title>Ep\u00e9e de Link Zelda - Ep\u00e9e de L\u00e9gende - Boutique en ligne | RMC<\/title>\n<meta name=\"description\" content=\"Offrez-vous l&#039;Ep\u00e9e de Link Zelda au meilleur prix - Lame acier avec Triforce - Fourreau bois - Longueur totale : 100 cm - Envoi 24\/48h\" \/>\n<meta name=\"robots\" content=\"index, follow, max-snippet:-1, max-image-preview:large, max-video-preview:-1\" \/>\n<link rel=\"canonical\" href=\"https:\/\/repliquemangacine.fr\/de\/zelda-schwert\/zelda-legendares-schwert-linkes-schwert\/\" \/>\n<meta property=\"og:locale\" content=\"de_DE\" \/>\n<meta property=\"og:type\" content=\"article\" \/>\n<meta property=\"og:title\" content=\"Ep\u00e9e de Link Zelda - Ep\u00e9e de L\u00e9gende - Boutique en ligne | RMC\" \/>\n<meta property=\"og:description\" content=\"Offrez-vous l&#039;Ep\u00e9e de Link Zelda au meilleur prix - Lame acier avec Triforce - Fourreau bois - Longueur totale : 100 cm - Envoi 24\/48h\" \/>\n<meta property=\"og:url\" content=\"https:\/\/repliquemangacine.fr\/de\/zelda-schwert\/zelda-legendares-schwert-linkes-schwert\/\" \/>\n<meta property=\"og:site_name\" content=\"R\u00e9plique Manga Cin\u00e9\" \/>\n<meta property=\"article:publisher\" content=\"https:\/\/www.facebook.com\/RepliqueMangaCine\" \/>\n<meta property=\"article:modified_time\" content=\"2026-03-09T13:34:11+00:00\" \/>\n<meta property=\"og:image\" content=\"https:\/\/repliquemangacine.fr\/wp-content\/uploads\/2023\/10\/277-Zelda-Epee-de-legende-Epee-excalibur.jpg\" \/>\n\t<meta property=\"og:image:width\" content=\"800\" \/>\n\t<meta property=\"og:image:height\" content=\"800\" \/>\n\t<meta property=\"og:image:type\" content=\"image\/jpeg\" \/>\n<meta name=\"twitter:card\" content=\"summary_large_image\" \/>\n<meta name=\"twitter:label1\" content=\"Gesch\u00e4tzte Lesezeit\" \/>\n\t<meta name=\"twitter:data1\" content=\"2\u00a0Minuten\" \/>\n<script type=\"application\/ld+json\" class=\"yoast-schema-graph\">{\"@context\":\"https:\\\/\\\/schema.org\",\"@graph\":[{\"@type\":\"WebPage\",\"@id\":\"https:\\\/\\\/repliquemangacine.fr\\\/epee-zelda\\\/zelda-epee-de-legende-epee-de-link\\\/\",\"url\":\"https:\\\/\\\/repliquemangacine.fr\\\/epee-zelda\\\/zelda-epee-de-legende-epee-de-link\\\/\",\"name\":\"Ep\u00e9e de Link Zelda - Ep\u00e9e de L\u00e9gende - Boutique en ligne | RMC\",\"isPartOf\":{\"@id\":\"https:\\\/\\\/repliquemangacine.fr\\\/#website\"},\"primaryImageOfPage\":{\"@id\":\"https:\\\/\\\/repliquemangacine.fr\\\/epee-zelda\\\/zelda-epee-de-legende-epee-de-link\\\/#primaryimage\"},\"image\":{\"@id\":\"https:\\\/\\\/repliquemangacine.fr\\\/epee-zelda\\\/zelda-epee-de-legende-epee-de-link\\\/#primaryimage\"},\"thumbnailUrl\":\"https:\\\/\\\/repliquemangacine.fr\\\/wp-content\\\/uploads\\\/2023\\\/10\\\/277-Zelda-Epee-de-legende-Epee-excalibur.jpg\",\"datePublished\":\"2016-09-05T17:59:32+00:00\",\"dateModified\":\"2026-03-09T13:34:11+00:00\",\"description\":\"Offrez-vous l'Ep\u00e9e de Link Zelda au meilleur prix - Lame acier avec Triforce - Fourreau bois - Longueur totale : 100 cm - Envoi 24\\\/48h\",\"breadcrumb\":{\"@id\":\"https:\\\/\\\/repliquemangacine.fr\\\/epee-zelda\\\/zelda-epee-de-legende-epee-de-link\\\/#breadcrumb\"},\"inLanguage\":\"de\",\"potentialAction\":[{\"@type\":\"ReadAction\",\"target\":[\"https:\\\/\\\/repliquemangacine.fr\\\/epee-zelda\\\/zelda-epee-de-legende-epee-de-link\\\/\"]}]},{\"@type\":\"ImageObject\",\"inLanguage\":\"de\",\"@id\":\"https:\\\/\\\/repliquemangacine.fr\\\/epee-zelda\\\/zelda-epee-de-legende-epee-de-link\\\/#primaryimage\",\"url\":\"https:\\\/\\\/repliquemangacine.fr\\\/wp-content\\\/uploads\\\/2023\\\/10\\\/277-Zelda-Epee-de-legende-Epee-excalibur.jpg\",\"contentUrl\":\"https:\\\/\\\/repliquemangacine.fr\\\/wp-content\\\/uploads\\\/2023\\\/10\\\/277-Zelda-Epee-de-legende-Epee-excalibur.jpg\",\"width\":800,\"height\":800,\"caption\":\"Zelda - Ep\u00e9e de l\u00e9gende - Ep\u00e9e excalibur\"},{\"@type\":\"BreadcrumbList\",\"@id\":\"https:\\\/\\\/repliquemangacine.fr\\\/epee-zelda\\\/zelda-epee-de-legende-epee-de-link\\\/#breadcrumb\",\"itemListElement\":[{\"@type\":\"ListItem\",\"position\":1,\"name\":\"Accueil\",\"item\":\"https:\\\/\\\/repliquemangacine.fr\\\/\"},{\"@type\":\"ListItem\",\"position\":2,\"name\":\"Produits\",\"item\":\"https:\\\/\\\/repliquemangacine.fr\\\/boutique\\\/\"},{\"@type\":\"ListItem\",\"position\":3,\"name\":\"Ep\u00e9e de Link Zelda\"}]},{\"@type\":\"WebSite\",\"@id\":\"https:\\\/\\\/repliquemangacine.fr\\\/#website\",\"url\":\"https:\\\/\\\/repliquemangacine.fr\\\/\",\"name\":\"R\u00e9plique Manga Cin\u00e9\",\"description\":\"\",\"publisher\":{\"@id\":\"https:\\\/\\\/repliquemangacine.fr\\\/#organization\"},\"potentialAction\":[{\"@type\":\"SearchAction\",\"target\":{\"@type\":\"EntryPoint\",\"urlTemplate\":\"https:\\\/\\\/repliquemangacine.fr\\\/?s={search_term_string}\"},\"query-input\":{\"@type\":\"PropertyValueSpecification\",\"valueRequired\":true,\"valueName\":\"search_term_string\"}}],\"inLanguage\":\"de\"},{\"@type\":\"Organization\",\"@id\":\"https:\\\/\\\/repliquemangacine.fr\\\/#organization\",\"name\":\"R\u00e9plique Manga Cin\u00e9\",\"url\":\"https:\\\/\\\/repliquemangacine.fr\\\/\",\"logo\":{\"@type\":\"ImageObject\",\"inLanguage\":\"de\",\"@id\":\"https:\\\/\\\/repliquemangacine.fr\\\/#\\\/schema\\\/logo\\\/image\\\/\",\"url\":\"https:\\\/\\\/repliquemangacine.fr\\\/wp-content\\\/uploads\\\/2023\\\/10\\\/RMC-500250.png\",\"contentUrl\":\"https:\\\/\\\/repliquemangacine.fr\\\/wp-content\\\/uploads\\\/2023\\\/10\\\/RMC-500250.png\",\"width\":500,\"height\":250,\"caption\":\"R\u00e9plique Manga Cin\u00e9\"},\"image\":{\"@id\":\"https:\\\/\\\/repliquemangacine.fr\\\/#\\\/schema\\\/logo\\\/image\\\/\"},\"sameAs\":[\"https:\\\/\\\/www.facebook.com\\\/RepliqueMangaCine\",\"https:\\\/\\\/www.instagram.com\\\/repliquemangacine.fr\\\/\"]}]}<\/script>\n<!-- \/ Yoast SEO plugin. -->","yoast_head_json":{"title":"Link Zeldas Schwert - Schwert der Legende - Online-Shop | RMC","description":"Bieten Sie das Schwert von Link Zelda zum besten Preis an - Stahlklinge mit Triforce - Holzscheide - Gesamtl\u00e4nge: 100 cm - Versand 24\/48h","robots":{"index":"index","follow":"follow","max-snippet":"max-snippet:-1","max-image-preview":"max-image-preview:large","max-video-preview":"max-video-preview:-1"},"canonical":"https:\/\/repliquemangacine.fr\/de\/zelda-schwert\/zelda-legendares-schwert-linkes-schwert\/","og_locale":"de_DE","og_type":"article","og_title":"Ep\u00e9e de Link Zelda - Ep\u00e9e de L\u00e9gende - Boutique en ligne | RMC","og_description":"Offrez-vous l'Ep\u00e9e de Link Zelda au meilleur prix - Lame acier avec Triforce - Fourreau bois - Longueur totale : 100 cm - Envoi 24\/48h","og_url":"https:\/\/repliquemangacine.fr\/de\/zelda-schwert\/zelda-legendares-schwert-linkes-schwert\/","og_site_name":"R\u00e9plique Manga Cin\u00e9","article_publisher":"https:\/\/www.facebook.com\/RepliqueMangaCine","article_modified_time":"2026-03-09T13:34:11+00:00","og_image":[{"width":800,"height":800,"url":"https:\/\/repliquemangacine.fr\/wp-content\/uploads\/2023\/10\/277-Zelda-Epee-de-legende-Epee-excalibur.jpg","type":"image\/jpeg"}],"twitter_card":"summary_large_image","twitter_misc":{"Gesch\u00e4tzte Lesezeit":"2\u00a0Minuten"},"schema":{"@context":"https:\/\/schema.org","@graph":[{"@type":"WebPage","@id":"https:\/\/repliquemangacine.fr\/epee-zelda\/zelda-epee-de-legende-epee-de-link\/","url":"https:\/\/repliquemangacine.fr\/epee-zelda\/zelda-epee-de-legende-epee-de-link\/","name":"Link Zeldas Schwert - Schwert der Legende - Online-Shop | RMC","isPartOf":{"@id":"https:\/\/repliquemangacine.fr\/#website"},"primaryImageOfPage":{"@id":"https:\/\/repliquemangacine.fr\/epee-zelda\/zelda-epee-de-legende-epee-de-link\/#primaryimage"},"image":{"@id":"https:\/\/repliquemangacine.fr\/epee-zelda\/zelda-epee-de-legende-epee-de-link\/#primaryimage"},"thumbnailUrl":"https:\/\/repliquemangacine.fr\/wp-content\/uploads\/2023\/10\/277-Zelda-Epee-de-legende-Epee-excalibur.jpg","datePublished":"2016-09-05T17:59:32+00:00","dateModified":"2026-03-09T13:34:11+00:00","description":"Bieten Sie das Schwert von Link Zelda zum besten Preis an - Stahlklinge mit Triforce - Holzscheide - Gesamtl\u00e4nge: 100 cm - Versand 24\/48h","breadcrumb":{"@id":"https:\/\/repliquemangacine.fr\/epee-zelda\/zelda-epee-de-legende-epee-de-link\/#breadcrumb"},"inLanguage":"de","potentialAction":[{"@type":"ReadAction","target":["https:\/\/repliquemangacine.fr\/epee-zelda\/zelda-epee-de-legende-epee-de-link\/"]}]},{"@type":"ImageObject","inLanguage":"de","@id":"https:\/\/repliquemangacine.fr\/epee-zelda\/zelda-epee-de-legende-epee-de-link\/#primaryimage","url":"https:\/\/repliquemangacine.fr\/wp-content\/uploads\/2023\/10\/277-Zelda-Epee-de-legende-Epee-excalibur.jpg","contentUrl":"https:\/\/repliquemangacine.fr\/wp-content\/uploads\/2023\/10\/277-Zelda-Epee-de-legende-Epee-excalibur.jpg","width":800,"height":800,"caption":"Zelda - Ep\u00e9e de l\u00e9gende - Ep\u00e9e excalibur"},{"@type":"BreadcrumbList","@id":"https:\/\/repliquemangacine.fr\/epee-zelda\/zelda-epee-de-legende-epee-de-link\/#breadcrumb","itemListElement":[{"@type":"ListItem","position":1,"name":"Accueil","item":"https:\/\/repliquemangacine.fr\/"},{"@type":"ListItem","position":2,"name":"Produits","item":"https:\/\/repliquemangacine.fr\/boutique\/"},{"@type":"ListItem","position":3,"name":"Ep\u00e9e de Link Zelda"}]},{"@type":"WebSite","@id":"https:\/\/repliquemangacine.fr\/#website","url":"https:\/\/repliquemangacine.fr\/","name":"R\u00e9plique Manga Cin\u00e9","description":"","publisher":{"@id":"https:\/\/repliquemangacine.fr\/#organization"},"potentialAction":[{"@type":"SearchAction","target":{"@type":"EntryPoint","urlTemplate":"https:\/\/repliquemangacine.fr\/?s={search_term_string}"},"query-input":{"@type":"PropertyValueSpecification","valueRequired":true,"valueName":"search_term_string"}}],"inLanguage":"de"},{"@type":"Organization","@id":"https:\/\/repliquemangacine.fr\/#organization","name":"R\u00e9plique Manga Cin\u00e9","url":"https:\/\/repliquemangacine.fr\/","logo":{"@type":"ImageObject","inLanguage":"de","@id":"https:\/\/repliquemangacine.fr\/#\/schema\/logo\/image\/","url":"https:\/\/repliquemangacine.fr\/wp-content\/uploads\/2023\/10\/RMC-500250.png","contentUrl":"https:\/\/repliquemangacine.fr\/wp-content\/uploads\/2023\/10\/RMC-500250.png","width":500,"height":250,"caption":"R\u00e9plique Manga Cin\u00e9"},"image":{"@id":"https:\/\/repliquemangacine.fr\/#\/schema\/logo\/image\/"},"sameAs":["https:\/\/www.facebook.com\/RepliqueMangaCine","https:\/\/www.instagram.com\/repliquemangacine.fr\/"]}]}},"_links":{"self":[{"href":"https:\/\/repliquemangacine.fr\/de\/wp-json\/wp\/v2\/product\/25491","targetHints":{"allow":["GET"]}}],"collection":[{"href":"https:\/\/repliquemangacine.fr\/de\/wp-json\/wp\/v2\/product"}],"about":[{"href":"https:\/\/repliquemangacine.fr\/de\/wp-json\/wp\/v2\/types\/product"}],"wp:featuredmedia":[{"embeddable":true,"href":"https:\/\/repliquemangacine.fr\/de\/wp-json\/wp\/v2\/media\/25492"}],"wp:attachment":[{"href":"https:\/\/repliquemangacine.fr\/de\/wp-json\/wp\/v2\/media?parent=25491"}],"wp:term":[{"taxonomy":"product_brand","embeddable":true,"href":"https:\/\/repliquemangacine.fr\/de\/wp-json\/wp\/v2\/product_brand?post=25491"},{"taxonomy":"product_cat","embeddable":true,"href":"https:\/\/repliquemangacine.fr\/de\/wp-json\/wp\/v2\/product_cat?post=25491"},{"taxonomy":"product_tag","embeddable":true,"href":"https:\/\/repliquemangacine.fr\/de\/wp-json\/wp\/v2\/product_tag?post=25491"}],"curies":[{"name":"wp","href":"https:\/\/api.w.org\/{rel}","templated":true}]}}