





{"id":25485,"date":"2016-09-05T18:54:05","date_gmt":"2016-09-05T16:54:05","guid":{"rendered":"https:\/\/repliquemangacine.fr\/?post_type=product&#038;p=25485"},"modified":"2025-09-30T15:44:01","modified_gmt":"2025-09-30T13:44:01","slug":"schwert-dark-link-zelda-link-korrupt","status":"publish","type":"product","link":"https:\/\/repliquemangacine.fr\/de\/epee-zelda\/epee-dark-link-zelda-link-corrompu\/","title":{"rendered":"Dark Link Zelda-Schwert"},"content":{"rendered":"<h2>Dark Link-Schwert in Zelda.<\/h2>\n<p>Zu Beginn wird die<strong>Dark Link-Schwert<\/strong> auch bekannt als Schwarzer Link, Dunkler Link oder <a href=\"https:\/\/zelda.fandom.com\/fr\/wiki\/Dark_Link\" target=\"_blank\" rel=\"noopener noreferrer\">Korrupter Link<\/a>, ist das b\u00f6se Spiegelbild von Link. Er verf\u00fcgt in der Regel \u00fcber dieselben F\u00e4higkeiten wie dieser. Er taucht zum ersten Mal in The Adventure of Link auf.<\/p>\n<p>Er ist einer der beliebtesten Antagonisten im Universum von The Legend of Zelda, vor allem aufgrund seiner \u00c4hnlichkeit und seiner F\u00e4higkeiten, die denen der Hauptfigur der Serie, Link, entsprechen.<\/p>\n<p>Das Schwert der Legende ist das symboltr\u00e4chtigste Schwert der Serie. In englischen \u00dcbersetzungen als \u201eMaster Sword\u201d bezeichnet, dient dieses heilige Schwert dazu, das B\u00f6se zu bek\u00e4mpfen, oder h\u00e4ufiger noch Ganon abzuwehren, aber auch dazu, neue Kr\u00e4fte zu erlangen.<\/p>\n<h2>Ihr Dark Link Schwert zum besten Preis.<\/h2>\n<p>Wir bieten Ihnen eine gro\u00dfe Auswahl an Repliken der Videospiele Zelda<\/p>\n<p>Zun\u00e4chst einmal,<\/p>\n<ul>\n<li>L'<a href=\"https:\/\/repliquemangacine.fr\/de\/zelda\/master-sword-zelda-schwert\/\">Master Sword<\/a> in der Luxusversion mit Lederscheide und absolut bemerkenswerter Verarbeitung.<\/li>\n<li>Anschlie\u00dfend <a href=\"https:\/\/repliquemangacine.fr\/de\/zelda\/bouclier-de-zelda-en-mousse-bouclier-hylian-de-link\/\">Der Hylian-Schild<\/a> aus Schaumstoff von Link mit seinem Triforce.<\/li>\n<li>Sowie die<a href=\"https:\/\/repliquemangacine.fr\/de\/zelda\/schaumstoffschwert-von-link-master-sword-in-zelda\/\">legend\u00e4res schwert in schaumversion<\/a>.<\/li>\n<li>Und viele andere, die es in unserem Online-Shop zu entdecken gibt!<\/li>\n<\/ul>\n<p>Deshalb ist dies eine tolle Geschenkidee f\u00fcr Zelda-Fans.<\/p>\n<p>Zusammenfassend l\u00e4sst sich sagen, dass Sie das Dark Link-Schwert aus Zelda f\u00fcr Ihre Cosplay-Auftritte auf Conventions verwenden k\u00f6nnen. In erster Linie handelt es sich jedoch um ein Sammler- und Dekorationsst\u00fcck.<\/p>\n<h2>Wie pflegt man die Klinge seines Zelda-Schwerts?<\/h2>\n<p>Sammlungs- und Dekorationsschwerter werden in vereinfachter Form hergestellt und zusammengebaut. Da sie zu Dekorationszwecken verwendet werden, fehlen ihnen die Sicherheitselemente, die ein japanisches Schwert f\u00fcr Trainingszwecke aufweisen muss.<\/p>\n<p>Allerdings ist Ihr <strong>Dark Link-Schwert<\/strong> zu einer Stahlklinge, die gepflegt werden muss, damit sie nicht mit der Zeit abgenutzt wird. Denn wenn du dein Katana ausstellst, werden deine Freunde neugierig sein, die Klinge zu sehen und sie zu ber\u00fchren. Hier ist Vorsicht geboten, denn Sie sollten wissen, dass die S\u00e4ure der Finger dem Stahl unabh\u00e4ngig von seiner Qualit\u00e4t sehr schadet.<\/p>\n<p>Wenn dies jedoch passiert, keine Panik, Sie brauchen nur ein Tuch, das mit etwas \u00d6l befeuchtet ist, und wischen die Fingerabdr\u00fccke ab. Wenn Sie dies tun, werden Sie Ihr Schwert sehr lange behalten.<\/p>\n<p><strong>\u00a0<\/strong><\/p>","protected":false},"excerpt":{"rendered":"<p>Dark Link, auch bekannt als Schwarzer Link, ist Links b\u00f6sartiges Spiegelbild.<\/p>\n<ul>\n<li>Stahlklinge mit Triforce-\u00c4tzung.<\/li>\n<li>Schwarz lackierte Holzscheide mit Zelda-Emblem<\/li>\n<li>Garde und Griff aus schwarz lackiertem Metall.<\/li>\n<li>L\u00e4nge der Klinge: 74cm - Gesamtl\u00e4nge: 100cm<\/li>\n<\/ul>","protected":false},"featured_media":25486,"template":"","meta":[],"product_brand":[896],"product_cat":[23,56],"product_tag":[],"class_list":{"0":"post-25485","1":"product","2":"type-product","3":"status-publish","4":"has-post-thumbnail","6":"product_brand-replique-manga-cine","7":"product_cat-repliques-manga-jeux-video","8":"product_cat-epee-zelda","10":"first","11":"instock","12":"taxable","13":"shipping-taxable","14":"purchasable","15":"product-type-simple"},"yoast_head":"<!-- This site is optimized with the Yoast SEO plugin v27.5 - https:\/\/yoast.com\/product\/yoast-seo-wordpress\/ -->\n<title>Ep\u00e9e Dark Link - Ep\u00e9e Zelda - Boutique en ligne | RMC<\/title>\n<meta name=\"description\" content=\"Commandez vite ! L&#039;Ep\u00e9e Dark Link dans Zelda au meilleur prix - Lame en acier - Fourreau d\u00e9cor\u00e9 - Echelle 1\/1 - Longueur : 100cm - Envoi 24\/48h\" \/>\n<meta name=\"robots\" content=\"index, follow, max-snippet:-1, max-image-preview:large, max-video-preview:-1\" \/>\n<link rel=\"canonical\" href=\"https:\/\/repliquemangacine.fr\/de\/zelda-schwert\/schwert-dark-link-zelda-link-korrupt\/\" \/>\n<meta property=\"og:locale\" content=\"de_DE\" \/>\n<meta property=\"og:type\" content=\"article\" \/>\n<meta property=\"og:title\" content=\"Ep\u00e9e Dark Link - Ep\u00e9e Zelda - Boutique en ligne | RMC\" \/>\n<meta property=\"og:description\" content=\"Commandez vite ! L&#039;Ep\u00e9e Dark Link dans Zelda au meilleur prix - Lame en acier - Fourreau d\u00e9cor\u00e9 - Echelle 1\/1 - Longueur : 100cm - Envoi 24\/48h\" \/>\n<meta property=\"og:url\" content=\"https:\/\/repliquemangacine.fr\/de\/zelda-schwert\/schwert-dark-link-zelda-link-korrupt\/\" \/>\n<meta property=\"og:site_name\" content=\"R\u00e9plique Manga Cin\u00e9\" \/>\n<meta property=\"article:publisher\" content=\"https:\/\/www.facebook.com\/RepliqueMangaCine\" \/>\n<meta property=\"article:modified_time\" content=\"2025-09-30T13:44:01+00:00\" \/>\n<meta property=\"og:image\" content=\"https:\/\/repliquemangacine.fr\/wp-content\/uploads\/2023\/10\/272-Zelda-Epee-Dark-Link-Link-corrompu-noir.jpg\" \/>\n\t<meta property=\"og:image:width\" content=\"800\" \/>\n\t<meta property=\"og:image:height\" content=\"800\" \/>\n\t<meta property=\"og:image:type\" content=\"image\/jpeg\" \/>\n<meta name=\"twitter:card\" content=\"summary_large_image\" \/>\n<meta name=\"twitter:label1\" content=\"Gesch\u00e4tzte Lesezeit\" \/>\n\t<meta name=\"twitter:data1\" content=\"2\u00a0Minuten\" \/>\n<script type=\"application\/ld+json\" class=\"yoast-schema-graph\">{\"@context\":\"https:\\\/\\\/schema.org\",\"@graph\":[{\"@type\":\"WebPage\",\"@id\":\"https:\\\/\\\/repliquemangacine.fr\\\/epee-zelda\\\/epee-dark-link-zelda-link-corrompu\\\/\",\"url\":\"https:\\\/\\\/repliquemangacine.fr\\\/epee-zelda\\\/epee-dark-link-zelda-link-corrompu\\\/\",\"name\":\"Ep\u00e9e Dark Link - Ep\u00e9e Zelda - Boutique en ligne | RMC\",\"isPartOf\":{\"@id\":\"https:\\\/\\\/repliquemangacine.fr\\\/#website\"},\"primaryImageOfPage\":{\"@id\":\"https:\\\/\\\/repliquemangacine.fr\\\/epee-zelda\\\/epee-dark-link-zelda-link-corrompu\\\/#primaryimage\"},\"image\":{\"@id\":\"https:\\\/\\\/repliquemangacine.fr\\\/epee-zelda\\\/epee-dark-link-zelda-link-corrompu\\\/#primaryimage\"},\"thumbnailUrl\":\"https:\\\/\\\/repliquemangacine.fr\\\/wp-content\\\/uploads\\\/2023\\\/10\\\/272-Zelda-Epee-Dark-Link-Link-corrompu-noir.jpg\",\"datePublished\":\"2016-09-05T16:54:05+00:00\",\"dateModified\":\"2025-09-30T13:44:01+00:00\",\"description\":\"Commandez vite ! L'Ep\u00e9e Dark Link dans Zelda au meilleur prix - Lame en acier - Fourreau d\u00e9cor\u00e9 - Echelle 1\\\/1 - Longueur : 100cm - Envoi 24\\\/48h\",\"breadcrumb\":{\"@id\":\"https:\\\/\\\/repliquemangacine.fr\\\/epee-zelda\\\/epee-dark-link-zelda-link-corrompu\\\/#breadcrumb\"},\"inLanguage\":\"de\",\"potentialAction\":[{\"@type\":\"ReadAction\",\"target\":[\"https:\\\/\\\/repliquemangacine.fr\\\/epee-zelda\\\/epee-dark-link-zelda-link-corrompu\\\/\"]}]},{\"@type\":\"ImageObject\",\"inLanguage\":\"de\",\"@id\":\"https:\\\/\\\/repliquemangacine.fr\\\/epee-zelda\\\/epee-dark-link-zelda-link-corrompu\\\/#primaryimage\",\"url\":\"https:\\\/\\\/repliquemangacine.fr\\\/wp-content\\\/uploads\\\/2023\\\/10\\\/272-Zelda-Epee-Dark-Link-Link-corrompu-noir.jpg\",\"contentUrl\":\"https:\\\/\\\/repliquemangacine.fr\\\/wp-content\\\/uploads\\\/2023\\\/10\\\/272-Zelda-Epee-Dark-Link-Link-corrompu-noir.jpg\",\"width\":800,\"height\":800,\"caption\":\"Zelda - Ep\u00e9e Dark Link - Link corrompu noir\"},{\"@type\":\"BreadcrumbList\",\"@id\":\"https:\\\/\\\/repliquemangacine.fr\\\/epee-zelda\\\/epee-dark-link-zelda-link-corrompu\\\/#breadcrumb\",\"itemListElement\":[{\"@type\":\"ListItem\",\"position\":1,\"name\":\"Accueil\",\"item\":\"https:\\\/\\\/repliquemangacine.fr\\\/\"},{\"@type\":\"ListItem\",\"position\":2,\"name\":\"Produits\",\"item\":\"https:\\\/\\\/repliquemangacine.fr\\\/boutique\\\/\"},{\"@type\":\"ListItem\",\"position\":3,\"name\":\"Ep\u00e9e Dark Link Zelda\"}]},{\"@type\":\"WebSite\",\"@id\":\"https:\\\/\\\/repliquemangacine.fr\\\/#website\",\"url\":\"https:\\\/\\\/repliquemangacine.fr\\\/\",\"name\":\"R\u00e9plique Manga Cin\u00e9\",\"description\":\"\",\"publisher\":{\"@id\":\"https:\\\/\\\/repliquemangacine.fr\\\/#organization\"},\"potentialAction\":[{\"@type\":\"SearchAction\",\"target\":{\"@type\":\"EntryPoint\",\"urlTemplate\":\"https:\\\/\\\/repliquemangacine.fr\\\/?s={search_term_string}\"},\"query-input\":{\"@type\":\"PropertyValueSpecification\",\"valueRequired\":true,\"valueName\":\"search_term_string\"}}],\"inLanguage\":\"de\"},{\"@type\":\"Organization\",\"@id\":\"https:\\\/\\\/repliquemangacine.fr\\\/#organization\",\"name\":\"R\u00e9plique Manga Cin\u00e9\",\"url\":\"https:\\\/\\\/repliquemangacine.fr\\\/\",\"logo\":{\"@type\":\"ImageObject\",\"inLanguage\":\"de\",\"@id\":\"https:\\\/\\\/repliquemangacine.fr\\\/#\\\/schema\\\/logo\\\/image\\\/\",\"url\":\"https:\\\/\\\/repliquemangacine.fr\\\/wp-content\\\/uploads\\\/2023\\\/10\\\/RMC-500250.png\",\"contentUrl\":\"https:\\\/\\\/repliquemangacine.fr\\\/wp-content\\\/uploads\\\/2023\\\/10\\\/RMC-500250.png\",\"width\":500,\"height\":250,\"caption\":\"R\u00e9plique Manga Cin\u00e9\"},\"image\":{\"@id\":\"https:\\\/\\\/repliquemangacine.fr\\\/#\\\/schema\\\/logo\\\/image\\\/\"},\"sameAs\":[\"https:\\\/\\\/www.facebook.com\\\/RepliqueMangaCine\",\"https:\\\/\\\/www.instagram.com\\\/repliquemangacine.fr\\\/\"]}]}<\/script>\n<!-- \/ Yoast SEO plugin. -->","yoast_head_json":{"title":"Dark Link Schwert - Zelda Schwert - Online Shop | RMC","description":"Bestellen Sie schnell! Das Dark Link Schwert in Zelda zum besten Preis - Klinge aus Stahl - Verzierte Scheide - Ma\u00dfstab 1\/1 - L\u00e4nge: 100cm - Versand 24\/48h","robots":{"index":"index","follow":"follow","max-snippet":"max-snippet:-1","max-image-preview":"max-image-preview:large","max-video-preview":"max-video-preview:-1"},"canonical":"https:\/\/repliquemangacine.fr\/de\/zelda-schwert\/schwert-dark-link-zelda-link-korrupt\/","og_locale":"de_DE","og_type":"article","og_title":"Ep\u00e9e Dark Link - Ep\u00e9e Zelda - Boutique en ligne | RMC","og_description":"Commandez vite ! L'Ep\u00e9e Dark Link dans Zelda au meilleur prix - Lame en acier - Fourreau d\u00e9cor\u00e9 - Echelle 1\/1 - Longueur : 100cm - Envoi 24\/48h","og_url":"https:\/\/repliquemangacine.fr\/de\/zelda-schwert\/schwert-dark-link-zelda-link-korrupt\/","og_site_name":"R\u00e9plique Manga Cin\u00e9","article_publisher":"https:\/\/www.facebook.com\/RepliqueMangaCine","article_modified_time":"2025-09-30T13:44:01+00:00","og_image":[{"width":800,"height":800,"url":"https:\/\/repliquemangacine.fr\/wp-content\/uploads\/2023\/10\/272-Zelda-Epee-Dark-Link-Link-corrompu-noir.jpg","type":"image\/jpeg"}],"twitter_card":"summary_large_image","twitter_misc":{"Gesch\u00e4tzte Lesezeit":"2\u00a0Minuten"},"schema":{"@context":"https:\/\/schema.org","@graph":[{"@type":"WebPage","@id":"https:\/\/repliquemangacine.fr\/epee-zelda\/epee-dark-link-zelda-link-corrompu\/","url":"https:\/\/repliquemangacine.fr\/epee-zelda\/epee-dark-link-zelda-link-corrompu\/","name":"Dark Link Schwert - Zelda Schwert - Online Shop | RMC","isPartOf":{"@id":"https:\/\/repliquemangacine.fr\/#website"},"primaryImageOfPage":{"@id":"https:\/\/repliquemangacine.fr\/epee-zelda\/epee-dark-link-zelda-link-corrompu\/#primaryimage"},"image":{"@id":"https:\/\/repliquemangacine.fr\/epee-zelda\/epee-dark-link-zelda-link-corrompu\/#primaryimage"},"thumbnailUrl":"https:\/\/repliquemangacine.fr\/wp-content\/uploads\/2023\/10\/272-Zelda-Epee-Dark-Link-Link-corrompu-noir.jpg","datePublished":"2016-09-05T16:54:05+00:00","dateModified":"2025-09-30T13:44:01+00:00","description":"Bestellen Sie schnell! Das Dark Link Schwert in Zelda zum besten Preis - Klinge aus Stahl - Verzierte Scheide - Ma\u00dfstab 1\/1 - L\u00e4nge: 100cm - Versand 24\/48h","breadcrumb":{"@id":"https:\/\/repliquemangacine.fr\/epee-zelda\/epee-dark-link-zelda-link-corrompu\/#breadcrumb"},"inLanguage":"de","potentialAction":[{"@type":"ReadAction","target":["https:\/\/repliquemangacine.fr\/epee-zelda\/epee-dark-link-zelda-link-corrompu\/"]}]},{"@type":"ImageObject","inLanguage":"de","@id":"https:\/\/repliquemangacine.fr\/epee-zelda\/epee-dark-link-zelda-link-corrompu\/#primaryimage","url":"https:\/\/repliquemangacine.fr\/wp-content\/uploads\/2023\/10\/272-Zelda-Epee-Dark-Link-Link-corrompu-noir.jpg","contentUrl":"https:\/\/repliquemangacine.fr\/wp-content\/uploads\/2023\/10\/272-Zelda-Epee-Dark-Link-Link-corrompu-noir.jpg","width":800,"height":800,"caption":"Zelda - Ep\u00e9e Dark Link - Link corrompu noir"},{"@type":"BreadcrumbList","@id":"https:\/\/repliquemangacine.fr\/epee-zelda\/epee-dark-link-zelda-link-corrompu\/#breadcrumb","itemListElement":[{"@type":"ListItem","position":1,"name":"Accueil","item":"https:\/\/repliquemangacine.fr\/"},{"@type":"ListItem","position":2,"name":"Produits","item":"https:\/\/repliquemangacine.fr\/boutique\/"},{"@type":"ListItem","position":3,"name":"Ep\u00e9e Dark Link Zelda"}]},{"@type":"WebSite","@id":"https:\/\/repliquemangacine.fr\/#website","url":"https:\/\/repliquemangacine.fr\/","name":"R\u00e9plique Manga Cin\u00e9","description":"","publisher":{"@id":"https:\/\/repliquemangacine.fr\/#organization"},"potentialAction":[{"@type":"SearchAction","target":{"@type":"EntryPoint","urlTemplate":"https:\/\/repliquemangacine.fr\/?s={search_term_string}"},"query-input":{"@type":"PropertyValueSpecification","valueRequired":true,"valueName":"search_term_string"}}],"inLanguage":"de"},{"@type":"Organization","@id":"https:\/\/repliquemangacine.fr\/#organization","name":"R\u00e9plique Manga Cin\u00e9","url":"https:\/\/repliquemangacine.fr\/","logo":{"@type":"ImageObject","inLanguage":"de","@id":"https:\/\/repliquemangacine.fr\/#\/schema\/logo\/image\/","url":"https:\/\/repliquemangacine.fr\/wp-content\/uploads\/2023\/10\/RMC-500250.png","contentUrl":"https:\/\/repliquemangacine.fr\/wp-content\/uploads\/2023\/10\/RMC-500250.png","width":500,"height":250,"caption":"R\u00e9plique Manga Cin\u00e9"},"image":{"@id":"https:\/\/repliquemangacine.fr\/#\/schema\/logo\/image\/"},"sameAs":["https:\/\/www.facebook.com\/RepliqueMangaCine","https:\/\/www.instagram.com\/repliquemangacine.fr\/"]}]}},"_links":{"self":[{"href":"https:\/\/repliquemangacine.fr\/de\/wp-json\/wp\/v2\/product\/25485","targetHints":{"allow":["GET"]}}],"collection":[{"href":"https:\/\/repliquemangacine.fr\/de\/wp-json\/wp\/v2\/product"}],"about":[{"href":"https:\/\/repliquemangacine.fr\/de\/wp-json\/wp\/v2\/types\/product"}],"wp:featuredmedia":[{"embeddable":true,"href":"https:\/\/repliquemangacine.fr\/de\/wp-json\/wp\/v2\/media\/25486"}],"wp:attachment":[{"href":"https:\/\/repliquemangacine.fr\/de\/wp-json\/wp\/v2\/media?parent=25485"}],"wp:term":[{"taxonomy":"product_brand","embeddable":true,"href":"https:\/\/repliquemangacine.fr\/de\/wp-json\/wp\/v2\/product_brand?post=25485"},{"taxonomy":"product_cat","embeddable":true,"href":"https:\/\/repliquemangacine.fr\/de\/wp-json\/wp\/v2\/product_cat?post=25485"},{"taxonomy":"product_tag","embeddable":true,"href":"https:\/\/repliquemangacine.fr\/de\/wp-json\/wp\/v2\/product_tag?post=25485"}],"curies":[{"name":"wp","href":"https:\/\/api.w.org\/{rel}","templated":true}]}}