





{"id":25469,"date":"2016-09-04T20:31:29","date_gmt":"2016-09-04T18:31:29","guid":{"rendered":"https:\/\/repliquemangacine.fr\/?post_type=product&#038;p=25469"},"modified":"2025-09-25T16:55:50","modified_gmt":"2025-09-25T14:55:50","slug":"schwert-kirito-lost-song-lang-schwert-blau-alfheim-online","status":"publish","type":"product","link":"https:\/\/repliquemangacine.fr\/de\/epee-sword-art-online\/epee-kirito-lost-song-longue-epee-bleu-alfheim-online\/","title":{"rendered":"Schwert Kirito Lost Song"},"content":{"rendered":"<h2>Kiritos Schwert Lost Song - Alfheim Online<\/h2>\n<p>Zu Beginn wird die<strong>Kiritos Schwert Lost Song<\/strong> \u201eLanges blaues Schwert\u201c bezieht sich auf das namenlose Sekund\u00e4rschwert, das Kirito in Alfheim Online verwendet.<\/p>\n<p>Wurde von Kirito w\u00e4hrend der Ereignisse von Calibur zusammen mit dem namenlosen \u201clangen schwarzen Schwert\u201d verwendet. Sp\u00e4ter wurde es durch das \u2019heilige Schwert Excalibur\u00ab ersetzt.<\/p>\n<p>Die <a href=\"https:\/\/sword-art-online.fandom.com\/fr\/wiki\/Longue_\u00e9p\u00e9e_bleu\" target=\"_blank\" rel=\"noopener noreferrer\">Blaues Langschwert<\/a> ist das zweite Schwert, das f\u00fcr Kiritos Off-System-F\u00e4higkeit \u201cConnect\u201d verwendet wird. Tats\u00e4chlich ist ein \u00e4hnliches Schwert namens \u201cDivination\u201d in Lost Song erh\u00e4ltlich.<\/p>\n<p>Das Schwert Kirito Lost Song, auch bekannt als \u201cLanges blaues Schwert\u201d, wurde vom Boss der 15. Etage von New Aincrad fallen gelassen.<\/p>\n<p>ALfheim Online (ALO) ist nach Sword Art Online das zweite VRMMORPG, das Kirito spielt. In diesem Spiel besteht Kazutos Ziel vor allem darin, Asuna zu retten. Sie wird von einem Mann namens Sugou Nobuyuki (alias Oberon) gefangen gehalten, der zuf\u00e4llig der Herrscher dieser Welt ist.<\/p>\n<h2>Ihr Kirito-Schwert Lost Song zum besten Preis.<\/h2>\n<p>Wir bieten Ihnen alle Repliken aus dem Videospiel Sword Art Online \u2013 Alfheim Online an.<\/p>\n<p>Zun\u00e4chst einmal,<\/p>\n<ul>\n<li>L'<a href=\"https:\/\/repliquemangacine.fr\/de\/sword-art-epee-online\/elucidator-schwert-kirito-sao\/\">Elucidator-Schwert<\/a> Hauptwaffe von kirito, der mit Dark Repulser hantiert<\/li>\n<li>Sowie <a href=\"https:\/\/repliquemangacine.fr\/de\/sword-art-epee-online\/schwert-lambent-light-rapiere-asuna-sao\/\">Lambent Light<\/a> das Einhand-Rapier, das Asuna in Sword Art Online (SAO) geh\u00f6rt.<\/li>\n<li>Es gibt auch das Schwert <a href=\"https:\/\/repliquemangacine.fr\/de\/sword-art-epee-online\/schwert-dark-repulser-kirito-sao\/\">Dark Repulser<\/a>Das ist eines von Kiritos beiden Schwertern.<\/li>\n<li>Und viele andere, die es in unserem Online-Shop zu entdecken gibt!<\/li>\n<\/ul>\n<p>Deshalb sind hier einige tolle Geschenkideen f\u00fcr Fans von Sword Art Online.<\/p>\n<p>Abschlie\u00dfend k\u00f6nnen Sie auch diesen <strong>Kiritos Schwert Lost Song<\/strong> f\u00fcr Ihre Cosplay-Paraden oder Themenabende. Vor allem aber ist dieses Einhandschwert von Kirito, auch ein Sammler- und Dekorationsst\u00fcck.<\/p>\n<h2>Wie pflegt man die Klinge seines Sword Art Online-Schwerts?<\/h2>\n<p>Sammlungs- und Dekorationsschwerter werden in vereinfachter Form hergestellt und zusammengebaut. Da sie zu Dekorationszwecken verwendet werden, fehlen ihnen die Sicherheitselemente, die ein japanisches Schwert f\u00fcr Trainingszwecke aufweisen muss.<\/p>\n<p>Allerdings ist Ihr <strong>Kiritos Schwert Lost Song<\/strong> zu einer Stahlklinge, die gepflegt werden muss, damit sie nicht mit der Zeit abgenutzt wird. Denn wenn du dein Katana ausstellst, werden deine Freunde neugierig sein, die Klinge zu sehen und sie zu ber\u00fchren. Hier ist Vorsicht geboten, denn Sie sollten wissen, dass die S\u00e4ure der Finger dem Stahl unabh\u00e4ngig von seiner Qualit\u00e4t sehr schadet.<\/p>\n<p>Wenn dies jedoch passiert, keine Panik, Sie brauchen nur ein Tuch, das mit etwas \u00d6l befeuchtet ist, und wischen die Fingerabdr\u00fccke ab. Wenn Sie dies tun, werden Sie Ihr Schwert sehr lange behalten.<\/p>","protected":false},"excerpt":{"rendered":"<p>Das lange t\u00fcrkisblaue Schwert bezieht sich auf Kiritos namenloses Zweitschwert in Alfheim Online - Sword art Online Lost Song.<\/p>\n<ul>\n<li>Klinge aus t\u00fcrkisfarbenem Metall.<\/li>\n<li>Metallgriff mit schwarzem Kunstleder umwickelt.<\/li>\n<li>Metallgarde mit einem blauen Stein aus Kunstharz.<\/li>\n<li>Scheide aus Kunstleder<\/li>\n<li>Gesamtl\u00e4nge: 120cm<\/li>\n<\/ul>\n<p><iframe title=\"YouTube-Videoplayer\" src=\"https:\/\/www.youtube.com\/embed\/2ziCsI2iFFk\" width=\"560\" height=\"315\" frameborder=\"0\" allowfullscreen=\"allowfullscreen\"><\/iframe><\/p>","protected":false},"featured_media":25470,"template":"","meta":[],"product_brand":[896],"product_cat":[23,53],"product_tag":[],"class_list":{"0":"post-25469","1":"product","2":"type-product","3":"status-publish","4":"has-post-thumbnail","6":"product_brand-replique-manga-cine","7":"product_cat-repliques-manga-jeux-video","8":"product_cat-epee-sword-art-online","10":"first","11":"instock","12":"taxable","13":"shipping-taxable","14":"purchasable","15":"product-type-simple"},"yoast_head":"<!-- This site is optimized with the Yoast SEO plugin v27.5 - https:\/\/yoast.com\/product\/yoast-seo-wordpress\/ -->\n<title>Ep\u00e9e de Kirito Lost Song - SAO - Boutique en ligne | RMC<\/title>\n<meta name=\"description\" content=\"Achetez vite ! L&#039;Ep\u00e9e kirito Lost Song dans Alfheim Online au meilleur prix - Lame acier - Echelle 1\/1 - Longueur totale\u00a0: 120 cm - Envoi 24\/48h\" \/>\n<meta name=\"robots\" content=\"index, follow, max-snippet:-1, max-image-preview:large, max-video-preview:-1\" \/>\n<link rel=\"canonical\" href=\"https:\/\/repliquemangacine.fr\/de\/sword-art-epee-online\/schwert-kirito-lost-song-lang-schwert-blau-alfheim-online\/\" \/>\n<meta property=\"og:locale\" content=\"de_DE\" \/>\n<meta property=\"og:type\" content=\"article\" \/>\n<meta property=\"og:title\" content=\"Ep\u00e9e de Kirito Lost Song - SAO - Boutique en ligne | RMC\" \/>\n<meta property=\"og:description\" content=\"Achetez vite ! L&#039;Ep\u00e9e kirito Lost Song dans Alfheim Online au meilleur prix - Lame acier - Echelle 1\/1 - Longueur totale\u00a0: 120 cm - Envoi 24\/48h\" \/>\n<meta property=\"og:url\" content=\"https:\/\/repliquemangacine.fr\/de\/sword-art-epee-online\/schwert-kirito-lost-song-lang-schwert-blau-alfheim-online\/\" \/>\n<meta property=\"og:site_name\" content=\"R\u00e9plique Manga Cin\u00e9\" \/>\n<meta property=\"article:publisher\" content=\"https:\/\/www.facebook.com\/RepliqueMangaCine\" \/>\n<meta property=\"article:modified_time\" content=\"2025-09-25T14:55:50+00:00\" \/>\n<meta property=\"og:image\" content=\"https:\/\/repliquemangacine.fr\/wp-content\/uploads\/2023\/10\/252-Epee-longue-Kirito-ALfheim-Online.jpg\" \/>\n\t<meta property=\"og:image:width\" content=\"800\" \/>\n\t<meta property=\"og:image:height\" content=\"800\" \/>\n\t<meta property=\"og:image:type\" content=\"image\/jpeg\" \/>\n<meta name=\"twitter:card\" content=\"summary_large_image\" \/>\n<meta name=\"twitter:label1\" content=\"Gesch\u00e4tzte Lesezeit\" \/>\n\t<meta name=\"twitter:data1\" content=\"3\u00a0Minuten\" \/>\n<script type=\"application\/ld+json\" class=\"yoast-schema-graph\">{\"@context\":\"https:\\\/\\\/schema.org\",\"@graph\":[{\"@type\":\"WebPage\",\"@id\":\"https:\\\/\\\/repliquemangacine.fr\\\/epee-sword-art-online\\\/epee-kirito-lost-song-longue-epee-bleu-alfheim-online\\\/\",\"url\":\"https:\\\/\\\/repliquemangacine.fr\\\/epee-sword-art-online\\\/epee-kirito-lost-song-longue-epee-bleu-alfheim-online\\\/\",\"name\":\"Ep\u00e9e de Kirito Lost Song - SAO - Boutique en ligne | RMC\",\"isPartOf\":{\"@id\":\"https:\\\/\\\/repliquemangacine.fr\\\/#website\"},\"primaryImageOfPage\":{\"@id\":\"https:\\\/\\\/repliquemangacine.fr\\\/epee-sword-art-online\\\/epee-kirito-lost-song-longue-epee-bleu-alfheim-online\\\/#primaryimage\"},\"image\":{\"@id\":\"https:\\\/\\\/repliquemangacine.fr\\\/epee-sword-art-online\\\/epee-kirito-lost-song-longue-epee-bleu-alfheim-online\\\/#primaryimage\"},\"thumbnailUrl\":\"https:\\\/\\\/repliquemangacine.fr\\\/wp-content\\\/uploads\\\/2023\\\/10\\\/252-Epee-longue-Kirito-ALfheim-Online.jpg\",\"datePublished\":\"2016-09-04T18:31:29+00:00\",\"dateModified\":\"2025-09-25T14:55:50+00:00\",\"description\":\"Achetez vite ! L'Ep\u00e9e kirito Lost Song dans Alfheim Online au meilleur prix - Lame acier - Echelle 1\\\/1 - Longueur totale\u00a0: 120 cm - Envoi 24\\\/48h\",\"breadcrumb\":{\"@id\":\"https:\\\/\\\/repliquemangacine.fr\\\/epee-sword-art-online\\\/epee-kirito-lost-song-longue-epee-bleu-alfheim-online\\\/#breadcrumb\"},\"inLanguage\":\"de\",\"potentialAction\":[{\"@type\":\"ReadAction\",\"target\":[\"https:\\\/\\\/repliquemangacine.fr\\\/epee-sword-art-online\\\/epee-kirito-lost-song-longue-epee-bleu-alfheim-online\\\/\"]}]},{\"@type\":\"ImageObject\",\"inLanguage\":\"de\",\"@id\":\"https:\\\/\\\/repliquemangacine.fr\\\/epee-sword-art-online\\\/epee-kirito-lost-song-longue-epee-bleu-alfheim-online\\\/#primaryimage\",\"url\":\"https:\\\/\\\/repliquemangacine.fr\\\/wp-content\\\/uploads\\\/2023\\\/10\\\/252-Epee-longue-Kirito-ALfheim-Online.jpg\",\"contentUrl\":\"https:\\\/\\\/repliquemangacine.fr\\\/wp-content\\\/uploads\\\/2023\\\/10\\\/252-Epee-longue-Kirito-ALfheim-Online.jpg\",\"width\":800,\"height\":800,\"caption\":\"Ep\u00e9e longue Kirito ALfheim Online\"},{\"@type\":\"BreadcrumbList\",\"@id\":\"https:\\\/\\\/repliquemangacine.fr\\\/epee-sword-art-online\\\/epee-kirito-lost-song-longue-epee-bleu-alfheim-online\\\/#breadcrumb\",\"itemListElement\":[{\"@type\":\"ListItem\",\"position\":1,\"name\":\"Accueil\",\"item\":\"https:\\\/\\\/repliquemangacine.fr\\\/\"},{\"@type\":\"ListItem\",\"position\":2,\"name\":\"Produits\",\"item\":\"https:\\\/\\\/repliquemangacine.fr\\\/boutique\\\/\"},{\"@type\":\"ListItem\",\"position\":3,\"name\":\"Ep\u00e9e Kirito Lost Song\"}]},{\"@type\":\"WebSite\",\"@id\":\"https:\\\/\\\/repliquemangacine.fr\\\/#website\",\"url\":\"https:\\\/\\\/repliquemangacine.fr\\\/\",\"name\":\"R\u00e9plique Manga Cin\u00e9\",\"description\":\"\",\"publisher\":{\"@id\":\"https:\\\/\\\/repliquemangacine.fr\\\/#organization\"},\"potentialAction\":[{\"@type\":\"SearchAction\",\"target\":{\"@type\":\"EntryPoint\",\"urlTemplate\":\"https:\\\/\\\/repliquemangacine.fr\\\/?s={search_term_string}\"},\"query-input\":{\"@type\":\"PropertyValueSpecification\",\"valueRequired\":true,\"valueName\":\"search_term_string\"}}],\"inLanguage\":\"de\"},{\"@type\":\"Organization\",\"@id\":\"https:\\\/\\\/repliquemangacine.fr\\\/#organization\",\"name\":\"R\u00e9plique Manga Cin\u00e9\",\"url\":\"https:\\\/\\\/repliquemangacine.fr\\\/\",\"logo\":{\"@type\":\"ImageObject\",\"inLanguage\":\"de\",\"@id\":\"https:\\\/\\\/repliquemangacine.fr\\\/#\\\/schema\\\/logo\\\/image\\\/\",\"url\":\"https:\\\/\\\/repliquemangacine.fr\\\/wp-content\\\/uploads\\\/2023\\\/10\\\/RMC-500250.png\",\"contentUrl\":\"https:\\\/\\\/repliquemangacine.fr\\\/wp-content\\\/uploads\\\/2023\\\/10\\\/RMC-500250.png\",\"width\":500,\"height\":250,\"caption\":\"R\u00e9plique Manga Cin\u00e9\"},\"image\":{\"@id\":\"https:\\\/\\\/repliquemangacine.fr\\\/#\\\/schema\\\/logo\\\/image\\\/\"},\"sameAs\":[\"https:\\\/\\\/www.facebook.com\\\/RepliqueMangaCine\",\"https:\\\/\\\/www.instagram.com\\\/repliquemangacine.fr\\\/\"]}]}<\/script>\n<!-- \/ Yoast SEO plugin. -->","yoast_head_json":{"title":"Kiritos Schwert Lost Song - SAO - Online Shop | RMC","description":"Kaufen Sie schnell! Das Kirito-Schwert Lost Song in Alfheim Online zum besten Preis - Stahlklinge - Ma\u00dfstab 1:1 - Gesamtl\u00e4nge: 120 cm - Versand 24\/48h","robots":{"index":"index","follow":"follow","max-snippet":"max-snippet:-1","max-image-preview":"max-image-preview:large","max-video-preview":"max-video-preview:-1"},"canonical":"https:\/\/repliquemangacine.fr\/de\/sword-art-epee-online\/schwert-kirito-lost-song-lang-schwert-blau-alfheim-online\/","og_locale":"de_DE","og_type":"article","og_title":"Ep\u00e9e de Kirito Lost Song - SAO - Boutique en ligne | RMC","og_description":"Achetez vite ! L'Ep\u00e9e kirito Lost Song dans Alfheim Online au meilleur prix - Lame acier - Echelle 1\/1 - Longueur totale\u00a0: 120 cm - Envoi 24\/48h","og_url":"https:\/\/repliquemangacine.fr\/de\/sword-art-epee-online\/schwert-kirito-lost-song-lang-schwert-blau-alfheim-online\/","og_site_name":"R\u00e9plique Manga Cin\u00e9","article_publisher":"https:\/\/www.facebook.com\/RepliqueMangaCine","article_modified_time":"2025-09-25T14:55:50+00:00","og_image":[{"width":800,"height":800,"url":"https:\/\/repliquemangacine.fr\/wp-content\/uploads\/2023\/10\/252-Epee-longue-Kirito-ALfheim-Online.jpg","type":"image\/jpeg"}],"twitter_card":"summary_large_image","twitter_misc":{"Gesch\u00e4tzte Lesezeit":"3\u00a0Minuten"},"schema":{"@context":"https:\/\/schema.org","@graph":[{"@type":"WebPage","@id":"https:\/\/repliquemangacine.fr\/epee-sword-art-online\/epee-kirito-lost-song-longue-epee-bleu-alfheim-online\/","url":"https:\/\/repliquemangacine.fr\/epee-sword-art-online\/epee-kirito-lost-song-longue-epee-bleu-alfheim-online\/","name":"Kiritos Schwert Lost Song - SAO - Online Shop | RMC","isPartOf":{"@id":"https:\/\/repliquemangacine.fr\/#website"},"primaryImageOfPage":{"@id":"https:\/\/repliquemangacine.fr\/epee-sword-art-online\/epee-kirito-lost-song-longue-epee-bleu-alfheim-online\/#primaryimage"},"image":{"@id":"https:\/\/repliquemangacine.fr\/epee-sword-art-online\/epee-kirito-lost-song-longue-epee-bleu-alfheim-online\/#primaryimage"},"thumbnailUrl":"https:\/\/repliquemangacine.fr\/wp-content\/uploads\/2023\/10\/252-Epee-longue-Kirito-ALfheim-Online.jpg","datePublished":"2016-09-04T18:31:29+00:00","dateModified":"2025-09-25T14:55:50+00:00","description":"Kaufen Sie schnell! Das Kirito-Schwert Lost Song in Alfheim Online zum besten Preis - Stahlklinge - Ma\u00dfstab 1:1 - Gesamtl\u00e4nge: 120 cm - Versand 24\/48h","breadcrumb":{"@id":"https:\/\/repliquemangacine.fr\/epee-sword-art-online\/epee-kirito-lost-song-longue-epee-bleu-alfheim-online\/#breadcrumb"},"inLanguage":"de","potentialAction":[{"@type":"ReadAction","target":["https:\/\/repliquemangacine.fr\/epee-sword-art-online\/epee-kirito-lost-song-longue-epee-bleu-alfheim-online\/"]}]},{"@type":"ImageObject","inLanguage":"de","@id":"https:\/\/repliquemangacine.fr\/epee-sword-art-online\/epee-kirito-lost-song-longue-epee-bleu-alfheim-online\/#primaryimage","url":"https:\/\/repliquemangacine.fr\/wp-content\/uploads\/2023\/10\/252-Epee-longue-Kirito-ALfheim-Online.jpg","contentUrl":"https:\/\/repliquemangacine.fr\/wp-content\/uploads\/2023\/10\/252-Epee-longue-Kirito-ALfheim-Online.jpg","width":800,"height":800,"caption":"Ep\u00e9e longue Kirito ALfheim Online"},{"@type":"BreadcrumbList","@id":"https:\/\/repliquemangacine.fr\/epee-sword-art-online\/epee-kirito-lost-song-longue-epee-bleu-alfheim-online\/#breadcrumb","itemListElement":[{"@type":"ListItem","position":1,"name":"Accueil","item":"https:\/\/repliquemangacine.fr\/"},{"@type":"ListItem","position":2,"name":"Produits","item":"https:\/\/repliquemangacine.fr\/boutique\/"},{"@type":"ListItem","position":3,"name":"Ep\u00e9e Kirito Lost Song"}]},{"@type":"WebSite","@id":"https:\/\/repliquemangacine.fr\/#website","url":"https:\/\/repliquemangacine.fr\/","name":"R\u00e9plique Manga Cin\u00e9","description":"","publisher":{"@id":"https:\/\/repliquemangacine.fr\/#organization"},"potentialAction":[{"@type":"SearchAction","target":{"@type":"EntryPoint","urlTemplate":"https:\/\/repliquemangacine.fr\/?s={search_term_string}"},"query-input":{"@type":"PropertyValueSpecification","valueRequired":true,"valueName":"search_term_string"}}],"inLanguage":"de"},{"@type":"Organization","@id":"https:\/\/repliquemangacine.fr\/#organization","name":"R\u00e9plique Manga Cin\u00e9","url":"https:\/\/repliquemangacine.fr\/","logo":{"@type":"ImageObject","inLanguage":"de","@id":"https:\/\/repliquemangacine.fr\/#\/schema\/logo\/image\/","url":"https:\/\/repliquemangacine.fr\/wp-content\/uploads\/2023\/10\/RMC-500250.png","contentUrl":"https:\/\/repliquemangacine.fr\/wp-content\/uploads\/2023\/10\/RMC-500250.png","width":500,"height":250,"caption":"R\u00e9plique Manga Cin\u00e9"},"image":{"@id":"https:\/\/repliquemangacine.fr\/#\/schema\/logo\/image\/"},"sameAs":["https:\/\/www.facebook.com\/RepliqueMangaCine","https:\/\/www.instagram.com\/repliquemangacine.fr\/"]}]}},"_links":{"self":[{"href":"https:\/\/repliquemangacine.fr\/de\/wp-json\/wp\/v2\/product\/25469","targetHints":{"allow":["GET"]}}],"collection":[{"href":"https:\/\/repliquemangacine.fr\/de\/wp-json\/wp\/v2\/product"}],"about":[{"href":"https:\/\/repliquemangacine.fr\/de\/wp-json\/wp\/v2\/types\/product"}],"wp:featuredmedia":[{"embeddable":true,"href":"https:\/\/repliquemangacine.fr\/de\/wp-json\/wp\/v2\/media\/25470"}],"wp:attachment":[{"href":"https:\/\/repliquemangacine.fr\/de\/wp-json\/wp\/v2\/media?parent=25469"}],"wp:term":[{"taxonomy":"product_brand","embeddable":true,"href":"https:\/\/repliquemangacine.fr\/de\/wp-json\/wp\/v2\/product_brand?post=25469"},{"taxonomy":"product_cat","embeddable":true,"href":"https:\/\/repliquemangacine.fr\/de\/wp-json\/wp\/v2\/product_cat?post=25469"},{"taxonomy":"product_tag","embeddable":true,"href":"https:\/\/repliquemangacine.fr\/de\/wp-json\/wp\/v2\/product_tag?post=25469"}],"curies":[{"name":"wp","href":"https:\/\/api.w.org\/{rel}","templated":true}]}}