





{"id":25459,"date":"2016-09-01T17:49:56","date_gmt":"2016-09-01T15:49:56","guid":{"rendered":"https:\/\/repliquemangacine.fr\/?post_type=product&#038;p=25459"},"modified":"2026-04-23T12:35:09","modified_gmt":"2026-04-23T10:35:09","slug":"schwert-lambent-light-rapiere-asuna-sao","status":"publish","type":"product","link":"https:\/\/repliquemangacine.fr\/de\/epee-sword-art-online\/epee-lambent-light-rapiere-asuna-sao\/","title":{"rendered":"Asuna Lambent Light Schwert"},"content":{"rendered":"<h2>Asuna Lambent Light Schwert in Sword Art Online.<\/h2>\n<p>Zu Beginn wird die<strong>Asuna Lambent Light Schwert<\/strong>In Kombination mit ihrer Geschwindigkeit hat ihr das den Spitznamen \"Asuna der Blitz\" eingebracht. Lisbeth hat ihre Waffe auf +40 verst\u00e4rkt. Asuna wird dieses Rapier bis zum Ende von Sword Art Online behalten.<\/p>\n<p>Asuna ist die weibliche Hauptfigur der Serie und Kiritos Partnerin. Sie war stellvertretende Anf\u00fchrerin der Gilde Bruderschaft der Blutritter im Spiel Sword Art Online. Mit b\u00fcrgerlichem Namen hei\u00dft sie Asuna Yuuki und ist die Tochter des ehemaligen Vorstandsvorsitzenden von RECT Progress Inc.<\/p>\n<p>Abschlie\u00dfend sei gesagt, dass sie nach ihrem Beitritt zur Ritterbruderschaft in eine rot-wei\u00dfe Uniform gekleidet ist, die alle Mitglieder tragen, und ein von Lisbeth geschmiedetes Rapier schwingt, das als die <a href=\"https:\/\/sword-art-online.fandom.com\/fr\/wiki\/Lambent_Light\" target=\"_blank\" rel=\"noopener noreferrer\">Lambent Light<\/a>. Seine F\u00e4higkeiten mit dem Rapier haben ihm den Spitznamen \"The Flash\" eingebracht.<\/p>\n<h2>Ihr Asuna Lambent Light Schwert zum besten Preis<\/h2>\n<p>Wir bieten dir alle Spr\u00fcche deiner Lieblingscharaktere in diesem Videospiel von Sword Art Online.<\/p>\n<p>Zun\u00e4chst einmal,<\/p>\n<ul>\n<li>Das Schwert <a href=\"https:\/\/repliquemangacine.fr\/de\/sword-art-online\/elucidator-schwert-kirito-sao\/\">Elucidator<\/a> Hauptwaffe von kirito, der mit Dark Repulser hantiert<\/li>\n<li>Sowie das Schwert <a href=\"https:\/\/repliquemangacine.fr\/de\/sword-art-online\/schwert-dark-repulser-kirito-sao\/\">Dark Repulser<\/a> zweite Klinge von Kirito.<\/li>\n<li>Es gibt noch viel mehr in unserem Online-Shop zu entdecken!<\/li>\n<\/ul>\n<p>Deshalb sind hier einige tolle Geschenkideen f\u00fcr Fans von Sword Art Online.<\/p>\n<p>Abschlie\u00dfend k\u00f6nnen Sie auch diesen <strong>Asuna Lambent Light Schwert<\/strong> f\u00fcr Ihre Cosplay-Paraden oder Themenpartys. Vor allem aber ist dieses Rapier auch ein Sammler- und Dekorationsst\u00fcck.<\/p>\n<p>R\u00e9plique Manga Cin\u00e9 ist ein franz\u00f6sisches Unternehmen.<\/p>\n<h2>Wie pflegt man die Klinge seines Sword Art Online-Schwerts?<\/h2>\n<p>Katanas f\u00fcr Sammlungen und Dekorationen werden auf vereinfachte Weise hergestellt und zusammengebaut. Da sie zu Dekorationszwecken verwendet werden, fehlen ihnen die Sicherheitsmerkmale, die ein japanisches Schwert f\u00fcr Trainingszwecke aufweisen muss.<\/p>\n<p>Allerdings ist Ihr <strong>Asuna Lambent Light Schwert<\/strong> zu einer Stahlklinge, die gepflegt werden muss, damit sie nicht mit der Zeit abgenutzt wird. Denn wenn du dein Katana ausstellst, werden deine Freunde neugierig sein, die Klinge zu sehen und sie zu ber\u00fchren. Hier ist Vorsicht geboten, denn Sie sollten wissen, dass die S\u00e4ure der Finger dem Stahl unabh\u00e4ngig von seiner Qualit\u00e4t sehr schadet.<\/p>\n<p>Wenn dies jedoch passiert, keine Panik, Sie brauchen nur ein Tuch, das mit etwas \u00d6l befeuchtet ist, und wischen die Fingerabdr\u00fccke ab. Wenn Sie dies tun, werden Sie Ihr Schwert sehr lange behalten.<\/p>","protected":false},"excerpt":{"rendered":"<p>Lambent Light ist ein einh\u00e4ndiges Rapier, das Asuna in Sword Art Online (SAO) geh\u00f6rt.<\/p>\n<ul>\n<li>Nicht scharfe Stahlklinge.<\/li>\n<li>Runde Garde mit Ornamenten.<\/li>\n<li>Griff aus Metall.<\/li>\n<li>Scheide aus rot lackiertem Holz.<\/li>\n<li>Gesamtl\u00e4nge: 100cm - Breite der Klinge: 13cm<\/li>\n<\/ul>","protected":false},"featured_media":25460,"template":"","meta":[],"product_brand":[896],"product_cat":[23,53],"product_tag":[],"class_list":{"0":"post-25459","1":"product","2":"type-product","3":"status-publish","4":"has-post-thumbnail","6":"product_brand-replique-manga-cine","7":"product_cat-repliques-manga-jeux-video","8":"product_cat-epee-sword-art-online","10":"first","11":"instock","12":"taxable","13":"shipping-taxable","14":"purchasable","15":"product-type-simple"},"yoast_head":"<!-- This site is optimized with the Yoast SEO plugin v27.5 - https:\/\/yoast.com\/product\/yoast-seo-wordpress\/ -->\n<title>Ep\u00e9e Asuna Lambent Light - SAO - Boutique en ligne | RMC<\/title>\n<meta name=\"description\" content=\"Offrez-vous ! Cette Ep\u00e9e Asuna Lambent Light dans Sword Art Online au meilleur prix. Lame acier - Fourreau - Echelle 1\/1 - Longueur : 100 cm - Envoi 24\/48h\" \/>\n<meta name=\"robots\" content=\"index, follow, max-snippet:-1, max-image-preview:large, max-video-preview:-1\" \/>\n<link rel=\"canonical\" href=\"https:\/\/repliquemangacine.fr\/de\/sword-art-epee-online\/schwert-lambent-light-rapiere-asuna-sao\/\" \/>\n<meta property=\"og:locale\" content=\"de_DE\" \/>\n<meta property=\"og:type\" content=\"article\" \/>\n<meta property=\"og:title\" content=\"Ep\u00e9e Asuna Lambent Light - SAO - Boutique en ligne | RMC\" \/>\n<meta property=\"og:description\" content=\"Offrez-vous ! Cette Ep\u00e9e Asuna Lambent Light dans Sword Art Online au meilleur prix. Lame acier - Fourreau - Echelle 1\/1 - Longueur : 100 cm - Envoi 24\/48h\" \/>\n<meta property=\"og:url\" content=\"https:\/\/repliquemangacine.fr\/de\/sword-art-epee-online\/schwert-lambent-light-rapiere-asuna-sao\/\" \/>\n<meta property=\"og:site_name\" content=\"R\u00e9plique Manga Cin\u00e9\" \/>\n<meta property=\"article:publisher\" content=\"https:\/\/www.facebook.com\/RepliqueMangaCine\" \/>\n<meta property=\"article:modified_time\" content=\"2026-04-23T10:35:09+00:00\" \/>\n<meta property=\"og:image\" content=\"https:\/\/repliquemangacine.fr\/wp-content\/uploads\/2023\/10\/243-Epee-Lambent-Light-Rapiere-Asuna-Sword-Art-Online.jpg\" \/>\n\t<meta property=\"og:image:width\" content=\"800\" \/>\n\t<meta property=\"og:image:height\" content=\"800\" \/>\n\t<meta property=\"og:image:type\" content=\"image\/jpeg\" \/>\n<meta name=\"twitter:card\" content=\"summary_large_image\" \/>\n<meta name=\"twitter:label1\" content=\"Gesch\u00e4tzte Lesezeit\" \/>\n\t<meta name=\"twitter:data1\" content=\"3\u00a0Minuten\" \/>\n<script type=\"application\/ld+json\" class=\"yoast-schema-graph\">{\"@context\":\"https:\\\/\\\/schema.org\",\"@graph\":[{\"@type\":\"WebPage\",\"@id\":\"https:\\\/\\\/repliquemangacine.fr\\\/epee-sword-art-online\\\/epee-lambent-light-rapiere-asuna-sao\\\/\",\"url\":\"https:\\\/\\\/repliquemangacine.fr\\\/epee-sword-art-online\\\/epee-lambent-light-rapiere-asuna-sao\\\/\",\"name\":\"Ep\u00e9e Asuna Lambent Light - SAO - Boutique en ligne | RMC\",\"isPartOf\":{\"@id\":\"https:\\\/\\\/repliquemangacine.fr\\\/#website\"},\"primaryImageOfPage\":{\"@id\":\"https:\\\/\\\/repliquemangacine.fr\\\/epee-sword-art-online\\\/epee-lambent-light-rapiere-asuna-sao\\\/#primaryimage\"},\"image\":{\"@id\":\"https:\\\/\\\/repliquemangacine.fr\\\/epee-sword-art-online\\\/epee-lambent-light-rapiere-asuna-sao\\\/#primaryimage\"},\"thumbnailUrl\":\"https:\\\/\\\/repliquemangacine.fr\\\/wp-content\\\/uploads\\\/2023\\\/10\\\/243-Epee-Lambent-Light-Rapiere-Asuna-Sword-Art-Online.jpg\",\"datePublished\":\"2016-09-01T15:49:56+00:00\",\"dateModified\":\"2026-04-23T10:35:09+00:00\",\"description\":\"Offrez-vous ! Cette Ep\u00e9e Asuna Lambent Light dans Sword Art Online au meilleur prix. Lame acier - Fourreau - Echelle 1\\\/1 - Longueur : 100 cm - Envoi 24\\\/48h\",\"breadcrumb\":{\"@id\":\"https:\\\/\\\/repliquemangacine.fr\\\/epee-sword-art-online\\\/epee-lambent-light-rapiere-asuna-sao\\\/#breadcrumb\"},\"inLanguage\":\"de\",\"potentialAction\":[{\"@type\":\"ReadAction\",\"target\":[\"https:\\\/\\\/repliquemangacine.fr\\\/epee-sword-art-online\\\/epee-lambent-light-rapiere-asuna-sao\\\/\"]}]},{\"@type\":\"ImageObject\",\"inLanguage\":\"de\",\"@id\":\"https:\\\/\\\/repliquemangacine.fr\\\/epee-sword-art-online\\\/epee-lambent-light-rapiere-asuna-sao\\\/#primaryimage\",\"url\":\"https:\\\/\\\/repliquemangacine.fr\\\/wp-content\\\/uploads\\\/2023\\\/10\\\/243-Epee-Lambent-Light-Rapiere-Asuna-Sword-Art-Online.jpg\",\"contentUrl\":\"https:\\\/\\\/repliquemangacine.fr\\\/wp-content\\\/uploads\\\/2023\\\/10\\\/243-Epee-Lambent-Light-Rapiere-Asuna-Sword-Art-Online.jpg\",\"width\":800,\"height\":800,\"caption\":\"Ep\u00e9e Lambent Light - Rapi\u00e8re Asuna - Sword Art Online\"},{\"@type\":\"BreadcrumbList\",\"@id\":\"https:\\\/\\\/repliquemangacine.fr\\\/epee-sword-art-online\\\/epee-lambent-light-rapiere-asuna-sao\\\/#breadcrumb\",\"itemListElement\":[{\"@type\":\"ListItem\",\"position\":1,\"name\":\"Accueil\",\"item\":\"https:\\\/\\\/repliquemangacine.fr\\\/\"},{\"@type\":\"ListItem\",\"position\":2,\"name\":\"Produits\",\"item\":\"https:\\\/\\\/repliquemangacine.fr\\\/boutique\\\/\"},{\"@type\":\"ListItem\",\"position\":3,\"name\":\"Ep\u00e9e Asuna Lambent Light\"}]},{\"@type\":\"WebSite\",\"@id\":\"https:\\\/\\\/repliquemangacine.fr\\\/#website\",\"url\":\"https:\\\/\\\/repliquemangacine.fr\\\/\",\"name\":\"R\u00e9plique Manga Cin\u00e9\",\"description\":\"\",\"publisher\":{\"@id\":\"https:\\\/\\\/repliquemangacine.fr\\\/#organization\"},\"potentialAction\":[{\"@type\":\"SearchAction\",\"target\":{\"@type\":\"EntryPoint\",\"urlTemplate\":\"https:\\\/\\\/repliquemangacine.fr\\\/?s={search_term_string}\"},\"query-input\":{\"@type\":\"PropertyValueSpecification\",\"valueRequired\":true,\"valueName\":\"search_term_string\"}}],\"inLanguage\":\"de\"},{\"@type\":\"Organization\",\"@id\":\"https:\\\/\\\/repliquemangacine.fr\\\/#organization\",\"name\":\"R\u00e9plique Manga Cin\u00e9\",\"url\":\"https:\\\/\\\/repliquemangacine.fr\\\/\",\"logo\":{\"@type\":\"ImageObject\",\"inLanguage\":\"de\",\"@id\":\"https:\\\/\\\/repliquemangacine.fr\\\/#\\\/schema\\\/logo\\\/image\\\/\",\"url\":\"https:\\\/\\\/repliquemangacine.fr\\\/wp-content\\\/uploads\\\/2023\\\/10\\\/RMC-500250.png\",\"contentUrl\":\"https:\\\/\\\/repliquemangacine.fr\\\/wp-content\\\/uploads\\\/2023\\\/10\\\/RMC-500250.png\",\"width\":500,\"height\":250,\"caption\":\"R\u00e9plique Manga Cin\u00e9\"},\"image\":{\"@id\":\"https:\\\/\\\/repliquemangacine.fr\\\/#\\\/schema\\\/logo\\\/image\\\/\"},\"sameAs\":[\"https:\\\/\\\/www.facebook.com\\\/RepliqueMangaCine\",\"https:\\\/\\\/www.instagram.com\\\/repliquemangacine.fr\\\/\"]}]}<\/script>\n<!-- \/ Yoast SEO plugin. -->","yoast_head_json":{"title":"Asuna Lambent Light Schwert - SAO - Online Shop | RMC","description":"Bieten Sie sich selbst an! Dieses Asuna Lambent Light Schwert in Sword Art Online zum besten Preis. Stahlklinge - Scheide - Ma\u00dfstab 1\/1 - L\u00e4nge: 100 cm - Versand 24\/48h","robots":{"index":"index","follow":"follow","max-snippet":"max-snippet:-1","max-image-preview":"max-image-preview:large","max-video-preview":"max-video-preview:-1"},"canonical":"https:\/\/repliquemangacine.fr\/de\/sword-art-epee-online\/schwert-lambent-light-rapiere-asuna-sao\/","og_locale":"de_DE","og_type":"article","og_title":"Ep\u00e9e Asuna Lambent Light - SAO - Boutique en ligne | RMC","og_description":"Offrez-vous ! Cette Ep\u00e9e Asuna Lambent Light dans Sword Art Online au meilleur prix. Lame acier - Fourreau - Echelle 1\/1 - Longueur : 100 cm - Envoi 24\/48h","og_url":"https:\/\/repliquemangacine.fr\/de\/sword-art-epee-online\/schwert-lambent-light-rapiere-asuna-sao\/","og_site_name":"R\u00e9plique Manga Cin\u00e9","article_publisher":"https:\/\/www.facebook.com\/RepliqueMangaCine","article_modified_time":"2026-04-23T10:35:09+00:00","og_image":[{"width":800,"height":800,"url":"https:\/\/repliquemangacine.fr\/wp-content\/uploads\/2023\/10\/243-Epee-Lambent-Light-Rapiere-Asuna-Sword-Art-Online.jpg","type":"image\/jpeg"}],"twitter_card":"summary_large_image","twitter_misc":{"Gesch\u00e4tzte Lesezeit":"3\u00a0Minuten"},"schema":{"@context":"https:\/\/schema.org","@graph":[{"@type":"WebPage","@id":"https:\/\/repliquemangacine.fr\/epee-sword-art-online\/epee-lambent-light-rapiere-asuna-sao\/","url":"https:\/\/repliquemangacine.fr\/epee-sword-art-online\/epee-lambent-light-rapiere-asuna-sao\/","name":"Asuna Lambent Light Schwert - SAO - Online Shop | RMC","isPartOf":{"@id":"https:\/\/repliquemangacine.fr\/#website"},"primaryImageOfPage":{"@id":"https:\/\/repliquemangacine.fr\/epee-sword-art-online\/epee-lambent-light-rapiere-asuna-sao\/#primaryimage"},"image":{"@id":"https:\/\/repliquemangacine.fr\/epee-sword-art-online\/epee-lambent-light-rapiere-asuna-sao\/#primaryimage"},"thumbnailUrl":"https:\/\/repliquemangacine.fr\/wp-content\/uploads\/2023\/10\/243-Epee-Lambent-Light-Rapiere-Asuna-Sword-Art-Online.jpg","datePublished":"2016-09-01T15:49:56+00:00","dateModified":"2026-04-23T10:35:09+00:00","description":"Bieten Sie sich selbst an! Dieses Asuna Lambent Light Schwert in Sword Art Online zum besten Preis. Stahlklinge - Scheide - Ma\u00dfstab 1\/1 - L\u00e4nge: 100 cm - Versand 24\/48h","breadcrumb":{"@id":"https:\/\/repliquemangacine.fr\/epee-sword-art-online\/epee-lambent-light-rapiere-asuna-sao\/#breadcrumb"},"inLanguage":"de","potentialAction":[{"@type":"ReadAction","target":["https:\/\/repliquemangacine.fr\/epee-sword-art-online\/epee-lambent-light-rapiere-asuna-sao\/"]}]},{"@type":"ImageObject","inLanguage":"de","@id":"https:\/\/repliquemangacine.fr\/epee-sword-art-online\/epee-lambent-light-rapiere-asuna-sao\/#primaryimage","url":"https:\/\/repliquemangacine.fr\/wp-content\/uploads\/2023\/10\/243-Epee-Lambent-Light-Rapiere-Asuna-Sword-Art-Online.jpg","contentUrl":"https:\/\/repliquemangacine.fr\/wp-content\/uploads\/2023\/10\/243-Epee-Lambent-Light-Rapiere-Asuna-Sword-Art-Online.jpg","width":800,"height":800,"caption":"Ep\u00e9e Lambent Light - Rapi\u00e8re Asuna - Sword Art Online"},{"@type":"BreadcrumbList","@id":"https:\/\/repliquemangacine.fr\/epee-sword-art-online\/epee-lambent-light-rapiere-asuna-sao\/#breadcrumb","itemListElement":[{"@type":"ListItem","position":1,"name":"Accueil","item":"https:\/\/repliquemangacine.fr\/"},{"@type":"ListItem","position":2,"name":"Produits","item":"https:\/\/repliquemangacine.fr\/boutique\/"},{"@type":"ListItem","position":3,"name":"Ep\u00e9e Asuna Lambent Light"}]},{"@type":"WebSite","@id":"https:\/\/repliquemangacine.fr\/#website","url":"https:\/\/repliquemangacine.fr\/","name":"R\u00e9plique Manga Cin\u00e9","description":"","publisher":{"@id":"https:\/\/repliquemangacine.fr\/#organization"},"potentialAction":[{"@type":"SearchAction","target":{"@type":"EntryPoint","urlTemplate":"https:\/\/repliquemangacine.fr\/?s={search_term_string}"},"query-input":{"@type":"PropertyValueSpecification","valueRequired":true,"valueName":"search_term_string"}}],"inLanguage":"de"},{"@type":"Organization","@id":"https:\/\/repliquemangacine.fr\/#organization","name":"R\u00e9plique Manga Cin\u00e9","url":"https:\/\/repliquemangacine.fr\/","logo":{"@type":"ImageObject","inLanguage":"de","@id":"https:\/\/repliquemangacine.fr\/#\/schema\/logo\/image\/","url":"https:\/\/repliquemangacine.fr\/wp-content\/uploads\/2023\/10\/RMC-500250.png","contentUrl":"https:\/\/repliquemangacine.fr\/wp-content\/uploads\/2023\/10\/RMC-500250.png","width":500,"height":250,"caption":"R\u00e9plique Manga Cin\u00e9"},"image":{"@id":"https:\/\/repliquemangacine.fr\/#\/schema\/logo\/image\/"},"sameAs":["https:\/\/www.facebook.com\/RepliqueMangaCine","https:\/\/www.instagram.com\/repliquemangacine.fr\/"]}]}},"_links":{"self":[{"href":"https:\/\/repliquemangacine.fr\/de\/wp-json\/wp\/v2\/product\/25459","targetHints":{"allow":["GET"]}}],"collection":[{"href":"https:\/\/repliquemangacine.fr\/de\/wp-json\/wp\/v2\/product"}],"about":[{"href":"https:\/\/repliquemangacine.fr\/de\/wp-json\/wp\/v2\/types\/product"}],"wp:featuredmedia":[{"embeddable":true,"href":"https:\/\/repliquemangacine.fr\/de\/wp-json\/wp\/v2\/media\/25460"}],"wp:attachment":[{"href":"https:\/\/repliquemangacine.fr\/de\/wp-json\/wp\/v2\/media?parent=25459"}],"wp:term":[{"taxonomy":"product_brand","embeddable":true,"href":"https:\/\/repliquemangacine.fr\/de\/wp-json\/wp\/v2\/product_brand?post=25459"},{"taxonomy":"product_cat","embeddable":true,"href":"https:\/\/repliquemangacine.fr\/de\/wp-json\/wp\/v2\/product_cat?post=25459"},{"taxonomy":"product_tag","embeddable":true,"href":"https:\/\/repliquemangacine.fr\/de\/wp-json\/wp\/v2\/product_tag?post=25459"}],"curies":[{"name":"wp","href":"https:\/\/api.w.org\/{rel}","templated":true}]}}