





{"id":25444,"date":"2016-09-01T16:09:56","date_gmt":"2016-09-01T14:09:56","guid":{"rendered":"https:\/\/repliquemangacine.fr\/?post_type=product&#038;p=25444"},"modified":"2026-04-18T09:45:02","modified_gmt":"2026-04-18T07:45:02","slug":"elucidator-schwert-kirito-sao","status":"publish","type":"product","link":"https:\/\/repliquemangacine.fr\/de\/epee-sword-art-online\/epee-elucidator-kirito-sao\/","title":{"rendered":"Schwert von Kirito Elucidator"},"content":{"rendered":"<h2>Schwert von Kirito Elucidator in Sword Art Online.<\/h2>\n<p>Zu Beginn dieser <strong>Schwert von Kirito Elucidator<\/strong> wird zum ersten Mal bei Lisbeth gezeigt, als Kirito wollte, dass sie ihm eine Waffe herstellt. Von dieser Episode an benutzt er diese Waffe bis zum Ende von SAO. Und mit Dark Repulser, als er anf\u00e4ngt, die Doppelfechterei zu benutzen.<\/p>\n<p>Zun\u00e4chst einmal Kirigaya Kazuto, geboren als Narusaka Kazuto und bekannt als Kirito aus \"Sword Art Online\" (SAO), \"ALfheim Online\" (ALO), \"Gun Gale Online\" (GGO), \"Project Alicization\" und \"Unital Ring\".<\/p>\n<p>Als einer von tausend Beta-Testern f\u00fcr die geschlossene Beta von Sword Art Online, dem ersten Massively Multiplayer Virtual Reality Online Role-Playing Game (VRMMORPG), ausgew\u00e4hlt.<\/p>\n<p><a href=\"https:\/\/sword-art-online.fandom.com\/fr\/wiki\/Elucidator\" target=\"_blank\" rel=\"noopener noreferrer\">Elucidator<\/a> ist Kiritos Hauptwaffe. Sie ist ein d\u00e4monisches Monster, das von einem Boss im 50. Stockwerk abgesetzt wurde, den Kirito mit \"Dark Repulser\" bedient.<\/p>\n<h2>Ihr Schwert von Kirito Elucidator zum besten Preis.<\/h2>\n<p>Wir bieten dir alle Spr\u00fcche deiner Lieblingscharaktere in diesem Videospiel von Sword Art Online.<\/p>\n<p>Zun\u00e4chst einmal,<\/p>\n<ul>\n<li>Das Schwert <a href=\"https:\/\/repliquemangacine.fr\/de\/sword-art-online\/schwert-dark-repulser-kirito-sao\/\">Dark Repulser<\/a> die kirito mit Elucidator handhabt<\/li>\n<li>Sowie Asunas Rapier <a href=\"https:\/\/repliquemangacine.fr\/de\/sword-art-online\/schwert-lambent-light-rapiere-asuna-sao\/\">Lambent Light<\/a>.<\/li>\n<li>Und viele andere, die es in unserem Online-Shop zu entdecken gibt!<\/li>\n<\/ul>\n<p>Deshalb sind hier einige tolle Geschenkideen f\u00fcr Fans von Sword Art Online.<\/p>\n<p>Abschlie\u00dfend k\u00f6nnen Sie auch diesen <strong>Schwert von Kirito Elucidator<\/strong> f\u00fcr Ihre Cosplay-Paraden oder Themenabende. Vor allem aber ist das Schwert von Kirito, auch ein Sammler- und Dekorationsst\u00fcck.<\/p>\n<p>R\u00e9plique Manga Cin\u00e9 ist ein franz\u00f6sisches Unternehmen.<\/p>\n<h2>Wie pflegt man die Klinge seines Sword Art Online-Schwerts?<\/h2>\n<p>Katanas f\u00fcr Sammlungen und Dekorationen werden auf vereinfachte Weise hergestellt und zusammengebaut. Da sie zu Dekorationszwecken verwendet werden, fehlen ihnen die Sicherheitsmerkmale, die ein japanisches Schwert f\u00fcr Trainingszwecke aufweisen muss.<\/p>\n<p>Allerdings ist Ihr <strong>Schwert von Kirito Elucidator<\/strong> zu einer Stahlklinge, die gepflegt werden muss, damit sie nicht mit der Zeit abgenutzt wird. Denn wenn du dein Katana ausstellst, werden deine Freunde neugierig sein, die Klinge zu sehen und sie zu ber\u00fchren. Hier ist Vorsicht geboten, denn Sie sollten wissen, dass die S\u00e4ure der Finger dem Stahl unabh\u00e4ngig von seiner Qualit\u00e4t sehr schadet.<\/p>\n<p>Wenn dies jedoch passiert, keine Panik, Sie brauchen nur ein Tuch, das mit etwas \u00d6l befeuchtet ist, und wischen die Fingerabdr\u00fccke ab. Wenn Sie dies tun, werden Sie Ihr Schwert sehr lange behalten.<\/p>","protected":false},"excerpt":{"rendered":"<p>Kirito, der den Spitznamen \"Schwarzer Schwertk\u00e4mpfer\" tr\u00e4gt, benutzt zwei Schwerter, nachdem sein Skill Sword enth\u00fcllt wurde. Eines seiner beiden Schwerter ist Elucidator.<\/p>\n<ul>\n<li>Gerade Klinge aus Stahl.<\/li>\n<li>Mit Kunstleder \u00fcberzogener Griff.<\/li>\n<li>Metallgarde.<\/li>\n<li>Scheide aus Holz.<\/li>\n<li>Klingenl\u00e4nge: 75 cm - Gesamtl\u00e4nge: 105 cm - Gewicht: 1700 grs<\/li>\n<\/ul>","protected":false},"featured_media":25445,"template":"","meta":[],"product_brand":[896],"product_cat":[23,53],"product_tag":[],"class_list":{"0":"post-25444","1":"product","2":"type-product","3":"status-publish","4":"has-post-thumbnail","6":"product_brand-replique-manga-cine","7":"product_cat-repliques-manga-jeux-video","8":"product_cat-epee-sword-art-online","10":"first","11":"instock","12":"taxable","13":"shipping-taxable","14":"purchasable","15":"product-type-simple"},"yoast_head":"<!-- This site is optimized with the Yoast SEO plugin v27.5 - https:\/\/yoast.com\/product\/yoast-seo-wordpress\/ -->\n<title>Ep\u00e9e de Kirito Elucidator - SAO - Boutique en ligne | RMC<\/title>\n<meta name=\"description\" content=\"Commandez vite ! L&#039;Ep\u00e9e de Kirito Elucidator dans SAO au meilleur prix. Lame acier - Fourreau - Echelle 1\/1 - Longueur totale : 105 cm - Envoi 24\/48h\" \/>\n<meta name=\"robots\" content=\"index, follow, max-snippet:-1, max-image-preview:large, max-video-preview:-1\" \/>\n<link rel=\"canonical\" href=\"https:\/\/repliquemangacine.fr\/de\/sword-art-epee-online\/elucidator-schwert-kirito-sao\/\" \/>\n<meta property=\"og:locale\" content=\"de_DE\" \/>\n<meta property=\"og:type\" content=\"article\" \/>\n<meta property=\"og:title\" content=\"Ep\u00e9e de Kirito Elucidator - SAO - Boutique en ligne | RMC\" \/>\n<meta property=\"og:description\" content=\"Commandez vite ! L&#039;Ep\u00e9e de Kirito Elucidator dans SAO au meilleur prix. Lame acier - Fourreau - Echelle 1\/1 - Longueur totale : 105 cm - Envoi 24\/48h\" \/>\n<meta property=\"og:url\" content=\"https:\/\/repliquemangacine.fr\/de\/sword-art-epee-online\/elucidator-schwert-kirito-sao\/\" \/>\n<meta property=\"og:site_name\" content=\"R\u00e9plique Manga Cin\u00e9\" \/>\n<meta property=\"article:publisher\" content=\"https:\/\/www.facebook.com\/RepliqueMangaCine\" \/>\n<meta property=\"article:modified_time\" content=\"2026-04-18T07:45:02+00:00\" \/>\n<meta property=\"og:image\" content=\"https:\/\/repliquemangacine.fr\/wp-content\/uploads\/2023\/10\/233-Epee-Elucidator-epee-Kirito-SAO.jpg\" \/>\n\t<meta property=\"og:image:width\" content=\"800\" \/>\n\t<meta property=\"og:image:height\" content=\"800\" \/>\n\t<meta property=\"og:image:type\" content=\"image\/jpeg\" \/>\n<meta name=\"twitter:card\" content=\"summary_large_image\" \/>\n<meta name=\"twitter:label1\" content=\"Gesch\u00e4tzte Lesezeit\" \/>\n\t<meta name=\"twitter:data1\" content=\"2\u00a0Minuten\" \/>\n<script type=\"application\/ld+json\" class=\"yoast-schema-graph\">{\"@context\":\"https:\\\/\\\/schema.org\",\"@graph\":[{\"@type\":\"WebPage\",\"@id\":\"https:\\\/\\\/repliquemangacine.fr\\\/epee-sword-art-online\\\/epee-elucidator-kirito-sao\\\/\",\"url\":\"https:\\\/\\\/repliquemangacine.fr\\\/epee-sword-art-online\\\/epee-elucidator-kirito-sao\\\/\",\"name\":\"Ep\u00e9e de Kirito Elucidator - SAO - Boutique en ligne | RMC\",\"isPartOf\":{\"@id\":\"https:\\\/\\\/repliquemangacine.fr\\\/#website\"},\"primaryImageOfPage\":{\"@id\":\"https:\\\/\\\/repliquemangacine.fr\\\/epee-sword-art-online\\\/epee-elucidator-kirito-sao\\\/#primaryimage\"},\"image\":{\"@id\":\"https:\\\/\\\/repliquemangacine.fr\\\/epee-sword-art-online\\\/epee-elucidator-kirito-sao\\\/#primaryimage\"},\"thumbnailUrl\":\"https:\\\/\\\/repliquemangacine.fr\\\/wp-content\\\/uploads\\\/2023\\\/10\\\/233-Epee-Elucidator-epee-Kirito-SAO.jpg\",\"datePublished\":\"2016-09-01T14:09:56+00:00\",\"dateModified\":\"2026-04-18T07:45:02+00:00\",\"description\":\"Commandez vite ! L'Ep\u00e9e de Kirito Elucidator dans SAO au meilleur prix. Lame acier - Fourreau - Echelle 1\\\/1 - Longueur totale : 105 cm - Envoi 24\\\/48h\",\"breadcrumb\":{\"@id\":\"https:\\\/\\\/repliquemangacine.fr\\\/epee-sword-art-online\\\/epee-elucidator-kirito-sao\\\/#breadcrumb\"},\"inLanguage\":\"de\",\"potentialAction\":[{\"@type\":\"ReadAction\",\"target\":[\"https:\\\/\\\/repliquemangacine.fr\\\/epee-sword-art-online\\\/epee-elucidator-kirito-sao\\\/\"]}]},{\"@type\":\"ImageObject\",\"inLanguage\":\"de\",\"@id\":\"https:\\\/\\\/repliquemangacine.fr\\\/epee-sword-art-online\\\/epee-elucidator-kirito-sao\\\/#primaryimage\",\"url\":\"https:\\\/\\\/repliquemangacine.fr\\\/wp-content\\\/uploads\\\/2023\\\/10\\\/233-Epee-Elucidator-epee-Kirito-SAO.jpg\",\"contentUrl\":\"https:\\\/\\\/repliquemangacine.fr\\\/wp-content\\\/uploads\\\/2023\\\/10\\\/233-Epee-Elucidator-epee-Kirito-SAO.jpg\",\"width\":800,\"height\":800,\"caption\":\"Ep\u00e9e Elucidator - \u00e9p\u00e9e Kirito SAO\"},{\"@type\":\"BreadcrumbList\",\"@id\":\"https:\\\/\\\/repliquemangacine.fr\\\/epee-sword-art-online\\\/epee-elucidator-kirito-sao\\\/#breadcrumb\",\"itemListElement\":[{\"@type\":\"ListItem\",\"position\":1,\"name\":\"Accueil\",\"item\":\"https:\\\/\\\/repliquemangacine.fr\\\/\"},{\"@type\":\"ListItem\",\"position\":2,\"name\":\"Produits\",\"item\":\"https:\\\/\\\/repliquemangacine.fr\\\/boutique\\\/\"},{\"@type\":\"ListItem\",\"position\":3,\"name\":\"Ep\u00e9e de Kirito Elucidator\"}]},{\"@type\":\"WebSite\",\"@id\":\"https:\\\/\\\/repliquemangacine.fr\\\/#website\",\"url\":\"https:\\\/\\\/repliquemangacine.fr\\\/\",\"name\":\"R\u00e9plique Manga Cin\u00e9\",\"description\":\"\",\"publisher\":{\"@id\":\"https:\\\/\\\/repliquemangacine.fr\\\/#organization\"},\"potentialAction\":[{\"@type\":\"SearchAction\",\"target\":{\"@type\":\"EntryPoint\",\"urlTemplate\":\"https:\\\/\\\/repliquemangacine.fr\\\/?s={search_term_string}\"},\"query-input\":{\"@type\":\"PropertyValueSpecification\",\"valueRequired\":true,\"valueName\":\"search_term_string\"}}],\"inLanguage\":\"de\"},{\"@type\":\"Organization\",\"@id\":\"https:\\\/\\\/repliquemangacine.fr\\\/#organization\",\"name\":\"R\u00e9plique Manga Cin\u00e9\",\"url\":\"https:\\\/\\\/repliquemangacine.fr\\\/\",\"logo\":{\"@type\":\"ImageObject\",\"inLanguage\":\"de\",\"@id\":\"https:\\\/\\\/repliquemangacine.fr\\\/#\\\/schema\\\/logo\\\/image\\\/\",\"url\":\"https:\\\/\\\/repliquemangacine.fr\\\/wp-content\\\/uploads\\\/2023\\\/10\\\/RMC-500250.png\",\"contentUrl\":\"https:\\\/\\\/repliquemangacine.fr\\\/wp-content\\\/uploads\\\/2023\\\/10\\\/RMC-500250.png\",\"width\":500,\"height\":250,\"caption\":\"R\u00e9plique Manga Cin\u00e9\"},\"image\":{\"@id\":\"https:\\\/\\\/repliquemangacine.fr\\\/#\\\/schema\\\/logo\\\/image\\\/\"},\"sameAs\":[\"https:\\\/\\\/www.facebook.com\\\/RepliqueMangaCine\",\"https:\\\/\\\/www.instagram.com\\\/repliquemangacine.fr\\\/\"]}]}<\/script>\n<!-- \/ Yoast SEO plugin. -->","yoast_head_json":{"title":"Schwert von Kirito Elucidator - SAO - Online Shop | RMC","description":"Bestellen Sie schnell! Das Schwert von Kirito Elucidator in SAO zum besten Preis. Stahlklinge - Scheide - Ma\u00dfstab 1\/1 - Gesamtl\u00e4nge: 105 cm - Versand 24\/48h","robots":{"index":"index","follow":"follow","max-snippet":"max-snippet:-1","max-image-preview":"max-image-preview:large","max-video-preview":"max-video-preview:-1"},"canonical":"https:\/\/repliquemangacine.fr\/de\/sword-art-epee-online\/elucidator-schwert-kirito-sao\/","og_locale":"de_DE","og_type":"article","og_title":"Ep\u00e9e de Kirito Elucidator - SAO - Boutique en ligne | RMC","og_description":"Commandez vite ! L'Ep\u00e9e de Kirito Elucidator dans SAO au meilleur prix. Lame acier - Fourreau - Echelle 1\/1 - Longueur totale : 105 cm - Envoi 24\/48h","og_url":"https:\/\/repliquemangacine.fr\/de\/sword-art-epee-online\/elucidator-schwert-kirito-sao\/","og_site_name":"R\u00e9plique Manga Cin\u00e9","article_publisher":"https:\/\/www.facebook.com\/RepliqueMangaCine","article_modified_time":"2026-04-18T07:45:02+00:00","og_image":[{"width":800,"height":800,"url":"https:\/\/repliquemangacine.fr\/wp-content\/uploads\/2023\/10\/233-Epee-Elucidator-epee-Kirito-SAO.jpg","type":"image\/jpeg"}],"twitter_card":"summary_large_image","twitter_misc":{"Gesch\u00e4tzte Lesezeit":"2\u00a0Minuten"},"schema":{"@context":"https:\/\/schema.org","@graph":[{"@type":"WebPage","@id":"https:\/\/repliquemangacine.fr\/epee-sword-art-online\/epee-elucidator-kirito-sao\/","url":"https:\/\/repliquemangacine.fr\/epee-sword-art-online\/epee-elucidator-kirito-sao\/","name":"Schwert von Kirito Elucidator - SAO - Online Shop | RMC","isPartOf":{"@id":"https:\/\/repliquemangacine.fr\/#website"},"primaryImageOfPage":{"@id":"https:\/\/repliquemangacine.fr\/epee-sword-art-online\/epee-elucidator-kirito-sao\/#primaryimage"},"image":{"@id":"https:\/\/repliquemangacine.fr\/epee-sword-art-online\/epee-elucidator-kirito-sao\/#primaryimage"},"thumbnailUrl":"https:\/\/repliquemangacine.fr\/wp-content\/uploads\/2023\/10\/233-Epee-Elucidator-epee-Kirito-SAO.jpg","datePublished":"2016-09-01T14:09:56+00:00","dateModified":"2026-04-18T07:45:02+00:00","description":"Bestellen Sie schnell! Das Schwert von Kirito Elucidator in SAO zum besten Preis. Stahlklinge - Scheide - Ma\u00dfstab 1\/1 - Gesamtl\u00e4nge: 105 cm - Versand 24\/48h","breadcrumb":{"@id":"https:\/\/repliquemangacine.fr\/epee-sword-art-online\/epee-elucidator-kirito-sao\/#breadcrumb"},"inLanguage":"de","potentialAction":[{"@type":"ReadAction","target":["https:\/\/repliquemangacine.fr\/epee-sword-art-online\/epee-elucidator-kirito-sao\/"]}]},{"@type":"ImageObject","inLanguage":"de","@id":"https:\/\/repliquemangacine.fr\/epee-sword-art-online\/epee-elucidator-kirito-sao\/#primaryimage","url":"https:\/\/repliquemangacine.fr\/wp-content\/uploads\/2023\/10\/233-Epee-Elucidator-epee-Kirito-SAO.jpg","contentUrl":"https:\/\/repliquemangacine.fr\/wp-content\/uploads\/2023\/10\/233-Epee-Elucidator-epee-Kirito-SAO.jpg","width":800,"height":800,"caption":"Ep\u00e9e Elucidator - \u00e9p\u00e9e Kirito SAO"},{"@type":"BreadcrumbList","@id":"https:\/\/repliquemangacine.fr\/epee-sword-art-online\/epee-elucidator-kirito-sao\/#breadcrumb","itemListElement":[{"@type":"ListItem","position":1,"name":"Accueil","item":"https:\/\/repliquemangacine.fr\/"},{"@type":"ListItem","position":2,"name":"Produits","item":"https:\/\/repliquemangacine.fr\/boutique\/"},{"@type":"ListItem","position":3,"name":"Ep\u00e9e de Kirito Elucidator"}]},{"@type":"WebSite","@id":"https:\/\/repliquemangacine.fr\/#website","url":"https:\/\/repliquemangacine.fr\/","name":"R\u00e9plique Manga Cin\u00e9","description":"","publisher":{"@id":"https:\/\/repliquemangacine.fr\/#organization"},"potentialAction":[{"@type":"SearchAction","target":{"@type":"EntryPoint","urlTemplate":"https:\/\/repliquemangacine.fr\/?s={search_term_string}"},"query-input":{"@type":"PropertyValueSpecification","valueRequired":true,"valueName":"search_term_string"}}],"inLanguage":"de"},{"@type":"Organization","@id":"https:\/\/repliquemangacine.fr\/#organization","name":"R\u00e9plique Manga Cin\u00e9","url":"https:\/\/repliquemangacine.fr\/","logo":{"@type":"ImageObject","inLanguage":"de","@id":"https:\/\/repliquemangacine.fr\/#\/schema\/logo\/image\/","url":"https:\/\/repliquemangacine.fr\/wp-content\/uploads\/2023\/10\/RMC-500250.png","contentUrl":"https:\/\/repliquemangacine.fr\/wp-content\/uploads\/2023\/10\/RMC-500250.png","width":500,"height":250,"caption":"R\u00e9plique Manga Cin\u00e9"},"image":{"@id":"https:\/\/repliquemangacine.fr\/#\/schema\/logo\/image\/"},"sameAs":["https:\/\/www.facebook.com\/RepliqueMangaCine","https:\/\/www.instagram.com\/repliquemangacine.fr\/"]}]}},"_links":{"self":[{"href":"https:\/\/repliquemangacine.fr\/de\/wp-json\/wp\/v2\/product\/25444","targetHints":{"allow":["GET"]}}],"collection":[{"href":"https:\/\/repliquemangacine.fr\/de\/wp-json\/wp\/v2\/product"}],"about":[{"href":"https:\/\/repliquemangacine.fr\/de\/wp-json\/wp\/v2\/types\/product"}],"wp:featuredmedia":[{"embeddable":true,"href":"https:\/\/repliquemangacine.fr\/de\/wp-json\/wp\/v2\/media\/25445"}],"wp:attachment":[{"href":"https:\/\/repliquemangacine.fr\/de\/wp-json\/wp\/v2\/media?parent=25444"}],"wp:term":[{"taxonomy":"product_brand","embeddable":true,"href":"https:\/\/repliquemangacine.fr\/de\/wp-json\/wp\/v2\/product_brand?post=25444"},{"taxonomy":"product_cat","embeddable":true,"href":"https:\/\/repliquemangacine.fr\/de\/wp-json\/wp\/v2\/product_cat?post=25444"},{"taxonomy":"product_tag","embeddable":true,"href":"https:\/\/repliquemangacine.fr\/de\/wp-json\/wp\/v2\/product_tag?post=25444"}],"curies":[{"name":"wp","href":"https:\/\/api.w.org\/{rel}","templated":true}]}}