





{"id":25430,"date":"2016-08-30T14:48:09","date_gmt":"2016-08-30T12:48:09","guid":{"rendered":"https:\/\/repliquemangacine.fr\/?post_type=product&#038;p=25430"},"modified":"2026-04-26T01:03:16","modified_gmt":"2026-04-25T23:03:16","slug":"edward-keways-steinschlosspistole-replik-manga-cine","status":"publish","type":"product","link":"https:\/\/repliquemangacine.fr\/de\/pistolet-pirate\/pistolet-a-silex-d-edward-keway-replique-manga-cine\/","title":{"rendered":"Edward Kenways Steinschlosspistole Assassin's Creed"},"content":{"rendered":"<h2>Edward Kenway Steinschlosspistole - Assassin's Creed IV<\/h2>\n<p>Zu Beginn wird der <strong>Steinschlosspistole Edward Kenway<\/strong> in Assassin's Creed IV ist eine Waffennachbildung der italienischen Steinschlosspistole aus dem 18\u1d49 Jahrhundert.<\/p>\n<p>Edward ist ein talentierter K\u00e4mpfer und ein arrogantes, unversch\u00e4mtes Genie, wie jeder andere Pirat auch. Edward Kenway ist der erste Hauptprotagonist in Assassin's Creed IV. Nach einem langen Kampf t\u00f6tete Edward El Tibur\u00f2n mit seinen Pistolen und fl\u00fcchtete aus dem Fort, nachdem er den Schluss gezogen hatte, dass Torres auf dem Weg zum Observatorium war.<\/p>\n<p>Da das Nachladen von Schusswaffen immer noch m\u00fchsam war, machten es sich die Piraten bald zur Gewohnheit, mehrere Waffen zu tragen. Edward Kenway und Edward Thatch zum Beispiel trugen bis zu vier an ihren G\u00fcrteln.<\/p>\n<p>Es sollte betont werden, dass Flintlock-Pistolen eine der am h\u00e4ufigsten verwendeten Schusswaffen von Piraten im achtzehnten Jahrhundert ist.<\/p>\n<h2>Ihre Edward Kenway Steinschlosspistole zum besten Preis.<\/h2>\n<p>Wir bieten Ihnen alle Repliken aus Ihrem Lieblingsvideospiel Assassin's Creed.<\/p>\n<p>Zun\u00e4chst einmal,<\/p>\n<ul>\n<li>Die <a href=\"https:\/\/repliquemangacine.fr\/de\/assassins-creed\/tomahawk-des-assassins-hache-connor-kenway\/\">Tomahawk der Assassinen<\/a> die von dem Irokesen-Assassinen Connor Kenway verwendet wurde.<\/li>\n<li>Es gibt auch, die <a href=\"https:\/\/repliquemangacine.fr\/de\/assassins-creed\/pistole-axt-piraten-18-jahrhundert\/\">Pistolenaxt<\/a> von Piraten, die Gun Axe in Assassin's Creed Unity: Dead Kings.<\/li>\n<li>Sowie das <a href=\"https:\/\/repliquemangacine.fr\/de\/antike-pistole\/kentucky-pistole-19-usa\/\">Kentucky Funkenpistole,<\/a> die klassische Waffe der fr\u00fchen Entdecker des amerikanischen Westens.<\/li>\n<li>Und viele andere, die es in unserem Online-Shop zu entdecken gibt!<\/li>\n<\/ul>\n<p>Wenn Sie ein Fan von Assassin's Creed sind, ist diese Pistole eine tolle Erg\u00e4nzung f\u00fcr Ihr Arsenal. Daher ist dies eine gro\u00dfartige Geschenkidee f\u00fcr Fans.<\/p>\n<p>Zusammenfassend l\u00e4sst sich sagen, dass Sie diese Pistole auch f\u00fcr Ihre Cosplay-Paraden oder Themenpartys verwenden k\u00f6nnen. Vor allem aber ist die Replik des <strong>Steinschlosspistole Edward Kenway<\/strong> in Assassin's Creed IV, ist ein Sammlerst\u00fcck und dient als Dekoration.<\/p>\n<h2>Wie werden Denix-Waffenrepliken hergestellt?<\/h2>\n<p>Werden in historischen Rekonstruktionen, Filmen und Serien sowie von Sammlern verwendet. Reproduktionen von Waffen <a href=\"https:\/\/www.denix.fr\/\" target=\"_blank\" rel=\"noopener noreferrer\">Denix<\/a>werden aus hochwertigen Materialien hergestellt. Sorgf\u00e4ltig verarbeitet und zusammengesetzt, um realistische Sammlerwaffen zu schaffen.<\/p>\n<ul>\n<li>Die Metalle sind in einer Metalllegierung, die als Zamac bekannt ist und deren Grundzusammensetzung Zink in 95% ist.<\/li>\n<li>Die Kunststoffteile der Repliken bestehen aus geformtem ABS und bieten eine hohe Widerstandsf\u00e4higkeit.<\/li>\n<li>Holz, das aufgrund seiner Sch\u00f6nheit und Haltbarkeit ausgew\u00e4hlt wird, wie z. B. Mahagoni, Olivenholz oder Walnuss, verleiht Ihren Sch\u00e4ften und F\u00e4ssern ein elegantes und authentisches Aussehen.<\/li>\n<\/ul>\n<p>Es ist zu betonen, dass alle Nachbildungen von Denix-Waffen mit den Originalen identisch sind, wie Ihr <strong>Steinschlosspistole Edward Kenway<\/strong>.<\/p>","protected":false},"excerpt":{"rendered":"<p>Seien Sie so arrogant wie Edward Kenway in Assassin's Creed Black Flag .<\/p>\n<ul>\n<li>Alles aus Metall (Zamak) und Massivholz.<\/li>\n<li>Bewaffnet sich und prallt wie ein echter, ist aber v\u00f6llig <strong>untauglich f\u00fcr Schie\u00dfen<\/strong>.<\/li>\n<li>Unterliegt keiner Genehmigungspflicht. Verkauf und Besitz frei<\/li>\n<li>Gesamtl\u00e4nge: 39 cm - Gewicht: 690 Grs<\/li>\n<\/ul>","protected":false},"featured_media":25431,"template":"","meta":[],"product_brand":[896],"product_cat":[836,49,25,48,23,52,114],"product_tag":[],"class_list":{"0":"post-25430","1":"product","2":"type-product","3":"status-publish","4":"has-post-thumbnail","6":"product_brand-replique-manga-cine","7":"product_cat-armes-assassins-creed","8":"product_cat-armes-de-pirates","9":"product_cat-armes-historiques","10":"product_cat-epees-assassins-creed-armes-assassins-creed","11":"product_cat-repliques-manga-jeux-video","12":"product_cat-pistolet-ancien","13":"product_cat-pistolet-pirate","15":"first","16":"outofstock","17":"sale","18":"taxable","19":"shipping-taxable","20":"purchasable","21":"product-type-simple"},"yoast_head":"<!-- This site is optimized with the Yoast SEO plugin v27.5 - https:\/\/yoast.com\/product\/yoast-seo-wordpress\/ -->\n<title>Pistolet silex Edward Kenway - Boutique en ligne | RMC<\/title>\n<meta name=\"description\" content=\"Achetez vite ! Le Pistolet silex Edward Kenway dans Assassin&#039;s Creed au meilleur prix. Bois et m\u00e9tal. Simulation de tir - Echelle 1\/1 - Envoi 24\/48h\" \/>\n<meta name=\"robots\" content=\"index, follow, max-snippet:-1, max-image-preview:large, max-video-preview:-1\" \/>\n<link rel=\"canonical\" href=\"https:\/\/repliquemangacine.fr\/de\/waffen-assassins-creed\/edward-keways-steinschlosspistole-replik-manga-cine\/\" \/>\n<meta property=\"og:locale\" content=\"de_DE\" \/>\n<meta property=\"og:type\" content=\"article\" \/>\n<meta property=\"og:title\" content=\"Pistolet silex Edward Kenway - Boutique en ligne | RMC\" \/>\n<meta property=\"og:description\" content=\"Achetez vite ! Le Pistolet silex Edward Kenway dans Assassin&#039;s Creed au meilleur prix. Bois et m\u00e9tal. Simulation de tir - Echelle 1\/1 - Envoi 24\/48h\" \/>\n<meta property=\"og:url\" content=\"https:\/\/repliquemangacine.fr\/de\/waffen-assassins-creed\/edward-keways-steinschlosspistole-replik-manga-cine\/\" \/>\n<meta property=\"og:site_name\" content=\"R\u00e9plique Manga Cin\u00e9\" \/>\n<meta property=\"article:publisher\" content=\"https:\/\/www.facebook.com\/RepliqueMangaCine\" \/>\n<meta property=\"article:modified_time\" content=\"2026-04-25T23:03:16+00:00\" \/>\n<meta property=\"og:image\" content=\"https:\/\/repliquemangacine.fr\/wp-content\/uploads\/2023\/10\/221-Pistolet-dEdward-Kenway-Assassin-creeds.jpg\" \/>\n\t<meta property=\"og:image:width\" content=\"800\" \/>\n\t<meta property=\"og:image:height\" content=\"800\" \/>\n\t<meta property=\"og:image:type\" content=\"image\/jpeg\" \/>\n<meta name=\"twitter:card\" content=\"summary_large_image\" \/>\n<meta name=\"twitter:label1\" content=\"Gesch\u00e4tzte Lesezeit\" \/>\n\t<meta name=\"twitter:data1\" content=\"3\u00a0Minuten\" \/>\n<script type=\"application\/ld+json\" class=\"yoast-schema-graph\">{\"@context\":\"https:\\\/\\\/schema.org\",\"@graph\":[{\"@type\":\"WebPage\",\"@id\":\"https:\\\/\\\/repliquemangacine.fr\\\/armes-assassins-creed\\\/pistolet-a-silex-d-edward-keway-replique-manga-cine\\\/\",\"url\":\"https:\\\/\\\/repliquemangacine.fr\\\/armes-assassins-creed\\\/pistolet-a-silex-d-edward-keway-replique-manga-cine\\\/\",\"name\":\"Pistolet silex Edward Kenway - Boutique en ligne | RMC\",\"isPartOf\":{\"@id\":\"https:\\\/\\\/repliquemangacine.fr\\\/#website\"},\"primaryImageOfPage\":{\"@id\":\"https:\\\/\\\/repliquemangacine.fr\\\/armes-assassins-creed\\\/pistolet-a-silex-d-edward-keway-replique-manga-cine\\\/#primaryimage\"},\"image\":{\"@id\":\"https:\\\/\\\/repliquemangacine.fr\\\/armes-assassins-creed\\\/pistolet-a-silex-d-edward-keway-replique-manga-cine\\\/#primaryimage\"},\"thumbnailUrl\":\"https:\\\/\\\/repliquemangacine.fr\\\/wp-content\\\/uploads\\\/2023\\\/10\\\/221-Pistolet-dEdward-Kenway-Assassin-creeds.jpg\",\"datePublished\":\"2016-08-30T12:48:09+00:00\",\"dateModified\":\"2026-04-25T23:03:16+00:00\",\"description\":\"Achetez vite ! Le Pistolet silex Edward Kenway dans Assassin's Creed au meilleur prix. Bois et m\u00e9tal. Simulation de tir - Echelle 1\\\/1 - Envoi 24\\\/48h\",\"breadcrumb\":{\"@id\":\"https:\\\/\\\/repliquemangacine.fr\\\/armes-assassins-creed\\\/pistolet-a-silex-d-edward-keway-replique-manga-cine\\\/#breadcrumb\"},\"inLanguage\":\"de\",\"potentialAction\":[{\"@type\":\"ReadAction\",\"target\":[\"https:\\\/\\\/repliquemangacine.fr\\\/armes-assassins-creed\\\/pistolet-a-silex-d-edward-keway-replique-manga-cine\\\/\"]}]},{\"@type\":\"ImageObject\",\"inLanguage\":\"de\",\"@id\":\"https:\\\/\\\/repliquemangacine.fr\\\/armes-assassins-creed\\\/pistolet-a-silex-d-edward-keway-replique-manga-cine\\\/#primaryimage\",\"url\":\"https:\\\/\\\/repliquemangacine.fr\\\/wp-content\\\/uploads\\\/2023\\\/10\\\/221-Pistolet-dEdward-Kenway-Assassin-creeds.jpg\",\"contentUrl\":\"https:\\\/\\\/repliquemangacine.fr\\\/wp-content\\\/uploads\\\/2023\\\/10\\\/221-Pistolet-dEdward-Kenway-Assassin-creeds.jpg\",\"width\":800,\"height\":800,\"caption\":\"Pistolet silex Edward Kenway-Assassin creed's\"},{\"@type\":\"BreadcrumbList\",\"@id\":\"https:\\\/\\\/repliquemangacine.fr\\\/armes-assassins-creed\\\/pistolet-a-silex-d-edward-keway-replique-manga-cine\\\/#breadcrumb\",\"itemListElement\":[{\"@type\":\"ListItem\",\"position\":1,\"name\":\"Accueil\",\"item\":\"https:\\\/\\\/repliquemangacine.fr\\\/\"},{\"@type\":\"ListItem\",\"position\":2,\"name\":\"Produits\",\"item\":\"https:\\\/\\\/repliquemangacine.fr\\\/boutique\\\/\"},{\"@type\":\"ListItem\",\"position\":3,\"name\":\"Pistolet \u00e0 silex d&#8217;Edward Kenway Assassin&#8217;s Creed\"}]},{\"@type\":\"WebSite\",\"@id\":\"https:\\\/\\\/repliquemangacine.fr\\\/#website\",\"url\":\"https:\\\/\\\/repliquemangacine.fr\\\/\",\"name\":\"R\u00e9plique Manga Cin\u00e9\",\"description\":\"\",\"publisher\":{\"@id\":\"https:\\\/\\\/repliquemangacine.fr\\\/#organization\"},\"potentialAction\":[{\"@type\":\"SearchAction\",\"target\":{\"@type\":\"EntryPoint\",\"urlTemplate\":\"https:\\\/\\\/repliquemangacine.fr\\\/?s={search_term_string}\"},\"query-input\":{\"@type\":\"PropertyValueSpecification\",\"valueRequired\":true,\"valueName\":\"search_term_string\"}}],\"inLanguage\":\"de\"},{\"@type\":\"Organization\",\"@id\":\"https:\\\/\\\/repliquemangacine.fr\\\/#organization\",\"name\":\"R\u00e9plique Manga Cin\u00e9\",\"url\":\"https:\\\/\\\/repliquemangacine.fr\\\/\",\"logo\":{\"@type\":\"ImageObject\",\"inLanguage\":\"de\",\"@id\":\"https:\\\/\\\/repliquemangacine.fr\\\/#\\\/schema\\\/logo\\\/image\\\/\",\"url\":\"https:\\\/\\\/repliquemangacine.fr\\\/wp-content\\\/uploads\\\/2023\\\/10\\\/RMC-500250.png\",\"contentUrl\":\"https:\\\/\\\/repliquemangacine.fr\\\/wp-content\\\/uploads\\\/2023\\\/10\\\/RMC-500250.png\",\"width\":500,\"height\":250,\"caption\":\"R\u00e9plique Manga Cin\u00e9\"},\"image\":{\"@id\":\"https:\\\/\\\/repliquemangacine.fr\\\/#\\\/schema\\\/logo\\\/image\\\/\"},\"sameAs\":[\"https:\\\/\\\/www.facebook.com\\\/RepliqueMangaCine\",\"https:\\\/\\\/www.instagram.com\\\/repliquemangacine.fr\\\/\"]}]}<\/script>\n<!-- \/ Yoast SEO plugin. -->","yoast_head_json":{"title":"Edward Kenway Steinschlosspistole - Online Shop | RMC","description":"Kaufen Sie schnell! Die Edward Kenway Steinschlosspistole in Assassin's Creed zum besten Preis. Holz und Metall. Schie\u00dfsimulation - Ma\u00dfstab 1\/1 - Versand 24\/48h","robots":{"index":"index","follow":"follow","max-snippet":"max-snippet:-1","max-image-preview":"max-image-preview:large","max-video-preview":"max-video-preview:-1"},"canonical":"https:\/\/repliquemangacine.fr\/de\/waffen-assassins-creed\/edward-keways-steinschlosspistole-replik-manga-cine\/","og_locale":"de_DE","og_type":"article","og_title":"Pistolet silex Edward Kenway - Boutique en ligne | RMC","og_description":"Achetez vite ! Le Pistolet silex Edward Kenway dans Assassin's Creed au meilleur prix. Bois et m\u00e9tal. Simulation de tir - Echelle 1\/1 - Envoi 24\/48h","og_url":"https:\/\/repliquemangacine.fr\/de\/waffen-assassins-creed\/edward-keways-steinschlosspistole-replik-manga-cine\/","og_site_name":"R\u00e9plique Manga Cin\u00e9","article_publisher":"https:\/\/www.facebook.com\/RepliqueMangaCine","article_modified_time":"2026-04-25T23:03:16+00:00","og_image":[{"width":800,"height":800,"url":"https:\/\/repliquemangacine.fr\/wp-content\/uploads\/2023\/10\/221-Pistolet-dEdward-Kenway-Assassin-creeds.jpg","type":"image\/jpeg"}],"twitter_card":"summary_large_image","twitter_misc":{"Gesch\u00e4tzte Lesezeit":"3\u00a0Minuten"},"schema":{"@context":"https:\/\/schema.org","@graph":[{"@type":"WebPage","@id":"https:\/\/repliquemangacine.fr\/armes-assassins-creed\/pistolet-a-silex-d-edward-keway-replique-manga-cine\/","url":"https:\/\/repliquemangacine.fr\/armes-assassins-creed\/pistolet-a-silex-d-edward-keway-replique-manga-cine\/","name":"Edward Kenway Steinschlosspistole - Online Shop | RMC","isPartOf":{"@id":"https:\/\/repliquemangacine.fr\/#website"},"primaryImageOfPage":{"@id":"https:\/\/repliquemangacine.fr\/armes-assassins-creed\/pistolet-a-silex-d-edward-keway-replique-manga-cine\/#primaryimage"},"image":{"@id":"https:\/\/repliquemangacine.fr\/armes-assassins-creed\/pistolet-a-silex-d-edward-keway-replique-manga-cine\/#primaryimage"},"thumbnailUrl":"https:\/\/repliquemangacine.fr\/wp-content\/uploads\/2023\/10\/221-Pistolet-dEdward-Kenway-Assassin-creeds.jpg","datePublished":"2016-08-30T12:48:09+00:00","dateModified":"2026-04-25T23:03:16+00:00","description":"Kaufen Sie schnell! Die Edward Kenway Steinschlosspistole in Assassin's Creed zum besten Preis. Holz und Metall. Schie\u00dfsimulation - Ma\u00dfstab 1\/1 - Versand 24\/48h","breadcrumb":{"@id":"https:\/\/repliquemangacine.fr\/armes-assassins-creed\/pistolet-a-silex-d-edward-keway-replique-manga-cine\/#breadcrumb"},"inLanguage":"de","potentialAction":[{"@type":"ReadAction","target":["https:\/\/repliquemangacine.fr\/armes-assassins-creed\/pistolet-a-silex-d-edward-keway-replique-manga-cine\/"]}]},{"@type":"ImageObject","inLanguage":"de","@id":"https:\/\/repliquemangacine.fr\/armes-assassins-creed\/pistolet-a-silex-d-edward-keway-replique-manga-cine\/#primaryimage","url":"https:\/\/repliquemangacine.fr\/wp-content\/uploads\/2023\/10\/221-Pistolet-dEdward-Kenway-Assassin-creeds.jpg","contentUrl":"https:\/\/repliquemangacine.fr\/wp-content\/uploads\/2023\/10\/221-Pistolet-dEdward-Kenway-Assassin-creeds.jpg","width":800,"height":800,"caption":"Pistolet silex Edward Kenway-Assassin creed's"},{"@type":"BreadcrumbList","@id":"https:\/\/repliquemangacine.fr\/armes-assassins-creed\/pistolet-a-silex-d-edward-keway-replique-manga-cine\/#breadcrumb","itemListElement":[{"@type":"ListItem","position":1,"name":"Accueil","item":"https:\/\/repliquemangacine.fr\/"},{"@type":"ListItem","position":2,"name":"Produits","item":"https:\/\/repliquemangacine.fr\/boutique\/"},{"@type":"ListItem","position":3,"name":"Pistolet \u00e0 silex d&#8217;Edward Kenway Assassin&#8217;s Creed"}]},{"@type":"WebSite","@id":"https:\/\/repliquemangacine.fr\/#website","url":"https:\/\/repliquemangacine.fr\/","name":"R\u00e9plique Manga Cin\u00e9","description":"","publisher":{"@id":"https:\/\/repliquemangacine.fr\/#organization"},"potentialAction":[{"@type":"SearchAction","target":{"@type":"EntryPoint","urlTemplate":"https:\/\/repliquemangacine.fr\/?s={search_term_string}"},"query-input":{"@type":"PropertyValueSpecification","valueRequired":true,"valueName":"search_term_string"}}],"inLanguage":"de"},{"@type":"Organization","@id":"https:\/\/repliquemangacine.fr\/#organization","name":"R\u00e9plique Manga Cin\u00e9","url":"https:\/\/repliquemangacine.fr\/","logo":{"@type":"ImageObject","inLanguage":"de","@id":"https:\/\/repliquemangacine.fr\/#\/schema\/logo\/image\/","url":"https:\/\/repliquemangacine.fr\/wp-content\/uploads\/2023\/10\/RMC-500250.png","contentUrl":"https:\/\/repliquemangacine.fr\/wp-content\/uploads\/2023\/10\/RMC-500250.png","width":500,"height":250,"caption":"R\u00e9plique Manga Cin\u00e9"},"image":{"@id":"https:\/\/repliquemangacine.fr\/#\/schema\/logo\/image\/"},"sameAs":["https:\/\/www.facebook.com\/RepliqueMangaCine","https:\/\/www.instagram.com\/repliquemangacine.fr\/"]}]}},"_links":{"self":[{"href":"https:\/\/repliquemangacine.fr\/de\/wp-json\/wp\/v2\/product\/25430","targetHints":{"allow":["GET"]}}],"collection":[{"href":"https:\/\/repliquemangacine.fr\/de\/wp-json\/wp\/v2\/product"}],"about":[{"href":"https:\/\/repliquemangacine.fr\/de\/wp-json\/wp\/v2\/types\/product"}],"wp:featuredmedia":[{"embeddable":true,"href":"https:\/\/repliquemangacine.fr\/de\/wp-json\/wp\/v2\/media\/25431"}],"wp:attachment":[{"href":"https:\/\/repliquemangacine.fr\/de\/wp-json\/wp\/v2\/media?parent=25430"}],"wp:term":[{"taxonomy":"product_brand","embeddable":true,"href":"https:\/\/repliquemangacine.fr\/de\/wp-json\/wp\/v2\/product_brand?post=25430"},{"taxonomy":"product_cat","embeddable":true,"href":"https:\/\/repliquemangacine.fr\/de\/wp-json\/wp\/v2\/product_cat?post=25430"},{"taxonomy":"product_tag","embeddable":true,"href":"https:\/\/repliquemangacine.fr\/de\/wp-json\/wp\/v2\/product_tag?post=25430"}],"curies":[{"name":"wp","href":"https:\/\/api.w.org\/{rel}","templated":true}]}}