





{"id":25421,"date":"2016-08-29T18:34:32","date_gmt":"2016-08-29T16:34:32","guid":{"rendered":"https:\/\/repliquemangacine.fr\/?post_type=product&#038;p=25421"},"modified":"2025-09-23T18:01:32","modified_gmt":"2025-09-23T16:01:32","slug":"wurfmesser-altair-assassin-s-creed","status":"publish","type":"product","link":"https:\/\/repliquemangacine.fr\/de\/armes-assassins-creed\/couteaux-a-lancer-altair-assassin-s-creed\/","title":{"rendered":"Alta\u00efr Wurfmesser"},"content":{"rendered":"<h2>Wurfmesser, die von Alta\u00efr getragen werden.<\/h2>\n<p>Zu Beginn <strong>Alta\u00efr Wurfmesser<\/strong> sind ganz aus nicht scharfkantigem Stahl.<\/p>\n<p>Alta\u00efr ist ein Mitglied der Bruderschaft der Assassinen. Als er mit einem Auftrag konfrontiert wird, den er schlecht bew\u00e4ltigt, wird ihm sein Rang als \"Meisterassassine\" aberkannt. Sein Mentor sieht in ihm jedoch einen guten Mann und beschlie\u00dft, ihm eine zweite Chance zu geben. Alta\u00efr muss nun neun Attentate ausf\u00fchren, um seine Ehre und seinen Rang wiederzuerlangen.<\/p>\n<p>Alta\u00efr war ein <a href=\"https:\/\/assassinscreed.fandom.com\/fr\/wiki\/Ma\u00eetre_Assassin\" target=\"_blank\" rel=\"noopener noreferrer\">Meister-Assassine<\/a>Er war zu unglaublichen akrobatischen Leistungen f\u00e4hig, die er f\u00fcr seine t\u00f6dliche Kunst einsetzte. Er war \u00fcbertrainiert und konnte jedes Hindernis \u00fcberwinden.<\/p>\n<p>Wie die anderen Assassinen wurde auch er in den Techniken des heimlichen Meuchelns, des Nahkampfs und des bewaffneten Kampfes sowie im Waffenwerfen ausgebildet.<\/p>\n<h2>Ihre Alta\u00efr Wurfmesser zum besten Preis.<\/h2>\n<p>Wir bieten Ihnen alle Repliken aus Ihrem Lieblingsvideospiel Assassin's Creed.<\/p>\n<p>Zun\u00e4chst einmal,<\/p>\n<ul>\n<li>L'<a href=\"https:\/\/repliquemangacine.fr\/de\/assassins-creed\/epee-d-altair-assassin-s-creed\/\">Alta\u00efrs Schwert<\/a>Dies ist eine der vier Waffen, die er besitzt.<\/li>\n<li>Au\u00dferdem gibt es Alta\u00efrs Wurfdolche und -messer.<\/li>\n<li>Wir bieten Ihnen auch die <a href=\"https:\/\/repliquemangacine.fr\/de\/assassins-creed\/assassin-s-creed-odyssey-replica-leonidas-gebrochener-speer\/\">Speer des Leonidas<\/a> in Assassin's Creed Odyssey<\/li>\n<li>Und viele andere, die es in unserem Online-Shop zu entdecken gibt!<\/li>\n<\/ul>\n<p>Wenn Sie ein Fan von Assassin's Creed sind, sind diese Messer eine tolle Erg\u00e4nzung f\u00fcr Ihr Arsenal. Hier ist eine tolle Geschenkidee f\u00fcr Fans.<\/p>\n<p>Abschlie\u00dfend k\u00f6nnen Sie auch seine <strong>Alta\u00efr Wurfmesser<\/strong> f\u00fcr Ihre Cosplay-Parade oder Ihre Themenabende. Vor allem aber ist die Replik der beiden Messer von Alta\u00efr aus Assassin's Creed ein Sammler- und Dekorationsst\u00fcck.<\/p>\n<h2>Wie pflegt man die Klinge seines Assassin's Creed-Messers?<\/h2>\n<p>Sammlungs- und Dekorationsmesser werden auf vereinfachte Weise hergestellt und zusammengesetzt. Da sie zu Dekorationszwecken verwendet werden, fehlen ihnen die Sicherheitsmerkmale, die ein japanisches Schwert f\u00fcr Trainingszwecke aufweisen muss.<\/p>\n<p>Allerdings sind Ihre beiden <strong>Alta\u00efrs Wurfmesser<\/strong> haben eine Stahlklinge, die gepflegt werden muss, damit sie nicht mit der Zeit abgenutzt wird. Denn wenn du dein Katana ausstellst, werden deine Freunde neugierig sein, die Klinge zu sehen und sie zu ber\u00fchren. Hier ist Vorsicht geboten, denn Sie sollten wissen, dass die S\u00e4ure der Finger dem Stahl unabh\u00e4ngig von seiner Qualit\u00e4t sehr schadet.<\/p>\n<p>Wenn dies jedoch passiert, keine Panik, Sie brauchen nur ein Tuch, das mit etwas \u00d6l befeuchtet ist, und wischen die Fingerabdr\u00fccke ab. Wenn Sie dies tun, werden Sie Ihr Schwert sehr lange behalten.<\/p>\n<p><strong>\u00a0<\/strong><\/p>","protected":false},"excerpt":{"rendered":"<p>Alta\u00efr besitzt vier Waffen, die er nacheinander einsammelt.<\/p>\n<ul>\n<li>Satz von 2 Wurfmessern.<\/li>\n<li>Vollst\u00e4ndig aus Metall und aus einem St\u00fcck gefertigt.<\/li>\n<li>Transportscheide aus Cordura.<\/li>\n<li>L\u00e4nge jedes Messers: 20,5 cm<\/li>\n<\/ul>","protected":false},"featured_media":25422,"template":"","meta":[],"product_brand":[896],"product_cat":[836,48,23],"product_tag":[],"class_list":{"0":"post-25421","1":"product","2":"type-product","3":"status-publish","4":"has-post-thumbnail","6":"product_brand-replique-manga-cine","7":"product_cat-armes-assassins-creed","8":"product_cat-epees-assassins-creed-armes-assassins-creed","9":"product_cat-repliques-manga-jeux-video","11":"first","12":"outofstock","13":"taxable","14":"shipping-taxable","15":"purchasable","16":"product-type-simple"},"yoast_head":"<!-- This site is optimized with the Yoast SEO plugin v27.5 - https:\/\/yoast.com\/product\/yoast-seo-wordpress\/ -->\n<title>Couteaux \u00e0 lancer Alta\u00efr - Assassin&#039;s Creed - Vente en ligne | RMC<\/title>\n<meta name=\"description\" content=\"Commandez vite ! Ce jeu de 2 Couteaux \u00e0 lancer Alta\u00efr au meilleur prix - Tout en m\u00e9tal, au prix de 19.90\u20ac les deux ! Envoi 24\/48h\" \/>\n<meta name=\"robots\" content=\"index, follow, max-snippet:-1, max-image-preview:large, max-video-preview:-1\" \/>\n<link rel=\"canonical\" href=\"https:\/\/repliquemangacine.fr\/de\/waffen-assassins-creed\/wurfmesser-altair-assassin-s-creed\/\" \/>\n<meta property=\"og:locale\" content=\"de_DE\" \/>\n<meta property=\"og:type\" content=\"article\" \/>\n<meta property=\"og:title\" content=\"Couteaux \u00e0 lancer Alta\u00efr - Assassin&#039;s Creed - Vente en ligne | RMC\" \/>\n<meta property=\"og:description\" content=\"Commandez vite ! Ce jeu de 2 Couteaux \u00e0 lancer Alta\u00efr au meilleur prix - Tout en m\u00e9tal, au prix de 19.90\u20ac les deux ! Envoi 24\/48h\" \/>\n<meta property=\"og:url\" content=\"https:\/\/repliquemangacine.fr\/de\/waffen-assassins-creed\/wurfmesser-altair-assassin-s-creed\/\" \/>\n<meta property=\"og:site_name\" content=\"R\u00e9plique Manga Cin\u00e9\" \/>\n<meta property=\"article:publisher\" content=\"https:\/\/www.facebook.com\/RepliqueMangaCine\" \/>\n<meta property=\"article:modified_time\" content=\"2025-09-23T16:01:32+00:00\" \/>\n<meta property=\"og:image\" content=\"https:\/\/repliquemangacine.fr\/wp-content\/uploads\/2023\/10\/214-Couteaux-de-jet-Assassins-Creed.jpg\" \/>\n\t<meta property=\"og:image:width\" content=\"800\" \/>\n\t<meta property=\"og:image:height\" content=\"800\" \/>\n\t<meta property=\"og:image:type\" content=\"image\/jpeg\" \/>\n<meta name=\"twitter:card\" content=\"summary_large_image\" \/>\n<meta name=\"twitter:label1\" content=\"Gesch\u00e4tzte Lesezeit\" \/>\n\t<meta name=\"twitter:data1\" content=\"3\u00a0Minuten\" \/>\n<script type=\"application\/ld+json\" class=\"yoast-schema-graph\">{\"@context\":\"https:\\\/\\\/schema.org\",\"@graph\":[{\"@type\":\"WebPage\",\"@id\":\"https:\\\/\\\/repliquemangacine.fr\\\/armes-assassins-creed\\\/couteaux-a-lancer-altair-assassin-s-creed\\\/\",\"url\":\"https:\\\/\\\/repliquemangacine.fr\\\/armes-assassins-creed\\\/couteaux-a-lancer-altair-assassin-s-creed\\\/\",\"name\":\"Couteaux \u00e0 lancer Alta\u00efr - Assassin's Creed - Vente en ligne | RMC\",\"isPartOf\":{\"@id\":\"https:\\\/\\\/repliquemangacine.fr\\\/#website\"},\"primaryImageOfPage\":{\"@id\":\"https:\\\/\\\/repliquemangacine.fr\\\/armes-assassins-creed\\\/couteaux-a-lancer-altair-assassin-s-creed\\\/#primaryimage\"},\"image\":{\"@id\":\"https:\\\/\\\/repliquemangacine.fr\\\/armes-assassins-creed\\\/couteaux-a-lancer-altair-assassin-s-creed\\\/#primaryimage\"},\"thumbnailUrl\":\"https:\\\/\\\/repliquemangacine.fr\\\/wp-content\\\/uploads\\\/2023\\\/10\\\/214-Couteaux-de-jet-Assassins-Creed.jpg\",\"datePublished\":\"2016-08-29T16:34:32+00:00\",\"dateModified\":\"2025-09-23T16:01:32+00:00\",\"description\":\"Commandez vite ! Ce jeu de 2 Couteaux \u00e0 lancer Alta\u00efr au meilleur prix - Tout en m\u00e9tal, au prix de 19.90\u20ac les deux ! Envoi 24\\\/48h\",\"breadcrumb\":{\"@id\":\"https:\\\/\\\/repliquemangacine.fr\\\/armes-assassins-creed\\\/couteaux-a-lancer-altair-assassin-s-creed\\\/#breadcrumb\"},\"inLanguage\":\"de\",\"potentialAction\":[{\"@type\":\"ReadAction\",\"target\":[\"https:\\\/\\\/repliquemangacine.fr\\\/armes-assassins-creed\\\/couteaux-a-lancer-altair-assassin-s-creed\\\/\"]}]},{\"@type\":\"ImageObject\",\"inLanguage\":\"de\",\"@id\":\"https:\\\/\\\/repliquemangacine.fr\\\/armes-assassins-creed\\\/couteaux-a-lancer-altair-assassin-s-creed\\\/#primaryimage\",\"url\":\"https:\\\/\\\/repliquemangacine.fr\\\/wp-content\\\/uploads\\\/2023\\\/10\\\/214-Couteaux-de-jet-Assassins-Creed.jpg\",\"contentUrl\":\"https:\\\/\\\/repliquemangacine.fr\\\/wp-content\\\/uploads\\\/2023\\\/10\\\/214-Couteaux-de-jet-Assassins-Creed.jpg\",\"width\":800,\"height\":800,\"caption\":\"Couteaux de jet - Assassin's Creed\"},{\"@type\":\"BreadcrumbList\",\"@id\":\"https:\\\/\\\/repliquemangacine.fr\\\/armes-assassins-creed\\\/couteaux-a-lancer-altair-assassin-s-creed\\\/#breadcrumb\",\"itemListElement\":[{\"@type\":\"ListItem\",\"position\":1,\"name\":\"Accueil\",\"item\":\"https:\\\/\\\/repliquemangacine.fr\\\/\"},{\"@type\":\"ListItem\",\"position\":2,\"name\":\"Produits\",\"item\":\"https:\\\/\\\/repliquemangacine.fr\\\/boutique\\\/\"},{\"@type\":\"ListItem\",\"position\":3,\"name\":\"Couteaux \u00e0 lancer Alta\u00efr\"}]},{\"@type\":\"WebSite\",\"@id\":\"https:\\\/\\\/repliquemangacine.fr\\\/#website\",\"url\":\"https:\\\/\\\/repliquemangacine.fr\\\/\",\"name\":\"R\u00e9plique Manga Cin\u00e9\",\"description\":\"\",\"publisher\":{\"@id\":\"https:\\\/\\\/repliquemangacine.fr\\\/#organization\"},\"potentialAction\":[{\"@type\":\"SearchAction\",\"target\":{\"@type\":\"EntryPoint\",\"urlTemplate\":\"https:\\\/\\\/repliquemangacine.fr\\\/?s={search_term_string}\"},\"query-input\":{\"@type\":\"PropertyValueSpecification\",\"valueRequired\":true,\"valueName\":\"search_term_string\"}}],\"inLanguage\":\"de\"},{\"@type\":\"Organization\",\"@id\":\"https:\\\/\\\/repliquemangacine.fr\\\/#organization\",\"name\":\"R\u00e9plique Manga Cin\u00e9\",\"url\":\"https:\\\/\\\/repliquemangacine.fr\\\/\",\"logo\":{\"@type\":\"ImageObject\",\"inLanguage\":\"de\",\"@id\":\"https:\\\/\\\/repliquemangacine.fr\\\/#\\\/schema\\\/logo\\\/image\\\/\",\"url\":\"https:\\\/\\\/repliquemangacine.fr\\\/wp-content\\\/uploads\\\/2023\\\/10\\\/RMC-500250.png\",\"contentUrl\":\"https:\\\/\\\/repliquemangacine.fr\\\/wp-content\\\/uploads\\\/2023\\\/10\\\/RMC-500250.png\",\"width\":500,\"height\":250,\"caption\":\"R\u00e9plique Manga Cin\u00e9\"},\"image\":{\"@id\":\"https:\\\/\\\/repliquemangacine.fr\\\/#\\\/schema\\\/logo\\\/image\\\/\"},\"sameAs\":[\"https:\\\/\\\/www.facebook.com\\\/RepliqueMangaCine\",\"https:\\\/\\\/www.instagram.com\\\/repliquemangacine.fr\\\/\"]}]}<\/script>\n<!-- \/ Yoast SEO plugin. -->","yoast_head_json":{"title":"Alta\u00efr Wurfmesser - Assassin's Creed - Online Verkauf | RMC","description":"Bestellen Sie schnell! Dieses Set aus 2 Alta\u00efr Wurfmessern zum besten Preis - Ganz aus Metall, zum Preis von 19.90\u20ac pro St\u00fcck! Versand 24\/48h","robots":{"index":"index","follow":"follow","max-snippet":"max-snippet:-1","max-image-preview":"max-image-preview:large","max-video-preview":"max-video-preview:-1"},"canonical":"https:\/\/repliquemangacine.fr\/de\/waffen-assassins-creed\/wurfmesser-altair-assassin-s-creed\/","og_locale":"de_DE","og_type":"article","og_title":"Couteaux \u00e0 lancer Alta\u00efr - Assassin's Creed - Vente en ligne | RMC","og_description":"Commandez vite ! Ce jeu de 2 Couteaux \u00e0 lancer Alta\u00efr au meilleur prix - Tout en m\u00e9tal, au prix de 19.90\u20ac les deux ! Envoi 24\/48h","og_url":"https:\/\/repliquemangacine.fr\/de\/waffen-assassins-creed\/wurfmesser-altair-assassin-s-creed\/","og_site_name":"R\u00e9plique Manga Cin\u00e9","article_publisher":"https:\/\/www.facebook.com\/RepliqueMangaCine","article_modified_time":"2025-09-23T16:01:32+00:00","og_image":[{"width":800,"height":800,"url":"https:\/\/repliquemangacine.fr\/wp-content\/uploads\/2023\/10\/214-Couteaux-de-jet-Assassins-Creed.jpg","type":"image\/jpeg"}],"twitter_card":"summary_large_image","twitter_misc":{"Gesch\u00e4tzte Lesezeit":"3\u00a0Minuten"},"schema":{"@context":"https:\/\/schema.org","@graph":[{"@type":"WebPage","@id":"https:\/\/repliquemangacine.fr\/armes-assassins-creed\/couteaux-a-lancer-altair-assassin-s-creed\/","url":"https:\/\/repliquemangacine.fr\/armes-assassins-creed\/couteaux-a-lancer-altair-assassin-s-creed\/","name":"Alta\u00efr Wurfmesser - Assassin's Creed - Online Verkauf | RMC","isPartOf":{"@id":"https:\/\/repliquemangacine.fr\/#website"},"primaryImageOfPage":{"@id":"https:\/\/repliquemangacine.fr\/armes-assassins-creed\/couteaux-a-lancer-altair-assassin-s-creed\/#primaryimage"},"image":{"@id":"https:\/\/repliquemangacine.fr\/armes-assassins-creed\/couteaux-a-lancer-altair-assassin-s-creed\/#primaryimage"},"thumbnailUrl":"https:\/\/repliquemangacine.fr\/wp-content\/uploads\/2023\/10\/214-Couteaux-de-jet-Assassins-Creed.jpg","datePublished":"2016-08-29T16:34:32+00:00","dateModified":"2025-09-23T16:01:32+00:00","description":"Bestellen Sie schnell! Dieses Set aus 2 Alta\u00efr Wurfmessern zum besten Preis - Ganz aus Metall, zum Preis von 19.90\u20ac pro St\u00fcck! Versand 24\/48h","breadcrumb":{"@id":"https:\/\/repliquemangacine.fr\/armes-assassins-creed\/couteaux-a-lancer-altair-assassin-s-creed\/#breadcrumb"},"inLanguage":"de","potentialAction":[{"@type":"ReadAction","target":["https:\/\/repliquemangacine.fr\/armes-assassins-creed\/couteaux-a-lancer-altair-assassin-s-creed\/"]}]},{"@type":"ImageObject","inLanguage":"de","@id":"https:\/\/repliquemangacine.fr\/armes-assassins-creed\/couteaux-a-lancer-altair-assassin-s-creed\/#primaryimage","url":"https:\/\/repliquemangacine.fr\/wp-content\/uploads\/2023\/10\/214-Couteaux-de-jet-Assassins-Creed.jpg","contentUrl":"https:\/\/repliquemangacine.fr\/wp-content\/uploads\/2023\/10\/214-Couteaux-de-jet-Assassins-Creed.jpg","width":800,"height":800,"caption":"Couteaux de jet - Assassin's Creed"},{"@type":"BreadcrumbList","@id":"https:\/\/repliquemangacine.fr\/armes-assassins-creed\/couteaux-a-lancer-altair-assassin-s-creed\/#breadcrumb","itemListElement":[{"@type":"ListItem","position":1,"name":"Accueil","item":"https:\/\/repliquemangacine.fr\/"},{"@type":"ListItem","position":2,"name":"Produits","item":"https:\/\/repliquemangacine.fr\/boutique\/"},{"@type":"ListItem","position":3,"name":"Couteaux \u00e0 lancer Alta\u00efr"}]},{"@type":"WebSite","@id":"https:\/\/repliquemangacine.fr\/#website","url":"https:\/\/repliquemangacine.fr\/","name":"R\u00e9plique Manga Cin\u00e9","description":"","publisher":{"@id":"https:\/\/repliquemangacine.fr\/#organization"},"potentialAction":[{"@type":"SearchAction","target":{"@type":"EntryPoint","urlTemplate":"https:\/\/repliquemangacine.fr\/?s={search_term_string}"},"query-input":{"@type":"PropertyValueSpecification","valueRequired":true,"valueName":"search_term_string"}}],"inLanguage":"de"},{"@type":"Organization","@id":"https:\/\/repliquemangacine.fr\/#organization","name":"R\u00e9plique Manga Cin\u00e9","url":"https:\/\/repliquemangacine.fr\/","logo":{"@type":"ImageObject","inLanguage":"de","@id":"https:\/\/repliquemangacine.fr\/#\/schema\/logo\/image\/","url":"https:\/\/repliquemangacine.fr\/wp-content\/uploads\/2023\/10\/RMC-500250.png","contentUrl":"https:\/\/repliquemangacine.fr\/wp-content\/uploads\/2023\/10\/RMC-500250.png","width":500,"height":250,"caption":"R\u00e9plique Manga Cin\u00e9"},"image":{"@id":"https:\/\/repliquemangacine.fr\/#\/schema\/logo\/image\/"},"sameAs":["https:\/\/www.facebook.com\/RepliqueMangaCine","https:\/\/www.instagram.com\/repliquemangacine.fr\/"]}]}},"_links":{"self":[{"href":"https:\/\/repliquemangacine.fr\/de\/wp-json\/wp\/v2\/product\/25421","targetHints":{"allow":["GET"]}}],"collection":[{"href":"https:\/\/repliquemangacine.fr\/de\/wp-json\/wp\/v2\/product"}],"about":[{"href":"https:\/\/repliquemangacine.fr\/de\/wp-json\/wp\/v2\/types\/product"}],"wp:featuredmedia":[{"embeddable":true,"href":"https:\/\/repliquemangacine.fr\/de\/wp-json\/wp\/v2\/media\/25422"}],"wp:attachment":[{"href":"https:\/\/repliquemangacine.fr\/de\/wp-json\/wp\/v2\/media?parent=25421"}],"wp:term":[{"taxonomy":"product_brand","embeddable":true,"href":"https:\/\/repliquemangacine.fr\/de\/wp-json\/wp\/v2\/product_brand?post=25421"},{"taxonomy":"product_cat","embeddable":true,"href":"https:\/\/repliquemangacine.fr\/de\/wp-json\/wp\/v2\/product_cat?post=25421"},{"taxonomy":"product_tag","embeddable":true,"href":"https:\/\/repliquemangacine.fr\/de\/wp-json\/wp\/v2\/product_tag?post=25421"}],"curies":[{"name":"wp","href":"https:\/\/api.w.org\/{rel}","templated":true}]}}