





{"id":25416,"date":"2016-08-29T18:13:53","date_gmt":"2016-08-29T16:13:53","guid":{"rendered":"https:\/\/repliquemangacine.fr\/?post_type=product&#038;p=25416"},"modified":"2026-04-23T12:37:53","modified_gmt":"2026-04-23T10:37:53","slug":"dolch-dolch-von-altair-assassin-s-creed","status":"publish","type":"product","link":"https:\/\/repliquemangacine.fr\/de\/armes-assassins-creed\/dague-poignard-d-altair-assassin-s-creed\/","title":{"rendered":"Dolch Dolch von Alta\u00efr"},"content":{"rendered":"<h2>Alta\u00efrs Dolch in Assassin's Creed.<\/h2>\n<p>Zu Beginn wird die <strong>Dolch Dolch von Alta\u00efr<\/strong> geh\u00f6rt zu den vier Waffen von Alta\u00efr.<\/p>\n<p>Alta\u00efr ist ein Mitglied der Bruderschaft der Assassinen. Als er mit einem Auftrag konfrontiert wird, den er schlecht bew\u00e4ltigt, verliert er seinen Rang als \"Meisterassassine\". Sein Mentor sieht in ihm jedoch einen guten Mann und beschlie\u00dft, ihm eine zweite Chance zu geben. Alta\u00efr muss nun neun Attentate ausf\u00fchren, um seine Ehre und seinen Rang wiederzuerlangen.<\/p>\n<p>Alta\u00efr war ein <a href=\"https:\/\/assassinscreed.fandom.com\/fr\/wiki\/Ma\u00eetre_Assassin\" target=\"_blank\" rel=\"noopener noreferrer\">Meister-Assassine<\/a>Er war zu unglaublichen akrobatischen Leistungen f\u00e4hig, die er f\u00fcr seine t\u00f6dliche Kunst einsetzte. Er war \u00fcbertrainiert und konnte jedes Hindernis \u00fcberwinden.<\/p>\n<p>Wie die anderen Assassinen wurde auch er in den Techniken des heimlichen Meuchelns, des Nahkampfs und des bewaffneten Kampfes sowie im Waffenwerfen ausgebildet.<\/p>\n<h2>Ihr Dolch Dolch von Alta\u00efr zum besten Preis.<\/h2>\n<p>Wir bieten Ihnen alle Repliken aus Ihrem Lieblingsvideospiel Assassin's Creed.<\/p>\n<p>Zun\u00e4chst einmal,<\/p>\n<ul>\n<li>Die <a href=\"https:\/\/repliquemangacine.fr\/de\/assassins-creed\/tomahawk-des-assassins-hache-connor-kenway\/\">Tomahawk der Assassinen<\/a> die von dem Mohawk-Assassinen Connor Kenway benutzt wurde.<\/li>\n<li>Aber auch die Pistolenaxt der Piraten, die Gun Axe in Assassin's Creed Unity: Dead Kings.<\/li>\n<li>Und viele andere, die es in unserem Online-Shop zu entdecken gibt!<\/li>\n<\/ul>\n<p>Wenn Sie ein Fan von Assassin's Creed sind, ist dieser Dolch eine hervorragende Erg\u00e4nzung f\u00fcr Ihr Arsenal. Deshalb ist er eine gro\u00dfartige Geschenkidee f\u00fcr Fans.<\/p>\n<p>Abschlie\u00dfend k\u00f6nnen Sie auch diesen <strong>Dolch Dolch von Alta\u00efr<\/strong> f\u00fcr Ihre Cosplay-Paraden oder Themenpartys. Vor allem aber ist dieser Dolch ein Sammler- und Dekorationsst\u00fcck.<\/p>\n<h2>Wie pflegt man die Klinge seines Dolches?<\/h2>\n<p>Die Dolche f\u00fcr Sammlungen und Dekorationen werden auf vereinfachte Weise hergestellt und zusammengesetzt. Da sie zu Dekorationszwecken verwendet werden, verf\u00fcgen sie nicht \u00fcber die Sicherheitselemente, die f\u00fcr ein japanisches Schwert zum Training erforderlich sind.<\/p>\n<p>Allerdings ist Ihr <strong>Dolch Alta\u00efrs Dolch<\/strong> zu einer Stahlklinge, die gepflegt werden muss, damit sie nicht mit der Zeit abgenutzt wird. Denn wenn du dein Katana ausstellst, werden deine Freunde neugierig sein, die Klinge zu sehen und sie zu ber\u00fchren. Hier ist Vorsicht geboten, denn Sie sollten wissen, dass die S\u00e4ure der Finger dem Stahl unabh\u00e4ngig von seiner Qualit\u00e4t sehr schadet.<\/p>\n<p>Wenn dies jedoch passiert, keine Panik, Sie brauchen nur ein Tuch, das mit etwas \u00d6l befeuchtet ist, und wischen die Fingerabdr\u00fccke ab. Wenn Sie dies tun, werden Sie Ihr Schwert sehr lange behalten.<\/p>\n<p><strong>\u00a0<\/strong><\/p>","protected":false},"excerpt":{"rendered":"<p>Alta\u00efr besitzt vier Waffen, die er nacheinander einsammelt.<\/p>\n<ul>\n<li>Nicht schneidende Stahlklinge mit Siebdruck.<\/li>\n<li>Schildpattf\u00f6rmiger Griff aus Stahl.<\/li>\n<li>Wird mit einer Lederscheide geliefert.<\/li>\n<\/ul>\n<p>L\u00e4nge der Klinge: 38,5 cm - Gesamtl\u00e4nge: 57 cm - Gewicht: 760 grs<\/p>","protected":false},"featured_media":25417,"template":"","meta":[],"product_brand":[896],"product_cat":[836,48,23],"product_tag":[],"class_list":{"0":"post-25416","1":"product","2":"type-product","3":"status-publish","4":"has-post-thumbnail","6":"product_brand-replique-manga-cine","7":"product_cat-armes-assassins-creed","8":"product_cat-epees-assassins-creed-armes-assassins-creed","9":"product_cat-repliques-manga-jeux-video","11":"first","12":"instock","13":"taxable","14":"shipping-taxable","15":"purchasable","16":"product-type-simple"},"yoast_head":"<!-- This site is optimized with the Yoast SEO plugin v27.5 - https:\/\/yoast.com\/product\/yoast-seo-wordpress\/ -->\n<title>Dague Poignard d&#039;Alta\u00efr Assassin&#039;s Creed - Vente en ligne | RMC<\/title>\n<meta name=\"description\" content=\"Offrez-vous vite ! la Dague Poignard d&#039;Alta\u00efr dans Assassin&#039;s Creed au meilleur prix. Lame acier - Fourreau - Longueur totale : 57cm - Envoi 24\/48h\" \/>\n<meta name=\"robots\" content=\"index, follow, max-snippet:-1, max-image-preview:large, max-video-preview:-1\" \/>\n<link rel=\"canonical\" href=\"https:\/\/repliquemangacine.fr\/de\/waffen-assassins-creed\/dolch-dolch-von-altair-assassin-s-creed\/\" \/>\n<meta property=\"og:locale\" content=\"de_DE\" \/>\n<meta property=\"og:type\" content=\"article\" \/>\n<meta property=\"og:title\" content=\"Dague Poignard d&#039;Alta\u00efr Assassin&#039;s Creed - Vente en ligne | RMC\" \/>\n<meta property=\"og:description\" content=\"Offrez-vous vite ! la Dague Poignard d&#039;Alta\u00efr dans Assassin&#039;s Creed au meilleur prix. Lame acier - Fourreau - Longueur totale : 57cm - Envoi 24\/48h\" \/>\n<meta property=\"og:url\" content=\"https:\/\/repliquemangacine.fr\/de\/waffen-assassins-creed\/dolch-dolch-von-altair-assassin-s-creed\/\" \/>\n<meta property=\"og:site_name\" content=\"R\u00e9plique Manga Cin\u00e9\" \/>\n<meta property=\"article:publisher\" content=\"https:\/\/www.facebook.com\/RepliqueMangaCine\" \/>\n<meta property=\"article:modified_time\" content=\"2026-04-23T10:37:53+00:00\" \/>\n<meta property=\"og:image\" content=\"https:\/\/repliquemangacine.fr\/wp-content\/uploads\/2023\/10\/210-Dague-Poignard-dAltair-Assassins-Creed-lame.jpg\" \/>\n\t<meta property=\"og:image:width\" content=\"800\" \/>\n\t<meta property=\"og:image:height\" content=\"800\" \/>\n\t<meta property=\"og:image:type\" content=\"image\/jpeg\" \/>\n<meta name=\"twitter:card\" content=\"summary_large_image\" \/>\n<meta name=\"twitter:label1\" content=\"Gesch\u00e4tzte Lesezeit\" \/>\n\t<meta name=\"twitter:data1\" content=\"2\u00a0Minuten\" \/>\n<script type=\"application\/ld+json\" class=\"yoast-schema-graph\">{\"@context\":\"https:\\\/\\\/schema.org\",\"@graph\":[{\"@type\":\"WebPage\",\"@id\":\"https:\\\/\\\/repliquemangacine.fr\\\/de\\\/waffen-assassins-creed\\\/dolch-dolch-von-altair-assassin-s-creed\\\/\",\"url\":\"https:\\\/\\\/repliquemangacine.fr\\\/de\\\/waffen-assassins-creed\\\/dolch-dolch-von-altair-assassin-s-creed\\\/\",\"name\":\"Dague Poignard d'Alta\u00efr Assassin's Creed - Vente en ligne | RMC\",\"isPartOf\":{\"@id\":\"https:\\\/\\\/repliquemangacine.fr\\\/#website\"},\"primaryImageOfPage\":{\"@id\":\"https:\\\/\\\/repliquemangacine.fr\\\/de\\\/waffen-assassins-creed\\\/dolch-dolch-von-altair-assassin-s-creed\\\/#primaryimage\"},\"image\":{\"@id\":\"https:\\\/\\\/repliquemangacine.fr\\\/de\\\/waffen-assassins-creed\\\/dolch-dolch-von-altair-assassin-s-creed\\\/#primaryimage\"},\"thumbnailUrl\":\"https:\\\/\\\/repliquemangacine.fr\\\/wp-content\\\/uploads\\\/2023\\\/10\\\/210-Dague-Poignard-dAltair-Assassins-Creed-lame.jpg\",\"datePublished\":\"2016-08-29T16:13:53+00:00\",\"dateModified\":\"2026-04-23T10:37:53+00:00\",\"description\":\"Offrez-vous vite ! la Dague Poignard d'Alta\u00efr dans Assassin's Creed au meilleur prix. Lame acier - Fourreau - Longueur totale : 57cm - Envoi 24\\\/48h\",\"breadcrumb\":{\"@id\":\"https:\\\/\\\/repliquemangacine.fr\\\/de\\\/waffen-assassins-creed\\\/dolch-dolch-von-altair-assassin-s-creed\\\/#breadcrumb\"},\"inLanguage\":\"de\",\"potentialAction\":[{\"@type\":\"ReadAction\",\"target\":[\"https:\\\/\\\/repliquemangacine.fr\\\/de\\\/waffen-assassins-creed\\\/dolch-dolch-von-altair-assassin-s-creed\\\/\"]}]},{\"@type\":\"ImageObject\",\"inLanguage\":\"de\",\"@id\":\"https:\\\/\\\/repliquemangacine.fr\\\/de\\\/waffen-assassins-creed\\\/dolch-dolch-von-altair-assassin-s-creed\\\/#primaryimage\",\"url\":\"https:\\\/\\\/repliquemangacine.fr\\\/wp-content\\\/uploads\\\/2023\\\/10\\\/210-Dague-Poignard-dAltair-Assassins-Creed-lame.jpg\",\"contentUrl\":\"https:\\\/\\\/repliquemangacine.fr\\\/wp-content\\\/uploads\\\/2023\\\/10\\\/210-Dague-Poignard-dAltair-Assassins-Creed-lame.jpg\",\"width\":800,\"height\":800,\"caption\":\"Dague Poignard d'Alta\u00efr - Assassin's Creed lame\"},{\"@type\":\"BreadcrumbList\",\"@id\":\"https:\\\/\\\/repliquemangacine.fr\\\/de\\\/waffen-assassins-creed\\\/dolch-dolch-von-altair-assassin-s-creed\\\/#breadcrumb\",\"itemListElement\":[{\"@type\":\"ListItem\",\"position\":1,\"name\":\"Accueil\",\"item\":\"https:\\\/\\\/repliquemangacine.fr\\\/\"},{\"@type\":\"ListItem\",\"position\":2,\"name\":\"Produits\",\"item\":\"https:\\\/\\\/repliquemangacine.fr\\\/boutique\\\/\"},{\"@type\":\"ListItem\",\"position\":3,\"name\":\"Dague Poignard d&#8217;Alta\u00efr\"}]},{\"@type\":\"WebSite\",\"@id\":\"https:\\\/\\\/repliquemangacine.fr\\\/#website\",\"url\":\"https:\\\/\\\/repliquemangacine.fr\\\/\",\"name\":\"R\u00e9plique Manga Cin\u00e9\",\"description\":\"\",\"publisher\":{\"@id\":\"https:\\\/\\\/repliquemangacine.fr\\\/#organization\"},\"potentialAction\":[{\"@type\":\"SearchAction\",\"target\":{\"@type\":\"EntryPoint\",\"urlTemplate\":\"https:\\\/\\\/repliquemangacine.fr\\\/?s={search_term_string}\"},\"query-input\":{\"@type\":\"PropertyValueSpecification\",\"valueRequired\":true,\"valueName\":\"search_term_string\"}}],\"inLanguage\":\"de\"},{\"@type\":\"Organization\",\"@id\":\"https:\\\/\\\/repliquemangacine.fr\\\/#organization\",\"name\":\"R\u00e9plique Manga Cin\u00e9\",\"url\":\"https:\\\/\\\/repliquemangacine.fr\\\/\",\"logo\":{\"@type\":\"ImageObject\",\"inLanguage\":\"de\",\"@id\":\"https:\\\/\\\/repliquemangacine.fr\\\/#\\\/schema\\\/logo\\\/image\\\/\",\"url\":\"https:\\\/\\\/repliquemangacine.fr\\\/wp-content\\\/uploads\\\/2023\\\/10\\\/RMC-500250.png\",\"contentUrl\":\"https:\\\/\\\/repliquemangacine.fr\\\/wp-content\\\/uploads\\\/2023\\\/10\\\/RMC-500250.png\",\"width\":500,\"height\":250,\"caption\":\"R\u00e9plique Manga Cin\u00e9\"},\"image\":{\"@id\":\"https:\\\/\\\/repliquemangacine.fr\\\/#\\\/schema\\\/logo\\\/image\\\/\"},\"sameAs\":[\"https:\\\/\\\/www.facebook.com\\\/RepliqueMangaCine\",\"https:\\\/\\\/www.instagram.com\\\/repliquemangacine.fr\\\/\"]}]}<\/script>\n<!-- \/ Yoast SEO plugin. -->","yoast_head_json":{"title":"Assassin's Creed Dolch Dolch von Alta\u00efr - Online Verkauf | RMC","description":"G\u00f6nnen Sie sich schnell ! den Dolch Dolch von Alta\u00efr in Assassin's Creed zum besten Preis. Stahlklinge - Scheide - Gesamtl\u00e4nge: 57cm - Versand 24\/48h","robots":{"index":"index","follow":"follow","max-snippet":"max-snippet:-1","max-image-preview":"max-image-preview:large","max-video-preview":"max-video-preview:-1"},"canonical":"https:\/\/repliquemangacine.fr\/de\/waffen-assassins-creed\/dolch-dolch-von-altair-assassin-s-creed\/","og_locale":"de_DE","og_type":"article","og_title":"Dague Poignard d'Alta\u00efr Assassin's Creed - Vente en ligne | RMC","og_description":"Offrez-vous vite ! la Dague Poignard d'Alta\u00efr dans Assassin's Creed au meilleur prix. Lame acier - Fourreau - Longueur totale : 57cm - Envoi 24\/48h","og_url":"https:\/\/repliquemangacine.fr\/de\/waffen-assassins-creed\/dolch-dolch-von-altair-assassin-s-creed\/","og_site_name":"R\u00e9plique Manga Cin\u00e9","article_publisher":"https:\/\/www.facebook.com\/RepliqueMangaCine","article_modified_time":"2026-04-23T10:37:53+00:00","og_image":[{"width":800,"height":800,"url":"https:\/\/repliquemangacine.fr\/wp-content\/uploads\/2023\/10\/210-Dague-Poignard-dAltair-Assassins-Creed-lame.jpg","type":"image\/jpeg"}],"twitter_card":"summary_large_image","twitter_misc":{"Gesch\u00e4tzte Lesezeit":"2\u00a0Minuten"},"schema":{"@context":"https:\/\/schema.org","@graph":[{"@type":"WebPage","@id":"https:\/\/repliquemangacine.fr\/de\/waffen-assassins-creed\/dolch-dolch-von-altair-assassin-s-creed\/","url":"https:\/\/repliquemangacine.fr\/de\/waffen-assassins-creed\/dolch-dolch-von-altair-assassin-s-creed\/","name":"Assassin's Creed Dolch Dolch von Alta\u00efr - Online Verkauf | RMC","isPartOf":{"@id":"https:\/\/repliquemangacine.fr\/#website"},"primaryImageOfPage":{"@id":"https:\/\/repliquemangacine.fr\/de\/waffen-assassins-creed\/dolch-dolch-von-altair-assassin-s-creed\/#primaryimage"},"image":{"@id":"https:\/\/repliquemangacine.fr\/de\/waffen-assassins-creed\/dolch-dolch-von-altair-assassin-s-creed\/#primaryimage"},"thumbnailUrl":"https:\/\/repliquemangacine.fr\/wp-content\/uploads\/2023\/10\/210-Dague-Poignard-dAltair-Assassins-Creed-lame.jpg","datePublished":"2016-08-29T16:13:53+00:00","dateModified":"2026-04-23T10:37:53+00:00","description":"G\u00f6nnen Sie sich schnell ! den Dolch Dolch von Alta\u00efr in Assassin's Creed zum besten Preis. Stahlklinge - Scheide - Gesamtl\u00e4nge: 57cm - Versand 24\/48h","breadcrumb":{"@id":"https:\/\/repliquemangacine.fr\/de\/waffen-assassins-creed\/dolch-dolch-von-altair-assassin-s-creed\/#breadcrumb"},"inLanguage":"de","potentialAction":[{"@type":"ReadAction","target":["https:\/\/repliquemangacine.fr\/de\/waffen-assassins-creed\/dolch-dolch-von-altair-assassin-s-creed\/"]}]},{"@type":"ImageObject","inLanguage":"de","@id":"https:\/\/repliquemangacine.fr\/de\/waffen-assassins-creed\/dolch-dolch-von-altair-assassin-s-creed\/#primaryimage","url":"https:\/\/repliquemangacine.fr\/wp-content\/uploads\/2023\/10\/210-Dague-Poignard-dAltair-Assassins-Creed-lame.jpg","contentUrl":"https:\/\/repliquemangacine.fr\/wp-content\/uploads\/2023\/10\/210-Dague-Poignard-dAltair-Assassins-Creed-lame.jpg","width":800,"height":800,"caption":"Dague Poignard d'Alta\u00efr - Assassin's Creed lame"},{"@type":"BreadcrumbList","@id":"https:\/\/repliquemangacine.fr\/de\/waffen-assassins-creed\/dolch-dolch-von-altair-assassin-s-creed\/#breadcrumb","itemListElement":[{"@type":"ListItem","position":1,"name":"Accueil","item":"https:\/\/repliquemangacine.fr\/"},{"@type":"ListItem","position":2,"name":"Produits","item":"https:\/\/repliquemangacine.fr\/boutique\/"},{"@type":"ListItem","position":3,"name":"Dague Poignard d&#8217;Alta\u00efr"}]},{"@type":"WebSite","@id":"https:\/\/repliquemangacine.fr\/#website","url":"https:\/\/repliquemangacine.fr\/","name":"R\u00e9plique Manga Cin\u00e9","description":"","publisher":{"@id":"https:\/\/repliquemangacine.fr\/#organization"},"potentialAction":[{"@type":"SearchAction","target":{"@type":"EntryPoint","urlTemplate":"https:\/\/repliquemangacine.fr\/?s={search_term_string}"},"query-input":{"@type":"PropertyValueSpecification","valueRequired":true,"valueName":"search_term_string"}}],"inLanguage":"de"},{"@type":"Organization","@id":"https:\/\/repliquemangacine.fr\/#organization","name":"R\u00e9plique Manga Cin\u00e9","url":"https:\/\/repliquemangacine.fr\/","logo":{"@type":"ImageObject","inLanguage":"de","@id":"https:\/\/repliquemangacine.fr\/#\/schema\/logo\/image\/","url":"https:\/\/repliquemangacine.fr\/wp-content\/uploads\/2023\/10\/RMC-500250.png","contentUrl":"https:\/\/repliquemangacine.fr\/wp-content\/uploads\/2023\/10\/RMC-500250.png","width":500,"height":250,"caption":"R\u00e9plique Manga Cin\u00e9"},"image":{"@id":"https:\/\/repliquemangacine.fr\/#\/schema\/logo\/image\/"},"sameAs":["https:\/\/www.facebook.com\/RepliqueMangaCine","https:\/\/www.instagram.com\/repliquemangacine.fr\/"]}]}},"_links":{"self":[{"href":"https:\/\/repliquemangacine.fr\/de\/wp-json\/wp\/v2\/product\/25416","targetHints":{"allow":["GET"]}}],"collection":[{"href":"https:\/\/repliquemangacine.fr\/de\/wp-json\/wp\/v2\/product"}],"about":[{"href":"https:\/\/repliquemangacine.fr\/de\/wp-json\/wp\/v2\/types\/product"}],"wp:featuredmedia":[{"embeddable":true,"href":"https:\/\/repliquemangacine.fr\/de\/wp-json\/wp\/v2\/media\/25417"}],"wp:attachment":[{"href":"https:\/\/repliquemangacine.fr\/de\/wp-json\/wp\/v2\/media?parent=25416"}],"wp:term":[{"taxonomy":"product_brand","embeddable":true,"href":"https:\/\/repliquemangacine.fr\/de\/wp-json\/wp\/v2\/product_brand?post=25416"},{"taxonomy":"product_cat","embeddable":true,"href":"https:\/\/repliquemangacine.fr\/de\/wp-json\/wp\/v2\/product_cat?post=25416"},{"taxonomy":"product_tag","embeddable":true,"href":"https:\/\/repliquemangacine.fr\/de\/wp-json\/wp\/v2\/product_tag?post=25416"}],"curies":[{"name":"wp","href":"https:\/\/api.w.org\/{rel}","templated":true}]}}