





{"id":25409,"date":"2016-08-29T17:38:46","date_gmt":"2016-08-29T15:38:46","guid":{"rendered":"https:\/\/repliquemangacine.fr\/?post_type=product&#038;p=25409"},"modified":"2026-03-15T22:38:22","modified_gmt":"2026-03-15T21:38:22","slug":"dolch-schwert-von-altair-assassin-s-creed","status":"publish","type":"product","link":"https:\/\/repliquemangacine.fr\/de\/armes-assassins-creed\/dague-epee-d-altair-assassin-s-creed\/","title":{"rendered":"Dolch Schwert von Alta\u00efr Assassin's Creed"},"content":{"rendered":"<h2>Alta\u00efrs Schwertdolch in Assassin's Creed<\/h2>\n<p>Zu Beginn wird die <strong>Dolch Schwert von Alta\u00efr<\/strong> ist von seinem Schwert im Videospiel assassin's Creed inspiriert.<\/p>\n<p>Alta\u00efr ist ein Mitglied der Bruderschaft der Assassinen. Als er mit einem Auftrag konfrontiert wird, den er schlecht bew\u00e4ltigt, verliert er seinen Rang als \"Meisterassassine\". Sein Mentor sieht in ihm jedoch einen guten Mann und beschlie\u00dft, ihm eine zweite Chance zu geben. Alta\u00efr muss nun neun Attentate ausf\u00fchren, um seine Ehre und seinen Rang wiederzuerlangen.<\/p>\n<p>Alta\u00efr war ein <a href=\"https:\/\/assassinscreed.fandom.com\/fr\/wiki\/Ma\u00eetre_Assassin\" target=\"_blank\" rel=\"noopener noreferrer\">Meister-Assassine<\/a>Er war zu unglaublichen akrobatischen Leistungen f\u00e4hig, die er f\u00fcr seine t\u00f6dliche Kunst einsetzte. Er war \u00fcbertrainiert und konnte jedes Hindernis \u00fcberwinden.<\/p>\n<p>Wie die anderen Assassinen wurde auch er in den Techniken des heimlichen Meuchelns, des Nahkampfs und des bewaffneten Kampfes sowie im Waffenwerfen ausgebildet.<\/p>\n<h2>Ihr Schwertdolch von Alta\u00efr zum besten Preis.<\/h2>\n<p>Wir bieten Ihnen alle Repliken aus Ihrem Lieblingsvideospiel Assassin's Creed.<\/p>\n<p>Zun\u00e4chst einmal,<\/p>\n<ul>\n<li>L'<a href=\"https:\/\/repliquemangacine.fr\/de\/assassins-creed\/epee-daguilar-assassins-creed-le-film\/\">Schwert von Aguilar<\/a> in Assassin's Creed der Film.<\/li>\n<li>Aber auch die Pistolenaxt der Piraten, die Gun Axe in Assassin's Creed Unity: Dead Kings.<\/li>\n<li>Und viele andere, die es in unserem Online-Shop zu entdecken gibt!<\/li>\n<\/ul>\n<p>Wenn Sie ein Fan von Assassin's Creed sind, ist diese Pistole eine tolle Erg\u00e4nzung f\u00fcr Ihr Arsenal. Daher ist dies eine gro\u00dfartige Geschenkidee f\u00fcr Fans.<\/p>\n<p>Abschlie\u00dfend k\u00f6nnen Sie auch diesen <strong>Dolch Schwert des Alta\u00efr<\/strong> f\u00fcr Ihre Cosplay-Parade oder Ihre Themenabende. Aber vor allem ist die Assassin's Creed Replik ein Sammler- und Dekorationsst\u00fcck.<\/p>\n<h2>Wie pflegt man die Klinge seines Assassin's Creed-Dolches?<\/h2>\n<p>Sammlungs- und Dekorationsdolche werden auf vereinfachte Weise hergestellt und zusammengebaut. Da sie zu Dekorationszwecken verwendet werden, fehlen ihnen die Sicherheitsmerkmale, die ein japanisches Schwert f\u00fcr Trainingszwecke aufweisen muss.<\/p>\n<p>Allerdings ist Ihr <strong>Alta\u00efrs Schwertdolch<\/strong> zu einer Stahlklinge, die gepflegt werden muss, damit sie nicht mit der Zeit abgenutzt wird. Denn wenn du dein Katana ausstellst, werden deine Freunde neugierig sein, die Klinge zu sehen und sie zu ber\u00fchren. Hier ist Vorsicht geboten, denn Sie sollten wissen, dass die S\u00e4ure der Finger dem Stahl unabh\u00e4ngig von seiner Qualit\u00e4t sehr schadet.<\/p>\n<p>Wenn dies jedoch passiert, keine Panik, Sie brauchen nur ein Tuch, das mit etwas \u00d6l befeuchtet ist, und wischen die Fingerabdr\u00fccke ab. Wenn Sie dies tun, werden Sie Ihr Schwert sehr lange behalten.<\/p>\n<p><strong>\u00a0<\/strong><\/p>","protected":false},"excerpt":{"rendered":"<p>Alta\u00efr besitzt vier Waffen, die er nacheinander einsammelt.<\/p>\n<ul>\n<li>Die Klinge ist aus Stahl, ebenso wie ihr fl\u00fcgelf\u00f6rmiger Schutz.<\/li>\n<li>Knauf in Form eines Vogelschnabels.<\/li>\n<li>ABS-Griff mit Metalldraht.<\/li>\n<li>ABS-Scheide mit Lederriemen.<\/li>\n<li>Gesamtl\u00e4nge: 60cm<\/li>\n<\/ul>\n<p>&nbsp;<\/p>","protected":false},"featured_media":25410,"template":"","meta":[],"product_brand":[896],"product_cat":[836,48,23],"product_tag":[],"class_list":{"0":"post-25409","1":"product","2":"type-product","3":"status-publish","4":"has-post-thumbnail","6":"product_brand-replique-manga-cine","7":"product_cat-armes-assassins-creed","8":"product_cat-epees-assassins-creed-armes-assassins-creed","9":"product_cat-repliques-manga-jeux-video","11":"first","12":"instock","13":"taxable","14":"shipping-taxable","15":"purchasable","16":"product-type-simple"},"yoast_head":"<!-- This site is optimized with the Yoast SEO plugin v27.5 - https:\/\/yoast.com\/product\/yoast-seo-wordpress\/ -->\n<title>Dague \u00e9p\u00e9e d&#039;Alta\u00efr - Assassin&#039;s Creed - R\u00e9plique Manga Cin\u00e9<\/title>\n<meta name=\"description\" content=\"Achetez vite ! votre Dague \u00e9p\u00e9e d&#039;Alta\u00efr Assassin&#039;s Creed au meilleur prix. Lame en acier - Fourreau - Longueur totale : 60 cm - Envoi 24\/48h\" \/>\n<meta name=\"robots\" content=\"index, follow, max-snippet:-1, max-image-preview:large, max-video-preview:-1\" \/>\n<link rel=\"canonical\" href=\"https:\/\/repliquemangacine.fr\/de\/waffen-assassins-creed\/dolch-schwert-von-altair-assassin-s-creed\/\" \/>\n<meta property=\"og:locale\" content=\"de_DE\" \/>\n<meta property=\"og:type\" content=\"article\" \/>\n<meta property=\"og:title\" content=\"Dague \u00e9p\u00e9e d&#039;Alta\u00efr - Assassin&#039;s Creed - R\u00e9plique Manga Cin\u00e9\" \/>\n<meta property=\"og:description\" content=\"Achetez vite ! votre Dague \u00e9p\u00e9e d&#039;Alta\u00efr Assassin&#039;s Creed au meilleur prix. Lame en acier - Fourreau - Longueur totale : 60 cm - Envoi 24\/48h\" \/>\n<meta property=\"og:url\" content=\"https:\/\/repliquemangacine.fr\/de\/waffen-assassins-creed\/dolch-schwert-von-altair-assassin-s-creed\/\" \/>\n<meta property=\"og:site_name\" content=\"R\u00e9plique Manga Cin\u00e9\" \/>\n<meta property=\"article:publisher\" content=\"https:\/\/www.facebook.com\/RepliqueMangaCine\" \/>\n<meta property=\"article:modified_time\" content=\"2026-03-15T21:38:22+00:00\" \/>\n<meta property=\"og:image\" content=\"https:\/\/repliquemangacine.fr\/wp-content\/uploads\/2023\/10\/204-Replique-Dague-epee-dAltair-Assassins-Creed.jpg\" \/>\n\t<meta property=\"og:image:width\" content=\"800\" \/>\n\t<meta property=\"og:image:height\" content=\"800\" \/>\n\t<meta property=\"og:image:type\" content=\"image\/jpeg\" \/>\n<meta name=\"twitter:card\" content=\"summary_large_image\" \/>\n<meta name=\"twitter:label1\" content=\"Gesch\u00e4tzte Lesezeit\" \/>\n\t<meta name=\"twitter:data1\" content=\"2\u00a0Minuten\" \/>\n<script type=\"application\/ld+json\" class=\"yoast-schema-graph\">{\"@context\":\"https:\\\/\\\/schema.org\",\"@graph\":[{\"@type\":\"WebPage\",\"@id\":\"https:\\\/\\\/repliquemangacine.fr\\\/armes-assassins-creed\\\/dague-epee-d-altair-assassin-s-creed\\\/\",\"url\":\"https:\\\/\\\/repliquemangacine.fr\\\/armes-assassins-creed\\\/dague-epee-d-altair-assassin-s-creed\\\/\",\"name\":\"Dague \u00e9p\u00e9e d'Alta\u00efr - Assassin's Creed - R\u00e9plique Manga Cin\u00e9\",\"isPartOf\":{\"@id\":\"https:\\\/\\\/repliquemangacine.fr\\\/#website\"},\"primaryImageOfPage\":{\"@id\":\"https:\\\/\\\/repliquemangacine.fr\\\/armes-assassins-creed\\\/dague-epee-d-altair-assassin-s-creed\\\/#primaryimage\"},\"image\":{\"@id\":\"https:\\\/\\\/repliquemangacine.fr\\\/armes-assassins-creed\\\/dague-epee-d-altair-assassin-s-creed\\\/#primaryimage\"},\"thumbnailUrl\":\"https:\\\/\\\/repliquemangacine.fr\\\/wp-content\\\/uploads\\\/2023\\\/10\\\/204-Replique-Dague-epee-dAltair-Assassins-Creed.jpg\",\"datePublished\":\"2016-08-29T15:38:46+00:00\",\"dateModified\":\"2026-03-15T21:38:22+00:00\",\"description\":\"Achetez vite ! votre Dague \u00e9p\u00e9e d'Alta\u00efr Assassin's Creed au meilleur prix. Lame en acier - Fourreau - Longueur totale : 60 cm - Envoi 24\\\/48h\",\"breadcrumb\":{\"@id\":\"https:\\\/\\\/repliquemangacine.fr\\\/armes-assassins-creed\\\/dague-epee-d-altair-assassin-s-creed\\\/#breadcrumb\"},\"inLanguage\":\"de\",\"potentialAction\":[{\"@type\":\"ReadAction\",\"target\":[\"https:\\\/\\\/repliquemangacine.fr\\\/armes-assassins-creed\\\/dague-epee-d-altair-assassin-s-creed\\\/\"]}]},{\"@type\":\"ImageObject\",\"inLanguage\":\"de\",\"@id\":\"https:\\\/\\\/repliquemangacine.fr\\\/armes-assassins-creed\\\/dague-epee-d-altair-assassin-s-creed\\\/#primaryimage\",\"url\":\"https:\\\/\\\/repliquemangacine.fr\\\/wp-content\\\/uploads\\\/2023\\\/10\\\/204-Replique-Dague-epee-dAltair-Assassins-Creed.jpg\",\"contentUrl\":\"https:\\\/\\\/repliquemangacine.fr\\\/wp-content\\\/uploads\\\/2023\\\/10\\\/204-Replique-Dague-epee-dAltair-Assassins-Creed.jpg\",\"width\":800,\"height\":800,\"caption\":\"R\u00e9plique Dague Ep\u00e9e d'Alta\u00efr- Assassin's Creed\"},{\"@type\":\"BreadcrumbList\",\"@id\":\"https:\\\/\\\/repliquemangacine.fr\\\/armes-assassins-creed\\\/dague-epee-d-altair-assassin-s-creed\\\/#breadcrumb\",\"itemListElement\":[{\"@type\":\"ListItem\",\"position\":1,\"name\":\"Accueil\",\"item\":\"https:\\\/\\\/repliquemangacine.fr\\\/\"},{\"@type\":\"ListItem\",\"position\":2,\"name\":\"Produits\",\"item\":\"https:\\\/\\\/repliquemangacine.fr\\\/boutique\\\/\"},{\"@type\":\"ListItem\",\"position\":3,\"name\":\"Dague \u00e9p\u00e9e d&#8217;Alta\u00efr Assassin&#8217;s Creed\"}]},{\"@type\":\"WebSite\",\"@id\":\"https:\\\/\\\/repliquemangacine.fr\\\/#website\",\"url\":\"https:\\\/\\\/repliquemangacine.fr\\\/\",\"name\":\"R\u00e9plique Manga Cin\u00e9\",\"description\":\"\",\"publisher\":{\"@id\":\"https:\\\/\\\/repliquemangacine.fr\\\/#organization\"},\"potentialAction\":[{\"@type\":\"SearchAction\",\"target\":{\"@type\":\"EntryPoint\",\"urlTemplate\":\"https:\\\/\\\/repliquemangacine.fr\\\/?s={search_term_string}\"},\"query-input\":{\"@type\":\"PropertyValueSpecification\",\"valueRequired\":true,\"valueName\":\"search_term_string\"}}],\"inLanguage\":\"de\"},{\"@type\":\"Organization\",\"@id\":\"https:\\\/\\\/repliquemangacine.fr\\\/#organization\",\"name\":\"R\u00e9plique Manga Cin\u00e9\",\"url\":\"https:\\\/\\\/repliquemangacine.fr\\\/\",\"logo\":{\"@type\":\"ImageObject\",\"inLanguage\":\"de\",\"@id\":\"https:\\\/\\\/repliquemangacine.fr\\\/#\\\/schema\\\/logo\\\/image\\\/\",\"url\":\"https:\\\/\\\/repliquemangacine.fr\\\/wp-content\\\/uploads\\\/2023\\\/10\\\/RMC-500250.png\",\"contentUrl\":\"https:\\\/\\\/repliquemangacine.fr\\\/wp-content\\\/uploads\\\/2023\\\/10\\\/RMC-500250.png\",\"width\":500,\"height\":250,\"caption\":\"R\u00e9plique Manga Cin\u00e9\"},\"image\":{\"@id\":\"https:\\\/\\\/repliquemangacine.fr\\\/#\\\/schema\\\/logo\\\/image\\\/\"},\"sameAs\":[\"https:\\\/\\\/www.facebook.com\\\/RepliqueMangaCine\",\"https:\\\/\\\/www.instagram.com\\\/repliquemangacine.fr\\\/\"]}]}<\/script>\n<!-- \/ Yoast SEO plugin. -->","yoast_head_json":{"title":"Alta\u00efrs Schwertdolch - Assassin's Creed - R\u00e9plique Manga Cin\u00e9","description":"Kaufen Sie schnell! Ihren Assassin's Creed Assassin's Creed Altair Schwertdolch zum besten Preis. Klinge aus Stahl - Scheide - Gesamtl\u00e4nge: 60 cm - Versand 24\/48h","robots":{"index":"index","follow":"follow","max-snippet":"max-snippet:-1","max-image-preview":"max-image-preview:large","max-video-preview":"max-video-preview:-1"},"canonical":"https:\/\/repliquemangacine.fr\/de\/waffen-assassins-creed\/dolch-schwert-von-altair-assassin-s-creed\/","og_locale":"de_DE","og_type":"article","og_title":"Dague \u00e9p\u00e9e d'Alta\u00efr - Assassin's Creed - R\u00e9plique Manga Cin\u00e9","og_description":"Achetez vite ! votre Dague \u00e9p\u00e9e d'Alta\u00efr Assassin's Creed au meilleur prix. Lame en acier - Fourreau - Longueur totale : 60 cm - Envoi 24\/48h","og_url":"https:\/\/repliquemangacine.fr\/de\/waffen-assassins-creed\/dolch-schwert-von-altair-assassin-s-creed\/","og_site_name":"R\u00e9plique Manga Cin\u00e9","article_publisher":"https:\/\/www.facebook.com\/RepliqueMangaCine","article_modified_time":"2026-03-15T21:38:22+00:00","og_image":[{"width":800,"height":800,"url":"https:\/\/repliquemangacine.fr\/wp-content\/uploads\/2023\/10\/204-Replique-Dague-epee-dAltair-Assassins-Creed.jpg","type":"image\/jpeg"}],"twitter_card":"summary_large_image","twitter_misc":{"Gesch\u00e4tzte Lesezeit":"2\u00a0Minuten"},"schema":{"@context":"https:\/\/schema.org","@graph":[{"@type":"WebPage","@id":"https:\/\/repliquemangacine.fr\/armes-assassins-creed\/dague-epee-d-altair-assassin-s-creed\/","url":"https:\/\/repliquemangacine.fr\/armes-assassins-creed\/dague-epee-d-altair-assassin-s-creed\/","name":"Alta\u00efrs Schwertdolch - Assassin's Creed - R\u00e9plique Manga Cin\u00e9","isPartOf":{"@id":"https:\/\/repliquemangacine.fr\/#website"},"primaryImageOfPage":{"@id":"https:\/\/repliquemangacine.fr\/armes-assassins-creed\/dague-epee-d-altair-assassin-s-creed\/#primaryimage"},"image":{"@id":"https:\/\/repliquemangacine.fr\/armes-assassins-creed\/dague-epee-d-altair-assassin-s-creed\/#primaryimage"},"thumbnailUrl":"https:\/\/repliquemangacine.fr\/wp-content\/uploads\/2023\/10\/204-Replique-Dague-epee-dAltair-Assassins-Creed.jpg","datePublished":"2016-08-29T15:38:46+00:00","dateModified":"2026-03-15T21:38:22+00:00","description":"Kaufen Sie schnell! Ihren Assassin's Creed Assassin's Creed Altair Schwertdolch zum besten Preis. Klinge aus Stahl - Scheide - Gesamtl\u00e4nge: 60 cm - Versand 24\/48h","breadcrumb":{"@id":"https:\/\/repliquemangacine.fr\/armes-assassins-creed\/dague-epee-d-altair-assassin-s-creed\/#breadcrumb"},"inLanguage":"de","potentialAction":[{"@type":"ReadAction","target":["https:\/\/repliquemangacine.fr\/armes-assassins-creed\/dague-epee-d-altair-assassin-s-creed\/"]}]},{"@type":"ImageObject","inLanguage":"de","@id":"https:\/\/repliquemangacine.fr\/armes-assassins-creed\/dague-epee-d-altair-assassin-s-creed\/#primaryimage","url":"https:\/\/repliquemangacine.fr\/wp-content\/uploads\/2023\/10\/204-Replique-Dague-epee-dAltair-Assassins-Creed.jpg","contentUrl":"https:\/\/repliquemangacine.fr\/wp-content\/uploads\/2023\/10\/204-Replique-Dague-epee-dAltair-Assassins-Creed.jpg","width":800,"height":800,"caption":"R\u00e9plique Dague Ep\u00e9e d'Alta\u00efr- Assassin's Creed"},{"@type":"BreadcrumbList","@id":"https:\/\/repliquemangacine.fr\/armes-assassins-creed\/dague-epee-d-altair-assassin-s-creed\/#breadcrumb","itemListElement":[{"@type":"ListItem","position":1,"name":"Accueil","item":"https:\/\/repliquemangacine.fr\/"},{"@type":"ListItem","position":2,"name":"Produits","item":"https:\/\/repliquemangacine.fr\/boutique\/"},{"@type":"ListItem","position":3,"name":"Dague \u00e9p\u00e9e d&#8217;Alta\u00efr Assassin&#8217;s Creed"}]},{"@type":"WebSite","@id":"https:\/\/repliquemangacine.fr\/#website","url":"https:\/\/repliquemangacine.fr\/","name":"R\u00e9plique Manga Cin\u00e9","description":"","publisher":{"@id":"https:\/\/repliquemangacine.fr\/#organization"},"potentialAction":[{"@type":"SearchAction","target":{"@type":"EntryPoint","urlTemplate":"https:\/\/repliquemangacine.fr\/?s={search_term_string}"},"query-input":{"@type":"PropertyValueSpecification","valueRequired":true,"valueName":"search_term_string"}}],"inLanguage":"de"},{"@type":"Organization","@id":"https:\/\/repliquemangacine.fr\/#organization","name":"R\u00e9plique Manga Cin\u00e9","url":"https:\/\/repliquemangacine.fr\/","logo":{"@type":"ImageObject","inLanguage":"de","@id":"https:\/\/repliquemangacine.fr\/#\/schema\/logo\/image\/","url":"https:\/\/repliquemangacine.fr\/wp-content\/uploads\/2023\/10\/RMC-500250.png","contentUrl":"https:\/\/repliquemangacine.fr\/wp-content\/uploads\/2023\/10\/RMC-500250.png","width":500,"height":250,"caption":"R\u00e9plique Manga Cin\u00e9"},"image":{"@id":"https:\/\/repliquemangacine.fr\/#\/schema\/logo\/image\/"},"sameAs":["https:\/\/www.facebook.com\/RepliqueMangaCine","https:\/\/www.instagram.com\/repliquemangacine.fr\/"]}]}},"_links":{"self":[{"href":"https:\/\/repliquemangacine.fr\/de\/wp-json\/wp\/v2\/product\/25409","targetHints":{"allow":["GET"]}}],"collection":[{"href":"https:\/\/repliquemangacine.fr\/de\/wp-json\/wp\/v2\/product"}],"about":[{"href":"https:\/\/repliquemangacine.fr\/de\/wp-json\/wp\/v2\/types\/product"}],"wp:featuredmedia":[{"embeddable":true,"href":"https:\/\/repliquemangacine.fr\/de\/wp-json\/wp\/v2\/media\/25410"}],"wp:attachment":[{"href":"https:\/\/repliquemangacine.fr\/de\/wp-json\/wp\/v2\/media?parent=25409"}],"wp:term":[{"taxonomy":"product_brand","embeddable":true,"href":"https:\/\/repliquemangacine.fr\/de\/wp-json\/wp\/v2\/product_brand?post=25409"},{"taxonomy":"product_cat","embeddable":true,"href":"https:\/\/repliquemangacine.fr\/de\/wp-json\/wp\/v2\/product_cat?post=25409"},{"taxonomy":"product_tag","embeddable":true,"href":"https:\/\/repliquemangacine.fr\/de\/wp-json\/wp\/v2\/product_tag?post=25409"}],"curies":[{"name":"wp","href":"https:\/\/api.w.org\/{rel}","templated":true}]}}