





{"id":25400,"date":"2016-08-28T15:43:01","date_gmt":"2016-08-28T13:43:01","guid":{"rendered":"https:\/\/repliquemangacine.fr\/?post_type=product&#038;p=25400"},"modified":"2026-02-20T17:16:42","modified_gmt":"2026-02-20T16:16:42","slug":"groses-naruto-kunai","status":"publish","type":"product","link":"https:\/\/repliquemangacine.fr\/de\/kunai-et-shuriken-naruto\/grand-kunai-naruto\/","title":{"rendered":"Gro\u00dfes Kunai Naruto"},"content":{"rendered":"<h2>Gro\u00dfes Kunai Naruto ganz aus Metall<\/h2>\n<p>Die <strong>Gro\u00dfes Kunai Naruto<\/strong> ist entscheidend, um Ihre Sammlung zu erweitern.<\/p>\n<p>Zun\u00e4chst einmal das Kunai, eine Stichwaffe, die fr\u00fcher von Ninjas (in Naruto als Shinobi bezeichnet) verwendet wurde und als Wurfwaffe dienen kann. Diese Ninja-Waffe hat eine spitze Spitze, die wie ein Messer geformt ist. Sie ist durchschnittlich lang und etwa so gro\u00df wie eine Hand.<\/p>\n<p><a href=\"https:\/\/naruto.fandom.com\/fr\/wiki\/Shurikenjutsu\" target=\"_blank\" rel=\"noopener noreferrer\">Das Shurikenjutsu<\/a> (Bedeutet: Techniken mit dem versteckten Schwert in der Hand), eine Kampfkunst, die sich auf Techniken bezieht, die das Werfen von Shuriken, Kunai, Senbon oder anderen blanken Wurfwaffen, wie z. B. Ninjasterne, beinhalten.<\/p>\n<p>In Naruto gibt es verschiedene Arten von Kunai, wie zum Beispiel:<\/p>\n<ul>\n<li>Der von Minato Namikaze, der mit <a href=\"https:\/\/repliquemangacine.fr\/de\/katana-goodies-naruto-kunai\/kunai-yondaime-minato-namikaze\/\">dreiklingender Kunai<\/a> was ihm den Spitznamen \"Gelber Blitz von Konoha\" einbrachte<\/li>\n<li>Sowie Kabuto, der eine ringlose Wurfwaffe benutzt, um ein Mitglied der Anbu zu t\u00f6ten.<\/li>\n<\/ul>\n<h2>Gro\u00dfes Kunai Naruto g\u00fcnstig<\/h2>\n<p>R\u00e9plique Manga Cin\u00e9 bietet Ihnen eine gro\u00dfe Auswahl an Kunai zum besten Preis, wie zum Beispiel:<\/p>\n<ul>\n<li>Der Satz von <a href=\"https:\/\/repliquemangacine.fr\/de\/katana-goodies-naruto-kunai\/3-kunai-naruto\/\">drei Kunai mit Gravur<\/a> des Naruto-Emblems.<\/li>\n<li>Sowie das <a href=\"https:\/\/repliquemangacine.fr\/de\/naruto\/kunai-yondaime-minato-namikaze\/\">Minatos Kunai<\/a>Das Siegel ist mit drei Spitzen und einer Gravur versehen.<\/li>\n<li>Es gibt auch das Konoha-Stirnband mit Symbol.<\/li>\n<li>Und noch viel mehr gibt es in unserem Online-Shop zu entdecken!<\/li>\n<\/ul>\n<p>Deshalb ist dies eine tolle Geschenkidee f\u00fcr alle Naruto-Fans.<strong><br \/>\n<\/strong><\/p>\n<p>Zusammenfassend l\u00e4sst sich sagen, dass Sie dieses Gro\u00dfe Kunai f\u00fcr Ihre Cosplay-Paraden oder Themenpartys verwenden k\u00f6nnen.<\/p>\n<h2>Hier finden Sie unsere neuesten Naruto-Neuheiten zum besten Preis.<\/h2>\n<p>Immer auf der Suche nach Neuem, bieten wir Ihnen :<\/p>\n<ul>\n<li>Der gro\u00dfartige <a href=\"https:\/\/repliquemangacine.fr\/de\/katana-goodies-naruto-kunai\/3-kunai-naruto\/\">Naruto-Box<\/a> und seinen 28 R\u00e4umen, in denen Sie ein Konoha-Stirnband, ein <strong>gro\u00dfes Kunai Naruto<\/strong><\/li>\n<li>Die <a href=\"https:\/\/repliquemangacine.fr\/de\/katana-goodies-naruto-kunai\/katana-boruto-sasuke-naruto\/\">Borutos Katana<\/a> den Sasuke in Naruto Next Generations benutzt, um Boruto den Umgang mit ihm zu lehren.<\/li>\n<\/ul>\n<p>Dar\u00fcber hinaus freuen wir uns, Ihnen in K\u00fcrze Wandrollbilder, Tassen und Figuren anbieten zu k\u00f6nnen.<\/p>\n<p>R\u00e9plique Manga Cin\u00e9 ist ein franz\u00f6sisches Familienunternehmen.<\/p>\n<p><strong>Wir m\u00f6chten Sie darauf hinweisen, dass alle unsere Repliken Sammler- und Dekorationsobjekte sind. Sie k\u00f6nnen sie f\u00fcr Ihre Cosplay-Paraden oder f\u00fcr Ihre Innendekoration verwenden. Daher ist es nicht m\u00f6glich, sich mit den Repliken an \u00f6ffentlichen Orten aufzuhalten.<\/strong><\/p>\n<p>&nbsp;<\/p>","protected":false},"excerpt":{"rendered":"<p>Man sieht sie sehr oft mit den Figuren in Naruto, die die Technik des Shuriken-Jutsu (Verstecktes Schwert in der Hand) \u00fcben, die das Werfen von Kunai beinhaltet.<\/p>\n<ul>\n<li>Aus Metall in einem St\u00fcck gefertigt.<\/li>\n<li>Ein Baumwollfaden umgibt den Griff, damit er gut in der Hand liegt.<\/li>\n<li>Die Spitze des Kunais ist zur Sicherheit stumpf.<\/li>\n<li>Nicht scharfkantig.<\/li>\n<li>Gesamtl\u00e4nge: 24.5cm<\/li>\n<\/ul>","protected":false},"featured_media":25401,"template":"","meta":[],"product_brand":[896],"product_cat":[108],"product_tag":[],"class_list":{"0":"post-25400","1":"product","2":"type-product","3":"status-publish","4":"has-post-thumbnail","6":"product_brand-replique-manga-cine","7":"product_cat-kunai-et-shuriken-naruto","9":"first","10":"instock","11":"taxable","12":"shipping-taxable","13":"purchasable","14":"product-type-simple"},"yoast_head":"<!-- This site is optimized with the Yoast SEO plugin v27.5 - https:\/\/yoast.com\/product\/yoast-seo-wordpress\/ -->\n<title>Grand Kuna\u00ef Naruto - Shuriken Naruto | R\u00e9plique Manga Cin\u00e9<\/title>\n<meta name=\"description\" content=\"Achetez vite ! Ce Grand Kuna\u00ef Naruto m\u00e9tal en grand mod\u00e8le au meilleur prix. Pointe \u00e9mouss\u00e9e. Paiement s\u00e9curis\u00e9 - Envoi 24\/48h -\" \/>\n<meta name=\"robots\" content=\"index, follow, max-snippet:-1, max-image-preview:large, max-video-preview:-1\" \/>\n<link rel=\"canonical\" href=\"https:\/\/repliquemangacine.fr\/de\/kunai-und-shuriken-naruto\/groses-naruto-kunai\/\" \/>\n<meta property=\"og:locale\" content=\"de_DE\" \/>\n<meta property=\"og:type\" content=\"article\" \/>\n<meta property=\"og:title\" content=\"Grand Kuna\u00ef Naruto - Shuriken Naruto | R\u00e9plique Manga Cin\u00e9\" \/>\n<meta property=\"og:description\" content=\"Achetez vite ! Ce Grand Kuna\u00ef Naruto m\u00e9tal en grand mod\u00e8le au meilleur prix. Pointe \u00e9mouss\u00e9e. Paiement s\u00e9curis\u00e9 - Envoi 24\/48h -\" \/>\n<meta property=\"og:url\" content=\"https:\/\/repliquemangacine.fr\/de\/kunai-und-shuriken-naruto\/groses-naruto-kunai\/\" \/>\n<meta property=\"og:site_name\" content=\"R\u00e9plique Manga Cin\u00e9\" \/>\n<meta property=\"article:publisher\" content=\"https:\/\/www.facebook.com\/RepliqueMangaCine\" \/>\n<meta property=\"article:modified_time\" content=\"2026-02-20T16:16:42+00:00\" \/>\n<meta property=\"og:image\" content=\"https:\/\/repliquemangacine.fr\/wp-content\/uploads\/2023\/10\/198-Kunai-metal-Naruto.jpg\" \/>\n\t<meta property=\"og:image:width\" content=\"800\" \/>\n\t<meta property=\"og:image:height\" content=\"800\" \/>\n\t<meta property=\"og:image:type\" content=\"image\/jpeg\" \/>\n<meta name=\"twitter:card\" content=\"summary_large_image\" \/>\n<meta name=\"twitter:label1\" content=\"Gesch\u00e4tzte Lesezeit\" \/>\n\t<meta name=\"twitter:data1\" content=\"2\u00a0Minuten\" \/>\n<script type=\"application\/ld+json\" class=\"yoast-schema-graph\">{\"@context\":\"https:\\\/\\\/schema.org\",\"@graph\":[{\"@type\":\"WebPage\",\"@id\":\"https:\\\/\\\/repliquemangacine.fr\\\/kunai-et-shuriken-naruto\\\/grand-kunai-naruto\\\/\",\"url\":\"https:\\\/\\\/repliquemangacine.fr\\\/kunai-et-shuriken-naruto\\\/grand-kunai-naruto\\\/\",\"name\":\"Grand Kuna\u00ef Naruto - Shuriken Naruto | R\u00e9plique Manga Cin\u00e9\",\"isPartOf\":{\"@id\":\"https:\\\/\\\/repliquemangacine.fr\\\/#website\"},\"primaryImageOfPage\":{\"@id\":\"https:\\\/\\\/repliquemangacine.fr\\\/kunai-et-shuriken-naruto\\\/grand-kunai-naruto\\\/#primaryimage\"},\"image\":{\"@id\":\"https:\\\/\\\/repliquemangacine.fr\\\/kunai-et-shuriken-naruto\\\/grand-kunai-naruto\\\/#primaryimage\"},\"thumbnailUrl\":\"https:\\\/\\\/repliquemangacine.fr\\\/wp-content\\\/uploads\\\/2023\\\/10\\\/198-Kunai-metal-Naruto.jpg\",\"datePublished\":\"2016-08-28T13:43:01+00:00\",\"dateModified\":\"2026-02-20T16:16:42+00:00\",\"description\":\"Achetez vite ! Ce Grand Kuna\u00ef Naruto m\u00e9tal en grand mod\u00e8le au meilleur prix. Pointe \u00e9mouss\u00e9e. Paiement s\u00e9curis\u00e9 - Envoi 24\\\/48h -\",\"breadcrumb\":{\"@id\":\"https:\\\/\\\/repliquemangacine.fr\\\/kunai-et-shuriken-naruto\\\/grand-kunai-naruto\\\/#breadcrumb\"},\"inLanguage\":\"de\",\"potentialAction\":[{\"@type\":\"ReadAction\",\"target\":[\"https:\\\/\\\/repliquemangacine.fr\\\/kunai-et-shuriken-naruto\\\/grand-kunai-naruto\\\/\"]}]},{\"@type\":\"ImageObject\",\"inLanguage\":\"de\",\"@id\":\"https:\\\/\\\/repliquemangacine.fr\\\/kunai-et-shuriken-naruto\\\/grand-kunai-naruto\\\/#primaryimage\",\"url\":\"https:\\\/\\\/repliquemangacine.fr\\\/wp-content\\\/uploads\\\/2023\\\/10\\\/198-Kunai-metal-Naruto.jpg\",\"contentUrl\":\"https:\\\/\\\/repliquemangacine.fr\\\/wp-content\\\/uploads\\\/2023\\\/10\\\/198-Kunai-metal-Naruto.jpg\",\"width\":800,\"height\":800,\"caption\":\"Kuna\u00ef m\u00e9tal - Naruto\"},{\"@type\":\"BreadcrumbList\",\"@id\":\"https:\\\/\\\/repliquemangacine.fr\\\/kunai-et-shuriken-naruto\\\/grand-kunai-naruto\\\/#breadcrumb\",\"itemListElement\":[{\"@type\":\"ListItem\",\"position\":1,\"name\":\"Accueil\",\"item\":\"https:\\\/\\\/repliquemangacine.fr\\\/\"},{\"@type\":\"ListItem\",\"position\":2,\"name\":\"Produits\",\"item\":\"https:\\\/\\\/repliquemangacine.fr\\\/boutique\\\/\"},{\"@type\":\"ListItem\",\"position\":3,\"name\":\"Grand Kuna\u00ef Naruto\"}]},{\"@type\":\"WebSite\",\"@id\":\"https:\\\/\\\/repliquemangacine.fr\\\/#website\",\"url\":\"https:\\\/\\\/repliquemangacine.fr\\\/\",\"name\":\"R\u00e9plique Manga Cin\u00e9\",\"description\":\"\",\"publisher\":{\"@id\":\"https:\\\/\\\/repliquemangacine.fr\\\/#organization\"},\"potentialAction\":[{\"@type\":\"SearchAction\",\"target\":{\"@type\":\"EntryPoint\",\"urlTemplate\":\"https:\\\/\\\/repliquemangacine.fr\\\/?s={search_term_string}\"},\"query-input\":{\"@type\":\"PropertyValueSpecification\",\"valueRequired\":true,\"valueName\":\"search_term_string\"}}],\"inLanguage\":\"de\"},{\"@type\":\"Organization\",\"@id\":\"https:\\\/\\\/repliquemangacine.fr\\\/#organization\",\"name\":\"R\u00e9plique Manga Cin\u00e9\",\"url\":\"https:\\\/\\\/repliquemangacine.fr\\\/\",\"logo\":{\"@type\":\"ImageObject\",\"inLanguage\":\"de\",\"@id\":\"https:\\\/\\\/repliquemangacine.fr\\\/#\\\/schema\\\/logo\\\/image\\\/\",\"url\":\"https:\\\/\\\/repliquemangacine.fr\\\/wp-content\\\/uploads\\\/2023\\\/10\\\/RMC-500250.png\",\"contentUrl\":\"https:\\\/\\\/repliquemangacine.fr\\\/wp-content\\\/uploads\\\/2023\\\/10\\\/RMC-500250.png\",\"width\":500,\"height\":250,\"caption\":\"R\u00e9plique Manga Cin\u00e9\"},\"image\":{\"@id\":\"https:\\\/\\\/repliquemangacine.fr\\\/#\\\/schema\\\/logo\\\/image\\\/\"},\"sameAs\":[\"https:\\\/\\\/www.facebook.com\\\/RepliqueMangaCine\",\"https:\\\/\\\/www.instagram.com\\\/repliquemangacine.fr\\\/\"]}]}<\/script>\n<!-- \/ Yoast SEO plugin. -->","yoast_head_json":{"title":"Gro\u00dfes Naruto Kunai - Shuriken Naruto | R\u00e9plique Manga Cin\u00e9","description":"Kaufen Sie schnell! Dieses gro\u00dfe Naruto Metall Kunai in gro\u00dfer Ausf\u00fchrung zum besten Preis. Die Spitze ist stumpf. Sichere Zahlung - Versand 24\/48h -.","robots":{"index":"index","follow":"follow","max-snippet":"max-snippet:-1","max-image-preview":"max-image-preview:large","max-video-preview":"max-video-preview:-1"},"canonical":"https:\/\/repliquemangacine.fr\/de\/kunai-und-shuriken-naruto\/groses-naruto-kunai\/","og_locale":"de_DE","og_type":"article","og_title":"Grand Kuna\u00ef Naruto - Shuriken Naruto | R\u00e9plique Manga Cin\u00e9","og_description":"Achetez vite ! Ce Grand Kuna\u00ef Naruto m\u00e9tal en grand mod\u00e8le au meilleur prix. Pointe \u00e9mouss\u00e9e. Paiement s\u00e9curis\u00e9 - Envoi 24\/48h -","og_url":"https:\/\/repliquemangacine.fr\/de\/kunai-und-shuriken-naruto\/groses-naruto-kunai\/","og_site_name":"R\u00e9plique Manga Cin\u00e9","article_publisher":"https:\/\/www.facebook.com\/RepliqueMangaCine","article_modified_time":"2026-02-20T16:16:42+00:00","og_image":[{"width":800,"height":800,"url":"https:\/\/repliquemangacine.fr\/wp-content\/uploads\/2023\/10\/198-Kunai-metal-Naruto.jpg","type":"image\/jpeg"}],"twitter_card":"summary_large_image","twitter_misc":{"Gesch\u00e4tzte Lesezeit":"2\u00a0Minuten"},"schema":{"@context":"https:\/\/schema.org","@graph":[{"@type":"WebPage","@id":"https:\/\/repliquemangacine.fr\/kunai-et-shuriken-naruto\/grand-kunai-naruto\/","url":"https:\/\/repliquemangacine.fr\/kunai-et-shuriken-naruto\/grand-kunai-naruto\/","name":"Gro\u00dfes Naruto Kunai - Shuriken Naruto | R\u00e9plique Manga Cin\u00e9","isPartOf":{"@id":"https:\/\/repliquemangacine.fr\/#website"},"primaryImageOfPage":{"@id":"https:\/\/repliquemangacine.fr\/kunai-et-shuriken-naruto\/grand-kunai-naruto\/#primaryimage"},"image":{"@id":"https:\/\/repliquemangacine.fr\/kunai-et-shuriken-naruto\/grand-kunai-naruto\/#primaryimage"},"thumbnailUrl":"https:\/\/repliquemangacine.fr\/wp-content\/uploads\/2023\/10\/198-Kunai-metal-Naruto.jpg","datePublished":"2016-08-28T13:43:01+00:00","dateModified":"2026-02-20T16:16:42+00:00","description":"Kaufen Sie schnell! Dieses gro\u00dfe Naruto Metall Kunai in gro\u00dfer Ausf\u00fchrung zum besten Preis. Die Spitze ist stumpf. Sichere Zahlung - Versand 24\/48h -.","breadcrumb":{"@id":"https:\/\/repliquemangacine.fr\/kunai-et-shuriken-naruto\/grand-kunai-naruto\/#breadcrumb"},"inLanguage":"de","potentialAction":[{"@type":"ReadAction","target":["https:\/\/repliquemangacine.fr\/kunai-et-shuriken-naruto\/grand-kunai-naruto\/"]}]},{"@type":"ImageObject","inLanguage":"de","@id":"https:\/\/repliquemangacine.fr\/kunai-et-shuriken-naruto\/grand-kunai-naruto\/#primaryimage","url":"https:\/\/repliquemangacine.fr\/wp-content\/uploads\/2023\/10\/198-Kunai-metal-Naruto.jpg","contentUrl":"https:\/\/repliquemangacine.fr\/wp-content\/uploads\/2023\/10\/198-Kunai-metal-Naruto.jpg","width":800,"height":800,"caption":"Kuna\u00ef m\u00e9tal - Naruto"},{"@type":"BreadcrumbList","@id":"https:\/\/repliquemangacine.fr\/kunai-et-shuriken-naruto\/grand-kunai-naruto\/#breadcrumb","itemListElement":[{"@type":"ListItem","position":1,"name":"Accueil","item":"https:\/\/repliquemangacine.fr\/"},{"@type":"ListItem","position":2,"name":"Produits","item":"https:\/\/repliquemangacine.fr\/boutique\/"},{"@type":"ListItem","position":3,"name":"Grand Kuna\u00ef Naruto"}]},{"@type":"WebSite","@id":"https:\/\/repliquemangacine.fr\/#website","url":"https:\/\/repliquemangacine.fr\/","name":"R\u00e9plique Manga Cin\u00e9","description":"","publisher":{"@id":"https:\/\/repliquemangacine.fr\/#organization"},"potentialAction":[{"@type":"SearchAction","target":{"@type":"EntryPoint","urlTemplate":"https:\/\/repliquemangacine.fr\/?s={search_term_string}"},"query-input":{"@type":"PropertyValueSpecification","valueRequired":true,"valueName":"search_term_string"}}],"inLanguage":"de"},{"@type":"Organization","@id":"https:\/\/repliquemangacine.fr\/#organization","name":"R\u00e9plique Manga Cin\u00e9","url":"https:\/\/repliquemangacine.fr\/","logo":{"@type":"ImageObject","inLanguage":"de","@id":"https:\/\/repliquemangacine.fr\/#\/schema\/logo\/image\/","url":"https:\/\/repliquemangacine.fr\/wp-content\/uploads\/2023\/10\/RMC-500250.png","contentUrl":"https:\/\/repliquemangacine.fr\/wp-content\/uploads\/2023\/10\/RMC-500250.png","width":500,"height":250,"caption":"R\u00e9plique Manga Cin\u00e9"},"image":{"@id":"https:\/\/repliquemangacine.fr\/#\/schema\/logo\/image\/"},"sameAs":["https:\/\/www.facebook.com\/RepliqueMangaCine","https:\/\/www.instagram.com\/repliquemangacine.fr\/"]}]}},"_links":{"self":[{"href":"https:\/\/repliquemangacine.fr\/de\/wp-json\/wp\/v2\/product\/25400","targetHints":{"allow":["GET"]}}],"collection":[{"href":"https:\/\/repliquemangacine.fr\/de\/wp-json\/wp\/v2\/product"}],"about":[{"href":"https:\/\/repliquemangacine.fr\/de\/wp-json\/wp\/v2\/types\/product"}],"wp:featuredmedia":[{"embeddable":true,"href":"https:\/\/repliquemangacine.fr\/de\/wp-json\/wp\/v2\/media\/25401"}],"wp:attachment":[{"href":"https:\/\/repliquemangacine.fr\/de\/wp-json\/wp\/v2\/media?parent=25400"}],"wp:term":[{"taxonomy":"product_brand","embeddable":true,"href":"https:\/\/repliquemangacine.fr\/de\/wp-json\/wp\/v2\/product_brand?post=25400"},{"taxonomy":"product_cat","embeddable":true,"href":"https:\/\/repliquemangacine.fr\/de\/wp-json\/wp\/v2\/product_cat?post=25400"},{"taxonomy":"product_tag","embeddable":true,"href":"https:\/\/repliquemangacine.fr\/de\/wp-json\/wp\/v2\/product_tag?post=25400"}],"curies":[{"name":"wp","href":"https:\/\/api.w.org\/{rel}","templated":true}]}}