





{"id":25394,"date":"2016-08-27T23:17:08","date_gmt":"2016-08-27T21:17:08","guid":{"rendered":"https:\/\/repliquemangacine.fr\/?post_type=product&#038;p=25394"},"modified":"2025-12-12T19:55:36","modified_gmt":"2025-12-12T18:55:36","slug":"schwert-von-zabuza-schwert-kubikiribocho","status":"publish","type":"product","link":"https:\/\/repliquemangacine.fr\/de\/katana-naruto\/epee-de-zabuza-epee-kubikiribocho\/","title":{"rendered":"Naruto Zabuza-Schwert"},"content":{"rendered":"<h2>Zabuza-Schwert Kubikirib\u00f4ch\u00f4 Naruto<\/h2>\n<p>Zu Beginn wird die<strong>Schwert von Zabuza<\/strong> hei\u00dft Kubikirib\u00f4ch\u00f4 und sieht aus wie ein gro\u00dfes, riesiges Fleischerbeil. Kubikirib\u00f4ch\u00f4 hat eine besondere Eigenschaft, die daf\u00fcr sorgt, dass es nie einschneidet oder splittert: Es regeneriert sich, indem es das Eisen aus dem Blut seiner Opfer aufnimmt.<\/p>\n<p><a href=\"https:\/\/naruto.fandom.com\/fr\/wiki\/Zabuza_Momochi\" target=\"_blank\" rel=\"noopener noreferrer\">Zabuza,<\/a> Ninja, der sich auf lautlose Mordtechniken spezialisiert hat. Er erzeugt Nebel, um sich zu verstecken. Au\u00dferdem ist er ein Meister des Taijutsu, das er mit Kenjutsu-Techniken kombiniert. Zabuza ist \u00fcbrigens einer der Sieben Schwertk\u00e4mpfer des Nebels, einer Gruppe legend\u00e4rer Schwertk\u00e4mpfer aus Kiri.<\/p>\n<p>In Verbindung mit der Kraft seines Benutzers wird dieses Schwert zu einem der m\u00e4chtigsten Schwerter, die je gesehen wurden. Wenn Wuros Kubikirib\u00f4ch\u00f4 zieht, kann er den Boden zerst\u00f6ren, ohne ihn \u00fcberhaupt zu ber\u00fchren.<\/p>\n<h2>Ihr Zabuza-Schwert Kubikirib\u00f4ch\u00f4 zum besten Preis.<\/h2>\n<p>Wir bieten Ihnen eine gro\u00dfe Auswahl an Nachbildungen von Katanas und Schwertern aus dem Anime-Manga Naruto.<\/p>\n<p>Zun\u00e4chst einmal,<\/p>\n<ul>\n<li>Die <a href=\"https:\/\/repliquemangacine.fr\/de\/naruto-katana\/schwert-kusanagi-sasuke-naruto\/\">Sasukes Katana<\/a>Das Kusanagi-Schwert in der Manga-Version, aber auch in der Anime-Version.<\/li>\n<li>Es gibt auch den <a href=\"https:\/\/repliquemangacine.fr\/de\/naruto\/groses-naruto-kunai\/\">Gro\u00dfer Kunai aus Metall<\/a><\/li>\n<li>Sowie das <a href=\"https:\/\/repliquemangacine.fr\/de\/naruto-katana\/katana-boruto-sasuke-naruto\/\">Borutos Katana<\/a> den Sasuke benutzt, um ihm den Umgang damit beizubringen.<\/li>\n<li>Und noch viel mehr gibt es in unserem Online-Shop zu entdecken!<\/li>\n<\/ul>\n<p>Deshalb ist dies eine tolle Geschenkidee f\u00fcr alle Naruto-Fans.<\/p>\n<p>Abschlie\u00dfend k\u00f6nnen Sie den<strong>Schwert von Zabuza<\/strong> in Naruto f\u00fcr Ihre Cosplay-Paraden sowie Ihre Themenabende. Vor allem aber ist es eine Replik f\u00fcr Sammler und Dekorationszwecke.<\/p>\n<h2>Wie pflegt man die Klinge seines Naruto Katanas?<\/h2>\n<p>Katanas f\u00fcr Sammlungen und Dekorationen werden auf vereinfachte Weise hergestellt und zusammengebaut. Da sie zu Dekorationszwecken verwendet werden, fehlen ihnen die Sicherheitsmerkmale, die ein japanisches Schwert f\u00fcr Trainingszwecke aufweisen muss.<\/p>\n<p>Allerdings ist Ihr <strong>Schwert von Zabuza Kibikirib\u00f4ch\u00f4<\/strong> zu einer Stahlklinge, die gepflegt werden muss, damit sie nicht mit der Zeit abgenutzt wird. Denn wenn du dein Katana ausstellst, werden deine Freunde neugierig sein, die Klinge zu sehen und sie zu ber\u00fchren. Hier ist Vorsicht geboten, denn Sie sollten wissen, dass die S\u00e4ure der Finger dem Stahl unabh\u00e4ngig von seiner Qualit\u00e4t sehr schadet.<\/p>\n<p>Wenn dies jedoch passiert, keine Panik, Sie brauchen nur ein Tuch, das mit etwas \u00d6l befeuchtet ist, und wischen die Fingerabdr\u00fccke ab. Wenn Sie dies tun, werden Sie Ihr Schwert sehr lange behalten.<\/p>","protected":false},"excerpt":{"rendered":"<p>Das Schwert Kubikirib\u00f4ch\u00f4 von\u00a0<span class=\"PBLongTxt\">Zabuza Momochi<\/span> sieht aus wie ein riesiges Fleischermesser.<\/p>\n<ul>\n<li>Nicht scharfe Stahlklinge.<\/li>\n<li>Am Ende durchbohrt und weist einen Bogen in der N\u00e4he des Knaufs auf.<\/li>\n<li>Metallgriff, der auf halber H\u00f6he mit einem Baumwollfaden umwickelt ist, damit er gut in der Hand liegt.<\/li>\n<li>Wird mit Transportscheide geliefert.<\/li>\n<li>Gewicht: 2,250kg -L\u00e4nge der Klinge: 65cm -Breite der Klinge: 10,5cm -Gesamtl\u00e4nge: 94cm<\/li>\n<\/ul>\n<p>&nbsp;<\/p>","protected":false},"featured_media":25395,"template":"","meta":[],"product_brand":[896],"product_cat":[109],"product_tag":[],"class_list":{"0":"post-25394","1":"product","2":"type-product","3":"status-publish","4":"has-post-thumbnail","6":"product_brand-replique-manga-cine","7":"product_cat-katana-naruto","9":"first","10":"outofstock","11":"taxable","12":"shipping-taxable","13":"purchasable","14":"product-type-simple"},"yoast_head":"<!-- This site is optimized with the Yoast SEO plugin v27.4 - https:\/\/yoast.com\/product\/yoast-seo-wordpress\/ -->\n<title>\u00c9p\u00e9e de Zabuza Kubikirib\u00f4ch\u00f4 Naruto - Boutique en ligne | RMC<\/title>\n<meta name=\"description\" content=\"Commandez vite ! La r\u00e9plique de l&#039;\u00e9p\u00e9e de Zabuza kubikirib\u00f4ch\u00f4 dans Naruto au meilleur prix. Lame en acier - Longueur totale : 94 cm - Envoi 24\/48h\" \/>\n<meta name=\"robots\" content=\"index, follow, max-snippet:-1, max-image-preview:large, max-video-preview:-1\" \/>\n<link rel=\"canonical\" href=\"https:\/\/repliquemangacine.fr\/de\/naruto-katana\/schwert-von-zabuza-schwert-kubikiribocho\/\" \/>\n<meta property=\"og:locale\" content=\"de_DE\" \/>\n<meta property=\"og:type\" content=\"article\" \/>\n<meta property=\"og:title\" content=\"\u00c9p\u00e9e de Zabuza Kubikirib\u00f4ch\u00f4 Naruto - Boutique en ligne | RMC\" \/>\n<meta property=\"og:description\" content=\"Commandez vite ! La r\u00e9plique de l&#039;\u00e9p\u00e9e de Zabuza kubikirib\u00f4ch\u00f4 dans Naruto au meilleur prix. Lame en acier - Longueur totale : 94 cm - Envoi 24\/48h\" \/>\n<meta property=\"og:url\" content=\"https:\/\/repliquemangacine.fr\/de\/naruto-katana\/schwert-von-zabuza-schwert-kubikiribocho\/\" \/>\n<meta property=\"og:site_name\" content=\"R\u00e9plique Manga Cin\u00e9\" \/>\n<meta property=\"article:publisher\" content=\"https:\/\/www.facebook.com\/RepliqueMangaCine\" \/>\n<meta property=\"article:modified_time\" content=\"2025-12-12T18:55:36+00:00\" \/>\n<meta property=\"og:image\" content=\"https:\/\/repliquemangacine.fr\/wp-content\/uploads\/2023\/10\/193-Epee-de-Zabuza-epee-Naruto.jpg\" \/>\n\t<meta property=\"og:image:width\" content=\"800\" \/>\n\t<meta property=\"og:image:height\" content=\"800\" \/>\n\t<meta property=\"og:image:type\" content=\"image\/jpeg\" \/>\n<meta name=\"twitter:card\" content=\"summary_large_image\" \/>\n<meta name=\"twitter:label1\" content=\"Gesch\u00e4tzte Lesezeit\" \/>\n\t<meta name=\"twitter:data1\" content=\"2\u00a0Minuten\" \/>\n<script type=\"application\/ld+json\" class=\"yoast-schema-graph\">{\"@context\":\"https:\\\/\\\/schema.org\",\"@graph\":[{\"@type\":\"WebPage\",\"@id\":\"https:\\\/\\\/repliquemangacine.fr\\\/katana-naruto\\\/epee-de-zabuza-epee-kubikiribocho\\\/\",\"url\":\"https:\\\/\\\/repliquemangacine.fr\\\/katana-naruto\\\/epee-de-zabuza-epee-kubikiribocho\\\/\",\"name\":\"\u00c9p\u00e9e de Zabuza Kubikirib\u00f4ch\u00f4 Naruto - Boutique en ligne | RMC\",\"isPartOf\":{\"@id\":\"https:\\\/\\\/repliquemangacine.fr\\\/#website\"},\"primaryImageOfPage\":{\"@id\":\"https:\\\/\\\/repliquemangacine.fr\\\/katana-naruto\\\/epee-de-zabuza-epee-kubikiribocho\\\/#primaryimage\"},\"image\":{\"@id\":\"https:\\\/\\\/repliquemangacine.fr\\\/katana-naruto\\\/epee-de-zabuza-epee-kubikiribocho\\\/#primaryimage\"},\"thumbnailUrl\":\"https:\\\/\\\/repliquemangacine.fr\\\/wp-content\\\/uploads\\\/2023\\\/10\\\/193-Epee-de-Zabuza-epee-Naruto.jpg\",\"datePublished\":\"2016-08-27T21:17:08+00:00\",\"dateModified\":\"2025-12-12T18:55:36+00:00\",\"description\":\"Commandez vite ! La r\u00e9plique de l'\u00e9p\u00e9e de Zabuza kubikirib\u00f4ch\u00f4 dans Naruto au meilleur prix. Lame en acier - Longueur totale : 94 cm - Envoi 24\\\/48h\",\"breadcrumb\":{\"@id\":\"https:\\\/\\\/repliquemangacine.fr\\\/katana-naruto\\\/epee-de-zabuza-epee-kubikiribocho\\\/#breadcrumb\"},\"inLanguage\":\"de\",\"potentialAction\":[{\"@type\":\"ReadAction\",\"target\":[\"https:\\\/\\\/repliquemangacine.fr\\\/katana-naruto\\\/epee-de-zabuza-epee-kubikiribocho\\\/\"]}]},{\"@type\":\"ImageObject\",\"inLanguage\":\"de\",\"@id\":\"https:\\\/\\\/repliquemangacine.fr\\\/katana-naruto\\\/epee-de-zabuza-epee-kubikiribocho\\\/#primaryimage\",\"url\":\"https:\\\/\\\/repliquemangacine.fr\\\/wp-content\\\/uploads\\\/2023\\\/10\\\/193-Epee-de-Zabuza-epee-Naruto.jpg\",\"contentUrl\":\"https:\\\/\\\/repliquemangacine.fr\\\/wp-content\\\/uploads\\\/2023\\\/10\\\/193-Epee-de-Zabuza-epee-Naruto.jpg\",\"width\":800,\"height\":800,\"caption\":\"Ep\u00e9e de Zabuza - \u00e9p\u00e9e Naruto\"},{\"@type\":\"BreadcrumbList\",\"@id\":\"https:\\\/\\\/repliquemangacine.fr\\\/katana-naruto\\\/epee-de-zabuza-epee-kubikiribocho\\\/#breadcrumb\",\"itemListElement\":[{\"@type\":\"ListItem\",\"position\":1,\"name\":\"Accueil\",\"item\":\"https:\\\/\\\/repliquemangacine.fr\\\/\"},{\"@type\":\"ListItem\",\"position\":2,\"name\":\"Produits\",\"item\":\"https:\\\/\\\/repliquemangacine.fr\\\/boutique\\\/\"},{\"@type\":\"ListItem\",\"position\":3,\"name\":\"Ep\u00e9e de Zabuza Naruto\"}]},{\"@type\":\"WebSite\",\"@id\":\"https:\\\/\\\/repliquemangacine.fr\\\/#website\",\"url\":\"https:\\\/\\\/repliquemangacine.fr\\\/\",\"name\":\"R\u00e9plique Manga Cin\u00e9\",\"description\":\"\",\"publisher\":{\"@id\":\"https:\\\/\\\/repliquemangacine.fr\\\/#organization\"},\"potentialAction\":[{\"@type\":\"SearchAction\",\"target\":{\"@type\":\"EntryPoint\",\"urlTemplate\":\"https:\\\/\\\/repliquemangacine.fr\\\/?s={search_term_string}\"},\"query-input\":{\"@type\":\"PropertyValueSpecification\",\"valueRequired\":true,\"valueName\":\"search_term_string\"}}],\"inLanguage\":\"de\"},{\"@type\":\"Organization\",\"@id\":\"https:\\\/\\\/repliquemangacine.fr\\\/#organization\",\"name\":\"R\u00e9plique Manga Cin\u00e9\",\"url\":\"https:\\\/\\\/repliquemangacine.fr\\\/\",\"logo\":{\"@type\":\"ImageObject\",\"inLanguage\":\"de\",\"@id\":\"https:\\\/\\\/repliquemangacine.fr\\\/#\\\/schema\\\/logo\\\/image\\\/\",\"url\":\"https:\\\/\\\/repliquemangacine.fr\\\/wp-content\\\/uploads\\\/2023\\\/10\\\/RMC-500250.png\",\"contentUrl\":\"https:\\\/\\\/repliquemangacine.fr\\\/wp-content\\\/uploads\\\/2023\\\/10\\\/RMC-500250.png\",\"width\":500,\"height\":250,\"caption\":\"R\u00e9plique Manga Cin\u00e9\"},\"image\":{\"@id\":\"https:\\\/\\\/repliquemangacine.fr\\\/#\\\/schema\\\/logo\\\/image\\\/\"},\"sameAs\":[\"https:\\\/\\\/www.facebook.com\\\/RepliqueMangaCine\",\"https:\\\/\\\/www.instagram.com\\\/repliquemangacine.fr\\\/\"]}]}<\/script>\n<!-- \/ Yoast SEO plugin. -->","yoast_head_json":{"title":"Zabuza-Schwert Kubikirib\u00f4ch\u00f4 Naruto - Online-Shop | RMC","description":"Bestellen Sie schnell! Die Replik von Zabuzas kubikirib\u00f4ch\u00f4-Schwert aus Naruto zum besten Preis. Klinge aus Stahl - Gesamtl\u00e4nge: 94 cm - Versand 24\/48h","robots":{"index":"index","follow":"follow","max-snippet":"max-snippet:-1","max-image-preview":"max-image-preview:large","max-video-preview":"max-video-preview:-1"},"canonical":"https:\/\/repliquemangacine.fr\/de\/naruto-katana\/schwert-von-zabuza-schwert-kubikiribocho\/","og_locale":"de_DE","og_type":"article","og_title":"\u00c9p\u00e9e de Zabuza Kubikirib\u00f4ch\u00f4 Naruto - Boutique en ligne | RMC","og_description":"Commandez vite ! La r\u00e9plique de l'\u00e9p\u00e9e de Zabuza kubikirib\u00f4ch\u00f4 dans Naruto au meilleur prix. Lame en acier - Longueur totale : 94 cm - Envoi 24\/48h","og_url":"https:\/\/repliquemangacine.fr\/de\/naruto-katana\/schwert-von-zabuza-schwert-kubikiribocho\/","og_site_name":"R\u00e9plique Manga Cin\u00e9","article_publisher":"https:\/\/www.facebook.com\/RepliqueMangaCine","article_modified_time":"2025-12-12T18:55:36+00:00","og_image":[{"width":800,"height":800,"url":"https:\/\/repliquemangacine.fr\/wp-content\/uploads\/2023\/10\/193-Epee-de-Zabuza-epee-Naruto.jpg","type":"image\/jpeg"}],"twitter_card":"summary_large_image","twitter_misc":{"Gesch\u00e4tzte Lesezeit":"2\u00a0Minuten"},"schema":{"@context":"https:\/\/schema.org","@graph":[{"@type":"WebPage","@id":"https:\/\/repliquemangacine.fr\/katana-naruto\/epee-de-zabuza-epee-kubikiribocho\/","url":"https:\/\/repliquemangacine.fr\/katana-naruto\/epee-de-zabuza-epee-kubikiribocho\/","name":"Zabuza-Schwert Kubikirib\u00f4ch\u00f4 Naruto - Online-Shop | RMC","isPartOf":{"@id":"https:\/\/repliquemangacine.fr\/#website"},"primaryImageOfPage":{"@id":"https:\/\/repliquemangacine.fr\/katana-naruto\/epee-de-zabuza-epee-kubikiribocho\/#primaryimage"},"image":{"@id":"https:\/\/repliquemangacine.fr\/katana-naruto\/epee-de-zabuza-epee-kubikiribocho\/#primaryimage"},"thumbnailUrl":"https:\/\/repliquemangacine.fr\/wp-content\/uploads\/2023\/10\/193-Epee-de-Zabuza-epee-Naruto.jpg","datePublished":"2016-08-27T21:17:08+00:00","dateModified":"2025-12-12T18:55:36+00:00","description":"Bestellen Sie schnell! Die Replik von Zabuzas kubikirib\u00f4ch\u00f4-Schwert aus Naruto zum besten Preis. Klinge aus Stahl - Gesamtl\u00e4nge: 94 cm - Versand 24\/48h","breadcrumb":{"@id":"https:\/\/repliquemangacine.fr\/katana-naruto\/epee-de-zabuza-epee-kubikiribocho\/#breadcrumb"},"inLanguage":"de","potentialAction":[{"@type":"ReadAction","target":["https:\/\/repliquemangacine.fr\/katana-naruto\/epee-de-zabuza-epee-kubikiribocho\/"]}]},{"@type":"ImageObject","inLanguage":"de","@id":"https:\/\/repliquemangacine.fr\/katana-naruto\/epee-de-zabuza-epee-kubikiribocho\/#primaryimage","url":"https:\/\/repliquemangacine.fr\/wp-content\/uploads\/2023\/10\/193-Epee-de-Zabuza-epee-Naruto.jpg","contentUrl":"https:\/\/repliquemangacine.fr\/wp-content\/uploads\/2023\/10\/193-Epee-de-Zabuza-epee-Naruto.jpg","width":800,"height":800,"caption":"Ep\u00e9e de Zabuza - \u00e9p\u00e9e Naruto"},{"@type":"BreadcrumbList","@id":"https:\/\/repliquemangacine.fr\/katana-naruto\/epee-de-zabuza-epee-kubikiribocho\/#breadcrumb","itemListElement":[{"@type":"ListItem","position":1,"name":"Accueil","item":"https:\/\/repliquemangacine.fr\/"},{"@type":"ListItem","position":2,"name":"Produits","item":"https:\/\/repliquemangacine.fr\/boutique\/"},{"@type":"ListItem","position":3,"name":"Ep\u00e9e de Zabuza Naruto"}]},{"@type":"WebSite","@id":"https:\/\/repliquemangacine.fr\/#website","url":"https:\/\/repliquemangacine.fr\/","name":"R\u00e9plique Manga Cin\u00e9","description":"","publisher":{"@id":"https:\/\/repliquemangacine.fr\/#organization"},"potentialAction":[{"@type":"SearchAction","target":{"@type":"EntryPoint","urlTemplate":"https:\/\/repliquemangacine.fr\/?s={search_term_string}"},"query-input":{"@type":"PropertyValueSpecification","valueRequired":true,"valueName":"search_term_string"}}],"inLanguage":"de"},{"@type":"Organization","@id":"https:\/\/repliquemangacine.fr\/#organization","name":"R\u00e9plique Manga Cin\u00e9","url":"https:\/\/repliquemangacine.fr\/","logo":{"@type":"ImageObject","inLanguage":"de","@id":"https:\/\/repliquemangacine.fr\/#\/schema\/logo\/image\/","url":"https:\/\/repliquemangacine.fr\/wp-content\/uploads\/2023\/10\/RMC-500250.png","contentUrl":"https:\/\/repliquemangacine.fr\/wp-content\/uploads\/2023\/10\/RMC-500250.png","width":500,"height":250,"caption":"R\u00e9plique Manga Cin\u00e9"},"image":{"@id":"https:\/\/repliquemangacine.fr\/#\/schema\/logo\/image\/"},"sameAs":["https:\/\/www.facebook.com\/RepliqueMangaCine","https:\/\/www.instagram.com\/repliquemangacine.fr\/"]}]}},"_links":{"self":[{"href":"https:\/\/repliquemangacine.fr\/de\/wp-json\/wp\/v2\/product\/25394","targetHints":{"allow":["GET"]}}],"collection":[{"href":"https:\/\/repliquemangacine.fr\/de\/wp-json\/wp\/v2\/product"}],"about":[{"href":"https:\/\/repliquemangacine.fr\/de\/wp-json\/wp\/v2\/types\/product"}],"wp:featuredmedia":[{"embeddable":true,"href":"https:\/\/repliquemangacine.fr\/de\/wp-json\/wp\/v2\/media\/25395"}],"wp:attachment":[{"href":"https:\/\/repliquemangacine.fr\/de\/wp-json\/wp\/v2\/media?parent=25394"}],"wp:term":[{"taxonomy":"product_brand","embeddable":true,"href":"https:\/\/repliquemangacine.fr\/de\/wp-json\/wp\/v2\/product_brand?post=25394"},{"taxonomy":"product_cat","embeddable":true,"href":"https:\/\/repliquemangacine.fr\/de\/wp-json\/wp\/v2\/product_cat?post=25394"},{"taxonomy":"product_tag","embeddable":true,"href":"https:\/\/repliquemangacine.fr\/de\/wp-json\/wp\/v2\/product_tag?post=25394"}],"curies":[{"name":"wp","href":"https:\/\/api.w.org\/{rel}","templated":true}]}}