





{"id":25390,"date":"2016-08-27T22:51:57","date_gmt":"2016-08-27T20:51:57","guid":{"rendered":"https:\/\/repliquemangacine.fr\/?post_type=product&#038;p=25390"},"modified":"2026-04-12T06:16:11","modified_gmt":"2026-04-12T04:16:11","slug":"shuriken-naruto","status":"publish","type":"product","link":"https:\/\/repliquemangacine.fr\/de\/couteaux-de-lancer-et-etoiles\/shuriken-naruto\/","title":{"rendered":"Shuriken Naruto"},"content":{"rendered":"<h2>Naruto Shuriken aus Metall<\/h2>\n<p>Zu Beginn wird der <strong>Shuriken Naruto<\/strong>, ist ebenso wie das Kunai eine von Ninjas h\u00e4ufig verwendete Waffe.  Das Loch in der Mitte dient dazu, die Waffe mit einem Finger zu greifen, ohne sich zu schneiden. Dieses Loch verbessert auch die Aerodynamik der Waffe und optimiert die Wurfgenauigkeit.<\/p>\n<p>Der Shuriken ist eine traditionelle japanische Waffe in Form eines Sterns, die in der Regel mit der Hand geworfen wird. In der beliebten Anime- und Manga-Serie \u201cNaruto\u201d werden Shuriken von vielen Charakteren als Fernkampfwaffe im Kampf eingesetzt. Auch die Hauptfigur Naruto Uzumaki verwendet in vielen Episoden und Handlungsstr\u00e4ngen der Serie Shuriken.<\/p>\n<p>Shuriken-jutsu (bedeutet: Techniken des in der Hand versteckten Schwertes) bezieht sich auf Techniken, bei denen Shuriken, Kuna\u00ef, <a href=\"https:\/\/narutopages.wiki\/fr\/outils\/senbon\" target=\"_blank\" rel=\"noopener noreferrer\">Senbon<\/a> oder andere blanke Wurfwaffen.<\/p>\n<h2>Shuriken von Naruto billig<\/h2>\n<p>R\u00e9plique Manga Cin\u00e9 bietet Ihnen den <strong>Shuriken Naruto<\/strong> mit seinen 4 Spitzen (nicht scharf). Shuriken komplett aus Metall.<\/p>\n<p>Sind Sie Fan von Naruto? M\u00f6chten Sie Ihre Sammlung erweitern? Wir bieten Ihnen eine gro\u00dfe Auswahl an Naruto-Fanartikeln wie:<\/p>\n<ul>\n<li>Die <a href=\"https:\/\/repliquemangacine.fr\/de\/katana-goodies-naruto-kunai\/schwert-kusanagi-sasuke-naruto\/\">katana sasuke<\/a> in der wei\u00dfen Version f\u00fcr den Manga und in der schwarzen Version f\u00fcr den Anime.<\/li>\n<li>Es gibt auch den <a href=\"https:\/\/repliquemangacine.fr\/de\/katana-goodies-naruto-kunai\/stirnband-konoha-naruto\/\">Konoha-Stirnband<\/a> die Naruto tr\u00e4gt<\/li>\n<li>Sowie die Gesamtheit von <a href=\"https:\/\/repliquemangacine.fr\/de\/katana-goodies-naruto-kunai\/3-kunai-naruto\/\">drei Kunai<\/a> mit dem Naruto-Signet als Gravur<\/li>\n<\/ul>\n<p>Deshalb hier einige Geschenkideen f\u00fcr Naruto-Fans<\/p>\n<p>Zusammenfassend l\u00e4sst sich sagen, dass <strong>Shuriken Naruto<\/strong> ist eine g\u00fcnstige Geschenkidee, seien Sie sicher, dass Sie Freude bereiten.<\/p>\n<h2>Finden Sie unsere neuesten Naruto-Neuheiten zum besten Preis<\/h2>\n<p>Immer auf dem neuesten Stand, bieten wir Ihnen :<\/p>\n<ul>\n<li>Die <a href=\"https:\/\/repliquemangacine.fr\/de\/katana-goodies-naruto-kunai\/katana-boruto-sasuke-naruto\/\">Boruto Katana<\/a> den Sasuke in Naruto Next Generations benutzt, um Boruto den Umgang mit ihm zu lehren.<\/li>\n<li>Sowie das <a href=\"https:\/\/repliquemangacine.fr\/de\/katana-goodies-naruto-kunai\/kunai-despace-time-minato\/\">Raum-Zeit-Kunai<\/a> das Minato mit seinem eingravierten Siegel auf dem Griff benutzt.<\/li>\n<\/ul>\n<p>In K\u00fcrze werden wir Ihnen Figuren, Tassen und Wall Scroll (Poster) pr\u00e4sentieren und profitieren Sie von tollen Einf\u00fchrungsangeboten!<\/p>\n<p><strong>Wir m\u00f6chten Sie darauf hinweisen, dass alle unsere Repliken Sammler- und Dekorationsobjekte sind. Sie k\u00f6nnen sie f\u00fcr historische Rekonstruktionen sowie f\u00fcr Cosplay-Paraden oder f\u00fcr Ihre Innendekoration verwenden. Daher ist es nicht m\u00f6glich, mit ihren Repliken \u00f6ffentliche Pl\u00e4tze zu betreten.<\/strong><\/p>","protected":false},"excerpt":{"rendered":"<p>Shuriken-Jutsu (bedeutet: Techniken mit dem versteckten Schwert in der Hand) bezieht sich auf Techniken, die das Werfen von Shuriken, Kunai, Senbon oder anderen blanken Wurfwaffen beinhalten.<\/p>\n<ul>\n<li>Shuriken ganz aus Metall.<\/li>\n<li>Die Spitzen sind f\u00fcr mehr Sicherheit stumpf.<\/li>\n<li>Durchmesser: 9,5cm<\/li>\n<\/ul>","protected":false},"featured_media":25391,"template":"","meta":[],"product_brand":[896],"product_cat":[894,108,42],"product_tag":[],"class_list":{"0":"post-25390","1":"product","2":"type-product","3":"status-publish","4":"has-post-thumbnail","6":"product_brand-replique-manga-cine","7":"product_cat-couteaux-de-lancer-et-etoiles","8":"product_cat-kunai-et-shuriken-naruto","9":"product_cat-katana-goodies-naruto-kunai","11":"first","12":"instock","13":"taxable","14":"shipping-taxable","15":"purchasable","16":"product-type-simple"},"yoast_head":"<!-- This site is optimized with the Yoast SEO plugin v27.5 - https:\/\/yoast.com\/product\/yoast-seo-wordpress\/ -->\n<title>Shuriken Naruto - Kunai naruto pas cher - R\u00e9plique Manga Cin\u00e9<\/title>\n<meta name=\"description\" content=\"Envie de pratiquer la technique du Shuriken jutsu comme Naruto ! Offrez vous ce shuriken tout en m\u00e9tal au meilleur prix. Envoi 24\/48H\" \/>\n<meta name=\"robots\" content=\"index, follow, max-snippet:-1, max-image-preview:large, max-video-preview:-1\" \/>\n<link rel=\"canonical\" href=\"https:\/\/www.repliquemangacine.fr\/kunai-et-shuriken-naruto\/shuriken-naruto\/\" \/>\n<meta property=\"og:locale\" content=\"de_DE\" \/>\n<meta property=\"og:type\" content=\"article\" \/>\n<meta property=\"og:title\" content=\"Shuriken Naruto - Kunai naruto pas cher - R\u00e9plique Manga Cin\u00e9\" \/>\n<meta property=\"og:description\" content=\"Envie de pratiquer la technique du Shuriken jutsu comme Naruto ! Offrez vous ce shuriken tout en m\u00e9tal au meilleur prix. Envoi 24\/48H\" \/>\n<meta property=\"og:url\" content=\"https:\/\/www.repliquemangacine.fr\/kunai-et-shuriken-naruto\/shuriken-naruto\/\" \/>\n<meta property=\"og:site_name\" content=\"R\u00e9plique Manga Cin\u00e9\" \/>\n<meta property=\"article:publisher\" content=\"https:\/\/www.facebook.com\/RepliqueMangaCine\" \/>\n<meta property=\"article:modified_time\" content=\"2026-04-12T04:16:11+00:00\" \/>\n<meta property=\"og:image\" content=\"https:\/\/repliquemangacine.fr\/wp-content\/uploads\/2023\/10\/192-Shuriken-Etoile-a-lancer-Naruto.jpg\" \/>\n\t<meta property=\"og:image:width\" content=\"800\" \/>\n\t<meta property=\"og:image:height\" content=\"800\" \/>\n\t<meta property=\"og:image:type\" content=\"image\/jpeg\" \/>\n<meta name=\"twitter:card\" content=\"summary_large_image\" \/>\n<meta name=\"twitter:label1\" content=\"Gesch\u00e4tzte Lesezeit\" \/>\n\t<meta name=\"twitter:data1\" content=\"3\u00a0Minuten\" \/>\n<script type=\"application\/ld+json\" class=\"yoast-schema-graph\">{\"@context\":\"https:\\\/\\\/schema.org\",\"@graph\":[{\"@type\":\"WebPage\",\"@id\":\"https:\\\/\\\/repliquemangacine.fr\\\/couteaux-de-lancer-et-etoiles\\\/shuriken-naruto\\\/\",\"url\":\"https:\\\/\\\/www.repliquemangacine.fr\\\/kunai-et-shuriken-naruto\\\/shuriken-naruto\\\/\",\"name\":\"Shuriken Naruto - Kunai naruto pas cher - R\u00e9plique Manga Cin\u00e9\",\"isPartOf\":{\"@id\":\"https:\\\/\\\/repliquemangacine.fr\\\/#website\"},\"primaryImageOfPage\":{\"@id\":\"https:\\\/\\\/www.repliquemangacine.fr\\\/kunai-et-shuriken-naruto\\\/shuriken-naruto\\\/#primaryimage\"},\"image\":{\"@id\":\"https:\\\/\\\/www.repliquemangacine.fr\\\/kunai-et-shuriken-naruto\\\/shuriken-naruto\\\/#primaryimage\"},\"thumbnailUrl\":\"https:\\\/\\\/repliquemangacine.fr\\\/wp-content\\\/uploads\\\/2023\\\/10\\\/192-Shuriken-Etoile-a-lancer-Naruto.jpg\",\"datePublished\":\"2016-08-27T20:51:57+00:00\",\"dateModified\":\"2026-04-12T04:16:11+00:00\",\"description\":\"Envie de pratiquer la technique du Shuriken jutsu comme Naruto ! Offrez vous ce shuriken tout en m\u00e9tal au meilleur prix. Envoi 24\\\/48H\",\"breadcrumb\":{\"@id\":\"https:\\\/\\\/www.repliquemangacine.fr\\\/kunai-et-shuriken-naruto\\\/shuriken-naruto\\\/#breadcrumb\"},\"inLanguage\":\"de\",\"potentialAction\":[{\"@type\":\"ReadAction\",\"target\":[\"https:\\\/\\\/www.repliquemangacine.fr\\\/kunai-et-shuriken-naruto\\\/shuriken-naruto\\\/\"]}]},{\"@type\":\"ImageObject\",\"inLanguage\":\"de\",\"@id\":\"https:\\\/\\\/www.repliquemangacine.fr\\\/kunai-et-shuriken-naruto\\\/shuriken-naruto\\\/#primaryimage\",\"url\":\"https:\\\/\\\/repliquemangacine.fr\\\/wp-content\\\/uploads\\\/2023\\\/10\\\/192-Shuriken-Etoile-a-lancer-Naruto.jpg\",\"contentUrl\":\"https:\\\/\\\/repliquemangacine.fr\\\/wp-content\\\/uploads\\\/2023\\\/10\\\/192-Shuriken-Etoile-a-lancer-Naruto.jpg\",\"width\":800,\"height\":800,\"caption\":\"Shuriken - Etoile a lancer - Naruto\"},{\"@type\":\"BreadcrumbList\",\"@id\":\"https:\\\/\\\/www.repliquemangacine.fr\\\/kunai-et-shuriken-naruto\\\/shuriken-naruto\\\/#breadcrumb\",\"itemListElement\":[{\"@type\":\"ListItem\",\"position\":1,\"name\":\"Accueil\",\"item\":\"https:\\\/\\\/repliquemangacine.fr\\\/\"},{\"@type\":\"ListItem\",\"position\":2,\"name\":\"Produits\",\"item\":\"https:\\\/\\\/repliquemangacine.fr\\\/boutique\\\/\"},{\"@type\":\"ListItem\",\"position\":3,\"name\":\"Shuriken Naruto\"}]},{\"@type\":\"WebSite\",\"@id\":\"https:\\\/\\\/repliquemangacine.fr\\\/#website\",\"url\":\"https:\\\/\\\/repliquemangacine.fr\\\/\",\"name\":\"R\u00e9plique Manga Cin\u00e9\",\"description\":\"\",\"publisher\":{\"@id\":\"https:\\\/\\\/repliquemangacine.fr\\\/#organization\"},\"potentialAction\":[{\"@type\":\"SearchAction\",\"target\":{\"@type\":\"EntryPoint\",\"urlTemplate\":\"https:\\\/\\\/repliquemangacine.fr\\\/?s={search_term_string}\"},\"query-input\":{\"@type\":\"PropertyValueSpecification\",\"valueRequired\":true,\"valueName\":\"search_term_string\"}}],\"inLanguage\":\"de\"},{\"@type\":\"Organization\",\"@id\":\"https:\\\/\\\/repliquemangacine.fr\\\/#organization\",\"name\":\"R\u00e9plique Manga Cin\u00e9\",\"url\":\"https:\\\/\\\/repliquemangacine.fr\\\/\",\"logo\":{\"@type\":\"ImageObject\",\"inLanguage\":\"de\",\"@id\":\"https:\\\/\\\/repliquemangacine.fr\\\/#\\\/schema\\\/logo\\\/image\\\/\",\"url\":\"https:\\\/\\\/repliquemangacine.fr\\\/wp-content\\\/uploads\\\/2023\\\/10\\\/RMC-500250.png\",\"contentUrl\":\"https:\\\/\\\/repliquemangacine.fr\\\/wp-content\\\/uploads\\\/2023\\\/10\\\/RMC-500250.png\",\"width\":500,\"height\":250,\"caption\":\"R\u00e9plique Manga Cin\u00e9\"},\"image\":{\"@id\":\"https:\\\/\\\/repliquemangacine.fr\\\/#\\\/schema\\\/logo\\\/image\\\/\"},\"sameAs\":[\"https:\\\/\\\/www.facebook.com\\\/RepliqueMangaCine\",\"https:\\\/\\\/www.instagram.com\\\/repliquemangacine.fr\\\/\"]}]}<\/script>\n<!-- \/ Yoast SEO plugin. -->","yoast_head_json":{"title":"Shuriken Naruto - G\u00fcnstige Kunai Naruto - R\u00e9plique Manga Cin\u00e9","description":"Lust, die Technik des Shuriken Jutsu wie Naruto zu \u00fcben! G\u00f6nnen Sie sich diesen Shuriken ganz aus Metall zum besten Preis. Versand 24\/48H","robots":{"index":"index","follow":"follow","max-snippet":"max-snippet:-1","max-image-preview":"max-image-preview:large","max-video-preview":"max-video-preview:-1"},"canonical":"https:\/\/www.repliquemangacine.fr\/kunai-et-shuriken-naruto\/shuriken-naruto\/","og_locale":"de_DE","og_type":"article","og_title":"Shuriken Naruto - Kunai naruto pas cher - R\u00e9plique Manga Cin\u00e9","og_description":"Envie de pratiquer la technique du Shuriken jutsu comme Naruto ! Offrez vous ce shuriken tout en m\u00e9tal au meilleur prix. Envoi 24\/48H","og_url":"https:\/\/www.repliquemangacine.fr\/kunai-et-shuriken-naruto\/shuriken-naruto\/","og_site_name":"R\u00e9plique Manga Cin\u00e9","article_publisher":"https:\/\/www.facebook.com\/RepliqueMangaCine","article_modified_time":"2026-04-12T04:16:11+00:00","og_image":[{"width":800,"height":800,"url":"https:\/\/repliquemangacine.fr\/wp-content\/uploads\/2023\/10\/192-Shuriken-Etoile-a-lancer-Naruto.jpg","type":"image\/jpeg"}],"twitter_card":"summary_large_image","twitter_misc":{"Gesch\u00e4tzte Lesezeit":"3\u00a0Minuten"},"schema":{"@context":"https:\/\/schema.org","@graph":[{"@type":"WebPage","@id":"https:\/\/repliquemangacine.fr\/couteaux-de-lancer-et-etoiles\/shuriken-naruto\/","url":"https:\/\/www.repliquemangacine.fr\/kunai-et-shuriken-naruto\/shuriken-naruto\/","name":"Shuriken Naruto - G\u00fcnstige Kunai Naruto - R\u00e9plique Manga Cin\u00e9","isPartOf":{"@id":"https:\/\/repliquemangacine.fr\/#website"},"primaryImageOfPage":{"@id":"https:\/\/www.repliquemangacine.fr\/kunai-et-shuriken-naruto\/shuriken-naruto\/#primaryimage"},"image":{"@id":"https:\/\/www.repliquemangacine.fr\/kunai-et-shuriken-naruto\/shuriken-naruto\/#primaryimage"},"thumbnailUrl":"https:\/\/repliquemangacine.fr\/wp-content\/uploads\/2023\/10\/192-Shuriken-Etoile-a-lancer-Naruto.jpg","datePublished":"2016-08-27T20:51:57+00:00","dateModified":"2026-04-12T04:16:11+00:00","description":"Lust, die Technik des Shuriken Jutsu wie Naruto zu \u00fcben! G\u00f6nnen Sie sich diesen Shuriken ganz aus Metall zum besten Preis. Versand 24\/48H","breadcrumb":{"@id":"https:\/\/www.repliquemangacine.fr\/kunai-et-shuriken-naruto\/shuriken-naruto\/#breadcrumb"},"inLanguage":"de","potentialAction":[{"@type":"ReadAction","target":["https:\/\/www.repliquemangacine.fr\/kunai-et-shuriken-naruto\/shuriken-naruto\/"]}]},{"@type":"ImageObject","inLanguage":"de","@id":"https:\/\/www.repliquemangacine.fr\/kunai-et-shuriken-naruto\/shuriken-naruto\/#primaryimage","url":"https:\/\/repliquemangacine.fr\/wp-content\/uploads\/2023\/10\/192-Shuriken-Etoile-a-lancer-Naruto.jpg","contentUrl":"https:\/\/repliquemangacine.fr\/wp-content\/uploads\/2023\/10\/192-Shuriken-Etoile-a-lancer-Naruto.jpg","width":800,"height":800,"caption":"Shuriken - Etoile a lancer - Naruto"},{"@type":"BreadcrumbList","@id":"https:\/\/www.repliquemangacine.fr\/kunai-et-shuriken-naruto\/shuriken-naruto\/#breadcrumb","itemListElement":[{"@type":"ListItem","position":1,"name":"Accueil","item":"https:\/\/repliquemangacine.fr\/"},{"@type":"ListItem","position":2,"name":"Produits","item":"https:\/\/repliquemangacine.fr\/boutique\/"},{"@type":"ListItem","position":3,"name":"Shuriken Naruto"}]},{"@type":"WebSite","@id":"https:\/\/repliquemangacine.fr\/#website","url":"https:\/\/repliquemangacine.fr\/","name":"R\u00e9plique Manga Cin\u00e9","description":"","publisher":{"@id":"https:\/\/repliquemangacine.fr\/#organization"},"potentialAction":[{"@type":"SearchAction","target":{"@type":"EntryPoint","urlTemplate":"https:\/\/repliquemangacine.fr\/?s={search_term_string}"},"query-input":{"@type":"PropertyValueSpecification","valueRequired":true,"valueName":"search_term_string"}}],"inLanguage":"de"},{"@type":"Organization","@id":"https:\/\/repliquemangacine.fr\/#organization","name":"R\u00e9plique Manga Cin\u00e9","url":"https:\/\/repliquemangacine.fr\/","logo":{"@type":"ImageObject","inLanguage":"de","@id":"https:\/\/repliquemangacine.fr\/#\/schema\/logo\/image\/","url":"https:\/\/repliquemangacine.fr\/wp-content\/uploads\/2023\/10\/RMC-500250.png","contentUrl":"https:\/\/repliquemangacine.fr\/wp-content\/uploads\/2023\/10\/RMC-500250.png","width":500,"height":250,"caption":"R\u00e9plique Manga Cin\u00e9"},"image":{"@id":"https:\/\/repliquemangacine.fr\/#\/schema\/logo\/image\/"},"sameAs":["https:\/\/www.facebook.com\/RepliqueMangaCine","https:\/\/www.instagram.com\/repliquemangacine.fr\/"]}]}},"_links":{"self":[{"href":"https:\/\/repliquemangacine.fr\/de\/wp-json\/wp\/v2\/product\/25390","targetHints":{"allow":["GET"]}}],"collection":[{"href":"https:\/\/repliquemangacine.fr\/de\/wp-json\/wp\/v2\/product"}],"about":[{"href":"https:\/\/repliquemangacine.fr\/de\/wp-json\/wp\/v2\/types\/product"}],"wp:featuredmedia":[{"embeddable":true,"href":"https:\/\/repliquemangacine.fr\/de\/wp-json\/wp\/v2\/media\/25391"}],"wp:attachment":[{"href":"https:\/\/repliquemangacine.fr\/de\/wp-json\/wp\/v2\/media?parent=25390"}],"wp:term":[{"taxonomy":"product_brand","embeddable":true,"href":"https:\/\/repliquemangacine.fr\/de\/wp-json\/wp\/v2\/product_brand?post=25390"},{"taxonomy":"product_cat","embeddable":true,"href":"https:\/\/repliquemangacine.fr\/de\/wp-json\/wp\/v2\/product_cat?post=25390"},{"taxonomy":"product_tag","embeddable":true,"href":"https:\/\/repliquemangacine.fr\/de\/wp-json\/wp\/v2\/product_tag?post=25390"}],"curies":[{"name":"wp","href":"https:\/\/api.w.org\/{rel}","templated":true}]}}