





{"id":25380,"date":"2016-08-27T18:11:15","date_gmt":"2016-08-27T16:11:15","guid":{"rendered":"https:\/\/repliquemangacine.fr\/?post_type=product&#038;p=25380"},"modified":"2026-03-31T15:00:48","modified_gmt":"2026-03-31T13:00:48","slug":"katana-sasuke-schwert-kusanagi","status":"publish","type":"product","link":"https:\/\/repliquemangacine.fr\/de\/katana-naruto\/katana-sasuke-epee-kusanagi\/","title":{"rendered":"Katana Sasuk\u00e9 Naruto Pack Halterung + Stirnband"},"content":{"rendered":"<h2>Katana Kusanagi Schwert Sasuke Naruto.<\/h2>\n<p>Zu Beginn wird der <strong>Katana Kusanagi Schwert Sasuke<\/strong> wei\u00dfe Version im Naruto-Manga, die der schwarzen Version im Anime gegen\u00fcbersteht.<\/p>\n<p>Zun\u00e4chst einmal ist es ein legend\u00e4res japanisches Schwert, das in diesem Land so wichtig ist wie Excalibur in England. Es ist eines der drei Regalien des japanischen Kaiserthrons. Seine Darstellung in der japanischen Kultur - Filme, Animes, Romane - variiert stark. Jeder Autor hat seine eigene Vorstellung davon und sein eigenes Design.<\/p>\n<p>So wird im Anime-Manga <a href=\"https:\/\/naruto.fandom.com\/fr\/wiki\/Accueil\" target=\"_blank\" rel=\"noopener noreferrer\">Naruto<\/a>Orochimaru besitzt das Schwert von Kusanagi, von dem man sagt, dass es st\u00e4rker als Diamant ist. Er benutzt es, um den dritten Hokage bei der Abschlusspr\u00fcfung der Ch\u016bnin zu t\u00f6ten. Sasuke besitzt eine andere Version des Kusanagi-Schwerts, es ist nicht das gleiche, hat aber den gleichen Namen.<\/p>\n<h2>Ihr Katana Kusanagi Schwert Sasuke zum besten Preis.<\/h2>\n<p>Wir bieten dir alle Spr\u00fcche deiner Lieblingsfiguren in diesem Naruto-Animationsmanga.<\/p>\n<p>Zun\u00e4chst einmal,<\/p>\n<ul>\n<li>L' <a href=\"https:\/\/repliquemangacine.fr\/de\/naruto-katana\/schwert-kusanagi-sasuke-naruto\/\">Kusanagi-Schwert<\/a>In der N\u00e4he der Schule finden Sie das andere Schwert mit demselben Namen.<\/li>\n<li>Aber auch das gro\u00dfe Kunai aus Metall sowie die <a href=\"https:\/\/repliquemangacine.fr\/de\/naruto\/asuma-chakra-klinge\/\">Chakraklingen<\/a>.<\/li>\n<li>Und viele andere, die es in unserem Online-Shop zu entdecken gibt!<\/li>\n<\/ul>\n<p>Deshalb sind hier einige tolle Geschenkideen f\u00fcr Naruto-Fans.<\/p>\n<p>Abschlie\u00dfend k\u00f6nnen Sie auch diesen <strong>Katana Kusanagi Schwert Sasuke <\/strong>f\u00fcr Ihre Cosplay-Parade oder Ihre Themenabende. Vor allem aber ist das Kusanagi-Schwert auch ein Sammler- und Dekorationsst\u00fcck.<\/p>\n<h2>Wie pflegt man die Klinge von Narutos Katana?<\/h2>\n<p>Katanas f\u00fcr Sammlungen und Dekorationen werden auf vereinfachte Weise hergestellt und zusammengebaut. Da sie zu Dekorationszwecken verwendet werden, fehlen ihnen die Sicherheitsmerkmale, die ein japanisches Schwert f\u00fcr Trainingszwecke aufweisen muss.<\/p>\n<p>Allerdings ist Ihr <strong>Katana Kusanagi Schwert Sasuke<\/strong> zu einer Stahlklinge, die gepflegt werden muss, damit sie nicht mit der Zeit abgenutzt wird. Denn wenn du dein Katana ausstellst, werden deine Freunde neugierig sein, die Klinge zu sehen und sie zu ber\u00fchren. Hier ist Vorsicht geboten, denn Sie sollten wissen, dass die S\u00e4ure der Finger dem Stahl unabh\u00e4ngig von seiner Qualit\u00e4t sehr schadet.<\/p>\n<p>Wenn dies jedoch passiert, keine Panik, Sie brauchen nur ein Tuch, das mit etwas \u00d6l befeuchtet ist, und wischen die Fingerabdr\u00fccke ab. Wenn Sie dies tun, werden Sie Ihr Schwert sehr lange behalten.<\/p>\n<p><strong>\u00a0<\/strong><\/p>","protected":false},"excerpt":{"rendered":"<p>Sasuke Uchiwa ist mit einem chokut\u014d ausgestattet, das er als Kusanagi-Schwert in der Manga-Version bezeichnet.<\/p>\n<ul>\n<li>Gerade Klinge aus zweifarbigem Stahl.<\/li>\n<li>Wache, die mit dem Zeichen der Uchiwas versehen ist.<\/li>\n<li>Wei\u00dfe Holzscheide mit einer schwarzen Linie in der Mitte.<\/li>\n<li>L\u00e4nge der Klinge: 69 cm - Gesamtl\u00e4nge: 102 cm. - Gewicht: 800 gr<\/li>\n<li><strong>Wird mit Pr\u00e4sentationsst\u00e4nder und Stirnband geliefert<\/strong><\/li>\n<\/ul>","protected":false},"featured_media":97278,"template":"","meta":[],"product_brand":[896],"product_cat":[109],"product_tag":[],"class_list":{"0":"post-25380","1":"product","2":"type-product","3":"status-publish","4":"has-post-thumbnail","6":"product_brand-replique-manga-cine","7":"product_cat-katana-naruto","9":"first","10":"instock","11":"taxable","12":"shipping-taxable","13":"purchasable","14":"product-type-simple"},"yoast_head":"<!-- This site is optimized with the Yoast SEO plugin v27.5 - https:\/\/yoast.com\/product\/yoast-seo-wordpress\/ -->\n<title>Katana Kusanagi Ep\u00e9e Sasuke Naruto - Boutique en ligne | RMC<\/title>\n<meta name=\"description\" content=\"Achetez vite ! Votre Katana Kusanagi Ep\u00e9e Sasuke au meilleur prix. Lame en acier - Fourreau blanc- Longueur totale\u00a0: 102 cm - Envoi 24\/48h\" \/>\n<meta name=\"robots\" content=\"index, follow, max-snippet:-1, max-image-preview:large, max-video-preview:-1\" \/>\n<link rel=\"canonical\" href=\"https:\/\/repliquemangacine.fr\/de\/naruto-katana\/katana-sasuke-schwert-kusanagi\/\" \/>\n<meta property=\"og:locale\" content=\"de_DE\" \/>\n<meta property=\"og:type\" content=\"article\" \/>\n<meta property=\"og:title\" content=\"Katana Kusanagi Ep\u00e9e Sasuke Naruto - Boutique en ligne | RMC\" \/>\n<meta property=\"og:description\" content=\"Achetez vite ! Votre Katana Kusanagi Ep\u00e9e Sasuke au meilleur prix. Lame en acier - Fourreau blanc- Longueur totale\u00a0: 102 cm - Envoi 24\/48h\" \/>\n<meta property=\"og:url\" content=\"https:\/\/repliquemangacine.fr\/de\/naruto-katana\/katana-sasuke-schwert-kusanagi\/\" \/>\n<meta property=\"og:site_name\" content=\"R\u00e9plique Manga Cin\u00e9\" \/>\n<meta property=\"article:publisher\" content=\"https:\/\/www.facebook.com\/RepliqueMangaCine\" \/>\n<meta property=\"article:modified_time\" content=\"2026-03-31T13:00:48+00:00\" \/>\n<meta property=\"og:image\" content=\"https:\/\/repliquemangacine.fr\/wp-content\/uploads\/2016\/08\/epee-naruto.jpg\" \/>\n\t<meta property=\"og:image:width\" content=\"700\" \/>\n\t<meta property=\"og:image:height\" content=\"700\" \/>\n\t<meta property=\"og:image:type\" content=\"image\/jpeg\" \/>\n<meta name=\"twitter:card\" content=\"summary_large_image\" \/>\n<meta name=\"twitter:label1\" content=\"Gesch\u00e4tzte Lesezeit\" \/>\n\t<meta name=\"twitter:data1\" content=\"2\u00a0Minuten\" \/>\n<script type=\"application\/ld+json\" class=\"yoast-schema-graph\">{\"@context\":\"https:\\\/\\\/schema.org\",\"@graph\":[{\"@type\":\"WebPage\",\"@id\":\"https:\\\/\\\/repliquemangacine.fr\\\/katana-naruto\\\/katana-sasuke-epee-kusanagi\\\/\",\"url\":\"https:\\\/\\\/repliquemangacine.fr\\\/katana-naruto\\\/katana-sasuke-epee-kusanagi\\\/\",\"name\":\"Katana Kusanagi Ep\u00e9e Sasuke Naruto - Boutique en ligne | RMC\",\"isPartOf\":{\"@id\":\"https:\\\/\\\/repliquemangacine.fr\\\/#website\"},\"primaryImageOfPage\":{\"@id\":\"https:\\\/\\\/repliquemangacine.fr\\\/katana-naruto\\\/katana-sasuke-epee-kusanagi\\\/#primaryimage\"},\"image\":{\"@id\":\"https:\\\/\\\/repliquemangacine.fr\\\/katana-naruto\\\/katana-sasuke-epee-kusanagi\\\/#primaryimage\"},\"thumbnailUrl\":\"https:\\\/\\\/repliquemangacine.fr\\\/wp-content\\\/uploads\\\/2016\\\/08\\\/epee-naruto.webp\",\"datePublished\":\"2016-08-27T16:11:15+00:00\",\"dateModified\":\"2026-03-31T13:00:48+00:00\",\"description\":\"Achetez vite ! Votre Katana Kusanagi Ep\u00e9e Sasuke au meilleur prix. Lame en acier - Fourreau blanc- Longueur totale\u00a0: 102 cm - Envoi 24\\\/48h\",\"breadcrumb\":{\"@id\":\"https:\\\/\\\/repliquemangacine.fr\\\/katana-naruto\\\/katana-sasuke-epee-kusanagi\\\/#breadcrumb\"},\"inLanguage\":\"de\",\"potentialAction\":[{\"@type\":\"ReadAction\",\"target\":[\"https:\\\/\\\/repliquemangacine.fr\\\/katana-naruto\\\/katana-sasuke-epee-kusanagi\\\/\"]}]},{\"@type\":\"ImageObject\",\"inLanguage\":\"de\",\"@id\":\"https:\\\/\\\/repliquemangacine.fr\\\/katana-naruto\\\/katana-sasuke-epee-kusanagi\\\/#primaryimage\",\"url\":\"https:\\\/\\\/repliquemangacine.fr\\\/wp-content\\\/uploads\\\/2016\\\/08\\\/epee-naruto.webp\",\"contentUrl\":\"https:\\\/\\\/repliquemangacine.fr\\\/wp-content\\\/uploads\\\/2016\\\/08\\\/epee-naruto.webp\",\"width\":700,\"height\":700,\"caption\":\"Katana Kusanagi Ep\u00e9e Sasuke Naruto support et bandeau\"},{\"@type\":\"BreadcrumbList\",\"@id\":\"https:\\\/\\\/repliquemangacine.fr\\\/katana-naruto\\\/katana-sasuke-epee-kusanagi\\\/#breadcrumb\",\"itemListElement\":[{\"@type\":\"ListItem\",\"position\":1,\"name\":\"Accueil\",\"item\":\"https:\\\/\\\/repliquemangacine.fr\\\/\"},{\"@type\":\"ListItem\",\"position\":2,\"name\":\"Produits\",\"item\":\"https:\\\/\\\/repliquemangacine.fr\\\/boutique\\\/\"},{\"@type\":\"ListItem\",\"position\":3,\"name\":\"Katana Sasuk\u00e9 Naruto Pack support + Bandeau\"}]},{\"@type\":\"WebSite\",\"@id\":\"https:\\\/\\\/repliquemangacine.fr\\\/#website\",\"url\":\"https:\\\/\\\/repliquemangacine.fr\\\/\",\"name\":\"R\u00e9plique Manga Cin\u00e9\",\"description\":\"\",\"publisher\":{\"@id\":\"https:\\\/\\\/repliquemangacine.fr\\\/#organization\"},\"potentialAction\":[{\"@type\":\"SearchAction\",\"target\":{\"@type\":\"EntryPoint\",\"urlTemplate\":\"https:\\\/\\\/repliquemangacine.fr\\\/?s={search_term_string}\"},\"query-input\":{\"@type\":\"PropertyValueSpecification\",\"valueRequired\":true,\"valueName\":\"search_term_string\"}}],\"inLanguage\":\"de\"},{\"@type\":\"Organization\",\"@id\":\"https:\\\/\\\/repliquemangacine.fr\\\/#organization\",\"name\":\"R\u00e9plique Manga Cin\u00e9\",\"url\":\"https:\\\/\\\/repliquemangacine.fr\\\/\",\"logo\":{\"@type\":\"ImageObject\",\"inLanguage\":\"de\",\"@id\":\"https:\\\/\\\/repliquemangacine.fr\\\/#\\\/schema\\\/logo\\\/image\\\/\",\"url\":\"https:\\\/\\\/repliquemangacine.fr\\\/wp-content\\\/uploads\\\/2023\\\/10\\\/RMC-500250.png\",\"contentUrl\":\"https:\\\/\\\/repliquemangacine.fr\\\/wp-content\\\/uploads\\\/2023\\\/10\\\/RMC-500250.png\",\"width\":500,\"height\":250,\"caption\":\"R\u00e9plique Manga Cin\u00e9\"},\"image\":{\"@id\":\"https:\\\/\\\/repliquemangacine.fr\\\/#\\\/schema\\\/logo\\\/image\\\/\"},\"sameAs\":[\"https:\\\/\\\/www.facebook.com\\\/RepliqueMangaCine\",\"https:\\\/\\\/www.instagram.com\\\/repliquemangacine.fr\\\/\"]}]}<\/script>\n<!-- \/ Yoast SEO plugin. -->","yoast_head_json":{"title":"Katana Kusanagi Schwert Sasuke Naruto - Online Shop | RMC","description":"Kaufen Sie schnell! Ihr Katana Kusanagi Schwert Sasuke zum besten Preis. Klinge aus Stahl - Wei\u00dfe Scheide- Gesamtl\u00e4nge: 102 cm - Versand 24\/48h","robots":{"index":"index","follow":"follow","max-snippet":"max-snippet:-1","max-image-preview":"max-image-preview:large","max-video-preview":"max-video-preview:-1"},"canonical":"https:\/\/repliquemangacine.fr\/de\/naruto-katana\/katana-sasuke-schwert-kusanagi\/","og_locale":"de_DE","og_type":"article","og_title":"Katana Kusanagi Ep\u00e9e Sasuke Naruto - Boutique en ligne | RMC","og_description":"Achetez vite ! Votre Katana Kusanagi Ep\u00e9e Sasuke au meilleur prix. Lame en acier - Fourreau blanc- Longueur totale\u00a0: 102 cm - Envoi 24\/48h","og_url":"https:\/\/repliquemangacine.fr\/de\/naruto-katana\/katana-sasuke-schwert-kusanagi\/","og_site_name":"R\u00e9plique Manga Cin\u00e9","article_publisher":"https:\/\/www.facebook.com\/RepliqueMangaCine","article_modified_time":"2026-03-31T13:00:48+00:00","og_image":[{"width":700,"height":700,"url":"https:\/\/repliquemangacine.fr\/wp-content\/uploads\/2016\/08\/epee-naruto.jpg","type":"image\/jpeg"}],"twitter_card":"summary_large_image","twitter_misc":{"Gesch\u00e4tzte Lesezeit":"2\u00a0Minuten"},"schema":{"@context":"https:\/\/schema.org","@graph":[{"@type":"WebPage","@id":"https:\/\/repliquemangacine.fr\/katana-naruto\/katana-sasuke-epee-kusanagi\/","url":"https:\/\/repliquemangacine.fr\/katana-naruto\/katana-sasuke-epee-kusanagi\/","name":"Katana Kusanagi Schwert Sasuke Naruto - Online Shop | RMC","isPartOf":{"@id":"https:\/\/repliquemangacine.fr\/#website"},"primaryImageOfPage":{"@id":"https:\/\/repliquemangacine.fr\/katana-naruto\/katana-sasuke-epee-kusanagi\/#primaryimage"},"image":{"@id":"https:\/\/repliquemangacine.fr\/katana-naruto\/katana-sasuke-epee-kusanagi\/#primaryimage"},"thumbnailUrl":"https:\/\/repliquemangacine.fr\/wp-content\/uploads\/2016\/08\/epee-naruto.webp","datePublished":"2016-08-27T16:11:15+00:00","dateModified":"2026-03-31T13:00:48+00:00","description":"Kaufen Sie schnell! Ihr Katana Kusanagi Schwert Sasuke zum besten Preis. Klinge aus Stahl - Wei\u00dfe Scheide- Gesamtl\u00e4nge: 102 cm - Versand 24\/48h","breadcrumb":{"@id":"https:\/\/repliquemangacine.fr\/katana-naruto\/katana-sasuke-epee-kusanagi\/#breadcrumb"},"inLanguage":"de","potentialAction":[{"@type":"ReadAction","target":["https:\/\/repliquemangacine.fr\/katana-naruto\/katana-sasuke-epee-kusanagi\/"]}]},{"@type":"ImageObject","inLanguage":"de","@id":"https:\/\/repliquemangacine.fr\/katana-naruto\/katana-sasuke-epee-kusanagi\/#primaryimage","url":"https:\/\/repliquemangacine.fr\/wp-content\/uploads\/2016\/08\/epee-naruto.webp","contentUrl":"https:\/\/repliquemangacine.fr\/wp-content\/uploads\/2016\/08\/epee-naruto.webp","width":700,"height":700,"caption":"Katana Kusanagi Ep\u00e9e Sasuke Naruto support et bandeau"},{"@type":"BreadcrumbList","@id":"https:\/\/repliquemangacine.fr\/katana-naruto\/katana-sasuke-epee-kusanagi\/#breadcrumb","itemListElement":[{"@type":"ListItem","position":1,"name":"Accueil","item":"https:\/\/repliquemangacine.fr\/"},{"@type":"ListItem","position":2,"name":"Produits","item":"https:\/\/repliquemangacine.fr\/boutique\/"},{"@type":"ListItem","position":3,"name":"Katana Sasuk\u00e9 Naruto Pack support + Bandeau"}]},{"@type":"WebSite","@id":"https:\/\/repliquemangacine.fr\/#website","url":"https:\/\/repliquemangacine.fr\/","name":"R\u00e9plique Manga Cin\u00e9","description":"","publisher":{"@id":"https:\/\/repliquemangacine.fr\/#organization"},"potentialAction":[{"@type":"SearchAction","target":{"@type":"EntryPoint","urlTemplate":"https:\/\/repliquemangacine.fr\/?s={search_term_string}"},"query-input":{"@type":"PropertyValueSpecification","valueRequired":true,"valueName":"search_term_string"}}],"inLanguage":"de"},{"@type":"Organization","@id":"https:\/\/repliquemangacine.fr\/#organization","name":"R\u00e9plique Manga Cin\u00e9","url":"https:\/\/repliquemangacine.fr\/","logo":{"@type":"ImageObject","inLanguage":"de","@id":"https:\/\/repliquemangacine.fr\/#\/schema\/logo\/image\/","url":"https:\/\/repliquemangacine.fr\/wp-content\/uploads\/2023\/10\/RMC-500250.png","contentUrl":"https:\/\/repliquemangacine.fr\/wp-content\/uploads\/2023\/10\/RMC-500250.png","width":500,"height":250,"caption":"R\u00e9plique Manga Cin\u00e9"},"image":{"@id":"https:\/\/repliquemangacine.fr\/#\/schema\/logo\/image\/"},"sameAs":["https:\/\/www.facebook.com\/RepliqueMangaCine","https:\/\/www.instagram.com\/repliquemangacine.fr\/"]}]}},"_links":{"self":[{"href":"https:\/\/repliquemangacine.fr\/de\/wp-json\/wp\/v2\/product\/25380","targetHints":{"allow":["GET"]}}],"collection":[{"href":"https:\/\/repliquemangacine.fr\/de\/wp-json\/wp\/v2\/product"}],"about":[{"href":"https:\/\/repliquemangacine.fr\/de\/wp-json\/wp\/v2\/types\/product"}],"wp:featuredmedia":[{"embeddable":true,"href":"https:\/\/repliquemangacine.fr\/de\/wp-json\/wp\/v2\/media\/97278"}],"wp:attachment":[{"href":"https:\/\/repliquemangacine.fr\/de\/wp-json\/wp\/v2\/media?parent=25380"}],"wp:term":[{"taxonomy":"product_brand","embeddable":true,"href":"https:\/\/repliquemangacine.fr\/de\/wp-json\/wp\/v2\/product_brand?post=25380"},{"taxonomy":"product_cat","embeddable":true,"href":"https:\/\/repliquemangacine.fr\/de\/wp-json\/wp\/v2\/product_cat?post=25380"},{"taxonomy":"product_tag","embeddable":true,"href":"https:\/\/repliquemangacine.fr\/de\/wp-json\/wp\/v2\/product_tag?post=25380"}],"curies":[{"name":"wp","href":"https:\/\/api.w.org\/{rel}","templated":true}]}}