





{"id":25374,"date":"2016-08-27T17:46:00","date_gmt":"2016-08-27T15:46:00","guid":{"rendered":"https:\/\/repliquemangacine.fr\/?post_type=product&#038;p=25374"},"modified":"2026-04-18T09:45:02","modified_gmt":"2026-04-18T07:45:02","slug":"schwert-kusanagi-sasuke-naruto","status":"publish","type":"product","link":"https:\/\/repliquemangacine.fr\/de\/katana-naruto\/epee-kusanagi-sasuke-naruto\/","title":{"rendered":"Sasuk\u00e9-Schwert - Katana Kusanagi Pack Halterung + Stirnband"},"content":{"rendered":"<h2>Schwert Kusanagi Katana Sasuke Naruto.<\/h2>\n<p>Zu Beginn wird die<strong>Schwert Kusanagi Katana sasuke<\/strong> Naruto, animierte Version im Gegensatz zur Manga-Version mit seinem wei\u00dfen Katana.<\/p>\n<p>Zun\u00e4chst einmal ist es ein legend\u00e4res japanisches Schwert, das in diesem Land so wichtig ist wie Excalibur in England. Es ist eines der drei Regalien des japanischen Kaiserthrons.<br \/>\nSeine Darstellung in der japanischen Kultur, in Filmen, Animes und Romanen, variiert stark. Jeder Autor hat seine eigene Vorstellung und sein eigenes Design davon.<\/p>\n<p>So im Anime-Manga<a href=\"https:\/\/naruto.fandom.com\/fr\/wiki\/Accueil\" target=\"_blank\" rel=\"noopener noreferrer\"> Naruto<\/a>Orochimaru besitzt das Schwert von Kusanagi, das st\u00e4rker als Diamant sein soll.<br \/>\nEr benutzt es, um den dritten Hokage bei der Abschlusspr\u00fcfung der Ch\u016bnin zu t\u00f6ten. Sasuke verf\u00fcgt \u00fcber eine andere Version des Kusanagi-Schwerts, es ist nicht das gleiche, verf\u00fcgt aber \u00fcber den gleichen Namen.<\/p>\n<h2>Ihr Kusanagi Katana Schwert Sasuke von Naruto zum besten Preis.<\/h2>\n<p>Wir bieten dir alle Spr\u00fcche deiner Lieblingsfiguren in diesem Naruto-Animationsmanga.<\/p>\n<p>Zun\u00e4chst einmal,<\/p>\n<ul>\n<li>L'<a href=\"https:\/\/repliquemangacine.fr\/de\/naruto-katana\/schwert-von-zabuza-schwert-kubikiribocho\/\">Schwert Kubikirib\u00f4ch\u00f4<\/a> von Zabuza Momochi, der wie ein riesiges Fleischermesser aussieht.<\/li>\n<li>Aber auch das <a href=\"https:\/\/repliquemangacine.fr\/de\/naruto\/groses-naruto-kunai\/\">gro\u00dfer Kunai<\/a> aus Metall sowie die Chakraklingen.<\/li>\n<li>Und viele andere, die es in unserem Online-Shop zu entdecken gibt!<\/li>\n<\/ul>\n<p>Deshalb sind hier einige tolle Geschenkideen f\u00fcr Naruto-Fans.<\/p>\n<p>Abschlie\u00dfend k\u00f6nnen Sie auch diesen <strong>Schwert Kusanagi Katana Sasuke<\/strong> Naruto f\u00fcr Ihre Cosplay-Parade oder Ihre Themenabende. Vor allem aber ist das Naruto Sasuk\u00e9-Schwert auch ein Sammler- und Dekorationsst\u00fcck.<\/p>\n<h2>Wie pflegt man die Klinge von Narutos Katana?<\/h2>\n<p>Katanas f\u00fcr Sammlungen und Dekorationen werden auf vereinfachte Weise hergestellt und zusammengebaut. Da sie zu Dekorationszwecken verwendet werden, fehlen ihnen die Sicherheitsmerkmale, die ein japanisches Schwert f\u00fcr Trainingszwecke aufweisen muss.<\/p>\n<p>Allerdings ist Ihr <strong>Schwert Kusanagi Katana Sasuke<\/strong> zu einer Stahlklinge, die gepflegt werden muss, damit sie nicht mit der Zeit abgenutzt wird. Denn wenn du dein Katana ausstellst, werden deine Freunde neugierig sein, die Klinge zu sehen und sie zu ber\u00fchren. Hier ist Vorsicht geboten, denn Sie sollten wissen, dass die S\u00e4ure der Finger dem Stahl unabh\u00e4ngig von seiner Qualit\u00e4t sehr schadet.<\/p>\n<p>Wenn dies jedoch passiert, keine Panik, Sie brauchen nur ein Tuch, das mit etwas \u00d6l befeuchtet ist, und wischen die Fingerabdr\u00fccke ab. Wenn Sie dies tun, werden Sie Ihr Schwert sehr lange behalten.<\/p>\n<p><strong>\u00a0<\/strong><\/p>","protected":false},"excerpt":{"rendered":"<p>Sasuke Uchiwa ist mit einem chokut\u014d ausgestattet, das er Kusanagi-Schwert nennt. Wir bieten es Ihnen in Version 2 an.<\/p>\n<ul>\n<li>Die gerade Klinge aus Stahl.<\/li>\n<li>Wache mit dem Zeichen der Uchiwas<\/li>\n<li>Scheide ganz aus schwarzem Holz.<\/li>\n<li>L\u00e4nge der Klinge: 69cm - Gesamtl\u00e4nge: 102cm - Gewicht: 800grs.<\/li>\n<li><strong>Wird mit seinem Pr\u00e4sentationsst\u00e4nder und seinem Banner geliefert<\/strong><\/li>\n<\/ul>\n<p>&nbsp;<\/p>","protected":false},"featured_media":97275,"template":"","meta":[],"product_brand":[896],"product_cat":[109],"product_tag":[],"class_list":{"0":"post-25374","1":"product","2":"type-product","3":"status-publish","4":"has-post-thumbnail","6":"product_brand-replique-manga-cine","7":"product_cat-katana-naruto","9":"first","10":"instock","11":"featured","12":"taxable","13":"shipping-taxable","14":"purchasable","15":"product-type-simple"},"yoast_head":"<!-- This site is optimized with the Yoast SEO plugin v27.5 - https:\/\/yoast.com\/product\/yoast-seo-wordpress\/ -->\n<title>Ep\u00e9e Kusanagi Katana Sasuke Naruto - Boutique en ligne | RMC<\/title>\n<meta name=\"description\" content=\"Commandez vite ! Votre Ep\u00e9e Kusanagi Katana Sasuke dans Naruto au meilleur prix. Lame acier - Fourreau noir - Longueur totale : 102cm - Envoi 24\/48h\" \/>\n<meta name=\"robots\" content=\"index, follow, max-snippet:-1, max-image-preview:large, max-video-preview:-1\" \/>\n<link rel=\"canonical\" href=\"https:\/\/repliquemangacine.fr\/de\/naruto-katana\/schwert-kusanagi-sasuke-naruto\/\" \/>\n<meta property=\"og:locale\" content=\"de_DE\" \/>\n<meta property=\"og:type\" content=\"article\" \/>\n<meta property=\"og:title\" content=\"Ep\u00e9e Kusanagi Katana Sasuke Naruto - Boutique en ligne | RMC\" \/>\n<meta property=\"og:description\" content=\"Commandez vite ! Votre Ep\u00e9e Kusanagi Katana Sasuke dans Naruto au meilleur prix. Lame acier - Fourreau noir - Longueur totale : 102cm - Envoi 24\/48h\" \/>\n<meta property=\"og:url\" content=\"https:\/\/repliquemangacine.fr\/de\/naruto-katana\/schwert-kusanagi-sasuke-naruto\/\" \/>\n<meta property=\"og:site_name\" content=\"R\u00e9plique Manga Cin\u00e9\" \/>\n<meta property=\"article:publisher\" content=\"https:\/\/www.facebook.com\/RepliqueMangaCine\" \/>\n<meta property=\"article:modified_time\" content=\"2026-04-18T07:45:02+00:00\" \/>\n<meta property=\"og:image\" content=\"https:\/\/repliquemangacine.fr\/wp-content\/uploads\/2016\/08\/epee-sasuke-noir.webp\" \/>\n\t<meta property=\"og:image:width\" content=\"700\" \/>\n\t<meta property=\"og:image:height\" content=\"700\" \/>\n\t<meta property=\"og:image:type\" content=\"image\/webp\" \/>\n<meta name=\"twitter:card\" content=\"summary_large_image\" \/>\n<meta name=\"twitter:label1\" content=\"Gesch\u00e4tzte Lesezeit\" \/>\n\t<meta name=\"twitter:data1\" content=\"3\u00a0Minuten\" \/>\n<script type=\"application\/ld+json\" class=\"yoast-schema-graph\">{\"@context\":\"https:\\\/\\\/schema.org\",\"@graph\":[{\"@type\":\"WebPage\",\"@id\":\"https:\\\/\\\/repliquemangacine.fr\\\/katana-naruto\\\/epee-kusanagi-sasuke-naruto\\\/\",\"url\":\"https:\\\/\\\/repliquemangacine.fr\\\/katana-naruto\\\/epee-kusanagi-sasuke-naruto\\\/\",\"name\":\"Ep\u00e9e Kusanagi Katana Sasuke Naruto - Boutique en ligne | RMC\",\"isPartOf\":{\"@id\":\"https:\\\/\\\/repliquemangacine.fr\\\/#website\"},\"primaryImageOfPage\":{\"@id\":\"https:\\\/\\\/repliquemangacine.fr\\\/katana-naruto\\\/epee-kusanagi-sasuke-naruto\\\/#primaryimage\"},\"image\":{\"@id\":\"https:\\\/\\\/repliquemangacine.fr\\\/katana-naruto\\\/epee-kusanagi-sasuke-naruto\\\/#primaryimage\"},\"thumbnailUrl\":\"https:\\\/\\\/repliquemangacine.fr\\\/wp-content\\\/uploads\\\/2016\\\/08\\\/epee-sasuke-noir.webp\",\"datePublished\":\"2016-08-27T15:46:00+00:00\",\"dateModified\":\"2026-04-18T07:45:02+00:00\",\"description\":\"Commandez vite ! Votre Ep\u00e9e Kusanagi Katana Sasuke dans Naruto au meilleur prix. Lame acier - Fourreau noir - Longueur totale : 102cm - Envoi 24\\\/48h\",\"breadcrumb\":{\"@id\":\"https:\\\/\\\/repliquemangacine.fr\\\/katana-naruto\\\/epee-kusanagi-sasuke-naruto\\\/#breadcrumb\"},\"inLanguage\":\"de\",\"potentialAction\":[{\"@type\":\"ReadAction\",\"target\":[\"https:\\\/\\\/repliquemangacine.fr\\\/katana-naruto\\\/epee-kusanagi-sasuke-naruto\\\/\"]}]},{\"@type\":\"ImageObject\",\"inLanguage\":\"de\",\"@id\":\"https:\\\/\\\/repliquemangacine.fr\\\/katana-naruto\\\/epee-kusanagi-sasuke-naruto\\\/#primaryimage\",\"url\":\"https:\\\/\\\/repliquemangacine.fr\\\/wp-content\\\/uploads\\\/2016\\\/08\\\/epee-sasuke-noir.webp\",\"contentUrl\":\"https:\\\/\\\/repliquemangacine.fr\\\/wp-content\\\/uploads\\\/2016\\\/08\\\/epee-sasuke-noir.webp\",\"width\":700,\"height\":700,\"caption\":\"Ep\u00e9e Kusanagi Katana Sasuke one piece avec support et bandeau\"},{\"@type\":\"BreadcrumbList\",\"@id\":\"https:\\\/\\\/repliquemangacine.fr\\\/katana-naruto\\\/epee-kusanagi-sasuke-naruto\\\/#breadcrumb\",\"itemListElement\":[{\"@type\":\"ListItem\",\"position\":1,\"name\":\"Accueil\",\"item\":\"https:\\\/\\\/repliquemangacine.fr\\\/\"},{\"@type\":\"ListItem\",\"position\":2,\"name\":\"Produits\",\"item\":\"https:\\\/\\\/repliquemangacine.fr\\\/boutique\\\/\"},{\"@type\":\"ListItem\",\"position\":3,\"name\":\"Ep\u00e9e sasuk\u00e9 &#8211; Katana Kusanagi Pack support + Bandeau\"}]},{\"@type\":\"WebSite\",\"@id\":\"https:\\\/\\\/repliquemangacine.fr\\\/#website\",\"url\":\"https:\\\/\\\/repliquemangacine.fr\\\/\",\"name\":\"R\u00e9plique Manga Cin\u00e9\",\"description\":\"\",\"publisher\":{\"@id\":\"https:\\\/\\\/repliquemangacine.fr\\\/#organization\"},\"potentialAction\":[{\"@type\":\"SearchAction\",\"target\":{\"@type\":\"EntryPoint\",\"urlTemplate\":\"https:\\\/\\\/repliquemangacine.fr\\\/?s={search_term_string}\"},\"query-input\":{\"@type\":\"PropertyValueSpecification\",\"valueRequired\":true,\"valueName\":\"search_term_string\"}}],\"inLanguage\":\"de\"},{\"@type\":\"Organization\",\"@id\":\"https:\\\/\\\/repliquemangacine.fr\\\/#organization\",\"name\":\"R\u00e9plique Manga Cin\u00e9\",\"url\":\"https:\\\/\\\/repliquemangacine.fr\\\/\",\"logo\":{\"@type\":\"ImageObject\",\"inLanguage\":\"de\",\"@id\":\"https:\\\/\\\/repliquemangacine.fr\\\/#\\\/schema\\\/logo\\\/image\\\/\",\"url\":\"https:\\\/\\\/repliquemangacine.fr\\\/wp-content\\\/uploads\\\/2023\\\/10\\\/RMC-500250.png\",\"contentUrl\":\"https:\\\/\\\/repliquemangacine.fr\\\/wp-content\\\/uploads\\\/2023\\\/10\\\/RMC-500250.png\",\"width\":500,\"height\":250,\"caption\":\"R\u00e9plique Manga Cin\u00e9\"},\"image\":{\"@id\":\"https:\\\/\\\/repliquemangacine.fr\\\/#\\\/schema\\\/logo\\\/image\\\/\"},\"sameAs\":[\"https:\\\/\\\/www.facebook.com\\\/RepliqueMangaCine\",\"https:\\\/\\\/www.instagram.com\\\/repliquemangacine.fr\\\/\"]}]}<\/script>\n<!-- \/ Yoast SEO plugin. -->","yoast_head_json":{"title":"Schwert Kusanagi Katana Sasuke Naruto - Online Shop | RMC","description":"Bestellen Sie schnell! Ihr Kusanagi Katana Schwert Sasuke in Naruto zum besten Preis. Stahlklinge - Schwarze Scheide - Gesamtl\u00e4nge: 102cm - Versand 24\/48h","robots":{"index":"index","follow":"follow","max-snippet":"max-snippet:-1","max-image-preview":"max-image-preview:large","max-video-preview":"max-video-preview:-1"},"canonical":"https:\/\/repliquemangacine.fr\/de\/naruto-katana\/schwert-kusanagi-sasuke-naruto\/","og_locale":"de_DE","og_type":"article","og_title":"Ep\u00e9e Kusanagi Katana Sasuke Naruto - Boutique en ligne | RMC","og_description":"Commandez vite ! Votre Ep\u00e9e Kusanagi Katana Sasuke dans Naruto au meilleur prix. Lame acier - Fourreau noir - Longueur totale : 102cm - Envoi 24\/48h","og_url":"https:\/\/repliquemangacine.fr\/de\/naruto-katana\/schwert-kusanagi-sasuke-naruto\/","og_site_name":"R\u00e9plique Manga Cin\u00e9","article_publisher":"https:\/\/www.facebook.com\/RepliqueMangaCine","article_modified_time":"2026-04-18T07:45:02+00:00","og_image":[{"width":700,"height":700,"url":"https:\/\/repliquemangacine.fr\/wp-content\/uploads\/2016\/08\/epee-sasuke-noir.webp","type":"image\/webp"}],"twitter_card":"summary_large_image","twitter_misc":{"Gesch\u00e4tzte Lesezeit":"3\u00a0Minuten"},"schema":{"@context":"https:\/\/schema.org","@graph":[{"@type":"WebPage","@id":"https:\/\/repliquemangacine.fr\/katana-naruto\/epee-kusanagi-sasuke-naruto\/","url":"https:\/\/repliquemangacine.fr\/katana-naruto\/epee-kusanagi-sasuke-naruto\/","name":"Schwert Kusanagi Katana Sasuke Naruto - Online Shop | RMC","isPartOf":{"@id":"https:\/\/repliquemangacine.fr\/#website"},"primaryImageOfPage":{"@id":"https:\/\/repliquemangacine.fr\/katana-naruto\/epee-kusanagi-sasuke-naruto\/#primaryimage"},"image":{"@id":"https:\/\/repliquemangacine.fr\/katana-naruto\/epee-kusanagi-sasuke-naruto\/#primaryimage"},"thumbnailUrl":"https:\/\/repliquemangacine.fr\/wp-content\/uploads\/2016\/08\/epee-sasuke-noir.webp","datePublished":"2016-08-27T15:46:00+00:00","dateModified":"2026-04-18T07:45:02+00:00","description":"Bestellen Sie schnell! Ihr Kusanagi Katana Schwert Sasuke in Naruto zum besten Preis. Stahlklinge - Schwarze Scheide - Gesamtl\u00e4nge: 102cm - Versand 24\/48h","breadcrumb":{"@id":"https:\/\/repliquemangacine.fr\/katana-naruto\/epee-kusanagi-sasuke-naruto\/#breadcrumb"},"inLanguage":"de","potentialAction":[{"@type":"ReadAction","target":["https:\/\/repliquemangacine.fr\/katana-naruto\/epee-kusanagi-sasuke-naruto\/"]}]},{"@type":"ImageObject","inLanguage":"de","@id":"https:\/\/repliquemangacine.fr\/katana-naruto\/epee-kusanagi-sasuke-naruto\/#primaryimage","url":"https:\/\/repliquemangacine.fr\/wp-content\/uploads\/2016\/08\/epee-sasuke-noir.webp","contentUrl":"https:\/\/repliquemangacine.fr\/wp-content\/uploads\/2016\/08\/epee-sasuke-noir.webp","width":700,"height":700,"caption":"Ep\u00e9e Kusanagi Katana Sasuke one piece avec support et bandeau"},{"@type":"BreadcrumbList","@id":"https:\/\/repliquemangacine.fr\/katana-naruto\/epee-kusanagi-sasuke-naruto\/#breadcrumb","itemListElement":[{"@type":"ListItem","position":1,"name":"Accueil","item":"https:\/\/repliquemangacine.fr\/"},{"@type":"ListItem","position":2,"name":"Produits","item":"https:\/\/repliquemangacine.fr\/boutique\/"},{"@type":"ListItem","position":3,"name":"Ep\u00e9e sasuk\u00e9 &#8211; Katana Kusanagi Pack support + Bandeau"}]},{"@type":"WebSite","@id":"https:\/\/repliquemangacine.fr\/#website","url":"https:\/\/repliquemangacine.fr\/","name":"R\u00e9plique Manga Cin\u00e9","description":"","publisher":{"@id":"https:\/\/repliquemangacine.fr\/#organization"},"potentialAction":[{"@type":"SearchAction","target":{"@type":"EntryPoint","urlTemplate":"https:\/\/repliquemangacine.fr\/?s={search_term_string}"},"query-input":{"@type":"PropertyValueSpecification","valueRequired":true,"valueName":"search_term_string"}}],"inLanguage":"de"},{"@type":"Organization","@id":"https:\/\/repliquemangacine.fr\/#organization","name":"R\u00e9plique Manga Cin\u00e9","url":"https:\/\/repliquemangacine.fr\/","logo":{"@type":"ImageObject","inLanguage":"de","@id":"https:\/\/repliquemangacine.fr\/#\/schema\/logo\/image\/","url":"https:\/\/repliquemangacine.fr\/wp-content\/uploads\/2023\/10\/RMC-500250.png","contentUrl":"https:\/\/repliquemangacine.fr\/wp-content\/uploads\/2023\/10\/RMC-500250.png","width":500,"height":250,"caption":"R\u00e9plique Manga Cin\u00e9"},"image":{"@id":"https:\/\/repliquemangacine.fr\/#\/schema\/logo\/image\/"},"sameAs":["https:\/\/www.facebook.com\/RepliqueMangaCine","https:\/\/www.instagram.com\/repliquemangacine.fr\/"]}]}},"_links":{"self":[{"href":"https:\/\/repliquemangacine.fr\/de\/wp-json\/wp\/v2\/product\/25374","targetHints":{"allow":["GET"]}}],"collection":[{"href":"https:\/\/repliquemangacine.fr\/de\/wp-json\/wp\/v2\/product"}],"about":[{"href":"https:\/\/repliquemangacine.fr\/de\/wp-json\/wp\/v2\/types\/product"}],"wp:featuredmedia":[{"embeddable":true,"href":"https:\/\/repliquemangacine.fr\/de\/wp-json\/wp\/v2\/media\/97275"}],"wp:attachment":[{"href":"https:\/\/repliquemangacine.fr\/de\/wp-json\/wp\/v2\/media?parent=25374"}],"wp:term":[{"taxonomy":"product_brand","embeddable":true,"href":"https:\/\/repliquemangacine.fr\/de\/wp-json\/wp\/v2\/product_brand?post=25374"},{"taxonomy":"product_cat","embeddable":true,"href":"https:\/\/repliquemangacine.fr\/de\/wp-json\/wp\/v2\/product_cat?post=25374"},{"taxonomy":"product_tag","embeddable":true,"href":"https:\/\/repliquemangacine.fr\/de\/wp-json\/wp\/v2\/product_tag?post=25374"}],"curies":[{"name":"wp","href":"https:\/\/api.w.org\/{rel}","templated":true}]}}