





{"id":25365,"date":"2016-08-25T20:18:39","date_gmt":"2016-08-25T18:18:39","guid":{"rendered":"https:\/\/repliquemangacine.fr\/?post_type=product&#038;p=25365"},"modified":"2026-04-06T20:41:28","modified_gmt":"2026-04-06T18:41:28","slug":"sabel-kokuto-yoru-dracule-schwert-mihawk-one-piece","status":"publish","type":"product","link":"https:\/\/repliquemangacine.fr\/de\/repliques-manga-jeux-video\/sabre-kokuto-yoru-epee-de-dracule-mihawk-one-piece\/","title":{"rendered":"Mihawk-Schwert Yoru-S\u00e4bel"},"content":{"rendered":"<h2>Schwert Mihawk S\u00e4bel Yoru in One Piece.<\/h2>\n<p>Zu Beginn wird die<strong>Mihawk-Schwert Yoru-S\u00e4bel<\/strong> ist eines der m\u00e4chtigsten Schwerter der Welt.<\/p>\n<p>Dracule Mihawk, der auch unter dem Spitznamen Falkenauge bekannt ist, gilt als der gr\u00f6\u00dfte Schwertk\u00e4mpfer der Welt. Alle Schwertk\u00e4mpfer auf der ganzen Welt wollen sich mit ihm messen.<\/p>\n<p>Die <a href=\"https:\/\/onepiece.fandom.com\/fr\/wiki\/Yoru\" target=\"_blank\" rel=\"noopener noreferrer\">Kokuto Yoru<\/a> geh\u00f6rt zur Kategorie der 12 Saijo \u00f4 Wazamono. Er geh\u00f6rt Mihawk, einem ehemaligen Mitglied der 7 Korsarenhauptm\u00e4nner. Kotuto Yuro bedeutet \"Das schwarze Schwert der Nacht\". Schwerter mit schwarzen Klingen gelten als unzerst\u00f6rbar, laut Roronoa Zoro \"Man sagt, dass schwarze Klingen so stark sind, dass die Ladung eines w\u00fctenden Dinosauriers sie nicht einmal zerschmettern w\u00fcrde\".<\/p>\n<h2>Ihr Mihawk Schwert S\u00e4bel Yoru zum besten Preis<\/h2>\n<p>Wir bieten dir alle Spr\u00fcche deiner Lieblingscharaktere in diesem One Piece Anime-Manga.<\/p>\n<p>Zun\u00e4chst einmal,<\/p>\n<ul>\n<li>Finden Sie die Goodies unsere <a href=\"https:\/\/repliquemangacine.fr\/de\/verschiedene-goodies\/tapis-souris-60-x-40-cm-one-piece\/\">Mauspad One Piece<\/a><\/li>\n<li>Sowie unsere One Piece Schl\u00fcsselanh\u00e4nger wie das <a href=\"https:\/\/repliquemangacine.fr\/de\/one-piece\/porte-cles-symbole-one-piece\/\">Schl\u00fcsselanh\u00e4nger Symbol One Piece<\/a>.<\/li>\n<li>Nat\u00fcrlich gibt es auch all die Katanas, Schwerter und S\u00e4bel aus One Piece.<\/li>\n<li>Und viele andere, die es in unserem Online-Shop zu entdecken gibt!<\/li>\n<\/ul>\n<p>Deshalb gibt es hier tolle Geschenkideen f\u00fcr alle One Piece-Fans.<\/p>\n<p>Abschlie\u00dfend k\u00f6nnen wir auch diese <strong>Mihawk-Schwert Yoru-S\u00e4bel<\/strong> f\u00fcr Ihre Cosplay-Parade oder Ihre Themenabende. Vor allem aber ist das Kokuto Yoru Schwert auch ein Sammler- und Dekorationsst\u00fcck.<\/p>\n<h2>Wie pflegt man die Klinge seines Mihawk-Katanas?<\/h2>\n<p>Katanas f\u00fcr Sammlungen und Dekorationen werden auf vereinfachte Weise hergestellt und zusammengebaut. Da sie zu Dekorationszwecken verwendet werden, fehlen ihnen die Sicherheitsmerkmale, die ein japanisches Schwert f\u00fcr Trainingszwecke aufweisen muss.<\/p>\n<p>Allerdings ist Ihr <strong>Mihawk-Schwert Yoru-S\u00e4bel<\/strong> zu einer Stahlklinge, die gepflegt werden muss, damit sie nicht mit der Zeit abgenutzt wird. Denn wenn Sie Ihr Katana ausstellen, werden Ihre Freunde neugierig sein, die Klinge zu sehen und sie zu ber\u00fchren. Hier ist Vorsicht geboten. Es sei darauf hingewiesen, dass die S\u00e4ure der Finger dem Stahl unabh\u00e4ngig von seiner Qualit\u00e4t sehr schadet.<\/p>\n<p>Wenn das passiert, keine Panik, Sie brauchen nur ein Tuch, das Sie mit etwas \u00d6l befeuchten und die Fingerabdr\u00fccke abwischen. Wenn Sie dies tun, werden Sie Ihr Schwert sehr lange behalten.<\/p>","protected":false},"excerpt":{"rendered":"<p>Kokuto Yoru ist das schwarze Schwert, das als eines der zw\u00f6lf m\u00e4chtigsten Schwerter der Welt gilt,<\/p>\n<ul>\n<li>Riesige schwarze Klinge aus nicht scharfem Stahl.<\/li>\n<li>Mit kleinen Details geschnitzter und mit Harzjuwelen verzierter Griff.<\/li>\n<li>Griff mit einem Riemen aus wei\u00dfer Baumwolle \u00fcberzogen.<\/li>\n<li>Transportscheide aus Kunstleder.<\/li>\n<li>L\u00e4nge der Klinge: 90cm -Gesamtl\u00e4nge: 126cm<\/li>\n<li>Breite des Vorhangs: 36cm - L\u00e4nge des Griffs: 34cm<\/li>\n<\/ul>","protected":false},"featured_media":25366,"template":"","meta":[],"product_brand":[896],"product_cat":[123,23],"product_tag":[],"class_list":{"0":"post-25365","1":"product","2":"type-product","3":"status-publish","4":"has-post-thumbnail","6":"product_brand-replique-manga-cine","7":"product_cat-katana-en-metal-one-piece","8":"product_cat-repliques-manga-jeux-video","10":"first","11":"instock","12":"taxable","13":"shipping-taxable","14":"purchasable","15":"product-type-simple"},"yoast_head":"<!-- This site is optimized with the Yoast SEO plugin v27.5 - https:\/\/yoast.com\/product\/yoast-seo-wordpress\/ -->\n<title>Ep\u00e9e Mihawk Sabre Yoru - One Piece - Boutique en ligne | RMC<\/title>\n<meta name=\"description\" content=\"Achetez vite ! Cette Ep\u00e9e Mihawk Sabre Yoru dans One Pi\u00e8ce. Lame acier - Garde crucifix - Fourreau en cuir. Longueur Totale : 126 cm - Envoi 24\/48h\" \/>\n<meta name=\"robots\" content=\"index, follow, max-snippet:-1, max-image-preview:large, max-video-preview:-1\" \/>\n<link rel=\"canonical\" href=\"https:\/\/repliquemangacine.fr\/de\/repliken-manga-videospiele\/sabel-kokuto-yoru-dracule-schwert-mihawk-one-piece\/\" \/>\n<meta property=\"og:locale\" content=\"de_DE\" \/>\n<meta property=\"og:type\" content=\"article\" \/>\n<meta property=\"og:title\" content=\"Ep\u00e9e Mihawk Sabre Yoru - One Piece - Boutique en ligne | RMC\" \/>\n<meta property=\"og:description\" content=\"Achetez vite ! Cette Ep\u00e9e Mihawk Sabre Yoru dans One Pi\u00e8ce. Lame acier - Garde crucifix - Fourreau en cuir. Longueur Totale : 126 cm - Envoi 24\/48h\" \/>\n<meta property=\"og:url\" content=\"https:\/\/repliquemangacine.fr\/de\/repliken-manga-videospiele\/sabel-kokuto-yoru-dracule-schwert-mihawk-one-piece\/\" \/>\n<meta property=\"og:site_name\" content=\"R\u00e9plique Manga Cin\u00e9\" \/>\n<meta property=\"article:publisher\" content=\"https:\/\/www.facebook.com\/RepliqueMangaCine\" \/>\n<meta property=\"article:modified_time\" content=\"2026-04-06T18:41:28+00:00\" \/>\n<meta property=\"og:image\" content=\"https:\/\/repliquemangacine.fr\/wp-content\/uploads\/2023\/10\/epee-yoru.png\" \/>\n\t<meta property=\"og:image:width\" content=\"500\" \/>\n\t<meta property=\"og:image:height\" content=\"500\" \/>\n\t<meta property=\"og:image:type\" content=\"image\/png\" \/>\n<meta name=\"twitter:card\" content=\"summary_large_image\" \/>\n<meta name=\"twitter:label1\" content=\"Gesch\u00e4tzte Lesezeit\" \/>\n\t<meta name=\"twitter:data1\" content=\"3\u00a0Minuten\" \/>\n<script type=\"application\/ld+json\" class=\"yoast-schema-graph\">{\"@context\":\"https:\\\/\\\/schema.org\",\"@graph\":[{\"@type\":\"WebPage\",\"@id\":\"https:\\\/\\\/repliquemangacine.fr\\\/repliques-manga-jeux-video\\\/sabre-kokuto-yoru-epee-de-dracule-mihawk-one-piece\\\/\",\"url\":\"https:\\\/\\\/repliquemangacine.fr\\\/repliques-manga-jeux-video\\\/sabre-kokuto-yoru-epee-de-dracule-mihawk-one-piece\\\/\",\"name\":\"Ep\u00e9e Mihawk Sabre Yoru - One Piece - Boutique en ligne | RMC\",\"isPartOf\":{\"@id\":\"https:\\\/\\\/repliquemangacine.fr\\\/#website\"},\"primaryImageOfPage\":{\"@id\":\"https:\\\/\\\/repliquemangacine.fr\\\/repliques-manga-jeux-video\\\/sabre-kokuto-yoru-epee-de-dracule-mihawk-one-piece\\\/#primaryimage\"},\"image\":{\"@id\":\"https:\\\/\\\/repliquemangacine.fr\\\/repliques-manga-jeux-video\\\/sabre-kokuto-yoru-epee-de-dracule-mihawk-one-piece\\\/#primaryimage\"},\"thumbnailUrl\":\"https:\\\/\\\/repliquemangacine.fr\\\/wp-content\\\/uploads\\\/2023\\\/10\\\/epee-yoru.png\",\"datePublished\":\"2016-08-25T18:18:39+00:00\",\"dateModified\":\"2026-04-06T18:41:28+00:00\",\"description\":\"Achetez vite ! Cette Ep\u00e9e Mihawk Sabre Yoru dans One Pi\u00e8ce. Lame acier - Garde crucifix - Fourreau en cuir. Longueur Totale : 126 cm - Envoi 24\\\/48h\",\"breadcrumb\":{\"@id\":\"https:\\\/\\\/repliquemangacine.fr\\\/repliques-manga-jeux-video\\\/sabre-kokuto-yoru-epee-de-dracule-mihawk-one-piece\\\/#breadcrumb\"},\"inLanguage\":\"de\",\"potentialAction\":[{\"@type\":\"ReadAction\",\"target\":[\"https:\\\/\\\/repliquemangacine.fr\\\/repliques-manga-jeux-video\\\/sabre-kokuto-yoru-epee-de-dracule-mihawk-one-piece\\\/\"]}]},{\"@type\":\"ImageObject\",\"inLanguage\":\"de\",\"@id\":\"https:\\\/\\\/repliquemangacine.fr\\\/repliques-manga-jeux-video\\\/sabre-kokuto-yoru-epee-de-dracule-mihawk-one-piece\\\/#primaryimage\",\"url\":\"https:\\\/\\\/repliquemangacine.fr\\\/wp-content\\\/uploads\\\/2023\\\/10\\\/epee-yoru.png\",\"contentUrl\":\"https:\\\/\\\/repliquemangacine.fr\\\/wp-content\\\/uploads\\\/2023\\\/10\\\/epee-yoru.png\",\"width\":500,\"height\":500,\"caption\":\"Sabre Kokuto Yoru Mihawk one piece\"},{\"@type\":\"BreadcrumbList\",\"@id\":\"https:\\\/\\\/repliquemangacine.fr\\\/repliques-manga-jeux-video\\\/sabre-kokuto-yoru-epee-de-dracule-mihawk-one-piece\\\/#breadcrumb\",\"itemListElement\":[{\"@type\":\"ListItem\",\"position\":1,\"name\":\"Accueil\",\"item\":\"https:\\\/\\\/repliquemangacine.fr\\\/\"},{\"@type\":\"ListItem\",\"position\":2,\"name\":\"Produits\",\"item\":\"https:\\\/\\\/repliquemangacine.fr\\\/boutique\\\/\"},{\"@type\":\"ListItem\",\"position\":3,\"name\":\"Ep\u00e9e Mihawk Sabre Yoru\"}]},{\"@type\":\"WebSite\",\"@id\":\"https:\\\/\\\/repliquemangacine.fr\\\/#website\",\"url\":\"https:\\\/\\\/repliquemangacine.fr\\\/\",\"name\":\"R\u00e9plique Manga Cin\u00e9\",\"description\":\"\",\"publisher\":{\"@id\":\"https:\\\/\\\/repliquemangacine.fr\\\/#organization\"},\"potentialAction\":[{\"@type\":\"SearchAction\",\"target\":{\"@type\":\"EntryPoint\",\"urlTemplate\":\"https:\\\/\\\/repliquemangacine.fr\\\/?s={search_term_string}\"},\"query-input\":{\"@type\":\"PropertyValueSpecification\",\"valueRequired\":true,\"valueName\":\"search_term_string\"}}],\"inLanguage\":\"de\"},{\"@type\":\"Organization\",\"@id\":\"https:\\\/\\\/repliquemangacine.fr\\\/#organization\",\"name\":\"R\u00e9plique Manga Cin\u00e9\",\"url\":\"https:\\\/\\\/repliquemangacine.fr\\\/\",\"logo\":{\"@type\":\"ImageObject\",\"inLanguage\":\"de\",\"@id\":\"https:\\\/\\\/repliquemangacine.fr\\\/#\\\/schema\\\/logo\\\/image\\\/\",\"url\":\"https:\\\/\\\/repliquemangacine.fr\\\/wp-content\\\/uploads\\\/2023\\\/10\\\/RMC-500250.png\",\"contentUrl\":\"https:\\\/\\\/repliquemangacine.fr\\\/wp-content\\\/uploads\\\/2023\\\/10\\\/RMC-500250.png\",\"width\":500,\"height\":250,\"caption\":\"R\u00e9plique Manga Cin\u00e9\"},\"image\":{\"@id\":\"https:\\\/\\\/repliquemangacine.fr\\\/#\\\/schema\\\/logo\\\/image\\\/\"},\"sameAs\":[\"https:\\\/\\\/www.facebook.com\\\/RepliqueMangaCine\",\"https:\\\/\\\/www.instagram.com\\\/repliquemangacine.fr\\\/\"]}]}<\/script>\n<!-- \/ Yoast SEO plugin. -->","yoast_head_json":{"title":"Schwert Mihawk S\u00e4bel Yoru - One Piece - Online Shop | RMC","description":"Kaufen Sie schnell! Dieses Mihawk Schwert Yoru S\u00e4bel in Einteiler. Stahlklinge - Kruzifix-Griff - Lederscheide. Gesamtl\u00e4nge: 126 cm - Versand 24\/48h","robots":{"index":"index","follow":"follow","max-snippet":"max-snippet:-1","max-image-preview":"max-image-preview:large","max-video-preview":"max-video-preview:-1"},"canonical":"https:\/\/repliquemangacine.fr\/de\/repliken-manga-videospiele\/sabel-kokuto-yoru-dracule-schwert-mihawk-one-piece\/","og_locale":"de_DE","og_type":"article","og_title":"Ep\u00e9e Mihawk Sabre Yoru - One Piece - Boutique en ligne | RMC","og_description":"Achetez vite ! Cette Ep\u00e9e Mihawk Sabre Yoru dans One Pi\u00e8ce. Lame acier - Garde crucifix - Fourreau en cuir. Longueur Totale : 126 cm - Envoi 24\/48h","og_url":"https:\/\/repliquemangacine.fr\/de\/repliken-manga-videospiele\/sabel-kokuto-yoru-dracule-schwert-mihawk-one-piece\/","og_site_name":"R\u00e9plique Manga Cin\u00e9","article_publisher":"https:\/\/www.facebook.com\/RepliqueMangaCine","article_modified_time":"2026-04-06T18:41:28+00:00","og_image":[{"width":500,"height":500,"url":"https:\/\/repliquemangacine.fr\/wp-content\/uploads\/2023\/10\/epee-yoru.png","type":"image\/png"}],"twitter_card":"summary_large_image","twitter_misc":{"Gesch\u00e4tzte Lesezeit":"3\u00a0Minuten"},"schema":{"@context":"https:\/\/schema.org","@graph":[{"@type":"WebPage","@id":"https:\/\/repliquemangacine.fr\/repliques-manga-jeux-video\/sabre-kokuto-yoru-epee-de-dracule-mihawk-one-piece\/","url":"https:\/\/repliquemangacine.fr\/repliques-manga-jeux-video\/sabre-kokuto-yoru-epee-de-dracule-mihawk-one-piece\/","name":"Schwert Mihawk S\u00e4bel Yoru - One Piece - Online Shop | RMC","isPartOf":{"@id":"https:\/\/repliquemangacine.fr\/#website"},"primaryImageOfPage":{"@id":"https:\/\/repliquemangacine.fr\/repliques-manga-jeux-video\/sabre-kokuto-yoru-epee-de-dracule-mihawk-one-piece\/#primaryimage"},"image":{"@id":"https:\/\/repliquemangacine.fr\/repliques-manga-jeux-video\/sabre-kokuto-yoru-epee-de-dracule-mihawk-one-piece\/#primaryimage"},"thumbnailUrl":"https:\/\/repliquemangacine.fr\/wp-content\/uploads\/2023\/10\/epee-yoru.png","datePublished":"2016-08-25T18:18:39+00:00","dateModified":"2026-04-06T18:41:28+00:00","description":"Kaufen Sie schnell! Dieses Mihawk Schwert Yoru S\u00e4bel in Einteiler. Stahlklinge - Kruzifix-Griff - Lederscheide. Gesamtl\u00e4nge: 126 cm - Versand 24\/48h","breadcrumb":{"@id":"https:\/\/repliquemangacine.fr\/repliques-manga-jeux-video\/sabre-kokuto-yoru-epee-de-dracule-mihawk-one-piece\/#breadcrumb"},"inLanguage":"de","potentialAction":[{"@type":"ReadAction","target":["https:\/\/repliquemangacine.fr\/repliques-manga-jeux-video\/sabre-kokuto-yoru-epee-de-dracule-mihawk-one-piece\/"]}]},{"@type":"ImageObject","inLanguage":"de","@id":"https:\/\/repliquemangacine.fr\/repliques-manga-jeux-video\/sabre-kokuto-yoru-epee-de-dracule-mihawk-one-piece\/#primaryimage","url":"https:\/\/repliquemangacine.fr\/wp-content\/uploads\/2023\/10\/epee-yoru.png","contentUrl":"https:\/\/repliquemangacine.fr\/wp-content\/uploads\/2023\/10\/epee-yoru.png","width":500,"height":500,"caption":"Sabre Kokuto Yoru Mihawk one piece"},{"@type":"BreadcrumbList","@id":"https:\/\/repliquemangacine.fr\/repliques-manga-jeux-video\/sabre-kokuto-yoru-epee-de-dracule-mihawk-one-piece\/#breadcrumb","itemListElement":[{"@type":"ListItem","position":1,"name":"Accueil","item":"https:\/\/repliquemangacine.fr\/"},{"@type":"ListItem","position":2,"name":"Produits","item":"https:\/\/repliquemangacine.fr\/boutique\/"},{"@type":"ListItem","position":3,"name":"Ep\u00e9e Mihawk Sabre Yoru"}]},{"@type":"WebSite","@id":"https:\/\/repliquemangacine.fr\/#website","url":"https:\/\/repliquemangacine.fr\/","name":"R\u00e9plique Manga Cin\u00e9","description":"","publisher":{"@id":"https:\/\/repliquemangacine.fr\/#organization"},"potentialAction":[{"@type":"SearchAction","target":{"@type":"EntryPoint","urlTemplate":"https:\/\/repliquemangacine.fr\/?s={search_term_string}"},"query-input":{"@type":"PropertyValueSpecification","valueRequired":true,"valueName":"search_term_string"}}],"inLanguage":"de"},{"@type":"Organization","@id":"https:\/\/repliquemangacine.fr\/#organization","name":"R\u00e9plique Manga Cin\u00e9","url":"https:\/\/repliquemangacine.fr\/","logo":{"@type":"ImageObject","inLanguage":"de","@id":"https:\/\/repliquemangacine.fr\/#\/schema\/logo\/image\/","url":"https:\/\/repliquemangacine.fr\/wp-content\/uploads\/2023\/10\/RMC-500250.png","contentUrl":"https:\/\/repliquemangacine.fr\/wp-content\/uploads\/2023\/10\/RMC-500250.png","width":500,"height":250,"caption":"R\u00e9plique Manga Cin\u00e9"},"image":{"@id":"https:\/\/repliquemangacine.fr\/#\/schema\/logo\/image\/"},"sameAs":["https:\/\/www.facebook.com\/RepliqueMangaCine","https:\/\/www.instagram.com\/repliquemangacine.fr\/"]}]}},"_links":{"self":[{"href":"https:\/\/repliquemangacine.fr\/de\/wp-json\/wp\/v2\/product\/25365","targetHints":{"allow":["GET"]}}],"collection":[{"href":"https:\/\/repliquemangacine.fr\/de\/wp-json\/wp\/v2\/product"}],"about":[{"href":"https:\/\/repliquemangacine.fr\/de\/wp-json\/wp\/v2\/types\/product"}],"wp:featuredmedia":[{"embeddable":true,"href":"https:\/\/repliquemangacine.fr\/de\/wp-json\/wp\/v2\/media\/25366"}],"wp:attachment":[{"href":"https:\/\/repliquemangacine.fr\/de\/wp-json\/wp\/v2\/media?parent=25365"}],"wp:term":[{"taxonomy":"product_brand","embeddable":true,"href":"https:\/\/repliquemangacine.fr\/de\/wp-json\/wp\/v2\/product_brand?post=25365"},{"taxonomy":"product_cat","embeddable":true,"href":"https:\/\/repliquemangacine.fr\/de\/wp-json\/wp\/v2\/product_cat?post=25365"},{"taxonomy":"product_tag","embeddable":true,"href":"https:\/\/repliquemangacine.fr\/de\/wp-json\/wp\/v2\/product_tag?post=25365"}],"curies":[{"name":"wp","href":"https:\/\/api.w.org\/{rel}","templated":true}]}}