





{"id":25347,"date":"2016-08-25T14:25:11","date_gmt":"2016-08-25T12:25:11","guid":{"rendered":"https:\/\/repliquemangacine.fr\/?post_type=product&#038;p=25347"},"modified":"2025-09-23T18:01:28","modified_gmt":"2025-09-23T16:01:28","slug":"katana-kikoku-von-trafalgar-law-143cm-one-piece","status":"publish","type":"product","link":"https:\/\/repliquemangacine.fr\/de\/repliques-manga-jeux-video\/katana-kikoku-de-trafalgar-law-143cm-one-piece\/","title":{"rendered":"Katana Trafalgar Law 143cm"},"content":{"rendered":"<h2>Katana von Trafalgar Law 143cm One Piece<\/h2>\n<p>Zu Beginn wird der <strong>Katana Trafalgar Law 143cm<\/strong> ist eine verfluchte Klinge<\/p>\n<p>Zun\u00e4chst einmal ist Trafalgar Law, mit b\u00fcrgerlichem Namen Trafalgar D. Water Law, der Kapit\u00e4n und Arzt der Heart-Crew, einer Piratencrew, die haupts\u00e4chlich aus \u00c4rzten besteht. Sein Name ist \u00fcbrigens von zwei Niederlagen Napoleons inspiriert: Trafalgar und Waterloo.<\/p>\n<p>Er bedient sich <a href=\"https:\/\/onepiece.fandom.com\/fr\/wiki\/Kikoku\" target=\"_blank\" rel=\"noopener noreferrer\">Kikoku<\/a> als eine Art \"Skalpell\", mit dem man auf gro\u00dfe Entfernungen schneiden kann. Aufgrund seiner Gr\u00f6\u00dfe tr\u00e4gt Trafalgar dieses Schwert normalerweise \u00fcber der Schulter, im Gegensatz zu den anderen S\u00e4bel- und Schwertk\u00e4mpfern der Serie. Die ihre Waffen normalerweise auf dem R\u00fccken oder an der H\u00fcfte tragen. Law bittet manchmal Bepo, ein Mitglied seiner Crew, das Schwert f\u00fcr ihn zu tragen.<\/p>\n<h2>Ihr Katana von Trafalgar Law 143cm zum besten Preis<\/h2>\n<p>Wir bieten dir alle Spr\u00fcche deiner Lieblingscharaktere aus dem Anime-Manga One Piece.<\/p>\n<p>Zun\u00e4chst einmal,<strong><br \/>\n<\/strong><\/p>\n<ul>\n<li>Finden Sie auch die Kurzversion des S\u00e4bels von Trafalgar Law, <a href=\"https:\/\/repliquemangacine.fr\/de\/katana-one-piece\/epee-trafalgar-law-noir-one-piece\/\">Katana Kikoku<\/a> black version.<\/li>\n<li>Sowie das neue <a href=\"https:\/\/repliquemangacine.fr\/de\/one-piece\/nidai-kitetsu-schwert-von-luffy-one-piece\/\">Luffys Katana Nidai Kitetsu<\/a> mit seinem ganz eigenen Look.<\/li>\n<li>Und noch viel mehr, das es in unserem Online-Shop zu entdecken gibt.<\/li>\n<\/ul>\n<p>Deshalb gibt es hier tolle Geschenkideen f\u00fcr alle One Piece-Fans.<\/p>\n<p>Abschlie\u00dfend k\u00f6nnen Sie auch diesen <strong>Katana von Trafalgar Law 143cm<\/strong> f\u00fcr Ihre Cosplay-Parade oder Ihre Themenabende. Vor allem aber ist das Kikoku-Schwert auch ein Sammler- und Dekorationsst\u00fcck.<\/p>\n<h2>Wie pflegt man die Klinge seines Katanas aus One Piece?<\/h2>\n<p>Katanas f\u00fcr Sammlungen und Dekorationen werden auf vereinfachte Weise hergestellt und zusammengebaut. Da sie zu Dekorationszwecken verwendet werden, fehlen ihnen die Sicherheitsmerkmale, die ein japanisches Schwert f\u00fcr Trainingszwecke aufweisen muss.<\/p>\n<p>Allerdings ist Ihr <strong>Katana von Trafalgar Law 143cm<\/strong> One Piece hat eine Stahlklinge, die Sie pflegen m\u00fcssen, damit sie nicht mit der Zeit abgenutzt wird. Denn wenn Sie Ihr Katana ausstellen, werden Ihre Freunde neugierig sein, die Klinge zu sehen und sie zu ber\u00fchren. Hier ist Vorsicht geboten, denn Sie sollten wissen, dass die S\u00e4ure der Finger dem Stahl unabh\u00e4ngig von seiner Qualit\u00e4t sehr schadet.<\/p>\n<p>Wenn dies jedoch passiert, keine Panik, Sie brauchen nur ein Tuch, das mit etwas \u00d6l befeuchtet ist, und wischen die Fingerabdr\u00fccke ab. Wenn Sie dies tun, werden Sie Ihr Schwert sehr lange behalten.<\/p>\n<p><strong>\u00a0<\/strong><\/p>","protected":false},"excerpt":{"rendered":"<p>Kikoku ist der Name des Schwertes aus Trafalgar Law. Es ist eine verfluchte Klinge.<\/p>\n<ul>\n<li>Klinge aus Zwei-Ton-Stahl (nicht scharf).<\/li>\n<li>Griff mit braunem Baumwollgeflecht \u00fcberzogen.<\/li>\n<li>Garde aus wei\u00dfem Kunstpelz.<\/li>\n<li>Scheide aus schwarz lackiertem Holz mit wei\u00dfen Kreuzen verziert.<\/li>\n<li><strong>Gr\u00f6\u00dfe des Replikats 143 cm<\/strong><\/li>\n<\/ul>","protected":false},"featured_media":25348,"template":"","meta":[],"product_brand":[896],"product_cat":[123,23],"product_tag":[],"class_list":{"0":"post-25347","1":"product","2":"type-product","3":"status-publish","4":"has-post-thumbnail","6":"product_brand-replique-manga-cine","7":"product_cat-katana-en-metal-one-piece","8":"product_cat-repliques-manga-jeux-video","10":"first","11":"instock","12":"taxable","13":"shipping-taxable","14":"purchasable","15":"product-type-simple"},"yoast_head":"<!-- This site is optimized with the Yoast SEO plugin v27.5 - https:\/\/yoast.com\/product\/yoast-seo-wordpress\/ -->\n<title>Katana Trafalgar Law 143cm One Piece - Boutique en ligne | RMC<\/title>\n<meta name=\"description\" content=\"Achetez vite ! Ce grand Katana Trafalgar Law 143cm dans One Piece au meilleur prix. Lame acier - Longueur totale 143 cm - Envoi 24\/48h\" \/>\n<meta name=\"robots\" content=\"index, follow, max-snippet:-1, max-image-preview:large, max-video-preview:-1\" \/>\n<link rel=\"canonical\" href=\"https:\/\/repliquemangacine.fr\/de\/repliken-manga-videospiele\/katana-kikoku-von-trafalgar-law-143cm-one-piece\/\" \/>\n<meta property=\"og:locale\" content=\"de_DE\" \/>\n<meta property=\"og:type\" content=\"article\" \/>\n<meta property=\"og:title\" content=\"Katana Trafalgar Law 143cm One Piece - Boutique en ligne | RMC\" \/>\n<meta property=\"og:description\" content=\"Achetez vite ! Ce grand Katana Trafalgar Law 143cm dans One Piece au meilleur prix. Lame acier - Longueur totale 143 cm - Envoi 24\/48h\" \/>\n<meta property=\"og:url\" content=\"https:\/\/repliquemangacine.fr\/de\/repliken-manga-videospiele\/katana-kikoku-von-trafalgar-law-143cm-one-piece\/\" \/>\n<meta property=\"og:site_name\" content=\"R\u00e9plique Manga Cin\u00e9\" \/>\n<meta property=\"article:publisher\" content=\"https:\/\/www.facebook.com\/RepliqueMangaCine\" \/>\n<meta property=\"article:modified_time\" content=\"2025-09-23T16:01:28+00:00\" \/>\n<meta property=\"og:image\" content=\"https:\/\/repliquemangacine.fr\/wp-content\/uploads\/2023\/10\/trafalgar-long.png\" \/>\n\t<meta property=\"og:image:width\" content=\"500\" \/>\n\t<meta property=\"og:image:height\" content=\"500\" \/>\n\t<meta property=\"og:image:type\" content=\"image\/png\" \/>\n<meta name=\"twitter:card\" content=\"summary_large_image\" \/>\n<meta name=\"twitter:label1\" content=\"Gesch\u00e4tzte Lesezeit\" \/>\n\t<meta name=\"twitter:data1\" content=\"3\u00a0Minuten\" \/>\n<script type=\"application\/ld+json\" class=\"yoast-schema-graph\">{\"@context\":\"https:\\\/\\\/schema.org\",\"@graph\":[{\"@type\":\"WebPage\",\"@id\":\"https:\\\/\\\/repliquemangacine.fr\\\/de\\\/repliken-manga-videospiele\\\/katana-kikoku-von-trafalgar-law-143cm-one-piece\\\/\",\"url\":\"https:\\\/\\\/repliquemangacine.fr\\\/de\\\/repliken-manga-videospiele\\\/katana-kikoku-von-trafalgar-law-143cm-one-piece\\\/\",\"name\":\"Katana Trafalgar Law 143cm One Piece - Boutique en ligne | RMC\",\"isPartOf\":{\"@id\":\"https:\\\/\\\/repliquemangacine.fr\\\/#website\"},\"primaryImageOfPage\":{\"@id\":\"https:\\\/\\\/repliquemangacine.fr\\\/de\\\/repliken-manga-videospiele\\\/katana-kikoku-von-trafalgar-law-143cm-one-piece\\\/#primaryimage\"},\"image\":{\"@id\":\"https:\\\/\\\/repliquemangacine.fr\\\/de\\\/repliken-manga-videospiele\\\/katana-kikoku-von-trafalgar-law-143cm-one-piece\\\/#primaryimage\"},\"thumbnailUrl\":\"https:\\\/\\\/repliquemangacine.fr\\\/wp-content\\\/uploads\\\/2023\\\/10\\\/trafalgar-long.png\",\"datePublished\":\"2016-08-25T12:25:11+00:00\",\"dateModified\":\"2025-09-23T16:01:28+00:00\",\"description\":\"Achetez vite ! Ce grand Katana Trafalgar Law 143cm dans One Piece au meilleur prix. Lame acier - Longueur totale 143 cm - Envoi 24\\\/48h\",\"breadcrumb\":{\"@id\":\"https:\\\/\\\/repliquemangacine.fr\\\/de\\\/repliken-manga-videospiele\\\/katana-kikoku-von-trafalgar-law-143cm-one-piece\\\/#breadcrumb\"},\"inLanguage\":\"de\",\"potentialAction\":[{\"@type\":\"ReadAction\",\"target\":[\"https:\\\/\\\/repliquemangacine.fr\\\/de\\\/repliken-manga-videospiele\\\/katana-kikoku-von-trafalgar-law-143cm-one-piece\\\/\"]}]},{\"@type\":\"ImageObject\",\"inLanguage\":\"de\",\"@id\":\"https:\\\/\\\/repliquemangacine.fr\\\/de\\\/repliken-manga-videospiele\\\/katana-kikoku-von-trafalgar-law-143cm-one-piece\\\/#primaryimage\",\"url\":\"https:\\\/\\\/repliquemangacine.fr\\\/wp-content\\\/uploads\\\/2023\\\/10\\\/trafalgar-long.png\",\"contentUrl\":\"https:\\\/\\\/repliquemangacine.fr\\\/wp-content\\\/uploads\\\/2023\\\/10\\\/trafalgar-long.png\",\"width\":500,\"height\":500,\"caption\":\"Katana Kikoku Trafalgar Law 143cm one piece\"},{\"@type\":\"BreadcrumbList\",\"@id\":\"https:\\\/\\\/repliquemangacine.fr\\\/de\\\/repliken-manga-videospiele\\\/katana-kikoku-von-trafalgar-law-143cm-one-piece\\\/#breadcrumb\",\"itemListElement\":[{\"@type\":\"ListItem\",\"position\":1,\"name\":\"Accueil\",\"item\":\"https:\\\/\\\/repliquemangacine.fr\\\/\"},{\"@type\":\"ListItem\",\"position\":2,\"name\":\"Produits\",\"item\":\"https:\\\/\\\/repliquemangacine.fr\\\/boutique\\\/\"},{\"@type\":\"ListItem\",\"position\":3,\"name\":\"Katana Trafalgar Law 143cm\"}]},{\"@type\":\"WebSite\",\"@id\":\"https:\\\/\\\/repliquemangacine.fr\\\/#website\",\"url\":\"https:\\\/\\\/repliquemangacine.fr\\\/\",\"name\":\"R\u00e9plique Manga Cin\u00e9\",\"description\":\"\",\"publisher\":{\"@id\":\"https:\\\/\\\/repliquemangacine.fr\\\/#organization\"},\"potentialAction\":[{\"@type\":\"SearchAction\",\"target\":{\"@type\":\"EntryPoint\",\"urlTemplate\":\"https:\\\/\\\/repliquemangacine.fr\\\/?s={search_term_string}\"},\"query-input\":{\"@type\":\"PropertyValueSpecification\",\"valueRequired\":true,\"valueName\":\"search_term_string\"}}],\"inLanguage\":\"de\"},{\"@type\":\"Organization\",\"@id\":\"https:\\\/\\\/repliquemangacine.fr\\\/#organization\",\"name\":\"R\u00e9plique Manga Cin\u00e9\",\"url\":\"https:\\\/\\\/repliquemangacine.fr\\\/\",\"logo\":{\"@type\":\"ImageObject\",\"inLanguage\":\"de\",\"@id\":\"https:\\\/\\\/repliquemangacine.fr\\\/#\\\/schema\\\/logo\\\/image\\\/\",\"url\":\"https:\\\/\\\/repliquemangacine.fr\\\/wp-content\\\/uploads\\\/2023\\\/10\\\/RMC-500250.png\",\"contentUrl\":\"https:\\\/\\\/repliquemangacine.fr\\\/wp-content\\\/uploads\\\/2023\\\/10\\\/RMC-500250.png\",\"width\":500,\"height\":250,\"caption\":\"R\u00e9plique Manga Cin\u00e9\"},\"image\":{\"@id\":\"https:\\\/\\\/repliquemangacine.fr\\\/#\\\/schema\\\/logo\\\/image\\\/\"},\"sameAs\":[\"https:\\\/\\\/www.facebook.com\\\/RepliqueMangaCine\",\"https:\\\/\\\/www.instagram.com\\\/repliquemangacine.fr\\\/\"]}]}<\/script>\n<!-- \/ Yoast SEO plugin. -->","yoast_head_json":{"title":"Katana Trafalgar Law 143cm One Piece - Online Shop | RMC","description":"Kaufen Sie schnell! Dieses gro\u00dfe Katana Trafalgar Law 143cm in One Piece zum besten Preis. Stahlklinge - Gesamtl\u00e4nge 143 cm - Versand 24\/48h","robots":{"index":"index","follow":"follow","max-snippet":"max-snippet:-1","max-image-preview":"max-image-preview:large","max-video-preview":"max-video-preview:-1"},"canonical":"https:\/\/repliquemangacine.fr\/de\/repliken-manga-videospiele\/katana-kikoku-von-trafalgar-law-143cm-one-piece\/","og_locale":"de_DE","og_type":"article","og_title":"Katana Trafalgar Law 143cm One Piece - Boutique en ligne | RMC","og_description":"Achetez vite ! Ce grand Katana Trafalgar Law 143cm dans One Piece au meilleur prix. Lame acier - Longueur totale 143 cm - Envoi 24\/48h","og_url":"https:\/\/repliquemangacine.fr\/de\/repliken-manga-videospiele\/katana-kikoku-von-trafalgar-law-143cm-one-piece\/","og_site_name":"R\u00e9plique Manga Cin\u00e9","article_publisher":"https:\/\/www.facebook.com\/RepliqueMangaCine","article_modified_time":"2025-09-23T16:01:28+00:00","og_image":[{"width":500,"height":500,"url":"https:\/\/repliquemangacine.fr\/wp-content\/uploads\/2023\/10\/trafalgar-long.png","type":"image\/png"}],"twitter_card":"summary_large_image","twitter_misc":{"Gesch\u00e4tzte Lesezeit":"3\u00a0Minuten"},"schema":{"@context":"https:\/\/schema.org","@graph":[{"@type":"WebPage","@id":"https:\/\/repliquemangacine.fr\/de\/repliken-manga-videospiele\/katana-kikoku-von-trafalgar-law-143cm-one-piece\/","url":"https:\/\/repliquemangacine.fr\/de\/repliken-manga-videospiele\/katana-kikoku-von-trafalgar-law-143cm-one-piece\/","name":"Katana Trafalgar Law 143cm One Piece - Online Shop | RMC","isPartOf":{"@id":"https:\/\/repliquemangacine.fr\/#website"},"primaryImageOfPage":{"@id":"https:\/\/repliquemangacine.fr\/de\/repliken-manga-videospiele\/katana-kikoku-von-trafalgar-law-143cm-one-piece\/#primaryimage"},"image":{"@id":"https:\/\/repliquemangacine.fr\/de\/repliken-manga-videospiele\/katana-kikoku-von-trafalgar-law-143cm-one-piece\/#primaryimage"},"thumbnailUrl":"https:\/\/repliquemangacine.fr\/wp-content\/uploads\/2023\/10\/trafalgar-long.png","datePublished":"2016-08-25T12:25:11+00:00","dateModified":"2025-09-23T16:01:28+00:00","description":"Kaufen Sie schnell! Dieses gro\u00dfe Katana Trafalgar Law 143cm in One Piece zum besten Preis. Stahlklinge - Gesamtl\u00e4nge 143 cm - Versand 24\/48h","breadcrumb":{"@id":"https:\/\/repliquemangacine.fr\/de\/repliken-manga-videospiele\/katana-kikoku-von-trafalgar-law-143cm-one-piece\/#breadcrumb"},"inLanguage":"de","potentialAction":[{"@type":"ReadAction","target":["https:\/\/repliquemangacine.fr\/de\/repliken-manga-videospiele\/katana-kikoku-von-trafalgar-law-143cm-one-piece\/"]}]},{"@type":"ImageObject","inLanguage":"de","@id":"https:\/\/repliquemangacine.fr\/de\/repliken-manga-videospiele\/katana-kikoku-von-trafalgar-law-143cm-one-piece\/#primaryimage","url":"https:\/\/repliquemangacine.fr\/wp-content\/uploads\/2023\/10\/trafalgar-long.png","contentUrl":"https:\/\/repliquemangacine.fr\/wp-content\/uploads\/2023\/10\/trafalgar-long.png","width":500,"height":500,"caption":"Katana Kikoku Trafalgar Law 143cm one piece"},{"@type":"BreadcrumbList","@id":"https:\/\/repliquemangacine.fr\/de\/repliken-manga-videospiele\/katana-kikoku-von-trafalgar-law-143cm-one-piece\/#breadcrumb","itemListElement":[{"@type":"ListItem","position":1,"name":"Accueil","item":"https:\/\/repliquemangacine.fr\/"},{"@type":"ListItem","position":2,"name":"Produits","item":"https:\/\/repliquemangacine.fr\/boutique\/"},{"@type":"ListItem","position":3,"name":"Katana Trafalgar Law 143cm"}]},{"@type":"WebSite","@id":"https:\/\/repliquemangacine.fr\/#website","url":"https:\/\/repliquemangacine.fr\/","name":"R\u00e9plique Manga Cin\u00e9","description":"","publisher":{"@id":"https:\/\/repliquemangacine.fr\/#organization"},"potentialAction":[{"@type":"SearchAction","target":{"@type":"EntryPoint","urlTemplate":"https:\/\/repliquemangacine.fr\/?s={search_term_string}"},"query-input":{"@type":"PropertyValueSpecification","valueRequired":true,"valueName":"search_term_string"}}],"inLanguage":"de"},{"@type":"Organization","@id":"https:\/\/repliquemangacine.fr\/#organization","name":"R\u00e9plique Manga Cin\u00e9","url":"https:\/\/repliquemangacine.fr\/","logo":{"@type":"ImageObject","inLanguage":"de","@id":"https:\/\/repliquemangacine.fr\/#\/schema\/logo\/image\/","url":"https:\/\/repliquemangacine.fr\/wp-content\/uploads\/2023\/10\/RMC-500250.png","contentUrl":"https:\/\/repliquemangacine.fr\/wp-content\/uploads\/2023\/10\/RMC-500250.png","width":500,"height":250,"caption":"R\u00e9plique Manga Cin\u00e9"},"image":{"@id":"https:\/\/repliquemangacine.fr\/#\/schema\/logo\/image\/"},"sameAs":["https:\/\/www.facebook.com\/RepliqueMangaCine","https:\/\/www.instagram.com\/repliquemangacine.fr\/"]}]}},"_links":{"self":[{"href":"https:\/\/repliquemangacine.fr\/de\/wp-json\/wp\/v2\/product\/25347","targetHints":{"allow":["GET"]}}],"collection":[{"href":"https:\/\/repliquemangacine.fr\/de\/wp-json\/wp\/v2\/product"}],"about":[{"href":"https:\/\/repliquemangacine.fr\/de\/wp-json\/wp\/v2\/types\/product"}],"wp:featuredmedia":[{"embeddable":true,"href":"https:\/\/repliquemangacine.fr\/de\/wp-json\/wp\/v2\/media\/25348"}],"wp:attachment":[{"href":"https:\/\/repliquemangacine.fr\/de\/wp-json\/wp\/v2\/media?parent=25347"}],"wp:term":[{"taxonomy":"product_brand","embeddable":true,"href":"https:\/\/repliquemangacine.fr\/de\/wp-json\/wp\/v2\/product_brand?post=25347"},{"taxonomy":"product_cat","embeddable":true,"href":"https:\/\/repliquemangacine.fr\/de\/wp-json\/wp\/v2\/product_cat?post=25347"},{"taxonomy":"product_tag","embeddable":true,"href":"https:\/\/repliquemangacine.fr\/de\/wp-json\/wp\/v2\/product_tag?post=25347"}],"curies":[{"name":"wp","href":"https:\/\/api.w.org\/{rel}","templated":true}]}}