





{"id":25326,"date":"2016-08-25T10:29:54","date_gmt":"2016-08-25T08:29:54","guid":{"rendered":"https:\/\/repliquemangacine.fr\/?post_type=product&#038;p=25326"},"modified":"2026-04-28T18:26:29","modified_gmt":"2026-04-28T16:26:29","slug":"katana-schwert-wado-ichimonji-schwert-des-zoro","status":"publish","type":"product","link":"https:\/\/repliquemangacine.fr\/de\/repliques-manga-jeux-video\/katana-sabre-wado-ichimonji-epee-de-zoro\/","title":{"rendered":"Katana wado Ichimonji Zoro"},"content":{"rendered":"<h2>Zoros Katana Wado Ichimonji in One Piece<\/h2>\n<p>Zu Beginn wird Le <strong>Zoros Katana Wado Ichimonji<\/strong> ist das Schwert, das Zoro zwischen seinen Z\u00e4hnen tr\u00e4gt.<\/p>\n<p><a href=\"https:\/\/onepiece.fandom.com\/fr\/wiki\/Wad\u00f4_Ichimonji\" target=\"_blank\" rel=\"noopener noreferrer\">Wado Ichimonji<\/a> ist ein Schwert von gro\u00dfer Bedeutung f\u00fcr Roronoa. Dieses Katana geh\u00f6rte einst seiner Jugendfreundin Kuina und war das ber\u00fchmte Schwert seiner Familie. Dieses Schwert geh\u00f6rt zur Klasse der 21 \u00d4 Wazamono und wurde von Shimotsuki Kozaburo geschmiedet.<\/p>\n<p>Als eines der einundzwanzig besten Katanas der Welt ist das Wad\u00f4 Ichimonji eine extrem starke Klinge. Extrem widerstandsf\u00e4hig, mit einer langlebigen Klinge, wie Mihawk berichtete, als er beide Schwerter von Zoro zerst\u00f6rte und nur dieses eine Schwert standhielt.<\/p>\n<p>Zoro bat seinen Meister K\u00f4shir\u00f4, ihm das Schwert zu geben, und dieser kam der Bitte seines Sch\u00fclers nach dem Tod seiner Tochter nach.<\/p>\n<h2>Ihr Katana Wado Ichimonji von Zoro zum besten Preis.<\/h2>\n<p>Wir bieten dir alle Spr\u00fcche aus dem Anime-Manga One Piece.<\/p>\n<p>Zun\u00e4chst einmal,<\/p>\n<ul>\n<li>Die <a href=\"https:\/\/repliquemangacine.fr\/de\/katana-one-piece\/katana-shusui-zoro-one-piece\/\">Katana Shusui<\/a> genannt \"die Verfluchte\", mit ihrer verzierten Scheide.<\/li>\n<li>Es gibt auch den riesigen <a href=\"https:\/\/repliquemangacine.fr\/de\/katana-one-piece\/sabre-kokuto-yoru-epee-de-dracule-mihawk\/\">Schwert von Mihawk Yoru<\/a> Kokuto.<\/li>\n<li>Sowie das <a href=\"https:\/\/repliquemangacine.fr\/de\/katana-one-piece\/katana-sandai-kitetsu-zoroschwert\/\">Katana Sandai Kitetsu<\/a>Das letzte Schwert der Sandai.<\/li>\n<li>Und viele andere, die es in unserem Online-Shop zu entdecken gibt.<\/li>\n<\/ul>\n<p>Deshalb gibt es hier tolle Geschenkideen f\u00fcr alle One Piece-Fans.<\/p>\n<p>Abschlie\u00dfend k\u00f6nnen Sie auch den <strong>Zoros Katana Wado Ichimonji<\/strong> f\u00fcr Ihre Cosplay-Paraden. Vor allem aber ist das Wado-Schwert Ichimonji, auch ein Sammler- und Dekorationsst\u00fcck.<\/p>\n<h2>Wie pflegt man die Klinge von Zoros Katana?<\/h2>\n<p>Katanas f\u00fcr Sammlungen und Dekorationen werden auf vereinfachte Weise hergestellt und zusammengebaut. Da sie zu Dekorationszwecken verwendet werden, fehlen ihnen die Sicherheitsmerkmale, die ein japanisches Schwert f\u00fcr Trainingszwecke aufweisen muss.<\/p>\n<p>Allerdings ist Ihr <strong>Katana Wado Ichimonji von Zoro<\/strong> One Piece hat eine Stahlklinge, die Sie pflegen m\u00fcssen, damit sie nicht mit der Zeit abgenutzt wird. Denn wenn Sie Ihr Katana ausstellen, werden Ihre Freunde neugierig sein, die Klinge zu sehen und sie zu ber\u00fchren. Hier ist Vorsicht geboten, denn Sie sollten wissen, dass die S\u00e4ure der Finger dem Stahl unabh\u00e4ngig von seiner Qualit\u00e4t sehr schadet.<\/p>\n<p>Wenn dies jedoch passiert, keine Panik, Sie brauchen nur ein Tuch, das mit etwas \u00d6l befeuchtet ist, und wischen die Fingerabdr\u00fccke ab. Wenn Sie dies tun, werden Sie Ihr Schwert sehr lange behalten.<\/p>\n<p>&nbsp;<\/p>","protected":false},"excerpt":{"rendered":"<p>Zoros Schwert Wado Ichimonji ist das Schwert, das er in seinem Mund h\u00e4lt.<\/p>\n<ul>\n<li>Klinge aus 440er Stahl in zwei Farbt\u00f6nen.<\/li>\n<li>Ein Griff mit einem reinwei\u00dfen Baumwollgeflecht.<\/li>\n<li>Kreisf\u00f6rmige Wache aus altem Metall<\/li>\n<li>eine Scheide aus lackiertem Holz in strahlendem Wei\u00df.<\/li>\n<li>L\u00e4nge der Klinge: 68cm - Gesamtl\u00e4nge: 104cm<\/li>\n<\/ul>\n<p>&nbsp;<\/p>","protected":false},"featured_media":25327,"template":"","meta":[],"product_brand":[896],"product_cat":[123,23],"product_tag":[],"class_list":{"0":"post-25326","1":"product","2":"type-product","3":"status-publish","4":"has-post-thumbnail","6":"product_brand-replique-manga-cine","7":"product_cat-katana-en-metal-one-piece","8":"product_cat-repliques-manga-jeux-video","10":"first","11":"instock","12":"taxable","13":"shipping-taxable","14":"purchasable","15":"product-type-simple"},"yoast_head":"<!-- This site is optimized with the Yoast SEO plugin v27.5 - https:\/\/yoast.com\/product\/yoast-seo-wordpress\/ -->\n<title>Katana Wado Ichimonji - One Piece - Boutique en ligne | RMC<\/title>\n<meta name=\"description\" content=\"Commandez vite ! Votre Katana Wado Ichimonji de Zoro dans One Piece au meilleur prix. Lame acier - Retrouvez les 3 sabres de Zoro pas chers - Envoi 24\/48h\" \/>\n<meta name=\"robots\" content=\"index, follow, max-snippet:-1, max-image-preview:large, max-video-preview:-1\" \/>\n<link rel=\"canonical\" href=\"https:\/\/repliquemangacine.fr\/de\/repliken-manga-videospiele\/katana-schwert-wado-ichimonji-schwert-des-zoro\/\" \/>\n<meta property=\"og:locale\" content=\"de_DE\" \/>\n<meta property=\"og:type\" content=\"article\" \/>\n<meta property=\"og:title\" content=\"Katana Wado Ichimonji - One Piece - Boutique en ligne | RMC\" \/>\n<meta property=\"og:description\" content=\"Commandez vite ! Votre Katana Wado Ichimonji de Zoro dans One Piece au meilleur prix. Lame acier - Retrouvez les 3 sabres de Zoro pas chers - Envoi 24\/48h\" \/>\n<meta property=\"og:url\" content=\"https:\/\/repliquemangacine.fr\/de\/repliken-manga-videospiele\/katana-schwert-wado-ichimonji-schwert-des-zoro\/\" \/>\n<meta property=\"og:site_name\" content=\"R\u00e9plique Manga Cin\u00e9\" \/>\n<meta property=\"article:publisher\" content=\"https:\/\/www.facebook.com\/RepliqueMangaCine\" \/>\n<meta property=\"article:modified_time\" content=\"2026-04-28T16:26:29+00:00\" \/>\n<meta property=\"og:image\" content=\"https:\/\/repliquemangacine.fr\/wp-content\/uploads\/2023\/10\/Sabre-Wado-Ichimonji-Zoro.png\" \/>\n\t<meta property=\"og:image:width\" content=\"500\" \/>\n\t<meta property=\"og:image:height\" content=\"500\" \/>\n\t<meta property=\"og:image:type\" content=\"image\/png\" \/>\n<meta name=\"twitter:card\" content=\"summary_large_image\" \/>\n<meta name=\"twitter:label1\" content=\"Gesch\u00e4tzte Lesezeit\" \/>\n\t<meta name=\"twitter:data1\" content=\"3\u00a0Minuten\" \/>\n<script type=\"application\/ld+json\" class=\"yoast-schema-graph\">{\"@context\":\"https:\\\/\\\/schema.org\",\"@graph\":[{\"@type\":\"WebPage\",\"@id\":\"https:\\\/\\\/repliquemangacine.fr\\\/repliques-manga-jeux-video\\\/katana-sabre-wado-ichimonji-epee-de-zoro\\\/\",\"url\":\"https:\\\/\\\/repliquemangacine.fr\\\/repliques-manga-jeux-video\\\/katana-sabre-wado-ichimonji-epee-de-zoro\\\/\",\"name\":\"Katana Wado Ichimonji - One Piece - Boutique en ligne | RMC\",\"isPartOf\":{\"@id\":\"https:\\\/\\\/repliquemangacine.fr\\\/#website\"},\"primaryImageOfPage\":{\"@id\":\"https:\\\/\\\/repliquemangacine.fr\\\/repliques-manga-jeux-video\\\/katana-sabre-wado-ichimonji-epee-de-zoro\\\/#primaryimage\"},\"image\":{\"@id\":\"https:\\\/\\\/repliquemangacine.fr\\\/repliques-manga-jeux-video\\\/katana-sabre-wado-ichimonji-epee-de-zoro\\\/#primaryimage\"},\"thumbnailUrl\":\"https:\\\/\\\/repliquemangacine.fr\\\/wp-content\\\/uploads\\\/2023\\\/10\\\/Sabre-Wado-Ichimonji-Zoro.png\",\"datePublished\":\"2016-08-25T08:29:54+00:00\",\"dateModified\":\"2026-04-28T16:26:29+00:00\",\"description\":\"Commandez vite ! Votre Katana Wado Ichimonji de Zoro dans One Piece au meilleur prix. Lame acier - Retrouvez les 3 sabres de Zoro pas chers - Envoi 24\\\/48h\",\"breadcrumb\":{\"@id\":\"https:\\\/\\\/repliquemangacine.fr\\\/repliques-manga-jeux-video\\\/katana-sabre-wado-ichimonji-epee-de-zoro\\\/#breadcrumb\"},\"inLanguage\":\"de\",\"potentialAction\":[{\"@type\":\"ReadAction\",\"target\":[\"https:\\\/\\\/repliquemangacine.fr\\\/repliques-manga-jeux-video\\\/katana-sabre-wado-ichimonji-epee-de-zoro\\\/\"]}]},{\"@type\":\"ImageObject\",\"inLanguage\":\"de\",\"@id\":\"https:\\\/\\\/repliquemangacine.fr\\\/repliques-manga-jeux-video\\\/katana-sabre-wado-ichimonji-epee-de-zoro\\\/#primaryimage\",\"url\":\"https:\\\/\\\/repliquemangacine.fr\\\/wp-content\\\/uploads\\\/2023\\\/10\\\/Sabre-Wado-Ichimonji-Zoro.png\",\"contentUrl\":\"https:\\\/\\\/repliquemangacine.fr\\\/wp-content\\\/uploads\\\/2023\\\/10\\\/Sabre-Wado-Ichimonji-Zoro.png\",\"width\":500,\"height\":500,\"caption\":\"Sabre Wado Ichimonji Zoro katana zoro\"},{\"@type\":\"BreadcrumbList\",\"@id\":\"https:\\\/\\\/repliquemangacine.fr\\\/repliques-manga-jeux-video\\\/katana-sabre-wado-ichimonji-epee-de-zoro\\\/#breadcrumb\",\"itemListElement\":[{\"@type\":\"ListItem\",\"position\":1,\"name\":\"Accueil\",\"item\":\"https:\\\/\\\/repliquemangacine.fr\\\/\"},{\"@type\":\"ListItem\",\"position\":2,\"name\":\"Produits\",\"item\":\"https:\\\/\\\/repliquemangacine.fr\\\/boutique\\\/\"},{\"@type\":\"ListItem\",\"position\":3,\"name\":\"Katana wado Ichimonji Zoro\"}]},{\"@type\":\"WebSite\",\"@id\":\"https:\\\/\\\/repliquemangacine.fr\\\/#website\",\"url\":\"https:\\\/\\\/repliquemangacine.fr\\\/\",\"name\":\"R\u00e9plique Manga Cin\u00e9\",\"description\":\"\",\"publisher\":{\"@id\":\"https:\\\/\\\/repliquemangacine.fr\\\/#organization\"},\"potentialAction\":[{\"@type\":\"SearchAction\",\"target\":{\"@type\":\"EntryPoint\",\"urlTemplate\":\"https:\\\/\\\/repliquemangacine.fr\\\/?s={search_term_string}\"},\"query-input\":{\"@type\":\"PropertyValueSpecification\",\"valueRequired\":true,\"valueName\":\"search_term_string\"}}],\"inLanguage\":\"de\"},{\"@type\":\"Organization\",\"@id\":\"https:\\\/\\\/repliquemangacine.fr\\\/#organization\",\"name\":\"R\u00e9plique Manga Cin\u00e9\",\"url\":\"https:\\\/\\\/repliquemangacine.fr\\\/\",\"logo\":{\"@type\":\"ImageObject\",\"inLanguage\":\"de\",\"@id\":\"https:\\\/\\\/repliquemangacine.fr\\\/#\\\/schema\\\/logo\\\/image\\\/\",\"url\":\"https:\\\/\\\/repliquemangacine.fr\\\/wp-content\\\/uploads\\\/2023\\\/10\\\/RMC-500250.png\",\"contentUrl\":\"https:\\\/\\\/repliquemangacine.fr\\\/wp-content\\\/uploads\\\/2023\\\/10\\\/RMC-500250.png\",\"width\":500,\"height\":250,\"caption\":\"R\u00e9plique Manga Cin\u00e9\"},\"image\":{\"@id\":\"https:\\\/\\\/repliquemangacine.fr\\\/#\\\/schema\\\/logo\\\/image\\\/\"},\"sameAs\":[\"https:\\\/\\\/www.facebook.com\\\/RepliqueMangaCine\",\"https:\\\/\\\/www.instagram.com\\\/repliquemangacine.fr\\\/\"]}]}<\/script>\n<!-- \/ Yoast SEO plugin. -->","yoast_head_json":{"title":"Katana Wado Ichimonji - One Piece - Online-Shop | RMC","description":"Bestellen Sie schnell! Dein Katana Wado Ichimonji von Zoro aus One Piece zum besten Preis. Stahlklinge - Finden Sie die 3 Schwerter von Zoro billig - Versand 24\/48h","robots":{"index":"index","follow":"follow","max-snippet":"max-snippet:-1","max-image-preview":"max-image-preview:large","max-video-preview":"max-video-preview:-1"},"canonical":"https:\/\/repliquemangacine.fr\/de\/repliken-manga-videospiele\/katana-schwert-wado-ichimonji-schwert-des-zoro\/","og_locale":"de_DE","og_type":"article","og_title":"Katana Wado Ichimonji - One Piece - Boutique en ligne | RMC","og_description":"Commandez vite ! Votre Katana Wado Ichimonji de Zoro dans One Piece au meilleur prix. Lame acier - Retrouvez les 3 sabres de Zoro pas chers - Envoi 24\/48h","og_url":"https:\/\/repliquemangacine.fr\/de\/repliken-manga-videospiele\/katana-schwert-wado-ichimonji-schwert-des-zoro\/","og_site_name":"R\u00e9plique Manga Cin\u00e9","article_publisher":"https:\/\/www.facebook.com\/RepliqueMangaCine","article_modified_time":"2026-04-28T16:26:29+00:00","og_image":[{"width":500,"height":500,"url":"https:\/\/repliquemangacine.fr\/wp-content\/uploads\/2023\/10\/Sabre-Wado-Ichimonji-Zoro.png","type":"image\/png"}],"twitter_card":"summary_large_image","twitter_misc":{"Gesch\u00e4tzte Lesezeit":"3\u00a0Minuten"},"schema":{"@context":"https:\/\/schema.org","@graph":[{"@type":"WebPage","@id":"https:\/\/repliquemangacine.fr\/repliques-manga-jeux-video\/katana-sabre-wado-ichimonji-epee-de-zoro\/","url":"https:\/\/repliquemangacine.fr\/repliques-manga-jeux-video\/katana-sabre-wado-ichimonji-epee-de-zoro\/","name":"Katana Wado Ichimonji - One Piece - Online-Shop | RMC","isPartOf":{"@id":"https:\/\/repliquemangacine.fr\/#website"},"primaryImageOfPage":{"@id":"https:\/\/repliquemangacine.fr\/repliques-manga-jeux-video\/katana-sabre-wado-ichimonji-epee-de-zoro\/#primaryimage"},"image":{"@id":"https:\/\/repliquemangacine.fr\/repliques-manga-jeux-video\/katana-sabre-wado-ichimonji-epee-de-zoro\/#primaryimage"},"thumbnailUrl":"https:\/\/repliquemangacine.fr\/wp-content\/uploads\/2023\/10\/Sabre-Wado-Ichimonji-Zoro.png","datePublished":"2016-08-25T08:29:54+00:00","dateModified":"2026-04-28T16:26:29+00:00","description":"Bestellen Sie schnell! Dein Katana Wado Ichimonji von Zoro aus One Piece zum besten Preis. Stahlklinge - Finden Sie die 3 Schwerter von Zoro billig - Versand 24\/48h","breadcrumb":{"@id":"https:\/\/repliquemangacine.fr\/repliques-manga-jeux-video\/katana-sabre-wado-ichimonji-epee-de-zoro\/#breadcrumb"},"inLanguage":"de","potentialAction":[{"@type":"ReadAction","target":["https:\/\/repliquemangacine.fr\/repliques-manga-jeux-video\/katana-sabre-wado-ichimonji-epee-de-zoro\/"]}]},{"@type":"ImageObject","inLanguage":"de","@id":"https:\/\/repliquemangacine.fr\/repliques-manga-jeux-video\/katana-sabre-wado-ichimonji-epee-de-zoro\/#primaryimage","url":"https:\/\/repliquemangacine.fr\/wp-content\/uploads\/2023\/10\/Sabre-Wado-Ichimonji-Zoro.png","contentUrl":"https:\/\/repliquemangacine.fr\/wp-content\/uploads\/2023\/10\/Sabre-Wado-Ichimonji-Zoro.png","width":500,"height":500,"caption":"Sabre Wado Ichimonji Zoro katana zoro"},{"@type":"BreadcrumbList","@id":"https:\/\/repliquemangacine.fr\/repliques-manga-jeux-video\/katana-sabre-wado-ichimonji-epee-de-zoro\/#breadcrumb","itemListElement":[{"@type":"ListItem","position":1,"name":"Accueil","item":"https:\/\/repliquemangacine.fr\/"},{"@type":"ListItem","position":2,"name":"Produits","item":"https:\/\/repliquemangacine.fr\/boutique\/"},{"@type":"ListItem","position":3,"name":"Katana wado Ichimonji Zoro"}]},{"@type":"WebSite","@id":"https:\/\/repliquemangacine.fr\/#website","url":"https:\/\/repliquemangacine.fr\/","name":"R\u00e9plique Manga Cin\u00e9","description":"","publisher":{"@id":"https:\/\/repliquemangacine.fr\/#organization"},"potentialAction":[{"@type":"SearchAction","target":{"@type":"EntryPoint","urlTemplate":"https:\/\/repliquemangacine.fr\/?s={search_term_string}"},"query-input":{"@type":"PropertyValueSpecification","valueRequired":true,"valueName":"search_term_string"}}],"inLanguage":"de"},{"@type":"Organization","@id":"https:\/\/repliquemangacine.fr\/#organization","name":"R\u00e9plique Manga Cin\u00e9","url":"https:\/\/repliquemangacine.fr\/","logo":{"@type":"ImageObject","inLanguage":"de","@id":"https:\/\/repliquemangacine.fr\/#\/schema\/logo\/image\/","url":"https:\/\/repliquemangacine.fr\/wp-content\/uploads\/2023\/10\/RMC-500250.png","contentUrl":"https:\/\/repliquemangacine.fr\/wp-content\/uploads\/2023\/10\/RMC-500250.png","width":500,"height":250,"caption":"R\u00e9plique Manga Cin\u00e9"},"image":{"@id":"https:\/\/repliquemangacine.fr\/#\/schema\/logo\/image\/"},"sameAs":["https:\/\/www.facebook.com\/RepliqueMangaCine","https:\/\/www.instagram.com\/repliquemangacine.fr\/"]}]}},"_links":{"self":[{"href":"https:\/\/repliquemangacine.fr\/de\/wp-json\/wp\/v2\/product\/25326","targetHints":{"allow":["GET"]}}],"collection":[{"href":"https:\/\/repliquemangacine.fr\/de\/wp-json\/wp\/v2\/product"}],"about":[{"href":"https:\/\/repliquemangacine.fr\/de\/wp-json\/wp\/v2\/types\/product"}],"wp:featuredmedia":[{"embeddable":true,"href":"https:\/\/repliquemangacine.fr\/de\/wp-json\/wp\/v2\/media\/25327"}],"wp:attachment":[{"href":"https:\/\/repliquemangacine.fr\/de\/wp-json\/wp\/v2\/media?parent=25326"}],"wp:term":[{"taxonomy":"product_brand","embeddable":true,"href":"https:\/\/repliquemangacine.fr\/de\/wp-json\/wp\/v2\/product_brand?post=25326"},{"taxonomy":"product_cat","embeddable":true,"href":"https:\/\/repliquemangacine.fr\/de\/wp-json\/wp\/v2\/product_cat?post=25326"},{"taxonomy":"product_tag","embeddable":true,"href":"https:\/\/repliquemangacine.fr\/de\/wp-json\/wp\/v2\/product_tag?post=25326"}],"curies":[{"name":"wp","href":"https:\/\/api.w.org\/{rel}","templated":true}]}}