





{"id":25316,"date":"2016-08-22T18:51:51","date_gmt":"2016-08-22T16:51:51","guid":{"rendered":"https:\/\/repliquemangacine.fr\/?post_type=product&#038;p=25316"},"modified":"2026-04-20T18:43:35","modified_gmt":"2026-04-20T16:43:35","slug":"katana-benihime-shikai-urahara-kisuke-bleach","status":"publish","type":"product","link":"https:\/\/repliquemangacine.fr\/de\/katana-bleach\/katana-benihime-shikai-urahara-kisuke-bleach\/","title":{"rendered":"Katana Kisuke Shikai Benihime"},"content":{"rendered":"<h2>Katana Benihime Shika\u00ef Urahara in Bleach<\/h2>\n<p>Zu Beginn wird der <strong>Katana Benihime Shikai Urahara<\/strong>, Seine versiegelte Zanpakuto-Form ist der Schwertstock Benihime (Scharlachrote Prinzessin).<\/p>\n<p>Um sein Shikai zu aktivieren, <a href=\"https:\/\/bleach.fandom.com\/fr\/wiki\/Kisuke_Urahara?so=search#Shikai_:_Awake,_ou_l\u00e8ve_toi,_Benihime.\" target=\"_blank\" rel=\"noopener noreferrer\">Kisuke<\/a> spricht die folgenden Worte aus: \u201cOkiro, Benihime! \u201d (Wach auf, Benihime! ).<\/p>\n<p>Urahara ist mit seinem Schwert sehr m\u00e4chtig, seine List und seine Beobachtungsgabe sind unglaublich. Seine F\u00e4higkeiten wurden von Espada 4 Ulquiorra als gef\u00e4hrlich eingestuft. Er ist ein sehr geheimnisvoller Mensch, \u00fcber den man anfangs nur wenig wei\u00df.<\/p>\n<p>Er hat einen ziemlich eigenartigen Sinn f\u00fcr Humor. Er ist selten ernst und wirkt eher unbek\u00fcmmert, obwohl dies nur eine Fassade ist. Kisuke ist in Wirklichkeit \u00e4u\u00dferst intelligent und scharfsinnig. Er wei\u00df immer viel mehr als die anderen.<\/p>\n<h2>Ihr Katana Benihime Shika\u00ef Urahara zum besten Preis.<\/h2>\n<p>Wir bieten dir alle Spr\u00fcche deiner Lieblingscharaktere in dem Anime-Manga Bleach.<\/p>\n<ul>\n<li>Nat\u00fcrlich ist die <a href=\"https:\/\/repliquemangacine.fr\/de\/katana-bleach\/rute-benihime-kisuke-urahara-bleach-rute-epee-bleach\/\">Schwertstock Benihime<\/a> die versiegelte Form seines Shikai<\/li>\n<li>Sowie das Schwert <a href=\"https:\/\/repliquemangacine.fr\/de\/katana-bleach\/zangetsu-ichigo-bleach-epee-zanpakuto-ichigo\/\">Shikai Zangetsu<\/a> mit seiner durchbrochenen Klinge<\/li>\n<li>Es gibt auch den <a href=\"https:\/\/repliquemangacine.fr\/de\/katana-bleach\/katana-pantera-grimmjow-bleach\/\">Pantera-Katana<\/a> verwendet von Grimmjow Jaggerjack, mit seinem Z-f\u00f6rmigen Schutz.<\/li>\n<li>Und viele andere, die es in unserem Online-Shop zu entdecken gibt!<\/li>\n<\/ul>\n<p>Deshalb gibt es hier tolle Geschenkideen f\u00fcr Bleach-Fans.<\/p>\n<p>Abschlie\u00dfend k\u00f6nnen Sie den <strong>Katana Benihime Shikai Urahara<\/strong> in Bleach f\u00fcr Ihre Cosplay-Paraden. Vor allem aber ist dieses Schwert Benihime, auch ein Sammler- und Dekorationsst\u00fcck.<\/p>\n<h2>Wie pflegt man die Klinge seines Bleach Katanas?<\/h2>\n<p>Katanas f\u00fcr Sammlungen und Dekorationen werden auf vereinfachte Weise hergestellt und zusammengebaut. Da sie zu Dekorationszwecken verwendet werden, fehlen ihnen die Sicherheitsmerkmale, die ein japanisches Schwert f\u00fcr Trainingszwecke aufweisen muss.<\/p>\n<p>Allerdings ist Ihr <strong>Katana Benihime Shikai Urahara<\/strong> zu einer Stahlklinge, die gepflegt werden muss, damit sie nicht mit der Zeit abgenutzt wird. Denn wenn Sie Ihr Katana ausstellen, werden Ihre Freunde neugierig sein, die Klinge zu sehen und sie zu ber\u00fchren. Hier ist Vorsicht geboten. Es sei darauf hingewiesen, dass die S\u00e4ure der Finger dem Stahl unabh\u00e4ngig von seiner Qualit\u00e4t sehr schadet.<\/p>\n<p>Sollte dies dennoch passieren, keine Panik, Sie brauchen nur ein Tuch, das Sie mit etwas \u00d6l befeuchten und die Fingerabdr\u00fccke abwischen. Wenn Sie dies tun, werden Sie Ihr Schwert sehr lange behalten.<\/p>\n<p><strong>\u00a0<\/strong><\/p>\n<p>&nbsp;<\/p>","protected":false},"excerpt":{"rendered":"<p>Entdecken Sie das Shikai von Urahara und sagen Sie \"Benihime, wach auf!<\/p>\n<ul>\n<li>Nicht-scharfe Stahlklinge<\/li>\n<li>Scheide aus Holz.<\/li>\n<li>Knauf und Schutzblech aus antikisiertem Metall in spezieller Form.<\/li>\n<li>Griff mit schwarzem Baumwollgeflecht \u00fcberzogen.<\/li>\n<li>Gesamtl\u00e4nge: 110 cm - L\u00e4nge der Klinge: 74 cm<\/li>\n<\/ul>","protected":false},"featured_media":25317,"template":"","meta":[],"product_brand":[896],"product_cat":[30,23],"product_tag":[],"class_list":{"0":"post-25316","1":"product","2":"type-product","3":"status-publish","4":"has-post-thumbnail","6":"product_brand-replique-manga-cine","7":"product_cat-katana-bleach","8":"product_cat-repliques-manga-jeux-video","10":"first","11":"instock","12":"taxable","13":"shipping-taxable","14":"purchasable","15":"product-type-simple"},"yoast_head":"<!-- This site is optimized with the Yoast SEO plugin v27.5 - https:\/\/yoast.com\/product\/yoast-seo-wordpress\/ -->\n<title>Katana Benihime Shika\u00ef Urahara Bleach - Boutique en ligne | RMC<\/title>\n<meta name=\"description\" content=\"Commandez vite ! Le Katana Benihime Shika\u00ef Urahara dans Bleach au meilleur prix. Lame acier - Longueur totale : 110cm - Envoi 24\/48h\" \/>\n<meta name=\"robots\" content=\"index, follow, max-snippet:-1, max-image-preview:large, max-video-preview:-1\" \/>\n<link rel=\"canonical\" href=\"https:\/\/repliquemangacine.fr\/de\/katana-bleach\/katana-benihime-shikai-urahara-kisuke-bleach\/\" \/>\n<meta property=\"og:locale\" content=\"de_DE\" \/>\n<meta property=\"og:type\" content=\"article\" \/>\n<meta property=\"og:title\" content=\"Katana Benihime Shika\u00ef Urahara Bleach - Boutique en ligne | RMC\" \/>\n<meta property=\"og:description\" content=\"Commandez vite ! Le Katana Benihime Shika\u00ef Urahara dans Bleach au meilleur prix. Lame acier - Longueur totale : 110cm - Envoi 24\/48h\" \/>\n<meta property=\"og:url\" content=\"https:\/\/repliquemangacine.fr\/de\/katana-bleach\/katana-benihime-shikai-urahara-kisuke-bleach\/\" \/>\n<meta property=\"og:site_name\" content=\"R\u00e9plique Manga Cin\u00e9\" \/>\n<meta property=\"article:publisher\" content=\"https:\/\/www.facebook.com\/RepliqueMangaCine\" \/>\n<meta property=\"article:modified_time\" content=\"2026-04-20T16:43:35+00:00\" \/>\n<meta property=\"og:image\" content=\"https:\/\/repliquemangacine.fr\/wp-content\/uploads\/2023\/10\/129-Shikai-Benihime-Katana-Urahara-Kisuke-Bleach.jpg\" \/>\n\t<meta property=\"og:image:width\" content=\"800\" \/>\n\t<meta property=\"og:image:height\" content=\"800\" \/>\n\t<meta property=\"og:image:type\" content=\"image\/jpeg\" \/>\n<meta name=\"twitter:card\" content=\"summary_large_image\" \/>\n<meta name=\"twitter:label1\" content=\"Gesch\u00e4tzte Lesezeit\" \/>\n\t<meta name=\"twitter:data1\" content=\"2\u00a0Minuten\" \/>\n<script type=\"application\/ld+json\" class=\"yoast-schema-graph\">{\"@context\":\"https:\\\/\\\/schema.org\",\"@graph\":[{\"@type\":\"WebPage\",\"@id\":\"https:\\\/\\\/repliquemangacine.fr\\\/katana-bleach\\\/katana-benihime-shikai-urahara-kisuke-bleach\\\/\",\"url\":\"https:\\\/\\\/repliquemangacine.fr\\\/katana-bleach\\\/katana-benihime-shikai-urahara-kisuke-bleach\\\/\",\"name\":\"Katana Benihime Shika\u00ef Urahara Bleach - Boutique en ligne | RMC\",\"isPartOf\":{\"@id\":\"https:\\\/\\\/repliquemangacine.fr\\\/#website\"},\"primaryImageOfPage\":{\"@id\":\"https:\\\/\\\/repliquemangacine.fr\\\/katana-bleach\\\/katana-benihime-shikai-urahara-kisuke-bleach\\\/#primaryimage\"},\"image\":{\"@id\":\"https:\\\/\\\/repliquemangacine.fr\\\/katana-bleach\\\/katana-benihime-shikai-urahara-kisuke-bleach\\\/#primaryimage\"},\"thumbnailUrl\":\"https:\\\/\\\/repliquemangacine.fr\\\/wp-content\\\/uploads\\\/2023\\\/10\\\/129-Shikai-Benihime-Katana-Urahara-Kisuke-Bleach.jpg\",\"datePublished\":\"2016-08-22T16:51:51+00:00\",\"dateModified\":\"2026-04-20T16:43:35+00:00\",\"description\":\"Commandez vite ! Le Katana Benihime Shika\u00ef Urahara dans Bleach au meilleur prix. Lame acier - Longueur totale : 110cm - Envoi 24\\\/48h\",\"breadcrumb\":{\"@id\":\"https:\\\/\\\/repliquemangacine.fr\\\/katana-bleach\\\/katana-benihime-shikai-urahara-kisuke-bleach\\\/#breadcrumb\"},\"inLanguage\":\"de\",\"potentialAction\":[{\"@type\":\"ReadAction\",\"target\":[\"https:\\\/\\\/repliquemangacine.fr\\\/katana-bleach\\\/katana-benihime-shikai-urahara-kisuke-bleach\\\/\"]}]},{\"@type\":\"ImageObject\",\"inLanguage\":\"de\",\"@id\":\"https:\\\/\\\/repliquemangacine.fr\\\/katana-bleach\\\/katana-benihime-shikai-urahara-kisuke-bleach\\\/#primaryimage\",\"url\":\"https:\\\/\\\/repliquemangacine.fr\\\/wp-content\\\/uploads\\\/2023\\\/10\\\/129-Shikai-Benihime-Katana-Urahara-Kisuke-Bleach.jpg\",\"contentUrl\":\"https:\\\/\\\/repliquemangacine.fr\\\/wp-content\\\/uploads\\\/2023\\\/10\\\/129-Shikai-Benihime-Katana-Urahara-Kisuke-Bleach.jpg\",\"width\":800,\"height\":800,\"caption\":\"Shikai Benihime - Katana Urahara Kisuk\u00e9 - Bleach\"},{\"@type\":\"BreadcrumbList\",\"@id\":\"https:\\\/\\\/repliquemangacine.fr\\\/katana-bleach\\\/katana-benihime-shikai-urahara-kisuke-bleach\\\/#breadcrumb\",\"itemListElement\":[{\"@type\":\"ListItem\",\"position\":1,\"name\":\"Accueil\",\"item\":\"https:\\\/\\\/repliquemangacine.fr\\\/\"},{\"@type\":\"ListItem\",\"position\":2,\"name\":\"Produits\",\"item\":\"https:\\\/\\\/repliquemangacine.fr\\\/boutique\\\/\"},{\"@type\":\"ListItem\",\"position\":3,\"name\":\"Katana Kisuke Shika\u00ef Benihime\"}]},{\"@type\":\"WebSite\",\"@id\":\"https:\\\/\\\/repliquemangacine.fr\\\/#website\",\"url\":\"https:\\\/\\\/repliquemangacine.fr\\\/\",\"name\":\"R\u00e9plique Manga Cin\u00e9\",\"description\":\"\",\"publisher\":{\"@id\":\"https:\\\/\\\/repliquemangacine.fr\\\/#organization\"},\"potentialAction\":[{\"@type\":\"SearchAction\",\"target\":{\"@type\":\"EntryPoint\",\"urlTemplate\":\"https:\\\/\\\/repliquemangacine.fr\\\/?s={search_term_string}\"},\"query-input\":{\"@type\":\"PropertyValueSpecification\",\"valueRequired\":true,\"valueName\":\"search_term_string\"}}],\"inLanguage\":\"de\"},{\"@type\":\"Organization\",\"@id\":\"https:\\\/\\\/repliquemangacine.fr\\\/#organization\",\"name\":\"R\u00e9plique Manga Cin\u00e9\",\"url\":\"https:\\\/\\\/repliquemangacine.fr\\\/\",\"logo\":{\"@type\":\"ImageObject\",\"inLanguage\":\"de\",\"@id\":\"https:\\\/\\\/repliquemangacine.fr\\\/#\\\/schema\\\/logo\\\/image\\\/\",\"url\":\"https:\\\/\\\/repliquemangacine.fr\\\/wp-content\\\/uploads\\\/2023\\\/10\\\/RMC-500250.png\",\"contentUrl\":\"https:\\\/\\\/repliquemangacine.fr\\\/wp-content\\\/uploads\\\/2023\\\/10\\\/RMC-500250.png\",\"width\":500,\"height\":250,\"caption\":\"R\u00e9plique Manga Cin\u00e9\"},\"image\":{\"@id\":\"https:\\\/\\\/repliquemangacine.fr\\\/#\\\/schema\\\/logo\\\/image\\\/\"},\"sameAs\":[\"https:\\\/\\\/www.facebook.com\\\/RepliqueMangaCine\",\"https:\\\/\\\/www.instagram.com\\\/repliquemangacine.fr\\\/\"]}]}<\/script>\n<!-- \/ Yoast SEO plugin. -->","yoast_head_json":{"title":"Katana Benihime Shika\u00ef Urahara Bleach - Online-Shop | RMC","description":"Bestellen Sie schnell! Das Katana Benihime Shika\u00ef Urahara in Bleach zum besten Preis. Stahlklinge - Gesamtl\u00e4nge: 110cm - Versand 24\/48h","robots":{"index":"index","follow":"follow","max-snippet":"max-snippet:-1","max-image-preview":"max-image-preview:large","max-video-preview":"max-video-preview:-1"},"canonical":"https:\/\/repliquemangacine.fr\/de\/katana-bleach\/katana-benihime-shikai-urahara-kisuke-bleach\/","og_locale":"de_DE","og_type":"article","og_title":"Katana Benihime Shika\u00ef Urahara Bleach - Boutique en ligne | RMC","og_description":"Commandez vite ! Le Katana Benihime Shika\u00ef Urahara dans Bleach au meilleur prix. Lame acier - Longueur totale : 110cm - Envoi 24\/48h","og_url":"https:\/\/repliquemangacine.fr\/de\/katana-bleach\/katana-benihime-shikai-urahara-kisuke-bleach\/","og_site_name":"R\u00e9plique Manga Cin\u00e9","article_publisher":"https:\/\/www.facebook.com\/RepliqueMangaCine","article_modified_time":"2026-04-20T16:43:35+00:00","og_image":[{"width":800,"height":800,"url":"https:\/\/repliquemangacine.fr\/wp-content\/uploads\/2023\/10\/129-Shikai-Benihime-Katana-Urahara-Kisuke-Bleach.jpg","type":"image\/jpeg"}],"twitter_card":"summary_large_image","twitter_misc":{"Gesch\u00e4tzte Lesezeit":"2\u00a0Minuten"},"schema":{"@context":"https:\/\/schema.org","@graph":[{"@type":"WebPage","@id":"https:\/\/repliquemangacine.fr\/katana-bleach\/katana-benihime-shikai-urahara-kisuke-bleach\/","url":"https:\/\/repliquemangacine.fr\/katana-bleach\/katana-benihime-shikai-urahara-kisuke-bleach\/","name":"Katana Benihime Shika\u00ef Urahara Bleach - Online-Shop | RMC","isPartOf":{"@id":"https:\/\/repliquemangacine.fr\/#website"},"primaryImageOfPage":{"@id":"https:\/\/repliquemangacine.fr\/katana-bleach\/katana-benihime-shikai-urahara-kisuke-bleach\/#primaryimage"},"image":{"@id":"https:\/\/repliquemangacine.fr\/katana-bleach\/katana-benihime-shikai-urahara-kisuke-bleach\/#primaryimage"},"thumbnailUrl":"https:\/\/repliquemangacine.fr\/wp-content\/uploads\/2023\/10\/129-Shikai-Benihime-Katana-Urahara-Kisuke-Bleach.jpg","datePublished":"2016-08-22T16:51:51+00:00","dateModified":"2026-04-20T16:43:35+00:00","description":"Bestellen Sie schnell! Das Katana Benihime Shika\u00ef Urahara in Bleach zum besten Preis. Stahlklinge - Gesamtl\u00e4nge: 110cm - Versand 24\/48h","breadcrumb":{"@id":"https:\/\/repliquemangacine.fr\/katana-bleach\/katana-benihime-shikai-urahara-kisuke-bleach\/#breadcrumb"},"inLanguage":"de","potentialAction":[{"@type":"ReadAction","target":["https:\/\/repliquemangacine.fr\/katana-bleach\/katana-benihime-shikai-urahara-kisuke-bleach\/"]}]},{"@type":"ImageObject","inLanguage":"de","@id":"https:\/\/repliquemangacine.fr\/katana-bleach\/katana-benihime-shikai-urahara-kisuke-bleach\/#primaryimage","url":"https:\/\/repliquemangacine.fr\/wp-content\/uploads\/2023\/10\/129-Shikai-Benihime-Katana-Urahara-Kisuke-Bleach.jpg","contentUrl":"https:\/\/repliquemangacine.fr\/wp-content\/uploads\/2023\/10\/129-Shikai-Benihime-Katana-Urahara-Kisuke-Bleach.jpg","width":800,"height":800,"caption":"Shikai Benihime - Katana Urahara Kisuk\u00e9 - Bleach"},{"@type":"BreadcrumbList","@id":"https:\/\/repliquemangacine.fr\/katana-bleach\/katana-benihime-shikai-urahara-kisuke-bleach\/#breadcrumb","itemListElement":[{"@type":"ListItem","position":1,"name":"Accueil","item":"https:\/\/repliquemangacine.fr\/"},{"@type":"ListItem","position":2,"name":"Produits","item":"https:\/\/repliquemangacine.fr\/boutique\/"},{"@type":"ListItem","position":3,"name":"Katana Kisuke Shika\u00ef Benihime"}]},{"@type":"WebSite","@id":"https:\/\/repliquemangacine.fr\/#website","url":"https:\/\/repliquemangacine.fr\/","name":"R\u00e9plique Manga Cin\u00e9","description":"","publisher":{"@id":"https:\/\/repliquemangacine.fr\/#organization"},"potentialAction":[{"@type":"SearchAction","target":{"@type":"EntryPoint","urlTemplate":"https:\/\/repliquemangacine.fr\/?s={search_term_string}"},"query-input":{"@type":"PropertyValueSpecification","valueRequired":true,"valueName":"search_term_string"}}],"inLanguage":"de"},{"@type":"Organization","@id":"https:\/\/repliquemangacine.fr\/#organization","name":"R\u00e9plique Manga Cin\u00e9","url":"https:\/\/repliquemangacine.fr\/","logo":{"@type":"ImageObject","inLanguage":"de","@id":"https:\/\/repliquemangacine.fr\/#\/schema\/logo\/image\/","url":"https:\/\/repliquemangacine.fr\/wp-content\/uploads\/2023\/10\/RMC-500250.png","contentUrl":"https:\/\/repliquemangacine.fr\/wp-content\/uploads\/2023\/10\/RMC-500250.png","width":500,"height":250,"caption":"R\u00e9plique Manga Cin\u00e9"},"image":{"@id":"https:\/\/repliquemangacine.fr\/#\/schema\/logo\/image\/"},"sameAs":["https:\/\/www.facebook.com\/RepliqueMangaCine","https:\/\/www.instagram.com\/repliquemangacine.fr\/"]}]}},"_links":{"self":[{"href":"https:\/\/repliquemangacine.fr\/de\/wp-json\/wp\/v2\/product\/25316","targetHints":{"allow":["GET"]}}],"collection":[{"href":"https:\/\/repliquemangacine.fr\/de\/wp-json\/wp\/v2\/product"}],"about":[{"href":"https:\/\/repliquemangacine.fr\/de\/wp-json\/wp\/v2\/types\/product"}],"wp:featuredmedia":[{"embeddable":true,"href":"https:\/\/repliquemangacine.fr\/de\/wp-json\/wp\/v2\/media\/25317"}],"wp:attachment":[{"href":"https:\/\/repliquemangacine.fr\/de\/wp-json\/wp\/v2\/media?parent=25316"}],"wp:term":[{"taxonomy":"product_brand","embeddable":true,"href":"https:\/\/repliquemangacine.fr\/de\/wp-json\/wp\/v2\/product_brand?post=25316"},{"taxonomy":"product_cat","embeddable":true,"href":"https:\/\/repliquemangacine.fr\/de\/wp-json\/wp\/v2\/product_cat?post=25316"},{"taxonomy":"product_tag","embeddable":true,"href":"https:\/\/repliquemangacine.fr\/de\/wp-json\/wp\/v2\/product_tag?post=25316"}],"curies":[{"name":"wp","href":"https:\/\/api.w.org\/{rel}","templated":true}]}}