





{"id":25309,"date":"2016-08-22T18:09:40","date_gmt":"2016-08-22T16:09:40","guid":{"rendered":"https:\/\/repliquemangacine.fr\/?post_type=product&#038;p=25309"},"modified":"2026-04-14T12:24:35","modified_gmt":"2026-04-14T10:24:35","slug":"katana-rukia-zanpakuto-shirayuki-rukia-kuchiki","status":"publish","type":"product","link":"https:\/\/repliquemangacine.fr\/de\/katana-bleach\/katana-rukia-zanpakuto-shirayuki-rukia-kuchiki\/","title":{"rendered":"Katana Rukia Shirayuki"},"content":{"rendered":"<h2>Katana Rukia Zanpakuto Shirayuki in Bleach<\/h2>\n<p>Zu Beginn wird der <strong>Katana Rukia Zanpakuto Shirayuki<\/strong> wird von rukia befreit, indem er die folgende Arie spricht: Tanz<\/p>\n<p>Rukia Kuchiki ist die Shinigami, die es Ichigo Kurosaki erm\u00f6glichte, seine Shinigami-Kr\u00e4fte zum ersten Mal zu erhalten. Offizierin der 13. Division unter J\u016bshir\u014d Ukitake, bevor sie von der Soul Society zum Tode verurteilt wurde, weil sie Ichigo ihre Kr\u00e4fte verliehen hatte, und sp\u00e4ter freigesprochen wurde.<\/p>\n<p><a href=\"https:\/\/bleach.fandom.com\/fr\/wiki\/Rukia_Kuchiki#_Zanpakut\u014d\" target=\"_blank\" rel=\"noopener noreferrer\">Rukia<\/a> ist eine ausgezeichnete Schwertk\u00e4mpferin, wie ihre zahlreichen K\u00e4mpfe zeigen. Sie vereint in den meisten F\u00e4llen Anmut und Effizienz auf brillante Weise. Sode no Shirayuki (Wei\u00dfer Schneeschaft), gilt als das sch\u00f6nste Zanpakuto der Soul Society. Befreit sieht es aus wie ein komplett wei\u00dfes Katana mit einem Band, das am Knauf befestigt ist.<\/p>\n<h2>Ihr Katana von Rukia Zanpakuto Shirayuki zum besten Preis.<\/h2>\n<p>Wir bieten dir alle Spr\u00fcche deiner Lieblingscharaktere in dem Anime-Manga Bleach.<\/p>\n<p>Zun\u00e4chst einmal,<\/p>\n<ul>\n<li>Die <a href=\"https:\/\/repliquemangacine.fr\/de\/bleach\/katana-bleach-bankai-ichigo-v3-140cm\/\">Bankai d'Ichigo V3 140cm<\/a>Die alternative Form des Bankai, das Zanpakuto Getsuga Tensh\u014d Ultime.<\/li>\n<li>Sowie das <a href=\"https:\/\/repliquemangacine.fr\/de\/katana-bleach\/katana-byakuya-senbonzakura-bleach-schwert-bleach\/\">Katana von Byakuya<\/a> senbozakura mit seiner Scheide ganz in wei\u00df gekleidet<\/li>\n<li>Es gibt auch, den <a href=\"https:\/\/repliquemangacine.fr\/de\/bleach\/katana-bleach-epee-de-kenpachi-nozarashi\/\">Katana von Zaraki Kenpachi<\/a>Der Nozarashi (Narbensturm) und seine abgenutzte Klinge.<\/li>\n<li>Und viele andere, die es in unserem Online-Shop zu entdecken gibt!<\/li>\n<\/ul>\n<p>Deshalb gibt es hier tolle Geschenkideen f\u00fcr Bleach-Fans.<\/p>\n<p>Abschlie\u00dfend k\u00f6nnen Sie diesen <strong>Katana Rukia Zanpakuto Shirayuki<\/strong> f\u00fcr Ihre Cosplay-Paraden. Vor allem aber ist das Rukia Katana, auch ein Sammler- und Dekorationsst\u00fcck.<\/p>\n<h2>Wie pflegt man die Klinge seines Bleach Katanas?<\/h2>\n<p>Katanas f\u00fcr Sammlungen und Dekorationen werden auf vereinfachte Weise hergestellt und zusammengebaut. Da sie zu Dekorationszwecken verwendet werden, fehlen ihnen die Sicherheitsmerkmale, die ein japanisches Schwert f\u00fcr Trainingszwecke aufweisen muss.<\/p>\n<p>Allerdings ist Ihr <strong>Katana Rukia zanpakuto Shirayuki<\/strong> zu einer Stahlklinge, die gepflegt werden muss, damit sie nicht mit der Zeit abgenutzt wird. Denn wenn Sie Ihr Katana ausstellen, werden Ihre Freunde neugierig sein, die Klinge zu sehen und sie zu ber\u00fchren. Hier ist Vorsicht geboten. Es sei darauf hingewiesen, dass die S\u00e4ure der Finger dem Stahl unabh\u00e4ngig von seiner Qualit\u00e4t sehr schadet.<\/p>\n<p>Sollte dies dennoch passieren, keine Panik, Sie brauchen nur ein Tuch, das Sie mit etwas \u00d6l befeuchten und die Fingerabdr\u00fccke abwischen. Wenn Sie dies tun, werden Sie Ihr Schwert sehr lange behalten.<\/p>","protected":false},"excerpt":{"rendered":"<p>Das sch\u00f6nste Zanpakut\u00f4, Rukias Shikai h\u00e4lt, was es verspricht.<\/p>\n<ul>\n<li>Klinge aus 440er Stahl.<\/li>\n<li>Wei\u00df lackierte Scheide.<\/li>\n<li>Griff mit Baumwollgeflecht \u00fcberzogen.<\/li>\n<li>Wache aus Metall.<\/li>\n<li>Langes Band aus wei\u00dfem Satin.<\/li>\n<li>L\u00e4nge der Klinge: 68 cm - Gesamtl\u00e4nge: 112 cm<\/li>\n<\/ul>","protected":false},"featured_media":25310,"template":"","meta":[],"product_brand":[896],"product_cat":[30,23],"product_tag":[],"class_list":{"0":"post-25309","1":"product","2":"type-product","3":"status-publish","4":"has-post-thumbnail","6":"product_brand-replique-manga-cine","7":"product_cat-katana-bleach","8":"product_cat-repliques-manga-jeux-video","10":"first","11":"instock","12":"taxable","13":"shipping-taxable","14":"purchasable","15":"product-type-simple"},"yoast_head":"<!-- This site is optimized with the Yoast SEO plugin v27.5 - https:\/\/yoast.com\/product\/yoast-seo-wordpress\/ -->\n<title>Katana Rukia Zanpakuto Shirayuki - Boutique en ligne | RMC<\/title>\n<meta name=\"description\" content=\"Achetez vite ! Le Katana Rukia Zanpakuto Shirayuki au meilleur prix. Lame en acier - Fourreau laqu\u00e9 blanc- Longueur totale : 112 cm - Envoi 24\/48h\" \/>\n<meta name=\"robots\" content=\"index, follow, max-snippet:-1, max-image-preview:large, max-video-preview:-1\" \/>\n<link rel=\"canonical\" href=\"https:\/\/repliquemangacine.fr\/de\/katana-bleach\/katana-rukia-zanpakuto-shirayuki-rukia-kuchiki\/\" \/>\n<meta property=\"og:locale\" content=\"de_DE\" \/>\n<meta property=\"og:type\" content=\"article\" \/>\n<meta property=\"og:title\" content=\"Katana Rukia Zanpakuto Shirayuki - Boutique en ligne | RMC\" \/>\n<meta property=\"og:description\" content=\"Achetez vite ! Le Katana Rukia Zanpakuto Shirayuki au meilleur prix. Lame en acier - Fourreau laqu\u00e9 blanc- Longueur totale : 112 cm - Envoi 24\/48h\" \/>\n<meta property=\"og:url\" content=\"https:\/\/repliquemangacine.fr\/de\/katana-bleach\/katana-rukia-zanpakuto-shirayuki-rukia-kuchiki\/\" \/>\n<meta property=\"og:site_name\" content=\"R\u00e9plique Manga Cin\u00e9\" \/>\n<meta property=\"article:publisher\" content=\"https:\/\/www.facebook.com\/RepliqueMangaCine\" \/>\n<meta property=\"article:modified_time\" content=\"2026-04-14T10:24:35+00:00\" \/>\n<meta property=\"og:image\" content=\"https:\/\/repliquemangacine.fr\/wp-content\/uploads\/2023\/10\/124-Katana-Rukia-Kuchiki.jpg\" \/>\n\t<meta property=\"og:image:width\" content=\"800\" \/>\n\t<meta property=\"og:image:height\" content=\"800\" \/>\n\t<meta property=\"og:image:type\" content=\"image\/jpeg\" \/>\n<meta name=\"twitter:card\" content=\"summary_large_image\" \/>\n<meta name=\"twitter:label1\" content=\"Gesch\u00e4tzte Lesezeit\" \/>\n\t<meta name=\"twitter:data1\" content=\"2\u00a0Minuten\" \/>\n<script type=\"application\/ld+json\" class=\"yoast-schema-graph\">{\"@context\":\"https:\\\/\\\/schema.org\",\"@graph\":[{\"@type\":\"WebPage\",\"@id\":\"https:\\\/\\\/repliquemangacine.fr\\\/katana-bleach\\\/katana-rukia-zanpakuto-shirayuki-rukia-kuchiki\\\/\",\"url\":\"https:\\\/\\\/repliquemangacine.fr\\\/katana-bleach\\\/katana-rukia-zanpakuto-shirayuki-rukia-kuchiki\\\/\",\"name\":\"Katana Rukia Zanpakuto Shirayuki - Boutique en ligne | RMC\",\"isPartOf\":{\"@id\":\"https:\\\/\\\/repliquemangacine.fr\\\/#website\"},\"primaryImageOfPage\":{\"@id\":\"https:\\\/\\\/repliquemangacine.fr\\\/katana-bleach\\\/katana-rukia-zanpakuto-shirayuki-rukia-kuchiki\\\/#primaryimage\"},\"image\":{\"@id\":\"https:\\\/\\\/repliquemangacine.fr\\\/katana-bleach\\\/katana-rukia-zanpakuto-shirayuki-rukia-kuchiki\\\/#primaryimage\"},\"thumbnailUrl\":\"https:\\\/\\\/repliquemangacine.fr\\\/wp-content\\\/uploads\\\/2023\\\/10\\\/124-Katana-Rukia-Kuchiki.jpg\",\"datePublished\":\"2016-08-22T16:09:40+00:00\",\"dateModified\":\"2026-04-14T10:24:35+00:00\",\"description\":\"Achetez vite ! Le Katana Rukia Zanpakuto Shirayuki au meilleur prix. Lame en acier - Fourreau laqu\u00e9 blanc- Longueur totale : 112 cm - Envoi 24\\\/48h\",\"breadcrumb\":{\"@id\":\"https:\\\/\\\/repliquemangacine.fr\\\/katana-bleach\\\/katana-rukia-zanpakuto-shirayuki-rukia-kuchiki\\\/#breadcrumb\"},\"inLanguage\":\"de\",\"potentialAction\":[{\"@type\":\"ReadAction\",\"target\":[\"https:\\\/\\\/repliquemangacine.fr\\\/katana-bleach\\\/katana-rukia-zanpakuto-shirayuki-rukia-kuchiki\\\/\"]}]},{\"@type\":\"ImageObject\",\"inLanguage\":\"de\",\"@id\":\"https:\\\/\\\/repliquemangacine.fr\\\/katana-bleach\\\/katana-rukia-zanpakuto-shirayuki-rukia-kuchiki\\\/#primaryimage\",\"url\":\"https:\\\/\\\/repliquemangacine.fr\\\/wp-content\\\/uploads\\\/2023\\\/10\\\/124-Katana-Rukia-Kuchiki.jpg\",\"contentUrl\":\"https:\\\/\\\/repliquemangacine.fr\\\/wp-content\\\/uploads\\\/2023\\\/10\\\/124-Katana-Rukia-Kuchiki.jpg\",\"width\":800,\"height\":800,\"caption\":\"Rukia Kuchiki\"},{\"@type\":\"BreadcrumbList\",\"@id\":\"https:\\\/\\\/repliquemangacine.fr\\\/katana-bleach\\\/katana-rukia-zanpakuto-shirayuki-rukia-kuchiki\\\/#breadcrumb\",\"itemListElement\":[{\"@type\":\"ListItem\",\"position\":1,\"name\":\"Accueil\",\"item\":\"https:\\\/\\\/repliquemangacine.fr\\\/\"},{\"@type\":\"ListItem\",\"position\":2,\"name\":\"Produits\",\"item\":\"https:\\\/\\\/repliquemangacine.fr\\\/boutique\\\/\"},{\"@type\":\"ListItem\",\"position\":3,\"name\":\"Katana Rukia Shirayuki\"}]},{\"@type\":\"WebSite\",\"@id\":\"https:\\\/\\\/repliquemangacine.fr\\\/#website\",\"url\":\"https:\\\/\\\/repliquemangacine.fr\\\/\",\"name\":\"R\u00e9plique Manga Cin\u00e9\",\"description\":\"\",\"publisher\":{\"@id\":\"https:\\\/\\\/repliquemangacine.fr\\\/#organization\"},\"potentialAction\":[{\"@type\":\"SearchAction\",\"target\":{\"@type\":\"EntryPoint\",\"urlTemplate\":\"https:\\\/\\\/repliquemangacine.fr\\\/?s={search_term_string}\"},\"query-input\":{\"@type\":\"PropertyValueSpecification\",\"valueRequired\":true,\"valueName\":\"search_term_string\"}}],\"inLanguage\":\"de\"},{\"@type\":\"Organization\",\"@id\":\"https:\\\/\\\/repliquemangacine.fr\\\/#organization\",\"name\":\"R\u00e9plique Manga Cin\u00e9\",\"url\":\"https:\\\/\\\/repliquemangacine.fr\\\/\",\"logo\":{\"@type\":\"ImageObject\",\"inLanguage\":\"de\",\"@id\":\"https:\\\/\\\/repliquemangacine.fr\\\/#\\\/schema\\\/logo\\\/image\\\/\",\"url\":\"https:\\\/\\\/repliquemangacine.fr\\\/wp-content\\\/uploads\\\/2023\\\/10\\\/RMC-500250.png\",\"contentUrl\":\"https:\\\/\\\/repliquemangacine.fr\\\/wp-content\\\/uploads\\\/2023\\\/10\\\/RMC-500250.png\",\"width\":500,\"height\":250,\"caption\":\"R\u00e9plique Manga Cin\u00e9\"},\"image\":{\"@id\":\"https:\\\/\\\/repliquemangacine.fr\\\/#\\\/schema\\\/logo\\\/image\\\/\"},\"sameAs\":[\"https:\\\/\\\/www.facebook.com\\\/RepliqueMangaCine\",\"https:\\\/\\\/www.instagram.com\\\/repliquemangacine.fr\\\/\"]}]}<\/script>\n<!-- \/ Yoast SEO plugin. -->","yoast_head_json":{"title":"Katana Rukia Zanpakuto Shirayuki - Online-Shop | RMC","description":"Kaufen Sie schnell! Das Katana Rukia Zanpakuto Shirayuki zum besten Preis. Klinge aus Stahl - Scheide wei\u00df lackiert- Gesamtl\u00e4nge: 112 cm - Versand 24\/48h","robots":{"index":"index","follow":"follow","max-snippet":"max-snippet:-1","max-image-preview":"max-image-preview:large","max-video-preview":"max-video-preview:-1"},"canonical":"https:\/\/repliquemangacine.fr\/de\/katana-bleach\/katana-rukia-zanpakuto-shirayuki-rukia-kuchiki\/","og_locale":"de_DE","og_type":"article","og_title":"Katana Rukia Zanpakuto Shirayuki - Boutique en ligne | RMC","og_description":"Achetez vite ! Le Katana Rukia Zanpakuto Shirayuki au meilleur prix. Lame en acier - Fourreau laqu\u00e9 blanc- Longueur totale : 112 cm - Envoi 24\/48h","og_url":"https:\/\/repliquemangacine.fr\/de\/katana-bleach\/katana-rukia-zanpakuto-shirayuki-rukia-kuchiki\/","og_site_name":"R\u00e9plique Manga Cin\u00e9","article_publisher":"https:\/\/www.facebook.com\/RepliqueMangaCine","article_modified_time":"2026-04-14T10:24:35+00:00","og_image":[{"width":800,"height":800,"url":"https:\/\/repliquemangacine.fr\/wp-content\/uploads\/2023\/10\/124-Katana-Rukia-Kuchiki.jpg","type":"image\/jpeg"}],"twitter_card":"summary_large_image","twitter_misc":{"Gesch\u00e4tzte Lesezeit":"2\u00a0Minuten"},"schema":{"@context":"https:\/\/schema.org","@graph":[{"@type":"WebPage","@id":"https:\/\/repliquemangacine.fr\/katana-bleach\/katana-rukia-zanpakuto-shirayuki-rukia-kuchiki\/","url":"https:\/\/repliquemangacine.fr\/katana-bleach\/katana-rukia-zanpakuto-shirayuki-rukia-kuchiki\/","name":"Katana Rukia Zanpakuto Shirayuki - Online-Shop | RMC","isPartOf":{"@id":"https:\/\/repliquemangacine.fr\/#website"},"primaryImageOfPage":{"@id":"https:\/\/repliquemangacine.fr\/katana-bleach\/katana-rukia-zanpakuto-shirayuki-rukia-kuchiki\/#primaryimage"},"image":{"@id":"https:\/\/repliquemangacine.fr\/katana-bleach\/katana-rukia-zanpakuto-shirayuki-rukia-kuchiki\/#primaryimage"},"thumbnailUrl":"https:\/\/repliquemangacine.fr\/wp-content\/uploads\/2023\/10\/124-Katana-Rukia-Kuchiki.jpg","datePublished":"2016-08-22T16:09:40+00:00","dateModified":"2026-04-14T10:24:35+00:00","description":"Kaufen Sie schnell! Das Katana Rukia Zanpakuto Shirayuki zum besten Preis. Klinge aus Stahl - Scheide wei\u00df lackiert- Gesamtl\u00e4nge: 112 cm - Versand 24\/48h","breadcrumb":{"@id":"https:\/\/repliquemangacine.fr\/katana-bleach\/katana-rukia-zanpakuto-shirayuki-rukia-kuchiki\/#breadcrumb"},"inLanguage":"de","potentialAction":[{"@type":"ReadAction","target":["https:\/\/repliquemangacine.fr\/katana-bleach\/katana-rukia-zanpakuto-shirayuki-rukia-kuchiki\/"]}]},{"@type":"ImageObject","inLanguage":"de","@id":"https:\/\/repliquemangacine.fr\/katana-bleach\/katana-rukia-zanpakuto-shirayuki-rukia-kuchiki\/#primaryimage","url":"https:\/\/repliquemangacine.fr\/wp-content\/uploads\/2023\/10\/124-Katana-Rukia-Kuchiki.jpg","contentUrl":"https:\/\/repliquemangacine.fr\/wp-content\/uploads\/2023\/10\/124-Katana-Rukia-Kuchiki.jpg","width":800,"height":800,"caption":"Rukia Kuchiki"},{"@type":"BreadcrumbList","@id":"https:\/\/repliquemangacine.fr\/katana-bleach\/katana-rukia-zanpakuto-shirayuki-rukia-kuchiki\/#breadcrumb","itemListElement":[{"@type":"ListItem","position":1,"name":"Accueil","item":"https:\/\/repliquemangacine.fr\/"},{"@type":"ListItem","position":2,"name":"Produits","item":"https:\/\/repliquemangacine.fr\/boutique\/"},{"@type":"ListItem","position":3,"name":"Katana Rukia Shirayuki"}]},{"@type":"WebSite","@id":"https:\/\/repliquemangacine.fr\/#website","url":"https:\/\/repliquemangacine.fr\/","name":"R\u00e9plique Manga Cin\u00e9","description":"","publisher":{"@id":"https:\/\/repliquemangacine.fr\/#organization"},"potentialAction":[{"@type":"SearchAction","target":{"@type":"EntryPoint","urlTemplate":"https:\/\/repliquemangacine.fr\/?s={search_term_string}"},"query-input":{"@type":"PropertyValueSpecification","valueRequired":true,"valueName":"search_term_string"}}],"inLanguage":"de"},{"@type":"Organization","@id":"https:\/\/repliquemangacine.fr\/#organization","name":"R\u00e9plique Manga Cin\u00e9","url":"https:\/\/repliquemangacine.fr\/","logo":{"@type":"ImageObject","inLanguage":"de","@id":"https:\/\/repliquemangacine.fr\/#\/schema\/logo\/image\/","url":"https:\/\/repliquemangacine.fr\/wp-content\/uploads\/2023\/10\/RMC-500250.png","contentUrl":"https:\/\/repliquemangacine.fr\/wp-content\/uploads\/2023\/10\/RMC-500250.png","width":500,"height":250,"caption":"R\u00e9plique Manga Cin\u00e9"},"image":{"@id":"https:\/\/repliquemangacine.fr\/#\/schema\/logo\/image\/"},"sameAs":["https:\/\/www.facebook.com\/RepliqueMangaCine","https:\/\/www.instagram.com\/repliquemangacine.fr\/"]}]}},"_links":{"self":[{"href":"https:\/\/repliquemangacine.fr\/de\/wp-json\/wp\/v2\/product\/25309","targetHints":{"allow":["GET"]}}],"collection":[{"href":"https:\/\/repliquemangacine.fr\/de\/wp-json\/wp\/v2\/product"}],"about":[{"href":"https:\/\/repliquemangacine.fr\/de\/wp-json\/wp\/v2\/types\/product"}],"wp:featuredmedia":[{"embeddable":true,"href":"https:\/\/repliquemangacine.fr\/de\/wp-json\/wp\/v2\/media\/25310"}],"wp:attachment":[{"href":"https:\/\/repliquemangacine.fr\/de\/wp-json\/wp\/v2\/media?parent=25309"}],"wp:term":[{"taxonomy":"product_brand","embeddable":true,"href":"https:\/\/repliquemangacine.fr\/de\/wp-json\/wp\/v2\/product_brand?post=25309"},{"taxonomy":"product_cat","embeddable":true,"href":"https:\/\/repliquemangacine.fr\/de\/wp-json\/wp\/v2\/product_cat?post=25309"},{"taxonomy":"product_tag","embeddable":true,"href":"https:\/\/repliquemangacine.fr\/de\/wp-json\/wp\/v2\/product_tag?post=25309"}],"curies":[{"name":"wp","href":"https:\/\/api.w.org\/{rel}","templated":true}]}}