





{"id":25297,"date":"2016-08-21T21:58:15","date_gmt":"2016-08-21T19:58:15","guid":{"rendered":"https:\/\/repliquemangacine.fr\/?post_type=product&#038;p=25297"},"modified":"2026-04-29T15:47:36","modified_gmt":"2026-04-29T13:47:36","slug":"bankai-ichigo-v3-140cm","status":"publish","type":"product","link":"https:\/\/repliquemangacine.fr\/de\/katana-bleach\/bankai-ichigo-v3-140cm\/","title":{"rendered":"Bankai Ichigo V3 140cm"},"content":{"rendered":"<h2>140cm Bankai Ichigo V3 Katana - Bleach<\/h2>\n<p>Zu Beginn wird der <strong>Katana Bankai Ichigo V3<\/strong> von 140cm, ist eine alternative Form des Bankais, das Zanpakuto Getsuga Tensh\u014d Ultimate. Nachdem Ichigo seine verlorenen Kr\u00e4fte durch den Fullbring wiedererlangt hat, bekommt er auch sein Zanpakuto zur\u00fcck. Im Bankai-Zustand erf\u00e4hrt es Ver\u00e4nderungen, wie z. B. eine l\u00e4ngere und spitzere Klinge, die mit Z\u00e4hnen versehen ist. Die Waffe ist viel sch\u00e4rfer.<\/p>\n<p>Mit dem Ziel, Aizen zu besiegen, trainiert Ichigo im Dangai (Zwischenwelt) drei Monate lang, die einer Stunde in der Realen Welt entsprechen, um die ultimative Technik seines Zanpakut\u014d, das Ultimative Getsuga Tensh\u014d, zu erlernen.<\/p>\n<p>Bei seiner R\u00fcckkehr von der Dangai <a href=\"https:\/\/bleach.fandom.com\/fr\/wiki\/Ichigo_Kurosaki#Zanpakut\u014d\" target=\"_blank\" rel=\"noopener noreferrer\">Ichigo<\/a> hat eine nie dagewesene St\u00e4rke erlangt, die in der Lage ist, die Endform von Aizens Fusion mit dem H\u00f4gyoku zu \u00fcbertreffen und dem Had\u00f4 #90 mit Beschw\u00f6rung zu widerstehen und unbeschadet davonzukommen.<\/p>\n<h2>Ihr Bankai Ichigo V3 Katana zum besten Preis.<\/h2>\n<p>Wir bieten dir alle Spr\u00fcche deiner Lieblingscharaktere in dem Anime-Manga Bleach.<\/p>\n<p>Zun\u00e4chst einmal,<\/p>\n<ul>\n<li>Der erste <a href=\"https:\/\/repliquemangacine.fr\/de\/bleach\/bankai-tensa-zangetsu\/\">ichigo bankai<\/a> Kurzversion, die Tensa Zangetsu.<\/li>\n<li>Sie finden aber auch die l\u00e4ngere Version und die Version mit dem anderen Schutz.<\/li>\n<li>Es gibt auch, den<a href=\"https:\/\/repliquemangacine.fr\/de\/bleach\/zanpakuto-shirayuki-shikai-rukia-kuchiki\/\"> Rukias Katana<\/a>Shirayuki, der sch\u00f6nste Zanpakut\u00f4, den es in der Soul Society gibt.<\/li>\n<li>Und viele andere, die es in unserem Online-Shop zu entdecken gibt!<\/li>\n<\/ul>\n<p>Deshalb gibt es hier tolle Geschenkideen f\u00fcr Bleach-Fans.<\/p>\n<p>Abschlie\u00dfend k\u00f6nnen Sie diesen <strong>Katana Bankai Ichigo V3<\/strong> f\u00fcr Ihre Cosplay-Parade oder Ihre Themenabende. Vor allem aber ist die Tensa Zangetsu 140cm auch ein Sammler- und Dekorationsst\u00fcck.<\/p>\n<h2>Wie pflegt man die Klinge seines Bleach Katanas?<\/h2>\n<p>Katanas f\u00fcr Sammlungen und Dekorationen werden auf vereinfachte Weise hergestellt und zusammengebaut. Da sie zu Dekorationszwecken verwendet werden, fehlen ihnen die Sicherheitsmerkmale, die ein japanisches Schwert f\u00fcr Trainingszwecke aufweisen muss.<\/p>\n<p>Allerdings ist Ihr <strong>Katana Banka\u00ef Ichigo V3<\/strong> zu einer Stahlklinge, die gepflegt werden muss, damit sie nicht mit der Zeit abgenutzt wird. Denn wenn Sie Ihr Katana ausstellen, werden Ihre Freunde neugierig sein, die Klinge zu sehen und sie zu ber\u00fchren. Hier ist Vorsicht geboten. Es sei darauf hingewiesen, dass die S\u00e4ure der Finger dem Stahl unabh\u00e4ngig von seiner Qualit\u00e4t sehr schadet.<\/p>\n<p>Sollte dies dennoch passieren, keine Panik, Sie brauchen nur ein Tuch, das Sie mit etwas \u00d6l befeuchten und die Fingerabdr\u00fccke abwischen. Wenn Sie dies tun, werden Sie Ihr Schwert sehr lange behalten.<\/p>\n<p><strong>\u00a0<\/strong><\/p>","protected":false},"excerpt":{"rendered":"<p>Version3 der Tensa Zangetsu, zanpakuto Getsuga Tensh\u014d Ultimate.<\/p>\n<ul>\n<li>Sehr spitze, ungeschliffene Klinge aus schwarzem Stahl mit 3 gezackten Kr\u00fcmmungen.<\/li>\n<li>Griff mit einem schwarzen Baumwollgeflecht umwickelt.<\/li>\n<li>Lange Metallkette 150 cm.<\/li>\n<li>Metallgarde.<\/li>\n<li>Scheide aus schwarzem Holz.<\/li>\n<li>L\u00e4nge der Klinge: 98cm - Gesamtl\u00e4nge: 140cm<\/li>\n<\/ul>","protected":false},"featured_media":25298,"template":"","meta":[],"product_brand":[896],"product_cat":[30,23],"product_tag":[],"class_list":{"0":"post-25297","1":"product","2":"type-product","3":"status-publish","4":"has-post-thumbnail","6":"product_brand-replique-manga-cine","7":"product_cat-katana-bleach","8":"product_cat-repliques-manga-jeux-video","10":"first","11":"instock","12":"taxable","13":"shipping-taxable","14":"purchasable","15":"product-type-simple"},"yoast_head":"<!-- This site is optimized with the Yoast SEO plugin v27.5 - https:\/\/yoast.com\/product\/yoast-seo-wordpress\/ -->\n<title>Katana Banka\u00ef Ichigo V3 - Sabre Bleach - Boutique en ligne | RMC<\/title>\n<meta name=\"description\" content=\"Achetez vite ! Le Katana Banka\u00ef Ichigo V3 140cm dans Bleach au meilleur prix. Lame acier de 98cm - Chaine de 150cm. Longueur du baka\u00ef : 140cm - Envoi 24\/48h\" \/>\n<meta name=\"robots\" content=\"index, follow, max-snippet:-1, max-image-preview:large, max-video-preview:-1\" \/>\n<link rel=\"canonical\" href=\"https:\/\/repliquemangacine.fr\/de\/katana-bleach\/bankai-ichigo-v3-140cm\/\" \/>\n<meta property=\"og:locale\" content=\"de_DE\" \/>\n<meta property=\"og:type\" content=\"article\" \/>\n<meta property=\"og:title\" content=\"Katana Banka\u00ef Ichigo V3 - Sabre Bleach - Boutique en ligne | RMC\" \/>\n<meta property=\"og:description\" content=\"Achetez vite ! Le Katana Banka\u00ef Ichigo V3 140cm dans Bleach au meilleur prix. Lame acier de 98cm - Chaine de 150cm. Longueur du baka\u00ef : 140cm - Envoi 24\/48h\" \/>\n<meta property=\"og:url\" content=\"https:\/\/repliquemangacine.fr\/de\/katana-bleach\/bankai-ichigo-v3-140cm\/\" \/>\n<meta property=\"og:site_name\" content=\"R\u00e9plique Manga Cin\u00e9\" \/>\n<meta property=\"article:publisher\" content=\"https:\/\/www.facebook.com\/RepliqueMangaCine\" \/>\n<meta property=\"article:modified_time\" content=\"2026-04-29T13:47:36+00:00\" \/>\n<meta property=\"og:image\" content=\"https:\/\/repliquemangacine.fr\/wp-content\/uploads\/2023\/10\/113-Replique-Katana-Bleach-Bankai-ichigo-V3-140cm.jpg\" \/>\n\t<meta property=\"og:image:width\" content=\"800\" \/>\n\t<meta property=\"og:image:height\" content=\"800\" \/>\n\t<meta property=\"og:image:type\" content=\"image\/jpeg\" \/>\n<meta name=\"twitter:card\" content=\"summary_large_image\" \/>\n<meta name=\"twitter:label1\" content=\"Gesch\u00e4tzte Lesezeit\" \/>\n\t<meta name=\"twitter:data1\" content=\"3\u00a0Minuten\" \/>\n<script type=\"application\/ld+json\" class=\"yoast-schema-graph\">{\"@context\":\"https:\\\/\\\/schema.org\",\"@graph\":[{\"@type\":\"WebPage\",\"@id\":\"https:\\\/\\\/repliquemangacine.fr\\\/katana-bleach\\\/bankai-ichigo-v3-140cm\\\/\",\"url\":\"https:\\\/\\\/repliquemangacine.fr\\\/katana-bleach\\\/bankai-ichigo-v3-140cm\\\/\",\"name\":\"Katana Banka\u00ef Ichigo V3 - Sabre Bleach - Boutique en ligne | RMC\",\"isPartOf\":{\"@id\":\"https:\\\/\\\/repliquemangacine.fr\\\/#website\"},\"primaryImageOfPage\":{\"@id\":\"https:\\\/\\\/repliquemangacine.fr\\\/katana-bleach\\\/bankai-ichigo-v3-140cm\\\/#primaryimage\"},\"image\":{\"@id\":\"https:\\\/\\\/repliquemangacine.fr\\\/katana-bleach\\\/bankai-ichigo-v3-140cm\\\/#primaryimage\"},\"thumbnailUrl\":\"https:\\\/\\\/repliquemangacine.fr\\\/wp-content\\\/uploads\\\/2023\\\/10\\\/113-Replique-Katana-Bleach-Bankai-ichigo-V3-140cm.jpg\",\"datePublished\":\"2016-08-21T19:58:15+00:00\",\"dateModified\":\"2026-04-29T13:47:36+00:00\",\"description\":\"Achetez vite ! Le Katana Banka\u00ef Ichigo V3 140cm dans Bleach au meilleur prix. Lame acier de 98cm - Chaine de 150cm. Longueur du baka\u00ef : 140cm - Envoi 24\\\/48h\",\"breadcrumb\":{\"@id\":\"https:\\\/\\\/repliquemangacine.fr\\\/katana-bleach\\\/bankai-ichigo-v3-140cm\\\/#breadcrumb\"},\"inLanguage\":\"de\",\"potentialAction\":[{\"@type\":\"ReadAction\",\"target\":[\"https:\\\/\\\/repliquemangacine.fr\\\/katana-bleach\\\/bankai-ichigo-v3-140cm\\\/\"]}]},{\"@type\":\"ImageObject\",\"inLanguage\":\"de\",\"@id\":\"https:\\\/\\\/repliquemangacine.fr\\\/katana-bleach\\\/bankai-ichigo-v3-140cm\\\/#primaryimage\",\"url\":\"https:\\\/\\\/repliquemangacine.fr\\\/wp-content\\\/uploads\\\/2023\\\/10\\\/113-Replique-Katana-Bleach-Bankai-ichigo-V3-140cm.jpg\",\"contentUrl\":\"https:\\\/\\\/repliquemangacine.fr\\\/wp-content\\\/uploads\\\/2023\\\/10\\\/113-Replique-Katana-Bleach-Bankai-ichigo-V3-140cm.jpg\",\"width\":800,\"height\":800,\"caption\":\"R\u00e9plique Katana Bleach - Banka\u00ef ichigo V3 - 140cm\"},{\"@type\":\"BreadcrumbList\",\"@id\":\"https:\\\/\\\/repliquemangacine.fr\\\/katana-bleach\\\/bankai-ichigo-v3-140cm\\\/#breadcrumb\",\"itemListElement\":[{\"@type\":\"ListItem\",\"position\":1,\"name\":\"Accueil\",\"item\":\"https:\\\/\\\/repliquemangacine.fr\\\/\"},{\"@type\":\"ListItem\",\"position\":2,\"name\":\"Produits\",\"item\":\"https:\\\/\\\/repliquemangacine.fr\\\/boutique\\\/\"},{\"@type\":\"ListItem\",\"position\":3,\"name\":\"Banka\u00ef Ichigo V3 140cm\"}]},{\"@type\":\"WebSite\",\"@id\":\"https:\\\/\\\/repliquemangacine.fr\\\/#website\",\"url\":\"https:\\\/\\\/repliquemangacine.fr\\\/\",\"name\":\"R\u00e9plique Manga Cin\u00e9\",\"description\":\"\",\"publisher\":{\"@id\":\"https:\\\/\\\/repliquemangacine.fr\\\/#organization\"},\"potentialAction\":[{\"@type\":\"SearchAction\",\"target\":{\"@type\":\"EntryPoint\",\"urlTemplate\":\"https:\\\/\\\/repliquemangacine.fr\\\/?s={search_term_string}\"},\"query-input\":{\"@type\":\"PropertyValueSpecification\",\"valueRequired\":true,\"valueName\":\"search_term_string\"}}],\"inLanguage\":\"de\"},{\"@type\":\"Organization\",\"@id\":\"https:\\\/\\\/repliquemangacine.fr\\\/#organization\",\"name\":\"R\u00e9plique Manga Cin\u00e9\",\"url\":\"https:\\\/\\\/repliquemangacine.fr\\\/\",\"logo\":{\"@type\":\"ImageObject\",\"inLanguage\":\"de\",\"@id\":\"https:\\\/\\\/repliquemangacine.fr\\\/#\\\/schema\\\/logo\\\/image\\\/\",\"url\":\"https:\\\/\\\/repliquemangacine.fr\\\/wp-content\\\/uploads\\\/2023\\\/10\\\/RMC-500250.png\",\"contentUrl\":\"https:\\\/\\\/repliquemangacine.fr\\\/wp-content\\\/uploads\\\/2023\\\/10\\\/RMC-500250.png\",\"width\":500,\"height\":250,\"caption\":\"R\u00e9plique Manga Cin\u00e9\"},\"image\":{\"@id\":\"https:\\\/\\\/repliquemangacine.fr\\\/#\\\/schema\\\/logo\\\/image\\\/\"},\"sameAs\":[\"https:\\\/\\\/www.facebook.com\\\/RepliqueMangaCine\",\"https:\\\/\\\/www.instagram.com\\\/repliquemangacine.fr\\\/\"]}]}<\/script>\n<!-- \/ Yoast SEO plugin. -->","yoast_head_json":{"title":"Katana Bankai Ichigo V3 - Bleach Schwert - Online Shop | RMC","description":"Kaufen Sie schnell! Das Bankai Ichigo V3 Katana 140cm in Bleach zum besten Preis. 98cm lange Stahlklinge - 150cm lange Kette. L\u00e4nge des Bankai: 140cm - Versand 24\/48h","robots":{"index":"index","follow":"follow","max-snippet":"max-snippet:-1","max-image-preview":"max-image-preview:large","max-video-preview":"max-video-preview:-1"},"canonical":"https:\/\/repliquemangacine.fr\/de\/katana-bleach\/bankai-ichigo-v3-140cm\/","og_locale":"de_DE","og_type":"article","og_title":"Katana Banka\u00ef Ichigo V3 - Sabre Bleach - Boutique en ligne | RMC","og_description":"Achetez vite ! Le Katana Banka\u00ef Ichigo V3 140cm dans Bleach au meilleur prix. Lame acier de 98cm - Chaine de 150cm. Longueur du baka\u00ef : 140cm - Envoi 24\/48h","og_url":"https:\/\/repliquemangacine.fr\/de\/katana-bleach\/bankai-ichigo-v3-140cm\/","og_site_name":"R\u00e9plique Manga Cin\u00e9","article_publisher":"https:\/\/www.facebook.com\/RepliqueMangaCine","article_modified_time":"2026-04-29T13:47:36+00:00","og_image":[{"width":800,"height":800,"url":"https:\/\/repliquemangacine.fr\/wp-content\/uploads\/2023\/10\/113-Replique-Katana-Bleach-Bankai-ichigo-V3-140cm.jpg","type":"image\/jpeg"}],"twitter_card":"summary_large_image","twitter_misc":{"Gesch\u00e4tzte Lesezeit":"3\u00a0Minuten"},"schema":{"@context":"https:\/\/schema.org","@graph":[{"@type":"WebPage","@id":"https:\/\/repliquemangacine.fr\/katana-bleach\/bankai-ichigo-v3-140cm\/","url":"https:\/\/repliquemangacine.fr\/katana-bleach\/bankai-ichigo-v3-140cm\/","name":"Katana Bankai Ichigo V3 - Bleach Schwert - Online Shop | RMC","isPartOf":{"@id":"https:\/\/repliquemangacine.fr\/#website"},"primaryImageOfPage":{"@id":"https:\/\/repliquemangacine.fr\/katana-bleach\/bankai-ichigo-v3-140cm\/#primaryimage"},"image":{"@id":"https:\/\/repliquemangacine.fr\/katana-bleach\/bankai-ichigo-v3-140cm\/#primaryimage"},"thumbnailUrl":"https:\/\/repliquemangacine.fr\/wp-content\/uploads\/2023\/10\/113-Replique-Katana-Bleach-Bankai-ichigo-V3-140cm.jpg","datePublished":"2016-08-21T19:58:15+00:00","dateModified":"2026-04-29T13:47:36+00:00","description":"Kaufen Sie schnell! Das Bankai Ichigo V3 Katana 140cm in Bleach zum besten Preis. 98cm lange Stahlklinge - 150cm lange Kette. L\u00e4nge des Bankai: 140cm - Versand 24\/48h","breadcrumb":{"@id":"https:\/\/repliquemangacine.fr\/katana-bleach\/bankai-ichigo-v3-140cm\/#breadcrumb"},"inLanguage":"de","potentialAction":[{"@type":"ReadAction","target":["https:\/\/repliquemangacine.fr\/katana-bleach\/bankai-ichigo-v3-140cm\/"]}]},{"@type":"ImageObject","inLanguage":"de","@id":"https:\/\/repliquemangacine.fr\/katana-bleach\/bankai-ichigo-v3-140cm\/#primaryimage","url":"https:\/\/repliquemangacine.fr\/wp-content\/uploads\/2023\/10\/113-Replique-Katana-Bleach-Bankai-ichigo-V3-140cm.jpg","contentUrl":"https:\/\/repliquemangacine.fr\/wp-content\/uploads\/2023\/10\/113-Replique-Katana-Bleach-Bankai-ichigo-V3-140cm.jpg","width":800,"height":800,"caption":"R\u00e9plique Katana Bleach - Banka\u00ef ichigo V3 - 140cm"},{"@type":"BreadcrumbList","@id":"https:\/\/repliquemangacine.fr\/katana-bleach\/bankai-ichigo-v3-140cm\/#breadcrumb","itemListElement":[{"@type":"ListItem","position":1,"name":"Accueil","item":"https:\/\/repliquemangacine.fr\/"},{"@type":"ListItem","position":2,"name":"Produits","item":"https:\/\/repliquemangacine.fr\/boutique\/"},{"@type":"ListItem","position":3,"name":"Banka\u00ef Ichigo V3 140cm"}]},{"@type":"WebSite","@id":"https:\/\/repliquemangacine.fr\/#website","url":"https:\/\/repliquemangacine.fr\/","name":"R\u00e9plique Manga Cin\u00e9","description":"","publisher":{"@id":"https:\/\/repliquemangacine.fr\/#organization"},"potentialAction":[{"@type":"SearchAction","target":{"@type":"EntryPoint","urlTemplate":"https:\/\/repliquemangacine.fr\/?s={search_term_string}"},"query-input":{"@type":"PropertyValueSpecification","valueRequired":true,"valueName":"search_term_string"}}],"inLanguage":"de"},{"@type":"Organization","@id":"https:\/\/repliquemangacine.fr\/#organization","name":"R\u00e9plique Manga Cin\u00e9","url":"https:\/\/repliquemangacine.fr\/","logo":{"@type":"ImageObject","inLanguage":"de","@id":"https:\/\/repliquemangacine.fr\/#\/schema\/logo\/image\/","url":"https:\/\/repliquemangacine.fr\/wp-content\/uploads\/2023\/10\/RMC-500250.png","contentUrl":"https:\/\/repliquemangacine.fr\/wp-content\/uploads\/2023\/10\/RMC-500250.png","width":500,"height":250,"caption":"R\u00e9plique Manga Cin\u00e9"},"image":{"@id":"https:\/\/repliquemangacine.fr\/#\/schema\/logo\/image\/"},"sameAs":["https:\/\/www.facebook.com\/RepliqueMangaCine","https:\/\/www.instagram.com\/repliquemangacine.fr\/"]}]}},"_links":{"self":[{"href":"https:\/\/repliquemangacine.fr\/de\/wp-json\/wp\/v2\/product\/25297","targetHints":{"allow":["GET"]}}],"collection":[{"href":"https:\/\/repliquemangacine.fr\/de\/wp-json\/wp\/v2\/product"}],"about":[{"href":"https:\/\/repliquemangacine.fr\/de\/wp-json\/wp\/v2\/types\/product"}],"wp:featuredmedia":[{"embeddable":true,"href":"https:\/\/repliquemangacine.fr\/de\/wp-json\/wp\/v2\/media\/25298"}],"wp:attachment":[{"href":"https:\/\/repliquemangacine.fr\/de\/wp-json\/wp\/v2\/media?parent=25297"}],"wp:term":[{"taxonomy":"product_brand","embeddable":true,"href":"https:\/\/repliquemangacine.fr\/de\/wp-json\/wp\/v2\/product_brand?post=25297"},{"taxonomy":"product_cat","embeddable":true,"href":"https:\/\/repliquemangacine.fr\/de\/wp-json\/wp\/v2\/product_cat?post=25297"},{"taxonomy":"product_tag","embeddable":true,"href":"https:\/\/repliquemangacine.fr\/de\/wp-json\/wp\/v2\/product_tag?post=25297"}],"curies":[{"name":"wp","href":"https:\/\/api.w.org\/{rel}","templated":true}]}}