





{"id":25292,"date":"2016-08-21T21:18:44","date_gmt":"2016-08-21T19:18:44","guid":{"rendered":"https:\/\/repliquemangacine.fr\/?post_type=product&#038;p=25292"},"modified":"2026-04-23T12:35:09","modified_gmt":"2026-04-23T10:35:09","slug":"katana-tensa-zangetsu-v2-bankai-ichigo","status":"publish","type":"product","link":"https:\/\/repliquemangacine.fr\/de\/katana-bleach\/katana-tensa-zangetsu-v2-bankai-ichigo\/","title":{"rendered":"Bankai ichigo Tensa Zangetsu V2"},"content":{"rendered":"<h2>103 cm lange Replik des Tensa Zangetsu V2 Katana<\/h2>\n<p>Das Katana Tensa Zangetsu V2 ist eine alternative Form des Bankai. Nach dem Training im Dangai erf\u00e4hrt Ichigos Zanpakuto gro\u00dfe Ver\u00e4nderungen. Der rechte \u00c4rmel des Shihakushou ist zerrissen, an seiner Stelle ist die Karmakette des Griffs so lang geworden, dass sie um den gesamten Arm des jungen Ersatzmanns reichen kann.<\/p>\n<p>Au\u00dferdem ersetzt eine Art Handschuh den Griff. Aizen Sosuke behauptet, dass diese Entwicklungsstufe des Jungen eine \"Verschmelzung\" zwischen seiner Hand und dem Schwert bewirkt hat. Au\u00dferdem ist der Metallschutz breiter und die Enden der Schenkel werden spitz.<\/p>\n<p><a href=\"https:\/\/bleach.fandom.com\/fr\/wiki\/Ichigo_Kurosaki#Zanpakut\u014d\" target=\"_blank\" rel=\"noopener noreferrer\">Ichigo Kurosaki<\/a> ist ein Mensch, der die au\u00dfergew\u00f6hnliche F\u00e4higkeit besitzt, Geister zu unterscheiden. Sein Leben \u00e4ndert sich, als er Rukia Kuchiki kennenlernt, die ihm ihre Shinigami-Kr\u00e4fte verleiht, um ihre Familie vor einem Hollow zu retten.<\/p>\n<h2>Ihr Tensa Zangetsu V2 Katana zum besten Preis.<\/h2>\n<p>Wir bieten dir alle Spr\u00fcche deiner Lieblingscharaktere in dem Anime-Manga Bleach.<\/p>\n<p>Zun\u00e4chst einmal,<\/p>\n<ul>\n<li>Die <a href=\"https:\/\/repliquemangacine.fr\/de\/katana-bleach\/katana-hollow-weis-ichigo\/\">Hollow Katana<\/a> (wei\u00dfes Katana), das die dunkle Seite von Ichigos Seele repr\u00e4sentiert.<\/li>\n<li>Sie finden aber auch die verschiedenen Versionen, l\u00e4nger und andere Aufbewahrung.<\/li>\n<li>Es gibt auch die <a href=\"https:\/\/repliquemangacine.fr\/de\/bleach\/canne-benihime-kisuke-urahara-bleach\/\">Benihime-Schwertstock<\/a> von Kisuk\u00e9 urahara.<\/li>\n<li>Und viele andere, die es in unserem Online-Shop zu entdecken gibt!<\/li>\n<\/ul>\n<p>Deshalb gibt es hier tolle Geschenkideen f\u00fcr Bleach-Fans.<\/p>\n<p>Zusammenfassend l\u00e4sst sich sagen, dass Sie dieses Katana Tensa Zangetsu V2 f\u00fcr Ihre Cosplay-Paraden verwenden k\u00f6nnen. Vor allem aber ist das Bankai von ichigo, auch ein Sammler- und Dekorationsst\u00fcck.<\/p>\n<h2>Wie pflegt man die Klinge seines Bleach Katanas?<\/h2>\n<p>Katanas f\u00fcr Sammlungen und Dekorationen werden auf vereinfachte Weise hergestellt und zusammengebaut. Da sie zu Dekorationszwecken verwendet werden, fehlen ihnen die Sicherheitsmerkmale, die ein japanisches Schwert f\u00fcr Trainingszwecke aufweisen muss.<\/p>\n<p>Allerdings ist Ihr <strong>Katana Tensa Zangetsu V2<\/strong> zu einer Stahlklinge, die gepflegt werden muss, damit sie nicht mit der Zeit abgenutzt wird. Denn wenn Sie Ihr Katana ausstellen, werden Ihre Freunde neugierig sein, die Klinge zu sehen und sie zu ber\u00fchren. Hier ist Vorsicht geboten. Es sei darauf hingewiesen, dass die S\u00e4ure der Finger dem Stahl unabh\u00e4ngig von seiner Qualit\u00e4t sehr schadet.<\/p>\n<p>Sollte dies dennoch passieren, keine Panik, Sie brauchen nur ein Tuch, das Sie mit etwas \u00d6l befeuchten und die Fingerabdr\u00fccke abwischen. Wenn Sie dies tun, werden Sie Ihr Schwert sehr lange behalten.<\/p>","protected":false},"excerpt":{"rendered":"<p>Version 2 von Ichigos Bankai \"die Tensa Zangetsu\", die w\u00e4hrend seines Kampfes mit Aizen verwendet wurde.<\/p>\n<ul>\n<li>Ungeschliffene Stahlklinge.<\/li>\n<li>Griff mit einem schwarzen Baumwollgeflecht umwickelt.<\/li>\n<li>Lange Metallkette von 105 cm L\u00e4nge.<\/li>\n<li>Wache aus Metall.<\/li>\n<li>L\u00e4nge der Klinge: 69cm - Gesamtl\u00e4nge: 103cm<\/li>\n<\/ul>","protected":false},"featured_media":25293,"template":"","meta":[],"product_brand":[896],"product_cat":[30,23],"product_tag":[],"class_list":{"0":"post-25292","1":"product","2":"type-product","3":"status-publish","4":"has-post-thumbnail","6":"product_brand-replique-manga-cine","7":"product_cat-katana-bleach","8":"product_cat-repliques-manga-jeux-video","10":"first","11":"instock","12":"taxable","13":"shipping-taxable","14":"purchasable","15":"product-type-simple"},"yoast_head":"<!-- This site is optimized with the Yoast SEO plugin v27.5 - https:\/\/yoast.com\/product\/yoast-seo-wordpress\/ -->\n<title>Katana Tensa Zangetsu V2 - Bleach - Boutique en ligne | RMC<\/title>\n<meta name=\"description\" content=\"Commander le Katana Tensa Zangetsu V2 dans Bleach au meilleur prix. Lame acier de 69 cm - Chaine de 105cm - Longueur Totale : 103cm - Envoi 24\/48h\" \/>\n<meta name=\"robots\" content=\"index, follow, max-snippet:-1, max-image-preview:large, max-video-preview:-1\" \/>\n<link rel=\"canonical\" href=\"https:\/\/repliquemangacine.fr\/de\/katana-bleach\/katana-tensa-zangetsu-v2-bankai-ichigo\/\" \/>\n<meta property=\"og:locale\" content=\"de_DE\" \/>\n<meta property=\"og:type\" content=\"article\" \/>\n<meta property=\"og:title\" content=\"Katana Tensa Zangetsu V2 - Bleach - Boutique en ligne | RMC\" \/>\n<meta property=\"og:description\" content=\"Commander le Katana Tensa Zangetsu V2 dans Bleach au meilleur prix. Lame acier de 69 cm - Chaine de 105cm - Longueur Totale : 103cm - Envoi 24\/48h\" \/>\n<meta property=\"og:url\" content=\"https:\/\/repliquemangacine.fr\/de\/katana-bleach\/katana-tensa-zangetsu-v2-bankai-ichigo\/\" \/>\n<meta property=\"og:site_name\" content=\"R\u00e9plique Manga Cin\u00e9\" \/>\n<meta property=\"article:publisher\" content=\"https:\/\/www.facebook.com\/RepliqueMangaCine\" \/>\n<meta property=\"article:modified_time\" content=\"2026-04-23T10:35:09+00:00\" \/>\n<meta property=\"og:image\" content=\"https:\/\/repliquemangacine.fr\/wp-content\/uploads\/2023\/10\/104-katana-ichigo-Tensa-Zangetsu-contre-Aizen-version-2.jpg\" \/>\n\t<meta property=\"og:image:width\" content=\"800\" \/>\n\t<meta property=\"og:image:height\" content=\"800\" \/>\n\t<meta property=\"og:image:type\" content=\"image\/jpeg\" \/>\n<meta name=\"twitter:card\" content=\"summary_large_image\" \/>\n<meta name=\"twitter:label1\" content=\"Gesch\u00e4tzte Lesezeit\" \/>\n\t<meta name=\"twitter:data1\" content=\"3\u00a0Minuten\" \/>\n<script type=\"application\/ld+json\" class=\"yoast-schema-graph\">{\"@context\":\"https:\\\/\\\/schema.org\",\"@graph\":[{\"@type\":\"WebPage\",\"@id\":\"https:\\\/\\\/repliquemangacine.fr\\\/katana-bleach\\\/katana-tensa-zangetsu-v2-bankai-ichigo\\\/\",\"url\":\"https:\\\/\\\/repliquemangacine.fr\\\/katana-bleach\\\/katana-tensa-zangetsu-v2-bankai-ichigo\\\/\",\"name\":\"Katana Tensa Zangetsu V2 - Bleach - Boutique en ligne | RMC\",\"isPartOf\":{\"@id\":\"https:\\\/\\\/repliquemangacine.fr\\\/#website\"},\"primaryImageOfPage\":{\"@id\":\"https:\\\/\\\/repliquemangacine.fr\\\/katana-bleach\\\/katana-tensa-zangetsu-v2-bankai-ichigo\\\/#primaryimage\"},\"image\":{\"@id\":\"https:\\\/\\\/repliquemangacine.fr\\\/katana-bleach\\\/katana-tensa-zangetsu-v2-bankai-ichigo\\\/#primaryimage\"},\"thumbnailUrl\":\"https:\\\/\\\/repliquemangacine.fr\\\/wp-content\\\/uploads\\\/2023\\\/10\\\/104-katana-ichigo-Tensa-Zangetsu-contre-Aizen-version-2.jpg\",\"datePublished\":\"2016-08-21T19:18:44+00:00\",\"dateModified\":\"2026-04-23T10:35:09+00:00\",\"description\":\"Commander le Katana Tensa Zangetsu V2 dans Bleach au meilleur prix. Lame acier de 69 cm - Chaine de 105cm - Longueur Totale : 103cm - Envoi 24\\\/48h\",\"breadcrumb\":{\"@id\":\"https:\\\/\\\/repliquemangacine.fr\\\/katana-bleach\\\/katana-tensa-zangetsu-v2-bankai-ichigo\\\/#breadcrumb\"},\"inLanguage\":\"de\",\"potentialAction\":[{\"@type\":\"ReadAction\",\"target\":[\"https:\\\/\\\/repliquemangacine.fr\\\/katana-bleach\\\/katana-tensa-zangetsu-v2-bankai-ichigo\\\/\"]}]},{\"@type\":\"ImageObject\",\"inLanguage\":\"de\",\"@id\":\"https:\\\/\\\/repliquemangacine.fr\\\/katana-bleach\\\/katana-tensa-zangetsu-v2-bankai-ichigo\\\/#primaryimage\",\"url\":\"https:\\\/\\\/repliquemangacine.fr\\\/wp-content\\\/uploads\\\/2023\\\/10\\\/104-katana-ichigo-Tensa-Zangetsu-contre-Aizen-version-2.jpg\",\"contentUrl\":\"https:\\\/\\\/repliquemangacine.fr\\\/wp-content\\\/uploads\\\/2023\\\/10\\\/104-katana-ichigo-Tensa-Zangetsu-contre-Aizen-version-2.jpg\",\"width\":800,\"height\":800,\"caption\":\"katana ichigo Tensa Zangetsu contre Aizen - version 2\"},{\"@type\":\"BreadcrumbList\",\"@id\":\"https:\\\/\\\/repliquemangacine.fr\\\/katana-bleach\\\/katana-tensa-zangetsu-v2-bankai-ichigo\\\/#breadcrumb\",\"itemListElement\":[{\"@type\":\"ListItem\",\"position\":1,\"name\":\"Accueil\",\"item\":\"https:\\\/\\\/repliquemangacine.fr\\\/\"},{\"@type\":\"ListItem\",\"position\":2,\"name\":\"Produits\",\"item\":\"https:\\\/\\\/repliquemangacine.fr\\\/boutique\\\/\"},{\"@type\":\"ListItem\",\"position\":3,\"name\":\"Banka\u00ef ichigo Tensa Zangetsu V2\"}]},{\"@type\":\"WebSite\",\"@id\":\"https:\\\/\\\/repliquemangacine.fr\\\/#website\",\"url\":\"https:\\\/\\\/repliquemangacine.fr\\\/\",\"name\":\"R\u00e9plique Manga Cin\u00e9\",\"description\":\"\",\"publisher\":{\"@id\":\"https:\\\/\\\/repliquemangacine.fr\\\/#organization\"},\"potentialAction\":[{\"@type\":\"SearchAction\",\"target\":{\"@type\":\"EntryPoint\",\"urlTemplate\":\"https:\\\/\\\/repliquemangacine.fr\\\/?s={search_term_string}\"},\"query-input\":{\"@type\":\"PropertyValueSpecification\",\"valueRequired\":true,\"valueName\":\"search_term_string\"}}],\"inLanguage\":\"de\"},{\"@type\":\"Organization\",\"@id\":\"https:\\\/\\\/repliquemangacine.fr\\\/#organization\",\"name\":\"R\u00e9plique Manga Cin\u00e9\",\"url\":\"https:\\\/\\\/repliquemangacine.fr\\\/\",\"logo\":{\"@type\":\"ImageObject\",\"inLanguage\":\"de\",\"@id\":\"https:\\\/\\\/repliquemangacine.fr\\\/#\\\/schema\\\/logo\\\/image\\\/\",\"url\":\"https:\\\/\\\/repliquemangacine.fr\\\/wp-content\\\/uploads\\\/2023\\\/10\\\/RMC-500250.png\",\"contentUrl\":\"https:\\\/\\\/repliquemangacine.fr\\\/wp-content\\\/uploads\\\/2023\\\/10\\\/RMC-500250.png\",\"width\":500,\"height\":250,\"caption\":\"R\u00e9plique Manga Cin\u00e9\"},\"image\":{\"@id\":\"https:\\\/\\\/repliquemangacine.fr\\\/#\\\/schema\\\/logo\\\/image\\\/\"},\"sameAs\":[\"https:\\\/\\\/www.facebook.com\\\/RepliqueMangaCine\",\"https:\\\/\\\/www.instagram.com\\\/repliquemangacine.fr\\\/\"]}]}<\/script>\n<!-- \/ Yoast SEO plugin. -->","yoast_head_json":{"title":"Katana Tensa Zangetsu V2 - Bleach - Online-Shop | RMC","description":"Bestellen Sie das Tensa Zangetsu V2 Katana in Bleach zum besten Preis. Klinge aus Stahl 69 cm - Kette 105cm - Gesamtl\u00e4nge: 103cm - Versand 24\/48h","robots":{"index":"index","follow":"follow","max-snippet":"max-snippet:-1","max-image-preview":"max-image-preview:large","max-video-preview":"max-video-preview:-1"},"canonical":"https:\/\/repliquemangacine.fr\/de\/katana-bleach\/katana-tensa-zangetsu-v2-bankai-ichigo\/","og_locale":"de_DE","og_type":"article","og_title":"Katana Tensa Zangetsu V2 - Bleach - Boutique en ligne | RMC","og_description":"Commander le Katana Tensa Zangetsu V2 dans Bleach au meilleur prix. Lame acier de 69 cm - Chaine de 105cm - Longueur Totale : 103cm - Envoi 24\/48h","og_url":"https:\/\/repliquemangacine.fr\/de\/katana-bleach\/katana-tensa-zangetsu-v2-bankai-ichigo\/","og_site_name":"R\u00e9plique Manga Cin\u00e9","article_publisher":"https:\/\/www.facebook.com\/RepliqueMangaCine","article_modified_time":"2026-04-23T10:35:09+00:00","og_image":[{"width":800,"height":800,"url":"https:\/\/repliquemangacine.fr\/wp-content\/uploads\/2023\/10\/104-katana-ichigo-Tensa-Zangetsu-contre-Aizen-version-2.jpg","type":"image\/jpeg"}],"twitter_card":"summary_large_image","twitter_misc":{"Gesch\u00e4tzte Lesezeit":"3\u00a0Minuten"},"schema":{"@context":"https:\/\/schema.org","@graph":[{"@type":"WebPage","@id":"https:\/\/repliquemangacine.fr\/katana-bleach\/katana-tensa-zangetsu-v2-bankai-ichigo\/","url":"https:\/\/repliquemangacine.fr\/katana-bleach\/katana-tensa-zangetsu-v2-bankai-ichigo\/","name":"Katana Tensa Zangetsu V2 - Bleach - Online-Shop | RMC","isPartOf":{"@id":"https:\/\/repliquemangacine.fr\/#website"},"primaryImageOfPage":{"@id":"https:\/\/repliquemangacine.fr\/katana-bleach\/katana-tensa-zangetsu-v2-bankai-ichigo\/#primaryimage"},"image":{"@id":"https:\/\/repliquemangacine.fr\/katana-bleach\/katana-tensa-zangetsu-v2-bankai-ichigo\/#primaryimage"},"thumbnailUrl":"https:\/\/repliquemangacine.fr\/wp-content\/uploads\/2023\/10\/104-katana-ichigo-Tensa-Zangetsu-contre-Aizen-version-2.jpg","datePublished":"2016-08-21T19:18:44+00:00","dateModified":"2026-04-23T10:35:09+00:00","description":"Bestellen Sie das Tensa Zangetsu V2 Katana in Bleach zum besten Preis. Klinge aus Stahl 69 cm - Kette 105cm - Gesamtl\u00e4nge: 103cm - Versand 24\/48h","breadcrumb":{"@id":"https:\/\/repliquemangacine.fr\/katana-bleach\/katana-tensa-zangetsu-v2-bankai-ichigo\/#breadcrumb"},"inLanguage":"de","potentialAction":[{"@type":"ReadAction","target":["https:\/\/repliquemangacine.fr\/katana-bleach\/katana-tensa-zangetsu-v2-bankai-ichigo\/"]}]},{"@type":"ImageObject","inLanguage":"de","@id":"https:\/\/repliquemangacine.fr\/katana-bleach\/katana-tensa-zangetsu-v2-bankai-ichigo\/#primaryimage","url":"https:\/\/repliquemangacine.fr\/wp-content\/uploads\/2023\/10\/104-katana-ichigo-Tensa-Zangetsu-contre-Aizen-version-2.jpg","contentUrl":"https:\/\/repliquemangacine.fr\/wp-content\/uploads\/2023\/10\/104-katana-ichigo-Tensa-Zangetsu-contre-Aizen-version-2.jpg","width":800,"height":800,"caption":"katana ichigo Tensa Zangetsu contre Aizen - version 2"},{"@type":"BreadcrumbList","@id":"https:\/\/repliquemangacine.fr\/katana-bleach\/katana-tensa-zangetsu-v2-bankai-ichigo\/#breadcrumb","itemListElement":[{"@type":"ListItem","position":1,"name":"Accueil","item":"https:\/\/repliquemangacine.fr\/"},{"@type":"ListItem","position":2,"name":"Produits","item":"https:\/\/repliquemangacine.fr\/boutique\/"},{"@type":"ListItem","position":3,"name":"Banka\u00ef ichigo Tensa Zangetsu V2"}]},{"@type":"WebSite","@id":"https:\/\/repliquemangacine.fr\/#website","url":"https:\/\/repliquemangacine.fr\/","name":"R\u00e9plique Manga Cin\u00e9","description":"","publisher":{"@id":"https:\/\/repliquemangacine.fr\/#organization"},"potentialAction":[{"@type":"SearchAction","target":{"@type":"EntryPoint","urlTemplate":"https:\/\/repliquemangacine.fr\/?s={search_term_string}"},"query-input":{"@type":"PropertyValueSpecification","valueRequired":true,"valueName":"search_term_string"}}],"inLanguage":"de"},{"@type":"Organization","@id":"https:\/\/repliquemangacine.fr\/#organization","name":"R\u00e9plique Manga Cin\u00e9","url":"https:\/\/repliquemangacine.fr\/","logo":{"@type":"ImageObject","inLanguage":"de","@id":"https:\/\/repliquemangacine.fr\/#\/schema\/logo\/image\/","url":"https:\/\/repliquemangacine.fr\/wp-content\/uploads\/2023\/10\/RMC-500250.png","contentUrl":"https:\/\/repliquemangacine.fr\/wp-content\/uploads\/2023\/10\/RMC-500250.png","width":500,"height":250,"caption":"R\u00e9plique Manga Cin\u00e9"},"image":{"@id":"https:\/\/repliquemangacine.fr\/#\/schema\/logo\/image\/"},"sameAs":["https:\/\/www.facebook.com\/RepliqueMangaCine","https:\/\/www.instagram.com\/repliquemangacine.fr\/"]}]}},"_links":{"self":[{"href":"https:\/\/repliquemangacine.fr\/de\/wp-json\/wp\/v2\/product\/25292","targetHints":{"allow":["GET"]}}],"collection":[{"href":"https:\/\/repliquemangacine.fr\/de\/wp-json\/wp\/v2\/product"}],"about":[{"href":"https:\/\/repliquemangacine.fr\/de\/wp-json\/wp\/v2\/types\/product"}],"wp:featuredmedia":[{"embeddable":true,"href":"https:\/\/repliquemangacine.fr\/de\/wp-json\/wp\/v2\/media\/25293"}],"wp:attachment":[{"href":"https:\/\/repliquemangacine.fr\/de\/wp-json\/wp\/v2\/media?parent=25292"}],"wp:term":[{"taxonomy":"product_brand","embeddable":true,"href":"https:\/\/repliquemangacine.fr\/de\/wp-json\/wp\/v2\/product_brand?post=25292"},{"taxonomy":"product_cat","embeddable":true,"href":"https:\/\/repliquemangacine.fr\/de\/wp-json\/wp\/v2\/product_cat?post=25292"},{"taxonomy":"product_tag","embeddable":true,"href":"https:\/\/repliquemangacine.fr\/de\/wp-json\/wp\/v2\/product_tag?post=25292"}],"curies":[{"name":"wp","href":"https:\/\/api.w.org\/{rel}","templated":true}]}}