





{"id":25282,"date":"2016-08-21T17:52:07","date_gmt":"2016-08-21T15:52:07","guid":{"rendered":"https:\/\/repliquemangacine.fr\/?post_type=product&#038;p=25282"},"modified":"2026-01-28T20:53:41","modified_gmt":"2026-01-28T19:53:41","slug":"katana-bankai-tensa-zangetsu-ichigo-104cm","status":"publish","type":"product","link":"https:\/\/repliquemangacine.fr\/de\/katana-bleach\/katana-bankai-tensa-zangetsu-ichigo-104cm\/","title":{"rendered":"Katana Bankai Ichigo 104cm"},"content":{"rendered":"<h2>Replik des Bankai Ichigo Katana 104cm - Bleach<\/h2>\n<p>Zun\u00e4chst einmal hei\u00dft das Bankai Ichigo Katana 104cm Tensa Zangetsu, Himmlische Kette, Scharfer Mond.\u00a0 <a href=\"https:\/\/bleach.fandom.com\/fr\/wiki\/Ichigo_Kurosaki\" target=\"_blank\" rel=\"noopener noreferrer\">Ichigo Kurosaki<\/a> ist ein Mensch, der die au\u00dfergew\u00f6hnliche F\u00e4higkeit besitzt, Geister zu unterscheiden. Sein Leben \u00e4ndert sich, als er Rukia Kuchiki kennenlernt, die ihm ihre Shinigami-Kr\u00e4fte verleiht, um ihre Familie vor einem Hollow zu retten.<\/p>\n<p>Nach einem beschleunigten und gef\u00e4hrlichen Verfahren von Kisuke Urahara, bei dem er innerhalb von drei Tagen das Bankai erlangte, gelang es Ichigo, die zweite Freisetzung seines Schwertes zu aktivieren. Dieses Bankai hat die Form eines schwarzen Katanas und erh\u00f6ht Ichigos Geschwindigkeit erheblich, w\u00e4hrend es gleichzeitig die ohnehin schon gro\u00dfe Kraft des Schwertes noch verst\u00e4rkt.<\/p>\n<p>Wo andere Zanpakut\u00f4s die Kraft des Schwertes erh\u00f6hen oder andere Techniken mit sich bringen, bringt Tensa Zangetsu nur einen Geschwindigkeitszuwachs sowie die vollst\u00e4ndige Freisetzung von Ichigos spiritueller Kraft, die f\u00fcr das Bankai bedeutsam ist.<\/p>\n<h2>Ihr Bankai Ichigo Katana 104cm zum besten Preis.<\/h2>\n<p>Wir bieten dir alle Spr\u00fcche deiner Lieblingscharaktere in dem Anime-Manga Bleach.<\/p>\n<p>Zun\u00e4chst einmal,<\/p>\n<ul>\n<li>Der erste <a href=\"https:\/\/repliquemangacine.fr\/de\/bleach\/bankai-ichigo-tensa-zangetsu-schneidend-142cm\/\">geschmiedetes Bankai von Ichigo<\/a>Die Tensa Zangetsu ist eine scharfe Version der Tensa Zangetsu.<\/li>\n<li>Sie finden aber auch die l\u00e4ngere Version und die Version mit dem anderen Schutz. 3<\/li>\n<li>Es gibt auch den <a href=\"https:\/\/repliquemangacine.fr\/de\/katana-bleach\/zanpakuto-hyorinmaru-hitsugaya-toshiro\/\">Katana von Hitsugaya<\/a> Toshiro, Hy\u014drinmaru der m\u00e4chtigste Eis-Zanpakutos.<\/li>\n<li>Und noch viele andere, die es zu entdecken gilt!<\/li>\n<\/ul>\n<p>Deshalb gibt es hier tolle Geschenkideen f\u00fcr Bleach-Fans.<\/p>\n<p>Abschlie\u00dfend k\u00f6nnen Sie auch diesen <strong>Katana Bankai Ichigo 104cm<\/strong> f\u00fcr Ihre Cosplay-Modenschauen oder Themenabende. Vor allem aber ist die Tensa Zangetsu auch ein Sammler- und Dekorationsst\u00fcck.<\/p>\n<h2>Wie pflegt man die Klinge seines Bleach Katanas?<\/h2>\n<p>Katanas f\u00fcr Sammlungen und Dekorationen werden auf vereinfachte Weise hergestellt und zusammengebaut. Da sie zu Dekorationszwecken verwendet werden, fehlen ihnen die Sicherheitsmerkmale, die ein japanisches Schwert f\u00fcr Trainingszwecke aufweisen muss.<\/p>\n<p>Allerdings ist Ihr <strong>Katana Bankai Ichigo 104cm<\/strong> zu einer Stahlklinge, die gepflegt werden muss, damit sie nicht mit der Zeit abgenutzt wird. Denn wenn Sie Ihr Katana ausstellen, werden Ihre Freunde neugierig sein, die Klinge zu sehen und sie zu ber\u00fchren. Hier ist Vorsicht geboten. Es sei darauf hingewiesen, dass die S\u00e4ure der Finger dem Stahl unabh\u00e4ngig von seiner Qualit\u00e4t sehr schadet.<\/p>\n<p>Sollte dies dennoch passieren, keine Panik, Sie brauchen nur ein Tuch, das Sie mit etwas \u00d6l befeuchten und die Fingerabdr\u00fccke abwischen. Wenn Sie dies tun, werden Sie Ihr Schwert sehr lange behalten.<\/p>\n<p><strong>\u00a0<\/strong><\/p>","protected":false},"excerpt":{"rendered":"<p>Es ist unn\u00f6tig, Ichigos erstes Bankai die Tensa Zangetsu in einer Kurzversion vorzustellen.<\/p>\n<ul>\n<li>Sein Zanpakuto mit einer ungeschliffenen schwarzen Stahlklinge.<\/li>\n<li>Griff mit einem schwarzen Baumwollgeflecht umwickelt.<\/li>\n<li>Zerbrochene Kette, die Ichigos zerbrochenes Karma symbolisiert.<\/li>\n<li>Metallgarnitur in Hakenkreuzform.<\/li>\n<li>Scheide aus schwarzem Holz.<\/li>\n<li>L\u00e4nge der Klinge: 69cm - Gesamtl\u00e4nge: 104cm<\/li>\n<\/ul>","protected":false},"featured_media":25283,"template":"","meta":[],"product_brand":[896],"product_cat":[30,23],"product_tag":[],"class_list":{"0":"post-25282","1":"product","2":"type-product","3":"status-publish","4":"has-post-thumbnail","6":"product_brand-replique-manga-cine","7":"product_cat-katana-bleach","8":"product_cat-repliques-manga-jeux-video","10":"first","11":"instock","12":"taxable","13":"shipping-taxable","14":"purchasable","15":"product-type-simple"},"yoast_head":"<!-- This site is optimized with the Yoast SEO plugin v27.5 - https:\/\/yoast.com\/product\/yoast-seo-wordpress\/ -->\n<title>Katana Banka\u00ef Ichigo 104cm - Bleach -Boutique en ligne | RMC<\/title>\n<meta name=\"description\" content=\"Commandez le premier Katana Banka\u00ef Ichigo 104cm Tensa Zangetsu au meilleur prix - Chaine bris\u00e9e - Lame en acier. Longueur totale : 104cm - Envoi 24\/48h\" \/>\n<meta name=\"robots\" content=\"index, follow, max-snippet:-1, max-image-preview:large, max-video-preview:-1\" \/>\n<link rel=\"canonical\" href=\"https:\/\/repliquemangacine.fr\/de\/katana-bleach\/katana-bankai-tensa-zangetsu-ichigo-104cm\/\" \/>\n<meta property=\"og:locale\" content=\"de_DE\" \/>\n<meta property=\"og:type\" content=\"article\" \/>\n<meta property=\"og:title\" content=\"Katana Banka\u00ef Ichigo 104cm - Bleach -Boutique en ligne | RMC\" \/>\n<meta property=\"og:description\" content=\"Commandez le premier Katana Banka\u00ef Ichigo 104cm Tensa Zangetsu au meilleur prix - Chaine bris\u00e9e - Lame en acier. Longueur totale : 104cm - Envoi 24\/48h\" \/>\n<meta property=\"og:url\" content=\"https:\/\/repliquemangacine.fr\/de\/katana-bleach\/katana-bankai-tensa-zangetsu-ichigo-104cm\/\" \/>\n<meta property=\"og:site_name\" content=\"R\u00e9plique Manga Cin\u00e9\" \/>\n<meta property=\"article:publisher\" content=\"https:\/\/www.facebook.com\/RepliqueMangaCine\" \/>\n<meta property=\"article:modified_time\" content=\"2026-01-28T19:53:41+00:00\" \/>\n<meta property=\"og:image\" content=\"https:\/\/repliquemangacine.fr\/wp-content\/uploads\/2023\/10\/96-replique-katana-Ichigo-Tensa-Zangetsu-104cm.jpg\" \/>\n\t<meta property=\"og:image:width\" content=\"800\" \/>\n\t<meta property=\"og:image:height\" content=\"800\" \/>\n\t<meta property=\"og:image:type\" content=\"image\/jpeg\" \/>\n<meta name=\"twitter:card\" content=\"summary_large_image\" \/>\n<meta name=\"twitter:label1\" content=\"Gesch\u00e4tzte Lesezeit\" \/>\n\t<meta name=\"twitter:data1\" content=\"3\u00a0Minuten\" \/>\n<script type=\"application\/ld+json\" class=\"yoast-schema-graph\">{\"@context\":\"https:\\\/\\\/schema.org\",\"@graph\":[{\"@type\":\"WebPage\",\"@id\":\"https:\\\/\\\/repliquemangacine.fr\\\/katana-bleach\\\/katana-bankai-tensa-zangetsu-ichigo-104cm\\\/\",\"url\":\"https:\\\/\\\/repliquemangacine.fr\\\/katana-bleach\\\/katana-bankai-tensa-zangetsu-ichigo-104cm\\\/\",\"name\":\"Katana Banka\u00ef Ichigo 104cm - Bleach -Boutique en ligne | RMC\",\"isPartOf\":{\"@id\":\"https:\\\/\\\/repliquemangacine.fr\\\/#website\"},\"primaryImageOfPage\":{\"@id\":\"https:\\\/\\\/repliquemangacine.fr\\\/katana-bleach\\\/katana-bankai-tensa-zangetsu-ichigo-104cm\\\/#primaryimage\"},\"image\":{\"@id\":\"https:\\\/\\\/repliquemangacine.fr\\\/katana-bleach\\\/katana-bankai-tensa-zangetsu-ichigo-104cm\\\/#primaryimage\"},\"thumbnailUrl\":\"https:\\\/\\\/repliquemangacine.fr\\\/wp-content\\\/uploads\\\/2023\\\/10\\\/96-replique-katana-Ichigo-Tensa-Zangetsu-104cm.jpg\",\"datePublished\":\"2016-08-21T15:52:07+00:00\",\"dateModified\":\"2026-01-28T19:53:41+00:00\",\"description\":\"Commandez le premier Katana Banka\u00ef Ichigo 104cm Tensa Zangetsu au meilleur prix - Chaine bris\u00e9e - Lame en acier. Longueur totale : 104cm - Envoi 24\\\/48h\",\"breadcrumb\":{\"@id\":\"https:\\\/\\\/repliquemangacine.fr\\\/katana-bleach\\\/katana-bankai-tensa-zangetsu-ichigo-104cm\\\/#breadcrumb\"},\"inLanguage\":\"de\",\"potentialAction\":[{\"@type\":\"ReadAction\",\"target\":[\"https:\\\/\\\/repliquemangacine.fr\\\/katana-bleach\\\/katana-bankai-tensa-zangetsu-ichigo-104cm\\\/\"]}]},{\"@type\":\"ImageObject\",\"inLanguage\":\"de\",\"@id\":\"https:\\\/\\\/repliquemangacine.fr\\\/katana-bleach\\\/katana-bankai-tensa-zangetsu-ichigo-104cm\\\/#primaryimage\",\"url\":\"https:\\\/\\\/repliquemangacine.fr\\\/wp-content\\\/uploads\\\/2023\\\/10\\\/96-replique-katana-Ichigo-Tensa-Zangetsu-104cm.jpg\",\"contentUrl\":\"https:\\\/\\\/repliquemangacine.fr\\\/wp-content\\\/uploads\\\/2023\\\/10\\\/96-replique-katana-Ichigo-Tensa-Zangetsu-104cm.jpg\",\"width\":800,\"height\":800,\"caption\":\"r\u00e9plique katana Ichigo - Tensa Zangetsu 104cm\"},{\"@type\":\"BreadcrumbList\",\"@id\":\"https:\\\/\\\/repliquemangacine.fr\\\/katana-bleach\\\/katana-bankai-tensa-zangetsu-ichigo-104cm\\\/#breadcrumb\",\"itemListElement\":[{\"@type\":\"ListItem\",\"position\":1,\"name\":\"Accueil\",\"item\":\"https:\\\/\\\/repliquemangacine.fr\\\/\"},{\"@type\":\"ListItem\",\"position\":2,\"name\":\"Produits\",\"item\":\"https:\\\/\\\/repliquemangacine.fr\\\/boutique\\\/\"},{\"@type\":\"ListItem\",\"position\":3,\"name\":\"Katana Banka\u00ef Ichigo 104cm\"}]},{\"@type\":\"WebSite\",\"@id\":\"https:\\\/\\\/repliquemangacine.fr\\\/#website\",\"url\":\"https:\\\/\\\/repliquemangacine.fr\\\/\",\"name\":\"R\u00e9plique Manga Cin\u00e9\",\"description\":\"\",\"publisher\":{\"@id\":\"https:\\\/\\\/repliquemangacine.fr\\\/#organization\"},\"potentialAction\":[{\"@type\":\"SearchAction\",\"target\":{\"@type\":\"EntryPoint\",\"urlTemplate\":\"https:\\\/\\\/repliquemangacine.fr\\\/?s={search_term_string}\"},\"query-input\":{\"@type\":\"PropertyValueSpecification\",\"valueRequired\":true,\"valueName\":\"search_term_string\"}}],\"inLanguage\":\"de\"},{\"@type\":\"Organization\",\"@id\":\"https:\\\/\\\/repliquemangacine.fr\\\/#organization\",\"name\":\"R\u00e9plique Manga Cin\u00e9\",\"url\":\"https:\\\/\\\/repliquemangacine.fr\\\/\",\"logo\":{\"@type\":\"ImageObject\",\"inLanguage\":\"de\",\"@id\":\"https:\\\/\\\/repliquemangacine.fr\\\/#\\\/schema\\\/logo\\\/image\\\/\",\"url\":\"https:\\\/\\\/repliquemangacine.fr\\\/wp-content\\\/uploads\\\/2023\\\/10\\\/RMC-500250.png\",\"contentUrl\":\"https:\\\/\\\/repliquemangacine.fr\\\/wp-content\\\/uploads\\\/2023\\\/10\\\/RMC-500250.png\",\"width\":500,\"height\":250,\"caption\":\"R\u00e9plique Manga Cin\u00e9\"},\"image\":{\"@id\":\"https:\\\/\\\/repliquemangacine.fr\\\/#\\\/schema\\\/logo\\\/image\\\/\"},\"sameAs\":[\"https:\\\/\\\/www.facebook.com\\\/RepliqueMangaCine\",\"https:\\\/\\\/www.instagram.com\\\/repliquemangacine.fr\\\/\"]}]}<\/script>\n<!-- \/ Yoast SEO plugin. -->","yoast_head_json":{"title":"Katana Bankai Ichigo 104cm - Bleach -Online-Shop | RMC","description":"Bestellen Sie die erste Katana Bankai Ichigo 104cm Tensa Zangetsu zum besten Preis - Gebrochene Kette - Klinge aus Stahl. Gesamtl\u00e4nge: 104cm - Versand 24\/48h","robots":{"index":"index","follow":"follow","max-snippet":"max-snippet:-1","max-image-preview":"max-image-preview:large","max-video-preview":"max-video-preview:-1"},"canonical":"https:\/\/repliquemangacine.fr\/de\/katana-bleach\/katana-bankai-tensa-zangetsu-ichigo-104cm\/","og_locale":"de_DE","og_type":"article","og_title":"Katana Banka\u00ef Ichigo 104cm - Bleach -Boutique en ligne | RMC","og_description":"Commandez le premier Katana Banka\u00ef Ichigo 104cm Tensa Zangetsu au meilleur prix - Chaine bris\u00e9e - Lame en acier. Longueur totale : 104cm - Envoi 24\/48h","og_url":"https:\/\/repliquemangacine.fr\/de\/katana-bleach\/katana-bankai-tensa-zangetsu-ichigo-104cm\/","og_site_name":"R\u00e9plique Manga Cin\u00e9","article_publisher":"https:\/\/www.facebook.com\/RepliqueMangaCine","article_modified_time":"2026-01-28T19:53:41+00:00","og_image":[{"width":800,"height":800,"url":"https:\/\/repliquemangacine.fr\/wp-content\/uploads\/2023\/10\/96-replique-katana-Ichigo-Tensa-Zangetsu-104cm.jpg","type":"image\/jpeg"}],"twitter_card":"summary_large_image","twitter_misc":{"Gesch\u00e4tzte Lesezeit":"3\u00a0Minuten"},"schema":{"@context":"https:\/\/schema.org","@graph":[{"@type":"WebPage","@id":"https:\/\/repliquemangacine.fr\/katana-bleach\/katana-bankai-tensa-zangetsu-ichigo-104cm\/","url":"https:\/\/repliquemangacine.fr\/katana-bleach\/katana-bankai-tensa-zangetsu-ichigo-104cm\/","name":"Katana Bankai Ichigo 104cm - Bleach -Online-Shop | RMC","isPartOf":{"@id":"https:\/\/repliquemangacine.fr\/#website"},"primaryImageOfPage":{"@id":"https:\/\/repliquemangacine.fr\/katana-bleach\/katana-bankai-tensa-zangetsu-ichigo-104cm\/#primaryimage"},"image":{"@id":"https:\/\/repliquemangacine.fr\/katana-bleach\/katana-bankai-tensa-zangetsu-ichigo-104cm\/#primaryimage"},"thumbnailUrl":"https:\/\/repliquemangacine.fr\/wp-content\/uploads\/2023\/10\/96-replique-katana-Ichigo-Tensa-Zangetsu-104cm.jpg","datePublished":"2016-08-21T15:52:07+00:00","dateModified":"2026-01-28T19:53:41+00:00","description":"Bestellen Sie die erste Katana Bankai Ichigo 104cm Tensa Zangetsu zum besten Preis - Gebrochene Kette - Klinge aus Stahl. Gesamtl\u00e4nge: 104cm - Versand 24\/48h","breadcrumb":{"@id":"https:\/\/repliquemangacine.fr\/katana-bleach\/katana-bankai-tensa-zangetsu-ichigo-104cm\/#breadcrumb"},"inLanguage":"de","potentialAction":[{"@type":"ReadAction","target":["https:\/\/repliquemangacine.fr\/katana-bleach\/katana-bankai-tensa-zangetsu-ichigo-104cm\/"]}]},{"@type":"ImageObject","inLanguage":"de","@id":"https:\/\/repliquemangacine.fr\/katana-bleach\/katana-bankai-tensa-zangetsu-ichigo-104cm\/#primaryimage","url":"https:\/\/repliquemangacine.fr\/wp-content\/uploads\/2023\/10\/96-replique-katana-Ichigo-Tensa-Zangetsu-104cm.jpg","contentUrl":"https:\/\/repliquemangacine.fr\/wp-content\/uploads\/2023\/10\/96-replique-katana-Ichigo-Tensa-Zangetsu-104cm.jpg","width":800,"height":800,"caption":"r\u00e9plique katana Ichigo - Tensa Zangetsu 104cm"},{"@type":"BreadcrumbList","@id":"https:\/\/repliquemangacine.fr\/katana-bleach\/katana-bankai-tensa-zangetsu-ichigo-104cm\/#breadcrumb","itemListElement":[{"@type":"ListItem","position":1,"name":"Accueil","item":"https:\/\/repliquemangacine.fr\/"},{"@type":"ListItem","position":2,"name":"Produits","item":"https:\/\/repliquemangacine.fr\/boutique\/"},{"@type":"ListItem","position":3,"name":"Katana Banka\u00ef Ichigo 104cm"}]},{"@type":"WebSite","@id":"https:\/\/repliquemangacine.fr\/#website","url":"https:\/\/repliquemangacine.fr\/","name":"R\u00e9plique Manga Cin\u00e9","description":"","publisher":{"@id":"https:\/\/repliquemangacine.fr\/#organization"},"potentialAction":[{"@type":"SearchAction","target":{"@type":"EntryPoint","urlTemplate":"https:\/\/repliquemangacine.fr\/?s={search_term_string}"},"query-input":{"@type":"PropertyValueSpecification","valueRequired":true,"valueName":"search_term_string"}}],"inLanguage":"de"},{"@type":"Organization","@id":"https:\/\/repliquemangacine.fr\/#organization","name":"R\u00e9plique Manga Cin\u00e9","url":"https:\/\/repliquemangacine.fr\/","logo":{"@type":"ImageObject","inLanguage":"de","@id":"https:\/\/repliquemangacine.fr\/#\/schema\/logo\/image\/","url":"https:\/\/repliquemangacine.fr\/wp-content\/uploads\/2023\/10\/RMC-500250.png","contentUrl":"https:\/\/repliquemangacine.fr\/wp-content\/uploads\/2023\/10\/RMC-500250.png","width":500,"height":250,"caption":"R\u00e9plique Manga Cin\u00e9"},"image":{"@id":"https:\/\/repliquemangacine.fr\/#\/schema\/logo\/image\/"},"sameAs":["https:\/\/www.facebook.com\/RepliqueMangaCine","https:\/\/www.instagram.com\/repliquemangacine.fr\/"]}]}},"_links":{"self":[{"href":"https:\/\/repliquemangacine.fr\/de\/wp-json\/wp\/v2\/product\/25282","targetHints":{"allow":["GET"]}}],"collection":[{"href":"https:\/\/repliquemangacine.fr\/de\/wp-json\/wp\/v2\/product"}],"about":[{"href":"https:\/\/repliquemangacine.fr\/de\/wp-json\/wp\/v2\/types\/product"}],"wp:featuredmedia":[{"embeddable":true,"href":"https:\/\/repliquemangacine.fr\/de\/wp-json\/wp\/v2\/media\/25283"}],"wp:attachment":[{"href":"https:\/\/repliquemangacine.fr\/de\/wp-json\/wp\/v2\/media?parent=25282"}],"wp:term":[{"taxonomy":"product_brand","embeddable":true,"href":"https:\/\/repliquemangacine.fr\/de\/wp-json\/wp\/v2\/product_brand?post=25282"},{"taxonomy":"product_cat","embeddable":true,"href":"https:\/\/repliquemangacine.fr\/de\/wp-json\/wp\/v2\/product_cat?post=25282"},{"taxonomy":"product_tag","embeddable":true,"href":"https:\/\/repliquemangacine.fr\/de\/wp-json\/wp\/v2\/product_tag?post=25282"}],"curies":[{"name":"wp","href":"https:\/\/api.w.org\/{rel}","templated":true}]}}