





{"id":25274,"date":"2016-08-19T15:32:53","date_gmt":"2016-08-19T13:32:53","guid":{"rendered":"https:\/\/repliquemangacine.fr\/?post_type=product&#038;p=25274"},"modified":"2025-11-28T11:12:51","modified_gmt":"2025-11-28T10:12:51","slug":"katana-kenpachi-nozarashi-schwert-von-zaraki-bleach","status":"publish","type":"product","link":"https:\/\/repliquemangacine.fr\/de\/katana-bleach\/katana-kenpachi-nozarashi-epee-de-zaraki-bleach\/","title":{"rendered":"Katana Nozarashi von Kenpachi"},"content":{"rendered":"<h2>Katana Nozarashi von Kenpachi Zaraki in Bleach.<\/h2>\n<p>Zun\u00e4chst das Katana Nozarashi von Kenpachi Zaraki (Narbensturm), mit einer abgenutzten (gezackten) Klinge. Das Schwert ist l\u00e4nger als ein Katana und hat die Gr\u00f6\u00dfe eines Nodachi.<\/p>\n<p><a href=\"https:\/\/bleach.fandom.com\/fr\/wiki\/Kenpachi_Zaraki#Zanpakut\u014d\" target=\"_blank\" rel=\"noopener noreferrer\">Zaraki<\/a> konnte seine Seele auf sein Zanpakut\u014d pr\u00e4gen, als er noch ein unerfahrenes Kind war. Die Klinge ist viel l\u00e4nger als das normale Zanpakut\u014d, etwa so gro\u00df wie ein Nodachi. Wei\u00dfer Griff, in Bandagen geh\u00fcllt, ebenso wie die Scheide seines Schwertes. Kenpachi kann den Schrei seines Schwertes nicht h\u00f6ren.<\/p>\n<p>Ihr Mangel an Harmonie l\u00e4sst Nozarashi mit wenig spiritueller Energie zur\u00fcck und wird daher leichter zu besch\u00e4digen, es ist gesplittert und die Klinge ist anscheinend an ihrer Kante nach unten abgenutzt. Trotz ihres Aussehens kann Nozarashi leicht durch die meisten Gegenst\u00e4nde schneiden.<\/p>\n<h2>Ihr Nozarashi Katana von Kenpachi zum besten Preis.<\/h2>\n<p>Wir bieten dir alle Spr\u00fcche deiner Lieblingscharaktere in dem Anime-Manga Bleach.<\/p>\n<p>Zun\u00e4chst einmal,<\/p>\n<ul>\n<li>Der erste <a href=\"https:\/\/repliquemangacine.fr\/de\/bleach\/bankai-ichigo-tensa-zangetsu-schneidend-142cm\/\">geschmiedetes Bankai von Ichigo<\/a>Die Tensa Zangetsu ist eine scharfe Version der Tensa Zangetsu.<\/li>\n<li>Sie finden aber auch die l\u00e4ngere Version und die Version mit dem anderen Schutz.<\/li>\n<li>Es gibt auch das Katana von <a href=\"https:\/\/repliquemangacine.fr\/de\/bleach\/zanpakuto-hyorinmaru-hitsugaya-toshiro\/\">Hitsugaya Toshiro, Hy\u014drinmaru<\/a> der m\u00e4chtigste der Eis-Zanpakutos.<\/li>\n<li>Und noch viele andere, die es zu entdecken gilt!<\/li>\n<\/ul>\n<p>Deshalb gibt es hier tolle Geschenkideen f\u00fcr Bleach-Fans.<\/p>\n<p>Zusammenfassend l\u00e4sst sich sagen, dass Sie dieses Katana Nozarashi von Kenpachi f\u00fcr Ihre Cosplay-Paraden verwenden k\u00f6nnen. Vor allem aber ist das Zanpakuto von Kenpachi, auch ein Sammler- und Dekorationsst\u00fcck.<\/p>\n<h2>Wie pflegt man die Klinge seines Bleach Katanas?<\/h2>\n<p>Katanas f\u00fcr Sammlungen und Dekorationen werden auf vereinfachte Weise hergestellt und zusammengebaut. Da sie zu Dekorationszwecken verwendet werden, fehlen ihnen die Sicherheitsmerkmale, die ein japanisches Schwert f\u00fcr Trainingszwecke aufweisen muss.<\/p>\n<p>Allerdings ist Ihr <strong>Nozarashi Katana von Kenpachi<\/strong> zu einer Stahlklinge, die gepflegt werden muss, damit sie nicht mit der Zeit abgenutzt wird. Denn wenn Sie Ihr Katana ausstellen, werden Ihre Freunde neugierig sein, die Klinge zu sehen und sie zu ber\u00fchren. Hier ist Vorsicht geboten. Es sei darauf hingewiesen, dass die S\u00e4ure der Finger dem Stahl unabh\u00e4ngig von seiner Qualit\u00e4t sehr schadet.<\/p>\n<p>Sollte dies dennoch passieren, keine Panik, Sie brauchen nur ein Tuch, das Sie mit etwas \u00d6l befeuchten und die Fingerabdr\u00fccke abwischen. Wenn Sie dies tun, werden Sie Ihr Schwert sehr lange behalten.<\/p>","protected":false},"excerpt":{"rendered":"<p>Kenpachi erfuhr schlie\u00dflich den Namen seines Zanpakutos, Nozarashi.<\/p>\n<ul>\n<li>Ausgebrochene Stahlklinge, die ein abgenutztes Aussehen verleiht.<\/li>\n<li>Holzgabel, die wie mit Baumwolle umwickelt ist, ebenso wie der Griff.<\/li>\n<li>Garde aus gealtertem Metall.<\/li>\n<li>Klingenl\u00e4nge: 69cm - Gesamtl\u00e4nge: 110cm - Gesamtgewicht: 960Grs<\/li>\n<\/ul>","protected":false},"featured_media":25275,"template":"","meta":[],"product_brand":[896],"product_cat":[30,23],"product_tag":[],"class_list":{"0":"post-25274","1":"product","2":"type-product","3":"status-publish","4":"has-post-thumbnail","6":"product_brand-replique-manga-cine","7":"product_cat-katana-bleach","8":"product_cat-repliques-manga-jeux-video","10":"first","11":"instock","12":"taxable","13":"shipping-taxable","14":"purchasable","15":"product-type-simple"},"yoast_head":"<!-- This site is optimized with the Yoast SEO plugin v27.5 - https:\/\/yoast.com\/product\/yoast-seo-wordpress\/ -->\n<title>Katana Nozarashi de Kenpachi - Bleach - Boutique en ligne | RMC<\/title>\n<meta name=\"description\" content=\"Commandez vite ! Le Katana Nozarashi de Kenpachi dans Bleach au meilleur prix. Lame us\u00e9e en acier - Longueur totale : 110 cm - Envoi 24\/48h\" \/>\n<meta name=\"robots\" content=\"index, follow, max-snippet:-1, max-image-preview:large, max-video-preview:-1\" \/>\n<link rel=\"canonical\" href=\"https:\/\/repliquemangacine.fr\/de\/katana-bleach\/katana-kenpachi-nozarashi-schwert-von-zaraki-bleach\/\" \/>\n<meta property=\"og:locale\" content=\"de_DE\" \/>\n<meta property=\"og:type\" content=\"article\" \/>\n<meta property=\"og:title\" content=\"Katana Nozarashi de Kenpachi - Bleach - Boutique en ligne | RMC\" \/>\n<meta property=\"og:description\" content=\"Commandez vite ! Le Katana Nozarashi de Kenpachi dans Bleach au meilleur prix. Lame us\u00e9e en acier - Longueur totale : 110 cm - Envoi 24\/48h\" \/>\n<meta property=\"og:url\" content=\"https:\/\/repliquemangacine.fr\/de\/katana-bleach\/katana-kenpachi-nozarashi-schwert-von-zaraki-bleach\/\" \/>\n<meta property=\"og:site_name\" content=\"R\u00e9plique Manga Cin\u00e9\" \/>\n<meta property=\"article:publisher\" content=\"https:\/\/www.facebook.com\/RepliqueMangaCine\" \/>\n<meta property=\"article:modified_time\" content=\"2025-11-28T10:12:51+00:00\" \/>\n<meta property=\"og:image\" content=\"https:\/\/repliquemangacine.fr\/wp-content\/uploads\/2023\/10\/90-Katana-Bleach-Epee-de-Kenpachi-Nozarashi.jpg\" \/>\n\t<meta property=\"og:image:width\" content=\"700\" \/>\n\t<meta property=\"og:image:height\" content=\"700\" \/>\n\t<meta property=\"og:image:type\" content=\"image\/jpeg\" \/>\n<meta name=\"twitter:card\" content=\"summary_large_image\" \/>\n<meta name=\"twitter:label1\" content=\"Gesch\u00e4tzte Lesezeit\" \/>\n\t<meta name=\"twitter:data1\" content=\"2\u00a0Minuten\" \/>\n<script type=\"application\/ld+json\" class=\"yoast-schema-graph\">{\"@context\":\"https:\\\/\\\/schema.org\",\"@graph\":[{\"@type\":\"WebPage\",\"@id\":\"https:\\\/\\\/repliquemangacine.fr\\\/katana-bleach\\\/katana-kenpachi-nozarashi-epee-de-zaraki-bleach\\\/\",\"url\":\"https:\\\/\\\/repliquemangacine.fr\\\/katana-bleach\\\/katana-kenpachi-nozarashi-epee-de-zaraki-bleach\\\/\",\"name\":\"Katana Nozarashi de Kenpachi - Bleach - Boutique en ligne | RMC\",\"isPartOf\":{\"@id\":\"https:\\\/\\\/repliquemangacine.fr\\\/#website\"},\"primaryImageOfPage\":{\"@id\":\"https:\\\/\\\/repliquemangacine.fr\\\/katana-bleach\\\/katana-kenpachi-nozarashi-epee-de-zaraki-bleach\\\/#primaryimage\"},\"image\":{\"@id\":\"https:\\\/\\\/repliquemangacine.fr\\\/katana-bleach\\\/katana-kenpachi-nozarashi-epee-de-zaraki-bleach\\\/#primaryimage\"},\"thumbnailUrl\":\"https:\\\/\\\/repliquemangacine.fr\\\/wp-content\\\/uploads\\\/2023\\\/10\\\/90-Katana-Bleach-Epee-de-Kenpachi-Nozarashi.jpg\",\"datePublished\":\"2016-08-19T13:32:53+00:00\",\"dateModified\":\"2025-11-28T10:12:51+00:00\",\"description\":\"Commandez vite ! Le Katana Nozarashi de Kenpachi dans Bleach au meilleur prix. Lame us\u00e9e en acier - Longueur totale : 110 cm - Envoi 24\\\/48h\",\"breadcrumb\":{\"@id\":\"https:\\\/\\\/repliquemangacine.fr\\\/katana-bleach\\\/katana-kenpachi-nozarashi-epee-de-zaraki-bleach\\\/#breadcrumb\"},\"inLanguage\":\"de\",\"potentialAction\":[{\"@type\":\"ReadAction\",\"target\":[\"https:\\\/\\\/repliquemangacine.fr\\\/katana-bleach\\\/katana-kenpachi-nozarashi-epee-de-zaraki-bleach\\\/\"]}]},{\"@type\":\"ImageObject\",\"inLanguage\":\"de\",\"@id\":\"https:\\\/\\\/repliquemangacine.fr\\\/katana-bleach\\\/katana-kenpachi-nozarashi-epee-de-zaraki-bleach\\\/#primaryimage\",\"url\":\"https:\\\/\\\/repliquemangacine.fr\\\/wp-content\\\/uploads\\\/2023\\\/10\\\/90-Katana-Bleach-Epee-de-Kenpachi-Nozarashi.jpg\",\"contentUrl\":\"https:\\\/\\\/repliquemangacine.fr\\\/wp-content\\\/uploads\\\/2023\\\/10\\\/90-Katana-Bleach-Epee-de-Kenpachi-Nozarashi.jpg\",\"width\":700,\"height\":700,\"caption\":\"Katana Bleach - Ep\u00e9e de Kenpachi Nozarashi\"},{\"@type\":\"BreadcrumbList\",\"@id\":\"https:\\\/\\\/repliquemangacine.fr\\\/katana-bleach\\\/katana-kenpachi-nozarashi-epee-de-zaraki-bleach\\\/#breadcrumb\",\"itemListElement\":[{\"@type\":\"ListItem\",\"position\":1,\"name\":\"Accueil\",\"item\":\"https:\\\/\\\/repliquemangacine.fr\\\/\"},{\"@type\":\"ListItem\",\"position\":2,\"name\":\"Produits\",\"item\":\"https:\\\/\\\/repliquemangacine.fr\\\/boutique\\\/\"},{\"@type\":\"ListItem\",\"position\":3,\"name\":\"Katana Nozarashi de Kenpachi\"}]},{\"@type\":\"WebSite\",\"@id\":\"https:\\\/\\\/repliquemangacine.fr\\\/#website\",\"url\":\"https:\\\/\\\/repliquemangacine.fr\\\/\",\"name\":\"R\u00e9plique Manga Cin\u00e9\",\"description\":\"\",\"publisher\":{\"@id\":\"https:\\\/\\\/repliquemangacine.fr\\\/#organization\"},\"potentialAction\":[{\"@type\":\"SearchAction\",\"target\":{\"@type\":\"EntryPoint\",\"urlTemplate\":\"https:\\\/\\\/repliquemangacine.fr\\\/?s={search_term_string}\"},\"query-input\":{\"@type\":\"PropertyValueSpecification\",\"valueRequired\":true,\"valueName\":\"search_term_string\"}}],\"inLanguage\":\"de\"},{\"@type\":\"Organization\",\"@id\":\"https:\\\/\\\/repliquemangacine.fr\\\/#organization\",\"name\":\"R\u00e9plique Manga Cin\u00e9\",\"url\":\"https:\\\/\\\/repliquemangacine.fr\\\/\",\"logo\":{\"@type\":\"ImageObject\",\"inLanguage\":\"de\",\"@id\":\"https:\\\/\\\/repliquemangacine.fr\\\/#\\\/schema\\\/logo\\\/image\\\/\",\"url\":\"https:\\\/\\\/repliquemangacine.fr\\\/wp-content\\\/uploads\\\/2023\\\/10\\\/RMC-500250.png\",\"contentUrl\":\"https:\\\/\\\/repliquemangacine.fr\\\/wp-content\\\/uploads\\\/2023\\\/10\\\/RMC-500250.png\",\"width\":500,\"height\":250,\"caption\":\"R\u00e9plique Manga Cin\u00e9\"},\"image\":{\"@id\":\"https:\\\/\\\/repliquemangacine.fr\\\/#\\\/schema\\\/logo\\\/image\\\/\"},\"sameAs\":[\"https:\\\/\\\/www.facebook.com\\\/RepliqueMangaCine\",\"https:\\\/\\\/www.instagram.com\\\/repliquemangacine.fr\\\/\"]}]}<\/script>\n<!-- \/ Yoast SEO plugin. -->","yoast_head_json":{"title":"Katana Nozarashi von Kenpachi - Bleach - Online Shop | RMC","description":"Bestellen Sie schnell! Kenpachi's Nozarashi Katana aus Bleach zum besten Preis. Abgenutzte Klinge aus Stahl - Gesamtl\u00e4nge: 110 cm - Versand 24\/48h","robots":{"index":"index","follow":"follow","max-snippet":"max-snippet:-1","max-image-preview":"max-image-preview:large","max-video-preview":"max-video-preview:-1"},"canonical":"https:\/\/repliquemangacine.fr\/de\/katana-bleach\/katana-kenpachi-nozarashi-schwert-von-zaraki-bleach\/","og_locale":"de_DE","og_type":"article","og_title":"Katana Nozarashi de Kenpachi - Bleach - Boutique en ligne | RMC","og_description":"Commandez vite ! Le Katana Nozarashi de Kenpachi dans Bleach au meilleur prix. Lame us\u00e9e en acier - Longueur totale : 110 cm - Envoi 24\/48h","og_url":"https:\/\/repliquemangacine.fr\/de\/katana-bleach\/katana-kenpachi-nozarashi-schwert-von-zaraki-bleach\/","og_site_name":"R\u00e9plique Manga Cin\u00e9","article_publisher":"https:\/\/www.facebook.com\/RepliqueMangaCine","article_modified_time":"2025-11-28T10:12:51+00:00","og_image":[{"width":700,"height":700,"url":"https:\/\/repliquemangacine.fr\/wp-content\/uploads\/2023\/10\/90-Katana-Bleach-Epee-de-Kenpachi-Nozarashi.jpg","type":"image\/jpeg"}],"twitter_card":"summary_large_image","twitter_misc":{"Gesch\u00e4tzte Lesezeit":"2\u00a0Minuten"},"schema":{"@context":"https:\/\/schema.org","@graph":[{"@type":"WebPage","@id":"https:\/\/repliquemangacine.fr\/katana-bleach\/katana-kenpachi-nozarashi-epee-de-zaraki-bleach\/","url":"https:\/\/repliquemangacine.fr\/katana-bleach\/katana-kenpachi-nozarashi-epee-de-zaraki-bleach\/","name":"Katana Nozarashi von Kenpachi - Bleach - Online Shop | RMC","isPartOf":{"@id":"https:\/\/repliquemangacine.fr\/#website"},"primaryImageOfPage":{"@id":"https:\/\/repliquemangacine.fr\/katana-bleach\/katana-kenpachi-nozarashi-epee-de-zaraki-bleach\/#primaryimage"},"image":{"@id":"https:\/\/repliquemangacine.fr\/katana-bleach\/katana-kenpachi-nozarashi-epee-de-zaraki-bleach\/#primaryimage"},"thumbnailUrl":"https:\/\/repliquemangacine.fr\/wp-content\/uploads\/2023\/10\/90-Katana-Bleach-Epee-de-Kenpachi-Nozarashi.jpg","datePublished":"2016-08-19T13:32:53+00:00","dateModified":"2025-11-28T10:12:51+00:00","description":"Bestellen Sie schnell! Kenpachi's Nozarashi Katana aus Bleach zum besten Preis. Abgenutzte Klinge aus Stahl - Gesamtl\u00e4nge: 110 cm - Versand 24\/48h","breadcrumb":{"@id":"https:\/\/repliquemangacine.fr\/katana-bleach\/katana-kenpachi-nozarashi-epee-de-zaraki-bleach\/#breadcrumb"},"inLanguage":"de","potentialAction":[{"@type":"ReadAction","target":["https:\/\/repliquemangacine.fr\/katana-bleach\/katana-kenpachi-nozarashi-epee-de-zaraki-bleach\/"]}]},{"@type":"ImageObject","inLanguage":"de","@id":"https:\/\/repliquemangacine.fr\/katana-bleach\/katana-kenpachi-nozarashi-epee-de-zaraki-bleach\/#primaryimage","url":"https:\/\/repliquemangacine.fr\/wp-content\/uploads\/2023\/10\/90-Katana-Bleach-Epee-de-Kenpachi-Nozarashi.jpg","contentUrl":"https:\/\/repliquemangacine.fr\/wp-content\/uploads\/2023\/10\/90-Katana-Bleach-Epee-de-Kenpachi-Nozarashi.jpg","width":700,"height":700,"caption":"Katana Bleach - Ep\u00e9e de Kenpachi Nozarashi"},{"@type":"BreadcrumbList","@id":"https:\/\/repliquemangacine.fr\/katana-bleach\/katana-kenpachi-nozarashi-epee-de-zaraki-bleach\/#breadcrumb","itemListElement":[{"@type":"ListItem","position":1,"name":"Accueil","item":"https:\/\/repliquemangacine.fr\/"},{"@type":"ListItem","position":2,"name":"Produits","item":"https:\/\/repliquemangacine.fr\/boutique\/"},{"@type":"ListItem","position":3,"name":"Katana Nozarashi de Kenpachi"}]},{"@type":"WebSite","@id":"https:\/\/repliquemangacine.fr\/#website","url":"https:\/\/repliquemangacine.fr\/","name":"R\u00e9plique Manga Cin\u00e9","description":"","publisher":{"@id":"https:\/\/repliquemangacine.fr\/#organization"},"potentialAction":[{"@type":"SearchAction","target":{"@type":"EntryPoint","urlTemplate":"https:\/\/repliquemangacine.fr\/?s={search_term_string}"},"query-input":{"@type":"PropertyValueSpecification","valueRequired":true,"valueName":"search_term_string"}}],"inLanguage":"de"},{"@type":"Organization","@id":"https:\/\/repliquemangacine.fr\/#organization","name":"R\u00e9plique Manga Cin\u00e9","url":"https:\/\/repliquemangacine.fr\/","logo":{"@type":"ImageObject","inLanguage":"de","@id":"https:\/\/repliquemangacine.fr\/#\/schema\/logo\/image\/","url":"https:\/\/repliquemangacine.fr\/wp-content\/uploads\/2023\/10\/RMC-500250.png","contentUrl":"https:\/\/repliquemangacine.fr\/wp-content\/uploads\/2023\/10\/RMC-500250.png","width":500,"height":250,"caption":"R\u00e9plique Manga Cin\u00e9"},"image":{"@id":"https:\/\/repliquemangacine.fr\/#\/schema\/logo\/image\/"},"sameAs":["https:\/\/www.facebook.com\/RepliqueMangaCine","https:\/\/www.instagram.com\/repliquemangacine.fr\/"]}]}},"_links":{"self":[{"href":"https:\/\/repliquemangacine.fr\/de\/wp-json\/wp\/v2\/product\/25274","targetHints":{"allow":["GET"]}}],"collection":[{"href":"https:\/\/repliquemangacine.fr\/de\/wp-json\/wp\/v2\/product"}],"about":[{"href":"https:\/\/repliquemangacine.fr\/de\/wp-json\/wp\/v2\/types\/product"}],"wp:featuredmedia":[{"embeddable":true,"href":"https:\/\/repliquemangacine.fr\/de\/wp-json\/wp\/v2\/media\/25275"}],"wp:attachment":[{"href":"https:\/\/repliquemangacine.fr\/de\/wp-json\/wp\/v2\/media?parent=25274"}],"wp:term":[{"taxonomy":"product_brand","embeddable":true,"href":"https:\/\/repliquemangacine.fr\/de\/wp-json\/wp\/v2\/product_brand?post=25274"},{"taxonomy":"product_cat","embeddable":true,"href":"https:\/\/repliquemangacine.fr\/de\/wp-json\/wp\/v2\/product_cat?post=25274"},{"taxonomy":"product_tag","embeddable":true,"href":"https:\/\/repliquemangacine.fr\/de\/wp-json\/wp\/v2\/product_tag?post=25274"}],"curies":[{"name":"wp","href":"https:\/\/api.w.org\/{rel}","templated":true}]}}