





{"id":25267,"date":"2016-08-19T14:51:56","date_gmt":"2016-08-19T12:51:56","guid":{"rendered":"https:\/\/repliquemangacine.fr\/?post_type=product&#038;p=25267"},"modified":"2026-04-20T18:43:35","modified_gmt":"2026-04-20T16:43:35","slug":"katana-kenpachi-zaraki-143cm-zanpakuto-nozarashi","status":"publish","type":"product","link":"https:\/\/repliquemangacine.fr\/de\/katana-bleach\/katana-kenpachi-zaraki-143cm-zanpakuto-nozarashi\/","title":{"rendered":"Katana Nozarashi Kenpachi 143cm"},"content":{"rendered":"<h2>Katana Nozarashi Kenpachi 143cm - Bleach<\/h2>\n<p>Zu Beginn wird der <strong>Katana Nozarashi Kenpachi 143cm<\/strong>Das Schwert hat eine abgenutzte (gezackte) Klinge. Das Schwert ist l\u00e4nger als ein Katana und hat die Gr\u00f6\u00dfe eines Nodachi.<\/p>\n<p>Kenpachi konnte seine Seele auf sein Zanpakut\u014d pr\u00e4gen, als er noch ein unerfahrenes Kind war. Die Klinge ist viel l\u00e4nger als die Norm <a href=\"https:\/\/bleach.fandom.com\/fr\/wiki\/Kenpachi_Zaraki#Zanpakut\u014d\" target=\"_blank\" rel=\"noopener noreferrer\">Zanpakut\u014d<\/a>Er ist etwa so gro\u00df wie ein Nodachi. Wei\u00dfer Griff, in Bandagen geh\u00fcllt, ebenso wie die Scheide seines Schwertes. Kenpachi kann den Schrei seines Schwertes nicht h\u00f6ren.<\/p>\n<p>Ihr Mangel an Harmonie l\u00e4sst Nozarashi mit wenig spiritueller Energie zur\u00fcck und wird daher leichter zu besch\u00e4digen, es ist gesplittert und die Klinge ist anscheinend an ihrer Kante nach unten abgenutzt. Trotz ihres Aussehens kann Nozarashi leicht durch die meisten Gegenst\u00e4nde schneiden.<\/p>\n<h2>Ihr Katana Nozarashi Kenpachi 143cm zum besten Preis.<\/h2>\n<p>Wir bieten dir alle Spr\u00fcche deiner Lieblingscharaktere in dem Anime-Manga Bleach.<\/p>\n<p>Zun\u00e4chst einmal,<\/p>\n<ul>\n<li>Der erste <a href=\"https:\/\/repliquemangacine.fr\/de\/bleach\/bankai-ichigo-tensa-zangetsu-schneidend-142cm\/\">geschmiedetes Bankai von Ichigo<\/a>Die Tensa Zangetsu ist eine scharfe Version der Tensa Zangetsu.<\/li>\n<li>Sie finden aber auch die l\u00e4ngere Version und die Version mit dem anderen Schutz.<\/li>\n<li>Es gibt auch das Katana von <a href=\"https:\/\/repliquemangacine.fr\/de\/bleach\/zanpakuto-hyorinmaru-hitsugaya-toshiro\/\">Hitsugaya Toshiro, Hy\u014drinmaru<\/a> der m\u00e4chtigste der Eis-Zanpakutos.<\/li>\n<li>Und noch viele andere, die es zu entdecken gilt!<\/li>\n<\/ul>\n<p>Deshalb gibt es hier tolle Geschenkideen f\u00fcr Bleach-Fans.<\/p>\n<p>Abschlie\u00dfend k\u00f6nnen Sie diesen <strong>Katana Nozarashi Kenpachi 143cm<\/strong> f\u00fcr Ihre Cosplay-Paraden. Vor allem aber ist der Zanpakuto von Zaraki, auch ein Sammler- und Dekorationsst\u00fcck.<\/p>\n<h2>Wie pflegt man die Klinge seines Bleach Katanas?<\/h2>\n<p>Katanas f\u00fcr Sammlungen und Dekorationen werden auf vereinfachte Weise hergestellt und zusammengebaut. Da sie zu Dekorationszwecken verwendet werden, fehlen ihnen die Sicherheitsmerkmale, die ein japanisches Schwert f\u00fcr Trainingszwecke aufweisen muss.<\/p>\n<p>Allerdings ist Ihr <strong>Katana Nozarashi Kenpachi 143cm<\/strong> zu einer Stahlklinge, die gepflegt werden muss, damit sie nicht mit der Zeit abgenutzt wird. Denn wenn Sie Ihr Katana ausstellen, werden Ihre Freunde neugierig sein, die Klinge zu sehen und sie zu ber\u00fchren. Hier ist Vorsicht geboten. Es sei darauf hingewiesen, dass die S\u00e4ure der Finger dem Stahl unabh\u00e4ngig von seiner Qualit\u00e4t sehr schadet.<\/p>\n<p>Sollte dies dennoch passieren, keine Panik, Sie brauchen nur ein Tuch, das Sie mit etwas \u00d6l befeuchten und die Fingerabdr\u00fccke abwischen. Wenn Sie dies tun, werden Sie Ihr Schwert sehr lange behalten.<\/p>\n<p><strong>\u00a0<\/strong><\/p>","protected":false},"excerpt":{"rendered":"<p>Kenpachi erfuhr schlie\u00dflich den Namen seines Zanpakutos, Nozarashi.<\/p>\n<ul>\n<li>Ausgebrochene Stahlklinge, die ein abgenutztes Aussehen verleiht.<\/li>\n<li>Holzscheide, die ebenso wie der Griff mit Baumwolle umwickelt ist.<\/li>\n<li>Schutzb\u00fcgel aus gealtertem Metall mit einer ganz bestimmten Form.<\/li>\n<li>Gesamtl\u00e4nge: 143 cm<\/li>\n<\/ul>","protected":false},"featured_media":25268,"template":"","meta":[],"product_brand":[896],"product_cat":[30,23],"product_tag":[],"class_list":{"0":"post-25267","1":"product","2":"type-product","3":"status-publish","4":"has-post-thumbnail","6":"product_brand-replique-manga-cine","7":"product_cat-katana-bleach","8":"product_cat-repliques-manga-jeux-video","10":"first","11":"instock","12":"taxable","13":"shipping-taxable","14":"purchasable","15":"product-type-simple"},"yoast_head":"<!-- This site is optimized with the Yoast SEO plugin v27.5 - https:\/\/yoast.com\/product\/yoast-seo-wordpress\/ -->\n<title>Katana Nozarashi Kenpachi 143cm - Boutique en ligne | RMC<\/title>\n<meta name=\"description\" content=\"Commandez vite ! Le Katana Nozarashi Kenpachi 143cm dans Bleach au meilleur prix. Lame us\u00e9e en acier - Longueur totale : 143cm - Envoi 24\/48h\" \/>\n<meta name=\"robots\" content=\"index, follow, max-snippet:-1, max-image-preview:large, max-video-preview:-1\" \/>\n<link rel=\"canonical\" href=\"https:\/\/repliquemangacine.fr\/de\/katana-bleach\/katana-kenpachi-zaraki-143cm-zanpakuto-nozarashi\/\" \/>\n<meta property=\"og:locale\" content=\"de_DE\" \/>\n<meta property=\"og:type\" content=\"article\" \/>\n<meta property=\"og:title\" content=\"Katana Nozarashi Kenpachi 143cm - Boutique en ligne | RMC\" \/>\n<meta property=\"og:description\" content=\"Commandez vite ! Le Katana Nozarashi Kenpachi 143cm dans Bleach au meilleur prix. Lame us\u00e9e en acier - Longueur totale : 143cm - Envoi 24\/48h\" \/>\n<meta property=\"og:url\" content=\"https:\/\/repliquemangacine.fr\/de\/katana-bleach\/katana-kenpachi-zaraki-143cm-zanpakuto-nozarashi\/\" \/>\n<meta property=\"og:site_name\" content=\"R\u00e9plique Manga Cin\u00e9\" \/>\n<meta property=\"article:publisher\" content=\"https:\/\/www.facebook.com\/RepliqueMangaCine\" \/>\n<meta property=\"article:modified_time\" content=\"2026-04-20T16:43:35+00:00\" \/>\n<meta property=\"og:image\" content=\"https:\/\/repliquemangacine.fr\/wp-content\/uploads\/2023\/10\/84-katana-Kenpachi-Zaraki-lame.jpg\" \/>\n\t<meta property=\"og:image:width\" content=\"700\" \/>\n\t<meta property=\"og:image:height\" content=\"700\" \/>\n\t<meta property=\"og:image:type\" content=\"image\/jpeg\" \/>\n<meta name=\"twitter:card\" content=\"summary_large_image\" \/>\n<meta name=\"twitter:label1\" content=\"Gesch\u00e4tzte Lesezeit\" \/>\n\t<meta name=\"twitter:data1\" content=\"3\u00a0Minuten\" \/>\n<script type=\"application\/ld+json\" class=\"yoast-schema-graph\">{\"@context\":\"https:\\\/\\\/schema.org\",\"@graph\":[{\"@type\":\"WebPage\",\"@id\":\"https:\\\/\\\/repliquemangacine.fr\\\/katana-bleach\\\/katana-kenpachi-zaraki-143cm-zanpakuto-nozarashi\\\/\",\"url\":\"https:\\\/\\\/repliquemangacine.fr\\\/katana-bleach\\\/katana-kenpachi-zaraki-143cm-zanpakuto-nozarashi\\\/\",\"name\":\"Katana Nozarashi Kenpachi 143cm - Boutique en ligne | RMC\",\"isPartOf\":{\"@id\":\"https:\\\/\\\/repliquemangacine.fr\\\/#website\"},\"primaryImageOfPage\":{\"@id\":\"https:\\\/\\\/repliquemangacine.fr\\\/katana-bleach\\\/katana-kenpachi-zaraki-143cm-zanpakuto-nozarashi\\\/#primaryimage\"},\"image\":{\"@id\":\"https:\\\/\\\/repliquemangacine.fr\\\/katana-bleach\\\/katana-kenpachi-zaraki-143cm-zanpakuto-nozarashi\\\/#primaryimage\"},\"thumbnailUrl\":\"https:\\\/\\\/repliquemangacine.fr\\\/wp-content\\\/uploads\\\/2023\\\/10\\\/84-katana-Kenpachi-Zaraki-lame.jpg\",\"datePublished\":\"2016-08-19T12:51:56+00:00\",\"dateModified\":\"2026-04-20T16:43:35+00:00\",\"description\":\"Commandez vite ! Le Katana Nozarashi Kenpachi 143cm dans Bleach au meilleur prix. Lame us\u00e9e en acier - Longueur totale : 143cm - Envoi 24\\\/48h\",\"breadcrumb\":{\"@id\":\"https:\\\/\\\/repliquemangacine.fr\\\/katana-bleach\\\/katana-kenpachi-zaraki-143cm-zanpakuto-nozarashi\\\/#breadcrumb\"},\"inLanguage\":\"de\",\"potentialAction\":[{\"@type\":\"ReadAction\",\"target\":[\"https:\\\/\\\/repliquemangacine.fr\\\/katana-bleach\\\/katana-kenpachi-zaraki-143cm-zanpakuto-nozarashi\\\/\"]}]},{\"@type\":\"ImageObject\",\"inLanguage\":\"de\",\"@id\":\"https:\\\/\\\/repliquemangacine.fr\\\/katana-bleach\\\/katana-kenpachi-zaraki-143cm-zanpakuto-nozarashi\\\/#primaryimage\",\"url\":\"https:\\\/\\\/repliquemangacine.fr\\\/wp-content\\\/uploads\\\/2023\\\/10\\\/84-katana-Kenpachi-Zaraki-lame.jpg\",\"contentUrl\":\"https:\\\/\\\/repliquemangacine.fr\\\/wp-content\\\/uploads\\\/2023\\\/10\\\/84-katana-Kenpachi-Zaraki-lame.jpg\",\"width\":700,\"height\":700,\"caption\":\"katana Kenpachi Zaraki lame...\"},{\"@type\":\"BreadcrumbList\",\"@id\":\"https:\\\/\\\/repliquemangacine.fr\\\/katana-bleach\\\/katana-kenpachi-zaraki-143cm-zanpakuto-nozarashi\\\/#breadcrumb\",\"itemListElement\":[{\"@type\":\"ListItem\",\"position\":1,\"name\":\"Accueil\",\"item\":\"https:\\\/\\\/repliquemangacine.fr\\\/\"},{\"@type\":\"ListItem\",\"position\":2,\"name\":\"Produits\",\"item\":\"https:\\\/\\\/repliquemangacine.fr\\\/boutique\\\/\"},{\"@type\":\"ListItem\",\"position\":3,\"name\":\"Katana Nozarashi Kenpachi 143cm\"}]},{\"@type\":\"WebSite\",\"@id\":\"https:\\\/\\\/repliquemangacine.fr\\\/#website\",\"url\":\"https:\\\/\\\/repliquemangacine.fr\\\/\",\"name\":\"R\u00e9plique Manga Cin\u00e9\",\"description\":\"\",\"publisher\":{\"@id\":\"https:\\\/\\\/repliquemangacine.fr\\\/#organization\"},\"potentialAction\":[{\"@type\":\"SearchAction\",\"target\":{\"@type\":\"EntryPoint\",\"urlTemplate\":\"https:\\\/\\\/repliquemangacine.fr\\\/?s={search_term_string}\"},\"query-input\":{\"@type\":\"PropertyValueSpecification\",\"valueRequired\":true,\"valueName\":\"search_term_string\"}}],\"inLanguage\":\"de\"},{\"@type\":\"Organization\",\"@id\":\"https:\\\/\\\/repliquemangacine.fr\\\/#organization\",\"name\":\"R\u00e9plique Manga Cin\u00e9\",\"url\":\"https:\\\/\\\/repliquemangacine.fr\\\/\",\"logo\":{\"@type\":\"ImageObject\",\"inLanguage\":\"de\",\"@id\":\"https:\\\/\\\/repliquemangacine.fr\\\/#\\\/schema\\\/logo\\\/image\\\/\",\"url\":\"https:\\\/\\\/repliquemangacine.fr\\\/wp-content\\\/uploads\\\/2023\\\/10\\\/RMC-500250.png\",\"contentUrl\":\"https:\\\/\\\/repliquemangacine.fr\\\/wp-content\\\/uploads\\\/2023\\\/10\\\/RMC-500250.png\",\"width\":500,\"height\":250,\"caption\":\"R\u00e9plique Manga Cin\u00e9\"},\"image\":{\"@id\":\"https:\\\/\\\/repliquemangacine.fr\\\/#\\\/schema\\\/logo\\\/image\\\/\"},\"sameAs\":[\"https:\\\/\\\/www.facebook.com\\\/RepliqueMangaCine\",\"https:\\\/\\\/www.instagram.com\\\/repliquemangacine.fr\\\/\"]}]}<\/script>\n<!-- \/ Yoast SEO plugin. -->","yoast_head_json":{"title":"Katana Nozarashi Kenpachi 143cm - Online Shop | RMC","description":"Bestellen Sie schnell! Das Katana Nozarashi Kenpachi 143cm in Bleach zum besten Preis. Abgenutzte Klinge aus Stahl - Gesamtl\u00e4nge: 143cm - Versand 24\/48h","robots":{"index":"index","follow":"follow","max-snippet":"max-snippet:-1","max-image-preview":"max-image-preview:large","max-video-preview":"max-video-preview:-1"},"canonical":"https:\/\/repliquemangacine.fr\/de\/katana-bleach\/katana-kenpachi-zaraki-143cm-zanpakuto-nozarashi\/","og_locale":"de_DE","og_type":"article","og_title":"Katana Nozarashi Kenpachi 143cm - Boutique en ligne | RMC","og_description":"Commandez vite ! Le Katana Nozarashi Kenpachi 143cm dans Bleach au meilleur prix. Lame us\u00e9e en acier - Longueur totale : 143cm - Envoi 24\/48h","og_url":"https:\/\/repliquemangacine.fr\/de\/katana-bleach\/katana-kenpachi-zaraki-143cm-zanpakuto-nozarashi\/","og_site_name":"R\u00e9plique Manga Cin\u00e9","article_publisher":"https:\/\/www.facebook.com\/RepliqueMangaCine","article_modified_time":"2026-04-20T16:43:35+00:00","og_image":[{"width":700,"height":700,"url":"https:\/\/repliquemangacine.fr\/wp-content\/uploads\/2023\/10\/84-katana-Kenpachi-Zaraki-lame.jpg","type":"image\/jpeg"}],"twitter_card":"summary_large_image","twitter_misc":{"Gesch\u00e4tzte Lesezeit":"3\u00a0Minuten"},"schema":{"@context":"https:\/\/schema.org","@graph":[{"@type":"WebPage","@id":"https:\/\/repliquemangacine.fr\/katana-bleach\/katana-kenpachi-zaraki-143cm-zanpakuto-nozarashi\/","url":"https:\/\/repliquemangacine.fr\/katana-bleach\/katana-kenpachi-zaraki-143cm-zanpakuto-nozarashi\/","name":"Katana Nozarashi Kenpachi 143cm - Online Shop | RMC","isPartOf":{"@id":"https:\/\/repliquemangacine.fr\/#website"},"primaryImageOfPage":{"@id":"https:\/\/repliquemangacine.fr\/katana-bleach\/katana-kenpachi-zaraki-143cm-zanpakuto-nozarashi\/#primaryimage"},"image":{"@id":"https:\/\/repliquemangacine.fr\/katana-bleach\/katana-kenpachi-zaraki-143cm-zanpakuto-nozarashi\/#primaryimage"},"thumbnailUrl":"https:\/\/repliquemangacine.fr\/wp-content\/uploads\/2023\/10\/84-katana-Kenpachi-Zaraki-lame.jpg","datePublished":"2016-08-19T12:51:56+00:00","dateModified":"2026-04-20T16:43:35+00:00","description":"Bestellen Sie schnell! Das Katana Nozarashi Kenpachi 143cm in Bleach zum besten Preis. Abgenutzte Klinge aus Stahl - Gesamtl\u00e4nge: 143cm - Versand 24\/48h","breadcrumb":{"@id":"https:\/\/repliquemangacine.fr\/katana-bleach\/katana-kenpachi-zaraki-143cm-zanpakuto-nozarashi\/#breadcrumb"},"inLanguage":"de","potentialAction":[{"@type":"ReadAction","target":["https:\/\/repliquemangacine.fr\/katana-bleach\/katana-kenpachi-zaraki-143cm-zanpakuto-nozarashi\/"]}]},{"@type":"ImageObject","inLanguage":"de","@id":"https:\/\/repliquemangacine.fr\/katana-bleach\/katana-kenpachi-zaraki-143cm-zanpakuto-nozarashi\/#primaryimage","url":"https:\/\/repliquemangacine.fr\/wp-content\/uploads\/2023\/10\/84-katana-Kenpachi-Zaraki-lame.jpg","contentUrl":"https:\/\/repliquemangacine.fr\/wp-content\/uploads\/2023\/10\/84-katana-Kenpachi-Zaraki-lame.jpg","width":700,"height":700,"caption":"katana Kenpachi Zaraki lame..."},{"@type":"BreadcrumbList","@id":"https:\/\/repliquemangacine.fr\/katana-bleach\/katana-kenpachi-zaraki-143cm-zanpakuto-nozarashi\/#breadcrumb","itemListElement":[{"@type":"ListItem","position":1,"name":"Accueil","item":"https:\/\/repliquemangacine.fr\/"},{"@type":"ListItem","position":2,"name":"Produits","item":"https:\/\/repliquemangacine.fr\/boutique\/"},{"@type":"ListItem","position":3,"name":"Katana Nozarashi Kenpachi 143cm"}]},{"@type":"WebSite","@id":"https:\/\/repliquemangacine.fr\/#website","url":"https:\/\/repliquemangacine.fr\/","name":"R\u00e9plique Manga Cin\u00e9","description":"","publisher":{"@id":"https:\/\/repliquemangacine.fr\/#organization"},"potentialAction":[{"@type":"SearchAction","target":{"@type":"EntryPoint","urlTemplate":"https:\/\/repliquemangacine.fr\/?s={search_term_string}"},"query-input":{"@type":"PropertyValueSpecification","valueRequired":true,"valueName":"search_term_string"}}],"inLanguage":"de"},{"@type":"Organization","@id":"https:\/\/repliquemangacine.fr\/#organization","name":"R\u00e9plique Manga Cin\u00e9","url":"https:\/\/repliquemangacine.fr\/","logo":{"@type":"ImageObject","inLanguage":"de","@id":"https:\/\/repliquemangacine.fr\/#\/schema\/logo\/image\/","url":"https:\/\/repliquemangacine.fr\/wp-content\/uploads\/2023\/10\/RMC-500250.png","contentUrl":"https:\/\/repliquemangacine.fr\/wp-content\/uploads\/2023\/10\/RMC-500250.png","width":500,"height":250,"caption":"R\u00e9plique Manga Cin\u00e9"},"image":{"@id":"https:\/\/repliquemangacine.fr\/#\/schema\/logo\/image\/"},"sameAs":["https:\/\/www.facebook.com\/RepliqueMangaCine","https:\/\/www.instagram.com\/repliquemangacine.fr\/"]}]}},"_links":{"self":[{"href":"https:\/\/repliquemangacine.fr\/de\/wp-json\/wp\/v2\/product\/25267","targetHints":{"allow":["GET"]}}],"collection":[{"href":"https:\/\/repliquemangacine.fr\/de\/wp-json\/wp\/v2\/product"}],"about":[{"href":"https:\/\/repliquemangacine.fr\/de\/wp-json\/wp\/v2\/types\/product"}],"wp:featuredmedia":[{"embeddable":true,"href":"https:\/\/repliquemangacine.fr\/de\/wp-json\/wp\/v2\/media\/25268"}],"wp:attachment":[{"href":"https:\/\/repliquemangacine.fr\/de\/wp-json\/wp\/v2\/media?parent=25267"}],"wp:term":[{"taxonomy":"product_brand","embeddable":true,"href":"https:\/\/repliquemangacine.fr\/de\/wp-json\/wp\/v2\/product_brand?post=25267"},{"taxonomy":"product_cat","embeddable":true,"href":"https:\/\/repliquemangacine.fr\/de\/wp-json\/wp\/v2\/product_cat?post=25267"},{"taxonomy":"product_tag","embeddable":true,"href":"https:\/\/repliquemangacine.fr\/de\/wp-json\/wp\/v2\/product_tag?post=25267"}],"curies":[{"name":"wp","href":"https:\/\/api.w.org\/{rel}","templated":true}]}}