





{"id":25234,"date":"2016-08-16T22:18:23","date_gmt":"2016-08-16T20:18:23","guid":{"rendered":"https:\/\/repliquemangacine.fr\/?post_type=product&#038;p=25234"},"modified":"2025-12-04T12:28:48","modified_gmt":"2025-12-04T11:28:48","slug":"usm1-gewehr-von-1941","status":"publish","type":"product","link":"https:\/\/repliquemangacine.fr\/de\/reproductions-armes-seconde-guerre-mondiale-denix\/carabine-usm1-de-1941\/","title":{"rendered":"USM1 1941 USA"},"content":{"rendered":"<h2>USM1-Gewehr von 1941 USA Denix.<\/h2>\n<p>Zu Beginn wird die <strong>USM1-Gewehr von 1941<\/strong> von Winchester und vielen anderen US-amerikanischen Firmen hergestellt. Sie war die meistproduzierte Einzelwaffe der USA w\u00e4hrend des Zweiten Weltkriegs und wurde bis zum Ende des Konflikts 6.332.000 Mal gebaut.<\/p>\n<p>Leicht und sehr handlich, wurde von vielen Unterst\u00fctzungseinheiten wie Artilleristen oder Besatzungen gepanzerter Einheiten \u00fcbernommen, aber auch von Soldaten, die eine andere Funktion als den Infanteriekampf hatten, wie Funker oder Techniker in Unterst\u00fctzungseinheiten. Sie diente auch Frontsoldaten, obwohl ihre nutzbare Schussentfernung k\u00fcrzer ist als die der M1 Garand.<\/p>\n<p>Wurde bis in die 1960er Jahre in vielen Konflikten von den US-Streitkr\u00e4ften oder ihren Verb\u00fcndeten eingesetzt.<\/p>\n<h2>Ihr USM1-Gewehr von 1941 zum besten Preis.<\/h2>\n<p>Wir bieten Ihnen eine gro\u00dfe Auswahl an Reproduktionen historischer Waffen.<\/p>\n<p>Zun\u00e4chst einmal,<\/p>\n<ul>\n<li>Die <a href=\"https:\/\/repliquemangacine.fr\/de\/darmsreproduktionen\/carabine-us-m1a1-1941\/\">USM1 A1 Gewehr<\/a> Para-Version mit seinem zusammenklappbaren Metallgriff.<\/li>\n<li>Sowie die Nachbildung der Maschinenpistole <a href=\"https:\/\/repliquemangacine.fr\/de\/darmsreproduktionen\/maschinenpistole-gewehr-thompson-m1928a1\/\">Thompson M1A1<\/a>.<\/li>\n<li>Es gibt auch den <a href=\"https:\/\/repliquemangacine.fr\/de\/darmsreproduktionen\/lee-enfield-smle-mark-iii-englisches-gewehr\/\">Englisches Lee-Enfield-Gewehr<\/a> SMLE Mark II hergestellt von Denix.<\/li>\n<li>Und noch viel mehr gibt es in unserem Online-Shop zu entdecken!<\/li>\n<\/ul>\n<p>Deshalb ist dies eine gro\u00dfartige Geschenkidee f\u00fcr alle Liebhaber historischer Waffen.<\/p>\n<p>Abschlie\u00dfend k\u00f6nnen Sie die <strong>USM1-Gewehr von 1941<\/strong> f\u00fcr Ihre historischen Nachstellungen. Vor allem aber ist diese Waffe ein Sammler- und Dekorationsst\u00fcck.<\/p>\n<p>R\u00e9plique Manga Cin\u00e9 ist ein franz\u00f6sisches Unternehmen und offizieller Vertriebspartner der Marke <a href=\"https:\/\/www.denix.fr\/fr\/catalogue\/guerres-mondiales-1914-1945\/carabines-carabines-et-fusils\/1122-c\/\" target=\"_blank\" rel=\"noopener noreferrer\">Denix<\/a>.<\/p>\n<h2>Wie werden Denix-Waffenrepliken hergestellt?<\/h2>\n<p>Werden in historischen Rekonstruktionen, Filmen und Serien sowie von Sammlern verwendet. Denix-Waffenreproduktionen, die aus hochwertigen Materialien hergestellt werden. Sorgf\u00e4ltig bearbeitet und zusammengesetzt, um realistische Sammlerwaffen zu schaffen.<\/p>\n<ul>\n<li>Die Metalle sind in einer Metalllegierung, die als Zamac bekannt ist und deren Grundzusammensetzung Zink in 95% ist.<\/li>\n<li>Die Kunststoffteile der Repliken aus geformtem ABS, das eine hohe Widerstandsf\u00e4higkeit bietet.<\/li>\n<li>Holz, das aufgrund seiner Sch\u00f6nheit und Haltbarkeit ausgew\u00e4hlt wird, wie z. B. Mahagoni, Olivenholz oder Walnuss, verleiht Ihren Sch\u00e4ften und F\u00e4ssern ein elegantes und authentisches Aussehen.<\/li>\n<\/ul>\n<p>Es ist zu betonen, dass alle Nachbildungen von Denix-Waffen mit den Originalen identisch sind, wie Ihr <strong>USM1-Gewehr von 1941<\/strong>.<\/p>","protected":false},"excerpt":{"rendered":"<p>V\u00f6llig identisch mit dem Original, US M1 Karabiner von 1941.<\/p>\n<ul>\n<li>Schaft und Kolben aus Massivholz.<\/li>\n<li>Metallteile aus Zamak.<\/li>\n<li>Abnehmbares Ladeger\u00e4t.<\/li>\n<li>Bewaffnet sich und rammt, aber <strong>v\u00f6llig untauglich f\u00fcr das Schie\u00dfen<\/strong>.<\/li>\n<li>L\u00e4nge: 90 cm - Gewicht: 2140 grs<\/li>\n<li>Unterliegt keiner Genehmigungspflicht. Verkauf und Besitz frei.<\/li>\n<\/ul>\n<p><iframe title=\"YouTube-Videoplayer\" src=\"https:\/\/www.youtube-nocookie.com\/embed\/PO6j9_5AET8\" width=\"370\" height=\"208\" frameborder=\"0\" allowfullscreen=\"allowfullscreen\"><\/iframe><\/p>","protected":false},"featured_media":25235,"template":"","meta":[],"product_brand":[896],"product_cat":[25,102,46,54,28,76],"product_tag":[],"class_list":{"0":"post-25234","1":"product","2":"type-product","3":"status-publish","4":"has-post-thumbnail","6":"product_brand-replique-manga-cine","7":"product_cat-armes-historiques","8":"product_cat-denix","9":"product_cat-fusil-d-assaut-fusil-moderne","10":"product_cat-armes-accessoires-guerre-mondiale","11":"product_cat-repliques-darmes","12":"product_cat-reproductions-armes-seconde-guerre-mondiale-denix","14":"first","15":"instock","16":"sale","17":"taxable","18":"shipping-taxable","19":"purchasable","20":"product-type-simple"},"yoast_head":"<!-- This site is optimized with the Yoast SEO plugin v27.5 - https:\/\/yoast.com\/product\/yoast-seo-wordpress\/ -->\n<title>Carabine USM1 de 1941- Boutique en ligne | R\u00e9plique Manga Cin\u00e9<\/title>\n<meta name=\"description\" content=\"Offrez-vous la Carabine USM1 de 1941 au meilleur prix - Tout en bois et m\u00e9tal - M\u00e9canisme fonctionnel - Inapte au tir - Longueur : 90 cm - Poids : 2140 grs\" \/>\n<meta name=\"robots\" content=\"index, follow, max-snippet:-1, max-image-preview:large, max-video-preview:-1\" \/>\n<link rel=\"canonical\" href=\"https:\/\/repliquemangacine.fr\/de\/denix\/usm1-gewehr-von-1941\/\" \/>\n<meta property=\"og:locale\" content=\"de_DE\" \/>\n<meta property=\"og:type\" content=\"article\" \/>\n<meta property=\"og:title\" content=\"Carabine USM1 de 1941- Boutique en ligne | R\u00e9plique Manga Cin\u00e9\" \/>\n<meta property=\"og:description\" content=\"Offrez-vous la Carabine USM1 de 1941 au meilleur prix - Tout en bois et m\u00e9tal - M\u00e9canisme fonctionnel - Inapte au tir - Longueur : 90 cm - Poids : 2140 grs\" \/>\n<meta property=\"og:url\" content=\"https:\/\/repliquemangacine.fr\/de\/denix\/usm1-gewehr-von-1941\/\" \/>\n<meta property=\"og:site_name\" content=\"R\u00e9plique Manga Cin\u00e9\" \/>\n<meta property=\"article:publisher\" content=\"https:\/\/www.facebook.com\/RepliqueMangaCine\" \/>\n<meta property=\"article:modified_time\" content=\"2025-12-04T11:28:48+00:00\" \/>\n<meta property=\"og:image\" content=\"https:\/\/repliquemangacine.fr\/wp-content\/uploads\/2023\/10\/1465-Carabine-USM1-1941-a-vendre.jpg\" \/>\n\t<meta property=\"og:image:width\" content=\"800\" \/>\n\t<meta property=\"og:image:height\" content=\"800\" \/>\n\t<meta property=\"og:image:type\" content=\"image\/jpeg\" \/>\n<meta name=\"twitter:card\" content=\"summary_large_image\" \/>\n<meta name=\"twitter:label1\" content=\"Gesch\u00e4tzte Lesezeit\" \/>\n\t<meta name=\"twitter:data1\" content=\"2\u00a0Minuten\" \/>\n<script type=\"application\/ld+json\" class=\"yoast-schema-graph\">{\"@context\":\"https:\\\/\\\/schema.org\",\"@graph\":[{\"@type\":\"WebPage\",\"@id\":\"https:\\\/\\\/repliquemangacine.fr\\\/denix\\\/carabine-usm1-de-1941\\\/\",\"url\":\"https:\\\/\\\/repliquemangacine.fr\\\/denix\\\/carabine-usm1-de-1941\\\/\",\"name\":\"Carabine USM1 de 1941- Boutique en ligne | R\u00e9plique Manga Cin\u00e9\",\"isPartOf\":{\"@id\":\"https:\\\/\\\/repliquemangacine.fr\\\/#website\"},\"primaryImageOfPage\":{\"@id\":\"https:\\\/\\\/repliquemangacine.fr\\\/denix\\\/carabine-usm1-de-1941\\\/#primaryimage\"},\"image\":{\"@id\":\"https:\\\/\\\/repliquemangacine.fr\\\/denix\\\/carabine-usm1-de-1941\\\/#primaryimage\"},\"thumbnailUrl\":\"https:\\\/\\\/repliquemangacine.fr\\\/wp-content\\\/uploads\\\/2023\\\/10\\\/1465-Carabine-USM1-1941-a-vendre.jpg\",\"datePublished\":\"2016-08-16T20:18:23+00:00\",\"dateModified\":\"2025-12-04T11:28:48+00:00\",\"description\":\"Offrez-vous la Carabine USM1 de 1941 au meilleur prix - Tout en bois et m\u00e9tal - M\u00e9canisme fonctionnel - Inapte au tir - Longueur : 90 cm - Poids : 2140 grs\",\"breadcrumb\":{\"@id\":\"https:\\\/\\\/repliquemangacine.fr\\\/denix\\\/carabine-usm1-de-1941\\\/#breadcrumb\"},\"inLanguage\":\"de\",\"potentialAction\":[{\"@type\":\"ReadAction\",\"target\":[\"https:\\\/\\\/repliquemangacine.fr\\\/denix\\\/carabine-usm1-de-1941\\\/\"]}]},{\"@type\":\"ImageObject\",\"inLanguage\":\"de\",\"@id\":\"https:\\\/\\\/repliquemangacine.fr\\\/denix\\\/carabine-usm1-de-1941\\\/#primaryimage\",\"url\":\"https:\\\/\\\/repliquemangacine.fr\\\/wp-content\\\/uploads\\\/2023\\\/10\\\/1465-Carabine-USM1-1941-a-vendre.jpg\",\"contentUrl\":\"https:\\\/\\\/repliquemangacine.fr\\\/wp-content\\\/uploads\\\/2023\\\/10\\\/1465-Carabine-USM1-1941-a-vendre.jpg\",\"width\":800,\"height\":800,\"caption\":\"R\u00e9plique Carabine USM1- 1941\"},{\"@type\":\"BreadcrumbList\",\"@id\":\"https:\\\/\\\/repliquemangacine.fr\\\/denix\\\/carabine-usm1-de-1941\\\/#breadcrumb\",\"itemListElement\":[{\"@type\":\"ListItem\",\"position\":1,\"name\":\"Accueil\",\"item\":\"https:\\\/\\\/repliquemangacine.fr\\\/\"},{\"@type\":\"ListItem\",\"position\":2,\"name\":\"Produits\",\"item\":\"https:\\\/\\\/repliquemangacine.fr\\\/boutique\\\/\"},{\"@type\":\"ListItem\",\"position\":3,\"name\":\"USM1 1941 USA\"}]},{\"@type\":\"WebSite\",\"@id\":\"https:\\\/\\\/repliquemangacine.fr\\\/#website\",\"url\":\"https:\\\/\\\/repliquemangacine.fr\\\/\",\"name\":\"R\u00e9plique Manga Cin\u00e9\",\"description\":\"\",\"publisher\":{\"@id\":\"https:\\\/\\\/repliquemangacine.fr\\\/#organization\"},\"potentialAction\":[{\"@type\":\"SearchAction\",\"target\":{\"@type\":\"EntryPoint\",\"urlTemplate\":\"https:\\\/\\\/repliquemangacine.fr\\\/?s={search_term_string}\"},\"query-input\":{\"@type\":\"PropertyValueSpecification\",\"valueRequired\":true,\"valueName\":\"search_term_string\"}}],\"inLanguage\":\"de\"},{\"@type\":\"Organization\",\"@id\":\"https:\\\/\\\/repliquemangacine.fr\\\/#organization\",\"name\":\"R\u00e9plique Manga Cin\u00e9\",\"url\":\"https:\\\/\\\/repliquemangacine.fr\\\/\",\"logo\":{\"@type\":\"ImageObject\",\"inLanguage\":\"de\",\"@id\":\"https:\\\/\\\/repliquemangacine.fr\\\/#\\\/schema\\\/logo\\\/image\\\/\",\"url\":\"https:\\\/\\\/repliquemangacine.fr\\\/wp-content\\\/uploads\\\/2023\\\/10\\\/RMC-500250.png\",\"contentUrl\":\"https:\\\/\\\/repliquemangacine.fr\\\/wp-content\\\/uploads\\\/2023\\\/10\\\/RMC-500250.png\",\"width\":500,\"height\":250,\"caption\":\"R\u00e9plique Manga Cin\u00e9\"},\"image\":{\"@id\":\"https:\\\/\\\/repliquemangacine.fr\\\/#\\\/schema\\\/logo\\\/image\\\/\"},\"sameAs\":[\"https:\\\/\\\/www.facebook.com\\\/RepliqueMangaCine\",\"https:\\\/\\\/www.instagram.com\\\/repliquemangacine.fr\\\/\"]}]}<\/script>\n<!-- \/ Yoast SEO plugin. -->","yoast_head_json":{"title":"USM1-Gewehr von 1941- Online-Shop | R\u00e9plique Manga Cin\u00e9","description":"Bieten Sie das USM1-Gewehr von 1941 zum besten Preis an - Alles aus Holz und Metall - Funktioneller Mechanismus - Untauglich zum Schie\u00dfen - L\u00e4nge: 90 cm - Gewicht: 2140 gs","robots":{"index":"index","follow":"follow","max-snippet":"max-snippet:-1","max-image-preview":"max-image-preview:large","max-video-preview":"max-video-preview:-1"},"canonical":"https:\/\/repliquemangacine.fr\/de\/denix\/usm1-gewehr-von-1941\/","og_locale":"de_DE","og_type":"article","og_title":"Carabine USM1 de 1941- Boutique en ligne | R\u00e9plique Manga Cin\u00e9","og_description":"Offrez-vous la Carabine USM1 de 1941 au meilleur prix - Tout en bois et m\u00e9tal - M\u00e9canisme fonctionnel - Inapte au tir - Longueur : 90 cm - Poids : 2140 grs","og_url":"https:\/\/repliquemangacine.fr\/de\/denix\/usm1-gewehr-von-1941\/","og_site_name":"R\u00e9plique Manga Cin\u00e9","article_publisher":"https:\/\/www.facebook.com\/RepliqueMangaCine","article_modified_time":"2025-12-04T11:28:48+00:00","og_image":[{"width":800,"height":800,"url":"https:\/\/repliquemangacine.fr\/wp-content\/uploads\/2023\/10\/1465-Carabine-USM1-1941-a-vendre.jpg","type":"image\/jpeg"}],"twitter_card":"summary_large_image","twitter_misc":{"Gesch\u00e4tzte Lesezeit":"2\u00a0Minuten"},"schema":{"@context":"https:\/\/schema.org","@graph":[{"@type":"WebPage","@id":"https:\/\/repliquemangacine.fr\/denix\/carabine-usm1-de-1941\/","url":"https:\/\/repliquemangacine.fr\/denix\/carabine-usm1-de-1941\/","name":"USM1-Gewehr von 1941- Online-Shop | R\u00e9plique Manga Cin\u00e9","isPartOf":{"@id":"https:\/\/repliquemangacine.fr\/#website"},"primaryImageOfPage":{"@id":"https:\/\/repliquemangacine.fr\/denix\/carabine-usm1-de-1941\/#primaryimage"},"image":{"@id":"https:\/\/repliquemangacine.fr\/denix\/carabine-usm1-de-1941\/#primaryimage"},"thumbnailUrl":"https:\/\/repliquemangacine.fr\/wp-content\/uploads\/2023\/10\/1465-Carabine-USM1-1941-a-vendre.jpg","datePublished":"2016-08-16T20:18:23+00:00","dateModified":"2025-12-04T11:28:48+00:00","description":"Bieten Sie das USM1-Gewehr von 1941 zum besten Preis an - Alles aus Holz und Metall - Funktioneller Mechanismus - Untauglich zum Schie\u00dfen - L\u00e4nge: 90 cm - Gewicht: 2140 gs","breadcrumb":{"@id":"https:\/\/repliquemangacine.fr\/denix\/carabine-usm1-de-1941\/#breadcrumb"},"inLanguage":"de","potentialAction":[{"@type":"ReadAction","target":["https:\/\/repliquemangacine.fr\/denix\/carabine-usm1-de-1941\/"]}]},{"@type":"ImageObject","inLanguage":"de","@id":"https:\/\/repliquemangacine.fr\/denix\/carabine-usm1-de-1941\/#primaryimage","url":"https:\/\/repliquemangacine.fr\/wp-content\/uploads\/2023\/10\/1465-Carabine-USM1-1941-a-vendre.jpg","contentUrl":"https:\/\/repliquemangacine.fr\/wp-content\/uploads\/2023\/10\/1465-Carabine-USM1-1941-a-vendre.jpg","width":800,"height":800,"caption":"R\u00e9plique Carabine USM1- 1941"},{"@type":"BreadcrumbList","@id":"https:\/\/repliquemangacine.fr\/denix\/carabine-usm1-de-1941\/#breadcrumb","itemListElement":[{"@type":"ListItem","position":1,"name":"Accueil","item":"https:\/\/repliquemangacine.fr\/"},{"@type":"ListItem","position":2,"name":"Produits","item":"https:\/\/repliquemangacine.fr\/boutique\/"},{"@type":"ListItem","position":3,"name":"USM1 1941 USA"}]},{"@type":"WebSite","@id":"https:\/\/repliquemangacine.fr\/#website","url":"https:\/\/repliquemangacine.fr\/","name":"R\u00e9plique Manga Cin\u00e9","description":"","publisher":{"@id":"https:\/\/repliquemangacine.fr\/#organization"},"potentialAction":[{"@type":"SearchAction","target":{"@type":"EntryPoint","urlTemplate":"https:\/\/repliquemangacine.fr\/?s={search_term_string}"},"query-input":{"@type":"PropertyValueSpecification","valueRequired":true,"valueName":"search_term_string"}}],"inLanguage":"de"},{"@type":"Organization","@id":"https:\/\/repliquemangacine.fr\/#organization","name":"R\u00e9plique Manga Cin\u00e9","url":"https:\/\/repliquemangacine.fr\/","logo":{"@type":"ImageObject","inLanguage":"de","@id":"https:\/\/repliquemangacine.fr\/#\/schema\/logo\/image\/","url":"https:\/\/repliquemangacine.fr\/wp-content\/uploads\/2023\/10\/RMC-500250.png","contentUrl":"https:\/\/repliquemangacine.fr\/wp-content\/uploads\/2023\/10\/RMC-500250.png","width":500,"height":250,"caption":"R\u00e9plique Manga Cin\u00e9"},"image":{"@id":"https:\/\/repliquemangacine.fr\/#\/schema\/logo\/image\/"},"sameAs":["https:\/\/www.facebook.com\/RepliqueMangaCine","https:\/\/www.instagram.com\/repliquemangacine.fr\/"]}]}},"_links":{"self":[{"href":"https:\/\/repliquemangacine.fr\/de\/wp-json\/wp\/v2\/product\/25234","targetHints":{"allow":["GET"]}}],"collection":[{"href":"https:\/\/repliquemangacine.fr\/de\/wp-json\/wp\/v2\/product"}],"about":[{"href":"https:\/\/repliquemangacine.fr\/de\/wp-json\/wp\/v2\/types\/product"}],"wp:featuredmedia":[{"embeddable":true,"href":"https:\/\/repliquemangacine.fr\/de\/wp-json\/wp\/v2\/media\/25235"}],"wp:attachment":[{"href":"https:\/\/repliquemangacine.fr\/de\/wp-json\/wp\/v2\/media?parent=25234"}],"wp:term":[{"taxonomy":"product_brand","embeddable":true,"href":"https:\/\/repliquemangacine.fr\/de\/wp-json\/wp\/v2\/product_brand?post=25234"},{"taxonomy":"product_cat","embeddable":true,"href":"https:\/\/repliquemangacine.fr\/de\/wp-json\/wp\/v2\/product_cat?post=25234"},{"taxonomy":"product_tag","embeddable":true,"href":"https:\/\/repliquemangacine.fr\/de\/wp-json\/wp\/v2\/product_tag?post=25234"}],"curies":[{"name":"wp","href":"https:\/\/api.w.org\/{rel}","templated":true}]}}