





{"id":25221,"date":"2016-08-16T15:29:13","date_gmt":"2016-08-16T13:29:13","guid":{"rendered":"https:\/\/repliquemangacine.fr\/?post_type=product&#038;p=25221"},"modified":"2026-03-15T20:40:41","modified_gmt":"2026-03-15T19:40:41","slug":"ak-47-s-kalachnichov-para","status":"publish","type":"product","link":"https:\/\/repliquemangacine.fr\/de\/fusil-d-assaut-fusil-moderne\/ak-47-s-kalachnichov-para\/","title":{"rendered":"AK-47-S Kalachnichov Para"},"content":{"rendered":"<h2>Sturmgewehr AK 47 Para - Denix<\/h2>\n<p>Zu Beginn das Sturmgewehr <strong>AK 47 Para<\/strong>Modell 1947, entwickelt vom sowjetischen Ingenieur Michail Kalaschnikow. Fallschirmj\u00e4gerversion.<\/p>\n<p>Von allen Schusswaffen, die es zum Zeitpunkt ihrer Entwicklung auf der Welt gab, ist die AK-47 eine der zuverl\u00e4ssigsten. Denn diese Waffe hat nur selten Ladehemmungen und h\u00e4lt allen Umgebungen stand: im Wasser, im Sand etc.<\/p>\n<p>Seine sehr niedrigen Kosten, seine Robustheit, Zuverl\u00e4ssigkeit und Wartungsfreundlichkeit machen ihn \u00e4u\u00dferst beliebt.<\/p>\n<p>Die Bezeichnung \"AK-47\" ist jedoch in den allgemeinen Sprachgebrauch \u00fcbergegangen, und zwar so sehr, dass nur noch wenige Menschen \"AK\" ohne die 47 sagen.<\/p>\n<p>Die Welt der Filmkultur, der Videospiele usw. hat sich dieser symboltr\u00e4chtigen Waffe in gro\u00dfem Umfang angenommen.<\/p>\n<h2>Ihr AK 47 para zum besten Preis.<\/h2>\n<p>Wir bieten Ihnen eine gro\u00dfe Auswahl an Reproduktionen historischer Waffen.<\/p>\n<p>Zun\u00e4chst einmal,<\/p>\n<ul>\n<li>Die <a href=\"https:\/\/repliquemangacine.fr\/de\/darmsreproduktionen\/lee-enfield-smle-mark-iii-englisches-gewehr\/\">Lee-Enfield-Gewehr<\/a> der britischen Armee.<\/li>\n<li>Sowie das <a href=\"https:\/\/repliquemangacine.fr\/de\/modernes-gewehr\/fusil-d-assaut-m16\/\">M16-Sturmgewehr<\/a> die vorschriftsm\u00e4\u00dfige Waffe der Us-Armee in Vietnam.<\/li>\n<li>Und noch viel mehr gibt es in unserem Online-Shop zu entdecken!<\/li>\n<\/ul>\n<p>Deshalb ist dies eine gro\u00dfartige Geschenkidee f\u00fcr alle Liebhaber historischer Waffen.<\/p>\n<p>Zusammenfassend k\u00f6nnen Sie dieses Gewehr <strong>AK 47 Para<\/strong> f\u00fcr Ihre historischen Nachstellungen. Vor allem aber ist diese Waffe ein Sammler- und Dekorationsst\u00fcck.<\/p>\n<p>R\u00e9plique Manga Cin\u00e9 ist ein franz\u00f6sisches Unternehmen und offizieller Vertriebspartner der Marke <a href=\"https:\/\/www.denix.fr\/fr\/catalogue\/armes-modernes-1945-1982\/mitraillettes-et-mitrailleuses\/1086\/\" target=\"_blank\" rel=\"noopener noreferrer\">Denix<\/a>.<\/p>\n<h2>Wie werden Denix-Waffenrepliken hergestellt?<\/h2>\n<p>Werden in historischen Rekonstruktionen, Filmen und Serien sowie von Sammlern verwendet. Denix-Waffenreproduktionen, die aus hochwertigen Materialien hergestellt werden. Sorgf\u00e4ltig bearbeitet und zusammengesetzt, um realistische Sammlerwaffen zu schaffen.<\/p>\n<ul>\n<li>Die Metalle sind in einer Metalllegierung, die als Zamac bekannt ist und deren Grundzusammensetzung Zink in 95% ist.<\/li>\n<li>Die Kunststoffteile der Repliken aus geformtem ABS, das eine hohe Widerstandsf\u00e4higkeit bietet.<\/li>\n<li>Holz, das aufgrund seiner Sch\u00f6nheit und Haltbarkeit ausgew\u00e4hlt wird, wie z. B. Mahagoni, Olivenholz oder Walnuss, verleiht Ihren Sch\u00e4ften und F\u00e4ssern ein elegantes und authentisches Aussehen.<\/li>\n<\/ul>\n<p>Es ist zu betonen, dass alle Nachbildungen von Denix-Waffen mit den Originalen identisch sind, wie Ihr <strong>AK 47<\/strong> <strong>para.<\/strong><\/p>","protected":false},"excerpt":{"rendered":"<p>Nachbildung des Sturmgewehrs AK47-S Kalaschnikow Version Fallschirmj\u00e4ger.<\/p>\n<ul>\n<li>Ausklappbarer Schaft aus Metall.<\/li>\n<li>Metallteile aus Zamak.<\/li>\n<li>Abnehmbares Ladeger\u00e4t.<\/li>\n<li>Bewaffnet sich und rammt.<\/li>\n<li>Ungeeignet zum Schie\u00dfen.<\/li>\n<li>Unterliegt keiner Genehmigungspflicht. Verkauf und Besitz frei<\/li>\n<li>L\u00e4nge: 88 cm - Gewicht: 4090 g<\/li>\n<\/ul>","protected":false},"featured_media":25222,"template":"","meta":[],"product_brand":[896],"product_cat":[102,46,28],"product_tag":[],"class_list":{"0":"post-25221","1":"product","2":"type-product","3":"status-publish","4":"has-post-thumbnail","6":"product_brand-replique-manga-cine","7":"product_cat-denix","8":"product_cat-fusil-d-assaut-fusil-moderne","9":"product_cat-repliques-darmes","11":"first","12":"instock","13":"sale","14":"taxable","15":"shipping-taxable","16":"purchasable","17":"product-type-simple"},"yoast_head":"<!-- This site is optimized with the Yoast SEO plugin v27.5 - https:\/\/yoast.com\/product\/yoast-seo-wordpress\/ -->\n<title>AK 47 Para - Vente de Kalachnicov Denix | R\u00e9plique manga Cin\u00e9<\/title>\n<meta name=\"description\" content=\"Commandez ! La r\u00e9plique AK 47 Para au meilleur prix - En m\u00e9tal et bois - Crosse pliable - M\u00e9canisme fonctionnel avec simulation de tir - Longueur : 88 cm\" \/>\n<meta name=\"robots\" content=\"index, follow, max-snippet:-1, max-image-preview:large, max-video-preview:-1\" \/>\n<link rel=\"canonical\" href=\"https:\/\/repliquemangacine.fr\/de\/denix\/ak-47-s-kalachnichov-para\/\" \/>\n<meta property=\"og:locale\" content=\"de_DE\" \/>\n<meta property=\"og:type\" content=\"article\" \/>\n<meta property=\"og:title\" content=\"AK 47 Para - Vente de Kalachnicov Denix | R\u00e9plique manga Cin\u00e9\" \/>\n<meta property=\"og:description\" content=\"Commandez ! La r\u00e9plique AK 47 Para au meilleur prix - En m\u00e9tal et bois - Crosse pliable - M\u00e9canisme fonctionnel avec simulation de tir - Longueur : 88 cm\" \/>\n<meta property=\"og:url\" content=\"https:\/\/repliquemangacine.fr\/de\/denix\/ak-47-s-kalachnichov-para\/\" \/>\n<meta property=\"og:site_name\" content=\"R\u00e9plique Manga Cin\u00e9\" \/>\n<meta property=\"article:publisher\" content=\"https:\/\/www.facebook.com\/RepliqueMangaCine\" \/>\n<meta property=\"article:modified_time\" content=\"2026-03-15T19:40:41+00:00\" \/>\n<meta property=\"og:image\" content=\"https:\/\/repliquemangacine.fr\/wp-content\/uploads\/2023\/10\/1450-Fusil-dAssaut-para-AK47-S.jpg\" \/>\n\t<meta property=\"og:image:width\" content=\"800\" \/>\n\t<meta property=\"og:image:height\" content=\"800\" \/>\n\t<meta property=\"og:image:type\" content=\"image\/jpeg\" \/>\n<meta name=\"twitter:card\" content=\"summary_large_image\" \/>\n<meta name=\"twitter:label1\" content=\"Gesch\u00e4tzte Lesezeit\" \/>\n\t<meta name=\"twitter:data1\" content=\"2\u00a0Minuten\" \/>\n<script type=\"application\/ld+json\" class=\"yoast-schema-graph\">{\"@context\":\"https:\\\/\\\/schema.org\",\"@graph\":[{\"@type\":\"WebPage\",\"@id\":\"https:\\\/\\\/repliquemangacine.fr\\\/denix\\\/ak-47-s-kalachnichov-para\\\/\",\"url\":\"https:\\\/\\\/repliquemangacine.fr\\\/denix\\\/ak-47-s-kalachnichov-para\\\/\",\"name\":\"AK 47 Para - Vente de Kalachnicov Denix | R\u00e9plique manga Cin\u00e9\",\"isPartOf\":{\"@id\":\"https:\\\/\\\/repliquemangacine.fr\\\/#website\"},\"primaryImageOfPage\":{\"@id\":\"https:\\\/\\\/repliquemangacine.fr\\\/denix\\\/ak-47-s-kalachnichov-para\\\/#primaryimage\"},\"image\":{\"@id\":\"https:\\\/\\\/repliquemangacine.fr\\\/denix\\\/ak-47-s-kalachnichov-para\\\/#primaryimage\"},\"thumbnailUrl\":\"https:\\\/\\\/repliquemangacine.fr\\\/wp-content\\\/uploads\\\/2023\\\/10\\\/1450-Fusil-dAssaut-para-AK47-S.jpg\",\"datePublished\":\"2016-08-16T13:29:13+00:00\",\"dateModified\":\"2026-03-15T19:40:41+00:00\",\"description\":\"Commandez ! La r\u00e9plique AK 47 Para au meilleur prix - En m\u00e9tal et bois - Crosse pliable - M\u00e9canisme fonctionnel avec simulation de tir - Longueur : 88 cm\",\"breadcrumb\":{\"@id\":\"https:\\\/\\\/repliquemangacine.fr\\\/denix\\\/ak-47-s-kalachnichov-para\\\/#breadcrumb\"},\"inLanguage\":\"de\",\"potentialAction\":[{\"@type\":\"ReadAction\",\"target\":[\"https:\\\/\\\/repliquemangacine.fr\\\/denix\\\/ak-47-s-kalachnichov-para\\\/\"]}]},{\"@type\":\"ImageObject\",\"inLanguage\":\"de\",\"@id\":\"https:\\\/\\\/repliquemangacine.fr\\\/denix\\\/ak-47-s-kalachnichov-para\\\/#primaryimage\",\"url\":\"https:\\\/\\\/repliquemangacine.fr\\\/wp-content\\\/uploads\\\/2023\\\/10\\\/1450-Fusil-dAssaut-para-AK47-S.jpg\",\"contentUrl\":\"https:\\\/\\\/repliquemangacine.fr\\\/wp-content\\\/uploads\\\/2023\\\/10\\\/1450-Fusil-dAssaut-para-AK47-S.jpg\",\"width\":800,\"height\":800,\"caption\":\"AK 47 Para\"},{\"@type\":\"BreadcrumbList\",\"@id\":\"https:\\\/\\\/repliquemangacine.fr\\\/denix\\\/ak-47-s-kalachnichov-para\\\/#breadcrumb\",\"itemListElement\":[{\"@type\":\"ListItem\",\"position\":1,\"name\":\"Accueil\",\"item\":\"https:\\\/\\\/repliquemangacine.fr\\\/\"},{\"@type\":\"ListItem\",\"position\":2,\"name\":\"Produits\",\"item\":\"https:\\\/\\\/repliquemangacine.fr\\\/boutique\\\/\"},{\"@type\":\"ListItem\",\"position\":3,\"name\":\"AK-47-S\u00a0 Kalachnichov Para\"}]},{\"@type\":\"WebSite\",\"@id\":\"https:\\\/\\\/repliquemangacine.fr\\\/#website\",\"url\":\"https:\\\/\\\/repliquemangacine.fr\\\/\",\"name\":\"R\u00e9plique Manga Cin\u00e9\",\"description\":\"\",\"publisher\":{\"@id\":\"https:\\\/\\\/repliquemangacine.fr\\\/#organization\"},\"potentialAction\":[{\"@type\":\"SearchAction\",\"target\":{\"@type\":\"EntryPoint\",\"urlTemplate\":\"https:\\\/\\\/repliquemangacine.fr\\\/?s={search_term_string}\"},\"query-input\":{\"@type\":\"PropertyValueSpecification\",\"valueRequired\":true,\"valueName\":\"search_term_string\"}}],\"inLanguage\":\"de\"},{\"@type\":\"Organization\",\"@id\":\"https:\\\/\\\/repliquemangacine.fr\\\/#organization\",\"name\":\"R\u00e9plique Manga Cin\u00e9\",\"url\":\"https:\\\/\\\/repliquemangacine.fr\\\/\",\"logo\":{\"@type\":\"ImageObject\",\"inLanguage\":\"de\",\"@id\":\"https:\\\/\\\/repliquemangacine.fr\\\/#\\\/schema\\\/logo\\\/image\\\/\",\"url\":\"https:\\\/\\\/repliquemangacine.fr\\\/wp-content\\\/uploads\\\/2023\\\/10\\\/RMC-500250.png\",\"contentUrl\":\"https:\\\/\\\/repliquemangacine.fr\\\/wp-content\\\/uploads\\\/2023\\\/10\\\/RMC-500250.png\",\"width\":500,\"height\":250,\"caption\":\"R\u00e9plique Manga Cin\u00e9\"},\"image\":{\"@id\":\"https:\\\/\\\/repliquemangacine.fr\\\/#\\\/schema\\\/logo\\\/image\\\/\"},\"sameAs\":[\"https:\\\/\\\/www.facebook.com\\\/RepliqueMangaCine\",\"https:\\\/\\\/www.instagram.com\\\/repliquemangacine.fr\\\/\"]}]}<\/script>\n<!-- \/ Yoast SEO plugin. -->","yoast_head_json":{"title":"AK 47 Para - Denix Kalachnicov Verkauf | Replik Manga Film","description":"Bestellen Sie! Die AK 47 Para Replik zum besten Preis - Aus Metall und Holz - Zusammenklappbarer Griff - Funktionaler Mechanismus mit Schusssimulation - L\u00e4nge: 88 cm","robots":{"index":"index","follow":"follow","max-snippet":"max-snippet:-1","max-image-preview":"max-image-preview:large","max-video-preview":"max-video-preview:-1"},"canonical":"https:\/\/repliquemangacine.fr\/de\/denix\/ak-47-s-kalachnichov-para\/","og_locale":"de_DE","og_type":"article","og_title":"AK 47 Para - Vente de Kalachnicov Denix | R\u00e9plique manga Cin\u00e9","og_description":"Commandez ! La r\u00e9plique AK 47 Para au meilleur prix - En m\u00e9tal et bois - Crosse pliable - M\u00e9canisme fonctionnel avec simulation de tir - Longueur : 88 cm","og_url":"https:\/\/repliquemangacine.fr\/de\/denix\/ak-47-s-kalachnichov-para\/","og_site_name":"R\u00e9plique Manga Cin\u00e9","article_publisher":"https:\/\/www.facebook.com\/RepliqueMangaCine","article_modified_time":"2026-03-15T19:40:41+00:00","og_image":[{"width":800,"height":800,"url":"https:\/\/repliquemangacine.fr\/wp-content\/uploads\/2023\/10\/1450-Fusil-dAssaut-para-AK47-S.jpg","type":"image\/jpeg"}],"twitter_card":"summary_large_image","twitter_misc":{"Gesch\u00e4tzte Lesezeit":"2\u00a0Minuten"},"schema":{"@context":"https:\/\/schema.org","@graph":[{"@type":"WebPage","@id":"https:\/\/repliquemangacine.fr\/denix\/ak-47-s-kalachnichov-para\/","url":"https:\/\/repliquemangacine.fr\/denix\/ak-47-s-kalachnichov-para\/","name":"AK 47 Para - Denix Kalachnicov Verkauf | Replik Manga Film","isPartOf":{"@id":"https:\/\/repliquemangacine.fr\/#website"},"primaryImageOfPage":{"@id":"https:\/\/repliquemangacine.fr\/denix\/ak-47-s-kalachnichov-para\/#primaryimage"},"image":{"@id":"https:\/\/repliquemangacine.fr\/denix\/ak-47-s-kalachnichov-para\/#primaryimage"},"thumbnailUrl":"https:\/\/repliquemangacine.fr\/wp-content\/uploads\/2023\/10\/1450-Fusil-dAssaut-para-AK47-S.jpg","datePublished":"2016-08-16T13:29:13+00:00","dateModified":"2026-03-15T19:40:41+00:00","description":"Bestellen Sie! Die AK 47 Para Replik zum besten Preis - Aus Metall und Holz - Zusammenklappbarer Griff - Funktionaler Mechanismus mit Schusssimulation - L\u00e4nge: 88 cm","breadcrumb":{"@id":"https:\/\/repliquemangacine.fr\/denix\/ak-47-s-kalachnichov-para\/#breadcrumb"},"inLanguage":"de","potentialAction":[{"@type":"ReadAction","target":["https:\/\/repliquemangacine.fr\/denix\/ak-47-s-kalachnichov-para\/"]}]},{"@type":"ImageObject","inLanguage":"de","@id":"https:\/\/repliquemangacine.fr\/denix\/ak-47-s-kalachnichov-para\/#primaryimage","url":"https:\/\/repliquemangacine.fr\/wp-content\/uploads\/2023\/10\/1450-Fusil-dAssaut-para-AK47-S.jpg","contentUrl":"https:\/\/repliquemangacine.fr\/wp-content\/uploads\/2023\/10\/1450-Fusil-dAssaut-para-AK47-S.jpg","width":800,"height":800,"caption":"AK 47 Para"},{"@type":"BreadcrumbList","@id":"https:\/\/repliquemangacine.fr\/denix\/ak-47-s-kalachnichov-para\/#breadcrumb","itemListElement":[{"@type":"ListItem","position":1,"name":"Accueil","item":"https:\/\/repliquemangacine.fr\/"},{"@type":"ListItem","position":2,"name":"Produits","item":"https:\/\/repliquemangacine.fr\/boutique\/"},{"@type":"ListItem","position":3,"name":"AK-47-S\u00a0 Kalachnichov Para"}]},{"@type":"WebSite","@id":"https:\/\/repliquemangacine.fr\/#website","url":"https:\/\/repliquemangacine.fr\/","name":"R\u00e9plique Manga Cin\u00e9","description":"","publisher":{"@id":"https:\/\/repliquemangacine.fr\/#organization"},"potentialAction":[{"@type":"SearchAction","target":{"@type":"EntryPoint","urlTemplate":"https:\/\/repliquemangacine.fr\/?s={search_term_string}"},"query-input":{"@type":"PropertyValueSpecification","valueRequired":true,"valueName":"search_term_string"}}],"inLanguage":"de"},{"@type":"Organization","@id":"https:\/\/repliquemangacine.fr\/#organization","name":"R\u00e9plique Manga Cin\u00e9","url":"https:\/\/repliquemangacine.fr\/","logo":{"@type":"ImageObject","inLanguage":"de","@id":"https:\/\/repliquemangacine.fr\/#\/schema\/logo\/image\/","url":"https:\/\/repliquemangacine.fr\/wp-content\/uploads\/2023\/10\/RMC-500250.png","contentUrl":"https:\/\/repliquemangacine.fr\/wp-content\/uploads\/2023\/10\/RMC-500250.png","width":500,"height":250,"caption":"R\u00e9plique Manga Cin\u00e9"},"image":{"@id":"https:\/\/repliquemangacine.fr\/#\/schema\/logo\/image\/"},"sameAs":["https:\/\/www.facebook.com\/RepliqueMangaCine","https:\/\/www.instagram.com\/repliquemangacine.fr\/"]}]}},"_links":{"self":[{"href":"https:\/\/repliquemangacine.fr\/de\/wp-json\/wp\/v2\/product\/25221","targetHints":{"allow":["GET"]}}],"collection":[{"href":"https:\/\/repliquemangacine.fr\/de\/wp-json\/wp\/v2\/product"}],"about":[{"href":"https:\/\/repliquemangacine.fr\/de\/wp-json\/wp\/v2\/types\/product"}],"wp:featuredmedia":[{"embeddable":true,"href":"https:\/\/repliquemangacine.fr\/de\/wp-json\/wp\/v2\/media\/25222"}],"wp:attachment":[{"href":"https:\/\/repliquemangacine.fr\/de\/wp-json\/wp\/v2\/media?parent=25221"}],"wp:term":[{"taxonomy":"product_brand","embeddable":true,"href":"https:\/\/repliquemangacine.fr\/de\/wp-json\/wp\/v2\/product_brand?post=25221"},{"taxonomy":"product_cat","embeddable":true,"href":"https:\/\/repliquemangacine.fr\/de\/wp-json\/wp\/v2\/product_cat?post=25221"},{"taxonomy":"product_tag","embeddable":true,"href":"https:\/\/repliquemangacine.fr\/de\/wp-json\/wp\/v2\/product_tag?post=25221"}],"curies":[{"name":"wp","href":"https:\/\/api.w.org\/{rel}","templated":true}]}}