





{"id":25188,"date":"2016-08-13T19:43:00","date_gmt":"2016-08-13T17:43:00","guid":{"rendered":"https:\/\/repliquemangacine.fr\/?post_type=product&#038;p=25188"},"modified":"2025-09-23T18:01:27","modified_gmt":"2025-09-23T16:01:27","slug":"karabiner-usm1a1-para","status":"publish","type":"product","link":"https:\/\/repliquemangacine.fr\/de\/reproductions-armes-seconde-guerre-mondiale-denix\/carabine-usm1a1-para\/","title":{"rendered":"USM1A1 Gewehr para"},"content":{"rendered":"<h2>USM1A1 Para-Gewehr von 1942 - Denix.<\/h2>\n<p>Zu Beginn wird die <strong>USM1A1 Para-Gewehr<\/strong> aus dem Jahr 1942 ist wahrscheinlich eine der beliebtesten Waffen der Amerikaner. Aufgrund ihres geringen Gewichts und ihrer Handlichkeit wurde sie von den GIs (1941) \u00fcbernommen. Sie wurde nach den Pl\u00e4nen des M1-Gewehrs entwickelt und die Version M1A1 erschien.<\/p>\n<p>Die gr\u00f6\u00dfte Ver\u00e4nderung ist der Schaft, der nicht mehr aus Holz, sondern aus Metall ist und den man zusammenklappen und in der Tasche verstauen kann.<\/p>\n<p>Um der deutschen Strategie des \"Blitzkriegs\" entgegenzutreten. beschlie\u00dfen die US-Streitkr\u00e4fte, ihre Truppen mit einem leichten Gewehr auszustatten, das im halbautomatischen Modus funktioniert. Der halbautomatische Modus ist auch eine der St\u00e4rken des M1 Carbine, das im Koreakrieg und einem Teil des Vietnamkriegs eingesetzt wurde.<\/p>\n<h2>Ihr USM1A1 Para Gewehr zum besten Preis.<\/h2>\n<p>Wir bieten Ihnen eine gro\u00dfe Auswahl an Reproduktionen historischer Waffen.<\/p>\n<p>Zun\u00e4chst einmal,<\/p>\n<ul>\n<li>Die <a href=\"https:\/\/repliquemangacine.fr\/de\/weltkrieg\/maschinenpistole-mp41-sub-machine-gun\/\">Maschinenpistole MP41<\/a> Sub Machin Gun, der kleine Bruder der MP40.<\/li>\n<li>Sowie die Nachbildung der Maschinenpistole <a href=\"https:\/\/repliquemangacine.fr\/de\/weltkrieg\/maschinenpistole-gewehr-thompson-m1928a1-tommy-gun\/\">Thompson M1928A1<\/a> Tommy Gun.<\/li>\n<li>Es gibt auch die englische Maschinenpistole <a href=\"https:\/\/repliquemangacine.fr\/de\/darmsreproduktionen\/pistolet-mitrailleur-sten-mark-ii\/\">Sten Mark II<\/a> hergestellt von Denix.<\/li>\n<li>Und noch viel mehr gibt es in unserem Online-Shop zu entdecken!<\/li>\n<\/ul>\n<p>Deshalb ist dies eine gro\u00dfartige Geschenkidee f\u00fcr alle Liebhaber historischer Waffen.<\/p>\n<p>Abschlie\u00dfend k\u00f6nnen Sie die <strong>USM1A1 Para-Gewehr<\/strong> f\u00fcr Ihre historischen Nachstellungen. Vor allem aber ist diese Waffe ein Sammler- und Dekorationsst\u00fcck.<\/p>\n<p>R\u00e9plique Manga Cin\u00e9 ist ein franz\u00f6sisches Unternehmen und offizieller Vertriebspartner der Marke <a href=\"https:\/\/www.denix.fr\/fr\/catalogue\/guerres-mondiales-1914-1945\/carabines-carabines-et-fusils\/1131-c\/\" target=\"_blank\" rel=\"noopener noreferrer\">Denix<\/a>.<\/p>\n<h2>Wie werden Denix-Waffenrepliken hergestellt?<\/h2>\n<p>Werden in historischen Rekonstruktionen, Filmen und Serien sowie von Sammlern verwendet. Denix-Waffenreproduktionen, die aus hochwertigen Materialien hergestellt werden. Sorgf\u00e4ltig bearbeitet und zusammengesetzt, um realistische Sammlerwaffen zu schaffen.<\/p>\n<ul>\n<li>Die Metalle sind in einer Metalllegierung, die als Zamac bekannt ist und deren Grundzusammensetzung Zink in 95% ist.<\/li>\n<li>Die Kunststoffteile der Repliken aus geformtem ABS, das eine hohe Widerstandsf\u00e4higkeit bietet.<\/li>\n<li>Holz, das aufgrund seiner Sch\u00f6nheit und Haltbarkeit ausgew\u00e4hlt wird, wie z. B. Mahagoni, Olivenholz oder Walnuss, verleiht Ihren Sch\u00e4ften und F\u00e4ssern ein elegantes und authentisches Aussehen.<\/li>\n<\/ul>\n<p>Es ist zu betonen, dass alle Nachbildungen von Denix-Waffen mit den Originalen identisch sind, wie Ihr <strong>USM1A1 Para-Gewehr<\/strong>.<\/p>","protected":false},"excerpt":{"rendered":"<p>Reproduktion des Gewehrs M1A1 (1941).<\/p>\n<ul>\n<li>Metallschaft, der sich zusammenklappen l\u00e4sst<\/li>\n<li>Fass aus Massivholz.<\/li>\n<li>Metallteile aus Zamak.<\/li>\n<li>Abnehmbares Ladeger\u00e4t<\/li>\n<li>Bewaffnet sich und rammt, aber <strong>v\u00f6llig untauglich f\u00fcr das Schie\u00dfen<\/strong>.<\/li>\n<li>Tr\u00e4ger aus Stoff<\/li>\n<li>L\u00e4nge: 90 cm - Gewicht: 2302 grs<\/li>\n<li>Unterliegt keiner Genehmigungspflicht. Verkauf und Besitz frei<\/li>\n<\/ul>\n<p>&nbsp;<\/p>\n<p><iframe src=\"https:\/\/www.youtube.com\/embed\/uhIX00W4p0E\" width=\"370\" height=\"208\" frameborder=\"0\"><\/iframe><\/p>","protected":false},"featured_media":25189,"template":"","meta":[],"product_brand":[896],"product_cat":[25,46,54,28,76],"product_tag":[],"class_list":{"0":"post-25188","1":"product","2":"type-product","3":"status-publish","4":"has-post-thumbnail","6":"product_brand-replique-manga-cine","7":"product_cat-armes-historiques","8":"product_cat-fusil-d-assaut-fusil-moderne","9":"product_cat-armes-accessoires-guerre-mondiale","10":"product_cat-repliques-darmes","11":"product_cat-reproductions-armes-seconde-guerre-mondiale-denix","13":"first","14":"instock","15":"taxable","16":"shipping-taxable","17":"purchasable","18":"product-type-simple"},"yoast_head":"<!-- This site is optimized with the Yoast SEO plugin v27.5 - https:\/\/yoast.com\/product\/yoast-seo-wordpress\/ -->\n<title>Carabine USM1A1 Para - Boutique en ligne - R\u00e9plique Manga Cin\u00e9<\/title>\n<meta name=\"description\" content=\"Offre-lui ! la Carabine USM1A1 Para au meilleur prix - En m\u00e9tal et Bois - Crosse m\u00e9tal pliable - M\u00e9canisme fonctionnel - Longueur : 90 cm - Poids : 2302 g\" \/>\n<meta name=\"robots\" content=\"index, follow, max-snippet:-1, max-image-preview:large, max-video-preview:-1\" \/>\n<link rel=\"canonical\" href=\"https:\/\/repliquemangacine.fr\/de\/waffenreproduktionen-zweiter-weltkrieg-denix\/karabiner-usm1a1-para\/\" \/>\n<meta property=\"og:locale\" content=\"de_DE\" \/>\n<meta property=\"og:type\" content=\"article\" \/>\n<meta property=\"og:title\" content=\"Carabine USM1A1 Para - Boutique en ligne - R\u00e9plique Manga Cin\u00e9\" \/>\n<meta property=\"og:description\" content=\"Offre-lui ! la Carabine USM1A1 Para au meilleur prix - En m\u00e9tal et Bois - Crosse m\u00e9tal pliable - M\u00e9canisme fonctionnel - Longueur : 90 cm - Poids : 2302 g\" \/>\n<meta property=\"og:url\" content=\"https:\/\/repliquemangacine.fr\/de\/waffenreproduktionen-zweiter-weltkrieg-denix\/karabiner-usm1a1-para\/\" \/>\n<meta property=\"og:site_name\" content=\"R\u00e9plique Manga Cin\u00e9\" \/>\n<meta property=\"article:publisher\" content=\"https:\/\/www.facebook.com\/RepliqueMangaCine\" \/>\n<meta property=\"article:modified_time\" content=\"2025-09-23T16:01:27+00:00\" \/>\n<meta property=\"og:image\" content=\"https:\/\/repliquemangacine.fr\/wp-content\/uploads\/2023\/10\/1424-Carabine-des-parachutiste-US-M1A1-1941.jpg\" \/>\n\t<meta property=\"og:image:width\" content=\"800\" \/>\n\t<meta property=\"og:image:height\" content=\"800\" \/>\n\t<meta property=\"og:image:type\" content=\"image\/jpeg\" \/>\n<meta name=\"twitter:card\" content=\"summary_large_image\" \/>\n<meta name=\"twitter:label1\" content=\"Gesch\u00e4tzte Lesezeit\" \/>\n\t<meta name=\"twitter:data1\" content=\"2\u00a0Minuten\" \/>\n<script type=\"application\/ld+json\" class=\"yoast-schema-graph\">{\"@context\":\"https:\\\/\\\/schema.org\",\"@graph\":[{\"@type\":\"WebPage\",\"@id\":\"https:\\\/\\\/repliquemangacine.fr\\\/reproductions-armes-seconde-guerre-mondiale-denix\\\/carabine-usm1a1-para\\\/\",\"url\":\"https:\\\/\\\/repliquemangacine.fr\\\/reproductions-armes-seconde-guerre-mondiale-denix\\\/carabine-usm1a1-para\\\/\",\"name\":\"Carabine USM1A1 Para - Boutique en ligne - R\u00e9plique Manga Cin\u00e9\",\"isPartOf\":{\"@id\":\"https:\\\/\\\/repliquemangacine.fr\\\/#website\"},\"primaryImageOfPage\":{\"@id\":\"https:\\\/\\\/repliquemangacine.fr\\\/reproductions-armes-seconde-guerre-mondiale-denix\\\/carabine-usm1a1-para\\\/#primaryimage\"},\"image\":{\"@id\":\"https:\\\/\\\/repliquemangacine.fr\\\/reproductions-armes-seconde-guerre-mondiale-denix\\\/carabine-usm1a1-para\\\/#primaryimage\"},\"thumbnailUrl\":\"https:\\\/\\\/repliquemangacine.fr\\\/wp-content\\\/uploads\\\/2023\\\/10\\\/1424-Carabine-des-parachutiste-US-M1A1-1941.jpg\",\"datePublished\":\"2016-08-13T17:43:00+00:00\",\"dateModified\":\"2025-09-23T16:01:27+00:00\",\"description\":\"Offre-lui ! la Carabine USM1A1 Para au meilleur prix - En m\u00e9tal et Bois - Crosse m\u00e9tal pliable - M\u00e9canisme fonctionnel - Longueur : 90 cm - Poids : 2302 g\",\"breadcrumb\":{\"@id\":\"https:\\\/\\\/repliquemangacine.fr\\\/reproductions-armes-seconde-guerre-mondiale-denix\\\/carabine-usm1a1-para\\\/#breadcrumb\"},\"inLanguage\":\"de\",\"potentialAction\":[{\"@type\":\"ReadAction\",\"target\":[\"https:\\\/\\\/repliquemangacine.fr\\\/reproductions-armes-seconde-guerre-mondiale-denix\\\/carabine-usm1a1-para\\\/\"]}]},{\"@type\":\"ImageObject\",\"inLanguage\":\"de\",\"@id\":\"https:\\\/\\\/repliquemangacine.fr\\\/reproductions-armes-seconde-guerre-mondiale-denix\\\/carabine-usm1a1-para\\\/#primaryimage\",\"url\":\"https:\\\/\\\/repliquemangacine.fr\\\/wp-content\\\/uploads\\\/2023\\\/10\\\/1424-Carabine-des-parachutiste-US-M1A1-1941.jpg\",\"contentUrl\":\"https:\\\/\\\/repliquemangacine.fr\\\/wp-content\\\/uploads\\\/2023\\\/10\\\/1424-Carabine-des-parachutiste-US-M1A1-1941.jpg\",\"width\":800,\"height\":800,\"caption\":\"Carabine USM1A1 Para\"},{\"@type\":\"BreadcrumbList\",\"@id\":\"https:\\\/\\\/repliquemangacine.fr\\\/reproductions-armes-seconde-guerre-mondiale-denix\\\/carabine-usm1a1-para\\\/#breadcrumb\",\"itemListElement\":[{\"@type\":\"ListItem\",\"position\":1,\"name\":\"Accueil\",\"item\":\"https:\\\/\\\/repliquemangacine.fr\\\/\"},{\"@type\":\"ListItem\",\"position\":2,\"name\":\"Produits\",\"item\":\"https:\\\/\\\/repliquemangacine.fr\\\/boutique\\\/\"},{\"@type\":\"ListItem\",\"position\":3,\"name\":\"Carabine USM1A1 para\"}]},{\"@type\":\"WebSite\",\"@id\":\"https:\\\/\\\/repliquemangacine.fr\\\/#website\",\"url\":\"https:\\\/\\\/repliquemangacine.fr\\\/\",\"name\":\"R\u00e9plique Manga Cin\u00e9\",\"description\":\"\",\"publisher\":{\"@id\":\"https:\\\/\\\/repliquemangacine.fr\\\/#organization\"},\"potentialAction\":[{\"@type\":\"SearchAction\",\"target\":{\"@type\":\"EntryPoint\",\"urlTemplate\":\"https:\\\/\\\/repliquemangacine.fr\\\/?s={search_term_string}\"},\"query-input\":{\"@type\":\"PropertyValueSpecification\",\"valueRequired\":true,\"valueName\":\"search_term_string\"}}],\"inLanguage\":\"de\"},{\"@type\":\"Organization\",\"@id\":\"https:\\\/\\\/repliquemangacine.fr\\\/#organization\",\"name\":\"R\u00e9plique Manga Cin\u00e9\",\"url\":\"https:\\\/\\\/repliquemangacine.fr\\\/\",\"logo\":{\"@type\":\"ImageObject\",\"inLanguage\":\"de\",\"@id\":\"https:\\\/\\\/repliquemangacine.fr\\\/#\\\/schema\\\/logo\\\/image\\\/\",\"url\":\"https:\\\/\\\/repliquemangacine.fr\\\/wp-content\\\/uploads\\\/2023\\\/10\\\/RMC-500250.png\",\"contentUrl\":\"https:\\\/\\\/repliquemangacine.fr\\\/wp-content\\\/uploads\\\/2023\\\/10\\\/RMC-500250.png\",\"width\":500,\"height\":250,\"caption\":\"R\u00e9plique Manga Cin\u00e9\"},\"image\":{\"@id\":\"https:\\\/\\\/repliquemangacine.fr\\\/#\\\/schema\\\/logo\\\/image\\\/\"},\"sameAs\":[\"https:\\\/\\\/www.facebook.com\\\/RepliqueMangaCine\",\"https:\\\/\\\/www.instagram.com\\\/repliquemangacine.fr\\\/\"]}]}<\/script>\n<!-- \/ Yoast SEO plugin. -->","yoast_head_json":{"title":"USM1A1 Para Gewehr - Online-Shop - R\u00e9plique Manga Cin\u00e9","description":"Biete ihm! das USM1A1 Para Gewehr zum besten Preis - Aus Metall und Holz - Zusammenklappbarer Metallschaft - Funktionaler Mechanismus - L\u00e4nge: 90 cm - Gewicht: 2302 g","robots":{"index":"index","follow":"follow","max-snippet":"max-snippet:-1","max-image-preview":"max-image-preview:large","max-video-preview":"max-video-preview:-1"},"canonical":"https:\/\/repliquemangacine.fr\/de\/waffenreproduktionen-zweiter-weltkrieg-denix\/karabiner-usm1a1-para\/","og_locale":"de_DE","og_type":"article","og_title":"Carabine USM1A1 Para - Boutique en ligne - R\u00e9plique Manga Cin\u00e9","og_description":"Offre-lui ! la Carabine USM1A1 Para au meilleur prix - En m\u00e9tal et Bois - Crosse m\u00e9tal pliable - M\u00e9canisme fonctionnel - Longueur : 90 cm - Poids : 2302 g","og_url":"https:\/\/repliquemangacine.fr\/de\/waffenreproduktionen-zweiter-weltkrieg-denix\/karabiner-usm1a1-para\/","og_site_name":"R\u00e9plique Manga Cin\u00e9","article_publisher":"https:\/\/www.facebook.com\/RepliqueMangaCine","article_modified_time":"2025-09-23T16:01:27+00:00","og_image":[{"width":800,"height":800,"url":"https:\/\/repliquemangacine.fr\/wp-content\/uploads\/2023\/10\/1424-Carabine-des-parachutiste-US-M1A1-1941.jpg","type":"image\/jpeg"}],"twitter_card":"summary_large_image","twitter_misc":{"Gesch\u00e4tzte Lesezeit":"2\u00a0Minuten"},"schema":{"@context":"https:\/\/schema.org","@graph":[{"@type":"WebPage","@id":"https:\/\/repliquemangacine.fr\/reproductions-armes-seconde-guerre-mondiale-denix\/carabine-usm1a1-para\/","url":"https:\/\/repliquemangacine.fr\/reproductions-armes-seconde-guerre-mondiale-denix\/carabine-usm1a1-para\/","name":"USM1A1 Para Gewehr - Online-Shop - R\u00e9plique Manga Cin\u00e9","isPartOf":{"@id":"https:\/\/repliquemangacine.fr\/#website"},"primaryImageOfPage":{"@id":"https:\/\/repliquemangacine.fr\/reproductions-armes-seconde-guerre-mondiale-denix\/carabine-usm1a1-para\/#primaryimage"},"image":{"@id":"https:\/\/repliquemangacine.fr\/reproductions-armes-seconde-guerre-mondiale-denix\/carabine-usm1a1-para\/#primaryimage"},"thumbnailUrl":"https:\/\/repliquemangacine.fr\/wp-content\/uploads\/2023\/10\/1424-Carabine-des-parachutiste-US-M1A1-1941.jpg","datePublished":"2016-08-13T17:43:00+00:00","dateModified":"2025-09-23T16:01:27+00:00","description":"Biete ihm! das USM1A1 Para Gewehr zum besten Preis - Aus Metall und Holz - Zusammenklappbarer Metallschaft - Funktionaler Mechanismus - L\u00e4nge: 90 cm - Gewicht: 2302 g","breadcrumb":{"@id":"https:\/\/repliquemangacine.fr\/reproductions-armes-seconde-guerre-mondiale-denix\/carabine-usm1a1-para\/#breadcrumb"},"inLanguage":"de","potentialAction":[{"@type":"ReadAction","target":["https:\/\/repliquemangacine.fr\/reproductions-armes-seconde-guerre-mondiale-denix\/carabine-usm1a1-para\/"]}]},{"@type":"ImageObject","inLanguage":"de","@id":"https:\/\/repliquemangacine.fr\/reproductions-armes-seconde-guerre-mondiale-denix\/carabine-usm1a1-para\/#primaryimage","url":"https:\/\/repliquemangacine.fr\/wp-content\/uploads\/2023\/10\/1424-Carabine-des-parachutiste-US-M1A1-1941.jpg","contentUrl":"https:\/\/repliquemangacine.fr\/wp-content\/uploads\/2023\/10\/1424-Carabine-des-parachutiste-US-M1A1-1941.jpg","width":800,"height":800,"caption":"Carabine USM1A1 Para"},{"@type":"BreadcrumbList","@id":"https:\/\/repliquemangacine.fr\/reproductions-armes-seconde-guerre-mondiale-denix\/carabine-usm1a1-para\/#breadcrumb","itemListElement":[{"@type":"ListItem","position":1,"name":"Accueil","item":"https:\/\/repliquemangacine.fr\/"},{"@type":"ListItem","position":2,"name":"Produits","item":"https:\/\/repliquemangacine.fr\/boutique\/"},{"@type":"ListItem","position":3,"name":"Carabine USM1A1 para"}]},{"@type":"WebSite","@id":"https:\/\/repliquemangacine.fr\/#website","url":"https:\/\/repliquemangacine.fr\/","name":"R\u00e9plique Manga Cin\u00e9","description":"","publisher":{"@id":"https:\/\/repliquemangacine.fr\/#organization"},"potentialAction":[{"@type":"SearchAction","target":{"@type":"EntryPoint","urlTemplate":"https:\/\/repliquemangacine.fr\/?s={search_term_string}"},"query-input":{"@type":"PropertyValueSpecification","valueRequired":true,"valueName":"search_term_string"}}],"inLanguage":"de"},{"@type":"Organization","@id":"https:\/\/repliquemangacine.fr\/#organization","name":"R\u00e9plique Manga Cin\u00e9","url":"https:\/\/repliquemangacine.fr\/","logo":{"@type":"ImageObject","inLanguage":"de","@id":"https:\/\/repliquemangacine.fr\/#\/schema\/logo\/image\/","url":"https:\/\/repliquemangacine.fr\/wp-content\/uploads\/2023\/10\/RMC-500250.png","contentUrl":"https:\/\/repliquemangacine.fr\/wp-content\/uploads\/2023\/10\/RMC-500250.png","width":500,"height":250,"caption":"R\u00e9plique Manga Cin\u00e9"},"image":{"@id":"https:\/\/repliquemangacine.fr\/#\/schema\/logo\/image\/"},"sameAs":["https:\/\/www.facebook.com\/RepliqueMangaCine","https:\/\/www.instagram.com\/repliquemangacine.fr\/"]}]}},"_links":{"self":[{"href":"https:\/\/repliquemangacine.fr\/de\/wp-json\/wp\/v2\/product\/25188","targetHints":{"allow":["GET"]}}],"collection":[{"href":"https:\/\/repliquemangacine.fr\/de\/wp-json\/wp\/v2\/product"}],"about":[{"href":"https:\/\/repliquemangacine.fr\/de\/wp-json\/wp\/v2\/types\/product"}],"wp:featuredmedia":[{"embeddable":true,"href":"https:\/\/repliquemangacine.fr\/de\/wp-json\/wp\/v2\/media\/25189"}],"wp:attachment":[{"href":"https:\/\/repliquemangacine.fr\/de\/wp-json\/wp\/v2\/media?parent=25188"}],"wp:term":[{"taxonomy":"product_brand","embeddable":true,"href":"https:\/\/repliquemangacine.fr\/de\/wp-json\/wp\/v2\/product_brand?post=25188"},{"taxonomy":"product_cat","embeddable":true,"href":"https:\/\/repliquemangacine.fr\/de\/wp-json\/wp\/v2\/product_cat?post=25188"},{"taxonomy":"product_tag","embeddable":true,"href":"https:\/\/repliquemangacine.fr\/de\/wp-json\/wp\/v2\/product_tag?post=25188"}],"curies":[{"name":"wp","href":"https:\/\/api.w.org\/{rel}","templated":true}]}}