





{"id":25180,"date":"2016-08-13T15:56:03","date_gmt":"2016-08-13T13:56:03","guid":{"rendered":"https:\/\/repliquemangacine.fr\/?post_type=product&#038;p=25180"},"modified":"2026-02-06T15:28:47","modified_gmt":"2026-02-06T14:28:47","slug":"lee-enfield-smle-mark-iii-englisches-gewehr","status":"publish","type":"product","link":"https:\/\/repliquemangacine.fr\/de\/reproductions-armes-seconde-guerre-mondiale-denix\/lee-enfield-smle-mark-iii-fusil-anglais\/","title":{"rendered":"Lee-Enfield-Gewehr SMLE Mark III"},"content":{"rendered":"<h2>Lee-Enfield SMLE Mark III-Gewehr - Denix<\/h2>\n<p>Zu Beginn wird der <strong>Lee-Enfield-Gewehr SMLE Mark III<\/strong> ist die Hauptwaffe der britischen Streitkr\u00e4fte. Die Streitkr\u00e4fte Kanadas, Indiens, S\u00fcdafrikas und vieler anderer L\u00e4nder haben ebenfalls das Lee-Enfield-Gewehr verwendet.<\/p>\n<p>Die SMLE Mk III (1926 in Fusil No. 1 Mk III umbenannt) wurde w\u00e4hrend des gesamten Zweiten Weltkriegs h\u00e4ufig eingesetzt, insbesondere auf den Kriegsschaupl\u00e4tzen in Nordafrika, Italien, dem Pazifik und Burma in den H\u00e4nden der britischen Streitkr\u00e4fte und des Commonwealth.<\/p>\n<p>Australien und Indien stellen das SMLE Mk III her und verwenden es w\u00e4hrend des gesamten Konflikts als vorschriftsm\u00e4\u00dfige Waffe ihrer Streitkr\u00e4fte, und das Gewehr bleibt w\u00e4hrend des Koreakriegs die Ausr\u00fcstungswaffe der australischen Armee.<\/p>\n<h2>Ihr Lee-Enfield SMLE Mark III-Gewehr zum besten Preis.<\/h2>\n<p>Wir bieten Ihnen eine gro\u00dfe Auswahl an Reproduktionen historischer Waffen der Marke Denix.<\/p>\n<p>Zun\u00e4chst einmal,<\/p>\n<ul>\n<li>Die Holster-Replik<a href=\"https:\/\/repliquemangacine.fr\/de\/holster-zubehor\/schulterholster-m7\/\"> Schulter M7<\/a> US ARMY f\u00fcr Colt M1911A1 Kal. 45.<\/li>\n<li>Die identische Reproduktion des <a href=\"https:\/\/repliquemangacine.fr\/de\/darmsreproduktionen\/abnehmbare-automatische-pistole-m1911a1\/\">Automatische Pistole M1911A1<\/a><\/li>\n<li>Die Reproduktion des <a href=\"https:\/\/repliquemangacine.fr\/de\/darmsreproduktionen\/pistolet-mitrailleur-m3-grease-gun-usa-1942\/\">M3-Maschinengewehr, auch Grease Gun genannt<\/a>.<\/li>\n<li>Und viele andere, die es in unserem Online-Shop zu entdecken gibt!<\/li>\n<\/ul>\n<p>Deshalb gibt es hier tolle Geschenkideen f\u00fcr alle Geschichtsinteressierten und vor allem, um unsere Helden nicht zu vergessen.<\/p>\n<p>Abschlie\u00dfend k\u00f6nnen Sie den <strong>Lee-Enfield-Gewehr SMLE Mark III<\/strong> Denix f\u00fcr Ihre historischen Rekonstruktionen. Vor allem aber ist diese Reproduktion eine Sammlerwaffe.<\/p>\n<p>R\u00e9plique Manga Cin\u00e9 ist ein franz\u00f6sisches Familienunternehmen und offizieller Vertriebspartner der Marke <a href=\"https:\/\/www.denix.fr\/fr\/catalogue\/guerres-mondiales-1914-1945\/carabines-carabines-et-fusils\/1090\/\" target=\"_blank\" rel=\"noopener noreferrer\">Denix<\/a>.<\/p>\n<h2>Wie werden Denix-Waffenrepliken hergestellt?<\/h2>\n<p>Werden in historischen Rekonstruktionen, Filmen und Serien sowie von Sammlern verwendet. Denix-Waffenreproduktionen, die aus hochwertigen Materialien hergestellt werden. Sorgf\u00e4ltig bearbeitet und zusammengesetzt, um realistische Sammlerwaffen zu schaffen.<\/p>\n<ul>\n<li>Die Metalle sind in einer Metalllegierung, die als Zamac bekannt ist und deren Grundzusammensetzung Zink in 95% ist.<\/li>\n<li>Die Kunststoffteile der Repliken aus geformtem ABS, das eine hohe Widerstandsf\u00e4higkeit bietet.<\/li>\n<li>Holz, das aufgrund seiner Sch\u00f6nheit und Haltbarkeit ausgew\u00e4hlt wird, wie z. B. Mahagoni, Olivenholz oder Walnuss, verleiht Ihren Sch\u00e4ften und F\u00e4ssern ein elegantes und authentisches Aussehen.<\/li>\n<\/ul>\n<p>Es ist zu betonen, dass alle Nachbildungen von Denix-Waffen mit den Originalen identisch sind, wie Ihr <strong>Lee-Enfield-Gewehr SMLE Mark III<\/strong>.<\/p>","protected":false},"excerpt":{"rendered":"<p>V\u00f6llig identisch mit dem Original ist diese Nachbildung des Lee-Enfield-Gewehrs.<\/p>\n<ul>\n<li>Schaft und Kolben aus Massivholz.<\/li>\n<li>Metallteile sind aus Zamac.<\/li>\n<li>Bewaffnet sich und schl\u00e4gt ein, ist aber v\u00f6llig unf\u00e4hig zu schie\u00dfen.<\/li>\n<li>L\u00e4nge: 113 cm - Gewicht: 3335 grs<\/li>\n<li>Unterliegt keiner Genehmigungspflicht. Verkauf und Besitz frei<\/li>\n<\/ul>\n<p><iframe title=\"YouTube-Videoplayer\" src=\"https:\/\/www.youtube.com\/embed\/o5wGfMVM_WU\" width=\"560\" height=\"315\" frameborder=\"0\" allowfullscreen=\"allowfullscreen\"><\/iframe><\/p>","protected":false},"featured_media":25181,"template":"","meta":[],"product_brand":[896],"product_cat":[25,46,54,28,76],"product_tag":[],"class_list":{"0":"post-25180","1":"product","2":"type-product","3":"status-publish","4":"has-post-thumbnail","6":"product_brand-replique-manga-cine","7":"product_cat-armes-historiques","8":"product_cat-fusil-d-assaut-fusil-moderne","9":"product_cat-armes-accessoires-guerre-mondiale","10":"product_cat-repliques-darmes","11":"product_cat-reproductions-armes-seconde-guerre-mondiale-denix","13":"first","14":"instock","15":"taxable","16":"shipping-taxable","17":"purchasable","18":"product-type-simple"},"yoast_head":"<!-- This site is optimized with the Yoast SEO plugin v27.5 - https:\/\/yoast.com\/product\/yoast-seo-wordpress\/ -->\n<title>Fusil Lee-Enfield SMLE Mark III - Denix | R\u00e9plique Manga Cin\u00e9<\/title>\n<meta name=\"description\" content=\"D\u00e9couvrez le fusil Lee-Enfield SMLE\u00a0Mark III au meilleur prix - Tout en bois massif et zamac - M\u00e9canisme fonctionnel - Inapte aux tirs - Longueur : 113 cm\" \/>\n<meta name=\"robots\" content=\"index, follow, max-snippet:-1, max-image-preview:large, max-video-preview:-1\" \/>\n<link rel=\"canonical\" href=\"https:\/\/repliquemangacine.fr\/de\/waffenreproduktionen-zweiter-weltkrieg-denix\/lee-enfield-smle-mark-iii-englisches-gewehr\/\" \/>\n<meta property=\"og:locale\" content=\"de_DE\" \/>\n<meta property=\"og:type\" content=\"article\" \/>\n<meta property=\"og:title\" content=\"Fusil Lee-Enfield SMLE Mark III - Denix | R\u00e9plique Manga Cin\u00e9\" \/>\n<meta property=\"og:description\" content=\"D\u00e9couvrez le fusil Lee-Enfield SMLE\u00a0Mark III au meilleur prix - Tout en bois massif et zamac - M\u00e9canisme fonctionnel - Inapte aux tirs - Longueur : 113 cm\" \/>\n<meta property=\"og:url\" content=\"https:\/\/repliquemangacine.fr\/de\/waffenreproduktionen-zweiter-weltkrieg-denix\/lee-enfield-smle-mark-iii-englisches-gewehr\/\" \/>\n<meta property=\"og:site_name\" content=\"R\u00e9plique Manga Cin\u00e9\" \/>\n<meta property=\"article:publisher\" content=\"https:\/\/www.facebook.com\/RepliqueMangaCine\" \/>\n<meta property=\"article:modified_time\" content=\"2026-02-06T14:28:47+00:00\" \/>\n<meta property=\"og:image\" content=\"https:\/\/repliquemangacine.fr\/wp-content\/uploads\/2023\/10\/1418-replique-Fusil-Lee-Enfield-SMLE.jpg\" \/>\n\t<meta property=\"og:image:width\" content=\"800\" \/>\n\t<meta property=\"og:image:height\" content=\"800\" \/>\n\t<meta property=\"og:image:type\" content=\"image\/jpeg\" \/>\n<meta name=\"twitter:card\" content=\"summary_large_image\" \/>\n<meta name=\"twitter:label1\" content=\"Gesch\u00e4tzte Lesezeit\" \/>\n\t<meta name=\"twitter:data1\" content=\"2\u00a0Minuten\" \/>\n<script type=\"application\/ld+json\" class=\"yoast-schema-graph\">{\"@context\":\"https:\\\/\\\/schema.org\",\"@graph\":[{\"@type\":\"WebPage\",\"@id\":\"https:\\\/\\\/repliquemangacine.fr\\\/reproductions-armes-seconde-guerre-mondiale-denix\\\/lee-enfield-smle-mark-iii-fusil-anglais\\\/\",\"url\":\"https:\\\/\\\/repliquemangacine.fr\\\/reproductions-armes-seconde-guerre-mondiale-denix\\\/lee-enfield-smle-mark-iii-fusil-anglais\\\/\",\"name\":\"Fusil Lee-Enfield SMLE Mark III - Denix | R\u00e9plique Manga Cin\u00e9\",\"isPartOf\":{\"@id\":\"https:\\\/\\\/repliquemangacine.fr\\\/#website\"},\"primaryImageOfPage\":{\"@id\":\"https:\\\/\\\/repliquemangacine.fr\\\/reproductions-armes-seconde-guerre-mondiale-denix\\\/lee-enfield-smle-mark-iii-fusil-anglais\\\/#primaryimage\"},\"image\":{\"@id\":\"https:\\\/\\\/repliquemangacine.fr\\\/reproductions-armes-seconde-guerre-mondiale-denix\\\/lee-enfield-smle-mark-iii-fusil-anglais\\\/#primaryimage\"},\"thumbnailUrl\":\"https:\\\/\\\/repliquemangacine.fr\\\/wp-content\\\/uploads\\\/2023\\\/10\\\/1418-replique-Fusil-Lee-Enfield-SMLE.jpg\",\"datePublished\":\"2016-08-13T13:56:03+00:00\",\"dateModified\":\"2026-02-06T14:28:47+00:00\",\"description\":\"D\u00e9couvrez le fusil Lee-Enfield SMLE\u00a0Mark III au meilleur prix - Tout en bois massif et zamac - M\u00e9canisme fonctionnel - Inapte aux tirs - Longueur : 113 cm\",\"breadcrumb\":{\"@id\":\"https:\\\/\\\/repliquemangacine.fr\\\/reproductions-armes-seconde-guerre-mondiale-denix\\\/lee-enfield-smle-mark-iii-fusil-anglais\\\/#breadcrumb\"},\"inLanguage\":\"de\",\"potentialAction\":[{\"@type\":\"ReadAction\",\"target\":[\"https:\\\/\\\/repliquemangacine.fr\\\/reproductions-armes-seconde-guerre-mondiale-denix\\\/lee-enfield-smle-mark-iii-fusil-anglais\\\/\"]}]},{\"@type\":\"ImageObject\",\"inLanguage\":\"de\",\"@id\":\"https:\\\/\\\/repliquemangacine.fr\\\/reproductions-armes-seconde-guerre-mondiale-denix\\\/lee-enfield-smle-mark-iii-fusil-anglais\\\/#primaryimage\",\"url\":\"https:\\\/\\\/repliquemangacine.fr\\\/wp-content\\\/uploads\\\/2023\\\/10\\\/1418-replique-Fusil-Lee-Enfield-SMLE.jpg\",\"contentUrl\":\"https:\\\/\\\/repliquemangacine.fr\\\/wp-content\\\/uploads\\\/2023\\\/10\\\/1418-replique-Fusil-Lee-Enfield-SMLE.jpg\",\"width\":800,\"height\":800,\"caption\":\"Fusil Lee-Enfield SMLE\u00a0Mark III\"},{\"@type\":\"BreadcrumbList\",\"@id\":\"https:\\\/\\\/repliquemangacine.fr\\\/reproductions-armes-seconde-guerre-mondiale-denix\\\/lee-enfield-smle-mark-iii-fusil-anglais\\\/#breadcrumb\",\"itemListElement\":[{\"@type\":\"ListItem\",\"position\":1,\"name\":\"Accueil\",\"item\":\"https:\\\/\\\/repliquemangacine.fr\\\/\"},{\"@type\":\"ListItem\",\"position\":2,\"name\":\"Produits\",\"item\":\"https:\\\/\\\/repliquemangacine.fr\\\/boutique\\\/\"},{\"@type\":\"ListItem\",\"position\":3,\"name\":\"Fusil Lee-Enfield SMLE\u00a0Mark III\"}]},{\"@type\":\"WebSite\",\"@id\":\"https:\\\/\\\/repliquemangacine.fr\\\/#website\",\"url\":\"https:\\\/\\\/repliquemangacine.fr\\\/\",\"name\":\"R\u00e9plique Manga Cin\u00e9\",\"description\":\"\",\"publisher\":{\"@id\":\"https:\\\/\\\/repliquemangacine.fr\\\/#organization\"},\"potentialAction\":[{\"@type\":\"SearchAction\",\"target\":{\"@type\":\"EntryPoint\",\"urlTemplate\":\"https:\\\/\\\/repliquemangacine.fr\\\/?s={search_term_string}\"},\"query-input\":{\"@type\":\"PropertyValueSpecification\",\"valueRequired\":true,\"valueName\":\"search_term_string\"}}],\"inLanguage\":\"de\"},{\"@type\":\"Organization\",\"@id\":\"https:\\\/\\\/repliquemangacine.fr\\\/#organization\",\"name\":\"R\u00e9plique Manga Cin\u00e9\",\"url\":\"https:\\\/\\\/repliquemangacine.fr\\\/\",\"logo\":{\"@type\":\"ImageObject\",\"inLanguage\":\"de\",\"@id\":\"https:\\\/\\\/repliquemangacine.fr\\\/#\\\/schema\\\/logo\\\/image\\\/\",\"url\":\"https:\\\/\\\/repliquemangacine.fr\\\/wp-content\\\/uploads\\\/2023\\\/10\\\/RMC-500250.png\",\"contentUrl\":\"https:\\\/\\\/repliquemangacine.fr\\\/wp-content\\\/uploads\\\/2023\\\/10\\\/RMC-500250.png\",\"width\":500,\"height\":250,\"caption\":\"R\u00e9plique Manga Cin\u00e9\"},\"image\":{\"@id\":\"https:\\\/\\\/repliquemangacine.fr\\\/#\\\/schema\\\/logo\\\/image\\\/\"},\"sameAs\":[\"https:\\\/\\\/www.facebook.com\\\/RepliqueMangaCine\",\"https:\\\/\\\/www.instagram.com\\\/repliquemangacine.fr\\\/\"]}]}<\/script>\n<!-- \/ Yoast SEO plugin. -->","yoast_head_json":{"title":"Lee-Enfield SMLE Mark III-Gewehr - Denix | R\u00e9plique Manga Cin\u00e9","description":"Entdecken Sie das Lee-Enfield SMLE Mark III Gewehr zum besten Preis - Alles aus Massivholz und Zamak - Funktioneller Mechanismus - Untauglich f\u00fcr Sch\u00fcsse - L\u00e4nge: 113 cm","robots":{"index":"index","follow":"follow","max-snippet":"max-snippet:-1","max-image-preview":"max-image-preview:large","max-video-preview":"max-video-preview:-1"},"canonical":"https:\/\/repliquemangacine.fr\/de\/waffenreproduktionen-zweiter-weltkrieg-denix\/lee-enfield-smle-mark-iii-englisches-gewehr\/","og_locale":"de_DE","og_type":"article","og_title":"Fusil Lee-Enfield SMLE Mark III - Denix | R\u00e9plique Manga Cin\u00e9","og_description":"D\u00e9couvrez le fusil Lee-Enfield SMLE\u00a0Mark III au meilleur prix - Tout en bois massif et zamac - M\u00e9canisme fonctionnel - Inapte aux tirs - Longueur : 113 cm","og_url":"https:\/\/repliquemangacine.fr\/de\/waffenreproduktionen-zweiter-weltkrieg-denix\/lee-enfield-smle-mark-iii-englisches-gewehr\/","og_site_name":"R\u00e9plique Manga Cin\u00e9","article_publisher":"https:\/\/www.facebook.com\/RepliqueMangaCine","article_modified_time":"2026-02-06T14:28:47+00:00","og_image":[{"width":800,"height":800,"url":"https:\/\/repliquemangacine.fr\/wp-content\/uploads\/2023\/10\/1418-replique-Fusil-Lee-Enfield-SMLE.jpg","type":"image\/jpeg"}],"twitter_card":"summary_large_image","twitter_misc":{"Gesch\u00e4tzte Lesezeit":"2\u00a0Minuten"},"schema":{"@context":"https:\/\/schema.org","@graph":[{"@type":"WebPage","@id":"https:\/\/repliquemangacine.fr\/reproductions-armes-seconde-guerre-mondiale-denix\/lee-enfield-smle-mark-iii-fusil-anglais\/","url":"https:\/\/repliquemangacine.fr\/reproductions-armes-seconde-guerre-mondiale-denix\/lee-enfield-smle-mark-iii-fusil-anglais\/","name":"Lee-Enfield SMLE Mark III-Gewehr - Denix | R\u00e9plique Manga Cin\u00e9","isPartOf":{"@id":"https:\/\/repliquemangacine.fr\/#website"},"primaryImageOfPage":{"@id":"https:\/\/repliquemangacine.fr\/reproductions-armes-seconde-guerre-mondiale-denix\/lee-enfield-smle-mark-iii-fusil-anglais\/#primaryimage"},"image":{"@id":"https:\/\/repliquemangacine.fr\/reproductions-armes-seconde-guerre-mondiale-denix\/lee-enfield-smle-mark-iii-fusil-anglais\/#primaryimage"},"thumbnailUrl":"https:\/\/repliquemangacine.fr\/wp-content\/uploads\/2023\/10\/1418-replique-Fusil-Lee-Enfield-SMLE.jpg","datePublished":"2016-08-13T13:56:03+00:00","dateModified":"2026-02-06T14:28:47+00:00","description":"Entdecken Sie das Lee-Enfield SMLE Mark III Gewehr zum besten Preis - Alles aus Massivholz und Zamak - Funktioneller Mechanismus - Untauglich f\u00fcr Sch\u00fcsse - L\u00e4nge: 113 cm","breadcrumb":{"@id":"https:\/\/repliquemangacine.fr\/reproductions-armes-seconde-guerre-mondiale-denix\/lee-enfield-smle-mark-iii-fusil-anglais\/#breadcrumb"},"inLanguage":"de","potentialAction":[{"@type":"ReadAction","target":["https:\/\/repliquemangacine.fr\/reproductions-armes-seconde-guerre-mondiale-denix\/lee-enfield-smle-mark-iii-fusil-anglais\/"]}]},{"@type":"ImageObject","inLanguage":"de","@id":"https:\/\/repliquemangacine.fr\/reproductions-armes-seconde-guerre-mondiale-denix\/lee-enfield-smle-mark-iii-fusil-anglais\/#primaryimage","url":"https:\/\/repliquemangacine.fr\/wp-content\/uploads\/2023\/10\/1418-replique-Fusil-Lee-Enfield-SMLE.jpg","contentUrl":"https:\/\/repliquemangacine.fr\/wp-content\/uploads\/2023\/10\/1418-replique-Fusil-Lee-Enfield-SMLE.jpg","width":800,"height":800,"caption":"Fusil Lee-Enfield SMLE\u00a0Mark III"},{"@type":"BreadcrumbList","@id":"https:\/\/repliquemangacine.fr\/reproductions-armes-seconde-guerre-mondiale-denix\/lee-enfield-smle-mark-iii-fusil-anglais\/#breadcrumb","itemListElement":[{"@type":"ListItem","position":1,"name":"Accueil","item":"https:\/\/repliquemangacine.fr\/"},{"@type":"ListItem","position":2,"name":"Produits","item":"https:\/\/repliquemangacine.fr\/boutique\/"},{"@type":"ListItem","position":3,"name":"Fusil Lee-Enfield SMLE\u00a0Mark III"}]},{"@type":"WebSite","@id":"https:\/\/repliquemangacine.fr\/#website","url":"https:\/\/repliquemangacine.fr\/","name":"R\u00e9plique Manga Cin\u00e9","description":"","publisher":{"@id":"https:\/\/repliquemangacine.fr\/#organization"},"potentialAction":[{"@type":"SearchAction","target":{"@type":"EntryPoint","urlTemplate":"https:\/\/repliquemangacine.fr\/?s={search_term_string}"},"query-input":{"@type":"PropertyValueSpecification","valueRequired":true,"valueName":"search_term_string"}}],"inLanguage":"de"},{"@type":"Organization","@id":"https:\/\/repliquemangacine.fr\/#organization","name":"R\u00e9plique Manga Cin\u00e9","url":"https:\/\/repliquemangacine.fr\/","logo":{"@type":"ImageObject","inLanguage":"de","@id":"https:\/\/repliquemangacine.fr\/#\/schema\/logo\/image\/","url":"https:\/\/repliquemangacine.fr\/wp-content\/uploads\/2023\/10\/RMC-500250.png","contentUrl":"https:\/\/repliquemangacine.fr\/wp-content\/uploads\/2023\/10\/RMC-500250.png","width":500,"height":250,"caption":"R\u00e9plique Manga Cin\u00e9"},"image":{"@id":"https:\/\/repliquemangacine.fr\/#\/schema\/logo\/image\/"},"sameAs":["https:\/\/www.facebook.com\/RepliqueMangaCine","https:\/\/www.instagram.com\/repliquemangacine.fr\/"]}]}},"_links":{"self":[{"href":"https:\/\/repliquemangacine.fr\/de\/wp-json\/wp\/v2\/product\/25180","targetHints":{"allow":["GET"]}}],"collection":[{"href":"https:\/\/repliquemangacine.fr\/de\/wp-json\/wp\/v2\/product"}],"about":[{"href":"https:\/\/repliquemangacine.fr\/de\/wp-json\/wp\/v2\/types\/product"}],"wp:featuredmedia":[{"embeddable":true,"href":"https:\/\/repliquemangacine.fr\/de\/wp-json\/wp\/v2\/media\/25181"}],"wp:attachment":[{"href":"https:\/\/repliquemangacine.fr\/de\/wp-json\/wp\/v2\/media?parent=25180"}],"wp:term":[{"taxonomy":"product_brand","embeddable":true,"href":"https:\/\/repliquemangacine.fr\/de\/wp-json\/wp\/v2\/product_brand?post=25180"},{"taxonomy":"product_cat","embeddable":true,"href":"https:\/\/repliquemangacine.fr\/de\/wp-json\/wp\/v2\/product_cat?post=25180"},{"taxonomy":"product_tag","embeddable":true,"href":"https:\/\/repliquemangacine.fr\/de\/wp-json\/wp\/v2\/product_tag?post=25180"}],"curies":[{"name":"wp","href":"https:\/\/api.w.org\/{rel}","templated":true}]}}