





{"id":70882,"date":"2024-04-03T14:27:12","date_gmt":"2024-04-03T12:27:12","guid":{"rendered":"https:\/\/repliquemangacine.fr\/?page_id=70882"},"modified":"2025-04-16T13:31:52","modified_gmt":"2025-04-16T11:31:52","slug":"rechtliche-hinweise","status":"publish","type":"page","link":"https:\/\/repliquemangacine.fr\/de\/mentions-legales\/","title":{"rendered":"Rechtliche Hinweise"},"content":{"rendered":"<div data-elementor-type=\"wp-page\" data-elementor-id=\"70882\" class=\"elementor elementor-70882\" data-elementor-post-type=\"page\">\n\t\t\t\t\t\t<section class=\"elementor-section elementor-top-section elementor-element elementor-element-c904b80 elementor-section-boxed elementor-section-height-default elementor-section-height-default\" data-id=\"c904b80\" data-element_type=\"section\" data-e-type=\"section\">\n\t\t\t\t\t\t<div class=\"elementor-container elementor-column-gap-default\">\n\t\t\t\t\t<div class=\"elementor-column elementor-col-100 elementor-top-column elementor-element elementor-element-8ff2a84\" data-id=\"8ff2a84\" data-element_type=\"column\" data-e-type=\"column\">\n\t\t\t<div class=\"elementor-widget-wrap elementor-element-populated\">\n\t\t\t\t\t\t<div class=\"elementor-element elementor-element-9b09417 elementor-widget elementor-widget-heading\" data-id=\"9b09417\" data-element_type=\"widget\" data-e-type=\"widget\" data-widget_type=\"heading.default\">\n\t\t\t\t<div class=\"elementor-widget-container\">\n\t\t\t\t\t<h2 class=\"elementor-heading-title elementor-size-default\">RECHTLICHE HINWEISE<\/h2>\t\t\t\t<\/div>\n\t\t\t\t<\/div>\n\t\t\t\t<div class=\"elementor-element elementor-element-c29f241 elementor-widget elementor-widget-text-editor\" data-id=\"c29f241\" data-element_type=\"widget\" data-e-type=\"widget\" data-widget_type=\"text-editor.default\">\n\t\t\t\t<div class=\"elementor-widget-container\">\n\t\t\t\t\t\t\t\t\t<h3><span style=\"text-decoration: underline;\">EDITOR<\/span><\/h3><p>Zu Beginn finden Sie hier das Impressum von<strong> R\u00e9plique Manga Cin\u00e9,<\/strong> vom Unternehmen ver\u00f6ffentlicht <strong>EI Muriel Coquizart<\/strong>Die Gesellschaft ist in Evreux unter der Siret-Nummer eingetragen: <strong>325 371 441 00057 <\/strong>mit Sitz in 46 rue des Ifs - 27160 Breteuil<\/p><p><strong>Lagerhaus<\/strong> : 46 rue des Ifs in Breteuil 27160.<\/p><p><strong>TEL<\/strong> : 02.27.34.24.06<\/p><p><strong>KONTAKT<\/strong> : savrepliquemangacine@gmail.com<\/p><p>Das Unternehmen R\u00e9plique Manga Cin\u00e9 (RMC) ist ein Einzelunternehmen mit der USt.-ID Nr. : <strong>FR37325371441.<\/strong><\/p><p>Leiter der Ver\u00f6ffentlichung : <strong>Muriel Coquizart<\/strong><\/p><h3><span style=\"text-decoration: underline;\">HEBERGEUR<\/span><\/h3><p>RMC, erstellt von <strong>Woocommerce,<\/strong> angetrieben von <strong>Profiescient<\/strong>. Der Hoster der Website ist <strong>Hostinger Frankreich<\/strong> mit Sitz in 143 Rue Emile Julien, 34070 Montpellier, Frankreich. Dessen eingetragener Sitz sich an folgender Adresse befindet: HOSTINGER INTERNATIONAL LTD, 61 Lordou Vironos Street, 6023 Larnaca, Zypern<\/p>\t\t\t\t\t\t\t\t<\/div>\n\t\t\t\t<\/div>\n\t\t\t\t\t<\/div>\n\t\t<\/div>\n\t\t\t\t\t<\/div>\n\t\t<\/section>\n\t\t\t\t<section class=\"elementor-section elementor-top-section elementor-element elementor-element-f87bbce elementor-section-boxed elementor-section-height-default elementor-section-height-default\" data-id=\"f87bbce\" data-element_type=\"section\" data-e-type=\"section\">\n\t\t\t\t\t\t<div class=\"elementor-container elementor-column-gap-default\">\n\t\t\t\t\t<div class=\"elementor-column elementor-col-100 elementor-top-column elementor-element elementor-element-d0d895f\" data-id=\"d0d895f\" data-element_type=\"column\" data-e-type=\"column\">\n\t\t\t<div class=\"elementor-widget-wrap elementor-element-populated\">\n\t\t\t\t\t\t<div class=\"elementor-element elementor-element-9e4267a elementor-widget elementor-widget-heading\" data-id=\"9e4267a\" data-element_type=\"widget\" data-e-type=\"widget\" data-widget_type=\"heading.default\">\n\t\t\t\t<div class=\"elementor-widget-container\">\n\t\t\t\t\t<h2 class=\"elementor-heading-title elementor-size-default\">Rechtliche Hinweise \/ Schutz pers\u00f6nlicher Daten<\/h2>\t\t\t\t<\/div>\n\t\t\t\t<\/div>\n\t\t\t\t<div class=\"elementor-element elementor-element-90728a4 elementor-widget elementor-widget-text-editor\" data-id=\"90728a4\" data-element_type=\"widget\" data-e-type=\"widget\" data-widget_type=\"text-editor.default\">\n\t\t\t\t<div class=\"elementor-widget-container\">\n\t\t\t\t\t\t\t\t\t<p>R\u00e9plique Manga Cin\u00e9 h\u00e4lt sich strikt an das Gesetz 78-17 vom 6. Januar 1978 \u00fcber \"Informatik, Dateien und Freiheitsrechte\". Sowie die deontologischen Grunds\u00e4tze, die sich daraus in Bezug auf die pers\u00f6nlichen Informationen ergeben, die Sie uns m\u00f6glicherweise im Rahmen einer Bestellung auf unserer Website mitteilen m\u00fcssen.<\/p><p><strong>Recht auf Zugang und Berichtigung der \u00fcbermittelten Daten<\/strong><\/p><p>Es ist zu betonen, dass wie in Artikel 34 des Gesetzes \"Informatique et Libert\u00e9s\" vom 6. Januar 1978 vorgesehen. Sie haben das Recht, auf die Sie betreffenden Daten zuzugreifen, sie zu \u00e4ndern, zu berichtigen und zu l\u00f6schen. Sie k\u00f6nnen dieses Recht aus\u00fcben, indem Sie uns per Einschreiben mit R\u00fcckschein an die folgende Adresse kontaktieren:  EI Coquizart RMC- 46 rue des Ifs - 27160 Breteuil sur Iton.<\/p><p><strong>Verwendung von E-Mails<\/strong><\/p><p>Sobald Sie auf unserer Website eine Bestellung aufgeben, geben Sie uns Ihre E-Mail-Adresse bekannt, die zur Verfolgung Ihrer Bestellung verwendet wird. \u00dcbrigens werden diese Kontaktdaten auch verwendet, um Ihnen unsere Newsletter mit Informationen \u00fcber unsere Produkte zuzusenden. Wenn Sie sp\u00e4ter keine Informationen mehr von R\u00e9plique Manga Cin\u00e9 erhalten m\u00f6chten. Wir geben Ihnen immer die M\u00f6glichkeit, sich per R\u00fcckmail oder durch Klicken auf den in den E-Mails enthaltenen Link von dieser Mailingliste abzumelden.<\/p><p><strong>Cookie-Richtlinie<\/strong><\/p><p>In Anbetracht dessen, dass einige Cookies daf\u00fcr sorgen, dass bestimmte Teile der Website ordnungsgem\u00e4\u00df funktionieren und Ihre Pr\u00e4ferenzen als Internetnutzer ber\u00fccksichtigt werden. Durch das Setzen von funktionalen Cookies erleichtern wir Ihnen den Besuch unserer Website. So m\u00fcssen Sie beim Besuch unserer Website nicht mehrfach dieselben Informationen eingeben und z. B. bleiben die Gegenst\u00e4nde in Ihrem Warenkorb, bis Sie bezahlt haben. Weitere Informationen zu Cookies : <a href=\"https:\/\/repliquemangacine.fr\/de\/cookie-policy-eu\/\">Cookie-Richtlinie<\/a>.<\/p>\t\t\t\t\t\t\t\t<\/div>\n\t\t\t\t<\/div>\n\t\t\t\t\t<\/div>\n\t\t<\/div>\n\t\t\t\t\t<\/div>\n\t\t<\/section>\n\t\t\t\t<\/div>","protected":false},"excerpt":{"rendered":"<p>MENTIONS LEGALES EDITEUR Pour commencer, voici les Mentions l\u00e9gales de R\u00e9plique Manga Cin\u00e9, publi\u00e9 par l&#8217;entreprise EI Muriel Coquizart, immatricul\u00e9e \u00e0 Evreux sous le N\u00b0 siret: 325 371 441 00057 dont le si\u00e8ge social se trouve 46 rue des Ifs &#8211; 27160 Breteuil Entrep\u00f4t : 46 rue des Ifs \u00e0 Breteuil 27160. TEL : 02.27.34.24.06 [&hellip;]<\/p>\n","protected":false},"author":7689,"featured_media":0,"parent":0,"menu_order":0,"comment_status":"closed","ping_status":"closed","template":"","meta":{"footnotes":""},"class_list":["post-70882","page","type-page","status-publish","hentry"],"yoast_head":"<!-- This site is optimized with the Yoast SEO plugin v27.5 - https:\/\/yoast.com\/product\/yoast-seo-wordpress\/ -->\n<title>Mentions l\u00e9gales - R\u00e9plique Manga Cin\u00e9<\/title>\n<meta name=\"description\" content=\"D\u00e9couvrez nos Mentions l\u00e9gales qui vous donneront toutes les informations que vous recherch\u00e9s. Identification, h\u00e9bergeur....\" \/>\n<meta name=\"robots\" content=\"index, follow, max-snippet:-1, max-image-preview:large, max-video-preview:-1\" \/>\n<link rel=\"canonical\" href=\"https:\/\/repliquemangacine.fr\/de\/rechtliche-hinweise\/\" \/>\n<meta property=\"og:locale\" content=\"de_DE\" \/>\n<meta property=\"og:type\" content=\"article\" \/>\n<meta property=\"og:title\" content=\"Mentions l\u00e9gales - R\u00e9plique Manga Cin\u00e9\" \/>\n<meta property=\"og:description\" content=\"D\u00e9couvrez nos Mentions l\u00e9gales qui vous donneront toutes les informations que vous recherch\u00e9s. Identification, h\u00e9bergeur....\" \/>\n<meta property=\"og:url\" content=\"https:\/\/repliquemangacine.fr\/de\/rechtliche-hinweise\/\" \/>\n<meta property=\"og:site_name\" content=\"R\u00e9plique Manga Cin\u00e9\" \/>\n<meta property=\"article:publisher\" content=\"https:\/\/www.facebook.com\/RepliqueMangaCine\" \/>\n<meta property=\"article:modified_time\" content=\"2025-04-16T11:31:52+00:00\" \/>\n<meta property=\"og:image\" content=\"https:\/\/repliquemangacine.fr\/wp-content\/uploads\/2023\/10\/RMC-500250.png\" \/>\n\t<meta property=\"og:image:width\" content=\"500\" \/>\n\t<meta property=\"og:image:height\" content=\"250\" \/>\n\t<meta property=\"og:image:type\" content=\"image\/png\" \/>\n<meta name=\"twitter:card\" content=\"summary_large_image\" \/>\n<meta name=\"twitter:label1\" content=\"Gesch\u00e4tzte Lesezeit\" \/>\n\t<meta name=\"twitter:data1\" content=\"3\u00a0Minuten\" \/>\n<script type=\"application\/ld+json\" class=\"yoast-schema-graph\">{\"@context\":\"https:\\\/\\\/schema.org\",\"@graph\":[{\"@type\":\"WebPage\",\"@id\":\"https:\\\/\\\/repliquemangacine.fr\\\/mentions-legales\\\/\",\"url\":\"https:\\\/\\\/repliquemangacine.fr\\\/mentions-legales\\\/\",\"name\":\"Mentions l\u00e9gales - R\u00e9plique Manga Cin\u00e9\",\"isPartOf\":{\"@id\":\"https:\\\/\\\/repliquemangacine.fr\\\/#website\"},\"datePublished\":\"2024-04-03T12:27:12+00:00\",\"dateModified\":\"2025-04-16T11:31:52+00:00\",\"description\":\"D\u00e9couvrez nos Mentions l\u00e9gales qui vous donneront toutes les informations que vous recherch\u00e9s. Identification, h\u00e9bergeur....\",\"breadcrumb\":{\"@id\":\"https:\\\/\\\/repliquemangacine.fr\\\/mentions-legales\\\/#breadcrumb\"},\"inLanguage\":\"de\",\"potentialAction\":[{\"@type\":\"ReadAction\",\"target\":[\"https:\\\/\\\/repliquemangacine.fr\\\/mentions-legales\\\/\"]}]},{\"@type\":\"BreadcrumbList\",\"@id\":\"https:\\\/\\\/repliquemangacine.fr\\\/mentions-legales\\\/#breadcrumb\",\"itemListElement\":[{\"@type\":\"ListItem\",\"position\":1,\"name\":\"Accueil\",\"item\":\"https:\\\/\\\/repliquemangacine.fr\\\/\"},{\"@type\":\"ListItem\",\"position\":2,\"name\":\"Mentions l\u00e9gales\"}]},{\"@type\":\"WebSite\",\"@id\":\"https:\\\/\\\/repliquemangacine.fr\\\/#website\",\"url\":\"https:\\\/\\\/repliquemangacine.fr\\\/\",\"name\":\"R\u00e9plique Manga Cin\u00e9\",\"description\":\"\",\"publisher\":{\"@id\":\"https:\\\/\\\/repliquemangacine.fr\\\/#organization\"},\"potentialAction\":[{\"@type\":\"SearchAction\",\"target\":{\"@type\":\"EntryPoint\",\"urlTemplate\":\"https:\\\/\\\/repliquemangacine.fr\\\/?s={search_term_string}\"},\"query-input\":{\"@type\":\"PropertyValueSpecification\",\"valueRequired\":true,\"valueName\":\"search_term_string\"}}],\"inLanguage\":\"de\"},{\"@type\":\"Organization\",\"@id\":\"https:\\\/\\\/repliquemangacine.fr\\\/#organization\",\"name\":\"R\u00e9plique Manga Cin\u00e9\",\"url\":\"https:\\\/\\\/repliquemangacine.fr\\\/\",\"logo\":{\"@type\":\"ImageObject\",\"inLanguage\":\"de\",\"@id\":\"https:\\\/\\\/repliquemangacine.fr\\\/#\\\/schema\\\/logo\\\/image\\\/\",\"url\":\"https:\\\/\\\/repliquemangacine.fr\\\/wp-content\\\/uploads\\\/2023\\\/10\\\/RMC-500250.png\",\"contentUrl\":\"https:\\\/\\\/repliquemangacine.fr\\\/wp-content\\\/uploads\\\/2023\\\/10\\\/RMC-500250.png\",\"width\":500,\"height\":250,\"caption\":\"R\u00e9plique Manga Cin\u00e9\"},\"image\":{\"@id\":\"https:\\\/\\\/repliquemangacine.fr\\\/#\\\/schema\\\/logo\\\/image\\\/\"},\"sameAs\":[\"https:\\\/\\\/www.facebook.com\\\/RepliqueMangaCine\",\"https:\\\/\\\/www.instagram.com\\\/repliquemangacine.fr\\\/\"]}]}<\/script>\n<!-- \/ Yoast SEO plugin. -->","yoast_head_json":{"title":"Rechtliche Hinweise - R\u00e9plique Manga Cin\u00e9","description":"Entdecken Sie unsere rechtlichen Hinweise, die Ihnen alle Informationen geben, die Sie suchen. Identifikation, Hosting....","robots":{"index":"index","follow":"follow","max-snippet":"max-snippet:-1","max-image-preview":"max-image-preview:large","max-video-preview":"max-video-preview:-1"},"canonical":"https:\/\/repliquemangacine.fr\/de\/rechtliche-hinweise\/","og_locale":"de_DE","og_type":"article","og_title":"Mentions l\u00e9gales - R\u00e9plique Manga Cin\u00e9","og_description":"D\u00e9couvrez nos Mentions l\u00e9gales qui vous donneront toutes les informations que vous recherch\u00e9s. Identification, h\u00e9bergeur....","og_url":"https:\/\/repliquemangacine.fr\/de\/rechtliche-hinweise\/","og_site_name":"R\u00e9plique Manga Cin\u00e9","article_publisher":"https:\/\/www.facebook.com\/RepliqueMangaCine","article_modified_time":"2025-04-16T11:31:52+00:00","og_image":[{"width":500,"height":250,"url":"https:\/\/repliquemangacine.fr\/wp-content\/uploads\/2023\/10\/RMC-500250.png","type":"image\/png"}],"twitter_card":"summary_large_image","twitter_misc":{"Gesch\u00e4tzte Lesezeit":"3\u00a0Minuten"},"schema":{"@context":"https:\/\/schema.org","@graph":[{"@type":"WebPage","@id":"https:\/\/repliquemangacine.fr\/mentions-legales\/","url":"https:\/\/repliquemangacine.fr\/mentions-legales\/","name":"Rechtliche Hinweise - R\u00e9plique Manga Cin\u00e9","isPartOf":{"@id":"https:\/\/repliquemangacine.fr\/#website"},"datePublished":"2024-04-03T12:27:12+00:00","dateModified":"2025-04-16T11:31:52+00:00","description":"Entdecken Sie unsere rechtlichen Hinweise, die Ihnen alle Informationen geben, die Sie suchen. Identifikation, Hosting....","breadcrumb":{"@id":"https:\/\/repliquemangacine.fr\/mentions-legales\/#breadcrumb"},"inLanguage":"de","potentialAction":[{"@type":"ReadAction","target":["https:\/\/repliquemangacine.fr\/mentions-legales\/"]}]},{"@type":"BreadcrumbList","@id":"https:\/\/repliquemangacine.fr\/mentions-legales\/#breadcrumb","itemListElement":[{"@type":"ListItem","position":1,"name":"Accueil","item":"https:\/\/repliquemangacine.fr\/"},{"@type":"ListItem","position":2,"name":"Mentions l\u00e9gales"}]},{"@type":"WebSite","@id":"https:\/\/repliquemangacine.fr\/#website","url":"https:\/\/repliquemangacine.fr\/","name":"R\u00e9plique Manga Cin\u00e9","description":"","publisher":{"@id":"https:\/\/repliquemangacine.fr\/#organization"},"potentialAction":[{"@type":"SearchAction","target":{"@type":"EntryPoint","urlTemplate":"https:\/\/repliquemangacine.fr\/?s={search_term_string}"},"query-input":{"@type":"PropertyValueSpecification","valueRequired":true,"valueName":"search_term_string"}}],"inLanguage":"de"},{"@type":"Organization","@id":"https:\/\/repliquemangacine.fr\/#organization","name":"R\u00e9plique Manga Cin\u00e9","url":"https:\/\/repliquemangacine.fr\/","logo":{"@type":"ImageObject","inLanguage":"de","@id":"https:\/\/repliquemangacine.fr\/#\/schema\/logo\/image\/","url":"https:\/\/repliquemangacine.fr\/wp-content\/uploads\/2023\/10\/RMC-500250.png","contentUrl":"https:\/\/repliquemangacine.fr\/wp-content\/uploads\/2023\/10\/RMC-500250.png","width":500,"height":250,"caption":"R\u00e9plique Manga Cin\u00e9"},"image":{"@id":"https:\/\/repliquemangacine.fr\/#\/schema\/logo\/image\/"},"sameAs":["https:\/\/www.facebook.com\/RepliqueMangaCine","https:\/\/www.instagram.com\/repliquemangacine.fr\/"]}]}},"_links":{"self":[{"href":"https:\/\/repliquemangacine.fr\/de\/wp-json\/wp\/v2\/pages\/70882","targetHints":{"allow":["GET"]}}],"collection":[{"href":"https:\/\/repliquemangacine.fr\/de\/wp-json\/wp\/v2\/pages"}],"about":[{"href":"https:\/\/repliquemangacine.fr\/de\/wp-json\/wp\/v2\/types\/page"}],"author":[{"embeddable":true,"href":"https:\/\/repliquemangacine.fr\/de\/wp-json\/wp\/v2\/users\/7689"}],"replies":[{"embeddable":true,"href":"https:\/\/repliquemangacine.fr\/de\/wp-json\/wp\/v2\/comments?post=70882"}],"version-history":[{"count":5,"href":"https:\/\/repliquemangacine.fr\/de\/wp-json\/wp\/v2\/pages\/70882\/revisions"}],"predecessor-version":[{"id":83590,"href":"https:\/\/repliquemangacine.fr\/de\/wp-json\/wp\/v2\/pages\/70882\/revisions\/83590"}],"wp:attachment":[{"href":"https:\/\/repliquemangacine.fr\/de\/wp-json\/wp\/v2\/media?parent=70882"}],"curies":[{"name":"wp","href":"https:\/\/api.w.org\/{rel}","templated":true}]}}