





{"id":42,"date":"2023-10-09T00:03:07","date_gmt":"2023-10-08T22:03:07","guid":{"rendered":"http:\/\/admin"},"modified":"2025-04-16T13:29:54","modified_gmt":"2025-04-16T11:29:54","slug":"allgemeine-geschaftsbedingungen-cgv","status":"publish","type":"page","link":"https:\/\/repliquemangacine.fr\/de\/conditions-generales-de-ventes-cgv\/","title":{"rendered":"AGB"},"content":{"rendered":"<div data-elementor-type=\"wp-page\" data-elementor-id=\"42\" class=\"elementor elementor-42\" data-elementor-post-type=\"page\">\n\t\t\t\t\t\t<section class=\"elementor-section elementor-top-section elementor-element elementor-element-6d6a564 elementor-section-boxed elementor-section-height-default elementor-section-height-default\" data-id=\"6d6a564\" data-element_type=\"section\" data-e-type=\"section\">\n\t\t\t\t\t\t<div class=\"elementor-container elementor-column-gap-default\">\n\t\t\t\t\t<div class=\"elementor-column elementor-col-100 elementor-top-column elementor-element elementor-element-124c9a0\" data-id=\"124c9a0\" data-element_type=\"column\" data-e-type=\"column\">\n\t\t\t<div class=\"elementor-widget-wrap elementor-element-populated\">\n\t\t\t\t\t\t<div class=\"elementor-element elementor-element-1852586 elementor-widget elementor-widget-text-editor\" data-id=\"1852586\" data-element_type=\"widget\" data-e-type=\"widget\" data-widget_type=\"text-editor.default\">\n\t\t\t\t<div class=\"elementor-widget-container\">\n\t\t\t\t\t\t\t\t\t<h2>Allgemeine Gesch\u00e4ftsbedingungen<\/h2><p>Zun\u00e4chst finden Sie hier unsere Allgemeinen Gesch\u00e4ftsbedingungen. Die Website ist Eigentum von\u00a0<strong>R\u00e9plique Manga Cin\u00e9<\/strong>\u00a0in seiner Gesamtheit sowie alle damit verbundenen Rechte. Jede Vervielf\u00e4ltigung, ob ganz oder teilweise, unterliegt systematisch der Genehmigung der Eigent\u00fcmer.<\/p><p><strong>RMC Coquizart<\/strong><\/p><ul><li><strong>46 rue des Ifs<\/strong><\/li><li><strong>27160 Breteuil sur Iton<br \/><\/strong><\/li><li><strong>Tel: 02.27.34.24.06 - Von 10 Uhr bis 16.30 Uhr<\/strong><\/li><li><strong>Registernummer: 325 371 441 00057<\/strong><\/li><li><strong>Intrakommunale Mehrwertsteuer: FR37325371441<\/strong><\/li><\/ul><h3><strong>1. Annahme der Allgemeinen Gesch\u00e4ftsbedingungen<br \/><\/strong><\/h3><p>Der Kunde best\u00e4tigt, dass er zum Zeitpunkt der Auftragserteilung die Allgemeinen Gesch\u00e4ftsbedingungen zur Kenntnis genommen hat. Er erkl\u00e4rt ausdr\u00fccklich, dass er sie vorbehaltlos akzeptiert. Die vorliegenden Allgemeinen Gesch\u00e4ftsbedingungen regeln also die vertraglichen Beziehungen zwischen R\u00e9plique Manga Cin\u00e9 und seinem Kunden. Beide Parteien akzeptieren sie vorbehaltlos. Diese allgemeinen Verkaufsbedingungen haben Vorrang vor allen anderen Bedingungen, die in jedem anderen Dokument enthalten sind. Au\u00dfer bei vorheriger, ausdr\u00fccklicher und schriftlicher Abweichung.<\/p><p><strong>2. Allgemeine Gesch\u00e4ftsbedingungen: Bestellung<\/strong><\/p><p>Das automatische Aufzeichnungssystem wird als Beweis f\u00fcr die Art, den Inhalt und das Datum der Bestellung angesehen. Das Unternehmen R\u00e9plique Manga Cin\u00e9 best\u00e4tigt dem Kunden die Annahme seiner Bestellung an die von ihm angegebene E-Mail-Adresse. Der Verkauf wird erst mit der Best\u00e4tigung der Bestellung abgeschlossen. Das Unternehmen R\u00e9plique Manga Cin\u00e9 beh\u00e4lt sich das Recht vor, jede Bestellung eines Kunden zu stornieren, mit dem ein Streitfall bez\u00fcglich der Bezahlung einer Bestellung besteht. Die vom K\u00e4ufer bei der Auftragserteilung angegebenen Informationen sind f\u00fcr ihn verbindlich. Im Falle eines Fehlers in den Adressdaten des Empf\u00e4ngers kann der Verk\u00e4ufer nicht f\u00fcr die Unm\u00f6glichkeit der Lieferung des Produkts verantwortlich gemacht werden.<\/p><h3><strong>3. Allgemeine Gesch\u00e4ftsbedingungen: Versand<\/strong><\/h3><p>Nach der Best\u00e4tigung der Bestellung und der Annahme ihrer Zahlung verpflichtet sich R\u00e9plique Manga Cin\u00e9, alle vom K\u00e4ufer bestellten Artikel zu liefern. Dies geschieht innerhalb einer Frist von maximal 2 bis 15 Werktagen. Der Spediteur verpflichtet sich ebenfalls durch einen Vertrag mit R\u00e9plique Manga Cin\u00e9, die Bestellung an die von R\u00e9plique Manga Cin\u00e9 angegebene Adresse des K\u00e4ufers zu liefern.<\/p><h4>Lieferungen au\u00dferhalb des franz\u00f6sischen Mutterlandes<\/h4><p>Der Kunde verpflichtet sich, alle Steuern, die bei der Einfuhr von Produkten anfallen, wie Zollgeb\u00fchren und Mehrwertsteuer, zu zahlen. Dies gilt auch f\u00fcr alle anderen Steuern, die gem\u00e4\u00df den Gesetzen des Landes, in dem die Bestellung eingeht, f\u00e4llig werden. Die Kunden oder die Empf\u00e4nger der Produkte d\u00fcrfen die Produkte weder teilweise noch vollst\u00e4ndig weiterverkaufen.<\/p><p>R\u00e9plique Manga Cin\u00e9 ist von jeglicher rechtlichen Verantwortung befreit, falls die Steuern nicht vom Kunden bezahlt werden. Die Lieferung erfolgt durch\u00a0<a href=\"https:\/\/www.dpd.com\/fr\/fr\/\">DPD<\/a>\u00a0oder\u00a0<a href=\"https:\/\/gls-group.com\/FR\/fr\/home\">GLS<\/a>\u00a0in 24H\/48H oder in\u00a0<a href=\"https:\/\/www.laposte.fr\/colissimo\">Colissimo<\/a>\u00a0je nach Wahl des Kunden in Frankreich (Metropolitan).<\/p><p>Die Lieferung erfolgt innerhalb des mit dem Kunden vereinbarten Zeitfensters. Durch die direkte \u00dcbergabe des Produkts an den angek\u00fcndigten Empf\u00e4nger. Oder im Falle seiner Abwesenheit an eine andere vom Kunden bevollm\u00e4chtigte Person. Lieferungen in die L\u00e4nder der EWG erfolgen per Colissimo innerhalb von 3 bis 5 Tagen.<\/p><h4>\u00dcberpr\u00fcfung der Produkte<\/h4><p>Bei einem technischen Produkt achtet der Kunde tats\u00e4chlich darauf, die Funktionsf\u00e4higkeit des gelieferten Ger\u00e4ts zu \u00fcberpr\u00fcfen. Au\u00dferdem sollte er die mitgelieferte Gebrauchsanweisung lesen.<br \/>Im Falle eines offensichtlichen Mangels hat der K\u00e4ufer das Recht auf R\u00fcckgabe unter den in diesem Dokument festgelegten Bedingungen. Gelten als h\u00f6here Gewalt, die den Verk\u00e4ufer von seiner Lieferpflicht entbindet:<\/p><ul><li>Krieg<\/li><li>Die Aufst\u00e4nde<\/li><li>Die Br\u00e4nde<\/li><li>Die Streiks<\/li><li>Unf\u00e4lle<\/li><li>Die Unm\u00f6glichkeit, versorgt zu werden.<\/li><\/ul><p>In diesem Fall ist es unerl\u00e4sslich, dass Sie Ihr Paket immer bei der Ankunft \u00fcberpr\u00fcfen. Sie haben eine Frist von 3 Tagen, um eventuelle Reklamationen bei den Spediteuren geltend zu machen, falls etwas fehlt oder besch\u00e4digt ist. Nach Ablauf dieser Frist haben Sie keine M\u00f6glichkeit mehr, eine R\u00fccksendung zu beantragen.<\/p><p>Aus Gr\u00fcnden der Verf\u00fcgbarkeit kann eine Bestellung in mehreren Teilen an den Kunden geliefert werden. Folglich bezahlt der Kunde dann nur eine Lieferung. Wenn der Kunde zwei Lieferorte w\u00fcnscht, gibt er zwei Bestellungen auf, mit den damit verbundenen Lieferkosten.<\/p><h3><strong>4.\u00a0<\/strong><strong>\u00a0Widerruf<\/strong><\/h3><p>Sie haben eine Frist von 14 Tagen ( ab Erhalt der Artikel ), um sich eine Meinung zu bilden. Im Falle einer R\u00fccksendung des Produkts ist der Kunde verpflichtet, uns den Grund f\u00fcr die R\u00fccksendung mitzuteilen. Wenn er einen Umtausch, eine Gutschrift oder eine R\u00fcckerstattung des Produkts bevorzugt, wird automatisch eine Gutschrift ausgestellt. Senden Sie den\/die neuen Artikel in seiner\/ihrer Originalverpackung, unbesch\u00e4digt und mit allem eventuellen Zubeh\u00f6r an die folgende Adresse zur\u00fcck:<\/p><p><strong>R\u00e9plique Manga Cin\u00e9<\/strong><\/p><p>46 rue des Ifs<\/p><p>27160 Breteuil\/Iton<\/p><p>Im Falle der Aus\u00fcbung des Widerrufsrechts ist R\u00e9plique Manga Cin\u00e9 zur R\u00fcckerstattung der vom Kunden gezahlten Betr\u00e4ge verpflichtet, ohne Kosten, mit Ausnahme der Kosten f\u00fcr die R\u00fccksendung. Die R\u00fcckerstattung oder der Umtausch ist innerhalb von 14 Tagen f\u00e4llig. R\u00fccksendungen mit Umtausch werden per Colissimo suivi durchgef\u00fchrt. Die Kosten f\u00fcr die R\u00fccksendung werden von R\u00e9plique Manga Cin\u00e9 auf der Grundlage des Preises f\u00fcr ein Colissimo suivi erstattet. Wenn unsere Kunden ihr Paket per Einschreiben zur\u00fcckschicken m\u00f6chten, m\u00fcssen sie die zus\u00e4tzlichen Kosten selbst tragen.<\/p><p><strong>Wenn der Kunde ein Produkt zur\u00fcckgibt, das nicht fehlerhaft ist. Da er seine Meinung ge\u00e4ndert hat, wird nur der Preis des Produkts zur\u00fcckerstattet. Die Versandkosten werden nicht erstattet.<\/strong><\/p><p>Wenn Sie das Widerrufsrecht in Anspruch nehmen wollen, m\u00fcssen Sie ein Formular ausf\u00fcllen.<\/p><h3><strong>5. Preis und Zahlung<br \/><\/strong><\/h3><ul><li>Alle Preise sind in Euro inklusive Mehrwertsteuer angegeben.<\/li><li>Der auf den Produktbl\u00e4ttern angegebene Preis enth\u00e4lt keine Transportkosten.<\/li><li>Der in der Auftragsbest\u00e4tigung angegebene Preis ist der endg\u00fcltige Preis, ausgedr\u00fcckt in allen Steuern .<\/li><li>Dieser Preis umfasst den Preis der Produkte, die Kosten f\u00fcr die Handhabung, die Verpackung.<\/li><\/ul><h4><strong>6. Allgemeine Gesch\u00e4ftsbedingungen: Zahlung<\/strong><\/h4><p>Der dem Kunden in Rechnung gestellte Preis ist der Preis, der auf der von R\u00e9plique Manga Cin\u00e9 versandten Auftragsbest\u00e4tigung angegeben ist.<br \/>Dieser Preis f\u00fcr die Produkte ist am Tag der tats\u00e4chlichen Bestellung bar zu zahlen. Die Zahlung erfolgt entweder ausschlie\u00dflich per franz\u00f6sischem Scheck oder per Kreditkarte mit dem K\u00fcrzel CB.<\/p><p>Die sichere Online-Zahlung erm\u00f6glicht es Ihnen, \u00fcber den Bankserver in einer sicheren Umgebung zu bezahlen. Ihre Kreditkartennummer wird also an die Server der Bank weitergeleitet. Ihre Zahlung erfolgt direkt an eine Bank in einer sicheren Umgebung, ohne \u00fcber den Server des Shops zu gehen. Diese Garantie ist umso wichtiger, als Ihre Nummern nur unseren Bankpartnern bekannt sind (Soci\u00e9t\u00e9 G\u00e9n\u00e9rale, Apple Pay, Google Pay, Paypal, Alma und Stripe).<\/p><p>Die vom Kunden best\u00e4tigte Bestellung gilt erst dann als wirksam, wenn die betreffenden Bankzahlungszentren ihre Zustimmung gegeben haben. Im Falle einer Ablehnung durch die genannten Zentren wird die Bestellung automatisch storniert und der Kunde per E-Mail benachrichtigt. Sie k\u00f6nnen Ihre Eink\u00e4ufe auch per Bank\u00fcberweisung bezahlen. Dazu m\u00fcssen Sie lediglich unsere Rib anfordern. Es versteht sich von selbst, dass alle Bankgeb\u00fchren, die sich aus der \u00dcberweisung ergeben, zu Lasten des Kunden gehen.<\/p><p>Dar\u00fcber hinaus beh\u00e4lt sich das Unternehmen R\u00e9plique Manga Cin\u00e9 das Recht vor, jede Bestellung eines Kunden abzulehnen, mit dem ein Rechtsstreit besteht.<\/p><h3><strong>7. Allgemeine Gesch\u00e4ftsbedingungen: R\u00fccksendungen<\/strong><\/h3><p>Gem\u00e4\u00df Artikel L121-16 des Verbraucherschutzgesetzes hat der Kunde ein Widerrufsrecht, das er innerhalb von 14 Tagen ab dem Tag des Erhalts jedes bestellten Produkts aus\u00fcben kann.<\/p><p>Der Kunde ist verpflichtet, per E-Mail (repliquemangacine@gmail.com) oder per Post den Grund f\u00fcr die R\u00fccksendung anzugeben. Denn wenn er einen Umtausch, eine Gutschrift oder eine R\u00fcckerstattung des Produkts vornehmen m\u00f6chte.<\/p><p>Die Kosten f\u00fcr die R\u00fccksendung der Produkte im Rahmen des Widerrufsrechts des Kunden gehen ausschlie\u00dflich zu seinen Lasten.<\/p><p>Die zur\u00fcckgesandten Produkte d\u00fcrfen weder benutzt noch besch\u00e4digt worden sein. Sie m\u00fcssen in ihrer Originalverpackung geliefert werden, die unbesch\u00e4digt und f\u00fcr die Vermarktung geeignet ist. Wenn eine der oben genannten Bedingungen nicht erf\u00fcllt ist, beh\u00e4lt sich R\u00e9plique Manga Cin\u00e9 das Recht vor, die Annahme des Pakets zu verweigern, den Umtausch, die Gutschrift oder die R\u00fcckerstattung des Betrags zu verweigern.<\/p><p><strong>Wenn der Kunde ein Produkt zur\u00fcckgibt, das nicht fehlerhaft ist. Da er seine Meinung ge\u00e4ndert hat, wird nur der Preis des Produkts zur\u00fcckerstattet. Die Versandkosten werden nicht erstattet.<\/strong><\/p><h3><strong>R\u00fccknahmebedingungen :<\/strong><\/h3><ul><li>\u00dcberpr\u00fcfen Sie, ob ALLE Originalzubeh\u00f6rteile, Anleitungen etc. im Paket mit dem Gegenstand enthalten sind.<\/li><li>Bereiten Sie das Paket sorgf\u00e4ltig vor und sch\u00fctzen Sie es, so wie Sie es erhalten haben.<\/li><li><strong>SCHREIBEN SIE NICHTS auf die Originalverpackung.<\/strong><\/li><li>F\u00fcgen Sie ein Schreiben mit Ihren genauen Kontaktdaten, der Bestellnummer und dem Grund f\u00fcr Ihre R\u00fccksendung bei.<\/li><li>Dasselbe gilt, wenn Sie einen Umtausch, eine R\u00fcckerstattung oder eine Gutschrift w\u00fcnschen.<br \/>Adressieren Sie alles an :<\/li><\/ul><p><strong>RMC Coquizart<\/strong><\/p><p>46 rue des Ifs<\/p><p>27160 Breteuil \/ Iton<\/p><p>Sobald wir das Paket erhalten und \u00fcberpr\u00fcft haben, werden wir uns bem\u00fchen, Sie so schnell wie m\u00f6glich zufrieden zu stellen. Jede R\u00fcckerstattung, Gutschrift oder jeder Umtausch wird innerhalb von maximal 14 Tagen f\u00e4llig.<\/p><p>Im Falle eines Fehlers bei der Lieferung einer Bestellung. Der Kunde wird aufgefordert, das\/die bestellte(n) Produkt(e) an R\u00e9plique Manga Cin\u00e9 zur\u00fcckzusenden, zusammen mit dem Beleg f\u00fcr die entstandenen Versandkosten. Die nachgewiesenen Versandkosten werden von dem Unternehmen erstattet, das, sofern der Kunde nicht schriftlich seinen Willen bekundet hat, die Bestellung zu stornieren.<\/p><h3><strong>8. Streitigkeiten<\/strong><\/h3><p>Die vorliegenden Allgemeinen Gesch\u00e4ftsbedingungen unterliegen dem franz\u00f6sischen Recht. Das Unternehmen R\u00e9plique Manga Cin\u00e9 kann nicht f\u00fcr Sch\u00e4den jeglicher Art haftbar gemacht werden. Dies gilt sowohl f\u00fcr materielle als auch f\u00fcr immaterielle oder k\u00f6rperliche Sch\u00e4den, die aus einer Fehlfunktion oder einer falschen Verwendung der vermarkteten Produkte resultieren k\u00f6nnten. Dasselbe gilt f\u00fcr eventuelle \u00c4nderungen der Produkte, die von den Herstellern vorgenommen werden. Die Haftung von R\u00e9plique Manga Cin\u00e9 ist in jedem Fall auf den Betrag der Bestellung beschr\u00e4nkt und kann nicht f\u00fcr einfache Fehler oder Auslassungen, die trotz aller Vorsichtsma\u00dfnahmen bei der Pr\u00e4sentation der Produkte h\u00e4tten bestehen k\u00f6nnen, haftbar gemacht werden.<\/p><p>Im Falle von Schwierigkeiten bei der Anwendung des vorliegenden Vertrags hat der K\u00e4ufer die M\u00f6glichkeit, vor jeder gerichtlichen Klage eine g\u00fctliche L\u00f6sung zu suchen. Insbesondere mit Hilfe: eines Berufsverbands der Branche, eines Verbraucherverbands oder eines anderen Beraters seiner Wahl. Es wird darauf hingewiesen, dass die Suche nach einer g\u00fctlichen L\u00f6sung weder die \"kurze Frist\" der gesetzlichen Garantie noch die Dauer der vertraglichen Garantie unterbricht.<\/p><p>Es wird darauf hingewiesen, dass in der Regel und vorbehaltlich der Beurteilung durch die Gerichte. Die Einhaltung der Bestimmungen des vorliegenden Vertrags \u00fcber die vertragliche Garantie setzt voraus, dass der K\u00e4ufer seine finanziellen Verpflichtungen gegen\u00fcber dem Verk\u00e4ufer erf\u00fcllt. Reklamationen oder Beanstandungen werden stets mit aufmerksamem Wohlwollen entgegengenommen. Da der gute Glaube immer bei demjenigen vermutet wird, der sich die M\u00fche macht, seine Situationen darzulegen. Im Streitfall wendet sich der Kunde zun\u00e4chst an das Unternehmen, um eine g\u00fctliche Einigung zu erzielen. Andernfalls kann der Kunde zus\u00e4tzlich zu einem der nach der Zivilprozessordnung \u00f6rtlich zust\u00e4ndigen Gerichte auch das Gericht an dem Ort anrufen, an dem er zum Zeitpunkt des Vertragsabschlusses seinen Wohnsitz hatte.<\/p><h3><strong>9. Garantie<\/strong><\/h3><p>In jedem Fall hat der Kunde Anspruch auf die gesetzliche Garantie f\u00fcr die Ver\u00e4u\u00dferung und versteckte M\u00e4ngel (Art.1625 ff. des B\u00fcrgerlichen Gesetzbuches). Unter der Voraussetzung, dass der K\u00e4ufer den Beweis f\u00fcr den verborgenen Mangel erbringt, ist der Verk\u00e4ufer gesetzlich verpflichtet, alle Folgen zu beheben (Art. 1641 ff. des B\u00fcrgerlichen Gesetzbuchs). Wenn sich der K\u00e4ufer an die Gerichte wendet, muss er dies innerhalb einer \"kurzen Frist\" ab der Entdeckung des versteckten Mangels tun (Art. 1648 des Zivilgesetzbuchs). Sie k\u00f6nnen den Kundenservice 5 Tage die Woche (Montag bis Freitag) per E-Mail unter repliquemangacine@gmail.com kontaktieren.<\/p><h3><strong>10.Rechtliche Informationen<\/strong><\/h3><p>Die Angabe der zum Zwecke des Fernabsatzes erhobenen namentlichen Informationen ist obligatorisch. Diese Informationen sind f\u00fcr die Bearbeitung und den Versand der Bestellungen, die Erstellung von Rechnungen und Garantievertr\u00e4gen unerl\u00e4sslich. Die Nichtangabe von Informationen f\u00fchrt zur Nichtbest\u00e4tigung der Bestellung. Gem\u00e4\u00df dem Gesetz \"Informatique et Libert\u00e9s\" (Informatik und Freiheiten) wurde die Verarbeitung der namentlichen Kundeninformationen bei der Commission Nationale de l'Informatique et des Libert\u00e9s (CNIL) angemeldet. Der Kunde verf\u00fcgt (Artikel 34 des Gesetzes vom 6. Januar 1978) \u00fcber ein Recht auf Zugang, \u00c4nderung, Berichtigung und L\u00f6schung der ihn betreffenden Daten, das er bei R\u00e9plique Manga Cin\u00e9 aus\u00fcben kann. Dar\u00fcber hinaus verpflichtet sich R\u00e9plique Manga Cin\u00e9, die Kontaktdaten seiner Kunden weder kostenlos noch mit einer Gegenleistung an Dritte weiterzugeben.<\/p>\t\t\t\t\t\t\t\t<\/div>\n\t\t\t\t<\/div>\n\t\t\t\t\t<\/div>\n\t\t<\/div>\n\t\t\t\t\t<\/div>\n\t\t<\/section>\n\t\t\t\t<\/div>","protected":false},"excerpt":{"rendered":"<p>Conditions g\u00e9n\u00e9rales de Ventes D\u2019abord voici nos Conditions g\u00e9n\u00e9rales de Ventes. Le site est la propri\u00e9t\u00e9 de\u00a0R\u00e9plique Manga Cin\u00e9\u00a0en sa totalit\u00e9, ainsi que l\u2019ensemble des droits y aff\u00e9rents. Toute reproduction, int\u00e9grale ou partielle, est syst\u00e9matiquement soumise a l\u2019autorisation des propri\u00e9taires. RMC Coquizart 46 rue des Ifs 27160 Breteuil sur Iton Tel: 02.27.34.24.06 \u2013 De 10h [&hellip;]<\/p>\n","protected":false},"author":0,"featured_media":0,"parent":0,"menu_order":0,"comment_status":"closed","ping_status":"closed","template":"","meta":{"footnotes":""},"class_list":["post-42","page","type-page","status-publish","hentry"],"yoast_head":"<!-- This site is optimized with the Yoast SEO plugin v27.5 - https:\/\/yoast.com\/product\/yoast-seo-wordpress\/ -->\n<title>CGV - R\u00e9plique Manga Cin\u00e9<\/title>\n<meta name=\"description\" content=\"Retrouvez nos CGV (conditions g\u00e9n\u00e9rales de vente) dont vous auriez besoin pour mieux nous connaitre. Commandes, Retours, garantie ...\" \/>\n<meta name=\"robots\" content=\"index, follow, max-snippet:-1, max-image-preview:large, max-video-preview:-1\" \/>\n<link rel=\"canonical\" href=\"https:\/\/repliquemangacine.fr\/de\/allgemeine-geschaftsbedingungen-cgv\/\" \/>\n<meta property=\"og:locale\" content=\"de_DE\" \/>\n<meta property=\"og:type\" content=\"article\" \/>\n<meta property=\"og:title\" content=\"CGV - R\u00e9plique Manga Cin\u00e9\" \/>\n<meta property=\"og:description\" content=\"Retrouvez nos CGV (conditions g\u00e9n\u00e9rales de vente) dont vous auriez besoin pour mieux nous connaitre. Commandes, Retours, garantie ...\" \/>\n<meta property=\"og:url\" content=\"https:\/\/repliquemangacine.fr\/de\/allgemeine-geschaftsbedingungen-cgv\/\" \/>\n<meta property=\"og:site_name\" content=\"R\u00e9plique Manga Cin\u00e9\" \/>\n<meta property=\"article:publisher\" content=\"https:\/\/www.facebook.com\/RepliqueMangaCine\" \/>\n<meta property=\"article:modified_time\" content=\"2025-04-16T11:29:54+00:00\" \/>\n<meta property=\"og:image\" content=\"https:\/\/repliquemangacine.fr\/wp-content\/uploads\/2023\/10\/RMC-500250.png\" \/>\n\t<meta property=\"og:image:width\" content=\"500\" \/>\n\t<meta property=\"og:image:height\" content=\"250\" \/>\n\t<meta property=\"og:image:type\" content=\"image\/png\" \/>\n<meta name=\"twitter:card\" content=\"summary_large_image\" \/>\n<meta name=\"twitter:label1\" content=\"Gesch\u00e4tzte Lesezeit\" \/>\n\t<meta name=\"twitter:data1\" content=\"11\u00a0Minuten\" \/>\n<script type=\"application\/ld+json\" class=\"yoast-schema-graph\">{\"@context\":\"https:\\\/\\\/schema.org\",\"@graph\":[{\"@type\":\"WebPage\",\"@id\":\"https:\\\/\\\/repliquemangacine.fr\\\/conditions-generales-de-ventes-cgv\\\/\",\"url\":\"https:\\\/\\\/repliquemangacine.fr\\\/conditions-generales-de-ventes-cgv\\\/\",\"name\":\"CGV - R\u00e9plique Manga Cin\u00e9\",\"isPartOf\":{\"@id\":\"https:\\\/\\\/repliquemangacine.fr\\\/#website\"},\"datePublished\":\"2023-10-08T22:03:07+00:00\",\"dateModified\":\"2025-04-16T11:29:54+00:00\",\"description\":\"Retrouvez nos CGV (conditions g\u00e9n\u00e9rales de vente) dont vous auriez besoin pour mieux nous connaitre. Commandes, Retours, garantie ...\",\"breadcrumb\":{\"@id\":\"https:\\\/\\\/repliquemangacine.fr\\\/conditions-generales-de-ventes-cgv\\\/#breadcrumb\"},\"inLanguage\":\"de\",\"potentialAction\":[{\"@type\":\"ReadAction\",\"target\":[\"https:\\\/\\\/repliquemangacine.fr\\\/conditions-generales-de-ventes-cgv\\\/\"]}]},{\"@type\":\"BreadcrumbList\",\"@id\":\"https:\\\/\\\/repliquemangacine.fr\\\/conditions-generales-de-ventes-cgv\\\/#breadcrumb\",\"itemListElement\":[{\"@type\":\"ListItem\",\"position\":1,\"name\":\"Accueil\",\"item\":\"https:\\\/\\\/repliquemangacine.fr\\\/\"},{\"@type\":\"ListItem\",\"position\":2,\"name\":\"CGV\"}]},{\"@type\":\"WebSite\",\"@id\":\"https:\\\/\\\/repliquemangacine.fr\\\/#website\",\"url\":\"https:\\\/\\\/repliquemangacine.fr\\\/\",\"name\":\"R\u00e9plique Manga Cin\u00e9\",\"description\":\"\",\"publisher\":{\"@id\":\"https:\\\/\\\/repliquemangacine.fr\\\/#organization\"},\"potentialAction\":[{\"@type\":\"SearchAction\",\"target\":{\"@type\":\"EntryPoint\",\"urlTemplate\":\"https:\\\/\\\/repliquemangacine.fr\\\/?s={search_term_string}\"},\"query-input\":{\"@type\":\"PropertyValueSpecification\",\"valueRequired\":true,\"valueName\":\"search_term_string\"}}],\"inLanguage\":\"de\"},{\"@type\":\"Organization\",\"@id\":\"https:\\\/\\\/repliquemangacine.fr\\\/#organization\",\"name\":\"R\u00e9plique Manga Cin\u00e9\",\"url\":\"https:\\\/\\\/repliquemangacine.fr\\\/\",\"logo\":{\"@type\":\"ImageObject\",\"inLanguage\":\"de\",\"@id\":\"https:\\\/\\\/repliquemangacine.fr\\\/#\\\/schema\\\/logo\\\/image\\\/\",\"url\":\"https:\\\/\\\/repliquemangacine.fr\\\/wp-content\\\/uploads\\\/2023\\\/10\\\/RMC-500250.png\",\"contentUrl\":\"https:\\\/\\\/repliquemangacine.fr\\\/wp-content\\\/uploads\\\/2023\\\/10\\\/RMC-500250.png\",\"width\":500,\"height\":250,\"caption\":\"R\u00e9plique Manga Cin\u00e9\"},\"image\":{\"@id\":\"https:\\\/\\\/repliquemangacine.fr\\\/#\\\/schema\\\/logo\\\/image\\\/\"},\"sameAs\":[\"https:\\\/\\\/www.facebook.com\\\/RepliqueMangaCine\",\"https:\\\/\\\/www.instagram.com\\\/repliquemangacine.fr\\\/\"]}]}<\/script>\n<!-- \/ Yoast SEO plugin. -->","yoast_head_json":{"title":"AGB - R\u00e9plique Manga Cin\u00e9","description":"Hier finden Sie unsere AGB (Allgemeine Gesch\u00e4ftsbedingungen), die Sie ben\u00f6tigen, um uns besser kennen zu lernen. Bestellungen, R\u00fccksendungen, Garantie ...","robots":{"index":"index","follow":"follow","max-snippet":"max-snippet:-1","max-image-preview":"max-image-preview:large","max-video-preview":"max-video-preview:-1"},"canonical":"https:\/\/repliquemangacine.fr\/de\/allgemeine-geschaftsbedingungen-cgv\/","og_locale":"de_DE","og_type":"article","og_title":"CGV - R\u00e9plique Manga Cin\u00e9","og_description":"Retrouvez nos CGV (conditions g\u00e9n\u00e9rales de vente) dont vous auriez besoin pour mieux nous connaitre. Commandes, Retours, garantie ...","og_url":"https:\/\/repliquemangacine.fr\/de\/allgemeine-geschaftsbedingungen-cgv\/","og_site_name":"R\u00e9plique Manga Cin\u00e9","article_publisher":"https:\/\/www.facebook.com\/RepliqueMangaCine","article_modified_time":"2025-04-16T11:29:54+00:00","og_image":[{"width":500,"height":250,"url":"https:\/\/repliquemangacine.fr\/wp-content\/uploads\/2023\/10\/RMC-500250.png","type":"image\/png"}],"twitter_card":"summary_large_image","twitter_misc":{"Gesch\u00e4tzte Lesezeit":"11\u00a0Minuten"},"schema":{"@context":"https:\/\/schema.org","@graph":[{"@type":"WebPage","@id":"https:\/\/repliquemangacine.fr\/conditions-generales-de-ventes-cgv\/","url":"https:\/\/repliquemangacine.fr\/conditions-generales-de-ventes-cgv\/","name":"AGB - R\u00e9plique Manga Cin\u00e9","isPartOf":{"@id":"https:\/\/repliquemangacine.fr\/#website"},"datePublished":"2023-10-08T22:03:07+00:00","dateModified":"2025-04-16T11:29:54+00:00","description":"Hier finden Sie unsere AGB (Allgemeine Gesch\u00e4ftsbedingungen), die Sie ben\u00f6tigen, um uns besser kennen zu lernen. Bestellungen, R\u00fccksendungen, Garantie ...","breadcrumb":{"@id":"https:\/\/repliquemangacine.fr\/conditions-generales-de-ventes-cgv\/#breadcrumb"},"inLanguage":"de","potentialAction":[{"@type":"ReadAction","target":["https:\/\/repliquemangacine.fr\/conditions-generales-de-ventes-cgv\/"]}]},{"@type":"BreadcrumbList","@id":"https:\/\/repliquemangacine.fr\/conditions-generales-de-ventes-cgv\/#breadcrumb","itemListElement":[{"@type":"ListItem","position":1,"name":"Accueil","item":"https:\/\/repliquemangacine.fr\/"},{"@type":"ListItem","position":2,"name":"CGV"}]},{"@type":"WebSite","@id":"https:\/\/repliquemangacine.fr\/#website","url":"https:\/\/repliquemangacine.fr\/","name":"R\u00e9plique Manga Cin\u00e9","description":"","publisher":{"@id":"https:\/\/repliquemangacine.fr\/#organization"},"potentialAction":[{"@type":"SearchAction","target":{"@type":"EntryPoint","urlTemplate":"https:\/\/repliquemangacine.fr\/?s={search_term_string}"},"query-input":{"@type":"PropertyValueSpecification","valueRequired":true,"valueName":"search_term_string"}}],"inLanguage":"de"},{"@type":"Organization","@id":"https:\/\/repliquemangacine.fr\/#organization","name":"R\u00e9plique Manga Cin\u00e9","url":"https:\/\/repliquemangacine.fr\/","logo":{"@type":"ImageObject","inLanguage":"de","@id":"https:\/\/repliquemangacine.fr\/#\/schema\/logo\/image\/","url":"https:\/\/repliquemangacine.fr\/wp-content\/uploads\/2023\/10\/RMC-500250.png","contentUrl":"https:\/\/repliquemangacine.fr\/wp-content\/uploads\/2023\/10\/RMC-500250.png","width":500,"height":250,"caption":"R\u00e9plique Manga Cin\u00e9"},"image":{"@id":"https:\/\/repliquemangacine.fr\/#\/schema\/logo\/image\/"},"sameAs":["https:\/\/www.facebook.com\/RepliqueMangaCine","https:\/\/www.instagram.com\/repliquemangacine.fr\/"]}]}},"_links":{"self":[{"href":"https:\/\/repliquemangacine.fr\/de\/wp-json\/wp\/v2\/pages\/42","targetHints":{"allow":["GET"]}}],"collection":[{"href":"https:\/\/repliquemangacine.fr\/de\/wp-json\/wp\/v2\/pages"}],"about":[{"href":"https:\/\/repliquemangacine.fr\/de\/wp-json\/wp\/v2\/types\/page"}],"replies":[{"embeddable":true,"href":"https:\/\/repliquemangacine.fr\/de\/wp-json\/wp\/v2\/comments?post=42"}],"version-history":[{"count":5,"href":"https:\/\/repliquemangacine.fr\/de\/wp-json\/wp\/v2\/pages\/42\/revisions"}],"predecessor-version":[{"id":83587,"href":"https:\/\/repliquemangacine.fr\/de\/wp-json\/wp\/v2\/pages\/42\/revisions\/83587"}],"wp:attachment":[{"href":"https:\/\/repliquemangacine.fr\/de\/wp-json\/wp\/v2\/media?parent=42"}],"curies":[{"name":"wp","href":"https:\/\/api.w.org\/{rel}","templated":true}]}}